{"id":30372,"date":"2020-08-26T08:54:55","date_gmt":"2020-08-26T08:54:55","guid":{"rendered":"https:\/\/yoestudiosalud.es\/producto\/curette-gracey-3-4-silver\/"},"modified":"2025-04-10T17:00:18","modified_gmt":"2025-04-10T17:00:18","slug":"curette-gracey-3-4-silver","status":"publish","type":"product","link":"https:\/\/yoestudiosalud.es\/fr\/produit\/curette-gracey-3-4-silver\/","title":{"rendered":"CURETTE GRACEY 3\/4 SILVER"},"content":{"rendered":"<p data-sourcepos=\"1:1-1:441\">La curette Gracey Silver 3\/4 de Hu-Friedy, avec une conception sp\u00e9cifique \u00e0 la zone pour les d\u00e9tartrages profonds et le surfa\u00e7age radiculaire. L&#8217;inclinaison de la lame offre un angle de travail parfait pour chaque surface dentaire, ce qui signifie que seul le bord tranchant inf\u00e9rieur est utilis\u00e9. La curette Gracey 3\/4 \u00e0 contre-angle moyen est particuli\u00e8rement adapt\u00e9e au d\u00e9tartrage et au nettoyage des dents ant\u00e9rieures et des pr\u00e9molaires.<\/p>\n<p data-sourcepos=\"3:1-3:349\">En d&#8217;autres termes, les curettes Gracey de Silver by Hu-Friedy sont des outils de diagnostic et de traitement utilis\u00e9s en odontologie pour le d\u00e9tartrage et le surfa\u00e7age radiculaire. Leur conception sp\u00e9cifique permet d&#8217;acc\u00e9der \u00e0 diff\u00e9rentes zones de la bouche et d&#8217;\u00e9liminer le tartre et la plaque bact\u00e9rienne des surfaces radiculaires avec pr\u00e9cision.<\/p>\n<p data-sourcepos=\"5:1-5:282\">Concr\u00e8tement, la curette Gracey Silver 3\/4 a une forme unique avec une lame en forme de faucille qui permet d&#8217;acc\u00e9der aux surfaces radiculaires sans endommager les tissus mous. De plus, elle poss\u00e8de une pointe ac\u00e9r\u00e9e pour l&#8217;\u00e9limination pr\u00e9cise du tartre et de la plaque bact\u00e9rienne.<\/p>\n<p data-sourcepos=\"7:1-7:456\">C&#8217;est pourquoi les professionnels dentaires utilisent les curettes Gracey Silver by Hu-Friedy pour traiter la maladie parodontale qui affecte les gencives et les tissus de soutien des dents et peut entra\u00eener leur perte. L&#8217;utilisation de ces curettes lors du d\u00e9tartrage et du surfa\u00e7age radiculaire \u00e9limine le tartre et la plaque bact\u00e9rienne des surfaces radiculaires, ce qui r\u00e9duit l&#8217;inflammation et le saignement des gencives et pr\u00e9vient la perte de dents.<\/p>\n<p data-sourcepos=\"9:1-9:267\">Les curettes Gracey de Silver sont fabriqu\u00e9es en acier inoxydable de haute qualit\u00e9 et sont durables et r\u00e9sistantes \u00e0 la corrosion. De plus, ces curettes sont disponibles dans une vari\u00e9t\u00e9 de tailles et de conceptions pour s&#8217;adapter aux diff\u00e9rents besoins des patients.<\/p>\n<p data-sourcepos=\"11:1-11:429\">Les curettes Gracey de Silver by Hu-Friedy sont des outils essentiels dans le traitement de la maladie parodontale. Leur conception sp\u00e9cifique et leur pr\u00e9cision dans l&#8217;\u00e9limination du tartre et de la plaque bact\u00e9rienne des surfaces radiculaires en font un choix id\u00e9al pour les professionnels dentaires. L&#8217;utilisation appropri\u00e9e de ces curettes peut aider \u00e0 pr\u00e9venir la perte de dents et \u00e0 maintenir une bonne sant\u00e9 bucco-dentaire.<\/p>\n","protected":false},"excerpt":{"rendered":"<p>Curette Gracey Silver 3\/4 \u00e0 contre-angle court pour une utilisation particuli\u00e8re lors du d\u00e9tartrage et du nettoyage des incisives et des canines de la r\u00e9gion ant\u00e9rieure.<\/p>\n","protected":false},"featured_media":30374,"template":"","meta":[],"product_brand":[],"product_cat":[712],"product_tag":[],"class_list":{"0":"post-30372","1":"product","2":"type-product","3":"status-publish","4":"has-post-thumbnail","6":"product_cat-periodontie-fr","7":"pa_formacion-odontologia-fr","9":"first","10":"onbackorder","11":"sale","12":"taxable","13":"shipping-taxable","14":"purchasable","15":"product-type-simple"},"yoast_head":"<!-- This site is optimized with the Yoast SEO Premium plugin v27.0 (Yoast SEO v27.4) - https:\/\/yoast.com\/product\/yoast-seo-premium-wordpress\/ -->\n<title>CURETTE GRACEY 3\/4 SILVER - yoestudiosalud.es<\/title>\n<meta name=\"description\" content=\"Curette Gracey Silver 3\/4 \u00e0 contre-angle court pour une utilisation particuli\u00e8re lors du d\u00e9tartrage et du nettoyage des incisives et des canines de la r\u00e9gion ant\u00e9rieure.\" \/>\n<meta name=\"robots\" content=\"index, follow, max-snippet:-1, max-image-preview:large, max-video-preview:-1\" \/>\n<link rel=\"canonical\" href=\"https:\/\/yoestudiosalud.es\/fr\/produit\/curette-gracey-3-4-silver\/\" \/>\n<meta property=\"og:locale\" content=\"fr_FR\" \/>\n<meta property=\"og:type\" content=\"article\" \/>\n<meta property=\"og:title\" content=\"CURETTE GRACEY 3\/4 SILVER\" \/>\n<meta property=\"og:description\" content=\"Curette Gracey Silver 3\/4 \u00e0 contre-angle court pour une utilisation particuli\u00e8re lors du d\u00e9tartrage et du nettoyage des incisives et des canines de la r\u00e9gion ant\u00e9rieure.\" \/>\n<meta property=\"og:url\" content=\"https:\/\/yoestudiosalud.es\/fr\/produit\/curette-gracey-3-4-silver\/\" \/>\n<meta property=\"og:site_name\" content=\"yoestudiosalud.es\" \/>\n<meta property=\"article:modified_time\" content=\"2025-04-10T17:00:18+00:00\" \/>\n<meta property=\"og:image\" content=\"https:\/\/yoestudiosalud.es\/wp-content\/uploads\/2020\/08\/000521B.jpg\" \/>\n\t<meta property=\"og:image:width\" content=\"650\" \/>\n\t<meta property=\"og:image:height\" content=\"650\" \/>\n\t<meta property=\"og:image:type\" content=\"image\/jpeg\" \/>\n<meta name=\"twitter:card\" content=\"summary_large_image\" \/>\n<meta name=\"twitter:label1\" content=\"Dur\u00e9e de lecture estim\u00e9e\" \/>\n\t<meta name=\"twitter:data1\" content=\"2 minutes\" \/>\n<script type=\"application\/ld+json\" class=\"yoast-schema-graph\">{\"@context\":\"https:\\\/\\\/schema.org\",\"@graph\":[{\"@type\":\"WebPage\",\"@id\":\"https:\\\/\\\/yoestudiosalud.es\\\/fr\\\/produit\\\/curette-gracey-3-4-silver\\\/\",\"url\":\"https:\\\/\\\/yoestudiosalud.es\\\/fr\\\/produit\\\/curette-gracey-3-4-silver\\\/\",\"name\":\"CURETTE GRACEY 3\\\/4 SILVER - yoestudiosalud.es\",\"isPartOf\":{\"@id\":\"https:\\\/\\\/yoestudiosalud.es\\\/en\\\/#website\"},\"primaryImageOfPage\":{\"@id\":\"https:\\\/\\\/yoestudiosalud.es\\\/fr\\\/produit\\\/curette-gracey-3-4-silver\\\/#primaryimage\"},\"image\":{\"@id\":\"https:\\\/\\\/yoestudiosalud.es\\\/fr\\\/produit\\\/curette-gracey-3-4-silver\\\/#primaryimage\"},\"thumbnailUrl\":\"https:\\\/\\\/yoestudiosalud.es\\\/wp-content\\\/uploads\\\/2020\\\/08\\\/000521B.jpg\",\"datePublished\":\"2020-08-26T08:54:55+00:00\",\"dateModified\":\"2025-04-10T17:00:18+00:00\",\"description\":\"Curette Gracey Silver 3\\\/4 \u00e0 contre-angle court pour une utilisation particuli\u00e8re lors du d\u00e9tartrage et du nettoyage des incisives et des canines de la r\u00e9gion ant\u00e9rieure.\",\"breadcrumb\":{\"@id\":\"https:\\\/\\\/yoestudiosalud.es\\\/fr\\\/produit\\\/curette-gracey-3-4-silver\\\/#breadcrumb\"},\"inLanguage\":\"fr-FR\",\"potentialAction\":[{\"@type\":\"ReadAction\",\"target\":[\"https:\\\/\\\/yoestudiosalud.es\\\/fr\\\/produit\\\/curette-gracey-3-4-silver\\\/\"]}]},{\"@type\":\"ImageObject\",\"inLanguage\":\"fr-FR\",\"@id\":\"https:\\\/\\\/yoestudiosalud.es\\\/fr\\\/produit\\\/curette-gracey-3-4-silver\\\/#primaryimage\",\"url\":\"https:\\\/\\\/yoestudiosalud.es\\\/wp-content\\\/uploads\\\/2020\\\/08\\\/000521B.jpg\",\"contentUrl\":\"https:\\\/\\\/yoestudiosalud.es\\\/wp-content\\\/uploads\\\/2020\\\/08\\\/000521B.jpg\",\"width\":650,\"height\":650},{\"@type\":\"BreadcrumbList\",\"@id\":\"https:\\\/\\\/yoestudiosalud.es\\\/fr\\\/produit\\\/curette-gracey-3-4-silver\\\/#breadcrumb\",\"itemListElement\":[{\"@type\":\"ListItem\",\"position\":1,\"name\":\"Portada\",\"item\":\"https:\\\/\\\/yoestudiosalud.es\\\/fr\\\/\"},{\"@type\":\"ListItem\",\"position\":2,\"name\":\"Boutique\",\"item\":\"https:\\\/\\\/yoestudiosalud.es\\\/fr\\\/boutique\\\/\"},{\"@type\":\"ListItem\",\"position\":3,\"name\":\"CURETTE GRACEY 3\\\/4 SILVER\"}]},{\"@type\":\"WebSite\",\"@id\":\"https:\\\/\\\/yoestudiosalud.es\\\/en\\\/#website\",\"url\":\"https:\\\/\\\/yoestudiosalud.es\\\/en\\\/\",\"name\":\"yoestudiosalud.es\",\"description\":\"Material para estudiantes del sector salud\",\"publisher\":{\"@id\":\"https:\\\/\\\/yoestudiosalud.es\\\/en\\\/#organization\"},\"potentialAction\":[{\"@type\":\"SearchAction\",\"target\":{\"@type\":\"EntryPoint\",\"urlTemplate\":\"https:\\\/\\\/yoestudiosalud.es\\\/en\\\/?s={search_term_string}\"},\"query-input\":{\"@type\":\"PropertyValueSpecification\",\"valueRequired\":true,\"valueName\":\"search_term_string\"}}],\"inLanguage\":\"fr-FR\"},{\"@type\":\"Organization\",\"@id\":\"https:\\\/\\\/yoestudiosalud.es\\\/en\\\/#organization\",\"name\":\"yoestudiosalud.es\",\"url\":\"https:\\\/\\\/yoestudiosalud.es\\\/en\\\/\",\"logo\":{\"@type\":\"ImageObject\",\"inLanguage\":\"fr-FR\",\"@id\":\"https:\\\/\\\/yoestudiosalud.es\\\/en\\\/#\\\/schema\\\/logo\\\/image\\\/\",\"url\":\"https:\\\/\\\/yoestudiosalud.es\\\/wp-content\\\/uploads\\\/2020\\\/04\\\/logonew-e1698080827687.png\",\"contentUrl\":\"https:\\\/\\\/yoestudiosalud.es\\\/wp-content\\\/uploads\\\/2020\\\/04\\\/logonew-e1698080827687.png\",\"width\":421,\"height\":393,\"caption\":\"yoestudiosalud.es\"},\"image\":{\"@id\":\"https:\\\/\\\/yoestudiosalud.es\\\/en\\\/#\\\/schema\\\/logo\\\/image\\\/\"}}]}<\/script>\n<!-- \/ Yoast SEO Premium plugin. -->","yoast_head_json":{"title":"CURETTE GRACEY 3\/4 SILVER - yoestudiosalud.es","description":"Curette Gracey Silver 3\/4 \u00e0 contre-angle court pour une utilisation particuli\u00e8re lors du d\u00e9tartrage et du nettoyage des incisives et des canines de la r\u00e9gion ant\u00e9rieure.","robots":{"index":"index","follow":"follow","max-snippet":"max-snippet:-1","max-image-preview":"max-image-preview:large","max-video-preview":"max-video-preview:-1"},"canonical":"https:\/\/yoestudiosalud.es\/fr\/produit\/curette-gracey-3-4-silver\/","og_locale":"fr_FR","og_type":"article","og_title":"CURETTE GRACEY 3\/4 SILVER","og_description":"Curette Gracey Silver 3\/4 \u00e0 contre-angle court pour une utilisation particuli\u00e8re lors du d\u00e9tartrage et du nettoyage des incisives et des canines de la r\u00e9gion ant\u00e9rieure.","og_url":"https:\/\/yoestudiosalud.es\/fr\/produit\/curette-gracey-3-4-silver\/","og_site_name":"yoestudiosalud.es","article_modified_time":"2025-04-10T17:00:18+00:00","og_image":[{"width":650,"height":650,"url":"https:\/\/yoestudiosalud.es\/wp-content\/uploads\/2020\/08\/000521B.jpg","type":"image\/jpeg"}],"twitter_card":"summary_large_image","twitter_misc":{"Dur\u00e9e de lecture estim\u00e9e":"2 minutes"},"schema":{"@context":"https:\/\/schema.org","@graph":[{"@type":"WebPage","@id":"https:\/\/yoestudiosalud.es\/fr\/produit\/curette-gracey-3-4-silver\/","url":"https:\/\/yoestudiosalud.es\/fr\/produit\/curette-gracey-3-4-silver\/","name":"CURETTE GRACEY 3\/4 SILVER - yoestudiosalud.es","isPartOf":{"@id":"https:\/\/yoestudiosalud.es\/en\/#website"},"primaryImageOfPage":{"@id":"https:\/\/yoestudiosalud.es\/fr\/produit\/curette-gracey-3-4-silver\/#primaryimage"},"image":{"@id":"https:\/\/yoestudiosalud.es\/fr\/produit\/curette-gracey-3-4-silver\/#primaryimage"},"thumbnailUrl":"https:\/\/yoestudiosalud.es\/wp-content\/uploads\/2020\/08\/000521B.jpg","datePublished":"2020-08-26T08:54:55+00:00","dateModified":"2025-04-10T17:00:18+00:00","description":"Curette Gracey Silver 3\/4 \u00e0 contre-angle court pour une utilisation particuli\u00e8re lors du d\u00e9tartrage et du nettoyage des incisives et des canines de la r\u00e9gion ant\u00e9rieure.","breadcrumb":{"@id":"https:\/\/yoestudiosalud.es\/fr\/produit\/curette-gracey-3-4-silver\/#breadcrumb"},"inLanguage":"fr-FR","potentialAction":[{"@type":"ReadAction","target":["https:\/\/yoestudiosalud.es\/fr\/produit\/curette-gracey-3-4-silver\/"]}]},{"@type":"ImageObject","inLanguage":"fr-FR","@id":"https:\/\/yoestudiosalud.es\/fr\/produit\/curette-gracey-3-4-silver\/#primaryimage","url":"https:\/\/yoestudiosalud.es\/wp-content\/uploads\/2020\/08\/000521B.jpg","contentUrl":"https:\/\/yoestudiosalud.es\/wp-content\/uploads\/2020\/08\/000521B.jpg","width":650,"height":650},{"@type":"BreadcrumbList","@id":"https:\/\/yoestudiosalud.es\/fr\/produit\/curette-gracey-3-4-silver\/#breadcrumb","itemListElement":[{"@type":"ListItem","position":1,"name":"Portada","item":"https:\/\/yoestudiosalud.es\/fr\/"},{"@type":"ListItem","position":2,"name":"Boutique","item":"https:\/\/yoestudiosalud.es\/fr\/boutique\/"},{"@type":"ListItem","position":3,"name":"CURETTE GRACEY 3\/4 SILVER"}]},{"@type":"WebSite","@id":"https:\/\/yoestudiosalud.es\/en\/#website","url":"https:\/\/yoestudiosalud.es\/en\/","name":"yoestudiosalud.es","description":"Material para estudiantes del sector salud","publisher":{"@id":"https:\/\/yoestudiosalud.es\/en\/#organization"},"potentialAction":[{"@type":"SearchAction","target":{"@type":"EntryPoint","urlTemplate":"https:\/\/yoestudiosalud.es\/en\/?s={search_term_string}"},"query-input":{"@type":"PropertyValueSpecification","valueRequired":true,"valueName":"search_term_string"}}],"inLanguage":"fr-FR"},{"@type":"Organization","@id":"https:\/\/yoestudiosalud.es\/en\/#organization","name":"yoestudiosalud.es","url":"https:\/\/yoestudiosalud.es\/en\/","logo":{"@type":"ImageObject","inLanguage":"fr-FR","@id":"https:\/\/yoestudiosalud.es\/en\/#\/schema\/logo\/image\/","url":"https:\/\/yoestudiosalud.es\/wp-content\/uploads\/2020\/04\/logonew-e1698080827687.png","contentUrl":"https:\/\/yoestudiosalud.es\/wp-content\/uploads\/2020\/04\/logonew-e1698080827687.png","width":421,"height":393,"caption":"yoestudiosalud.es"},"image":{"@id":"https:\/\/yoestudiosalud.es\/en\/#\/schema\/logo\/image\/"}}]}},"_links":{"self":[{"href":"https:\/\/yoestudiosalud.es\/fr\/wp-json\/wp\/v2\/product\/30372","targetHints":{"allow":["GET"]}}],"collection":[{"href":"https:\/\/yoestudiosalud.es\/fr\/wp-json\/wp\/v2\/product"}],"about":[{"href":"https:\/\/yoestudiosalud.es\/fr\/wp-json\/wp\/v2\/types\/product"}],"wp:featuredmedia":[{"embeddable":true,"href":"https:\/\/yoestudiosalud.es\/fr\/wp-json\/wp\/v2\/media\/30374"}],"wp:attachment":[{"href":"https:\/\/yoestudiosalud.es\/fr\/wp-json\/wp\/v2\/media?parent=30372"}],"wp:term":[{"taxonomy":"product_brand","embeddable":true,"href":"https:\/\/yoestudiosalud.es\/fr\/wp-json\/wp\/v2\/product_brand?post=30372"},{"taxonomy":"product_cat","embeddable":true,"href":"https:\/\/yoestudiosalud.es\/fr\/wp-json\/wp\/v2\/product_cat?post=30372"},{"taxonomy":"product_tag","embeddable":true,"href":"https:\/\/yoestudiosalud.es\/fr\/wp-json\/wp\/v2\/product_tag?post=30372"}],"curies":[{"name":"wp","href":"https:\/\/api.w.org\/{rel}","templated":true}]}}