{"id":30084,"date":"2022-01-19T14:47:22","date_gmt":"2022-01-19T14:47:22","guid":{"rendered":"https:\/\/yoestudiosalud.es\/producto\/pyjamas-sanitaires-blancs-unisexes\/"},"modified":"2025-06-25T22:25:57","modified_gmt":"2025-06-25T20:25:57","slug":"pyjamas-sanitaires-blancs-unisexes","status":"publish","type":"product","link":"https:\/\/yoestudiosalud.es\/fr\/produit\/pyjamas-sanitaires-blancs-unisexes\/","title":{"rendered":"PYJAMAS SANITAIRES BLANCS UNISEXES"},"content":{"rendered":"<p>Pyjamas sanitaires blancs unisexes conformes aux sp\u00e9cifications et aux exigences des universit\u00e9s.<\/p>\n<p>Coupe confortable, col en V, fentes lat\u00e9rales et trois poches plaqu\u00e9es. Le large \u00e9ventail de tailles disponibles en fait l&#8217;uniforme m\u00e9dical id\u00e9al pour les \u00e9tudiants de tous les secteurs de la m\u00e9decine.\u00a0 Test\u00e9 par des \u00e9tudiants en m\u00e9decine dentaire et en soins infirmiers de toute l&#8217;Espagne, votre satisfaction est notre gage de qualit\u00e9.<\/p>\n<p>Pour choisir votre pyjama hygi\u00e9nique id\u00e9al, nous vous recommandons de rechercher votre taille dans le tableau ci-dessous.<\/p>\n<table width=\"1308\">\n<tbody>\n<tr class=\"odd\">\n<td class=\"\" colspan=\"2\">Taille am\u00e9ricaine<\/td>\n<td class=\"\" colspan=\"2\">\n<div><strong>XS<\/strong><\/div>\n<\/td>\n<td class=\"\" colspan=\"2\">\n<div><strong>S<\/strong><\/div>\n<\/td>\n<td class=\"\" colspan=\"2\">\n<div><strong>M<\/strong><\/div>\n<\/td>\n<td class=\"\" colspan=\"2\">\n<div><strong>L<\/strong><\/div>\n<\/td>\n<td class=\"\" colspan=\"2\">\n<div><strong>XL<\/strong><\/div>\n<\/td>\n<td class=\"\" colspan=\"2\">\n<div><strong>2XL<\/strong><\/div>\n<\/td>\n<td class=\"last\" colspan=\"2\">\n<div><strong>3XL<\/strong><\/div>\n<\/td>\n<\/tr>\n<tr class=\"\">\n<td class=\"\" colspan=\"2\">Dimensionnement sanitaire<\/td>\n<td class=\"\" colspan=\"2\">0<\/td>\n<td class=\"\" colspan=\"2\">2<\/td>\n<td class=\"\" colspan=\"2\">4<\/td>\n<td class=\"\" colspan=\"2\">6<\/td>\n<td class=\"\" colspan=\"2\">8<\/td>\n<td class=\"\" colspan=\"2\">10<\/td>\n<td class=\"last\" colspan=\"2\">12<\/td>\n<\/tr>\n<tr class=\"odd\">\n<td class=\"\" colspan=\"2\">Taille europ\u00e9enne<\/td>\n<td class=\"\">38<\/td>\n<td class=\"\">40<\/td>\n<td class=\"\">42<\/td>\n<td class=\"\">44<\/td>\n<td class=\"\">46<\/td>\n<td class=\"\">48<\/td>\n<td class=\"\">50<\/td>\n<td class=\"\">52<\/td>\n<td class=\"\">54<\/td>\n<td class=\"\">56<\/td>\n<td class=\"\">58<\/td>\n<td class=\"\">60<\/td>\n<td class=\"\">62<\/td>\n<td class=\"last\">64<\/td>\n<\/tr>\n<tr class=\"\">\n<td class=\"\" colspan=\"2\">Tour de poitrine (cm)<\/td>\n<td class=\"\">74-78<\/td>\n<td class=\"\">78-82<\/td>\n<td class=\"\">82-86<\/td>\n<td class=\"\">86-90<\/td>\n<td class=\"\">90-94<\/td>\n<td class=\"\">94-98<\/td>\n<td class=\"\">98-102<\/td>\n<td class=\"\">102-106<\/td>\n<td class=\"\">106-110<\/td>\n<td class=\"\">110-114<\/td>\n<td class=\"\">114-118<\/td>\n<td class=\"\">118-123<\/td>\n<td class=\"\">123-129<\/td>\n<td class=\"last\">129-135<\/td>\n<\/tr>\n<tr class=\"odd\">\n<td class=\"\" colspan=\"2\">Tour de taille (cm)<\/td>\n<td class=\"\">62-66<\/td>\n<td class=\"\">66-70<\/td>\n<td class=\"\">70-74<\/td>\n<td class=\"\">74-78<\/td>\n<td class=\"\">78-82<\/td>\n<td class=\"\">82-86<\/td>\n<td class=\"\">86-90<\/td>\n<td class=\"\">90-94<\/td>\n<td class=\"\">94-98<\/td>\n<td class=\"\">98-102<\/td>\n<td class=\"\">102-106<\/td>\n<td class=\"\">106-111<\/td>\n<td class=\"\">111-117<\/td>\n<td class=\"last\">117-123<\/td>\n<\/tr>\n<\/tbody>\n<\/table>\n<p>Produit par la marque Velilla, avec plus de 70 ans d&#8217;exp\u00e9rience dans le secteur des v\u00eatements de travail.<\/p>\n","protected":false},"excerpt":{"rendered":"<p>Pijama sanitario blanco unisex\u00a0 acorde a las especificaciones y exigencias de las universidades.<\/p>\n","protected":false},"featured_media":30085,"template":"","meta":[],"product_brand":[],"product_cat":[702,700,701],"product_tag":[668,675],"class_list":{"0":"post-30084","1":"product","2":"type-product","3":"status-publish","4":"has-post-thumbnail","6":"product_cat-vetementsv-fr","7":"product_cat-vetements-fr","8":"product_cat-vetementsm-fr","9":"product_tag-ceu2","10":"product_tag-ucv1","11":"pa_formacion-veterinaria-fr","12":"pa_formacion-medicina-fr","13":"pa_formacion-odontologia-fr","15":"first","16":"outofstock","17":"taxable","18":"shipping-taxable","19":"purchasable","20":"product-type-variable"},"yoast_head":"<!-- This site is optimized with the Yoast SEO Premium plugin v27.0 (Yoast SEO v27.2) - https:\/\/yoast.com\/product\/yoast-seo-premium-wordpress\/ -->\n<title>PYJAMAS SANITAIRES BLANCS UNISEXES - yoestudiosalud.es dep\u00f3sito dental<\/title>\n<meta name=\"description\" content=\"Pyjamas sanitaires blancs unisexes conformes aux sp\u00e9cifications et aux exigences des universit\u00e9s.\" \/>\n<meta name=\"robots\" content=\"index, follow, max-snippet:-1, max-image-preview:large, max-video-preview:-1\" \/>\n<link rel=\"canonical\" href=\"https:\/\/yoestudiosalud.es\/produit\/pijama-sanitario-blanco\/\" \/>\n<meta property=\"og:locale\" content=\"fr_FR\" \/>\n<meta property=\"og:type\" content=\"article\" \/>\n<meta property=\"og:title\" content=\"PYJAMAS SANITAIRES BLANCS UNISEXES\" \/>\n<meta property=\"og:description\" content=\"Pyjamas sanitaires blancs unisexes conformes aux sp\u00e9cifications et aux exigences des universit\u00e9s.\" \/>\n<meta property=\"og:url\" content=\"https:\/\/yoestudiosalud.es\/produit\/pijama-sanitario-blanco\/\" \/>\n<meta property=\"og:site_name\" content=\"yoestudiosalud.es\" \/>\n<meta property=\"article:modified_time\" content=\"2025-06-25T20:25:57+00:00\" \/>\n<meta property=\"og:image\" content=\"https:\/\/yoestudiosalud.es\/wp-content\/uploads\/2022\/01\/001586.jpg\" \/>\n\t<meta property=\"og:image:width\" content=\"650\" \/>\n\t<meta property=\"og:image:height\" content=\"650\" \/>\n\t<meta property=\"og:image:type\" content=\"image\/jpeg\" \/>\n<meta name=\"twitter:card\" content=\"summary_large_image\" \/>\n<meta name=\"twitter:label1\" content=\"Dur\u00e9e de lecture estim\u00e9e\" \/>\n\t<meta name=\"twitter:data1\" content=\"1 minute\" \/>\n<script type=\"application\/ld+json\" class=\"yoast-schema-graph\">{\"@context\":\"https:\/\/schema.org\",\"@graph\":[{\"@type\":\"WebPage\",\"@id\":\"https:\/\/yoestudiosalud.es\/produit\/pijama-sanitario-blanco\/\",\"url\":\"https:\/\/yoestudiosalud.es\/produit\/pijama-sanitario-blanco\/\",\"name\":\"PYJAMAS SANITAIRES BLANCS UNISEXES - yoestudiosalud.es dep\u00f3sito dental\",\"isPartOf\":{\"@id\":\"https:\/\/yoestudiosalud.es\/en\/#website\"},\"primaryImageOfPage\":{\"@id\":\"https:\/\/yoestudiosalud.es\/produit\/pijama-sanitario-blanco\/#primaryimage\"},\"image\":{\"@id\":\"https:\/\/yoestudiosalud.es\/produit\/pijama-sanitario-blanco\/#primaryimage\"},\"thumbnailUrl\":\"https:\/\/yoestudiosalud.es\/wp-content\/uploads\/2022\/01\/001586.jpg\",\"datePublished\":\"2022-01-19T14:47:22+00:00\",\"dateModified\":\"2025-06-25T20:25:57+00:00\",\"description\":\"Pyjamas sanitaires blancs unisexes conformes aux sp\u00e9cifications et aux exigences des universit\u00e9s.\",\"breadcrumb\":{\"@id\":\"https:\/\/yoestudiosalud.es\/produit\/pijama-sanitario-blanco\/#breadcrumb\"},\"inLanguage\":\"fr-FR\",\"potentialAction\":[{\"@type\":\"ReadAction\",\"target\":[\"https:\/\/yoestudiosalud.es\/produit\/pijama-sanitario-blanco\/\"]}]},{\"@type\":\"ImageObject\",\"inLanguage\":\"fr-FR\",\"@id\":\"https:\/\/yoestudiosalud.es\/produit\/pijama-sanitario-blanco\/#primaryimage\",\"url\":\"https:\/\/yoestudiosalud.es\/wp-content\/uploads\/2022\/01\/001586.jpg\",\"contentUrl\":\"https:\/\/yoestudiosalud.es\/wp-content\/uploads\/2022\/01\/001586.jpg\",\"width\":650,\"height\":650,\"caption\":\"PYJAMAS SANITAIRES BLANCS UNISEXES\"},{\"@type\":\"BreadcrumbList\",\"@id\":\"https:\/\/yoestudiosalud.es\/produit\/pijama-sanitario-blanco\/#breadcrumb\",\"itemListElement\":[{\"@type\":\"ListItem\",\"position\":1,\"name\":\"Portada\",\"item\":\"https:\/\/yoestudiosalud.es\/fr\/\"},{\"@type\":\"ListItem\",\"position\":2,\"name\":\"Boutique\",\"item\":\"https:\/\/yoestudiosalud.es\/fr\/boutique\/\"},{\"@type\":\"ListItem\",\"position\":3,\"name\":\"PYJAMAS SANITAIRES BLANCS UNISEXES\"}]},{\"@type\":\"WebSite\",\"@id\":\"https:\/\/yoestudiosalud.es\/en\/#website\",\"url\":\"https:\/\/yoestudiosalud.es\/en\/\",\"name\":\"yoestudiosalud.es\",\"description\":\"Material para estudiantes del sector salud\",\"publisher\":{\"@id\":\"https:\/\/yoestudiosalud.es\/en\/#organization\"},\"potentialAction\":[{\"@type\":\"SearchAction\",\"target\":{\"@type\":\"EntryPoint\",\"urlTemplate\":\"https:\/\/yoestudiosalud.es\/en\/?s={search_term_string}\"},\"query-input\":{\"@type\":\"PropertyValueSpecification\",\"valueRequired\":true,\"valueName\":\"search_term_string\"}}],\"inLanguage\":\"fr-FR\"},{\"@type\":\"Organization\",\"@id\":\"https:\/\/yoestudiosalud.es\/en\/#organization\",\"name\":\"yoestudiosalud.es\",\"url\":\"https:\/\/yoestudiosalud.es\/en\/\",\"logo\":{\"@type\":\"ImageObject\",\"inLanguage\":\"fr-FR\",\"@id\":\"https:\/\/yoestudiosalud.es\/en\/#\/schema\/logo\/image\/\",\"url\":\"https:\/\/yoestudiosalud.es\/wp-content\/uploads\/2020\/04\/logonew-e1698080827687.png\",\"contentUrl\":\"https:\/\/yoestudiosalud.es\/wp-content\/uploads\/2020\/04\/logonew-e1698080827687.png\",\"width\":421,\"height\":393,\"caption\":\"yoestudiosalud.es\"},\"image\":{\"@id\":\"https:\/\/yoestudiosalud.es\/en\/#\/schema\/logo\/image\/\"}}]}<\/script>\n<!-- \/ Yoast SEO Premium plugin. -->","yoast_head_json":{"title":"PYJAMAS SANITAIRES BLANCS UNISEXES - yoestudiosalud.es dep\u00f3sito dental","description":"Pyjamas sanitaires blancs unisexes conformes aux sp\u00e9cifications et aux exigences des universit\u00e9s.","robots":{"index":"index","follow":"follow","max-snippet":"max-snippet:-1","max-image-preview":"max-image-preview:large","max-video-preview":"max-video-preview:-1"},"canonical":"https:\/\/yoestudiosalud.es\/produit\/pijama-sanitario-blanco\/","og_locale":"fr_FR","og_type":"article","og_title":"PYJAMAS SANITAIRES BLANCS UNISEXES","og_description":"Pyjamas sanitaires blancs unisexes conformes aux sp\u00e9cifications et aux exigences des universit\u00e9s.","og_url":"https:\/\/yoestudiosalud.es\/produit\/pijama-sanitario-blanco\/","og_site_name":"yoestudiosalud.es","article_modified_time":"2025-06-25T20:25:57+00:00","og_image":[{"width":650,"height":650,"url":"https:\/\/yoestudiosalud.es\/wp-content\/uploads\/2022\/01\/001586.jpg","type":"image\/jpeg"}],"twitter_card":"summary_large_image","twitter_misc":{"Dur\u00e9e de lecture estim\u00e9e":"1 minute"},"schema":{"@context":"https:\/\/schema.org","@graph":[{"@type":"WebPage","@id":"https:\/\/yoestudiosalud.es\/produit\/pijama-sanitario-blanco\/","url":"https:\/\/yoestudiosalud.es\/produit\/pijama-sanitario-blanco\/","name":"PYJAMAS SANITAIRES BLANCS UNISEXES - yoestudiosalud.es dep\u00f3sito dental","isPartOf":{"@id":"https:\/\/yoestudiosalud.es\/en\/#website"},"primaryImageOfPage":{"@id":"https:\/\/yoestudiosalud.es\/produit\/pijama-sanitario-blanco\/#primaryimage"},"image":{"@id":"https:\/\/yoestudiosalud.es\/produit\/pijama-sanitario-blanco\/#primaryimage"},"thumbnailUrl":"https:\/\/yoestudiosalud.es\/wp-content\/uploads\/2022\/01\/001586.jpg","datePublished":"2022-01-19T14:47:22+00:00","dateModified":"2025-06-25T20:25:57+00:00","description":"Pyjamas sanitaires blancs unisexes conformes aux sp\u00e9cifications et aux exigences des universit\u00e9s.","breadcrumb":{"@id":"https:\/\/yoestudiosalud.es\/produit\/pijama-sanitario-blanco\/#breadcrumb"},"inLanguage":"fr-FR","potentialAction":[{"@type":"ReadAction","target":["https:\/\/yoestudiosalud.es\/produit\/pijama-sanitario-blanco\/"]}]},{"@type":"ImageObject","inLanguage":"fr-FR","@id":"https:\/\/yoestudiosalud.es\/produit\/pijama-sanitario-blanco\/#primaryimage","url":"https:\/\/yoestudiosalud.es\/wp-content\/uploads\/2022\/01\/001586.jpg","contentUrl":"https:\/\/yoestudiosalud.es\/wp-content\/uploads\/2022\/01\/001586.jpg","width":650,"height":650,"caption":"PYJAMAS SANITAIRES BLANCS UNISEXES"},{"@type":"BreadcrumbList","@id":"https:\/\/yoestudiosalud.es\/produit\/pijama-sanitario-blanco\/#breadcrumb","itemListElement":[{"@type":"ListItem","position":1,"name":"Portada","item":"https:\/\/yoestudiosalud.es\/fr\/"},{"@type":"ListItem","position":2,"name":"Boutique","item":"https:\/\/yoestudiosalud.es\/fr\/boutique\/"},{"@type":"ListItem","position":3,"name":"PYJAMAS SANITAIRES BLANCS UNISEXES"}]},{"@type":"WebSite","@id":"https:\/\/yoestudiosalud.es\/en\/#website","url":"https:\/\/yoestudiosalud.es\/en\/","name":"yoestudiosalud.es","description":"Material para estudiantes del sector salud","publisher":{"@id":"https:\/\/yoestudiosalud.es\/en\/#organization"},"potentialAction":[{"@type":"SearchAction","target":{"@type":"EntryPoint","urlTemplate":"https:\/\/yoestudiosalud.es\/en\/?s={search_term_string}"},"query-input":{"@type":"PropertyValueSpecification","valueRequired":true,"valueName":"search_term_string"}}],"inLanguage":"fr-FR"},{"@type":"Organization","@id":"https:\/\/yoestudiosalud.es\/en\/#organization","name":"yoestudiosalud.es","url":"https:\/\/yoestudiosalud.es\/en\/","logo":{"@type":"ImageObject","inLanguage":"fr-FR","@id":"https:\/\/yoestudiosalud.es\/en\/#\/schema\/logo\/image\/","url":"https:\/\/yoestudiosalud.es\/wp-content\/uploads\/2020\/04\/logonew-e1698080827687.png","contentUrl":"https:\/\/yoestudiosalud.es\/wp-content\/uploads\/2020\/04\/logonew-e1698080827687.png","width":421,"height":393,"caption":"yoestudiosalud.es"},"image":{"@id":"https:\/\/yoestudiosalud.es\/en\/#\/schema\/logo\/image\/"}}]}},"_links":{"self":[{"href":"https:\/\/yoestudiosalud.es\/fr\/wp-json\/wp\/v2\/product\/30084","targetHints":{"allow":["GET"]}}],"collection":[{"href":"https:\/\/yoestudiosalud.es\/fr\/wp-json\/wp\/v2\/product"}],"about":[{"href":"https:\/\/yoestudiosalud.es\/fr\/wp-json\/wp\/v2\/types\/product"}],"wp:featuredmedia":[{"embeddable":true,"href":"https:\/\/yoestudiosalud.es\/fr\/wp-json\/wp\/v2\/media\/30085"}],"wp:attachment":[{"href":"https:\/\/yoestudiosalud.es\/fr\/wp-json\/wp\/v2\/media?parent=30084"}],"wp:term":[{"taxonomy":"product_brand","embeddable":true,"href":"https:\/\/yoestudiosalud.es\/fr\/wp-json\/wp\/v2\/product_brand?post=30084"},{"taxonomy":"product_cat","embeddable":true,"href":"https:\/\/yoestudiosalud.es\/fr\/wp-json\/wp\/v2\/product_cat?post=30084"},{"taxonomy":"product_tag","embeddable":true,"href":"https:\/\/yoestudiosalud.es\/fr\/wp-json\/wp\/v2\/product_tag?post=30084"}],"curies":[{"name":"wp","href":"https:\/\/api.w.org\/{rel}","templated":true}]}}