{"id":29356,"date":"2020-07-19T22:02:25","date_gmt":"2020-07-19T22:02:25","guid":{"rendered":"https:\/\/yoestudiosalud.es\/producto\/curette-columbia-13-14silver\/"},"modified":"2020-07-19T22:02:25","modified_gmt":"2020-07-19T22:02:25","slug":"curette-columbia-13-14silver","status":"publish","type":"product","link":"https:\/\/yoestudiosalud.es\/fr\/produit\/curette-columbia-13-14silver\/","title":{"rendered":"CURETTE COLUMBIA 13\/14<br>SILVER"},"content":{"rendered":"<p>La curette Columbia Silver 13\/14 de Hu-Friedy est un instrument manuel de traitement parodontal destin\u00e9 \u00e0 \u00e9liminer le tartre des surfaces dentaires.<\/p>\n<p>Les curettes Columbia Silver de Hu-Friedy sont des outils de diagnostic et de traitement utilis\u00e9s en dentisterie. Leur conception sp\u00e9cifique permet d&#8217;acc\u00e9der \u00e0 diff\u00e9rentes zones de la bouche et d&#8217;\u00e9liminer avec une grande pr\u00e9cision le tartre et la plaque des surfaces radiculaires des dents.<\/p>\n<p>La curette Columbia 13\/14 Silver a une forme et une courbure uniques qui lui permettent d&#8217;atteindre les zones difficiles d&#8217;acc\u00e8s de la bouche. En outre, elles sont dot\u00e9es d&#8217;une pointe ac\u00e9r\u00e9e qui permet d&#8217;\u00e9liminer avec pr\u00e9cision le tartre et la plaque dentaire. Ces curettes sont fabriqu\u00e9es en acier inoxydable de haute qualit\u00e9, ce qui leur conf\u00e8re une longue dur\u00e9e de vie et des performances constantes.<\/p>\n<p>Les professionnels dentaires utilisent les curettes Columbia lors des traitements de d\u00e9tartrage et de surfa\u00e7age radiculaire, qui constituent un \u00e9l\u00e9ment essentiel du traitement de la parodontite. La parodontite est une maladie qui affecte les gencives et les tissus qui soutiennent les dents, et qui peut conduire \u00e0 la perte des dents.<\/p>\n<p>L&#8217;utilisation des curettes Columbia est tr\u00e8s importante pour l&#8217;\u00e9limination du tartre et de la plaque, car ces d\u00e9p\u00f4ts sont la cause principale de la maladie parodontale. En outre, ces curettes sont id\u00e9ales pour \u00e9liminer le tartre et la plaque sur les surfaces profondes et incurv\u00e9es des racines.<\/p>\n<p>En r\u00e9sum\u00e9, les curettes Silver by Hu-Friedy Columbia constituent un outil essentiel pour le diagnostic et le traitement de la parodontite. Leur conception sp\u00e9cifique et la pr\u00e9cision avec laquelle elles \u00e9liminent le tartre et la plaque sur les surfaces radiculaires en font un choix id\u00e9al pour les professionnels des soins dentaires. L&#8217;utilisation correcte de ces curettes peut contribuer \u00e0 pr\u00e9venir la perte de dents et \u00e0 maintenir une bonne sant\u00e9 bucco-dentaire.<\/p>\n<p>&nbsp;<\/p>\n","protected":false},"excerpt":{"rendered":"<p>La curette Columbia Silver 13\/14 de Hu-Friedy est un instrument manuel de traitement parodontal destin\u00e9 \u00e0 \u00e9liminer le tartre des surfaces dentaires.<\/p>\n","protected":false},"featured_media":29358,"template":"","meta":[],"product_brand":[],"product_cat":[712],"product_tag":[689],"class_list":{"0":"post-29356","1":"product","2":"type-product","3":"status-publish","4":"has-post-thumbnail","6":"product_cat-periodontie-fr","7":"product_tag-ucv3","8":"pa_formacion-odontologia-fr","10":"first","11":"instock","12":"sale","13":"taxable","14":"shipping-taxable","15":"purchasable","16":"product-type-simple"},"yoast_head":"<!-- This site is optimized with the Yoast SEO Premium plugin v27.0 (Yoast SEO v27.2) - https:\/\/yoast.com\/product\/yoast-seo-premium-wordpress\/ -->\n<title>CURETTE COLUMBIA 13\/14SILVER - yoestudiosalud.es<\/title>\n<meta name=\"description\" content=\"La curette Columbia Silver 13\/14 de Hu-Friedy est un instrument manuel de traitement parodontal destin\u00e9 \u00e0 \u00e9liminer le tartre des surfaces dentaires.\" \/>\n<meta name=\"robots\" content=\"index, follow, max-snippet:-1, max-image-preview:large, max-video-preview:-1\" \/>\n<link rel=\"canonical\" href=\"https:\/\/yoestudiosalud.es\/fr\/produit\/curette-columbia-13-14silver\/\" \/>\n<meta property=\"og:locale\" content=\"fr_FR\" \/>\n<meta property=\"og:type\" content=\"article\" \/>\n<meta property=\"og:title\" content=\"CURETTE COLUMBIA 13\/14SILVER\" \/>\n<meta property=\"og:description\" content=\"La curette Columbia Silver 13\/14 de Hu-Friedy est un instrument manuel de traitement parodontal destin\u00e9 \u00e0 \u00e9liminer le tartre des surfaces dentaires.\" \/>\n<meta property=\"og:url\" content=\"https:\/\/yoestudiosalud.es\/fr\/produit\/curette-columbia-13-14silver\/\" \/>\n<meta property=\"og:site_name\" content=\"yoestudiosalud.es\" \/>\n<meta property=\"og:image\" content=\"https:\/\/yoestudiosalud.es\/wp-content\/uploads\/2020\/07\/002516C.jpg\" \/>\n\t<meta property=\"og:image:width\" content=\"650\" \/>\n\t<meta property=\"og:image:height\" content=\"650\" \/>\n\t<meta property=\"og:image:type\" content=\"image\/jpeg\" \/>\n<meta name=\"twitter:card\" content=\"summary_large_image\" \/>\n<meta name=\"twitter:label1\" content=\"Dur\u00e9e de lecture estim\u00e9e\" \/>\n\t<meta name=\"twitter:data1\" content=\"2 minutes\" \/>\n<script type=\"application\/ld+json\" class=\"yoast-schema-graph\">{\"@context\":\"https:\/\/schema.org\",\"@graph\":[{\"@type\":\"WebPage\",\"@id\":\"https:\/\/yoestudiosalud.es\/fr\/produit\/curette-columbia-13-14silver\/\",\"url\":\"https:\/\/yoestudiosalud.es\/fr\/produit\/curette-columbia-13-14silver\/\",\"name\":\"CURETTE COLUMBIA 13\/14 SILVER - yoestudiosalud.es\",\"isPartOf\":{\"@id\":\"https:\/\/yoestudiosalud.es\/en\/#website\"},\"primaryImageOfPage\":{\"@id\":\"https:\/\/yoestudiosalud.es\/fr\/produit\/curette-columbia-13-14silver\/#primaryimage\"},\"image\":{\"@id\":\"https:\/\/yoestudiosalud.es\/fr\/produit\/curette-columbia-13-14silver\/#primaryimage\"},\"thumbnailUrl\":\"https:\/\/yoestudiosalud.es\/wp-content\/uploads\/2020\/07\/002516C.jpg\",\"datePublished\":\"2020-07-19T22:02:25+00:00\",\"description\":\"La curette Columbia Silver 13\/14 de Hu-Friedy est un instrument manuel de traitement parodontal destin\u00e9 \u00e0 \u00e9liminer le tartre des surfaces dentaires.\",\"breadcrumb\":{\"@id\":\"https:\/\/yoestudiosalud.es\/fr\/produit\/curette-columbia-13-14silver\/#breadcrumb\"},\"inLanguage\":\"fr-FR\",\"potentialAction\":[{\"@type\":\"ReadAction\",\"target\":[\"https:\/\/yoestudiosalud.es\/fr\/produit\/curette-columbia-13-14silver\/\"]}]},{\"@type\":\"ImageObject\",\"inLanguage\":\"fr-FR\",\"@id\":\"https:\/\/yoestudiosalud.es\/fr\/produit\/curette-columbia-13-14silver\/#primaryimage\",\"url\":\"https:\/\/yoestudiosalud.es\/wp-content\/uploads\/2020\/07\/002516C.jpg\",\"contentUrl\":\"https:\/\/yoestudiosalud.es\/wp-content\/uploads\/2020\/07\/002516C.jpg\",\"width\":650,\"height\":650,\"caption\":\"CURETTE COLUMBIA 13\/14 SILVER\"},{\"@type\":\"BreadcrumbList\",\"@id\":\"https:\/\/yoestudiosalud.es\/fr\/produit\/curette-columbia-13-14silver\/#breadcrumb\",\"itemListElement\":[{\"@type\":\"ListItem\",\"position\":1,\"name\":\"Portada\",\"item\":\"https:\/\/yoestudiosalud.es\/fr\/\"},{\"@type\":\"ListItem\",\"position\":2,\"name\":\"Boutique\",\"item\":\"https:\/\/yoestudiosalud.es\/fr\/boutique\/\"},{\"@type\":\"ListItem\",\"position\":3,\"name\":\"CURETTE COLUMBIA 13\/14SILVER\"}]},{\"@type\":\"WebSite\",\"@id\":\"https:\/\/yoestudiosalud.es\/en\/#website\",\"url\":\"https:\/\/yoestudiosalud.es\/en\/\",\"name\":\"yoestudiosalud.es\",\"description\":\"Material para estudiantes del sector salud\",\"publisher\":{\"@id\":\"https:\/\/yoestudiosalud.es\/en\/#organization\"},\"potentialAction\":[{\"@type\":\"SearchAction\",\"target\":{\"@type\":\"EntryPoint\",\"urlTemplate\":\"https:\/\/yoestudiosalud.es\/en\/?s={search_term_string}\"},\"query-input\":{\"@type\":\"PropertyValueSpecification\",\"valueRequired\":true,\"valueName\":\"search_term_string\"}}],\"inLanguage\":\"fr-FR\"},{\"@type\":\"Organization\",\"@id\":\"https:\/\/yoestudiosalud.es\/en\/#organization\",\"name\":\"yoestudiosalud.es\",\"url\":\"https:\/\/yoestudiosalud.es\/en\/\",\"logo\":{\"@type\":\"ImageObject\",\"inLanguage\":\"fr-FR\",\"@id\":\"https:\/\/yoestudiosalud.es\/en\/#\/schema\/logo\/image\/\",\"url\":\"https:\/\/yoestudiosalud.es\/wp-content\/uploads\/2020\/04\/logonew-e1698080827687.png\",\"contentUrl\":\"https:\/\/yoestudiosalud.es\/wp-content\/uploads\/2020\/04\/logonew-e1698080827687.png\",\"width\":421,\"height\":393,\"caption\":\"yoestudiosalud.es\"},\"image\":{\"@id\":\"https:\/\/yoestudiosalud.es\/en\/#\/schema\/logo\/image\/\"}}]}<\/script>\n<!-- \/ Yoast SEO Premium plugin. -->","yoast_head_json":{"title":"CURETTE COLUMBIA 13\/14SILVER - yoestudiosalud.es","description":"La curette Columbia Silver 13\/14 de Hu-Friedy est un instrument manuel de traitement parodontal destin\u00e9 \u00e0 \u00e9liminer le tartre des surfaces dentaires.","robots":{"index":"index","follow":"follow","max-snippet":"max-snippet:-1","max-image-preview":"max-image-preview:large","max-video-preview":"max-video-preview:-1"},"canonical":"https:\/\/yoestudiosalud.es\/fr\/produit\/curette-columbia-13-14silver\/","og_locale":"fr_FR","og_type":"article","og_title":"CURETTE COLUMBIA 13\/14SILVER","og_description":"La curette Columbia Silver 13\/14 de Hu-Friedy est un instrument manuel de traitement parodontal destin\u00e9 \u00e0 \u00e9liminer le tartre des surfaces dentaires.","og_url":"https:\/\/yoestudiosalud.es\/fr\/produit\/curette-columbia-13-14silver\/","og_site_name":"yoestudiosalud.es","og_image":[{"width":650,"height":650,"url":"https:\/\/yoestudiosalud.es\/wp-content\/uploads\/2020\/07\/002516C.jpg","type":"image\/jpeg"}],"twitter_card":"summary_large_image","twitter_misc":{"Dur\u00e9e de lecture estim\u00e9e":"2 minutes"},"schema":{"@context":"https:\/\/schema.org","@graph":[{"@type":"WebPage","@id":"https:\/\/yoestudiosalud.es\/fr\/produit\/curette-columbia-13-14silver\/","url":"https:\/\/yoestudiosalud.es\/fr\/produit\/curette-columbia-13-14silver\/","name":"CURETTE COLUMBIA 13\/14 SILVER - yoestudiosalud.es","isPartOf":{"@id":"https:\/\/yoestudiosalud.es\/en\/#website"},"primaryImageOfPage":{"@id":"https:\/\/yoestudiosalud.es\/fr\/produit\/curette-columbia-13-14silver\/#primaryimage"},"image":{"@id":"https:\/\/yoestudiosalud.es\/fr\/produit\/curette-columbia-13-14silver\/#primaryimage"},"thumbnailUrl":"https:\/\/yoestudiosalud.es\/wp-content\/uploads\/2020\/07\/002516C.jpg","datePublished":"2020-07-19T22:02:25+00:00","description":"La curette Columbia Silver 13\/14 de Hu-Friedy est un instrument manuel de traitement parodontal destin\u00e9 \u00e0 \u00e9liminer le tartre des surfaces dentaires.","breadcrumb":{"@id":"https:\/\/yoestudiosalud.es\/fr\/produit\/curette-columbia-13-14silver\/#breadcrumb"},"inLanguage":"fr-FR","potentialAction":[{"@type":"ReadAction","target":["https:\/\/yoestudiosalud.es\/fr\/produit\/curette-columbia-13-14silver\/"]}]},{"@type":"ImageObject","inLanguage":"fr-FR","@id":"https:\/\/yoestudiosalud.es\/fr\/produit\/curette-columbia-13-14silver\/#primaryimage","url":"https:\/\/yoestudiosalud.es\/wp-content\/uploads\/2020\/07\/002516C.jpg","contentUrl":"https:\/\/yoestudiosalud.es\/wp-content\/uploads\/2020\/07\/002516C.jpg","width":650,"height":650,"caption":"CURETTE COLUMBIA 13\/14 SILVER"},{"@type":"BreadcrumbList","@id":"https:\/\/yoestudiosalud.es\/fr\/produit\/curette-columbia-13-14silver\/#breadcrumb","itemListElement":[{"@type":"ListItem","position":1,"name":"Portada","item":"https:\/\/yoestudiosalud.es\/fr\/"},{"@type":"ListItem","position":2,"name":"Boutique","item":"https:\/\/yoestudiosalud.es\/fr\/boutique\/"},{"@type":"ListItem","position":3,"name":"CURETTE COLUMBIA 13\/14SILVER"}]},{"@type":"WebSite","@id":"https:\/\/yoestudiosalud.es\/en\/#website","url":"https:\/\/yoestudiosalud.es\/en\/","name":"yoestudiosalud.es","description":"Material para estudiantes del sector salud","publisher":{"@id":"https:\/\/yoestudiosalud.es\/en\/#organization"},"potentialAction":[{"@type":"SearchAction","target":{"@type":"EntryPoint","urlTemplate":"https:\/\/yoestudiosalud.es\/en\/?s={search_term_string}"},"query-input":{"@type":"PropertyValueSpecification","valueRequired":true,"valueName":"search_term_string"}}],"inLanguage":"fr-FR"},{"@type":"Organization","@id":"https:\/\/yoestudiosalud.es\/en\/#organization","name":"yoestudiosalud.es","url":"https:\/\/yoestudiosalud.es\/en\/","logo":{"@type":"ImageObject","inLanguage":"fr-FR","@id":"https:\/\/yoestudiosalud.es\/en\/#\/schema\/logo\/image\/","url":"https:\/\/yoestudiosalud.es\/wp-content\/uploads\/2020\/04\/logonew-e1698080827687.png","contentUrl":"https:\/\/yoestudiosalud.es\/wp-content\/uploads\/2020\/04\/logonew-e1698080827687.png","width":421,"height":393,"caption":"yoestudiosalud.es"},"image":{"@id":"https:\/\/yoestudiosalud.es\/en\/#\/schema\/logo\/image\/"}}]}},"_links":{"self":[{"href":"https:\/\/yoestudiosalud.es\/fr\/wp-json\/wp\/v2\/product\/29356","targetHints":{"allow":["GET"]}}],"collection":[{"href":"https:\/\/yoestudiosalud.es\/fr\/wp-json\/wp\/v2\/product"}],"about":[{"href":"https:\/\/yoestudiosalud.es\/fr\/wp-json\/wp\/v2\/types\/product"}],"wp:featuredmedia":[{"embeddable":true,"href":"https:\/\/yoestudiosalud.es\/fr\/wp-json\/wp\/v2\/media\/29358"}],"wp:attachment":[{"href":"https:\/\/yoestudiosalud.es\/fr\/wp-json\/wp\/v2\/media?parent=29356"}],"wp:term":[{"taxonomy":"product_brand","embeddable":true,"href":"https:\/\/yoestudiosalud.es\/fr\/wp-json\/wp\/v2\/product_brand?post=29356"},{"taxonomy":"product_cat","embeddable":true,"href":"https:\/\/yoestudiosalud.es\/fr\/wp-json\/wp\/v2\/product_cat?post=29356"},{"taxonomy":"product_tag","embeddable":true,"href":"https:\/\/yoestudiosalud.es\/fr\/wp-json\/wp\/v2\/product_tag?post=29356"}],"curies":[{"name":"wp","href":"https:\/\/api.w.org\/{rel}","templated":true}]}}