{"id":29354,"date":"2020-07-19T21:57:19","date_gmt":"2020-07-19T21:57:19","guid":{"rendered":"https:\/\/yoestudiosalud.es\/producto\/ciseaux-droits-pour-couronnes\/"},"modified":"2020-07-19T21:57:19","modified_gmt":"2020-07-19T21:57:19","slug":"ciseaux-droits-pour-couronnes","status":"publish","type":"product","link":"https:\/\/yoestudiosalud.es\/fr\/produit\/ciseaux-droits-pour-couronnes\/","title":{"rendered":"CISEAUX DROITS POUR COURONNES"},"content":{"rendered":"<p>Les ciseaux \u00e0 couronnes droits sont largement utilis\u00e9s dans le domaine de la dentisterie et du laboratoire dentaire. Sa conception ergonomique et sa fonctionnalit\u00e9 en font un instrument de haute pr\u00e9cision utilis\u00e9 pour des coupes pr\u00e9cises et nettes dans la fabrication des couronnes dentaires.<\/p>\n<p>Ces ciseaux sont dot\u00e9s d&#8217;une lame droite et tranchante \u00e0 une extr\u00e9mit\u00e9, tandis que l&#8217;autre extr\u00e9mit\u00e9 est munie d&#8217;une poign\u00e9e qui permet une prise en main confortable et ferme. Leur structure facilite l&#8217;acc\u00e8s aux zones difficiles \u00e0 atteindre, ce qui est essentiel lors du processus de fabrication des couronnes. Les ciseaux \u00e0 couronnes droits sont utilis\u00e9s aussi bien au laboratoire dentaire qu&#8217;au cabinet dentaire. Au laboratoire dentaire, ils servent \u00e0 tailler les mod\u00e8les en pl\u00e2tre qui servent de base \u00e0 la fabrication des couronnes. Gr\u00e2ce \u00e0 sa lame pr\u00e9cise et tranchante, il permet des coupes nettes et pr\u00e9cises, assurant ainsi un ajustement parfait des couronnes sur les dents.<\/p>\n<p>Au cabinet dentaire, les ciseaux \u00e0 couronnes droits jouent un r\u00f4le essentiel lors des proc\u00e9dures de pr\u00e9paration des dents. Gr\u00e2ce \u00e0 eux, le dentiste peut effectuer des coupes pr\u00e9cises dans le mat\u00e9riau dentaire, ce qui permet d&#8217;ajuster correctement les couronnes et d&#8217;am\u00e9liorer l&#8217;esth\u00e9tique et la fonctionnalit\u00e9 dans la bouche du patient. Les ciseaux \u00e0 couronnes droits sont fabriqu\u00e9s dans des mat\u00e9riaux de haute qualit\u00e9, tels que l&#8217;acier inoxydable ou des alliages r\u00e9sistants \u00e0 la corrosion.<\/p>\n<p>Cela garantit la durabilit\u00e9 et permet \u00e0 la lame de rester aiguis\u00e9e pendant une longue p\u00e9riode, ce qui \u00e9vite de devoir la remplacer fr\u00e9quemment. En r\u00e9sum\u00e9, les ciseaux \u00e0 couronnes droits, indispensables au laboratoire dentaire comme au cabinet dentaire, avec leur design ergonomique, leur lame tranchante et leur capacit\u00e9 \u00e0 r\u00e9aliser des coupes pr\u00e9cises et nettes, en font un instrument indispensable pour la fabrication des couronnes dentaires. Gr\u00e2ce \u00e0 ces ciseaux, les professionnels dentaires peuvent obtenir des r\u00e9sultats esth\u00e9tiques et fonctionnels optimaux, offrant \u00e0 leurs patients un sourire sain et beau. Il existe \u00e9galement une vari\u00e9t\u00e9 de ces ciseaux avec des lames l\u00e9g\u00e8rement incurv\u00e9es.<\/p>\n<p>Caract\u00e9ristiques : longueur de 12 cm et pointe droite, acier inoxydable, marque Master Surgical.<\/p>\n","protected":false},"excerpt":{"rendered":"<p>Les ciseaux \u00e0 couronnes droits sont largement utilis\u00e9s dans le domaine de la dentisterie et du laboratoire dentaire. Sa conception ergonomique et sa fonctionnalit\u00e9 en font un instrument de haute pr\u00e9cision utilis\u00e9 pour des coupes pr\u00e9cises et nettes dans la fabrication des couronnes dentaires.<\/p>\n","protected":false},"featured_media":29355,"template":"","meta":[],"product_brand":[],"product_cat":[669],"product_tag":[673,689,690,692,699,755],"class_list":{"0":"post-29354","1":"product","2":"type-product","3":"status-publish","4":"has-post-thumbnail","6":"product_cat-general-fr","7":"product_tag-uv3","8":"product_tag-ucv3","9":"product_tag-uem3-fr","10":"product_tag-uev2","11":"product_tag-ceu4","12":"product_tag-ucam3-fr","13":"pa_formacion-odontologia-fr","15":"first","16":"instock","17":"sale","18":"taxable","19":"shipping-taxable","20":"purchasable","21":"product-type-simple"},"yoast_head":"<!-- This site is optimized with the Yoast SEO Premium plugin v27.0 (Yoast SEO v27.2) - https:\/\/yoast.com\/product\/yoast-seo-premium-wordpress\/ -->\n<title>CISEAUX DROITS POUR COURONNES - yoestudiosalud.es<\/title>\n<meta name=\"description\" content=\"Les ciseaux \u00e0 couronnes droits sont largement utilis\u00e9s dans le domaine de la dentisterie et du laboratoire dentaire. Sa conception ergonomique et sa fonctionnalit\u00e9 en font un instrument de haute pr\u00e9cision utilis\u00e9 pour des coupes pr\u00e9cises et nettes dans la fabrication des couronnes dentaires.\" \/>\n<meta name=\"robots\" content=\"index, follow, max-snippet:-1, max-image-preview:large, max-video-preview:-1\" \/>\n<link rel=\"canonical\" href=\"https:\/\/yoestudiosalud.es\/produit\/tijera-para-coronas-12-cm-recta\/\" \/>\n<meta property=\"og:locale\" content=\"fr_FR\" \/>\n<meta property=\"og:type\" content=\"article\" \/>\n<meta property=\"og:title\" content=\"CISEAUX DROITS POUR COURONNES\" \/>\n<meta property=\"og:description\" content=\"Les ciseaux \u00e0 couronnes droits sont largement utilis\u00e9s dans le domaine de la dentisterie et du laboratoire dentaire. Sa conception ergonomique et sa fonctionnalit\u00e9 en font un instrument de haute pr\u00e9cision utilis\u00e9 pour des coupes pr\u00e9cises et nettes dans la fabrication des couronnes dentaires.\" \/>\n<meta property=\"og:url\" content=\"https:\/\/yoestudiosalud.es\/produit\/tijera-para-coronas-12-cm-recta\/\" \/>\n<meta property=\"og:site_name\" content=\"yoestudiosalud.es\" \/>\n<meta property=\"og:image\" content=\"https:\/\/yoestudiosalud.es\/wp-content\/uploads\/2020\/07\/002825B.jpg\" \/>\n\t<meta property=\"og:image:width\" content=\"650\" \/>\n\t<meta property=\"og:image:height\" content=\"650\" \/>\n\t<meta property=\"og:image:type\" content=\"image\/jpeg\" \/>\n<meta name=\"twitter:card\" content=\"summary_large_image\" \/>\n<meta name=\"twitter:label1\" content=\"Dur\u00e9e de lecture estim\u00e9e\" \/>\n\t<meta name=\"twitter:data1\" content=\"2 minutes\" \/>\n<script type=\"application\/ld+json\" class=\"yoast-schema-graph\">{\"@context\":\"https:\/\/schema.org\",\"@graph\":[{\"@type\":\"WebPage\",\"@id\":\"https:\/\/yoestudiosalud.es\/produit\/tijera-para-coronas-12-cm-recta\/\",\"url\":\"https:\/\/yoestudiosalud.es\/produit\/tijera-para-coronas-12-cm-recta\/\",\"name\":\"CISEAUX DROITS POUR COURONNES - yoestudiosalud.es\",\"isPartOf\":{\"@id\":\"https:\/\/yoestudiosalud.es\/en\/#website\"},\"primaryImageOfPage\":{\"@id\":\"https:\/\/yoestudiosalud.es\/produit\/tijera-para-coronas-12-cm-recta\/#primaryimage\"},\"image\":{\"@id\":\"https:\/\/yoestudiosalud.es\/produit\/tijera-para-coronas-12-cm-recta\/#primaryimage\"},\"thumbnailUrl\":\"https:\/\/yoestudiosalud.es\/wp-content\/uploads\/2020\/07\/002825B.jpg\",\"datePublished\":\"2020-07-19T21:57:19+00:00\",\"description\":\"Les ciseaux \u00e0 couronnes droits sont largement utilis\u00e9s dans le domaine de la dentisterie et du laboratoire dentaire. Sa conception ergonomique et sa fonctionnalit\u00e9 en font un instrument de haute pr\u00e9cision utilis\u00e9 pour des coupes pr\u00e9cises et nettes dans la fabrication des couronnes dentaires.\",\"breadcrumb\":{\"@id\":\"https:\/\/yoestudiosalud.es\/produit\/tijera-para-coronas-12-cm-recta\/#breadcrumb\"},\"inLanguage\":\"fr-FR\",\"potentialAction\":[{\"@type\":\"ReadAction\",\"target\":[\"https:\/\/yoestudiosalud.es\/produit\/tijera-para-coronas-12-cm-recta\/\"]}]},{\"@type\":\"ImageObject\",\"inLanguage\":\"fr-FR\",\"@id\":\"https:\/\/yoestudiosalud.es\/produit\/tijera-para-coronas-12-cm-recta\/#primaryimage\",\"url\":\"https:\/\/yoestudiosalud.es\/wp-content\/uploads\/2020\/07\/002825B.jpg\",\"contentUrl\":\"https:\/\/yoestudiosalud.es\/wp-content\/uploads\/2020\/07\/002825B.jpg\",\"width\":650,\"height\":650,\"caption\":\"CISEAUX DROITS POUR COURONNES\"},{\"@type\":\"BreadcrumbList\",\"@id\":\"https:\/\/yoestudiosalud.es\/produit\/tijera-para-coronas-12-cm-recta\/#breadcrumb\",\"itemListElement\":[{\"@type\":\"ListItem\",\"position\":1,\"name\":\"Portada\",\"item\":\"https:\/\/yoestudiosalud.es\/fr\/\"},{\"@type\":\"ListItem\",\"position\":2,\"name\":\"Boutique\",\"item\":\"https:\/\/yoestudiosalud.es\/fr\/boutique\/\"},{\"@type\":\"ListItem\",\"position\":3,\"name\":\"CISEAUX DROITS POUR COURONNES\"}]},{\"@type\":\"WebSite\",\"@id\":\"https:\/\/yoestudiosalud.es\/en\/#website\",\"url\":\"https:\/\/yoestudiosalud.es\/en\/\",\"name\":\"yoestudiosalud.es\",\"description\":\"Material para estudiantes del sector salud\",\"publisher\":{\"@id\":\"https:\/\/yoestudiosalud.es\/en\/#organization\"},\"potentialAction\":[{\"@type\":\"SearchAction\",\"target\":{\"@type\":\"EntryPoint\",\"urlTemplate\":\"https:\/\/yoestudiosalud.es\/en\/?s={search_term_string}\"},\"query-input\":{\"@type\":\"PropertyValueSpecification\",\"valueRequired\":true,\"valueName\":\"search_term_string\"}}],\"inLanguage\":\"fr-FR\"},{\"@type\":\"Organization\",\"@id\":\"https:\/\/yoestudiosalud.es\/en\/#organization\",\"name\":\"yoestudiosalud.es\",\"url\":\"https:\/\/yoestudiosalud.es\/en\/\",\"logo\":{\"@type\":\"ImageObject\",\"inLanguage\":\"fr-FR\",\"@id\":\"https:\/\/yoestudiosalud.es\/en\/#\/schema\/logo\/image\/\",\"url\":\"https:\/\/yoestudiosalud.es\/wp-content\/uploads\/2020\/04\/logonew-e1698080827687.png\",\"contentUrl\":\"https:\/\/yoestudiosalud.es\/wp-content\/uploads\/2020\/04\/logonew-e1698080827687.png\",\"width\":421,\"height\":393,\"caption\":\"yoestudiosalud.es\"},\"image\":{\"@id\":\"https:\/\/yoestudiosalud.es\/en\/#\/schema\/logo\/image\/\"}}]}<\/script>\n<!-- \/ Yoast SEO Premium plugin. -->","yoast_head_json":{"title":"CISEAUX DROITS POUR COURONNES - yoestudiosalud.es","description":"Les ciseaux \u00e0 couronnes droits sont largement utilis\u00e9s dans le domaine de la dentisterie et du laboratoire dentaire. Sa conception ergonomique et sa fonctionnalit\u00e9 en font un instrument de haute pr\u00e9cision utilis\u00e9 pour des coupes pr\u00e9cises et nettes dans la fabrication des couronnes dentaires.","robots":{"index":"index","follow":"follow","max-snippet":"max-snippet:-1","max-image-preview":"max-image-preview:large","max-video-preview":"max-video-preview:-1"},"canonical":"https:\/\/yoestudiosalud.es\/produit\/tijera-para-coronas-12-cm-recta\/","og_locale":"fr_FR","og_type":"article","og_title":"CISEAUX DROITS POUR COURONNES","og_description":"Les ciseaux \u00e0 couronnes droits sont largement utilis\u00e9s dans le domaine de la dentisterie et du laboratoire dentaire. Sa conception ergonomique et sa fonctionnalit\u00e9 en font un instrument de haute pr\u00e9cision utilis\u00e9 pour des coupes pr\u00e9cises et nettes dans la fabrication des couronnes dentaires.","og_url":"https:\/\/yoestudiosalud.es\/produit\/tijera-para-coronas-12-cm-recta\/","og_site_name":"yoestudiosalud.es","og_image":[{"width":650,"height":650,"url":"https:\/\/yoestudiosalud.es\/wp-content\/uploads\/2020\/07\/002825B.jpg","type":"image\/jpeg"}],"twitter_card":"summary_large_image","twitter_misc":{"Dur\u00e9e de lecture estim\u00e9e":"2 minutes"},"schema":{"@context":"https:\/\/schema.org","@graph":[{"@type":"WebPage","@id":"https:\/\/yoestudiosalud.es\/produit\/tijera-para-coronas-12-cm-recta\/","url":"https:\/\/yoestudiosalud.es\/produit\/tijera-para-coronas-12-cm-recta\/","name":"CISEAUX DROITS POUR COURONNES - yoestudiosalud.es","isPartOf":{"@id":"https:\/\/yoestudiosalud.es\/en\/#website"},"primaryImageOfPage":{"@id":"https:\/\/yoestudiosalud.es\/produit\/tijera-para-coronas-12-cm-recta\/#primaryimage"},"image":{"@id":"https:\/\/yoestudiosalud.es\/produit\/tijera-para-coronas-12-cm-recta\/#primaryimage"},"thumbnailUrl":"https:\/\/yoestudiosalud.es\/wp-content\/uploads\/2020\/07\/002825B.jpg","datePublished":"2020-07-19T21:57:19+00:00","description":"Les ciseaux \u00e0 couronnes droits sont largement utilis\u00e9s dans le domaine de la dentisterie et du laboratoire dentaire. Sa conception ergonomique et sa fonctionnalit\u00e9 en font un instrument de haute pr\u00e9cision utilis\u00e9 pour des coupes pr\u00e9cises et nettes dans la fabrication des couronnes dentaires.","breadcrumb":{"@id":"https:\/\/yoestudiosalud.es\/produit\/tijera-para-coronas-12-cm-recta\/#breadcrumb"},"inLanguage":"fr-FR","potentialAction":[{"@type":"ReadAction","target":["https:\/\/yoestudiosalud.es\/produit\/tijera-para-coronas-12-cm-recta\/"]}]},{"@type":"ImageObject","inLanguage":"fr-FR","@id":"https:\/\/yoestudiosalud.es\/produit\/tijera-para-coronas-12-cm-recta\/#primaryimage","url":"https:\/\/yoestudiosalud.es\/wp-content\/uploads\/2020\/07\/002825B.jpg","contentUrl":"https:\/\/yoestudiosalud.es\/wp-content\/uploads\/2020\/07\/002825B.jpg","width":650,"height":650,"caption":"CISEAUX DROITS POUR COURONNES"},{"@type":"BreadcrumbList","@id":"https:\/\/yoestudiosalud.es\/produit\/tijera-para-coronas-12-cm-recta\/#breadcrumb","itemListElement":[{"@type":"ListItem","position":1,"name":"Portada","item":"https:\/\/yoestudiosalud.es\/fr\/"},{"@type":"ListItem","position":2,"name":"Boutique","item":"https:\/\/yoestudiosalud.es\/fr\/boutique\/"},{"@type":"ListItem","position":3,"name":"CISEAUX DROITS POUR COURONNES"}]},{"@type":"WebSite","@id":"https:\/\/yoestudiosalud.es\/en\/#website","url":"https:\/\/yoestudiosalud.es\/en\/","name":"yoestudiosalud.es","description":"Material para estudiantes del sector salud","publisher":{"@id":"https:\/\/yoestudiosalud.es\/en\/#organization"},"potentialAction":[{"@type":"SearchAction","target":{"@type":"EntryPoint","urlTemplate":"https:\/\/yoestudiosalud.es\/en\/?s={search_term_string}"},"query-input":{"@type":"PropertyValueSpecification","valueRequired":true,"valueName":"search_term_string"}}],"inLanguage":"fr-FR"},{"@type":"Organization","@id":"https:\/\/yoestudiosalud.es\/en\/#organization","name":"yoestudiosalud.es","url":"https:\/\/yoestudiosalud.es\/en\/","logo":{"@type":"ImageObject","inLanguage":"fr-FR","@id":"https:\/\/yoestudiosalud.es\/en\/#\/schema\/logo\/image\/","url":"https:\/\/yoestudiosalud.es\/wp-content\/uploads\/2020\/04\/logonew-e1698080827687.png","contentUrl":"https:\/\/yoestudiosalud.es\/wp-content\/uploads\/2020\/04\/logonew-e1698080827687.png","width":421,"height":393,"caption":"yoestudiosalud.es"},"image":{"@id":"https:\/\/yoestudiosalud.es\/en\/#\/schema\/logo\/image\/"}}]}},"_links":{"self":[{"href":"https:\/\/yoestudiosalud.es\/fr\/wp-json\/wp\/v2\/product\/29354","targetHints":{"allow":["GET"]}}],"collection":[{"href":"https:\/\/yoestudiosalud.es\/fr\/wp-json\/wp\/v2\/product"}],"about":[{"href":"https:\/\/yoestudiosalud.es\/fr\/wp-json\/wp\/v2\/types\/product"}],"wp:featuredmedia":[{"embeddable":true,"href":"https:\/\/yoestudiosalud.es\/fr\/wp-json\/wp\/v2\/media\/29355"}],"wp:attachment":[{"href":"https:\/\/yoestudiosalud.es\/fr\/wp-json\/wp\/v2\/media?parent=29354"}],"wp:term":[{"taxonomy":"product_brand","embeddable":true,"href":"https:\/\/yoestudiosalud.es\/fr\/wp-json\/wp\/v2\/product_brand?post=29354"},{"taxonomy":"product_cat","embeddable":true,"href":"https:\/\/yoestudiosalud.es\/fr\/wp-json\/wp\/v2\/product_cat?post=29354"},{"taxonomy":"product_tag","embeddable":true,"href":"https:\/\/yoestudiosalud.es\/fr\/wp-json\/wp\/v2\/product_tag?post=29354"}],"curies":[{"name":"wp","href":"https:\/\/api.w.org\/{rel}","templated":true}]}}