{"id":29352,"date":"2020-07-19T21:20:09","date_gmt":"2020-07-19T21:20:09","guid":{"rendered":"https:\/\/yoestudiosalud.es\/producto\/sonde-parodontale-cp12\/"},"modified":"2025-07-01T21:59:25","modified_gmt":"2025-07-01T19:59:25","slug":"sonda-periodontal-cp12","status":"publish","type":"product","link":"https:\/\/yoestudiosalud.es\/fr\/produit\/sonda-periodontal-cp12\/","title":{"rendered":"SONDE PARODONTALE CP12"},"content":{"rendered":"<p>La sonde parodontale CP12 est un instrument calibr\u00e9 pour la mesure de la profondeur. Elle permet d\u2019\u00e9tablir la topographie du sulcus. Elle permet \u00e9galement de d\u00e9terminer le degr\u00e9 d\u2019attachement et d\u2019adaptation des tissus gingivaux \u00e0 la dent. Elle poss\u00e8de une partie active de 3-6-9-12 mm. qui permet de conna\u00eetre avec pr\u00e9cision la profondeur de la poche.<\/p>\n","protected":false},"excerpt":{"rendered":"<p>La sonde parodontale CP12 est un instrument calibr\u00e9 pour la mesure de la profondeur. Elle permet d\u2019\u00e9tablir la topographie du sulcus.<\/p>\n","protected":false},"featured_media":29353,"template":"","meta":[],"product_brand":[],"product_cat":[712],"product_tag":[689,703,676,679,687],"class_list":{"0":"post-29352","1":"product","2":"type-product","3":"status-publish","4":"has-post-thumbnail","6":"product_cat-periodontie-fr","7":"product_tag-ucv3","8":"product_tag-uemc_prd-fr","9":"product_tag-ucam2-fr","10":"product_tag-ceusp2-fr","11":"product_tag-uem2-fr","12":"pa_formacion-odontologia-fr","13":"pa_sonda-periodontal-cp11-fr","14":"pa_sonda-periodontal-cp12-fr","15":"pa_sonda-periodontal-cp15-fr","16":"pa_universidades-universidad-europea-miguel-de-cervantes-fr","18":"first","19":"instock","20":"sale","21":"taxable","22":"shipping-taxable","23":"purchasable","24":"product-type-simple"},"yoast_head":"<!-- This site is optimized with the Yoast SEO Premium plugin v27.0 (Yoast SEO v27.2) - https:\/\/yoast.com\/product\/yoast-seo-premium-wordpress\/ -->\n<title>SONDE PARODONTALE CP12 - yoestudiosalud.es Dep\u00f3sito dental<\/title>\n<meta name=\"description\" content=\"La sonde parodontale CP12 est un instrument calibr\u00e9 pour la mesure de la profondeur. Elle permet d\u2019\u00e9tablir la topographie du sulcus.\" \/>\n<meta name=\"robots\" content=\"index, follow, max-snippet:-1, max-image-preview:large, max-video-preview:-1\" \/>\n<link rel=\"canonical\" href=\"https:\/\/yoestudiosalud.es\/fr\/produit\/sonda-periodontal-cp12\/\" \/>\n<meta property=\"og:locale\" content=\"fr_FR\" \/>\n<meta property=\"og:type\" content=\"article\" \/>\n<meta property=\"og:title\" content=\"SONDE PARODONTALE CP12\" \/>\n<meta property=\"og:description\" content=\"La sonde parodontale CP12 est un instrument calibr\u00e9 pour la mesure de la profondeur. Elle permet d\u2019\u00e9tablir la topographie du sulcus.\" \/>\n<meta property=\"og:url\" content=\"https:\/\/yoestudiosalud.es\/fr\/produit\/sonda-periodontal-cp12\/\" \/>\n<meta property=\"og:site_name\" content=\"yoestudiosalud.es\" \/>\n<meta property=\"article:modified_time\" content=\"2025-07-01T19:59:25+00:00\" \/>\n<meta property=\"og:image\" content=\"https:\/\/yoestudiosalud.es\/wp-content\/uploads\/2020\/07\/002808B.jpg\" \/>\n\t<meta property=\"og:image:width\" content=\"650\" \/>\n\t<meta property=\"og:image:height\" content=\"650\" \/>\n\t<meta property=\"og:image:type\" content=\"image\/jpeg\" \/>\n<meta name=\"twitter:card\" content=\"summary_large_image\" \/>\n<script type=\"application\/ld+json\" class=\"yoast-schema-graph\">{\"@context\":\"https:\/\/schema.org\",\"@graph\":[{\"@type\":\"WebPage\",\"@id\":\"https:\/\/yoestudiosalud.es\/fr\/produit\/sonda-periodontal-cp12\/\",\"url\":\"https:\/\/yoestudiosalud.es\/fr\/produit\/sonda-periodontal-cp12\/\",\"name\":\"SONDE PARODONTALE CP12 - yoestudiosalud.es Dep\u00f3sito dental\",\"isPartOf\":{\"@id\":\"https:\/\/yoestudiosalud.es\/en\/#website\"},\"primaryImageOfPage\":{\"@id\":\"https:\/\/yoestudiosalud.es\/fr\/produit\/sonda-periodontal-cp12\/#primaryimage\"},\"image\":{\"@id\":\"https:\/\/yoestudiosalud.es\/fr\/produit\/sonda-periodontal-cp12\/#primaryimage\"},\"thumbnailUrl\":\"https:\/\/yoestudiosalud.es\/wp-content\/uploads\/2020\/07\/002808B.jpg\",\"datePublished\":\"2020-07-19T21:20:09+00:00\",\"dateModified\":\"2025-07-01T19:59:25+00:00\",\"description\":\"La sonde parodontale CP12 est un instrument calibr\u00e9 pour la mesure de la profondeur. Elle permet d\u2019\u00e9tablir la topographie du sulcus.\",\"breadcrumb\":{\"@id\":\"https:\/\/yoestudiosalud.es\/fr\/produit\/sonda-periodontal-cp12\/#breadcrumb\"},\"inLanguage\":\"fr-FR\",\"potentialAction\":[{\"@type\":\"ReadAction\",\"target\":[\"https:\/\/yoestudiosalud.es\/fr\/produit\/sonda-periodontal-cp12\/\"]}]},{\"@type\":\"ImageObject\",\"inLanguage\":\"fr-FR\",\"@id\":\"https:\/\/yoestudiosalud.es\/fr\/produit\/sonda-periodontal-cp12\/#primaryimage\",\"url\":\"https:\/\/yoestudiosalud.es\/wp-content\/uploads\/2020\/07\/002808B.jpg\",\"contentUrl\":\"https:\/\/yoestudiosalud.es\/wp-content\/uploads\/2020\/07\/002808B.jpg\",\"width\":650,\"height\":650,\"caption\":\"SONDE PARODONTALE CP12\"},{\"@type\":\"BreadcrumbList\",\"@id\":\"https:\/\/yoestudiosalud.es\/fr\/produit\/sonda-periodontal-cp12\/#breadcrumb\",\"itemListElement\":[{\"@type\":\"ListItem\",\"position\":1,\"name\":\"Portada\",\"item\":\"https:\/\/yoestudiosalud.es\/fr\/\"},{\"@type\":\"ListItem\",\"position\":2,\"name\":\"Boutique\",\"item\":\"https:\/\/yoestudiosalud.es\/fr\/boutique\/\"},{\"@type\":\"ListItem\",\"position\":3,\"name\":\"SONDE PARODONTALE CP12\"}]},{\"@type\":\"WebSite\",\"@id\":\"https:\/\/yoestudiosalud.es\/en\/#website\",\"url\":\"https:\/\/yoestudiosalud.es\/en\/\",\"name\":\"yoestudiosalud.es\",\"description\":\"Material para estudiantes del sector salud\",\"publisher\":{\"@id\":\"https:\/\/yoestudiosalud.es\/en\/#organization\"},\"potentialAction\":[{\"@type\":\"SearchAction\",\"target\":{\"@type\":\"EntryPoint\",\"urlTemplate\":\"https:\/\/yoestudiosalud.es\/en\/?s={search_term_string}\"},\"query-input\":{\"@type\":\"PropertyValueSpecification\",\"valueRequired\":true,\"valueName\":\"search_term_string\"}}],\"inLanguage\":\"fr-FR\"},{\"@type\":\"Organization\",\"@id\":\"https:\/\/yoestudiosalud.es\/en\/#organization\",\"name\":\"yoestudiosalud.es\",\"url\":\"https:\/\/yoestudiosalud.es\/en\/\",\"logo\":{\"@type\":\"ImageObject\",\"inLanguage\":\"fr-FR\",\"@id\":\"https:\/\/yoestudiosalud.es\/en\/#\/schema\/logo\/image\/\",\"url\":\"https:\/\/yoestudiosalud.es\/wp-content\/uploads\/2020\/04\/logonew-e1698080827687.png\",\"contentUrl\":\"https:\/\/yoestudiosalud.es\/wp-content\/uploads\/2020\/04\/logonew-e1698080827687.png\",\"width\":421,\"height\":393,\"caption\":\"yoestudiosalud.es\"},\"image\":{\"@id\":\"https:\/\/yoestudiosalud.es\/en\/#\/schema\/logo\/image\/\"}}]}<\/script>\n<!-- \/ Yoast SEO Premium plugin. -->","yoast_head_json":{"title":"SONDE PARODONTALE CP12 - yoestudiosalud.es Dep\u00f3sito dental","description":"La sonde parodontale CP12 est un instrument calibr\u00e9 pour la mesure de la profondeur. Elle permet d\u2019\u00e9tablir la topographie du sulcus.","robots":{"index":"index","follow":"follow","max-snippet":"max-snippet:-1","max-image-preview":"max-image-preview:large","max-video-preview":"max-video-preview:-1"},"canonical":"https:\/\/yoestudiosalud.es\/fr\/produit\/sonda-periodontal-cp12\/","og_locale":"fr_FR","og_type":"article","og_title":"SONDE PARODONTALE CP12","og_description":"La sonde parodontale CP12 est un instrument calibr\u00e9 pour la mesure de la profondeur. Elle permet d\u2019\u00e9tablir la topographie du sulcus.","og_url":"https:\/\/yoestudiosalud.es\/fr\/produit\/sonda-periodontal-cp12\/","og_site_name":"yoestudiosalud.es","article_modified_time":"2025-07-01T19:59:25+00:00","og_image":[{"width":650,"height":650,"url":"https:\/\/yoestudiosalud.es\/wp-content\/uploads\/2020\/07\/002808B.jpg","type":"image\/jpeg"}],"twitter_card":"summary_large_image","schema":{"@context":"https:\/\/schema.org","@graph":[{"@type":"WebPage","@id":"https:\/\/yoestudiosalud.es\/fr\/produit\/sonda-periodontal-cp12\/","url":"https:\/\/yoestudiosalud.es\/fr\/produit\/sonda-periodontal-cp12\/","name":"SONDE PARODONTALE CP12 - yoestudiosalud.es Dep\u00f3sito dental","isPartOf":{"@id":"https:\/\/yoestudiosalud.es\/en\/#website"},"primaryImageOfPage":{"@id":"https:\/\/yoestudiosalud.es\/fr\/produit\/sonda-periodontal-cp12\/#primaryimage"},"image":{"@id":"https:\/\/yoestudiosalud.es\/fr\/produit\/sonda-periodontal-cp12\/#primaryimage"},"thumbnailUrl":"https:\/\/yoestudiosalud.es\/wp-content\/uploads\/2020\/07\/002808B.jpg","datePublished":"2020-07-19T21:20:09+00:00","dateModified":"2025-07-01T19:59:25+00:00","description":"La sonde parodontale CP12 est un instrument calibr\u00e9 pour la mesure de la profondeur. Elle permet d\u2019\u00e9tablir la topographie du sulcus.","breadcrumb":{"@id":"https:\/\/yoestudiosalud.es\/fr\/produit\/sonda-periodontal-cp12\/#breadcrumb"},"inLanguage":"fr-FR","potentialAction":[{"@type":"ReadAction","target":["https:\/\/yoestudiosalud.es\/fr\/produit\/sonda-periodontal-cp12\/"]}]},{"@type":"ImageObject","inLanguage":"fr-FR","@id":"https:\/\/yoestudiosalud.es\/fr\/produit\/sonda-periodontal-cp12\/#primaryimage","url":"https:\/\/yoestudiosalud.es\/wp-content\/uploads\/2020\/07\/002808B.jpg","contentUrl":"https:\/\/yoestudiosalud.es\/wp-content\/uploads\/2020\/07\/002808B.jpg","width":650,"height":650,"caption":"SONDE PARODONTALE CP12"},{"@type":"BreadcrumbList","@id":"https:\/\/yoestudiosalud.es\/fr\/produit\/sonda-periodontal-cp12\/#breadcrumb","itemListElement":[{"@type":"ListItem","position":1,"name":"Portada","item":"https:\/\/yoestudiosalud.es\/fr\/"},{"@type":"ListItem","position":2,"name":"Boutique","item":"https:\/\/yoestudiosalud.es\/fr\/boutique\/"},{"@type":"ListItem","position":3,"name":"SONDE PARODONTALE CP12"}]},{"@type":"WebSite","@id":"https:\/\/yoestudiosalud.es\/en\/#website","url":"https:\/\/yoestudiosalud.es\/en\/","name":"yoestudiosalud.es","description":"Material para estudiantes del sector salud","publisher":{"@id":"https:\/\/yoestudiosalud.es\/en\/#organization"},"potentialAction":[{"@type":"SearchAction","target":{"@type":"EntryPoint","urlTemplate":"https:\/\/yoestudiosalud.es\/en\/?s={search_term_string}"},"query-input":{"@type":"PropertyValueSpecification","valueRequired":true,"valueName":"search_term_string"}}],"inLanguage":"fr-FR"},{"@type":"Organization","@id":"https:\/\/yoestudiosalud.es\/en\/#organization","name":"yoestudiosalud.es","url":"https:\/\/yoestudiosalud.es\/en\/","logo":{"@type":"ImageObject","inLanguage":"fr-FR","@id":"https:\/\/yoestudiosalud.es\/en\/#\/schema\/logo\/image\/","url":"https:\/\/yoestudiosalud.es\/wp-content\/uploads\/2020\/04\/logonew-e1698080827687.png","contentUrl":"https:\/\/yoestudiosalud.es\/wp-content\/uploads\/2020\/04\/logonew-e1698080827687.png","width":421,"height":393,"caption":"yoestudiosalud.es"},"image":{"@id":"https:\/\/yoestudiosalud.es\/en\/#\/schema\/logo\/image\/"}}]}},"_links":{"self":[{"href":"https:\/\/yoestudiosalud.es\/fr\/wp-json\/wp\/v2\/product\/29352","targetHints":{"allow":["GET"]}}],"collection":[{"href":"https:\/\/yoestudiosalud.es\/fr\/wp-json\/wp\/v2\/product"}],"about":[{"href":"https:\/\/yoestudiosalud.es\/fr\/wp-json\/wp\/v2\/types\/product"}],"wp:featuredmedia":[{"embeddable":true,"href":"https:\/\/yoestudiosalud.es\/fr\/wp-json\/wp\/v2\/media\/29353"}],"wp:attachment":[{"href":"https:\/\/yoestudiosalud.es\/fr\/wp-json\/wp\/v2\/media?parent=29352"}],"wp:term":[{"taxonomy":"product_brand","embeddable":true,"href":"https:\/\/yoestudiosalud.es\/fr\/wp-json\/wp\/v2\/product_brand?post=29352"},{"taxonomy":"product_cat","embeddable":true,"href":"https:\/\/yoestudiosalud.es\/fr\/wp-json\/wp\/v2\/product_cat?post=29352"},{"taxonomy":"product_tag","embeddable":true,"href":"https:\/\/yoestudiosalud.es\/fr\/wp-json\/wp\/v2\/product_tag?post=29352"}],"curies":[{"name":"wp","href":"https:\/\/api.w.org\/{rel}","templated":true}]}}