{"id":29349,"date":"2020-07-19T21:11:41","date_gmt":"2020-07-19T21:11:41","guid":{"rendered":"https:\/\/yoestudiosalud.es\/producto\/curette-gracey-13-14silver\/"},"modified":"2025-07-01T18:49:42","modified_gmt":"2025-07-01T16:49:42","slug":"cureta-gracey-13-14-silver","status":"publish","type":"product","link":"https:\/\/yoestudiosalud.es\/fr\/produit\/cureta-gracey-13-14-silver\/","title":{"rendered":"CURETTE GRACEY 13\/14<br>SILVER"},"content":{"rendered":"<p>La curette Gracey Silver 13\/14 de Hu-Friedy est con\u00e7ue pour des zones sp\u00e9cifiques pour le d\u00e9tartrage profond, le surfa\u00e7age radiculaire, le surfa\u00e7age radiculaire, etc. L\u2019inclinaison de la lame offre un angle de travail parfait pour chaque surface dentaire, ce qui signifie que seul le bord inf\u00e9rieur de la lame est utilis\u00e9. La curette angulaire Gracey 13\/14 con\u00e7ue pour atteindre la surface distale des dents post\u00e9rieures.<\/p>\n<p>Silver by Hu-Friedy Les curettes Gracey sont des outils de diagnostic et de traitement utilis\u00e9s en dentisterie pour le d\u00e9tartrage et le surfa\u00e7age radiculaire. Leur conception sp\u00e9cifique permet d\u2019acc\u00e9der \u00e0 diff\u00e9rentes zones de la bouche et d\u2019\u00e9liminer avec pr\u00e9cision le tartre et la plaque des surfaces radiculaires.<\/p>\n<p>En revanche, la curette Gracey Silver 13\/14 a une forme unique avec une lame en forme de faucille qui permet d\u2019acc\u00e9der aux surfaces radiculaires et aux l\u00e9sions des tissus mous. En outre, elle poss\u00e8de une pointe ac\u00e9r\u00e9e qui permet d\u2019\u00e9liminer avec pr\u00e9cision le tartre et la plaque dentaire.<\/p>\n<p>Les professionnels dentaires utilisent donc les curettes Gracey Silver by Hu-Friedy pour traiter les maladies parodontales affectant les gencives et les tissus de soutien des dents. . Ainsi, l\u2019utilisation de ces curettes pour le d\u00e9tartrage et le surfa\u00e7age radiculaire permet d\u2019\u00e9liminer le tartre et la plaque des surfaces radiculaires, ce qui r\u00e9duit l\u2019inflammation et le saignement des gencives et pr\u00e9vient la perte des dents.<\/p>\n<p>Les curettes Silver\u2019s Gracey sont fabriqu\u00e9es en acier inoxydable de haute qualit\u00e9 et sont durables et r\u00e9sistantes \u00e0 la corrosion. En outre, ces curettes sont disponibles dans une vari\u00e9t\u00e9 de tailles et de mod\u00e8les pour r\u00e9pondre aux diff\u00e9rents besoins des patients.<\/p>\n<p>En r\u00e9sum\u00e9, les curettes Gracey de Silver by Hu-Friedy sont des outils essentiels dans le traitement des maladies parodontales. Leur conception sp\u00e9cifique et la pr\u00e9cision avec laquelle elles \u00e9liminent le tartre et la plaque des surfaces radiculaires en font un choix id\u00e9al pour les professionnels des soins dentaires. L\u2019utilisation correcte de ces curettes peut contribuer \u00e0 pr\u00e9venir la perte de dents et \u00e0 maintenir une bonne sant\u00e9 bucco-dentaire.<\/p>\n","protected":false},"excerpt":{"rendered":"<p>La curette Gracey Silver 13\/14 de Hu-Friedy est con\u00e7ue pour des zones sp\u00e9cifiques pour le d\u00e9tartrage profond, le surfa\u00e7age radiculaire, le surfa\u00e7age radiculaire, etc.<\/p>\n","protected":false},"featured_media":29351,"template":"","meta":[],"product_brand":[],"product_cat":[712],"product_tag":[774,689,692,703],"class_list":{"0":"post-29349","1":"product","2":"type-product","3":"status-publish","4":"has-post-thumbnail","6":"product_cat-periodontie-fr","7":"product_tag-ucm4-fr","8":"product_tag-ucv3","9":"product_tag-uev2","10":"product_tag-uemc_prd-fr","11":"pa_formacion-odontologia-fr","12":"pa_universidades-universidad-europea-miguel-de-cervantes-fr","14":"first","15":"instock","16":"sale","17":"taxable","18":"shipping-taxable","19":"purchasable","20":"product-type-simple"},"yoast_head":"<!-- This site is optimized with the Yoast SEO Premium plugin v27.0 (Yoast SEO v27.2) - https:\/\/yoast.com\/product\/yoast-seo-premium-wordpress\/ -->\n<title>CURETTE GRACEY 13\/14SILVER - yoestudiosalud.es<\/title>\n<meta name=\"description\" content=\"La curette Gracey Silver 13\/14 de Hu-Friedy est con\u00e7ue pour des zones sp\u00e9cifiques pour le d\u00e9tartrage profond\" \/>\n<meta name=\"robots\" content=\"index, follow, max-snippet:-1, max-image-preview:large, max-video-preview:-1\" \/>\n<link rel=\"canonical\" href=\"https:\/\/yoestudiosalud.es\/fr\/produit\/cureta-gracey-13-14-silver\/\" \/>\n<meta property=\"og:locale\" content=\"fr_FR\" \/>\n<meta property=\"og:type\" content=\"article\" \/>\n<meta property=\"og:title\" content=\"CURETTE GRACEY 13\/14SILVER\" \/>\n<meta property=\"og:description\" content=\"La curette Gracey Silver 13\/14 de Hu-Friedy est con\u00e7ue pour des zones sp\u00e9cifiques pour le d\u00e9tartrage profond\" \/>\n<meta property=\"og:url\" content=\"https:\/\/yoestudiosalud.es\/fr\/produit\/cureta-gracey-13-14-silver\/\" \/>\n<meta property=\"og:site_name\" content=\"yoestudiosalud.es\" \/>\n<meta property=\"article:modified_time\" content=\"2025-07-01T16:49:42+00:00\" \/>\n<meta property=\"og:image\" content=\"https:\/\/yoestudiosalud.es\/wp-content\/uploads\/2020\/07\/002963B.jpg\" \/>\n\t<meta property=\"og:image:width\" content=\"650\" \/>\n\t<meta property=\"og:image:height\" content=\"650\" \/>\n\t<meta property=\"og:image:type\" content=\"image\/jpeg\" \/>\n<meta name=\"twitter:card\" content=\"summary_large_image\" \/>\n<meta name=\"twitter:label1\" content=\"Dur\u00e9e de lecture estim\u00e9e\" \/>\n\t<meta name=\"twitter:data1\" content=\"2 minutes\" \/>\n<script type=\"application\/ld+json\" class=\"yoast-schema-graph\">{\"@context\":\"https:\/\/schema.org\",\"@graph\":[{\"@type\":\"WebPage\",\"@id\":\"https:\/\/yoestudiosalud.es\/fr\/produit\/cureta-gracey-13-14-silver\/\",\"url\":\"https:\/\/yoestudiosalud.es\/fr\/produit\/cureta-gracey-13-14-silver\/\",\"name\":\"CURETTE GRACEY 13\/14 SILVER - yoestudiosalud.es\",\"isPartOf\":{\"@id\":\"https:\/\/yoestudiosalud.es\/en\/#website\"},\"primaryImageOfPage\":{\"@id\":\"https:\/\/yoestudiosalud.es\/fr\/produit\/cureta-gracey-13-14-silver\/#primaryimage\"},\"image\":{\"@id\":\"https:\/\/yoestudiosalud.es\/fr\/produit\/cureta-gracey-13-14-silver\/#primaryimage\"},\"thumbnailUrl\":\"https:\/\/yoestudiosalud.es\/wp-content\/uploads\/2020\/07\/002963B.jpg\",\"datePublished\":\"2020-07-19T21:11:41+00:00\",\"dateModified\":\"2025-07-01T16:49:42+00:00\",\"description\":\"La curette Gracey Silver 13\/14 de Hu-Friedy est con\u00e7ue pour des zones sp\u00e9cifiques pour le d\u00e9tartrage profond\",\"breadcrumb\":{\"@id\":\"https:\/\/yoestudiosalud.es\/fr\/produit\/cureta-gracey-13-14-silver\/#breadcrumb\"},\"inLanguage\":\"fr-FR\",\"potentialAction\":[{\"@type\":\"ReadAction\",\"target\":[\"https:\/\/yoestudiosalud.es\/fr\/produit\/cureta-gracey-13-14-silver\/\"]}]},{\"@type\":\"ImageObject\",\"inLanguage\":\"fr-FR\",\"@id\":\"https:\/\/yoestudiosalud.es\/fr\/produit\/cureta-gracey-13-14-silver\/#primaryimage\",\"url\":\"https:\/\/yoestudiosalud.es\/wp-content\/uploads\/2020\/07\/002963B.jpg\",\"contentUrl\":\"https:\/\/yoestudiosalud.es\/wp-content\/uploads\/2020\/07\/002963B.jpg\",\"width\":650,\"height\":650,\"caption\":\"CURETTE GRACEY 13\/14 SILVER\"},{\"@type\":\"BreadcrumbList\",\"@id\":\"https:\/\/yoestudiosalud.es\/fr\/produit\/cureta-gracey-13-14-silver\/#breadcrumb\",\"itemListElement\":[{\"@type\":\"ListItem\",\"position\":1,\"name\":\"Portada\",\"item\":\"https:\/\/yoestudiosalud.es\/fr\/\"},{\"@type\":\"ListItem\",\"position\":2,\"name\":\"Boutique\",\"item\":\"https:\/\/yoestudiosalud.es\/fr\/boutique\/\"},{\"@type\":\"ListItem\",\"position\":3,\"name\":\"CURETTE GRACEY 13\/14SILVER\"}]},{\"@type\":\"WebSite\",\"@id\":\"https:\/\/yoestudiosalud.es\/en\/#website\",\"url\":\"https:\/\/yoestudiosalud.es\/en\/\",\"name\":\"yoestudiosalud.es\",\"description\":\"Material para estudiantes del sector salud\",\"publisher\":{\"@id\":\"https:\/\/yoestudiosalud.es\/en\/#organization\"},\"potentialAction\":[{\"@type\":\"SearchAction\",\"target\":{\"@type\":\"EntryPoint\",\"urlTemplate\":\"https:\/\/yoestudiosalud.es\/en\/?s={search_term_string}\"},\"query-input\":{\"@type\":\"PropertyValueSpecification\",\"valueRequired\":true,\"valueName\":\"search_term_string\"}}],\"inLanguage\":\"fr-FR\"},{\"@type\":\"Organization\",\"@id\":\"https:\/\/yoestudiosalud.es\/en\/#organization\",\"name\":\"yoestudiosalud.es\",\"url\":\"https:\/\/yoestudiosalud.es\/en\/\",\"logo\":{\"@type\":\"ImageObject\",\"inLanguage\":\"fr-FR\",\"@id\":\"https:\/\/yoestudiosalud.es\/en\/#\/schema\/logo\/image\/\",\"url\":\"https:\/\/yoestudiosalud.es\/wp-content\/uploads\/2020\/04\/logonew-e1698080827687.png\",\"contentUrl\":\"https:\/\/yoestudiosalud.es\/wp-content\/uploads\/2020\/04\/logonew-e1698080827687.png\",\"width\":421,\"height\":393,\"caption\":\"yoestudiosalud.es\"},\"image\":{\"@id\":\"https:\/\/yoestudiosalud.es\/en\/#\/schema\/logo\/image\/\"}}]}<\/script>\n<!-- \/ Yoast SEO Premium plugin. -->","yoast_head_json":{"title":"CURETTE GRACEY 13\/14SILVER - yoestudiosalud.es","description":"La curette Gracey Silver 13\/14 de Hu-Friedy est con\u00e7ue pour des zones sp\u00e9cifiques pour le d\u00e9tartrage profond","robots":{"index":"index","follow":"follow","max-snippet":"max-snippet:-1","max-image-preview":"max-image-preview:large","max-video-preview":"max-video-preview:-1"},"canonical":"https:\/\/yoestudiosalud.es\/fr\/produit\/cureta-gracey-13-14-silver\/","og_locale":"fr_FR","og_type":"article","og_title":"CURETTE GRACEY 13\/14SILVER","og_description":"La curette Gracey Silver 13\/14 de Hu-Friedy est con\u00e7ue pour des zones sp\u00e9cifiques pour le d\u00e9tartrage profond","og_url":"https:\/\/yoestudiosalud.es\/fr\/produit\/cureta-gracey-13-14-silver\/","og_site_name":"yoestudiosalud.es","article_modified_time":"2025-07-01T16:49:42+00:00","og_image":[{"width":650,"height":650,"url":"https:\/\/yoestudiosalud.es\/wp-content\/uploads\/2020\/07\/002963B.jpg","type":"image\/jpeg"}],"twitter_card":"summary_large_image","twitter_misc":{"Dur\u00e9e de lecture estim\u00e9e":"2 minutes"},"schema":{"@context":"https:\/\/schema.org","@graph":[{"@type":"WebPage","@id":"https:\/\/yoestudiosalud.es\/fr\/produit\/cureta-gracey-13-14-silver\/","url":"https:\/\/yoestudiosalud.es\/fr\/produit\/cureta-gracey-13-14-silver\/","name":"CURETTE GRACEY 13\/14 SILVER - yoestudiosalud.es","isPartOf":{"@id":"https:\/\/yoestudiosalud.es\/en\/#website"},"primaryImageOfPage":{"@id":"https:\/\/yoestudiosalud.es\/fr\/produit\/cureta-gracey-13-14-silver\/#primaryimage"},"image":{"@id":"https:\/\/yoestudiosalud.es\/fr\/produit\/cureta-gracey-13-14-silver\/#primaryimage"},"thumbnailUrl":"https:\/\/yoestudiosalud.es\/wp-content\/uploads\/2020\/07\/002963B.jpg","datePublished":"2020-07-19T21:11:41+00:00","dateModified":"2025-07-01T16:49:42+00:00","description":"La curette Gracey Silver 13\/14 de Hu-Friedy est con\u00e7ue pour des zones sp\u00e9cifiques pour le d\u00e9tartrage profond","breadcrumb":{"@id":"https:\/\/yoestudiosalud.es\/fr\/produit\/cureta-gracey-13-14-silver\/#breadcrumb"},"inLanguage":"fr-FR","potentialAction":[{"@type":"ReadAction","target":["https:\/\/yoestudiosalud.es\/fr\/produit\/cureta-gracey-13-14-silver\/"]}]},{"@type":"ImageObject","inLanguage":"fr-FR","@id":"https:\/\/yoestudiosalud.es\/fr\/produit\/cureta-gracey-13-14-silver\/#primaryimage","url":"https:\/\/yoestudiosalud.es\/wp-content\/uploads\/2020\/07\/002963B.jpg","contentUrl":"https:\/\/yoestudiosalud.es\/wp-content\/uploads\/2020\/07\/002963B.jpg","width":650,"height":650,"caption":"CURETTE GRACEY 13\/14 SILVER"},{"@type":"BreadcrumbList","@id":"https:\/\/yoestudiosalud.es\/fr\/produit\/cureta-gracey-13-14-silver\/#breadcrumb","itemListElement":[{"@type":"ListItem","position":1,"name":"Portada","item":"https:\/\/yoestudiosalud.es\/fr\/"},{"@type":"ListItem","position":2,"name":"Boutique","item":"https:\/\/yoestudiosalud.es\/fr\/boutique\/"},{"@type":"ListItem","position":3,"name":"CURETTE GRACEY 13\/14SILVER"}]},{"@type":"WebSite","@id":"https:\/\/yoestudiosalud.es\/en\/#website","url":"https:\/\/yoestudiosalud.es\/en\/","name":"yoestudiosalud.es","description":"Material para estudiantes del sector salud","publisher":{"@id":"https:\/\/yoestudiosalud.es\/en\/#organization"},"potentialAction":[{"@type":"SearchAction","target":{"@type":"EntryPoint","urlTemplate":"https:\/\/yoestudiosalud.es\/en\/?s={search_term_string}"},"query-input":{"@type":"PropertyValueSpecification","valueRequired":true,"valueName":"search_term_string"}}],"inLanguage":"fr-FR"},{"@type":"Organization","@id":"https:\/\/yoestudiosalud.es\/en\/#organization","name":"yoestudiosalud.es","url":"https:\/\/yoestudiosalud.es\/en\/","logo":{"@type":"ImageObject","inLanguage":"fr-FR","@id":"https:\/\/yoestudiosalud.es\/en\/#\/schema\/logo\/image\/","url":"https:\/\/yoestudiosalud.es\/wp-content\/uploads\/2020\/04\/logonew-e1698080827687.png","contentUrl":"https:\/\/yoestudiosalud.es\/wp-content\/uploads\/2020\/04\/logonew-e1698080827687.png","width":421,"height":393,"caption":"yoestudiosalud.es"},"image":{"@id":"https:\/\/yoestudiosalud.es\/en\/#\/schema\/logo\/image\/"}}]}},"_links":{"self":[{"href":"https:\/\/yoestudiosalud.es\/fr\/wp-json\/wp\/v2\/product\/29349","targetHints":{"allow":["GET"]}}],"collection":[{"href":"https:\/\/yoestudiosalud.es\/fr\/wp-json\/wp\/v2\/product"}],"about":[{"href":"https:\/\/yoestudiosalud.es\/fr\/wp-json\/wp\/v2\/types\/product"}],"wp:featuredmedia":[{"embeddable":true,"href":"https:\/\/yoestudiosalud.es\/fr\/wp-json\/wp\/v2\/media\/29351"}],"wp:attachment":[{"href":"https:\/\/yoestudiosalud.es\/fr\/wp-json\/wp\/v2\/media?parent=29349"}],"wp:term":[{"taxonomy":"product_brand","embeddable":true,"href":"https:\/\/yoestudiosalud.es\/fr\/wp-json\/wp\/v2\/product_brand?post=29349"},{"taxonomy":"product_cat","embeddable":true,"href":"https:\/\/yoestudiosalud.es\/fr\/wp-json\/wp\/v2\/product_cat?post=29349"},{"taxonomy":"product_tag","embeddable":true,"href":"https:\/\/yoestudiosalud.es\/fr\/wp-json\/wp\/v2\/product_tag?post=29349"}],"curies":[{"name":"wp","href":"https:\/\/api.w.org\/{rel}","templated":true}]}}