{"id":29346,"date":"2020-07-19T21:11:38","date_gmt":"2020-07-19T21:11:38","guid":{"rendered":"https:\/\/yoestudiosalud.es\/producto\/cureta-gracey-11-12-silver\/"},"modified":"2025-07-01T18:45:51","modified_gmt":"2025-07-01T16:45:51","slug":"cureta-gracey-11-12-silver","status":"publish","type":"product","link":"https:\/\/yoestudiosalud.es\/fr\/produit\/cureta-gracey-11-12-silver\/","title":{"rendered":"CURETTE GRACEY 11\/12<br>SILVER"},"content":{"rendered":"<p>La curette Gracey Silver 11\/12 de Hu-Friedy est con\u00e7ue pour des zones sp\u00e9cifiques pour le d\u00e9tartrage profond, le surfa\u00e7age radiculaire, le surfa\u00e7age radiculaire, etc. L\u2019inclinaison de la lame offre un angle de travail parfait pour chaque surface dentaire, ce qui signifie que seul le bord inf\u00e9rieur de la lame est utilis\u00e9. La curette Gracey 11\/12 est con\u00e7ue pour atteindre la surface m\u00e9siale des dents post\u00e9rieures.<\/p>\n<p>&nbsp;<\/p>\n","protected":false},"excerpt":{"rendered":"<p>La curette Gracey Silver 11\/12 de Hu-Friedy est con\u00e7ue pour des zones sp\u00e9cifiques pour le d\u00e9tartrage profond, le surfa\u00e7age radiculaire, le surfa\u00e7age radiculaire, etc.<\/p>\n","protected":false},"featured_media":29348,"template":"","meta":[],"product_brand":[],"product_cat":[712],"product_tag":[689,692,703,774],"class_list":{"0":"post-29346","1":"product","2":"type-product","3":"status-publish","4":"has-post-thumbnail","6":"product_cat-periodontie-fr","7":"product_tag-ucv3","8":"product_tag-uev2","9":"product_tag-uemc_prd-fr","10":"product_tag-ucm4-fr","11":"pa_formacion-odontologia-fr","12":"pa_universidades-universidad-europea-miguel-de-cervantes-fr","14":"first","15":"instock","16":"sale","17":"taxable","18":"shipping-taxable","19":"purchasable","20":"product-type-simple"},"yoast_head":"<!-- This site is optimized with the Yoast SEO Premium plugin v27.0 (Yoast SEO v27.2) - https:\/\/yoast.com\/product\/yoast-seo-premium-wordpress\/ -->\n<title>CURETTE GRACEY 11\/12SILVER - yoestudiosalud.es<\/title>\n<meta name=\"description\" content=\"La curette Gracey Silver 11\/12 de Hu-Friedy est con\u00e7ue pour des zones sp\u00e9cifiques pour le d\u00e9tartrage profond, le surfa\u00e7age radiculaire, le surfa\u00e7age radiculaire, etc.\" \/>\n<meta name=\"robots\" content=\"index, follow, max-snippet:-1, max-image-preview:large, max-video-preview:-1\" \/>\n<link rel=\"canonical\" href=\"https:\/\/yoestudiosalud.es\/fr\/produit\/cureta-gracey-11-12-silver\/\" \/>\n<meta property=\"og:locale\" content=\"fr_FR\" \/>\n<meta property=\"og:type\" content=\"article\" \/>\n<meta property=\"og:title\" content=\"CURETTE GRACEY 11\/12SILVER\" \/>\n<meta property=\"og:description\" content=\"La curette Gracey Silver 11\/12 de Hu-Friedy est con\u00e7ue pour des zones sp\u00e9cifiques pour le d\u00e9tartrage profond, le surfa\u00e7age radiculaire, le surfa\u00e7age radiculaire, etc.\" \/>\n<meta property=\"og:url\" content=\"https:\/\/yoestudiosalud.es\/fr\/produit\/cureta-gracey-11-12-silver\/\" \/>\n<meta property=\"og:site_name\" content=\"yoestudiosalud.es\" \/>\n<meta property=\"article:modified_time\" content=\"2025-07-01T16:45:51+00:00\" \/>\n<meta property=\"og:image\" content=\"https:\/\/yoestudiosalud.es\/wp-content\/uploads\/2020\/07\/002964B.jpg\" \/>\n\t<meta property=\"og:image:width\" content=\"650\" \/>\n\t<meta property=\"og:image:height\" content=\"650\" \/>\n\t<meta property=\"og:image:type\" content=\"image\/jpeg\" \/>\n<meta name=\"twitter:card\" content=\"summary_large_image\" \/>\n<script type=\"application\/ld+json\" class=\"yoast-schema-graph\">{\"@context\":\"https:\/\/schema.org\",\"@graph\":[{\"@type\":\"WebPage\",\"@id\":\"https:\/\/yoestudiosalud.es\/fr\/produit\/cureta-gracey-11-12-silver\/\",\"url\":\"https:\/\/yoestudiosalud.es\/fr\/produit\/cureta-gracey-11-12-silver\/\",\"name\":\"CURETTE GRACEY 11\/12 SILVER - yoestudiosalud.es\",\"isPartOf\":{\"@id\":\"https:\/\/yoestudiosalud.es\/en\/#website\"},\"primaryImageOfPage\":{\"@id\":\"https:\/\/yoestudiosalud.es\/fr\/produit\/cureta-gracey-11-12-silver\/#primaryimage\"},\"image\":{\"@id\":\"https:\/\/yoestudiosalud.es\/fr\/produit\/cureta-gracey-11-12-silver\/#primaryimage\"},\"thumbnailUrl\":\"https:\/\/yoestudiosalud.es\/wp-content\/uploads\/2020\/07\/002964B.jpg\",\"datePublished\":\"2020-07-19T21:11:38+00:00\",\"dateModified\":\"2025-07-01T16:45:51+00:00\",\"description\":\"La curette Gracey Silver 11\/12 de Hu-Friedy est con\u00e7ue pour des zones sp\u00e9cifiques pour le d\u00e9tartrage profond, le surfa\u00e7age radiculaire, le surfa\u00e7age radiculaire, etc.\",\"breadcrumb\":{\"@id\":\"https:\/\/yoestudiosalud.es\/fr\/produit\/cureta-gracey-11-12-silver\/#breadcrumb\"},\"inLanguage\":\"fr-FR\",\"potentialAction\":[{\"@type\":\"ReadAction\",\"target\":[\"https:\/\/yoestudiosalud.es\/fr\/produit\/cureta-gracey-11-12-silver\/\"]}]},{\"@type\":\"ImageObject\",\"inLanguage\":\"fr-FR\",\"@id\":\"https:\/\/yoestudiosalud.es\/fr\/produit\/cureta-gracey-11-12-silver\/#primaryimage\",\"url\":\"https:\/\/yoestudiosalud.es\/wp-content\/uploads\/2020\/07\/002964B.jpg\",\"contentUrl\":\"https:\/\/yoestudiosalud.es\/wp-content\/uploads\/2020\/07\/002964B.jpg\",\"width\":650,\"height\":650,\"caption\":\"CURETTE GRACEY 11\/12 SILVER\"},{\"@type\":\"BreadcrumbList\",\"@id\":\"https:\/\/yoestudiosalud.es\/fr\/produit\/cureta-gracey-11-12-silver\/#breadcrumb\",\"itemListElement\":[{\"@type\":\"ListItem\",\"position\":1,\"name\":\"Portada\",\"item\":\"https:\/\/yoestudiosalud.es\/fr\/\"},{\"@type\":\"ListItem\",\"position\":2,\"name\":\"Boutique\",\"item\":\"https:\/\/yoestudiosalud.es\/fr\/boutique\/\"},{\"@type\":\"ListItem\",\"position\":3,\"name\":\"CURETTE GRACEY 11\/12SILVER\"}]},{\"@type\":\"WebSite\",\"@id\":\"https:\/\/yoestudiosalud.es\/en\/#website\",\"url\":\"https:\/\/yoestudiosalud.es\/en\/\",\"name\":\"yoestudiosalud.es\",\"description\":\"Material para estudiantes del sector salud\",\"publisher\":{\"@id\":\"https:\/\/yoestudiosalud.es\/en\/#organization\"},\"potentialAction\":[{\"@type\":\"SearchAction\",\"target\":{\"@type\":\"EntryPoint\",\"urlTemplate\":\"https:\/\/yoestudiosalud.es\/en\/?s={search_term_string}\"},\"query-input\":{\"@type\":\"PropertyValueSpecification\",\"valueRequired\":true,\"valueName\":\"search_term_string\"}}],\"inLanguage\":\"fr-FR\"},{\"@type\":\"Organization\",\"@id\":\"https:\/\/yoestudiosalud.es\/en\/#organization\",\"name\":\"yoestudiosalud.es\",\"url\":\"https:\/\/yoestudiosalud.es\/en\/\",\"logo\":{\"@type\":\"ImageObject\",\"inLanguage\":\"fr-FR\",\"@id\":\"https:\/\/yoestudiosalud.es\/en\/#\/schema\/logo\/image\/\",\"url\":\"https:\/\/yoestudiosalud.es\/wp-content\/uploads\/2020\/04\/logonew-e1698080827687.png\",\"contentUrl\":\"https:\/\/yoestudiosalud.es\/wp-content\/uploads\/2020\/04\/logonew-e1698080827687.png\",\"width\":421,\"height\":393,\"caption\":\"yoestudiosalud.es\"},\"image\":{\"@id\":\"https:\/\/yoestudiosalud.es\/en\/#\/schema\/logo\/image\/\"}}]}<\/script>\n<!-- \/ Yoast SEO Premium plugin. -->","yoast_head_json":{"title":"CURETTE GRACEY 11\/12SILVER - yoestudiosalud.es","description":"La curette Gracey Silver 11\/12 de Hu-Friedy est con\u00e7ue pour des zones sp\u00e9cifiques pour le d\u00e9tartrage profond, le surfa\u00e7age radiculaire, le surfa\u00e7age radiculaire, etc.","robots":{"index":"index","follow":"follow","max-snippet":"max-snippet:-1","max-image-preview":"max-image-preview:large","max-video-preview":"max-video-preview:-1"},"canonical":"https:\/\/yoestudiosalud.es\/fr\/produit\/cureta-gracey-11-12-silver\/","og_locale":"fr_FR","og_type":"article","og_title":"CURETTE GRACEY 11\/12SILVER","og_description":"La curette Gracey Silver 11\/12 de Hu-Friedy est con\u00e7ue pour des zones sp\u00e9cifiques pour le d\u00e9tartrage profond, le surfa\u00e7age radiculaire, le surfa\u00e7age radiculaire, etc.","og_url":"https:\/\/yoestudiosalud.es\/fr\/produit\/cureta-gracey-11-12-silver\/","og_site_name":"yoestudiosalud.es","article_modified_time":"2025-07-01T16:45:51+00:00","og_image":[{"width":650,"height":650,"url":"https:\/\/yoestudiosalud.es\/wp-content\/uploads\/2020\/07\/002964B.jpg","type":"image\/jpeg"}],"twitter_card":"summary_large_image","schema":{"@context":"https:\/\/schema.org","@graph":[{"@type":"WebPage","@id":"https:\/\/yoestudiosalud.es\/fr\/produit\/cureta-gracey-11-12-silver\/","url":"https:\/\/yoestudiosalud.es\/fr\/produit\/cureta-gracey-11-12-silver\/","name":"CURETTE GRACEY 11\/12 SILVER - yoestudiosalud.es","isPartOf":{"@id":"https:\/\/yoestudiosalud.es\/en\/#website"},"primaryImageOfPage":{"@id":"https:\/\/yoestudiosalud.es\/fr\/produit\/cureta-gracey-11-12-silver\/#primaryimage"},"image":{"@id":"https:\/\/yoestudiosalud.es\/fr\/produit\/cureta-gracey-11-12-silver\/#primaryimage"},"thumbnailUrl":"https:\/\/yoestudiosalud.es\/wp-content\/uploads\/2020\/07\/002964B.jpg","datePublished":"2020-07-19T21:11:38+00:00","dateModified":"2025-07-01T16:45:51+00:00","description":"La curette Gracey Silver 11\/12 de Hu-Friedy est con\u00e7ue pour des zones sp\u00e9cifiques pour le d\u00e9tartrage profond, le surfa\u00e7age radiculaire, le surfa\u00e7age radiculaire, etc.","breadcrumb":{"@id":"https:\/\/yoestudiosalud.es\/fr\/produit\/cureta-gracey-11-12-silver\/#breadcrumb"},"inLanguage":"fr-FR","potentialAction":[{"@type":"ReadAction","target":["https:\/\/yoestudiosalud.es\/fr\/produit\/cureta-gracey-11-12-silver\/"]}]},{"@type":"ImageObject","inLanguage":"fr-FR","@id":"https:\/\/yoestudiosalud.es\/fr\/produit\/cureta-gracey-11-12-silver\/#primaryimage","url":"https:\/\/yoestudiosalud.es\/wp-content\/uploads\/2020\/07\/002964B.jpg","contentUrl":"https:\/\/yoestudiosalud.es\/wp-content\/uploads\/2020\/07\/002964B.jpg","width":650,"height":650,"caption":"CURETTE GRACEY 11\/12 SILVER"},{"@type":"BreadcrumbList","@id":"https:\/\/yoestudiosalud.es\/fr\/produit\/cureta-gracey-11-12-silver\/#breadcrumb","itemListElement":[{"@type":"ListItem","position":1,"name":"Portada","item":"https:\/\/yoestudiosalud.es\/fr\/"},{"@type":"ListItem","position":2,"name":"Boutique","item":"https:\/\/yoestudiosalud.es\/fr\/boutique\/"},{"@type":"ListItem","position":3,"name":"CURETTE GRACEY 11\/12SILVER"}]},{"@type":"WebSite","@id":"https:\/\/yoestudiosalud.es\/en\/#website","url":"https:\/\/yoestudiosalud.es\/en\/","name":"yoestudiosalud.es","description":"Material para estudiantes del sector salud","publisher":{"@id":"https:\/\/yoestudiosalud.es\/en\/#organization"},"potentialAction":[{"@type":"SearchAction","target":{"@type":"EntryPoint","urlTemplate":"https:\/\/yoestudiosalud.es\/en\/?s={search_term_string}"},"query-input":{"@type":"PropertyValueSpecification","valueRequired":true,"valueName":"search_term_string"}}],"inLanguage":"fr-FR"},{"@type":"Organization","@id":"https:\/\/yoestudiosalud.es\/en\/#organization","name":"yoestudiosalud.es","url":"https:\/\/yoestudiosalud.es\/en\/","logo":{"@type":"ImageObject","inLanguage":"fr-FR","@id":"https:\/\/yoestudiosalud.es\/en\/#\/schema\/logo\/image\/","url":"https:\/\/yoestudiosalud.es\/wp-content\/uploads\/2020\/04\/logonew-e1698080827687.png","contentUrl":"https:\/\/yoestudiosalud.es\/wp-content\/uploads\/2020\/04\/logonew-e1698080827687.png","width":421,"height":393,"caption":"yoestudiosalud.es"},"image":{"@id":"https:\/\/yoestudiosalud.es\/en\/#\/schema\/logo\/image\/"}}]}},"_links":{"self":[{"href":"https:\/\/yoestudiosalud.es\/fr\/wp-json\/wp\/v2\/product\/29346","targetHints":{"allow":["GET"]}}],"collection":[{"href":"https:\/\/yoestudiosalud.es\/fr\/wp-json\/wp\/v2\/product"}],"about":[{"href":"https:\/\/yoestudiosalud.es\/fr\/wp-json\/wp\/v2\/types\/product"}],"wp:featuredmedia":[{"embeddable":true,"href":"https:\/\/yoestudiosalud.es\/fr\/wp-json\/wp\/v2\/media\/29348"}],"wp:attachment":[{"href":"https:\/\/yoestudiosalud.es\/fr\/wp-json\/wp\/v2\/media?parent=29346"}],"wp:term":[{"taxonomy":"product_brand","embeddable":true,"href":"https:\/\/yoestudiosalud.es\/fr\/wp-json\/wp\/v2\/product_brand?post=29346"},{"taxonomy":"product_cat","embeddable":true,"href":"https:\/\/yoestudiosalud.es\/fr\/wp-json\/wp\/v2\/product_cat?post=29346"},{"taxonomy":"product_tag","embeddable":true,"href":"https:\/\/yoestudiosalud.es\/fr\/wp-json\/wp\/v2\/product_tag?post=29346"}],"curies":[{"name":"wp","href":"https:\/\/api.w.org\/{rel}","templated":true}]}}