{"id":29309,"date":"2020-07-19T18:23:53","date_gmt":"2020-07-19T18:23:53","guid":{"rendered":"https:\/\/yoestudiosalud.es\/producto\/luxateur-bein-5mm\/"},"modified":"2020-07-19T18:23:53","modified_gmt":"2020-07-19T18:23:53","slug":"luxateur-bein-5mm","status":"publish","type":"product","link":"https:\/\/yoestudiosalud.es\/fr\/produit\/luxateur-bein-5mm\/","title":{"rendered":"LUXATEUR BEIN 5mm"},"content":{"rendered":"<p>Le luxateur Bein de 5 mm est largement utilis\u00e9 en dentisterie pour le retrait et l&#8217;extraction de dents, de fragments et de racines. Ces instruments se caract\u00e9risent par leur conception ergonomique et leur pointe ac\u00e9r\u00e9e, ce qui leur permet d&#8217;effectuer des proc\u00e9dures avec pr\u00e9cision et efficacit\u00e9.<\/p>\n<p>Avant tout, il est important de noter que les poin\u00e7ons bein 5 mm sont particuli\u00e8rement utiles lors des proc\u00e9dures d&#8217;extraction dentaire. Leur taille compacte et leur forme \u00e9lanc\u00e9e facilitent l&#8217;acc\u00e8s aux zones difficiles \u00e0 atteindre dans la cavit\u00e9 buccale. En outre, la pointe ac\u00e9r\u00e9e de ces extracteurs permet de s\u00e9parer d\u00e9licatement la dent des tissus environnants, minimisant ainsi le risque d&#8217;endommager les structures adjacentes.<\/p>\n<p>Le foret Bein 5 mm est particuli\u00e8rement efficace pour l&#8217;extraction des dents fractur\u00e9es ou des dents dont les racines sont compliqu\u00e9es.<\/p>\n<p>La pointe ac\u00e9r\u00e9e est ins\u00e9r\u00e9e dans l&#8217;espace entre la racine et l&#8217;os et, gr\u00e2ce \u00e0 des mouvements doux et pr\u00e9cis, la racine est d\u00e9log\u00e9e en toute s\u00e9curit\u00e9, ce qui permet d&#8217;\u00e9viter d&#8217;autres complications et facilite la cicatrisation de la zone trait\u00e9e. Outre leur utilisation pour les extractions de dents, les extracteurs Bein 5 mm sont \u00e9galement utilis\u00e9s pour l&#8217;\u00e9limination de fragments de dents. Dans les cas de fractures dentaires, il est fr\u00e9quent que les fragments s&#8217;incrustent dans les tissus mous. Gr\u00e2ce \u00e0 ces extracteurs, les fragments peuvent \u00eatre soigneusement localis\u00e9s et retir\u00e9s sans causer de dommages suppl\u00e9mentaires.<\/p>\n<p>En r\u00e9sum\u00e9, l&#8217;extracteur Bein 5 mm est sp\u00e9cialement con\u00e7u pour l&#8217;extraction des dents, des fragments et des racines. Leur conception ergonomique et leur pointe ac\u00e9r\u00e9e leur permettent d&#8217;\u00eatre pr\u00e9cis et efficaces pendant les proc\u00e9dures, minimisant ainsi le risque de complications et de dommages suppl\u00e9mentaires.<\/p>\n<p>Gr\u00e2ce \u00e0 leur polyvalence et \u00e0 leur efficacit\u00e9, ces poin\u00e7ons constituent un \u00e9l\u00e9ment essentiel de la bo\u00eete \u00e0 outils de tout professionnel des soins dentaires. Caract\u00e9ristiques :<\/p>\n<ul>\n<li>\u00a0Fabriqu\u00e9 en acier inoxydable.<\/li>\n<li>St\u00e9rilisable<\/li>\n<li>Partie active droite, avec pointe concave et arrondie<\/li>\n<li>Longueur 12 cm<\/li>\n<li>Diam\u00e8tre de la pointe FINO : 5 mm.<\/li>\n<li>Cet instrument d&#8217;\u00e9l\u00e9vation de la racine est indiqu\u00e9 pour la chirurgie.<\/li>\n<li>Marque Master Surgical.<\/li>\n<\/ul>\n","protected":false},"excerpt":{"rendered":"<p>Le luxateur Bein de 5 mm est largement utilis\u00e9 en dentisterie pour le retrait et l&#8217;extraction de dents, de fragments et de racines. Ces instruments se caract\u00e9risent par leur conception ergonomique et leur pointe ac\u00e9r\u00e9e, ce qui leur permet d&#8217;effectuer des proc\u00e9dures avec pr\u00e9cision et efficacit\u00e9.<\/p>\n","protected":false},"featured_media":29310,"template":"","meta":[],"product_brand":[],"product_cat":[681],"product_tag":[688,690,755],"class_list":{"0":"post-29309","1":"product","2":"type-product","3":"status-publish","4":"has-post-thumbnail","6":"product_cat-chirurgie-fr","7":"product_tag-ceu3","8":"product_tag-uem3-fr","9":"product_tag-ucam3-fr","10":"pa_formacion-odontologia-fr","12":"first","13":"instock","14":"sale","15":"taxable","16":"shipping-taxable","17":"purchasable","18":"product-type-simple"},"yoast_head":"<!-- This site is optimized with the Yoast SEO Premium plugin v27.0 (Yoast SEO v27.2) - https:\/\/yoast.com\/product\/yoast-seo-premium-wordpress\/ -->\n<title>LUXATEUR BEIN 5mm - yoestudiosalud.es Dep\u00f3sito Dental<\/title>\n<meta name=\"description\" content=\"Le luxateur Bein de 5 mm est largement utilis\u00e9 en dentisterie pour le retrait et l&#039;extraction de dents, de fragments et de racines.\" \/>\n<meta name=\"robots\" content=\"index, follow, max-snippet:-1, max-image-preview:large, max-video-preview:-1\" \/>\n<link rel=\"canonical\" href=\"https:\/\/yoestudiosalud.es\/fr\/produit\/luxateur-bein-5mm\/\" \/>\n<meta property=\"og:locale\" content=\"fr_FR\" \/>\n<meta property=\"og:type\" content=\"article\" \/>\n<meta property=\"og:title\" content=\"LUXATEUR BEIN 5mm\" \/>\n<meta property=\"og:description\" content=\"Le luxateur Bein de 5 mm est largement utilis\u00e9 en dentisterie pour le retrait et l&#039;extraction de dents, de fragments et de racines.\" \/>\n<meta property=\"og:url\" content=\"https:\/\/yoestudiosalud.es\/fr\/produit\/luxateur-bein-5mm\/\" \/>\n<meta property=\"og:site_name\" content=\"yoestudiosalud.es\" \/>\n<meta property=\"og:image\" content=\"https:\/\/yoestudiosalud.es\/wp-content\/uploads\/2020\/07\/002889.jpg\" \/>\n\t<meta property=\"og:image:width\" content=\"650\" \/>\n\t<meta property=\"og:image:height\" content=\"650\" \/>\n\t<meta property=\"og:image:type\" content=\"image\/jpeg\" \/>\n<meta name=\"twitter:card\" content=\"summary_large_image\" \/>\n<meta name=\"twitter:label1\" content=\"Dur\u00e9e de lecture estim\u00e9e\" \/>\n\t<meta name=\"twitter:data1\" content=\"2 minutes\" \/>\n<script type=\"application\/ld+json\" class=\"yoast-schema-graph\">{\"@context\":\"https:\/\/schema.org\",\"@graph\":[{\"@type\":\"WebPage\",\"@id\":\"https:\/\/yoestudiosalud.es\/fr\/produit\/luxateur-bein-5mm\/\",\"url\":\"https:\/\/yoestudiosalud.es\/fr\/produit\/luxateur-bein-5mm\/\",\"name\":\"LUXATEUR BEIN 5mm - yoestudiosalud.es Dep\u00f3sito Dental\",\"isPartOf\":{\"@id\":\"https:\/\/yoestudiosalud.es\/en\/#website\"},\"primaryImageOfPage\":{\"@id\":\"https:\/\/yoestudiosalud.es\/fr\/produit\/luxateur-bein-5mm\/#primaryimage\"},\"image\":{\"@id\":\"https:\/\/yoestudiosalud.es\/fr\/produit\/luxateur-bein-5mm\/#primaryimage\"},\"thumbnailUrl\":\"https:\/\/yoestudiosalud.es\/wp-content\/uploads\/2020\/07\/002889.jpg\",\"datePublished\":\"2020-07-19T18:23:53+00:00\",\"description\":\"Le luxateur Bein de 5 mm est largement utilis\u00e9 en dentisterie pour le retrait et l'extraction de dents, de fragments et de racines.\",\"breadcrumb\":{\"@id\":\"https:\/\/yoestudiosalud.es\/fr\/produit\/luxateur-bein-5mm\/#breadcrumb\"},\"inLanguage\":\"fr-FR\",\"potentialAction\":[{\"@type\":\"ReadAction\",\"target\":[\"https:\/\/yoestudiosalud.es\/fr\/produit\/luxateur-bein-5mm\/\"]}]},{\"@type\":\"ImageObject\",\"inLanguage\":\"fr-FR\",\"@id\":\"https:\/\/yoestudiosalud.es\/fr\/produit\/luxateur-bein-5mm\/#primaryimage\",\"url\":\"https:\/\/yoestudiosalud.es\/wp-content\/uploads\/2020\/07\/002889.jpg\",\"contentUrl\":\"https:\/\/yoestudiosalud.es\/wp-content\/uploads\/2020\/07\/002889.jpg\",\"width\":650,\"height\":650,\"caption\":\"LUXATEUR BEIN 5mm\"},{\"@type\":\"BreadcrumbList\",\"@id\":\"https:\/\/yoestudiosalud.es\/fr\/produit\/luxateur-bein-5mm\/#breadcrumb\",\"itemListElement\":[{\"@type\":\"ListItem\",\"position\":1,\"name\":\"Portada\",\"item\":\"https:\/\/yoestudiosalud.es\/fr\/\"},{\"@type\":\"ListItem\",\"position\":2,\"name\":\"Boutique\",\"item\":\"https:\/\/yoestudiosalud.es\/fr\/boutique\/\"},{\"@type\":\"ListItem\",\"position\":3,\"name\":\"LUXATEUR BEIN 5mm\"}]},{\"@type\":\"WebSite\",\"@id\":\"https:\/\/yoestudiosalud.es\/en\/#website\",\"url\":\"https:\/\/yoestudiosalud.es\/en\/\",\"name\":\"yoestudiosalud.es\",\"description\":\"Material para estudiantes del sector salud\",\"publisher\":{\"@id\":\"https:\/\/yoestudiosalud.es\/en\/#organization\"},\"potentialAction\":[{\"@type\":\"SearchAction\",\"target\":{\"@type\":\"EntryPoint\",\"urlTemplate\":\"https:\/\/yoestudiosalud.es\/en\/?s={search_term_string}\"},\"query-input\":{\"@type\":\"PropertyValueSpecification\",\"valueRequired\":true,\"valueName\":\"search_term_string\"}}],\"inLanguage\":\"fr-FR\"},{\"@type\":\"Organization\",\"@id\":\"https:\/\/yoestudiosalud.es\/en\/#organization\",\"name\":\"yoestudiosalud.es\",\"url\":\"https:\/\/yoestudiosalud.es\/en\/\",\"logo\":{\"@type\":\"ImageObject\",\"inLanguage\":\"fr-FR\",\"@id\":\"https:\/\/yoestudiosalud.es\/en\/#\/schema\/logo\/image\/\",\"url\":\"https:\/\/yoestudiosalud.es\/wp-content\/uploads\/2020\/04\/logonew-e1698080827687.png\",\"contentUrl\":\"https:\/\/yoestudiosalud.es\/wp-content\/uploads\/2020\/04\/logonew-e1698080827687.png\",\"width\":421,\"height\":393,\"caption\":\"yoestudiosalud.es\"},\"image\":{\"@id\":\"https:\/\/yoestudiosalud.es\/en\/#\/schema\/logo\/image\/\"}}]}<\/script>\n<!-- \/ Yoast SEO Premium plugin. -->","yoast_head_json":{"title":"LUXATEUR BEIN 5mm - yoestudiosalud.es Dep\u00f3sito Dental","description":"Le luxateur Bein de 5 mm est largement utilis\u00e9 en dentisterie pour le retrait et l'extraction de dents, de fragments et de racines.","robots":{"index":"index","follow":"follow","max-snippet":"max-snippet:-1","max-image-preview":"max-image-preview:large","max-video-preview":"max-video-preview:-1"},"canonical":"https:\/\/yoestudiosalud.es\/fr\/produit\/luxateur-bein-5mm\/","og_locale":"fr_FR","og_type":"article","og_title":"LUXATEUR BEIN 5mm","og_description":"Le luxateur Bein de 5 mm est largement utilis\u00e9 en dentisterie pour le retrait et l'extraction de dents, de fragments et de racines.","og_url":"https:\/\/yoestudiosalud.es\/fr\/produit\/luxateur-bein-5mm\/","og_site_name":"yoestudiosalud.es","og_image":[{"width":650,"height":650,"url":"https:\/\/yoestudiosalud.es\/wp-content\/uploads\/2020\/07\/002889.jpg","type":"image\/jpeg"}],"twitter_card":"summary_large_image","twitter_misc":{"Dur\u00e9e de lecture estim\u00e9e":"2 minutes"},"schema":{"@context":"https:\/\/schema.org","@graph":[{"@type":"WebPage","@id":"https:\/\/yoestudiosalud.es\/fr\/produit\/luxateur-bein-5mm\/","url":"https:\/\/yoestudiosalud.es\/fr\/produit\/luxateur-bein-5mm\/","name":"LUXATEUR BEIN 5mm - yoestudiosalud.es Dep\u00f3sito Dental","isPartOf":{"@id":"https:\/\/yoestudiosalud.es\/en\/#website"},"primaryImageOfPage":{"@id":"https:\/\/yoestudiosalud.es\/fr\/produit\/luxateur-bein-5mm\/#primaryimage"},"image":{"@id":"https:\/\/yoestudiosalud.es\/fr\/produit\/luxateur-bein-5mm\/#primaryimage"},"thumbnailUrl":"https:\/\/yoestudiosalud.es\/wp-content\/uploads\/2020\/07\/002889.jpg","datePublished":"2020-07-19T18:23:53+00:00","description":"Le luxateur Bein de 5 mm est largement utilis\u00e9 en dentisterie pour le retrait et l'extraction de dents, de fragments et de racines.","breadcrumb":{"@id":"https:\/\/yoestudiosalud.es\/fr\/produit\/luxateur-bein-5mm\/#breadcrumb"},"inLanguage":"fr-FR","potentialAction":[{"@type":"ReadAction","target":["https:\/\/yoestudiosalud.es\/fr\/produit\/luxateur-bein-5mm\/"]}]},{"@type":"ImageObject","inLanguage":"fr-FR","@id":"https:\/\/yoestudiosalud.es\/fr\/produit\/luxateur-bein-5mm\/#primaryimage","url":"https:\/\/yoestudiosalud.es\/wp-content\/uploads\/2020\/07\/002889.jpg","contentUrl":"https:\/\/yoestudiosalud.es\/wp-content\/uploads\/2020\/07\/002889.jpg","width":650,"height":650,"caption":"LUXATEUR BEIN 5mm"},{"@type":"BreadcrumbList","@id":"https:\/\/yoestudiosalud.es\/fr\/produit\/luxateur-bein-5mm\/#breadcrumb","itemListElement":[{"@type":"ListItem","position":1,"name":"Portada","item":"https:\/\/yoestudiosalud.es\/fr\/"},{"@type":"ListItem","position":2,"name":"Boutique","item":"https:\/\/yoestudiosalud.es\/fr\/boutique\/"},{"@type":"ListItem","position":3,"name":"LUXATEUR BEIN 5mm"}]},{"@type":"WebSite","@id":"https:\/\/yoestudiosalud.es\/en\/#website","url":"https:\/\/yoestudiosalud.es\/en\/","name":"yoestudiosalud.es","description":"Material para estudiantes del sector salud","publisher":{"@id":"https:\/\/yoestudiosalud.es\/en\/#organization"},"potentialAction":[{"@type":"SearchAction","target":{"@type":"EntryPoint","urlTemplate":"https:\/\/yoestudiosalud.es\/en\/?s={search_term_string}"},"query-input":{"@type":"PropertyValueSpecification","valueRequired":true,"valueName":"search_term_string"}}],"inLanguage":"fr-FR"},{"@type":"Organization","@id":"https:\/\/yoestudiosalud.es\/en\/#organization","name":"yoestudiosalud.es","url":"https:\/\/yoestudiosalud.es\/en\/","logo":{"@type":"ImageObject","inLanguage":"fr-FR","@id":"https:\/\/yoestudiosalud.es\/en\/#\/schema\/logo\/image\/","url":"https:\/\/yoestudiosalud.es\/wp-content\/uploads\/2020\/04\/logonew-e1698080827687.png","contentUrl":"https:\/\/yoestudiosalud.es\/wp-content\/uploads\/2020\/04\/logonew-e1698080827687.png","width":421,"height":393,"caption":"yoestudiosalud.es"},"image":{"@id":"https:\/\/yoestudiosalud.es\/en\/#\/schema\/logo\/image\/"}}]}},"_links":{"self":[{"href":"https:\/\/yoestudiosalud.es\/fr\/wp-json\/wp\/v2\/product\/29309","targetHints":{"allow":["GET"]}}],"collection":[{"href":"https:\/\/yoestudiosalud.es\/fr\/wp-json\/wp\/v2\/product"}],"about":[{"href":"https:\/\/yoestudiosalud.es\/fr\/wp-json\/wp\/v2\/types\/product"}],"wp:featuredmedia":[{"embeddable":true,"href":"https:\/\/yoestudiosalud.es\/fr\/wp-json\/wp\/v2\/media\/29310"}],"wp:attachment":[{"href":"https:\/\/yoestudiosalud.es\/fr\/wp-json\/wp\/v2\/media?parent=29309"}],"wp:term":[{"taxonomy":"product_brand","embeddable":true,"href":"https:\/\/yoestudiosalud.es\/fr\/wp-json\/wp\/v2\/product_brand?post=29309"},{"taxonomy":"product_cat","embeddable":true,"href":"https:\/\/yoestudiosalud.es\/fr\/wp-json\/wp\/v2\/product_cat?post=29309"},{"taxonomy":"product_tag","embeddable":true,"href":"https:\/\/yoestudiosalud.es\/fr\/wp-json\/wp\/v2\/product_tag?post=29309"}],"curies":[{"name":"wp","href":"https:\/\/api.w.org\/{rel}","templated":true}]}}