{"id":29291,"date":"2020-07-19T16:02:57","date_gmt":"2020-07-19T16:02:57","guid":{"rendered":"https:\/\/yoestudiosalud.es\/producto\/spatule-a-composite-heidemann-02\/"},"modified":"2020-07-19T16:02:57","modified_gmt":"2020-07-19T16:02:57","slug":"spatule-a-composite-heidemann-02","status":"publish","type":"product","link":"https:\/\/yoestudiosalud.es\/fr\/produit\/spatule-a-composite-heidemann-02\/","title":{"rendered":"SPATULE \u00c0 COMPOSITE HEIDEMANN #02"},"content":{"rendered":"<p>La spatule \u00e0 composite Heidemann #02, \u00e9galement connue sous le nom de spatule \u00e0 double bouche, est utilis\u00e9e pour appliquer et fa\u00e7onner le composite.<\/p>\n<p>Similar A6 Hu-friedy<\/p>\n","protected":false},"excerpt":{"rendered":"<p>La spatule \u00e0 composite Heidemann #02, \u00e9galement connue sous le nom de spatule \u00e0 double bouche, est utilis\u00e9e pour appliquer et fa\u00e7onner le composite.<\/p>\n","protected":false},"featured_media":29292,"template":"","meta":[],"product_brand":[],"product_cat":[669],"product_tag":[930,674,679,684,687,688,689,746],"class_list":{"0":"post-29291","1":"product","2":"type-product","3":"status-publish","4":"has-post-thumbnail","6":"product_cat-general-fr","7":"product_tag-ceuelche3","8":"product_tag-uv2","9":"product_tag-ceusp2-fr","10":"product_tag-uemc_cns","11":"product_tag-uem2-fr","12":"product_tag-ceu3","13":"product_tag-ucv3","14":"product_tag-ugranada2-fr","15":"pa_formacion-odontologia-fr","17":"first","18":"instock","19":"taxable","20":"shipping-taxable","21":"purchasable","22":"product-type-simple"},"yoast_head":"<!-- This site is optimized with the Yoast SEO Premium plugin v27.0 (Yoast SEO v27.4) - https:\/\/yoast.com\/product\/yoast-seo-premium-wordpress\/ -->\n<title>SPATULE \u00c0 COMPOSITE HEIDEMANN #02 | Yoestudiosalud.es<\/title>\n<meta name=\"description\" content=\"La spatule \u00e0 composite Heidemann #02, \u00e9galement connue sous le nom de spatule \u00e0 double bouche, est utilis\u00e9e pour appliquer et fa\u00e7onner le composite.\" \/>\n<meta name=\"robots\" content=\"index, follow, max-snippet:-1, max-image-preview:large, max-video-preview:-1\" \/>\n<link rel=\"canonical\" href=\"https:\/\/yoestudiosalud.es\/produit\/espatula-para-composite-heidemann-02\/\" \/>\n<meta property=\"og:locale\" content=\"fr_FR\" \/>\n<meta property=\"og:type\" content=\"article\" \/>\n<meta property=\"og:title\" content=\"SPATULE \u00c0 COMPOSITE HEIDEMANN #02\" \/>\n<meta property=\"og:description\" content=\"La spatule \u00e0 composite Heidemann #02, \u00e9galement connue sous le nom de spatule \u00e0 double bouche, est utilis\u00e9e pour appliquer et fa\u00e7onner le composite.\" \/>\n<meta property=\"og:url\" content=\"https:\/\/yoestudiosalud.es\/produit\/espatula-para-composite-heidemann-02\/\" \/>\n<meta property=\"og:site_name\" content=\"yoestudiosalud.es\" \/>\n<meta property=\"og:image\" content=\"https:\/\/yoestudiosalud.es\/wp-content\/uploads\/2020\/07\/002816.jpg\" \/>\n\t<meta property=\"og:image:width\" content=\"650\" \/>\n\t<meta property=\"og:image:height\" content=\"650\" \/>\n\t<meta property=\"og:image:type\" content=\"image\/jpeg\" \/>\n<meta name=\"twitter:card\" content=\"summary_large_image\" \/>\n<script type=\"application\/ld+json\" class=\"yoast-schema-graph\">{\"@context\":\"https:\\\/\\\/schema.org\",\"@graph\":[{\"@type\":\"WebPage\",\"@id\":\"https:\\\/\\\/yoestudiosalud.es\\\/produit\\\/espatula-para-composite-heidemann-02\\\/\",\"url\":\"https:\\\/\\\/yoestudiosalud.es\\\/produit\\\/espatula-para-composite-heidemann-02\\\/\",\"name\":\"SPATULE \u00c0 COMPOSITE HEIDEMANN #02 | Yoestudiosalud.es\",\"isPartOf\":{\"@id\":\"https:\\\/\\\/yoestudiosalud.es\\\/en\\\/#website\"},\"primaryImageOfPage\":{\"@id\":\"https:\\\/\\\/yoestudiosalud.es\\\/produit\\\/espatula-para-composite-heidemann-02\\\/#primaryimage\"},\"image\":{\"@id\":\"https:\\\/\\\/yoestudiosalud.es\\\/produit\\\/espatula-para-composite-heidemann-02\\\/#primaryimage\"},\"thumbnailUrl\":\"https:\\\/\\\/yoestudiosalud.es\\\/wp-content\\\/uploads\\\/2020\\\/07\\\/002816.jpg\",\"datePublished\":\"2020-07-19T16:02:57+00:00\",\"description\":\"La spatule \u00e0 composite Heidemann #02, \u00e9galement connue sous le nom de spatule \u00e0 double bouche, est utilis\u00e9e pour appliquer et fa\u00e7onner le composite.\",\"breadcrumb\":{\"@id\":\"https:\\\/\\\/yoestudiosalud.es\\\/produit\\\/espatula-para-composite-heidemann-02\\\/#breadcrumb\"},\"inLanguage\":\"fr-FR\",\"potentialAction\":[{\"@type\":\"ReadAction\",\"target\":[\"https:\\\/\\\/yoestudiosalud.es\\\/produit\\\/espatula-para-composite-heidemann-02\\\/\"]}]},{\"@type\":\"ImageObject\",\"inLanguage\":\"fr-FR\",\"@id\":\"https:\\\/\\\/yoestudiosalud.es\\\/produit\\\/espatula-para-composite-heidemann-02\\\/#primaryimage\",\"url\":\"https:\\\/\\\/yoestudiosalud.es\\\/wp-content\\\/uploads\\\/2020\\\/07\\\/002816.jpg\",\"contentUrl\":\"https:\\\/\\\/yoestudiosalud.es\\\/wp-content\\\/uploads\\\/2020\\\/07\\\/002816.jpg\",\"width\":650,\"height\":650,\"caption\":\"SPATULE \u00c0 COMPOSITE HEIDEMANN #02\"},{\"@type\":\"BreadcrumbList\",\"@id\":\"https:\\\/\\\/yoestudiosalud.es\\\/produit\\\/espatula-para-composite-heidemann-02\\\/#breadcrumb\",\"itemListElement\":[{\"@type\":\"ListItem\",\"position\":1,\"name\":\"Portada\",\"item\":\"https:\\\/\\\/yoestudiosalud.es\\\/fr\\\/\"},{\"@type\":\"ListItem\",\"position\":2,\"name\":\"Boutique\",\"item\":\"https:\\\/\\\/yoestudiosalud.es\\\/fr\\\/boutique\\\/\"},{\"@type\":\"ListItem\",\"position\":3,\"name\":\"SPATULE \u00c0 COMPOSITE HEIDEMANN #02\"}]},{\"@type\":\"WebSite\",\"@id\":\"https:\\\/\\\/yoestudiosalud.es\\\/en\\\/#website\",\"url\":\"https:\\\/\\\/yoestudiosalud.es\\\/en\\\/\",\"name\":\"yoestudiosalud.es\",\"description\":\"Material para estudiantes del sector salud\",\"publisher\":{\"@id\":\"https:\\\/\\\/yoestudiosalud.es\\\/en\\\/#organization\"},\"potentialAction\":[{\"@type\":\"SearchAction\",\"target\":{\"@type\":\"EntryPoint\",\"urlTemplate\":\"https:\\\/\\\/yoestudiosalud.es\\\/en\\\/?s={search_term_string}\"},\"query-input\":{\"@type\":\"PropertyValueSpecification\",\"valueRequired\":true,\"valueName\":\"search_term_string\"}}],\"inLanguage\":\"fr-FR\"},{\"@type\":\"Organization\",\"@id\":\"https:\\\/\\\/yoestudiosalud.es\\\/en\\\/#organization\",\"name\":\"yoestudiosalud.es\",\"url\":\"https:\\\/\\\/yoestudiosalud.es\\\/en\\\/\",\"logo\":{\"@type\":\"ImageObject\",\"inLanguage\":\"fr-FR\",\"@id\":\"https:\\\/\\\/yoestudiosalud.es\\\/en\\\/#\\\/schema\\\/logo\\\/image\\\/\",\"url\":\"https:\\\/\\\/yoestudiosalud.es\\\/wp-content\\\/uploads\\\/2020\\\/04\\\/logonew-e1698080827687.png\",\"contentUrl\":\"https:\\\/\\\/yoestudiosalud.es\\\/wp-content\\\/uploads\\\/2020\\\/04\\\/logonew-e1698080827687.png\",\"width\":421,\"height\":393,\"caption\":\"yoestudiosalud.es\"},\"image\":{\"@id\":\"https:\\\/\\\/yoestudiosalud.es\\\/en\\\/#\\\/schema\\\/logo\\\/image\\\/\"}}]}<\/script>\n<!-- \/ Yoast SEO Premium plugin. -->","yoast_head_json":{"title":"SPATULE \u00c0 COMPOSITE HEIDEMANN #02 | Yoestudiosalud.es","description":"La spatule \u00e0 composite Heidemann #02, \u00e9galement connue sous le nom de spatule \u00e0 double bouche, est utilis\u00e9e pour appliquer et fa\u00e7onner le composite.","robots":{"index":"index","follow":"follow","max-snippet":"max-snippet:-1","max-image-preview":"max-image-preview:large","max-video-preview":"max-video-preview:-1"},"canonical":"https:\/\/yoestudiosalud.es\/produit\/espatula-para-composite-heidemann-02\/","og_locale":"fr_FR","og_type":"article","og_title":"SPATULE \u00c0 COMPOSITE HEIDEMANN #02","og_description":"La spatule \u00e0 composite Heidemann #02, \u00e9galement connue sous le nom de spatule \u00e0 double bouche, est utilis\u00e9e pour appliquer et fa\u00e7onner le composite.","og_url":"https:\/\/yoestudiosalud.es\/produit\/espatula-para-composite-heidemann-02\/","og_site_name":"yoestudiosalud.es","og_image":[{"width":650,"height":650,"url":"https:\/\/yoestudiosalud.es\/wp-content\/uploads\/2020\/07\/002816.jpg","type":"image\/jpeg"}],"twitter_card":"summary_large_image","schema":{"@context":"https:\/\/schema.org","@graph":[{"@type":"WebPage","@id":"https:\/\/yoestudiosalud.es\/produit\/espatula-para-composite-heidemann-02\/","url":"https:\/\/yoestudiosalud.es\/produit\/espatula-para-composite-heidemann-02\/","name":"SPATULE \u00c0 COMPOSITE HEIDEMANN #02 | Yoestudiosalud.es","isPartOf":{"@id":"https:\/\/yoestudiosalud.es\/en\/#website"},"primaryImageOfPage":{"@id":"https:\/\/yoestudiosalud.es\/produit\/espatula-para-composite-heidemann-02\/#primaryimage"},"image":{"@id":"https:\/\/yoestudiosalud.es\/produit\/espatula-para-composite-heidemann-02\/#primaryimage"},"thumbnailUrl":"https:\/\/yoestudiosalud.es\/wp-content\/uploads\/2020\/07\/002816.jpg","datePublished":"2020-07-19T16:02:57+00:00","description":"La spatule \u00e0 composite Heidemann #02, \u00e9galement connue sous le nom de spatule \u00e0 double bouche, est utilis\u00e9e pour appliquer et fa\u00e7onner le composite.","breadcrumb":{"@id":"https:\/\/yoestudiosalud.es\/produit\/espatula-para-composite-heidemann-02\/#breadcrumb"},"inLanguage":"fr-FR","potentialAction":[{"@type":"ReadAction","target":["https:\/\/yoestudiosalud.es\/produit\/espatula-para-composite-heidemann-02\/"]}]},{"@type":"ImageObject","inLanguage":"fr-FR","@id":"https:\/\/yoestudiosalud.es\/produit\/espatula-para-composite-heidemann-02\/#primaryimage","url":"https:\/\/yoestudiosalud.es\/wp-content\/uploads\/2020\/07\/002816.jpg","contentUrl":"https:\/\/yoestudiosalud.es\/wp-content\/uploads\/2020\/07\/002816.jpg","width":650,"height":650,"caption":"SPATULE \u00c0 COMPOSITE HEIDEMANN #02"},{"@type":"BreadcrumbList","@id":"https:\/\/yoestudiosalud.es\/produit\/espatula-para-composite-heidemann-02\/#breadcrumb","itemListElement":[{"@type":"ListItem","position":1,"name":"Portada","item":"https:\/\/yoestudiosalud.es\/fr\/"},{"@type":"ListItem","position":2,"name":"Boutique","item":"https:\/\/yoestudiosalud.es\/fr\/boutique\/"},{"@type":"ListItem","position":3,"name":"SPATULE \u00c0 COMPOSITE HEIDEMANN #02"}]},{"@type":"WebSite","@id":"https:\/\/yoestudiosalud.es\/en\/#website","url":"https:\/\/yoestudiosalud.es\/en\/","name":"yoestudiosalud.es","description":"Material para estudiantes del sector salud","publisher":{"@id":"https:\/\/yoestudiosalud.es\/en\/#organization"},"potentialAction":[{"@type":"SearchAction","target":{"@type":"EntryPoint","urlTemplate":"https:\/\/yoestudiosalud.es\/en\/?s={search_term_string}"},"query-input":{"@type":"PropertyValueSpecification","valueRequired":true,"valueName":"search_term_string"}}],"inLanguage":"fr-FR"},{"@type":"Organization","@id":"https:\/\/yoestudiosalud.es\/en\/#organization","name":"yoestudiosalud.es","url":"https:\/\/yoestudiosalud.es\/en\/","logo":{"@type":"ImageObject","inLanguage":"fr-FR","@id":"https:\/\/yoestudiosalud.es\/en\/#\/schema\/logo\/image\/","url":"https:\/\/yoestudiosalud.es\/wp-content\/uploads\/2020\/04\/logonew-e1698080827687.png","contentUrl":"https:\/\/yoestudiosalud.es\/wp-content\/uploads\/2020\/04\/logonew-e1698080827687.png","width":421,"height":393,"caption":"yoestudiosalud.es"},"image":{"@id":"https:\/\/yoestudiosalud.es\/en\/#\/schema\/logo\/image\/"}}]}},"_links":{"self":[{"href":"https:\/\/yoestudiosalud.es\/fr\/wp-json\/wp\/v2\/product\/29291","targetHints":{"allow":["GET"]}}],"collection":[{"href":"https:\/\/yoestudiosalud.es\/fr\/wp-json\/wp\/v2\/product"}],"about":[{"href":"https:\/\/yoestudiosalud.es\/fr\/wp-json\/wp\/v2\/types\/product"}],"wp:featuredmedia":[{"embeddable":true,"href":"https:\/\/yoestudiosalud.es\/fr\/wp-json\/wp\/v2\/media\/29292"}],"wp:attachment":[{"href":"https:\/\/yoestudiosalud.es\/fr\/wp-json\/wp\/v2\/media?parent=29291"}],"wp:term":[{"taxonomy":"product_brand","embeddable":true,"href":"https:\/\/yoestudiosalud.es\/fr\/wp-json\/wp\/v2\/product_brand?post=29291"},{"taxonomy":"product_cat","embeddable":true,"href":"https:\/\/yoestudiosalud.es\/fr\/wp-json\/wp\/v2\/product_cat?post=29291"},{"taxonomy":"product_tag","embeddable":true,"href":"https:\/\/yoestudiosalud.es\/fr\/wp-json\/wp\/v2\/product_tag?post=29291"}],"curies":[{"name":"wp","href":"https:\/\/api.w.org\/{rel}","templated":true}]}}