{"id":29249,"date":"2024-06-26T17:41:37","date_gmt":"2024-06-26T17:41:37","guid":{"rendered":"https:\/\/yoestudiosalud.es\/producto\/compteur-avec-calculateur-de-masse-corporelle\/"},"modified":"2025-11-10T12:54:55","modified_gmt":"2025-11-10T11:54:55","slug":"compteur-avec-calculateur-de-masse-corporelle","status":"publish","type":"product","link":"https:\/\/yoestudiosalud.es\/fr\/produit\/compteur-avec-calculateur-de-masse-corporelle\/","title":{"rendered":"COMPTEUR AVEC CALCULATEUR DE MASSE CORPORELLE"},"content":{"rendered":"<p>Le compteur avec calculateur de masse corporelle est un instrument constitu\u00e9 d&#8217;un m\u00e8tre ruban de poche r\u00e9tractable avec un calculateur d&#8217;IMC frontal. Ces mesures simples et rapides facilitent le travail du clinicien.<\/p>\n<p>L&#8217;indice de masse corporelle (IMC), connu en anglais sous le nom de Body Mass Index (BMI), est une mesure utilis\u00e9e pour \u00e9valuer si une personne a un poids sant\u00e9 par rapport \u00e0 sa taille. Cet indice est calcul\u00e9 en divisant le poids d&#8217;une personne en kilogrammes par le carr\u00e9 de sa taille en m\u00e8tres (IMC = poids [kg] \/ taille [m]^2).<\/p>\n<p>L&#8217;IMC est un outil largement utilis\u00e9 par les professionnels de la sant\u00e9 en raison de sa simplicit\u00e9 et de sa capacit\u00e9 \u00e0 fournir une indication rapide de l&#8217;\u00e9tat nutritionnel d&#8217;une personne. Les r\u00e9sultats d&#8217;IMC sont class\u00e9s en diff\u00e9rentes cat\u00e9gories : insuffisance pond\u00e9rale (IMC inf\u00e9rieur \u00e0 18,5), poids normal (IMC entre 18,5 et 24,9), surpoids (IMC entre 25 et 29,9) et ob\u00e9sit\u00e9 (IMC de 30 ou plus). Ces cat\u00e9gories permettent d\u2019identifier les risques potentiels pour la sant\u00e9 associ\u00e9s au poids, m\u00eame si elles ne prennent pas en compte d\u2019autres facteurs importants tels que la r\u00e9partition de la graisse corporelle ou la masse musculaire.<\/p>\n<p>L&#8217;ob\u00e9sit\u00e9 est l&#8217;un des facteurs de risque de nombreuses maladies chroniques, notamment le diab\u00e8te, les maladies cardiovasculaires, l&#8217;hypertension et les accidents vasculaires c\u00e9r\u00e9braux, ainsi que plusieurs types de cancer.<\/p>\n<p>L&#8217;appareil de mesure avec calculateur de masse corporelle offre une vue rapide et suggestive du risque pour la sant\u00e9 d\u00fb au faible poids ou \u00e0 l&#8217;ob\u00e9sit\u00e9 en conjonction avec la mesure du WHR et d&#8217;autres techniques.<\/p>\n<p>Cependant, l\u2019IMC a aussi des limites. Il ne fait pas de distinction entre la masse musculaire et la graisse corporelle, ce qui peut conduire \u00e0 des classifications inexactes chez les personnes tr\u00e8s muscl\u00e9es, comme les athl\u00e8tes, ou chez celles ayant peu de masse musculaire. Il ne prend pas non plus en compte la r\u00e9partition de la graisse corporelle, un facteur important de risque de maladies cardiovasculaires. Par cons\u00e9quent, malgr\u00e9 son utilit\u00e9, l\u2019IMC doit \u00eatre compl\u00e9t\u00e9 par d\u2019autres \u00e9valuations pour obtenir une image compl\u00e8te de l\u2019\u00e9tat de sant\u00e9 d\u2019une personne.<\/p>\n<p>En r\u00e9sum\u00e9, l&#8217;IMC est un outil utile et accessible pour \u00e9valuer le poids par rapport \u00e0 la taille, mais ses limites signifient qu&#8217;il ne devrait pas \u00eatre la seule mesure utilis\u00e9e pour \u00e9valuer l&#8217;\u00e9tat nutritionnel et les risques pour la sant\u00e9 d&#8217;une personne. Il est important de consid\u00e9rer \u00e9galement d\u2019autres indicateurs et tests cliniques pour obtenir un diagnostic plus pr\u00e9cis et personnalis\u00e9.<\/p>\n<p>La fa\u00e7on d&#8217;utiliser le compteur avec le calculateur de masse corporelle est de faire tourner le cadran pour aligner la taille et le poids et de lire la bo\u00eete MBI, et la couleur du ruban \u00e0 mesurer sugg\u00e8re\u00a0:<\/p>\n<p>Blanc : manque de poids<br \/>\nVert : poids souhaitable<br \/>\nOrange risque moyen pour la sant\u00e9<br \/>\nRouge\u00a0: risque \u00e9lev\u00e9<\/p>\n<p>Marque Gima<\/p>\n","protected":false},"excerpt":{"rendered":"<p>Le compteur avec calculateur de masse corporelle est un instrument constitu\u00e9 d&#8217;un ruban \u00e0 mesurer de poche r\u00e9tractable avec un calculateur d&#8217;IMC frontal et constitue un outil largement utilis\u00e9 par les professionnels de la sant\u00e9 en raison de sa simplicit\u00e9 et de sa capacit\u00e9 \u00e0 offrir une indication rapide de l&#8217;\u00e9tat nutritionnel d&#8217;une personne. .<\/p>\n<p>Marque Gima<\/p>\n","protected":false},"featured_media":34879,"template":"","meta":[],"product_brand":[],"product_cat":[718],"product_tag":[],"class_list":{"0":"post-29249","1":"product","2":"type-product","3":"status-publish","4":"has-post-thumbnail","6":"product_cat-medicine-fr","7":"pa_formacion-medicina-fr","9":"first","10":"instock","11":"sale","12":"taxable","13":"shipping-taxable","14":"purchasable","15":"product-type-simple"},"yoast_head":"<!-- This site is optimized with the Yoast SEO Premium plugin v27.0 (Yoast SEO v27.2) - https:\/\/yoast.com\/product\/yoast-seo-premium-wordpress\/ -->\n<title>COMPTEUR AVEC CALCULATEUR DE MASSE CORPORELLE - yoestudiosalud.es<\/title>\n<meta name=\"description\" content=\"Le compteur avec calculateur de masse corporelle est un instrument constitu\u00e9 d&#039;un m\u00e8tre ruban de poche r\u00e9tractable avec un calculateur d&#039;IMC frontal.\" \/>\n<meta name=\"robots\" content=\"index, follow, max-snippet:-1, max-image-preview:large, max-video-preview:-1\" \/>\n<link rel=\"canonical\" href=\"https:\/\/yoestudiosalud.es\/fr\/produit\/compteur-avec-calculateur-de-masse-corporelle\/\" \/>\n<meta property=\"og:locale\" content=\"fr_FR\" \/>\n<meta property=\"og:type\" content=\"article\" \/>\n<meta property=\"og:title\" content=\"COMPTEUR AVEC CALCULATEUR DE MASSE CORPORELLE\" \/>\n<meta property=\"og:description\" content=\"Le compteur avec calculateur de masse corporelle est un instrument constitu\u00e9 d&#039;un m\u00e8tre ruban de poche r\u00e9tractable avec un calculateur d&#039;IMC frontal.\" \/>\n<meta property=\"og:url\" content=\"https:\/\/yoestudiosalud.es\/fr\/produit\/compteur-avec-calculateur-de-masse-corporelle\/\" \/>\n<meta property=\"og:site_name\" content=\"yoestudiosalud.es\" \/>\n<meta property=\"article:modified_time\" content=\"2025-11-10T11:54:55+00:00\" \/>\n<meta property=\"og:image\" content=\"https:\/\/yoestudiosalud.es\/wp-content\/uploads\/2024\/06\/005070.webp\" \/>\n\t<meta property=\"og:image:width\" content=\"650\" \/>\n\t<meta property=\"og:image:height\" content=\"650\" \/>\n\t<meta property=\"og:image:type\" content=\"image\/webp\" \/>\n<meta name=\"twitter:card\" content=\"summary_large_image\" \/>\n<meta name=\"twitter:label1\" content=\"Dur\u00e9e de lecture estim\u00e9e\" \/>\n\t<meta name=\"twitter:data1\" content=\"2 minutes\" \/>\n<script type=\"application\/ld+json\" class=\"yoast-schema-graph\">{\"@context\":\"https:\/\/schema.org\",\"@graph\":[{\"@type\":\"WebPage\",\"@id\":\"https:\/\/yoestudiosalud.es\/fr\/produit\/compteur-avec-calculateur-de-masse-corporelle\/\",\"url\":\"https:\/\/yoestudiosalud.es\/fr\/produit\/compteur-avec-calculateur-de-masse-corporelle\/\",\"name\":\"COMPTEUR AVEC CALCULATEUR DE MASSE CORPORELLE - yoestudiosalud.es\",\"isPartOf\":{\"@id\":\"https:\/\/yoestudiosalud.es\/en\/#website\"},\"primaryImageOfPage\":{\"@id\":\"https:\/\/yoestudiosalud.es\/fr\/produit\/compteur-avec-calculateur-de-masse-corporelle\/#primaryimage\"},\"image\":{\"@id\":\"https:\/\/yoestudiosalud.es\/fr\/produit\/compteur-avec-calculateur-de-masse-corporelle\/#primaryimage\"},\"thumbnailUrl\":\"https:\/\/yoestudiosalud.es\/wp-content\/uploads\/2024\/06\/005070.webp\",\"datePublished\":\"2024-06-26T17:41:37+00:00\",\"dateModified\":\"2025-11-10T11:54:55+00:00\",\"description\":\"Le compteur avec calculateur de masse corporelle est un instrument constitu\u00e9 d'un m\u00e8tre ruban de poche r\u00e9tractable avec un calculateur d'IMC frontal.\",\"breadcrumb\":{\"@id\":\"https:\/\/yoestudiosalud.es\/fr\/produit\/compteur-avec-calculateur-de-masse-corporelle\/#breadcrumb\"},\"inLanguage\":\"fr-FR\",\"potentialAction\":[{\"@type\":\"ReadAction\",\"target\":[\"https:\/\/yoestudiosalud.es\/fr\/produit\/compteur-avec-calculateur-de-masse-corporelle\/\"]}]},{\"@type\":\"ImageObject\",\"inLanguage\":\"fr-FR\",\"@id\":\"https:\/\/yoestudiosalud.es\/fr\/produit\/compteur-avec-calculateur-de-masse-corporelle\/#primaryimage\",\"url\":\"https:\/\/yoestudiosalud.es\/wp-content\/uploads\/2024\/06\/005070.webp\",\"contentUrl\":\"https:\/\/yoestudiosalud.es\/wp-content\/uploads\/2024\/06\/005070.webp\",\"width\":650,\"height\":650,\"caption\":\"COMPTEUR AVEC CALCULATEUR DE MASSE CORPORELLE\"},{\"@type\":\"BreadcrumbList\",\"@id\":\"https:\/\/yoestudiosalud.es\/fr\/produit\/compteur-avec-calculateur-de-masse-corporelle\/#breadcrumb\",\"itemListElement\":[{\"@type\":\"ListItem\",\"position\":1,\"name\":\"Portada\",\"item\":\"https:\/\/yoestudiosalud.es\/fr\/\"},{\"@type\":\"ListItem\",\"position\":2,\"name\":\"Boutique\",\"item\":\"https:\/\/yoestudiosalud.es\/fr\/boutique\/\"},{\"@type\":\"ListItem\",\"position\":3,\"name\":\"COMPTEUR AVEC CALCULATEUR DE MASSE CORPORELLE\"}]},{\"@type\":\"WebSite\",\"@id\":\"https:\/\/yoestudiosalud.es\/en\/#website\",\"url\":\"https:\/\/yoestudiosalud.es\/en\/\",\"name\":\"yoestudiosalud.es\",\"description\":\"Material para estudiantes del sector salud\",\"publisher\":{\"@id\":\"https:\/\/yoestudiosalud.es\/en\/#organization\"},\"potentialAction\":[{\"@type\":\"SearchAction\",\"target\":{\"@type\":\"EntryPoint\",\"urlTemplate\":\"https:\/\/yoestudiosalud.es\/en\/?s={search_term_string}\"},\"query-input\":{\"@type\":\"PropertyValueSpecification\",\"valueRequired\":true,\"valueName\":\"search_term_string\"}}],\"inLanguage\":\"fr-FR\"},{\"@type\":\"Organization\",\"@id\":\"https:\/\/yoestudiosalud.es\/en\/#organization\",\"name\":\"yoestudiosalud.es\",\"url\":\"https:\/\/yoestudiosalud.es\/en\/\",\"logo\":{\"@type\":\"ImageObject\",\"inLanguage\":\"fr-FR\",\"@id\":\"https:\/\/yoestudiosalud.es\/en\/#\/schema\/logo\/image\/\",\"url\":\"https:\/\/yoestudiosalud.es\/wp-content\/uploads\/2020\/04\/logonew-e1698080827687.png\",\"contentUrl\":\"https:\/\/yoestudiosalud.es\/wp-content\/uploads\/2020\/04\/logonew-e1698080827687.png\",\"width\":421,\"height\":393,\"caption\":\"yoestudiosalud.es\"},\"image\":{\"@id\":\"https:\/\/yoestudiosalud.es\/en\/#\/schema\/logo\/image\/\"}}]}<\/script>\n<!-- \/ Yoast SEO Premium plugin. -->","yoast_head_json":{"title":"COMPTEUR AVEC CALCULATEUR DE MASSE CORPORELLE - yoestudiosalud.es","description":"Le compteur avec calculateur de masse corporelle est un instrument constitu\u00e9 d'un m\u00e8tre ruban de poche r\u00e9tractable avec un calculateur d'IMC frontal.","robots":{"index":"index","follow":"follow","max-snippet":"max-snippet:-1","max-image-preview":"max-image-preview:large","max-video-preview":"max-video-preview:-1"},"canonical":"https:\/\/yoestudiosalud.es\/fr\/produit\/compteur-avec-calculateur-de-masse-corporelle\/","og_locale":"fr_FR","og_type":"article","og_title":"COMPTEUR AVEC CALCULATEUR DE MASSE CORPORELLE","og_description":"Le compteur avec calculateur de masse corporelle est un instrument constitu\u00e9 d'un m\u00e8tre ruban de poche r\u00e9tractable avec un calculateur d'IMC frontal.","og_url":"https:\/\/yoestudiosalud.es\/fr\/produit\/compteur-avec-calculateur-de-masse-corporelle\/","og_site_name":"yoestudiosalud.es","article_modified_time":"2025-11-10T11:54:55+00:00","og_image":[{"width":650,"height":650,"url":"https:\/\/yoestudiosalud.es\/wp-content\/uploads\/2024\/06\/005070.webp","type":"image\/webp"}],"twitter_card":"summary_large_image","twitter_misc":{"Dur\u00e9e de lecture estim\u00e9e":"2 minutes"},"schema":{"@context":"https:\/\/schema.org","@graph":[{"@type":"WebPage","@id":"https:\/\/yoestudiosalud.es\/fr\/produit\/compteur-avec-calculateur-de-masse-corporelle\/","url":"https:\/\/yoestudiosalud.es\/fr\/produit\/compteur-avec-calculateur-de-masse-corporelle\/","name":"COMPTEUR AVEC CALCULATEUR DE MASSE CORPORELLE - yoestudiosalud.es","isPartOf":{"@id":"https:\/\/yoestudiosalud.es\/en\/#website"},"primaryImageOfPage":{"@id":"https:\/\/yoestudiosalud.es\/fr\/produit\/compteur-avec-calculateur-de-masse-corporelle\/#primaryimage"},"image":{"@id":"https:\/\/yoestudiosalud.es\/fr\/produit\/compteur-avec-calculateur-de-masse-corporelle\/#primaryimage"},"thumbnailUrl":"https:\/\/yoestudiosalud.es\/wp-content\/uploads\/2024\/06\/005070.webp","datePublished":"2024-06-26T17:41:37+00:00","dateModified":"2025-11-10T11:54:55+00:00","description":"Le compteur avec calculateur de masse corporelle est un instrument constitu\u00e9 d'un m\u00e8tre ruban de poche r\u00e9tractable avec un calculateur d'IMC frontal.","breadcrumb":{"@id":"https:\/\/yoestudiosalud.es\/fr\/produit\/compteur-avec-calculateur-de-masse-corporelle\/#breadcrumb"},"inLanguage":"fr-FR","potentialAction":[{"@type":"ReadAction","target":["https:\/\/yoestudiosalud.es\/fr\/produit\/compteur-avec-calculateur-de-masse-corporelle\/"]}]},{"@type":"ImageObject","inLanguage":"fr-FR","@id":"https:\/\/yoestudiosalud.es\/fr\/produit\/compteur-avec-calculateur-de-masse-corporelle\/#primaryimage","url":"https:\/\/yoestudiosalud.es\/wp-content\/uploads\/2024\/06\/005070.webp","contentUrl":"https:\/\/yoestudiosalud.es\/wp-content\/uploads\/2024\/06\/005070.webp","width":650,"height":650,"caption":"COMPTEUR AVEC CALCULATEUR DE MASSE CORPORELLE"},{"@type":"BreadcrumbList","@id":"https:\/\/yoestudiosalud.es\/fr\/produit\/compteur-avec-calculateur-de-masse-corporelle\/#breadcrumb","itemListElement":[{"@type":"ListItem","position":1,"name":"Portada","item":"https:\/\/yoestudiosalud.es\/fr\/"},{"@type":"ListItem","position":2,"name":"Boutique","item":"https:\/\/yoestudiosalud.es\/fr\/boutique\/"},{"@type":"ListItem","position":3,"name":"COMPTEUR AVEC CALCULATEUR DE MASSE CORPORELLE"}]},{"@type":"WebSite","@id":"https:\/\/yoestudiosalud.es\/en\/#website","url":"https:\/\/yoestudiosalud.es\/en\/","name":"yoestudiosalud.es","description":"Material para estudiantes del sector salud","publisher":{"@id":"https:\/\/yoestudiosalud.es\/en\/#organization"},"potentialAction":[{"@type":"SearchAction","target":{"@type":"EntryPoint","urlTemplate":"https:\/\/yoestudiosalud.es\/en\/?s={search_term_string}"},"query-input":{"@type":"PropertyValueSpecification","valueRequired":true,"valueName":"search_term_string"}}],"inLanguage":"fr-FR"},{"@type":"Organization","@id":"https:\/\/yoestudiosalud.es\/en\/#organization","name":"yoestudiosalud.es","url":"https:\/\/yoestudiosalud.es\/en\/","logo":{"@type":"ImageObject","inLanguage":"fr-FR","@id":"https:\/\/yoestudiosalud.es\/en\/#\/schema\/logo\/image\/","url":"https:\/\/yoestudiosalud.es\/wp-content\/uploads\/2020\/04\/logonew-e1698080827687.png","contentUrl":"https:\/\/yoestudiosalud.es\/wp-content\/uploads\/2020\/04\/logonew-e1698080827687.png","width":421,"height":393,"caption":"yoestudiosalud.es"},"image":{"@id":"https:\/\/yoestudiosalud.es\/en\/#\/schema\/logo\/image\/"}}]}},"_links":{"self":[{"href":"https:\/\/yoestudiosalud.es\/fr\/wp-json\/wp\/v2\/product\/29249","targetHints":{"allow":["GET"]}}],"collection":[{"href":"https:\/\/yoestudiosalud.es\/fr\/wp-json\/wp\/v2\/product"}],"about":[{"href":"https:\/\/yoestudiosalud.es\/fr\/wp-json\/wp\/v2\/types\/product"}],"wp:featuredmedia":[{"embeddable":true,"href":"https:\/\/yoestudiosalud.es\/fr\/wp-json\/wp\/v2\/media\/34879"}],"wp:attachment":[{"href":"https:\/\/yoestudiosalud.es\/fr\/wp-json\/wp\/v2\/media?parent=29249"}],"wp:term":[{"taxonomy":"product_brand","embeddable":true,"href":"https:\/\/yoestudiosalud.es\/fr\/wp-json\/wp\/v2\/product_brand?post=29249"},{"taxonomy":"product_cat","embeddable":true,"href":"https:\/\/yoestudiosalud.es\/fr\/wp-json\/wp\/v2\/product_cat?post=29249"},{"taxonomy":"product_tag","embeddable":true,"href":"https:\/\/yoestudiosalud.es\/fr\/wp-json\/wp\/v2\/product_tag?post=29249"}],"curies":[{"name":"wp","href":"https:\/\/api.w.org\/{rel}","templated":true}]}}