{"id":29168,"date":"2024-06-18T13:49:11","date_gmt":"2024-06-18T13:49:11","guid":{"rendered":"https:\/\/yoestudiosalud.es\/producto\/kit-speculum-otique\/"},"modified":"2024-06-18T13:49:11","modified_gmt":"2024-06-18T13:49:11","slug":"kit-speculum-otique","status":"publish","type":"product","link":"https:\/\/yoestudiosalud.es\/fr\/produit\/kit-speculum-otique\/","title":{"rendered":"KIT SP\u00c9CULUM OTIQUE"},"content":{"rendered":"<p>Le kit sp\u00e9culum otique v\u00e9t\u00e9rinaire est un outil indispensable pour les professionnels de la sant\u00e9 animale. Ce kit comprend trois sp\u00e9culums de diam\u00e8tres diff\u00e9rents : 4, 5 et 7 mm, con\u00e7us pour s&#8217;adapter \u00e0 une vari\u00e9t\u00e9 de tailles de conduit auditif chez diff\u00e9rentes esp\u00e8ces et races d&#8217;animaux.<\/p>\n<p>Chaque sp\u00e9culum est fabriqu\u00e9 avec des mat\u00e9riaux de haute qualit\u00e9 qui permettent de le st\u00e9riliser et de le r\u00e9utiliser, garantissant ainsi l&#8217;hygi\u00e8ne et la s\u00e9curit\u00e9 de chaque examen. La possibilit\u00e9 de st\u00e9riliser ces sp\u00e9culums r\u00e9duit non seulement les co\u00fbts \u00e0 long terme, mais minimise \u00e9galement le risque d&#8217;infection crois\u00e9e entre les patients, maintenant ainsi les normes les plus \u00e9lev\u00e9es en mati\u00e8re de soins v\u00e9t\u00e9rinaires.<\/p>\n<p>La conception ergonomique du kit sp\u00e9culum auriculaire le rend facile \u00e0 manipuler et permet une insertion douce et pr\u00e9cise dans le conduit auditif. Ceci est particuli\u00e8rement important chez les animaux, qui peuvent \u00eatre sensibles ou r\u00e9ticents \u00e0 \u00eatre manipul\u00e9s. La diversit\u00e9 des tailles 4, 5 et 7 mm offre au v\u00e9t\u00e9rinaire la flexibilit\u00e9 de choisir le sp\u00e9culum appropri\u00e9 en fonction de l&#8217;esp\u00e8ce et de la taille du patient, qu&#8217;il s&#8217;agisse d&#8217;un petit rongeur, d&#8217;un chat, d&#8217;un chien ou m\u00eame d&#8217;un animal plus gros.<\/p>\n<p>La compatibilit\u00e9 du kit sp\u00e9culum otique avec l&#8217;otoscope Gima garantit que ces sp\u00e9culums s&#8217;adaptent parfaitement, optimisant ainsi le fonctionnement de l&#8217;appareil. La combinaison d&#8217;un otoscope de haute qualit\u00e9 avec ces sp\u00e9culums polyvalents permet des examens auditifs d\u00e9taill\u00e9s et pr\u00e9cis. L&#8217;utilisation de ce kit facilite l&#8217;identification des probl\u00e8mes tels que les infections, les corps \u00e9trangers, les inflammations et autres troubles auditifs pouvant affecter les animaux.<\/p>\n<p>Caract\u00e9ristiques :<\/p>\n<p>Comprend 3 sp\u00e9culums auriculaires st\u00e9rilisables.<br \/>\nSp\u00e9culums r\u00e9utilisables<br \/>\nDiam\u00e8tres 4,5 et 7 mm<br \/>\nL&#8217;ancrage des sp\u00e9culums dans la t\u00eate de l&#8217;otoscope est ferme et s\u00e9curis\u00e9, et ils se retirent sans difficult\u00e9 apr\u00e8s utilisation.<br \/>\nMarque Gima r\u00e9f 31447<br \/>\nCompatible avec l&#8217;otoscope de marque Gima &#8211; Parker mod\u00e8le 31442<\/p>\n","protected":false},"excerpt":{"rendered":"<p>Le kit de 3 sp\u00e9culums otiques v\u00e9t\u00e9rinaires st\u00e9rilisables est un ajout pr\u00e9cieux \u00e0 toute clinique v\u00e9t\u00e9rinaire. Sa compatibilit\u00e9 avec l&#8217;otoscope Gima &#8211; Parker mod\u00e8le 31442, ainsi que sa capacit\u00e9 de st\u00e9rilisation et sa vari\u00e9t\u00e9 de tailles, en font un outil indispensable pour r\u00e9aliser des examens auditifs efficaces et s\u00fbrs.<\/p>\n","protected":false},"featured_media":29252,"template":"","meta":[],"product_brand":[],"product_cat":[721],"product_tag":[],"class_list":{"0":"post-29168","1":"product","2":"type-product","3":"status-publish","4":"has-post-thumbnail","6":"product_cat-diagnosticv-fr","7":"pa_formacion-medicina-fr","9":"first","10":"instock","11":"sale","12":"taxable","13":"shipping-taxable","14":"purchasable","15":"product-type-simple"},"yoast_head":"<!-- This site is optimized with the Yoast SEO Premium plugin v27.0 (Yoast SEO v27.4) - https:\/\/yoast.com\/product\/yoast-seo-premium-wordpress\/ -->\n<title>KIT SP\u00c9CULUM OTIQUE - yoestudiosalud.es<\/title>\n<meta name=\"description\" content=\"Le kit de sp\u00e9culum otique v\u00e9t\u00e9rinaire est compatible avec l&#039;otoscope v\u00e9t\u00e9rinaire Gima et mesure 4-5 et 7 mm de diam\u00e8tre. Achetez-les en ligne sur Yoestudiosalud.es\" \/>\n<meta name=\"robots\" content=\"index, follow, max-snippet:-1, max-image-preview:large, max-video-preview:-1\" \/>\n<link rel=\"canonical\" href=\"https:\/\/yoestudiosalud.es\/produit\/kit-de-especulos-oticos\/\" \/>\n<meta property=\"og:locale\" content=\"fr_FR\" \/>\n<meta property=\"og:type\" content=\"article\" \/>\n<meta property=\"og:title\" content=\"KIT SP\u00c9CULUM OTIQUE\" \/>\n<meta property=\"og:description\" content=\"Le kit de sp\u00e9culum otique v\u00e9t\u00e9rinaire est compatible avec l&#039;otoscope v\u00e9t\u00e9rinaire Gima et mesure 4-5 et 7 mm de diam\u00e8tre. Achetez-les en ligne sur Yoestudiosalud.es\" \/>\n<meta property=\"og:url\" content=\"https:\/\/yoestudiosalud.es\/produit\/kit-de-especulos-oticos\/\" \/>\n<meta property=\"og:site_name\" content=\"yoestudiosalud.es\" \/>\n<meta property=\"og:image\" content=\"https:\/\/yoestudiosalud.es\/wp-content\/uploads\/2024\/06\/Otoscopio2.jpg\" \/>\n\t<meta property=\"og:image:width\" content=\"1080\" \/>\n\t<meta property=\"og:image:height\" content=\"1080\" \/>\n\t<meta property=\"og:image:type\" content=\"image\/jpeg\" \/>\n<meta name=\"twitter:card\" content=\"summary_large_image\" \/>\n<meta name=\"twitter:label1\" content=\"Dur\u00e9e de lecture estim\u00e9e\" \/>\n\t<meta name=\"twitter:data1\" content=\"2 minutes\" \/>\n<script type=\"application\/ld+json\" class=\"yoast-schema-graph\">{\"@context\":\"https:\\\/\\\/schema.org\",\"@graph\":[{\"@type\":\"WebPage\",\"@id\":\"https:\\\/\\\/yoestudiosalud.es\\\/produit\\\/kit-de-especulos-oticos\\\/\",\"url\":\"https:\\\/\\\/yoestudiosalud.es\\\/produit\\\/kit-de-especulos-oticos\\\/\",\"name\":\"KIT SP\u00c9CULUM OTIQUE - yoestudiosalud.es\",\"isPartOf\":{\"@id\":\"https:\\\/\\\/yoestudiosalud.es\\\/en\\\/#website\"},\"primaryImageOfPage\":{\"@id\":\"https:\\\/\\\/yoestudiosalud.es\\\/produit\\\/kit-de-especulos-oticos\\\/#primaryimage\"},\"image\":{\"@id\":\"https:\\\/\\\/yoestudiosalud.es\\\/produit\\\/kit-de-especulos-oticos\\\/#primaryimage\"},\"thumbnailUrl\":\"https:\\\/\\\/yoestudiosalud.es\\\/wp-content\\\/uploads\\\/2024\\\/06\\\/Otoscopio2.jpg\",\"datePublished\":\"2024-06-18T13:49:11+00:00\",\"description\":\"Le kit de sp\u00e9culum otique v\u00e9t\u00e9rinaire est compatible avec l'otoscope v\u00e9t\u00e9rinaire Gima et mesure 4-5 et 7 mm de diam\u00e8tre. Achetez-les en ligne sur Yoestudiosalud.es\",\"breadcrumb\":{\"@id\":\"https:\\\/\\\/yoestudiosalud.es\\\/produit\\\/kit-de-especulos-oticos\\\/#breadcrumb\"},\"inLanguage\":\"fr-FR\",\"potentialAction\":[{\"@type\":\"ReadAction\",\"target\":[\"https:\\\/\\\/yoestudiosalud.es\\\/produit\\\/kit-de-especulos-oticos\\\/\"]}]},{\"@type\":\"ImageObject\",\"inLanguage\":\"fr-FR\",\"@id\":\"https:\\\/\\\/yoestudiosalud.es\\\/produit\\\/kit-de-especulos-oticos\\\/#primaryimage\",\"url\":\"https:\\\/\\\/yoestudiosalud.es\\\/wp-content\\\/uploads\\\/2024\\\/06\\\/Otoscopio2.jpg\",\"contentUrl\":\"https:\\\/\\\/yoestudiosalud.es\\\/wp-content\\\/uploads\\\/2024\\\/06\\\/Otoscopio2.jpg\",\"width\":1080,\"height\":1080},{\"@type\":\"BreadcrumbList\",\"@id\":\"https:\\\/\\\/yoestudiosalud.es\\\/produit\\\/kit-de-especulos-oticos\\\/#breadcrumb\",\"itemListElement\":[{\"@type\":\"ListItem\",\"position\":1,\"name\":\"Portada\",\"item\":\"https:\\\/\\\/yoestudiosalud.es\\\/fr\\\/\"},{\"@type\":\"ListItem\",\"position\":2,\"name\":\"Boutique\",\"item\":\"https:\\\/\\\/yoestudiosalud.es\\\/fr\\\/boutique\\\/\"},{\"@type\":\"ListItem\",\"position\":3,\"name\":\"KIT SP\u00c9CULUM OTIQUE\"}]},{\"@type\":\"WebSite\",\"@id\":\"https:\\\/\\\/yoestudiosalud.es\\\/en\\\/#website\",\"url\":\"https:\\\/\\\/yoestudiosalud.es\\\/en\\\/\",\"name\":\"yoestudiosalud.es\",\"description\":\"Material para estudiantes del sector salud\",\"publisher\":{\"@id\":\"https:\\\/\\\/yoestudiosalud.es\\\/en\\\/#organization\"},\"potentialAction\":[{\"@type\":\"SearchAction\",\"target\":{\"@type\":\"EntryPoint\",\"urlTemplate\":\"https:\\\/\\\/yoestudiosalud.es\\\/en\\\/?s={search_term_string}\"},\"query-input\":{\"@type\":\"PropertyValueSpecification\",\"valueRequired\":true,\"valueName\":\"search_term_string\"}}],\"inLanguage\":\"fr-FR\"},{\"@type\":\"Organization\",\"@id\":\"https:\\\/\\\/yoestudiosalud.es\\\/en\\\/#organization\",\"name\":\"yoestudiosalud.es\",\"url\":\"https:\\\/\\\/yoestudiosalud.es\\\/en\\\/\",\"logo\":{\"@type\":\"ImageObject\",\"inLanguage\":\"fr-FR\",\"@id\":\"https:\\\/\\\/yoestudiosalud.es\\\/en\\\/#\\\/schema\\\/logo\\\/image\\\/\",\"url\":\"https:\\\/\\\/yoestudiosalud.es\\\/wp-content\\\/uploads\\\/2020\\\/04\\\/logonew-e1698080827687.png\",\"contentUrl\":\"https:\\\/\\\/yoestudiosalud.es\\\/wp-content\\\/uploads\\\/2020\\\/04\\\/logonew-e1698080827687.png\",\"width\":421,\"height\":393,\"caption\":\"yoestudiosalud.es\"},\"image\":{\"@id\":\"https:\\\/\\\/yoestudiosalud.es\\\/en\\\/#\\\/schema\\\/logo\\\/image\\\/\"}}]}<\/script>\n<!-- \/ Yoast SEO Premium plugin. -->","yoast_head_json":{"title":"KIT SP\u00c9CULUM OTIQUE - yoestudiosalud.es","description":"Le kit de sp\u00e9culum otique v\u00e9t\u00e9rinaire est compatible avec l'otoscope v\u00e9t\u00e9rinaire Gima et mesure 4-5 et 7 mm de diam\u00e8tre. Achetez-les en ligne sur Yoestudiosalud.es","robots":{"index":"index","follow":"follow","max-snippet":"max-snippet:-1","max-image-preview":"max-image-preview:large","max-video-preview":"max-video-preview:-1"},"canonical":"https:\/\/yoestudiosalud.es\/produit\/kit-de-especulos-oticos\/","og_locale":"fr_FR","og_type":"article","og_title":"KIT SP\u00c9CULUM OTIQUE","og_description":"Le kit de sp\u00e9culum otique v\u00e9t\u00e9rinaire est compatible avec l'otoscope v\u00e9t\u00e9rinaire Gima et mesure 4-5 et 7 mm de diam\u00e8tre. Achetez-les en ligne sur Yoestudiosalud.es","og_url":"https:\/\/yoestudiosalud.es\/produit\/kit-de-especulos-oticos\/","og_site_name":"yoestudiosalud.es","og_image":[{"width":1080,"height":1080,"url":"https:\/\/yoestudiosalud.es\/wp-content\/uploads\/2024\/06\/Otoscopio2.jpg","type":"image\/jpeg"}],"twitter_card":"summary_large_image","twitter_misc":{"Dur\u00e9e de lecture estim\u00e9e":"2 minutes"},"schema":{"@context":"https:\/\/schema.org","@graph":[{"@type":"WebPage","@id":"https:\/\/yoestudiosalud.es\/produit\/kit-de-especulos-oticos\/","url":"https:\/\/yoestudiosalud.es\/produit\/kit-de-especulos-oticos\/","name":"KIT SP\u00c9CULUM OTIQUE - yoestudiosalud.es","isPartOf":{"@id":"https:\/\/yoestudiosalud.es\/en\/#website"},"primaryImageOfPage":{"@id":"https:\/\/yoestudiosalud.es\/produit\/kit-de-especulos-oticos\/#primaryimage"},"image":{"@id":"https:\/\/yoestudiosalud.es\/produit\/kit-de-especulos-oticos\/#primaryimage"},"thumbnailUrl":"https:\/\/yoestudiosalud.es\/wp-content\/uploads\/2024\/06\/Otoscopio2.jpg","datePublished":"2024-06-18T13:49:11+00:00","description":"Le kit de sp\u00e9culum otique v\u00e9t\u00e9rinaire est compatible avec l'otoscope v\u00e9t\u00e9rinaire Gima et mesure 4-5 et 7 mm de diam\u00e8tre. Achetez-les en ligne sur Yoestudiosalud.es","breadcrumb":{"@id":"https:\/\/yoestudiosalud.es\/produit\/kit-de-especulos-oticos\/#breadcrumb"},"inLanguage":"fr-FR","potentialAction":[{"@type":"ReadAction","target":["https:\/\/yoestudiosalud.es\/produit\/kit-de-especulos-oticos\/"]}]},{"@type":"ImageObject","inLanguage":"fr-FR","@id":"https:\/\/yoestudiosalud.es\/produit\/kit-de-especulos-oticos\/#primaryimage","url":"https:\/\/yoestudiosalud.es\/wp-content\/uploads\/2024\/06\/Otoscopio2.jpg","contentUrl":"https:\/\/yoestudiosalud.es\/wp-content\/uploads\/2024\/06\/Otoscopio2.jpg","width":1080,"height":1080},{"@type":"BreadcrumbList","@id":"https:\/\/yoestudiosalud.es\/produit\/kit-de-especulos-oticos\/#breadcrumb","itemListElement":[{"@type":"ListItem","position":1,"name":"Portada","item":"https:\/\/yoestudiosalud.es\/fr\/"},{"@type":"ListItem","position":2,"name":"Boutique","item":"https:\/\/yoestudiosalud.es\/fr\/boutique\/"},{"@type":"ListItem","position":3,"name":"KIT SP\u00c9CULUM OTIQUE"}]},{"@type":"WebSite","@id":"https:\/\/yoestudiosalud.es\/en\/#website","url":"https:\/\/yoestudiosalud.es\/en\/","name":"yoestudiosalud.es","description":"Material para estudiantes del sector salud","publisher":{"@id":"https:\/\/yoestudiosalud.es\/en\/#organization"},"potentialAction":[{"@type":"SearchAction","target":{"@type":"EntryPoint","urlTemplate":"https:\/\/yoestudiosalud.es\/en\/?s={search_term_string}"},"query-input":{"@type":"PropertyValueSpecification","valueRequired":true,"valueName":"search_term_string"}}],"inLanguage":"fr-FR"},{"@type":"Organization","@id":"https:\/\/yoestudiosalud.es\/en\/#organization","name":"yoestudiosalud.es","url":"https:\/\/yoestudiosalud.es\/en\/","logo":{"@type":"ImageObject","inLanguage":"fr-FR","@id":"https:\/\/yoestudiosalud.es\/en\/#\/schema\/logo\/image\/","url":"https:\/\/yoestudiosalud.es\/wp-content\/uploads\/2020\/04\/logonew-e1698080827687.png","contentUrl":"https:\/\/yoestudiosalud.es\/wp-content\/uploads\/2020\/04\/logonew-e1698080827687.png","width":421,"height":393,"caption":"yoestudiosalud.es"},"image":{"@id":"https:\/\/yoestudiosalud.es\/en\/#\/schema\/logo\/image\/"}}]}},"_links":{"self":[{"href":"https:\/\/yoestudiosalud.es\/fr\/wp-json\/wp\/v2\/product\/29168","targetHints":{"allow":["GET"]}}],"collection":[{"href":"https:\/\/yoestudiosalud.es\/fr\/wp-json\/wp\/v2\/product"}],"about":[{"href":"https:\/\/yoestudiosalud.es\/fr\/wp-json\/wp\/v2\/types\/product"}],"wp:featuredmedia":[{"embeddable":true,"href":"https:\/\/yoestudiosalud.es\/fr\/wp-json\/wp\/v2\/media\/29252"}],"wp:attachment":[{"href":"https:\/\/yoestudiosalud.es\/fr\/wp-json\/wp\/v2\/media?parent=29168"}],"wp:term":[{"taxonomy":"product_brand","embeddable":true,"href":"https:\/\/yoestudiosalud.es\/fr\/wp-json\/wp\/v2\/product_brand?post=29168"},{"taxonomy":"product_cat","embeddable":true,"href":"https:\/\/yoestudiosalud.es\/fr\/wp-json\/wp\/v2\/product_cat?post=29168"},{"taxonomy":"product_tag","embeddable":true,"href":"https:\/\/yoestudiosalud.es\/fr\/wp-json\/wp\/v2\/product_tag?post=29168"}],"curies":[{"name":"wp","href":"https:\/\/api.w.org\/{rel}","templated":true}]}}