{"id":29145,"date":"2024-06-18T12:59:49","date_gmt":"2024-06-18T12:59:49","guid":{"rendered":"https:\/\/yoestudiosalud.es\/producto\/otoscope-veterinaire-de-base\/"},"modified":"2024-06-18T12:59:49","modified_gmt":"2024-06-18T12:59:49","slug":"otoscope-veterinaire-de-base","status":"publish","type":"product","link":"https:\/\/yoestudiosalud.es\/fr\/produit\/otoscope-veterinaire-de-base\/","title":{"rendered":"OTOSCOPE V\u00c9T\u00c9RINAIRE DE BASE"},"content":{"rendered":"<p>L&#8217;otoscope v\u00e9t\u00e9rinaire de base est un outil indispensable en pratique v\u00e9t\u00e9rinaire, principalement utilis\u00e9 pour examiner les oreilles des animaux. Cet \u00e9quipement permet aux v\u00e9t\u00e9rinaires de visualiser le conduit auditif et le tympan, ce qui facilite la d\u00e9tection des infections, des corps \u00e9trangers, des inflammations et autres affections de l&#8217;oreille.<\/p>\n<p>Un otoscope v\u00e9t\u00e9rinaire se compose g\u00e9n\u00e9ralement de plusieurs parties fondamentales : la t\u00eate, qui comprend une lumi\u00e8re et une loupe, et un c\u00f4ne ou sp\u00e9culum jetable qui s&#8217;ins\u00e8re dans le conduit auditif. La lumi\u00e8re \u00e9claire l&#8217;int\u00e9rieur de l&#8217;oreille, tandis que la loupe amplifie l&#8217;image, offrant une vue claire et d\u00e9taill\u00e9e des structures internes.<\/p>\n<p>L&#8217;utilisation de l&#8217;otoscope chez les animaux peut pr\u00e9senter des d\u00e9fis sp\u00e9cifiques en raison de la diversit\u00e9 de la taille et de la forme des conduits auditifs entre les diff\u00e9rentes esp\u00e8ces et races. Par exemple, le conduit auditif d&#8217;un chien est plus long et en forme de L que celui d&#8217;un chat. De plus, certains animaux peuvent montrer de la r\u00e9sistance ou de l&#8217;agitation lors de l&#8217;examen, ce qui n\u00e9cessite de la patience et des comp\u00e9tences de manipulation de la part du v\u00e9t\u00e9rinaire.<\/p>\n<p>Un diagnostic pr\u00e9cis des probl\u00e8mes d&#8217;audition gr\u00e2ce \u00e0 l&#8217;utilisation d&#8217;un otoscope v\u00e9t\u00e9rinaire de base peut conduire \u00e0 des traitements efficaces et \u00e0 une am\u00e9lioration significative de la qualit\u00e9 de vie de l&#8217;animal. Les infections de l&#8217;oreille, telles que l&#8217;otite, sont courantes chez les chiens et les chats et, si elles ne sont pas trait\u00e9es, peuvent provoquer des douleurs chroniques et une perte auditive. Gr\u00e2ce \u00e0 l&#8217;otoscope, le v\u00e9t\u00e9rinaire peut identifier rapidement ces probl\u00e8mes et prescrire le traitement appropri\u00e9, qui peut inclure des antibiotiques, des anti-inflammatoires ou des proc\u00e9dures de nettoyage.<\/p>\n<p>Cet otoscope permet d&#8217;insuffler de l&#8217;air dans le conduit auditif, ce qui permet de d\u00e9montrer la mobilit\u00e9 de la membrane tympanique et de l&#8217;examiner.<\/p>\n<p>Ce qui rend cet otoscope v\u00e9t\u00e9rinaire de base sp\u00e9cial pour une utilisation chez les animaux, c&#8217;est essentiellement sa r\u00e9sistance, sa fonctionnalit\u00e9 et ses sp\u00e9culums r\u00e9utilisables de plus grande taille et de plus grand diam\u00e8tre pour faciliter l&#8217;\u00e9valuation.<\/p>\n<p>Caract\u00e9ristiques de l&#8217;otoscope v\u00e9t\u00e9rinaire de base :<\/p>\n<p>Tr\u00e8s r\u00e9sistant et fonctionnel<br \/>\nLa t\u00eate est dot\u00e9e d&#8217;une lentille grossissante 3x et d&#8217;une sortie pour l&#8217;insufflation d&#8217;air.<br \/>\nEclairage par ampoule 2,5v<br \/>\nUtilise 2 piles alcalines de 1,5 V de type \u00ab C \u00bb (non incluses)<br \/>\nComprend un sac de transport en plastique avec fermeture et sp\u00e9culums de diam\u00e8tre 4 &#8211; 5 et 7 mm.<br \/>\nSp\u00e9culums r\u00e9utilisables et autoclavables.<br \/>\nMod\u00e8le de marque Gima Parker 31442<br \/>\nEn conclusion, l\u2019otoscope est un outil indispensable en m\u00e9decine v\u00e9t\u00e9rinaire, permettant aux professionnels de la sant\u00e9 animale de r\u00e9aliser des examens d\u00e9taill\u00e9s de l\u2019oreille, de diagnostiquer et de traiter efficacement diverses pathologies auditives.<\/p>\n","protected":false},"excerpt":{"rendered":"<p>L&#8217;otoscope est un outil indispensable en m\u00e9decine v\u00e9t\u00e9rinaire, permettant aux professionnels de la sant\u00e9 animale de r\u00e9aliser des examens d\u00e9taill\u00e9s de l&#8217;oreille, de diagnostiquer et de traiter efficacement diverses pathologies auditives.<\/p>\n<p>L&#8217;otoscope v\u00e9t\u00e9rinaire de base est dot\u00e9 d&#8217;une lumi\u00e8re de 2,5 V et comprend des sp\u00e9culums de diff\u00e9rentes longueurs et diam\u00e8tres de 4, 5 et 7 mm de diam\u00e8tre.<\/p>\n","protected":false},"featured_media":29208,"template":"","meta":[],"product_brand":[],"product_cat":[721],"product_tag":[],"class_list":{"0":"post-29145","1":"product","2":"type-product","3":"status-publish","4":"has-post-thumbnail","6":"product_cat-diagnosticv-fr","7":"pa_formacion-veterinaria-fr","9":"first","10":"instock","11":"sale","12":"taxable","13":"shipping-taxable","14":"purchasable","15":"product-type-simple"},"yoast_head":"<!-- This site is optimized with the Yoast SEO Premium plugin v27.0 (Yoast SEO v27.2) - https:\/\/yoast.com\/product\/yoast-seo-premium-wordpress\/ -->\n<title>OTOSCOPE V\u00c9T\u00c9RINAIRE DE BASE - yoestudiosalud.es<\/title>\n<meta name=\"description\" content=\"L&#039;otoscope v\u00e9t\u00e9rinaire de base est un outil indispensable pour examiner les oreilles des animaux. Livr\u00e9 avec des sp\u00e9culums de 4 -5 et 7 mm de diam\u00e8tre\" \/>\n<meta name=\"robots\" content=\"index, follow, max-snippet:-1, max-image-preview:large, max-video-preview:-1\" \/>\n<link rel=\"canonical\" href=\"https:\/\/yoestudiosalud.es\/produit\/otoscopio-veterinario-basic\/\" \/>\n<meta property=\"og:locale\" content=\"fr_FR\" \/>\n<meta property=\"og:type\" content=\"article\" \/>\n<meta property=\"og:title\" content=\"OTOSCOPE V\u00c9T\u00c9RINAIRE DE BASE\" \/>\n<meta property=\"og:description\" content=\"L&#039;otoscope v\u00e9t\u00e9rinaire de base est un outil indispensable pour examiner les oreilles des animaux. Livr\u00e9 avec des sp\u00e9culums de 4 -5 et 7 mm de diam\u00e8tre\" \/>\n<meta property=\"og:url\" content=\"https:\/\/yoestudiosalud.es\/produit\/otoscopio-veterinario-basic\/\" \/>\n<meta property=\"og:site_name\" content=\"yoestudiosalud.es\" \/>\n<meta property=\"og:image\" content=\"https:\/\/yoestudiosalud.es\/wp-content\/uploads\/2024\/06\/Otoscopio.jpg\" \/>\n\t<meta property=\"og:image:width\" content=\"1080\" \/>\n\t<meta property=\"og:image:height\" content=\"1080\" \/>\n\t<meta property=\"og:image:type\" content=\"image\/jpeg\" \/>\n<meta name=\"twitter:card\" content=\"summary_large_image\" \/>\n<meta name=\"twitter:label1\" content=\"Dur\u00e9e de lecture estim\u00e9e\" \/>\n\t<meta name=\"twitter:data1\" content=\"2 minutes\" \/>\n<script type=\"application\/ld+json\" class=\"yoast-schema-graph\">{\"@context\":\"https:\/\/schema.org\",\"@graph\":[{\"@type\":\"WebPage\",\"@id\":\"https:\/\/yoestudiosalud.es\/produit\/otoscopio-veterinario-basic\/\",\"url\":\"https:\/\/yoestudiosalud.es\/produit\/otoscopio-veterinario-basic\/\",\"name\":\"OTOSCOPE V\u00c9T\u00c9RINAIRE DE BASE - yoestudiosalud.es\",\"isPartOf\":{\"@id\":\"https:\/\/yoestudiosalud.es\/en\/#website\"},\"primaryImageOfPage\":{\"@id\":\"https:\/\/yoestudiosalud.es\/produit\/otoscopio-veterinario-basic\/#primaryimage\"},\"image\":{\"@id\":\"https:\/\/yoestudiosalud.es\/produit\/otoscopio-veterinario-basic\/#primaryimage\"},\"thumbnailUrl\":\"https:\/\/yoestudiosalud.es\/wp-content\/uploads\/2024\/06\/Otoscopio.jpg\",\"datePublished\":\"2024-06-18T12:59:49+00:00\",\"description\":\"L'otoscope v\u00e9t\u00e9rinaire de base est un outil indispensable pour examiner les oreilles des animaux. Livr\u00e9 avec des sp\u00e9culums de 4 -5 et 7 mm de diam\u00e8tre\",\"breadcrumb\":{\"@id\":\"https:\/\/yoestudiosalud.es\/produit\/otoscopio-veterinario-basic\/#breadcrumb\"},\"inLanguage\":\"fr-FR\",\"potentialAction\":[{\"@type\":\"ReadAction\",\"target\":[\"https:\/\/yoestudiosalud.es\/produit\/otoscopio-veterinario-basic\/\"]}]},{\"@type\":\"ImageObject\",\"inLanguage\":\"fr-FR\",\"@id\":\"https:\/\/yoestudiosalud.es\/produit\/otoscopio-veterinario-basic\/#primaryimage\",\"url\":\"https:\/\/yoestudiosalud.es\/wp-content\/uploads\/2024\/06\/Otoscopio.jpg\",\"contentUrl\":\"https:\/\/yoestudiosalud.es\/wp-content\/uploads\/2024\/06\/Otoscopio.jpg\",\"width\":1080,\"height\":1080},{\"@type\":\"BreadcrumbList\",\"@id\":\"https:\/\/yoestudiosalud.es\/produit\/otoscopio-veterinario-basic\/#breadcrumb\",\"itemListElement\":[{\"@type\":\"ListItem\",\"position\":1,\"name\":\"Portada\",\"item\":\"https:\/\/yoestudiosalud.es\/fr\/\"},{\"@type\":\"ListItem\",\"position\":2,\"name\":\"Boutique\",\"item\":\"https:\/\/yoestudiosalud.es\/fr\/boutique\/\"},{\"@type\":\"ListItem\",\"position\":3,\"name\":\"OTOSCOPE V\u00c9T\u00c9RINAIRE DE BASE\"}]},{\"@type\":\"WebSite\",\"@id\":\"https:\/\/yoestudiosalud.es\/en\/#website\",\"url\":\"https:\/\/yoestudiosalud.es\/en\/\",\"name\":\"yoestudiosalud.es\",\"description\":\"Material para estudiantes del sector salud\",\"publisher\":{\"@id\":\"https:\/\/yoestudiosalud.es\/en\/#organization\"},\"potentialAction\":[{\"@type\":\"SearchAction\",\"target\":{\"@type\":\"EntryPoint\",\"urlTemplate\":\"https:\/\/yoestudiosalud.es\/en\/?s={search_term_string}\"},\"query-input\":{\"@type\":\"PropertyValueSpecification\",\"valueRequired\":true,\"valueName\":\"search_term_string\"}}],\"inLanguage\":\"fr-FR\"},{\"@type\":\"Organization\",\"@id\":\"https:\/\/yoestudiosalud.es\/en\/#organization\",\"name\":\"yoestudiosalud.es\",\"url\":\"https:\/\/yoestudiosalud.es\/en\/\",\"logo\":{\"@type\":\"ImageObject\",\"inLanguage\":\"fr-FR\",\"@id\":\"https:\/\/yoestudiosalud.es\/en\/#\/schema\/logo\/image\/\",\"url\":\"https:\/\/yoestudiosalud.es\/wp-content\/uploads\/2020\/04\/logonew-e1698080827687.png\",\"contentUrl\":\"https:\/\/yoestudiosalud.es\/wp-content\/uploads\/2020\/04\/logonew-e1698080827687.png\",\"width\":421,\"height\":393,\"caption\":\"yoestudiosalud.es\"},\"image\":{\"@id\":\"https:\/\/yoestudiosalud.es\/en\/#\/schema\/logo\/image\/\"}}]}<\/script>\n<!-- \/ Yoast SEO Premium plugin. -->","yoast_head_json":{"title":"OTOSCOPE V\u00c9T\u00c9RINAIRE DE BASE - yoestudiosalud.es","description":"L'otoscope v\u00e9t\u00e9rinaire de base est un outil indispensable pour examiner les oreilles des animaux. Livr\u00e9 avec des sp\u00e9culums de 4 -5 et 7 mm de diam\u00e8tre","robots":{"index":"index","follow":"follow","max-snippet":"max-snippet:-1","max-image-preview":"max-image-preview:large","max-video-preview":"max-video-preview:-1"},"canonical":"https:\/\/yoestudiosalud.es\/produit\/otoscopio-veterinario-basic\/","og_locale":"fr_FR","og_type":"article","og_title":"OTOSCOPE V\u00c9T\u00c9RINAIRE DE BASE","og_description":"L'otoscope v\u00e9t\u00e9rinaire de base est un outil indispensable pour examiner les oreilles des animaux. Livr\u00e9 avec des sp\u00e9culums de 4 -5 et 7 mm de diam\u00e8tre","og_url":"https:\/\/yoestudiosalud.es\/produit\/otoscopio-veterinario-basic\/","og_site_name":"yoestudiosalud.es","og_image":[{"width":1080,"height":1080,"url":"https:\/\/yoestudiosalud.es\/wp-content\/uploads\/2024\/06\/Otoscopio.jpg","type":"image\/jpeg"}],"twitter_card":"summary_large_image","twitter_misc":{"Dur\u00e9e de lecture estim\u00e9e":"2 minutes"},"schema":{"@context":"https:\/\/schema.org","@graph":[{"@type":"WebPage","@id":"https:\/\/yoestudiosalud.es\/produit\/otoscopio-veterinario-basic\/","url":"https:\/\/yoestudiosalud.es\/produit\/otoscopio-veterinario-basic\/","name":"OTOSCOPE V\u00c9T\u00c9RINAIRE DE BASE - yoestudiosalud.es","isPartOf":{"@id":"https:\/\/yoestudiosalud.es\/en\/#website"},"primaryImageOfPage":{"@id":"https:\/\/yoestudiosalud.es\/produit\/otoscopio-veterinario-basic\/#primaryimage"},"image":{"@id":"https:\/\/yoestudiosalud.es\/produit\/otoscopio-veterinario-basic\/#primaryimage"},"thumbnailUrl":"https:\/\/yoestudiosalud.es\/wp-content\/uploads\/2024\/06\/Otoscopio.jpg","datePublished":"2024-06-18T12:59:49+00:00","description":"L'otoscope v\u00e9t\u00e9rinaire de base est un outil indispensable pour examiner les oreilles des animaux. Livr\u00e9 avec des sp\u00e9culums de 4 -5 et 7 mm de diam\u00e8tre","breadcrumb":{"@id":"https:\/\/yoestudiosalud.es\/produit\/otoscopio-veterinario-basic\/#breadcrumb"},"inLanguage":"fr-FR","potentialAction":[{"@type":"ReadAction","target":["https:\/\/yoestudiosalud.es\/produit\/otoscopio-veterinario-basic\/"]}]},{"@type":"ImageObject","inLanguage":"fr-FR","@id":"https:\/\/yoestudiosalud.es\/produit\/otoscopio-veterinario-basic\/#primaryimage","url":"https:\/\/yoestudiosalud.es\/wp-content\/uploads\/2024\/06\/Otoscopio.jpg","contentUrl":"https:\/\/yoestudiosalud.es\/wp-content\/uploads\/2024\/06\/Otoscopio.jpg","width":1080,"height":1080},{"@type":"BreadcrumbList","@id":"https:\/\/yoestudiosalud.es\/produit\/otoscopio-veterinario-basic\/#breadcrumb","itemListElement":[{"@type":"ListItem","position":1,"name":"Portada","item":"https:\/\/yoestudiosalud.es\/fr\/"},{"@type":"ListItem","position":2,"name":"Boutique","item":"https:\/\/yoestudiosalud.es\/fr\/boutique\/"},{"@type":"ListItem","position":3,"name":"OTOSCOPE V\u00c9T\u00c9RINAIRE DE BASE"}]},{"@type":"WebSite","@id":"https:\/\/yoestudiosalud.es\/en\/#website","url":"https:\/\/yoestudiosalud.es\/en\/","name":"yoestudiosalud.es","description":"Material para estudiantes del sector salud","publisher":{"@id":"https:\/\/yoestudiosalud.es\/en\/#organization"},"potentialAction":[{"@type":"SearchAction","target":{"@type":"EntryPoint","urlTemplate":"https:\/\/yoestudiosalud.es\/en\/?s={search_term_string}"},"query-input":{"@type":"PropertyValueSpecification","valueRequired":true,"valueName":"search_term_string"}}],"inLanguage":"fr-FR"},{"@type":"Organization","@id":"https:\/\/yoestudiosalud.es\/en\/#organization","name":"yoestudiosalud.es","url":"https:\/\/yoestudiosalud.es\/en\/","logo":{"@type":"ImageObject","inLanguage":"fr-FR","@id":"https:\/\/yoestudiosalud.es\/en\/#\/schema\/logo\/image\/","url":"https:\/\/yoestudiosalud.es\/wp-content\/uploads\/2020\/04\/logonew-e1698080827687.png","contentUrl":"https:\/\/yoestudiosalud.es\/wp-content\/uploads\/2020\/04\/logonew-e1698080827687.png","width":421,"height":393,"caption":"yoestudiosalud.es"},"image":{"@id":"https:\/\/yoestudiosalud.es\/en\/#\/schema\/logo\/image\/"}}]}},"_links":{"self":[{"href":"https:\/\/yoestudiosalud.es\/fr\/wp-json\/wp\/v2\/product\/29145","targetHints":{"allow":["GET"]}}],"collection":[{"href":"https:\/\/yoestudiosalud.es\/fr\/wp-json\/wp\/v2\/product"}],"about":[{"href":"https:\/\/yoestudiosalud.es\/fr\/wp-json\/wp\/v2\/types\/product"}],"wp:featuredmedia":[{"embeddable":true,"href":"https:\/\/yoestudiosalud.es\/fr\/wp-json\/wp\/v2\/media\/29208"}],"wp:attachment":[{"href":"https:\/\/yoestudiosalud.es\/fr\/wp-json\/wp\/v2\/media?parent=29145"}],"wp:term":[{"taxonomy":"product_brand","embeddable":true,"href":"https:\/\/yoestudiosalud.es\/fr\/wp-json\/wp\/v2\/product_brand?post=29145"},{"taxonomy":"product_cat","embeddable":true,"href":"https:\/\/yoestudiosalud.es\/fr\/wp-json\/wp\/v2\/product_cat?post=29145"},{"taxonomy":"product_tag","embeddable":true,"href":"https:\/\/yoestudiosalud.es\/fr\/wp-json\/wp\/v2\/product_tag?post=29145"}],"curies":[{"name":"wp","href":"https:\/\/api.w.org\/{rel}","templated":true}]}}