{"id":29140,"date":"2024-06-18T11:18:48","date_gmt":"2024-06-18T11:18:48","guid":{"rendered":"https:\/\/yoestudiosalud.es\/producto\/colle-universelle-20-ml\/"},"modified":"2024-06-18T11:18:48","modified_gmt":"2024-06-18T11:18:48","slug":"colle-universelle-20-ml","status":"publish","type":"product","link":"https:\/\/yoestudiosalud.es\/fr\/produit\/colle-universelle-20-ml\/","title":{"rendered":"COLLE UNIVERSELLE 20 ML"},"content":{"rendered":"<p>Colle Contact Supergen incolore, petit tube de 20 ml. S\u00e9chage transparent. Pour des joints solides, flexibles, durables et transparents. Colle caoutchouc, li\u00e8ge, bois, moquette, Fa\u00efence, M\u00e9lamine et d\u00e9riv\u00e9s, tissus, tissu cuir. Ne jaunit pas avec le temps. S\u00e9chage rapide.<\/p>\n","protected":false},"excerpt":{"rendered":"<p>Colle Contact Supergen incolore, petit tube de 20 ml.<\/p>\n","protected":false},"featured_media":29134,"template":"","meta":[],"product_brand":[],"product_cat":[711],"product_tag":[689],"class_list":{"0":"post-29140","1":"product","2":"type-product","3":"status-publish","4":"has-post-thumbnail","6":"product_cat-orthodontie-fr","7":"product_tag-ucv3","9":"first","10":"instock","11":"taxable","12":"shipping-taxable","13":"purchasable","14":"product-type-simple"},"yoast_head":"<!-- This site is optimized with the Yoast SEO Premium plugin v27.0 (Yoast SEO v27.2) - https:\/\/yoast.com\/product\/yoast-seo-premium-wordpress\/ -->\n<title>COLLE UNIVERSELLE 20 ML - yoestudiosalud.es d\u00e9p\u00f4t dentaire \u00e9tudiant<\/title>\n<meta name=\"description\" content=\"Colle Contact Supergen incolore, petit tube de 20 ml. S\u00e9chage transparent. Pour des joints solides, flexibles, durables et transparents.\" \/>\n<meta name=\"robots\" content=\"index, follow, max-snippet:-1, max-image-preview:large, max-video-preview:-1\" \/>\n<link rel=\"canonical\" href=\"https:\/\/yoestudiosalud.es\/produit\/pegamento-universal-20-ml\/\" \/>\n<meta property=\"og:locale\" content=\"fr_FR\" \/>\n<meta property=\"og:type\" content=\"article\" \/>\n<meta property=\"og:title\" content=\"COLLE UNIVERSELLE 20 ML\" \/>\n<meta property=\"og:description\" content=\"Colle Contact Supergen incolore, petit tube de 20 ml. S\u00e9chage transparent. Pour des joints solides, flexibles, durables et transparents.\" \/>\n<meta property=\"og:url\" content=\"https:\/\/yoestudiosalud.es\/produit\/pegamento-universal-20-ml\/\" \/>\n<meta property=\"og:site_name\" content=\"yoestudiosalud.es\" \/>\n<meta property=\"og:image\" content=\"https:\/\/yoestudiosalud.es\/wp-content\/uploads\/2024\/06\/003912.jpg\" \/>\n\t<meta property=\"og:image:width\" content=\"650\" \/>\n\t<meta property=\"og:image:height\" content=\"650\" \/>\n\t<meta property=\"og:image:type\" content=\"image\/jpeg\" \/>\n<meta name=\"twitter:card\" content=\"summary_large_image\" \/>\n<script type=\"application\/ld+json\" class=\"yoast-schema-graph\">{\"@context\":\"https:\/\/schema.org\",\"@graph\":[{\"@type\":\"WebPage\",\"@id\":\"https:\/\/yoestudiosalud.es\/produit\/pegamento-universal-20-ml\/\",\"url\":\"https:\/\/yoestudiosalud.es\/produit\/pegamento-universal-20-ml\/\",\"name\":\"COLLE UNIVERSELLE 20 ML - yoestudiosalud.es d\u00e9p\u00f4t dentaire \u00e9tudiant\",\"isPartOf\":{\"@id\":\"https:\/\/yoestudiosalud.es\/en\/#website\"},\"primaryImageOfPage\":{\"@id\":\"https:\/\/yoestudiosalud.es\/produit\/pegamento-universal-20-ml\/#primaryimage\"},\"image\":{\"@id\":\"https:\/\/yoestudiosalud.es\/produit\/pegamento-universal-20-ml\/#primaryimage\"},\"thumbnailUrl\":\"https:\/\/yoestudiosalud.es\/wp-content\/uploads\/2024\/06\/003912.jpg\",\"datePublished\":\"2024-06-18T11:18:48+00:00\",\"description\":\"Colle Contact Supergen incolore, petit tube de 20 ml. S\u00e9chage transparent. Pour des joints solides, flexibles, durables et transparents.\",\"breadcrumb\":{\"@id\":\"https:\/\/yoestudiosalud.es\/produit\/pegamento-universal-20-ml\/#breadcrumb\"},\"inLanguage\":\"fr-FR\",\"potentialAction\":[{\"@type\":\"ReadAction\",\"target\":[\"https:\/\/yoestudiosalud.es\/produit\/pegamento-universal-20-ml\/\"]}]},{\"@type\":\"ImageObject\",\"inLanguage\":\"fr-FR\",\"@id\":\"https:\/\/yoestudiosalud.es\/produit\/pegamento-universal-20-ml\/#primaryimage\",\"url\":\"https:\/\/yoestudiosalud.es\/wp-content\/uploads\/2024\/06\/003912.jpg\",\"contentUrl\":\"https:\/\/yoestudiosalud.es\/wp-content\/uploads\/2024\/06\/003912.jpg\",\"width\":650,\"height\":650,\"caption\":\"COLLE UNIVERSELLE 20 ML\"},{\"@type\":\"BreadcrumbList\",\"@id\":\"https:\/\/yoestudiosalud.es\/produit\/pegamento-universal-20-ml\/#breadcrumb\",\"itemListElement\":[{\"@type\":\"ListItem\",\"position\":1,\"name\":\"Portada\",\"item\":\"https:\/\/yoestudiosalud.es\/fr\/\"},{\"@type\":\"ListItem\",\"position\":2,\"name\":\"Boutique\",\"item\":\"https:\/\/yoestudiosalud.es\/fr\/boutique\/\"},{\"@type\":\"ListItem\",\"position\":3,\"name\":\"COLLE UNIVERSELLE 20 ML\"}]},{\"@type\":\"WebSite\",\"@id\":\"https:\/\/yoestudiosalud.es\/en\/#website\",\"url\":\"https:\/\/yoestudiosalud.es\/en\/\",\"name\":\"yoestudiosalud.es\",\"description\":\"Material para estudiantes del sector salud\",\"publisher\":{\"@id\":\"https:\/\/yoestudiosalud.es\/en\/#organization\"},\"potentialAction\":[{\"@type\":\"SearchAction\",\"target\":{\"@type\":\"EntryPoint\",\"urlTemplate\":\"https:\/\/yoestudiosalud.es\/en\/?s={search_term_string}\"},\"query-input\":{\"@type\":\"PropertyValueSpecification\",\"valueRequired\":true,\"valueName\":\"search_term_string\"}}],\"inLanguage\":\"fr-FR\"},{\"@type\":\"Organization\",\"@id\":\"https:\/\/yoestudiosalud.es\/en\/#organization\",\"name\":\"yoestudiosalud.es\",\"url\":\"https:\/\/yoestudiosalud.es\/en\/\",\"logo\":{\"@type\":\"ImageObject\",\"inLanguage\":\"fr-FR\",\"@id\":\"https:\/\/yoestudiosalud.es\/en\/#\/schema\/logo\/image\/\",\"url\":\"https:\/\/yoestudiosalud.es\/wp-content\/uploads\/2020\/04\/logonew-e1698080827687.png\",\"contentUrl\":\"https:\/\/yoestudiosalud.es\/wp-content\/uploads\/2020\/04\/logonew-e1698080827687.png\",\"width\":421,\"height\":393,\"caption\":\"yoestudiosalud.es\"},\"image\":{\"@id\":\"https:\/\/yoestudiosalud.es\/en\/#\/schema\/logo\/image\/\"}}]}<\/script>\n<!-- \/ Yoast SEO Premium plugin. -->","yoast_head_json":{"title":"COLLE UNIVERSELLE 20 ML - yoestudiosalud.es d\u00e9p\u00f4t dentaire \u00e9tudiant","description":"Colle Contact Supergen incolore, petit tube de 20 ml. S\u00e9chage transparent. Pour des joints solides, flexibles, durables et transparents.","robots":{"index":"index","follow":"follow","max-snippet":"max-snippet:-1","max-image-preview":"max-image-preview:large","max-video-preview":"max-video-preview:-1"},"canonical":"https:\/\/yoestudiosalud.es\/produit\/pegamento-universal-20-ml\/","og_locale":"fr_FR","og_type":"article","og_title":"COLLE UNIVERSELLE 20 ML","og_description":"Colle Contact Supergen incolore, petit tube de 20 ml. S\u00e9chage transparent. Pour des joints solides, flexibles, durables et transparents.","og_url":"https:\/\/yoestudiosalud.es\/produit\/pegamento-universal-20-ml\/","og_site_name":"yoestudiosalud.es","og_image":[{"width":650,"height":650,"url":"https:\/\/yoestudiosalud.es\/wp-content\/uploads\/2024\/06\/003912.jpg","type":"image\/jpeg"}],"twitter_card":"summary_large_image","schema":{"@context":"https:\/\/schema.org","@graph":[{"@type":"WebPage","@id":"https:\/\/yoestudiosalud.es\/produit\/pegamento-universal-20-ml\/","url":"https:\/\/yoestudiosalud.es\/produit\/pegamento-universal-20-ml\/","name":"COLLE UNIVERSELLE 20 ML - yoestudiosalud.es d\u00e9p\u00f4t dentaire \u00e9tudiant","isPartOf":{"@id":"https:\/\/yoestudiosalud.es\/en\/#website"},"primaryImageOfPage":{"@id":"https:\/\/yoestudiosalud.es\/produit\/pegamento-universal-20-ml\/#primaryimage"},"image":{"@id":"https:\/\/yoestudiosalud.es\/produit\/pegamento-universal-20-ml\/#primaryimage"},"thumbnailUrl":"https:\/\/yoestudiosalud.es\/wp-content\/uploads\/2024\/06\/003912.jpg","datePublished":"2024-06-18T11:18:48+00:00","description":"Colle Contact Supergen incolore, petit tube de 20 ml. S\u00e9chage transparent. Pour des joints solides, flexibles, durables et transparents.","breadcrumb":{"@id":"https:\/\/yoestudiosalud.es\/produit\/pegamento-universal-20-ml\/#breadcrumb"},"inLanguage":"fr-FR","potentialAction":[{"@type":"ReadAction","target":["https:\/\/yoestudiosalud.es\/produit\/pegamento-universal-20-ml\/"]}]},{"@type":"ImageObject","inLanguage":"fr-FR","@id":"https:\/\/yoestudiosalud.es\/produit\/pegamento-universal-20-ml\/#primaryimage","url":"https:\/\/yoestudiosalud.es\/wp-content\/uploads\/2024\/06\/003912.jpg","contentUrl":"https:\/\/yoestudiosalud.es\/wp-content\/uploads\/2024\/06\/003912.jpg","width":650,"height":650,"caption":"COLLE UNIVERSELLE 20 ML"},{"@type":"BreadcrumbList","@id":"https:\/\/yoestudiosalud.es\/produit\/pegamento-universal-20-ml\/#breadcrumb","itemListElement":[{"@type":"ListItem","position":1,"name":"Portada","item":"https:\/\/yoestudiosalud.es\/fr\/"},{"@type":"ListItem","position":2,"name":"Boutique","item":"https:\/\/yoestudiosalud.es\/fr\/boutique\/"},{"@type":"ListItem","position":3,"name":"COLLE UNIVERSELLE 20 ML"}]},{"@type":"WebSite","@id":"https:\/\/yoestudiosalud.es\/en\/#website","url":"https:\/\/yoestudiosalud.es\/en\/","name":"yoestudiosalud.es","description":"Material para estudiantes del sector salud","publisher":{"@id":"https:\/\/yoestudiosalud.es\/en\/#organization"},"potentialAction":[{"@type":"SearchAction","target":{"@type":"EntryPoint","urlTemplate":"https:\/\/yoestudiosalud.es\/en\/?s={search_term_string}"},"query-input":{"@type":"PropertyValueSpecification","valueRequired":true,"valueName":"search_term_string"}}],"inLanguage":"fr-FR"},{"@type":"Organization","@id":"https:\/\/yoestudiosalud.es\/en\/#organization","name":"yoestudiosalud.es","url":"https:\/\/yoestudiosalud.es\/en\/","logo":{"@type":"ImageObject","inLanguage":"fr-FR","@id":"https:\/\/yoestudiosalud.es\/en\/#\/schema\/logo\/image\/","url":"https:\/\/yoestudiosalud.es\/wp-content\/uploads\/2020\/04\/logonew-e1698080827687.png","contentUrl":"https:\/\/yoestudiosalud.es\/wp-content\/uploads\/2020\/04\/logonew-e1698080827687.png","width":421,"height":393,"caption":"yoestudiosalud.es"},"image":{"@id":"https:\/\/yoestudiosalud.es\/en\/#\/schema\/logo\/image\/"}}]}},"_links":{"self":[{"href":"https:\/\/yoestudiosalud.es\/fr\/wp-json\/wp\/v2\/product\/29140","targetHints":{"allow":["GET"]}}],"collection":[{"href":"https:\/\/yoestudiosalud.es\/fr\/wp-json\/wp\/v2\/product"}],"about":[{"href":"https:\/\/yoestudiosalud.es\/fr\/wp-json\/wp\/v2\/types\/product"}],"wp:featuredmedia":[{"embeddable":true,"href":"https:\/\/yoestudiosalud.es\/fr\/wp-json\/wp\/v2\/media\/29134"}],"wp:attachment":[{"href":"https:\/\/yoestudiosalud.es\/fr\/wp-json\/wp\/v2\/media?parent=29140"}],"wp:term":[{"taxonomy":"product_brand","embeddable":true,"href":"https:\/\/yoestudiosalud.es\/fr\/wp-json\/wp\/v2\/product_brand?post=29140"},{"taxonomy":"product_cat","embeddable":true,"href":"https:\/\/yoestudiosalud.es\/fr\/wp-json\/wp\/v2\/product_cat?post=29140"},{"taxonomy":"product_tag","embeddable":true,"href":"https:\/\/yoestudiosalud.es\/fr\/wp-json\/wp\/v2\/product_tag?post=29140"}],"curies":[{"name":"wp","href":"https:\/\/api.w.org\/{rel}","templated":true}]}}