{"id":29069,"date":"2024-06-17T14:56:36","date_gmt":"2024-06-17T14:56:36","guid":{"rendered":"https:\/\/yoestudiosalud.es\/producto\/fraises-dentaires-6830-314-018\/"},"modified":"2025-07-02T20:04:56","modified_gmt":"2025-07-02T18:04:56","slug":"fresa-odontologica-6830-314-018","status":"publish","type":"product","link":"https:\/\/yoestudiosalud.es\/fr\/produit\/fresa-odontologica-6830-314-018\/","title":{"rendered":"FORET DENTAIRE 6830.314.018"},"content":{"rendered":"<p>Fraise dentaire 6830.314.018 ( G830.018 FG ) ISO 806.314.238.534.018.\u00a0 Fraise \u00e0 gros grain, de forme pero\u00efdale, pour la pr\u00e9paration des cavit\u00e9s. Longueur de l&#8217;ar\u00eate de coupe 2,7 mm.<\/p>\n","protected":false},"excerpt":{"rendered":"<p>Fraise p\u00e9ridurale pour la pr\u00e9paration des carcasses<\/p>\n","protected":false},"featured_media":29061,"template":"","meta":[],"product_brand":[],"product_cat":[669],"product_tag":[689],"class_list":{"0":"post-29069","1":"product","2":"type-product","3":"status-publish","4":"has-post-thumbnail","6":"product_cat-general-fr","7":"product_tag-ucv3","8":"pa_formacion-odontologia-fr","10":"first","11":"onbackorder","12":"sale","13":"taxable","14":"shipping-taxable","15":"purchasable","16":"product-type-simple"},"yoast_head":"<!-- This site is optimized with the Yoast SEO Premium plugin v27.0 (Yoast SEO v27.2) - https:\/\/yoast.com\/product\/yoast-seo-premium-wordpress\/ -->\n<title>FORET DENTAIRE 6830.314.018 - yoestudiosalud.es dental depot<\/title>\n<meta name=\"description\" content=\"Fraise dentaire 6830.314.018 ( G830.018 FG ) ISO 806.314.238.534.018.\u00a0 Fraise \u00e0 gros grain, de forme pero\u00efdale, pour la pr\u00e9paration des cavit\u00e9s. Longueur de l&#039;ar\u00eate de coupe 2,7 mm.\" \/>\n<meta name=\"robots\" content=\"index, follow, max-snippet:-1, max-image-preview:large, max-video-preview:-1\" \/>\n<link rel=\"canonical\" href=\"https:\/\/yoestudiosalud.es\/produit\/fresa-odontologica-6830-314-018\/\" \/>\n<meta property=\"og:locale\" content=\"fr_FR\" \/>\n<meta property=\"og:type\" content=\"article\" \/>\n<meta property=\"og:title\" content=\"FORET DENTAIRE 6830.314.018\" \/>\n<meta property=\"og:description\" content=\"Fraise dentaire 6830.314.018 ( G830.018 FG ) ISO 806.314.238.534.018.\u00a0 Fraise \u00e0 gros grain, de forme pero\u00efdale, pour la pr\u00e9paration des cavit\u00e9s. Longueur de l&#039;ar\u00eate de coupe 2,7 mm.\" \/>\n<meta property=\"og:url\" content=\"https:\/\/yoestudiosalud.es\/produit\/fresa-odontologica-6830-314-018\/\" \/>\n<meta property=\"og:site_name\" content=\"yoestudiosalud.es\" \/>\n<meta property=\"article:modified_time\" content=\"2025-07-02T18:04:56+00:00\" \/>\n<meta property=\"og:image\" content=\"https:\/\/yoestudiosalud.es\/wp-content\/uploads\/2024\/06\/001621.G018.jpg\" \/>\n\t<meta property=\"og:image:width\" content=\"650\" \/>\n\t<meta property=\"og:image:height\" content=\"650\" \/>\n\t<meta property=\"og:image:type\" content=\"image\/jpeg\" \/>\n<meta name=\"twitter:card\" content=\"summary_large_image\" \/>\n<script type=\"application\/ld+json\" class=\"yoast-schema-graph\">{\"@context\":\"https:\/\/schema.org\",\"@graph\":[{\"@type\":\"WebPage\",\"@id\":\"https:\/\/yoestudiosalud.es\/produit\/fresa-odontologica-6830-314-018\/\",\"url\":\"https:\/\/yoestudiosalud.es\/produit\/fresa-odontologica-6830-314-018\/\",\"name\":\"FORET DENTAIRE 6830.314.018 - yoestudiosalud.es dental depot\",\"isPartOf\":{\"@id\":\"https:\/\/yoestudiosalud.es\/en\/#website\"},\"primaryImageOfPage\":{\"@id\":\"https:\/\/yoestudiosalud.es\/produit\/fresa-odontologica-6830-314-018\/#primaryimage\"},\"image\":{\"@id\":\"https:\/\/yoestudiosalud.es\/produit\/fresa-odontologica-6830-314-018\/#primaryimage\"},\"thumbnailUrl\":\"https:\/\/yoestudiosalud.es\/wp-content\/uploads\/2024\/06\/001621.G018.jpg\",\"datePublished\":\"2024-06-17T14:56:36+00:00\",\"dateModified\":\"2025-07-02T18:04:56+00:00\",\"description\":\"Fraise dentaire 6830.314.018 ( G830.018 FG ) ISO 806.314.238.534.018.\u00a0 Fraise \u00e0 gros grain, de forme pero\u00efdale, pour la pr\u00e9paration des cavit\u00e9s. Longueur de l'ar\u00eate de coupe 2,7 mm.\",\"breadcrumb\":{\"@id\":\"https:\/\/yoestudiosalud.es\/produit\/fresa-odontologica-6830-314-018\/#breadcrumb\"},\"inLanguage\":\"fr-FR\",\"potentialAction\":[{\"@type\":\"ReadAction\",\"target\":[\"https:\/\/yoestudiosalud.es\/produit\/fresa-odontologica-6830-314-018\/\"]}]},{\"@type\":\"ImageObject\",\"inLanguage\":\"fr-FR\",\"@id\":\"https:\/\/yoestudiosalud.es\/produit\/fresa-odontologica-6830-314-018\/#primaryimage\",\"url\":\"https:\/\/yoestudiosalud.es\/wp-content\/uploads\/2024\/06\/001621.G018.jpg\",\"contentUrl\":\"https:\/\/yoestudiosalud.es\/wp-content\/uploads\/2024\/06\/001621.G018.jpg\",\"width\":650,\"height\":650,\"caption\":\"FRAISES DENTAIRES 6830.314.018\"},{\"@type\":\"BreadcrumbList\",\"@id\":\"https:\/\/yoestudiosalud.es\/produit\/fresa-odontologica-6830-314-018\/#breadcrumb\",\"itemListElement\":[{\"@type\":\"ListItem\",\"position\":1,\"name\":\"Portada\",\"item\":\"https:\/\/yoestudiosalud.es\/fr\/\"},{\"@type\":\"ListItem\",\"position\":2,\"name\":\"Boutique\",\"item\":\"https:\/\/yoestudiosalud.es\/fr\/boutique\/\"},{\"@type\":\"ListItem\",\"position\":3,\"name\":\"FORET DENTAIRE 6830.314.018\"}]},{\"@type\":\"WebSite\",\"@id\":\"https:\/\/yoestudiosalud.es\/en\/#website\",\"url\":\"https:\/\/yoestudiosalud.es\/en\/\",\"name\":\"yoestudiosalud.es\",\"description\":\"Material para estudiantes del sector salud\",\"publisher\":{\"@id\":\"https:\/\/yoestudiosalud.es\/en\/#organization\"},\"potentialAction\":[{\"@type\":\"SearchAction\",\"target\":{\"@type\":\"EntryPoint\",\"urlTemplate\":\"https:\/\/yoestudiosalud.es\/en\/?s={search_term_string}\"},\"query-input\":{\"@type\":\"PropertyValueSpecification\",\"valueRequired\":true,\"valueName\":\"search_term_string\"}}],\"inLanguage\":\"fr-FR\"},{\"@type\":\"Organization\",\"@id\":\"https:\/\/yoestudiosalud.es\/en\/#organization\",\"name\":\"yoestudiosalud.es\",\"url\":\"https:\/\/yoestudiosalud.es\/en\/\",\"logo\":{\"@type\":\"ImageObject\",\"inLanguage\":\"fr-FR\",\"@id\":\"https:\/\/yoestudiosalud.es\/en\/#\/schema\/logo\/image\/\",\"url\":\"https:\/\/yoestudiosalud.es\/wp-content\/uploads\/2020\/04\/logonew-e1698080827687.png\",\"contentUrl\":\"https:\/\/yoestudiosalud.es\/wp-content\/uploads\/2020\/04\/logonew-e1698080827687.png\",\"width\":421,\"height\":393,\"caption\":\"yoestudiosalud.es\"},\"image\":{\"@id\":\"https:\/\/yoestudiosalud.es\/en\/#\/schema\/logo\/image\/\"}}]}<\/script>\n<!-- \/ Yoast SEO Premium plugin. -->","yoast_head_json":{"title":"FORET DENTAIRE 6830.314.018 - yoestudiosalud.es dental depot","description":"Fraise dentaire 6830.314.018 ( G830.018 FG ) ISO 806.314.238.534.018.\u00a0 Fraise \u00e0 gros grain, de forme pero\u00efdale, pour la pr\u00e9paration des cavit\u00e9s. Longueur de l'ar\u00eate de coupe 2,7 mm.","robots":{"index":"index","follow":"follow","max-snippet":"max-snippet:-1","max-image-preview":"max-image-preview:large","max-video-preview":"max-video-preview:-1"},"canonical":"https:\/\/yoestudiosalud.es\/produit\/fresa-odontologica-6830-314-018\/","og_locale":"fr_FR","og_type":"article","og_title":"FORET DENTAIRE 6830.314.018","og_description":"Fraise dentaire 6830.314.018 ( G830.018 FG ) ISO 806.314.238.534.018.\u00a0 Fraise \u00e0 gros grain, de forme pero\u00efdale, pour la pr\u00e9paration des cavit\u00e9s. Longueur de l'ar\u00eate de coupe 2,7 mm.","og_url":"https:\/\/yoestudiosalud.es\/produit\/fresa-odontologica-6830-314-018\/","og_site_name":"yoestudiosalud.es","article_modified_time":"2025-07-02T18:04:56+00:00","og_image":[{"width":650,"height":650,"url":"https:\/\/yoestudiosalud.es\/wp-content\/uploads\/2024\/06\/001621.G018.jpg","type":"image\/jpeg"}],"twitter_card":"summary_large_image","schema":{"@context":"https:\/\/schema.org","@graph":[{"@type":"WebPage","@id":"https:\/\/yoestudiosalud.es\/produit\/fresa-odontologica-6830-314-018\/","url":"https:\/\/yoestudiosalud.es\/produit\/fresa-odontologica-6830-314-018\/","name":"FORET DENTAIRE 6830.314.018 - yoestudiosalud.es dental depot","isPartOf":{"@id":"https:\/\/yoestudiosalud.es\/en\/#website"},"primaryImageOfPage":{"@id":"https:\/\/yoestudiosalud.es\/produit\/fresa-odontologica-6830-314-018\/#primaryimage"},"image":{"@id":"https:\/\/yoestudiosalud.es\/produit\/fresa-odontologica-6830-314-018\/#primaryimage"},"thumbnailUrl":"https:\/\/yoestudiosalud.es\/wp-content\/uploads\/2024\/06\/001621.G018.jpg","datePublished":"2024-06-17T14:56:36+00:00","dateModified":"2025-07-02T18:04:56+00:00","description":"Fraise dentaire 6830.314.018 ( G830.018 FG ) ISO 806.314.238.534.018.\u00a0 Fraise \u00e0 gros grain, de forme pero\u00efdale, pour la pr\u00e9paration des cavit\u00e9s. Longueur de l'ar\u00eate de coupe 2,7 mm.","breadcrumb":{"@id":"https:\/\/yoestudiosalud.es\/produit\/fresa-odontologica-6830-314-018\/#breadcrumb"},"inLanguage":"fr-FR","potentialAction":[{"@type":"ReadAction","target":["https:\/\/yoestudiosalud.es\/produit\/fresa-odontologica-6830-314-018\/"]}]},{"@type":"ImageObject","inLanguage":"fr-FR","@id":"https:\/\/yoestudiosalud.es\/produit\/fresa-odontologica-6830-314-018\/#primaryimage","url":"https:\/\/yoestudiosalud.es\/wp-content\/uploads\/2024\/06\/001621.G018.jpg","contentUrl":"https:\/\/yoestudiosalud.es\/wp-content\/uploads\/2024\/06\/001621.G018.jpg","width":650,"height":650,"caption":"FRAISES DENTAIRES 6830.314.018"},{"@type":"BreadcrumbList","@id":"https:\/\/yoestudiosalud.es\/produit\/fresa-odontologica-6830-314-018\/#breadcrumb","itemListElement":[{"@type":"ListItem","position":1,"name":"Portada","item":"https:\/\/yoestudiosalud.es\/fr\/"},{"@type":"ListItem","position":2,"name":"Boutique","item":"https:\/\/yoestudiosalud.es\/fr\/boutique\/"},{"@type":"ListItem","position":3,"name":"FORET DENTAIRE 6830.314.018"}]},{"@type":"WebSite","@id":"https:\/\/yoestudiosalud.es\/en\/#website","url":"https:\/\/yoestudiosalud.es\/en\/","name":"yoestudiosalud.es","description":"Material para estudiantes del sector salud","publisher":{"@id":"https:\/\/yoestudiosalud.es\/en\/#organization"},"potentialAction":[{"@type":"SearchAction","target":{"@type":"EntryPoint","urlTemplate":"https:\/\/yoestudiosalud.es\/en\/?s={search_term_string}"},"query-input":{"@type":"PropertyValueSpecification","valueRequired":true,"valueName":"search_term_string"}}],"inLanguage":"fr-FR"},{"@type":"Organization","@id":"https:\/\/yoestudiosalud.es\/en\/#organization","name":"yoestudiosalud.es","url":"https:\/\/yoestudiosalud.es\/en\/","logo":{"@type":"ImageObject","inLanguage":"fr-FR","@id":"https:\/\/yoestudiosalud.es\/en\/#\/schema\/logo\/image\/","url":"https:\/\/yoestudiosalud.es\/wp-content\/uploads\/2020\/04\/logonew-e1698080827687.png","contentUrl":"https:\/\/yoestudiosalud.es\/wp-content\/uploads\/2020\/04\/logonew-e1698080827687.png","width":421,"height":393,"caption":"yoestudiosalud.es"},"image":{"@id":"https:\/\/yoestudiosalud.es\/en\/#\/schema\/logo\/image\/"}}]}},"_links":{"self":[{"href":"https:\/\/yoestudiosalud.es\/fr\/wp-json\/wp\/v2\/product\/29069","targetHints":{"allow":["GET"]}}],"collection":[{"href":"https:\/\/yoestudiosalud.es\/fr\/wp-json\/wp\/v2\/product"}],"about":[{"href":"https:\/\/yoestudiosalud.es\/fr\/wp-json\/wp\/v2\/types\/product"}],"wp:featuredmedia":[{"embeddable":true,"href":"https:\/\/yoestudiosalud.es\/fr\/wp-json\/wp\/v2\/media\/29061"}],"wp:attachment":[{"href":"https:\/\/yoestudiosalud.es\/fr\/wp-json\/wp\/v2\/media?parent=29069"}],"wp:term":[{"taxonomy":"product_brand","embeddable":true,"href":"https:\/\/yoestudiosalud.es\/fr\/wp-json\/wp\/v2\/product_brand?post=29069"},{"taxonomy":"product_cat","embeddable":true,"href":"https:\/\/yoestudiosalud.es\/fr\/wp-json\/wp\/v2\/product_cat?post=29069"},{"taxonomy":"product_tag","embeddable":true,"href":"https:\/\/yoestudiosalud.es\/fr\/wp-json\/wp\/v2\/product_tag?post=29069"}],"curies":[{"name":"wp","href":"https:\/\/api.w.org\/{rel}","templated":true}]}}