{"id":29027,"date":"2020-07-16T21:00:59","date_gmt":"2020-07-16T21:00:59","guid":{"rendered":"https:\/\/yoestudiosalud.es\/producto\/applicateur-dhydroxyde-de-calcium-pich\/"},"modified":"2020-07-16T21:00:59","modified_gmt":"2020-07-16T21:00:59","slug":"applicateur-dhydroxyde-de-calcium-pich","status":"publish","type":"product","link":"https:\/\/yoestudiosalud.es\/fr\/produit\/applicateur-dhydroxyde-de-calcium-pich\/","title":{"rendered":"APPLICATEUR D&#8217;HYDROXYDE DE CALCIUM PICH"},"content":{"rendered":"<p>L&#8217;applicateur pich pour l&#8217;hydroxyde de calcium fait partie du mat\u00e9riel de base pour le traitement ad\u00e9quat de diverses affections buccales, gr\u00e2ce \u00e0 sa pr\u00e9cision et \u00e0 son efficacit\u00e9.<\/p>\n<p>Il poss\u00e8de une double partie active, de qualit\u00e9 chirurgicale, largement utilis\u00e9e lors de l&#8217;obturation pour le m\u00e9lange et l&#8217;application de m\u00e9dicaments de base tels que l&#8217;hydroxyde de calcium ou l&#8217;enduit de verre ionom\u00e8re. Ses bords arrondis n&#8217;endommagent pas les tissus.<\/p>\n<p>Tout d&#8217;abord, il convient de noter que l&#8217;hydroxyde de calcium est un mat\u00e9riau largement utilis\u00e9 en dentisterie en raison de ses propri\u00e9t\u00e9s antibact\u00e9riennes et de sa capacit\u00e9 \u00e0 stimuler la formation de dentine r\u00e9paratrice. Il est capable de contr\u00f4ler l&#8217;infection dans le syst\u00e8me canalaire des dents n\u00e9cros\u00e9es et de soutenir le processus de r\u00e9paration p\u00e9riapicale. L&#8217;applicateur PICH optimise l&#8217;application de ce compos\u00e9 dans les proc\u00e9dures cliniques, permettant une administration plus contr\u00f4l\u00e9e et plus pr\u00e9cise.<\/p>\n<p>Gr\u00e2ce \u00e0 sa conception ergonomique et \u00e0 son embout d&#8217;application fin, l&#8217;applicateur PICH permet \u00e0 l&#8217;hydroxyde de calcium d&#8217;atteindre plus facilement les zones difficiles d&#8217;acc\u00e8s telles que les fissures et les cavit\u00e9s profondes. Par cons\u00e9quent, une distribution homog\u00e8ne du mat\u00e9riau est obtenue et son efficacit\u00e9 dans le traitement des caries dentaires est maximis\u00e9e.<\/p>\n<p>L&#8217;applicateur d&#8217;hydroxyde de calcium pich permet non seulement une application pr\u00e9cise, mais aussi de minimiser le gaspillage de mat\u00e9riel en \u00e9vitant la surexposition et l&#8217;exc\u00e8s d&#8217;hydroxyde de calcium dans la zone trait\u00e9e. En outre, son syst\u00e8me de dosage contr\u00f4l\u00e9 garantit la bonne quantit\u00e9 de produit, ce qui se traduit par un traitement plus efficace et plus \u00e9conomique.<\/p>\n<p>D&#8217;autre part, l&#8217;utilisation de l&#8217;applicateur PICH r\u00e9duit la dur\u00e9e du traitement en optimisant l&#8217;application de l&#8217;hydroxyde de calcium. Par cons\u00e9quent, les patients b\u00e9n\u00e9ficient d&#8217;un plus grand confort et d&#8217;un r\u00e9tablissement plus rapide. En outre, ce dispositif contribue \u00e0 la pr\u00e9servation d&#8217;une structure dentaire saine, minimisant ainsi la n\u00e9cessit\u00e9 de traitements plus invasifs, tels que des restaurations \u00e9tendues.<\/p>\n<p>En r\u00e9sum\u00e9, l&#8217;applicateur d&#8217;hydroxyde de calcium PICH repr\u00e9sente une avanc\u00e9e significative dans le domaine dentaire. Son utilisation permet une application pr\u00e9cise, minimise le gaspillage de mat\u00e9riau et offre des avantages tant pour le praticien que pour le patient. Par cons\u00e9quent, son incorporation dans la pratique clinique est devenue un choix judicieux pour un traitement efficace et de qualit\u00e9 en dentisterie.<\/p>\n<p>Fabriqu\u00e9 par Master Surgical, en acier inoxydable, autoclavable.<\/p>\n","protected":false},"excerpt":{"rendered":"<p>L&#8217;applicateur d&#8217;hydroxyde de calcium Pich est utilis\u00e9 pour placer la base ou le bouclier isolant intra-cavit\u00e9 pendant l&#8217;endodontie. Il a deux parties actives avec des bords arrondis afin de ne pas blesser les tissus \u00e0 traiter. Gr\u00e2ce \u00e0 sa conception ergonomique et \u00e0 son embout d&#8217;application fin, l&#8217;applicateur PICH permet \u00e0 l&#8217;hydroxyde de calcium d&#8217;atteindre plus facilement les zones difficiles d&#8217;acc\u00e8s, telles que les fissures et les cavit\u00e9s profondes. Par cons\u00e9quent, une distribution homog\u00e8ne du mat\u00e9riau est obtenue et son efficacit\u00e9 dans le traitement des caries dentaires est maximis\u00e9e.<\/p>\n","protected":false},"featured_media":29028,"template":"","meta":[],"product_brand":[],"product_cat":[669],"product_tag":[732,746,763,930,673,676,688,690],"class_list":{"0":"post-29027","1":"product","2":"type-product","3":"status-publish","4":"has-post-thumbnail","6":"product_cat-general-fr","7":"product_tag-ucv4","8":"product_tag-ugranada2-fr","9":"product_tag-uev3","10":"product_tag-ceuelche3","11":"product_tag-uv3","12":"product_tag-ucam2-fr","13":"product_tag-ceu3","14":"product_tag-uem3-fr","15":"pa_formacion-odontologia-fr","17":"first","18":"instock","19":"taxable","20":"shipping-taxable","21":"purchasable","22":"product-type-simple"},"yoast_head":"<!-- This site is optimized with the Yoast SEO Premium plugin v27.0 (Yoast SEO v27.4) - https:\/\/yoast.com\/product\/yoast-seo-premium-wordpress\/ -->\n<title>APPLICATEUR D&#039;HYDROXYDE DE CALCIUM PICH - yoestudiosalud.es<\/title>\n<meta name=\"description\" content=\"L&#039;applicateur d&#039;hydroxyde de calcium Pich est utilis\u00e9 pour placer la base ou le bouclier isolant intra-cavit\u00e9 pendant l&#039;endodontie.\" \/>\n<meta name=\"robots\" content=\"index, follow, max-snippet:-1, max-image-preview:large, max-video-preview:-1\" \/>\n<link rel=\"canonical\" href=\"https:\/\/yoestudiosalud.es\/produit\/aplicador-pich-hidroxido-de-calcio\/\" \/>\n<meta property=\"og:locale\" content=\"fr_FR\" \/>\n<meta property=\"og:type\" content=\"article\" \/>\n<meta property=\"og:title\" content=\"APPLICATEUR D&#039;HYDROXYDE DE CALCIUM PICH\" \/>\n<meta property=\"og:description\" content=\"L&#039;applicateur d&#039;hydroxyde de calcium Pich est utilis\u00e9 pour placer la base ou le bouclier isolant intra-cavit\u00e9 pendant l&#039;endodontie.\" \/>\n<meta property=\"og:url\" content=\"https:\/\/yoestudiosalud.es\/produit\/aplicador-pich-hidroxido-de-calcio\/\" \/>\n<meta property=\"og:site_name\" content=\"yoestudiosalud.es\" \/>\n<meta property=\"og:image\" content=\"https:\/\/yoestudiosalud.es\/wp-content\/uploads\/2020\/07\/003072B.jpg\" \/>\n\t<meta property=\"og:image:width\" content=\"650\" \/>\n\t<meta property=\"og:image:height\" content=\"650\" \/>\n\t<meta property=\"og:image:type\" content=\"image\/jpeg\" \/>\n<meta name=\"twitter:card\" content=\"summary_large_image\" \/>\n<meta name=\"twitter:label1\" content=\"Dur\u00e9e de lecture estim\u00e9e\" \/>\n\t<meta name=\"twitter:data1\" content=\"2 minutes\" \/>\n<script type=\"application\/ld+json\" class=\"yoast-schema-graph\">{\"@context\":\"https:\\\/\\\/schema.org\",\"@graph\":[{\"@type\":\"WebPage\",\"@id\":\"https:\\\/\\\/yoestudiosalud.es\\\/produit\\\/aplicador-pich-hidroxido-de-calcio\\\/\",\"url\":\"https:\\\/\\\/yoestudiosalud.es\\\/produit\\\/aplicador-pich-hidroxido-de-calcio\\\/\",\"name\":\"APPLICATEUR D'HYDROXYDE DE CALCIUM PICH - yoestudiosalud.es\",\"isPartOf\":{\"@id\":\"https:\\\/\\\/yoestudiosalud.es\\\/en\\\/#website\"},\"primaryImageOfPage\":{\"@id\":\"https:\\\/\\\/yoestudiosalud.es\\\/produit\\\/aplicador-pich-hidroxido-de-calcio\\\/#primaryimage\"},\"image\":{\"@id\":\"https:\\\/\\\/yoestudiosalud.es\\\/produit\\\/aplicador-pich-hidroxido-de-calcio\\\/#primaryimage\"},\"thumbnailUrl\":\"https:\\\/\\\/yoestudiosalud.es\\\/wp-content\\\/uploads\\\/2020\\\/07\\\/003072B.jpg\",\"datePublished\":\"2020-07-16T21:00:59+00:00\",\"description\":\"L'applicateur d'hydroxyde de calcium Pich est utilis\u00e9 pour placer la base ou le bouclier isolant intra-cavit\u00e9 pendant l'endodontie.\",\"breadcrumb\":{\"@id\":\"https:\\\/\\\/yoestudiosalud.es\\\/produit\\\/aplicador-pich-hidroxido-de-calcio\\\/#breadcrumb\"},\"inLanguage\":\"fr-FR\",\"potentialAction\":[{\"@type\":\"ReadAction\",\"target\":[\"https:\\\/\\\/yoestudiosalud.es\\\/produit\\\/aplicador-pich-hidroxido-de-calcio\\\/\"]}]},{\"@type\":\"ImageObject\",\"inLanguage\":\"fr-FR\",\"@id\":\"https:\\\/\\\/yoestudiosalud.es\\\/produit\\\/aplicador-pich-hidroxido-de-calcio\\\/#primaryimage\",\"url\":\"https:\\\/\\\/yoestudiosalud.es\\\/wp-content\\\/uploads\\\/2020\\\/07\\\/003072B.jpg\",\"contentUrl\":\"https:\\\/\\\/yoestudiosalud.es\\\/wp-content\\\/uploads\\\/2020\\\/07\\\/003072B.jpg\",\"width\":650,\"height\":650,\"caption\":\"APPLICATEUR D'HYDROXYDE DE CALCIUM PICH\"},{\"@type\":\"BreadcrumbList\",\"@id\":\"https:\\\/\\\/yoestudiosalud.es\\\/produit\\\/aplicador-pich-hidroxido-de-calcio\\\/#breadcrumb\",\"itemListElement\":[{\"@type\":\"ListItem\",\"position\":1,\"name\":\"Portada\",\"item\":\"https:\\\/\\\/yoestudiosalud.es\\\/fr\\\/\"},{\"@type\":\"ListItem\",\"position\":2,\"name\":\"Boutique\",\"item\":\"https:\\\/\\\/yoestudiosalud.es\\\/fr\\\/boutique\\\/\"},{\"@type\":\"ListItem\",\"position\":3,\"name\":\"APPLICATEUR D&#8217;HYDROXYDE DE CALCIUM PICH\"}]},{\"@type\":\"WebSite\",\"@id\":\"https:\\\/\\\/yoestudiosalud.es\\\/en\\\/#website\",\"url\":\"https:\\\/\\\/yoestudiosalud.es\\\/en\\\/\",\"name\":\"yoestudiosalud.es\",\"description\":\"Material para estudiantes del sector salud\",\"publisher\":{\"@id\":\"https:\\\/\\\/yoestudiosalud.es\\\/en\\\/#organization\"},\"potentialAction\":[{\"@type\":\"SearchAction\",\"target\":{\"@type\":\"EntryPoint\",\"urlTemplate\":\"https:\\\/\\\/yoestudiosalud.es\\\/en\\\/?s={search_term_string}\"},\"query-input\":{\"@type\":\"PropertyValueSpecification\",\"valueRequired\":true,\"valueName\":\"search_term_string\"}}],\"inLanguage\":\"fr-FR\"},{\"@type\":\"Organization\",\"@id\":\"https:\\\/\\\/yoestudiosalud.es\\\/en\\\/#organization\",\"name\":\"yoestudiosalud.es\",\"url\":\"https:\\\/\\\/yoestudiosalud.es\\\/en\\\/\",\"logo\":{\"@type\":\"ImageObject\",\"inLanguage\":\"fr-FR\",\"@id\":\"https:\\\/\\\/yoestudiosalud.es\\\/en\\\/#\\\/schema\\\/logo\\\/image\\\/\",\"url\":\"https:\\\/\\\/yoestudiosalud.es\\\/wp-content\\\/uploads\\\/2020\\\/04\\\/logonew-e1698080827687.png\",\"contentUrl\":\"https:\\\/\\\/yoestudiosalud.es\\\/wp-content\\\/uploads\\\/2020\\\/04\\\/logonew-e1698080827687.png\",\"width\":421,\"height\":393,\"caption\":\"yoestudiosalud.es\"},\"image\":{\"@id\":\"https:\\\/\\\/yoestudiosalud.es\\\/en\\\/#\\\/schema\\\/logo\\\/image\\\/\"}}]}<\/script>\n<!-- \/ Yoast SEO Premium plugin. -->","yoast_head_json":{"title":"APPLICATEUR D'HYDROXYDE DE CALCIUM PICH - yoestudiosalud.es","description":"L'applicateur d'hydroxyde de calcium Pich est utilis\u00e9 pour placer la base ou le bouclier isolant intra-cavit\u00e9 pendant l'endodontie.","robots":{"index":"index","follow":"follow","max-snippet":"max-snippet:-1","max-image-preview":"max-image-preview:large","max-video-preview":"max-video-preview:-1"},"canonical":"https:\/\/yoestudiosalud.es\/produit\/aplicador-pich-hidroxido-de-calcio\/","og_locale":"fr_FR","og_type":"article","og_title":"APPLICATEUR D'HYDROXYDE DE CALCIUM PICH","og_description":"L'applicateur d'hydroxyde de calcium Pich est utilis\u00e9 pour placer la base ou le bouclier isolant intra-cavit\u00e9 pendant l'endodontie.","og_url":"https:\/\/yoestudiosalud.es\/produit\/aplicador-pich-hidroxido-de-calcio\/","og_site_name":"yoestudiosalud.es","og_image":[{"width":650,"height":650,"url":"https:\/\/yoestudiosalud.es\/wp-content\/uploads\/2020\/07\/003072B.jpg","type":"image\/jpeg"}],"twitter_card":"summary_large_image","twitter_misc":{"Dur\u00e9e de lecture estim\u00e9e":"2 minutes"},"schema":{"@context":"https:\/\/schema.org","@graph":[{"@type":"WebPage","@id":"https:\/\/yoestudiosalud.es\/produit\/aplicador-pich-hidroxido-de-calcio\/","url":"https:\/\/yoestudiosalud.es\/produit\/aplicador-pich-hidroxido-de-calcio\/","name":"APPLICATEUR D'HYDROXYDE DE CALCIUM PICH - yoestudiosalud.es","isPartOf":{"@id":"https:\/\/yoestudiosalud.es\/en\/#website"},"primaryImageOfPage":{"@id":"https:\/\/yoestudiosalud.es\/produit\/aplicador-pich-hidroxido-de-calcio\/#primaryimage"},"image":{"@id":"https:\/\/yoestudiosalud.es\/produit\/aplicador-pich-hidroxido-de-calcio\/#primaryimage"},"thumbnailUrl":"https:\/\/yoestudiosalud.es\/wp-content\/uploads\/2020\/07\/003072B.jpg","datePublished":"2020-07-16T21:00:59+00:00","description":"L'applicateur d'hydroxyde de calcium Pich est utilis\u00e9 pour placer la base ou le bouclier isolant intra-cavit\u00e9 pendant l'endodontie.","breadcrumb":{"@id":"https:\/\/yoestudiosalud.es\/produit\/aplicador-pich-hidroxido-de-calcio\/#breadcrumb"},"inLanguage":"fr-FR","potentialAction":[{"@type":"ReadAction","target":["https:\/\/yoestudiosalud.es\/produit\/aplicador-pich-hidroxido-de-calcio\/"]}]},{"@type":"ImageObject","inLanguage":"fr-FR","@id":"https:\/\/yoestudiosalud.es\/produit\/aplicador-pich-hidroxido-de-calcio\/#primaryimage","url":"https:\/\/yoestudiosalud.es\/wp-content\/uploads\/2020\/07\/003072B.jpg","contentUrl":"https:\/\/yoestudiosalud.es\/wp-content\/uploads\/2020\/07\/003072B.jpg","width":650,"height":650,"caption":"APPLICATEUR D'HYDROXYDE DE CALCIUM PICH"},{"@type":"BreadcrumbList","@id":"https:\/\/yoestudiosalud.es\/produit\/aplicador-pich-hidroxido-de-calcio\/#breadcrumb","itemListElement":[{"@type":"ListItem","position":1,"name":"Portada","item":"https:\/\/yoestudiosalud.es\/fr\/"},{"@type":"ListItem","position":2,"name":"Boutique","item":"https:\/\/yoestudiosalud.es\/fr\/boutique\/"},{"@type":"ListItem","position":3,"name":"APPLICATEUR D&#8217;HYDROXYDE DE CALCIUM PICH"}]},{"@type":"WebSite","@id":"https:\/\/yoestudiosalud.es\/en\/#website","url":"https:\/\/yoestudiosalud.es\/en\/","name":"yoestudiosalud.es","description":"Material para estudiantes del sector salud","publisher":{"@id":"https:\/\/yoestudiosalud.es\/en\/#organization"},"potentialAction":[{"@type":"SearchAction","target":{"@type":"EntryPoint","urlTemplate":"https:\/\/yoestudiosalud.es\/en\/?s={search_term_string}"},"query-input":{"@type":"PropertyValueSpecification","valueRequired":true,"valueName":"search_term_string"}}],"inLanguage":"fr-FR"},{"@type":"Organization","@id":"https:\/\/yoestudiosalud.es\/en\/#organization","name":"yoestudiosalud.es","url":"https:\/\/yoestudiosalud.es\/en\/","logo":{"@type":"ImageObject","inLanguage":"fr-FR","@id":"https:\/\/yoestudiosalud.es\/en\/#\/schema\/logo\/image\/","url":"https:\/\/yoestudiosalud.es\/wp-content\/uploads\/2020\/04\/logonew-e1698080827687.png","contentUrl":"https:\/\/yoestudiosalud.es\/wp-content\/uploads\/2020\/04\/logonew-e1698080827687.png","width":421,"height":393,"caption":"yoestudiosalud.es"},"image":{"@id":"https:\/\/yoestudiosalud.es\/en\/#\/schema\/logo\/image\/"}}]}},"_links":{"self":[{"href":"https:\/\/yoestudiosalud.es\/fr\/wp-json\/wp\/v2\/product\/29027","targetHints":{"allow":["GET"]}}],"collection":[{"href":"https:\/\/yoestudiosalud.es\/fr\/wp-json\/wp\/v2\/product"}],"about":[{"href":"https:\/\/yoestudiosalud.es\/fr\/wp-json\/wp\/v2\/types\/product"}],"wp:featuredmedia":[{"embeddable":true,"href":"https:\/\/yoestudiosalud.es\/fr\/wp-json\/wp\/v2\/media\/29028"}],"wp:attachment":[{"href":"https:\/\/yoestudiosalud.es\/fr\/wp-json\/wp\/v2\/media?parent=29027"}],"wp:term":[{"taxonomy":"product_brand","embeddable":true,"href":"https:\/\/yoestudiosalud.es\/fr\/wp-json\/wp\/v2\/product_brand?post=29027"},{"taxonomy":"product_cat","embeddable":true,"href":"https:\/\/yoestudiosalud.es\/fr\/wp-json\/wp\/v2\/product_cat?post=29027"},{"taxonomy":"product_tag","embeddable":true,"href":"https:\/\/yoestudiosalud.es\/fr\/wp-json\/wp\/v2\/product_tag?post=29027"}],"curies":[{"name":"wp","href":"https:\/\/api.w.org\/{rel}","templated":true}]}}