{"id":29024,"date":"2020-06-07T12:23:41","date_gmt":"2020-06-07T12:23:41","guid":{"rendered":"https:\/\/yoestudiosalud.es\/producto\/blouse-tnt-impermeable-et-lavable\/"},"modified":"2020-06-07T12:23:41","modified_gmt":"2020-06-07T12:23:41","slug":"blouse-tnt-impermeable-et-lavable","status":"publish","type":"product","link":"https:\/\/yoestudiosalud.es\/fr\/produit\/blouse-tnt-impermeable-et-lavable\/","title":{"rendered":"BLOUSE TNT IMPERM\u00c9ABLE ET LAVABLE"},"content":{"rendered":"<p>La blouse TNT, imperm\u00e9able et lavable, est enti\u00e8rement fabriqu\u00e9e en tissu non tiss\u00e9, respirant et tr\u00e8s r\u00e9sistant. Fabriqu\u00e9e avec un tissu bi-\u00e9lastique pour un confort optimal, elle offre \u00e0 l&#8217;utilisateur une totale libert\u00e9 de mouvement. V\u00eatement l\u00e9ger, id\u00e9al pour r\u00e9duire la fatigue lors d&#8217;une utilisation intense.<\/p>\n","protected":false},"excerpt":{"rendered":"<p>La blouse TNT, imperm\u00e9able et lavable, est enti\u00e8rement fabriqu\u00e9e en tissu non tiss\u00e9, respirant et tr\u00e8s r\u00e9sistant.<\/p>\n","protected":false},"featured_media":29025,"template":"","meta":[],"product_brand":[],"product_cat":[700,701,702],"product_tag":[673],"class_list":{"0":"post-29024","1":"product","2":"type-product","3":"status-publish","4":"has-post-thumbnail","6":"product_cat-vetements-fr","7":"product_cat-vetementsm-fr","8":"product_cat-vetementsv-fr","9":"product_tag-uv3","10":"pa_formacion-veterinaria-fr","11":"pa_formacion-medicina-fr","12":"pa_formacion-odontologia-fr","14":"first","15":"instock","16":"sale","17":"taxable","18":"shipping-taxable","19":"purchasable","20":"product-type-simple"},"yoast_head":"<!-- This site is optimized with the Yoast SEO Premium plugin v27.0 (Yoast SEO v27.2) - https:\/\/yoast.com\/product\/yoast-seo-premium-wordpress\/ -->\n<title>BLOUSE TNT IMPERM\u00c9ABLE ET LAVABLE | yoestudiosalud.es<\/title>\n<meta name=\"description\" content=\"La blouse TNT, imperm\u00e9able et lavable, est enti\u00e8rement fabriqu\u00e9e en tissu non tiss\u00e9, respirant et tr\u00e8s r\u00e9sistant.\" \/>\n<meta name=\"robots\" content=\"index, follow, max-snippet:-1, max-image-preview:large, max-video-preview:-1\" \/>\n<link rel=\"canonical\" href=\"https:\/\/yoestudiosalud.es\/produit\/bata-tnt-impermeable-lavable\/\" \/>\n<meta property=\"og:locale\" content=\"fr_FR\" \/>\n<meta property=\"og:type\" content=\"article\" \/>\n<meta property=\"og:title\" content=\"BLOUSE TNT IMPERM\u00c9ABLE ET LAVABLE\" \/>\n<meta property=\"og:description\" content=\"La blouse TNT, imperm\u00e9able et lavable, est enti\u00e8rement fabriqu\u00e9e en tissu non tiss\u00e9, respirant et tr\u00e8s r\u00e9sistant.\" \/>\n<meta property=\"og:url\" content=\"https:\/\/yoestudiosalud.es\/produit\/bata-tnt-impermeable-lavable\/\" \/>\n<meta property=\"og:site_name\" content=\"yoestudiosalud.es\" \/>\n<meta property=\"og:image\" content=\"https:\/\/yoestudiosalud.es\/wp-content\/uploads\/2020\/06\/003521.jpg\" \/>\n\t<meta property=\"og:image:width\" content=\"650\" \/>\n\t<meta property=\"og:image:height\" content=\"650\" \/>\n\t<meta property=\"og:image:type\" content=\"image\/jpeg\" \/>\n<meta name=\"twitter:card\" content=\"summary_large_image\" \/>\n<script type=\"application\/ld+json\" class=\"yoast-schema-graph\">{\"@context\":\"https:\/\/schema.org\",\"@graph\":[{\"@type\":\"WebPage\",\"@id\":\"https:\/\/yoestudiosalud.es\/produit\/bata-tnt-impermeable-lavable\/\",\"url\":\"https:\/\/yoestudiosalud.es\/produit\/bata-tnt-impermeable-lavable\/\",\"name\":\"BLOUSE TNT IMPERM\u00c9ABLE ET LAVABLE | yoestudiosalud.es\",\"isPartOf\":{\"@id\":\"https:\/\/yoestudiosalud.es\/en\/#website\"},\"primaryImageOfPage\":{\"@id\":\"https:\/\/yoestudiosalud.es\/produit\/bata-tnt-impermeable-lavable\/#primaryimage\"},\"image\":{\"@id\":\"https:\/\/yoestudiosalud.es\/produit\/bata-tnt-impermeable-lavable\/#primaryimage\"},\"thumbnailUrl\":\"https:\/\/yoestudiosalud.es\/wp-content\/uploads\/2020\/06\/003521.jpg\",\"datePublished\":\"2020-06-07T12:23:41+00:00\",\"description\":\"La blouse TNT, imperm\u00e9able et lavable, est enti\u00e8rement fabriqu\u00e9e en tissu non tiss\u00e9, respirant et tr\u00e8s r\u00e9sistant.\",\"breadcrumb\":{\"@id\":\"https:\/\/yoestudiosalud.es\/produit\/bata-tnt-impermeable-lavable\/#breadcrumb\"},\"inLanguage\":\"fr-FR\",\"potentialAction\":[{\"@type\":\"ReadAction\",\"target\":[\"https:\/\/yoestudiosalud.es\/produit\/bata-tnt-impermeable-lavable\/\"]}]},{\"@type\":\"ImageObject\",\"inLanguage\":\"fr-FR\",\"@id\":\"https:\/\/yoestudiosalud.es\/produit\/bata-tnt-impermeable-lavable\/#primaryimage\",\"url\":\"https:\/\/yoestudiosalud.es\/wp-content\/uploads\/2020\/06\/003521.jpg\",\"contentUrl\":\"https:\/\/yoestudiosalud.es\/wp-content\/uploads\/2020\/06\/003521.jpg\",\"width\":650,\"height\":650,\"caption\":\"BLOUSE TNT IMPERM\u00c9ABLE ET LAVABLE\"},{\"@type\":\"BreadcrumbList\",\"@id\":\"https:\/\/yoestudiosalud.es\/produit\/bata-tnt-impermeable-lavable\/#breadcrumb\",\"itemListElement\":[{\"@type\":\"ListItem\",\"position\":1,\"name\":\"Portada\",\"item\":\"https:\/\/yoestudiosalud.es\/fr\/\"},{\"@type\":\"ListItem\",\"position\":2,\"name\":\"Boutique\",\"item\":\"https:\/\/yoestudiosalud.es\/fr\/boutique\/\"},{\"@type\":\"ListItem\",\"position\":3,\"name\":\"BLOUSE TNT IMPERM\u00c9ABLE ET LAVABLE\"}]},{\"@type\":\"WebSite\",\"@id\":\"https:\/\/yoestudiosalud.es\/en\/#website\",\"url\":\"https:\/\/yoestudiosalud.es\/en\/\",\"name\":\"yoestudiosalud.es\",\"description\":\"Material para estudiantes del sector salud\",\"publisher\":{\"@id\":\"https:\/\/yoestudiosalud.es\/en\/#organization\"},\"potentialAction\":[{\"@type\":\"SearchAction\",\"target\":{\"@type\":\"EntryPoint\",\"urlTemplate\":\"https:\/\/yoestudiosalud.es\/en\/?s={search_term_string}\"},\"query-input\":{\"@type\":\"PropertyValueSpecification\",\"valueRequired\":true,\"valueName\":\"search_term_string\"}}],\"inLanguage\":\"fr-FR\"},{\"@type\":\"Organization\",\"@id\":\"https:\/\/yoestudiosalud.es\/en\/#organization\",\"name\":\"yoestudiosalud.es\",\"url\":\"https:\/\/yoestudiosalud.es\/en\/\",\"logo\":{\"@type\":\"ImageObject\",\"inLanguage\":\"fr-FR\",\"@id\":\"https:\/\/yoestudiosalud.es\/en\/#\/schema\/logo\/image\/\",\"url\":\"https:\/\/yoestudiosalud.es\/wp-content\/uploads\/2020\/04\/logonew-e1698080827687.png\",\"contentUrl\":\"https:\/\/yoestudiosalud.es\/wp-content\/uploads\/2020\/04\/logonew-e1698080827687.png\",\"width\":421,\"height\":393,\"caption\":\"yoestudiosalud.es\"},\"image\":{\"@id\":\"https:\/\/yoestudiosalud.es\/en\/#\/schema\/logo\/image\/\"}}]}<\/script>\n<!-- \/ Yoast SEO Premium plugin. -->","yoast_head_json":{"title":"BLOUSE TNT IMPERM\u00c9ABLE ET LAVABLE | yoestudiosalud.es","description":"La blouse TNT, imperm\u00e9able et lavable, est enti\u00e8rement fabriqu\u00e9e en tissu non tiss\u00e9, respirant et tr\u00e8s r\u00e9sistant.","robots":{"index":"index","follow":"follow","max-snippet":"max-snippet:-1","max-image-preview":"max-image-preview:large","max-video-preview":"max-video-preview:-1"},"canonical":"https:\/\/yoestudiosalud.es\/produit\/bata-tnt-impermeable-lavable\/","og_locale":"fr_FR","og_type":"article","og_title":"BLOUSE TNT IMPERM\u00c9ABLE ET LAVABLE","og_description":"La blouse TNT, imperm\u00e9able et lavable, est enti\u00e8rement fabriqu\u00e9e en tissu non tiss\u00e9, respirant et tr\u00e8s r\u00e9sistant.","og_url":"https:\/\/yoestudiosalud.es\/produit\/bata-tnt-impermeable-lavable\/","og_site_name":"yoestudiosalud.es","og_image":[{"width":650,"height":650,"url":"https:\/\/yoestudiosalud.es\/wp-content\/uploads\/2020\/06\/003521.jpg","type":"image\/jpeg"}],"twitter_card":"summary_large_image","schema":{"@context":"https:\/\/schema.org","@graph":[{"@type":"WebPage","@id":"https:\/\/yoestudiosalud.es\/produit\/bata-tnt-impermeable-lavable\/","url":"https:\/\/yoestudiosalud.es\/produit\/bata-tnt-impermeable-lavable\/","name":"BLOUSE TNT IMPERM\u00c9ABLE ET LAVABLE | yoestudiosalud.es","isPartOf":{"@id":"https:\/\/yoestudiosalud.es\/en\/#website"},"primaryImageOfPage":{"@id":"https:\/\/yoestudiosalud.es\/produit\/bata-tnt-impermeable-lavable\/#primaryimage"},"image":{"@id":"https:\/\/yoestudiosalud.es\/produit\/bata-tnt-impermeable-lavable\/#primaryimage"},"thumbnailUrl":"https:\/\/yoestudiosalud.es\/wp-content\/uploads\/2020\/06\/003521.jpg","datePublished":"2020-06-07T12:23:41+00:00","description":"La blouse TNT, imperm\u00e9able et lavable, est enti\u00e8rement fabriqu\u00e9e en tissu non tiss\u00e9, respirant et tr\u00e8s r\u00e9sistant.","breadcrumb":{"@id":"https:\/\/yoestudiosalud.es\/produit\/bata-tnt-impermeable-lavable\/#breadcrumb"},"inLanguage":"fr-FR","potentialAction":[{"@type":"ReadAction","target":["https:\/\/yoestudiosalud.es\/produit\/bata-tnt-impermeable-lavable\/"]}]},{"@type":"ImageObject","inLanguage":"fr-FR","@id":"https:\/\/yoestudiosalud.es\/produit\/bata-tnt-impermeable-lavable\/#primaryimage","url":"https:\/\/yoestudiosalud.es\/wp-content\/uploads\/2020\/06\/003521.jpg","contentUrl":"https:\/\/yoestudiosalud.es\/wp-content\/uploads\/2020\/06\/003521.jpg","width":650,"height":650,"caption":"BLOUSE TNT IMPERM\u00c9ABLE ET LAVABLE"},{"@type":"BreadcrumbList","@id":"https:\/\/yoestudiosalud.es\/produit\/bata-tnt-impermeable-lavable\/#breadcrumb","itemListElement":[{"@type":"ListItem","position":1,"name":"Portada","item":"https:\/\/yoestudiosalud.es\/fr\/"},{"@type":"ListItem","position":2,"name":"Boutique","item":"https:\/\/yoestudiosalud.es\/fr\/boutique\/"},{"@type":"ListItem","position":3,"name":"BLOUSE TNT IMPERM\u00c9ABLE ET LAVABLE"}]},{"@type":"WebSite","@id":"https:\/\/yoestudiosalud.es\/en\/#website","url":"https:\/\/yoestudiosalud.es\/en\/","name":"yoestudiosalud.es","description":"Material para estudiantes del sector salud","publisher":{"@id":"https:\/\/yoestudiosalud.es\/en\/#organization"},"potentialAction":[{"@type":"SearchAction","target":{"@type":"EntryPoint","urlTemplate":"https:\/\/yoestudiosalud.es\/en\/?s={search_term_string}"},"query-input":{"@type":"PropertyValueSpecification","valueRequired":true,"valueName":"search_term_string"}}],"inLanguage":"fr-FR"},{"@type":"Organization","@id":"https:\/\/yoestudiosalud.es\/en\/#organization","name":"yoestudiosalud.es","url":"https:\/\/yoestudiosalud.es\/en\/","logo":{"@type":"ImageObject","inLanguage":"fr-FR","@id":"https:\/\/yoestudiosalud.es\/en\/#\/schema\/logo\/image\/","url":"https:\/\/yoestudiosalud.es\/wp-content\/uploads\/2020\/04\/logonew-e1698080827687.png","contentUrl":"https:\/\/yoestudiosalud.es\/wp-content\/uploads\/2020\/04\/logonew-e1698080827687.png","width":421,"height":393,"caption":"yoestudiosalud.es"},"image":{"@id":"https:\/\/yoestudiosalud.es\/en\/#\/schema\/logo\/image\/"}}]}},"_links":{"self":[{"href":"https:\/\/yoestudiosalud.es\/fr\/wp-json\/wp\/v2\/product\/29024","targetHints":{"allow":["GET"]}}],"collection":[{"href":"https:\/\/yoestudiosalud.es\/fr\/wp-json\/wp\/v2\/product"}],"about":[{"href":"https:\/\/yoestudiosalud.es\/fr\/wp-json\/wp\/v2\/types\/product"}],"wp:featuredmedia":[{"embeddable":true,"href":"https:\/\/yoestudiosalud.es\/fr\/wp-json\/wp\/v2\/media\/29025"}],"wp:attachment":[{"href":"https:\/\/yoestudiosalud.es\/fr\/wp-json\/wp\/v2\/media?parent=29024"}],"wp:term":[{"taxonomy":"product_brand","embeddable":true,"href":"https:\/\/yoestudiosalud.es\/fr\/wp-json\/wp\/v2\/product_brand?post=29024"},{"taxonomy":"product_cat","embeddable":true,"href":"https:\/\/yoestudiosalud.es\/fr\/wp-json\/wp\/v2\/product_cat?post=29024"},{"taxonomy":"product_tag","embeddable":true,"href":"https:\/\/yoestudiosalud.es\/fr\/wp-json\/wp\/v2\/product_tag?post=29024"}],"curies":[{"name":"wp","href":"https:\/\/api.w.org\/{rel}","templated":true}]}}