{"id":29019,"date":"2020-05-19T20:31:11","date_gmt":"2020-05-19T20:31:11","guid":{"rendered":"https:\/\/yoestudiosalud.es\/producto\/larident-ecran-facial-r4-unite\/"},"modified":"2020-05-19T20:31:11","modified_gmt":"2020-05-19T20:31:11","slug":"larident-ecran-facial-r4-unite","status":"publish","type":"product","link":"https:\/\/yoestudiosalud.es\/fr\/produit\/larident-ecran-facial-r4-unite\/","title":{"rendered":"LARIDENT \u00c9CRAN FACIAL R4 UNIT\u00c9"},"content":{"rendered":"","protected":false},"excerpt":{"rendered":"<p>L&#8217;\u00e9cran facial Larident R4 offre une protection efficace du visage tout en permettant une vision claire. Les zones en contact avec la peau sont recouvertes d&#8217;une \u00e9ponge pour plus de protection et de confort.<\/p>\n","protected":false},"featured_media":29018,"template":"","meta":[],"product_brand":[],"product_cat":[700,701,702],"product_tag":[],"class_list":{"0":"post-29019","1":"product","2":"type-product","3":"status-publish","4":"has-post-thumbnail","6":"product_cat-vetements-fr","7":"product_cat-vetementsm-fr","8":"product_cat-vetementsv-fr","9":"pa_formacion-veterinaria-fr","10":"pa_formacion-medicina-fr","11":"pa_formacion-odontologia-fr","13":"first","14":"instock","15":"taxable","16":"shipping-taxable","17":"purchasable","18":"product-type-simple"},"yoast_head":"<!-- This site is optimized with the Yoast SEO Premium plugin v27.0 (Yoast SEO v27.2) - https:\/\/yoast.com\/product\/yoast-seo-premium-wordpress\/ -->\n<title>LARIDENT \u00c9CRAN FACIAL R4 UNIT\u00c9 - yoestudiosalud.es<\/title>\n<meta name=\"description\" content=\"L&#039;\u00e9cran facial Larident R4 offre une protection efficace du visage tout en permettant une vision claire. Les zones en contact avec la peau sont recouvertes d&#039;une \u00e9ponge pour plus de protection et de confort.\" \/>\n<meta name=\"robots\" content=\"index, follow, max-snippet:-1, max-image-preview:large, max-video-preview:-1\" \/>\n<link rel=\"canonical\" href=\"https:\/\/yoestudiosalud.es\/fr\/produit\/larident-ecran-facial-r4-unite\/\" \/>\n<meta property=\"og:locale\" content=\"fr_FR\" \/>\n<meta property=\"og:type\" content=\"article\" \/>\n<meta property=\"og:title\" content=\"LARIDENT \u00c9CRAN FACIAL R4 UNIT\u00c9\" \/>\n<meta property=\"og:description\" content=\"L&#039;\u00e9cran facial Larident R4 offre une protection efficace du visage tout en permettant une vision claire. Les zones en contact avec la peau sont recouvertes d&#039;une \u00e9ponge pour plus de protection et de confort.\" \/>\n<meta property=\"og:url\" content=\"https:\/\/yoestudiosalud.es\/fr\/produit\/larident-ecran-facial-r4-unite\/\" \/>\n<meta property=\"og:site_name\" content=\"yoestudiosalud.es\" \/>\n<meta property=\"og:image\" content=\"https:\/\/yoestudiosalud.es\/wp-content\/uploads\/2020\/05\/003520.jpg\" \/>\n\t<meta property=\"og:image:width\" content=\"650\" \/>\n\t<meta property=\"og:image:height\" content=\"650\" \/>\n\t<meta property=\"og:image:type\" content=\"image\/jpeg\" \/>\n<meta name=\"twitter:card\" content=\"summary_large_image\" \/>\n<script type=\"application\/ld+json\" class=\"yoast-schema-graph\">{\"@context\":\"https:\/\/schema.org\",\"@graph\":[{\"@type\":\"WebPage\",\"@id\":\"https:\/\/yoestudiosalud.es\/fr\/produit\/larident-ecran-facial-r4-unite\/\",\"url\":\"https:\/\/yoestudiosalud.es\/fr\/produit\/larident-ecran-facial-r4-unite\/\",\"name\":\"LARIDENT \u00c9CRAN FACIAL R4 UNIT\u00c9 - yoestudiosalud.es\",\"isPartOf\":{\"@id\":\"https:\/\/yoestudiosalud.es\/en\/#website\"},\"primaryImageOfPage\":{\"@id\":\"https:\/\/yoestudiosalud.es\/fr\/produit\/larident-ecran-facial-r4-unite\/#primaryimage\"},\"image\":{\"@id\":\"https:\/\/yoestudiosalud.es\/fr\/produit\/larident-ecran-facial-r4-unite\/#primaryimage\"},\"thumbnailUrl\":\"https:\/\/yoestudiosalud.es\/wp-content\/uploads\/2020\/05\/003520.jpg\",\"datePublished\":\"2020-05-19T20:31:11+00:00\",\"description\":\"L'\u00e9cran facial Larident R4 offre une protection efficace du visage tout en permettant une vision claire. Les zones en contact avec la peau sont recouvertes d'une \u00e9ponge pour plus de protection et de confort.\",\"breadcrumb\":{\"@id\":\"https:\/\/yoestudiosalud.es\/fr\/produit\/larident-ecran-facial-r4-unite\/#breadcrumb\"},\"inLanguage\":\"fr-FR\",\"potentialAction\":[{\"@type\":\"ReadAction\",\"target\":[\"https:\/\/yoestudiosalud.es\/fr\/produit\/larident-ecran-facial-r4-unite\/\"]}]},{\"@type\":\"ImageObject\",\"inLanguage\":\"fr-FR\",\"@id\":\"https:\/\/yoestudiosalud.es\/fr\/produit\/larident-ecran-facial-r4-unite\/#primaryimage\",\"url\":\"https:\/\/yoestudiosalud.es\/wp-content\/uploads\/2020\/05\/003520.jpg\",\"contentUrl\":\"https:\/\/yoestudiosalud.es\/wp-content\/uploads\/2020\/05\/003520.jpg\",\"width\":650,\"height\":650,\"caption\":\"LARIDENT \u00c9CRAN FACIAL R4 12 UNIT\u00c9S\"},{\"@type\":\"BreadcrumbList\",\"@id\":\"https:\/\/yoestudiosalud.es\/fr\/produit\/larident-ecran-facial-r4-unite\/#breadcrumb\",\"itemListElement\":[{\"@type\":\"ListItem\",\"position\":1,\"name\":\"Portada\",\"item\":\"https:\/\/yoestudiosalud.es\/fr\/\"},{\"@type\":\"ListItem\",\"position\":2,\"name\":\"Boutique\",\"item\":\"https:\/\/yoestudiosalud.es\/fr\/boutique\/\"},{\"@type\":\"ListItem\",\"position\":3,\"name\":\"LARIDENT \u00c9CRAN FACIAL R4 UNIT\u00c9\"}]},{\"@type\":\"WebSite\",\"@id\":\"https:\/\/yoestudiosalud.es\/en\/#website\",\"url\":\"https:\/\/yoestudiosalud.es\/en\/\",\"name\":\"yoestudiosalud.es\",\"description\":\"Material para estudiantes del sector salud\",\"publisher\":{\"@id\":\"https:\/\/yoestudiosalud.es\/en\/#organization\"},\"potentialAction\":[{\"@type\":\"SearchAction\",\"target\":{\"@type\":\"EntryPoint\",\"urlTemplate\":\"https:\/\/yoestudiosalud.es\/en\/?s={search_term_string}\"},\"query-input\":{\"@type\":\"PropertyValueSpecification\",\"valueRequired\":true,\"valueName\":\"search_term_string\"}}],\"inLanguage\":\"fr-FR\"},{\"@type\":\"Organization\",\"@id\":\"https:\/\/yoestudiosalud.es\/en\/#organization\",\"name\":\"yoestudiosalud.es\",\"url\":\"https:\/\/yoestudiosalud.es\/en\/\",\"logo\":{\"@type\":\"ImageObject\",\"inLanguage\":\"fr-FR\",\"@id\":\"https:\/\/yoestudiosalud.es\/en\/#\/schema\/logo\/image\/\",\"url\":\"https:\/\/yoestudiosalud.es\/wp-content\/uploads\/2020\/04\/logonew-e1698080827687.png\",\"contentUrl\":\"https:\/\/yoestudiosalud.es\/wp-content\/uploads\/2020\/04\/logonew-e1698080827687.png\",\"width\":421,\"height\":393,\"caption\":\"yoestudiosalud.es\"},\"image\":{\"@id\":\"https:\/\/yoestudiosalud.es\/en\/#\/schema\/logo\/image\/\"}}]}<\/script>\n<!-- \/ Yoast SEO Premium plugin. -->","yoast_head_json":{"title":"LARIDENT \u00c9CRAN FACIAL R4 UNIT\u00c9 - yoestudiosalud.es","description":"L'\u00e9cran facial Larident R4 offre une protection efficace du visage tout en permettant une vision claire. Les zones en contact avec la peau sont recouvertes d'une \u00e9ponge pour plus de protection et de confort.","robots":{"index":"index","follow":"follow","max-snippet":"max-snippet:-1","max-image-preview":"max-image-preview:large","max-video-preview":"max-video-preview:-1"},"canonical":"https:\/\/yoestudiosalud.es\/fr\/produit\/larident-ecran-facial-r4-unite\/","og_locale":"fr_FR","og_type":"article","og_title":"LARIDENT \u00c9CRAN FACIAL R4 UNIT\u00c9","og_description":"L'\u00e9cran facial Larident R4 offre une protection efficace du visage tout en permettant une vision claire. Les zones en contact avec la peau sont recouvertes d'une \u00e9ponge pour plus de protection et de confort.","og_url":"https:\/\/yoestudiosalud.es\/fr\/produit\/larident-ecran-facial-r4-unite\/","og_site_name":"yoestudiosalud.es","og_image":[{"width":650,"height":650,"url":"https:\/\/yoestudiosalud.es\/wp-content\/uploads\/2020\/05\/003520.jpg","type":"image\/jpeg"}],"twitter_card":"summary_large_image","schema":{"@context":"https:\/\/schema.org","@graph":[{"@type":"WebPage","@id":"https:\/\/yoestudiosalud.es\/fr\/produit\/larident-ecran-facial-r4-unite\/","url":"https:\/\/yoestudiosalud.es\/fr\/produit\/larident-ecran-facial-r4-unite\/","name":"LARIDENT \u00c9CRAN FACIAL R4 UNIT\u00c9 - yoestudiosalud.es","isPartOf":{"@id":"https:\/\/yoestudiosalud.es\/en\/#website"},"primaryImageOfPage":{"@id":"https:\/\/yoestudiosalud.es\/fr\/produit\/larident-ecran-facial-r4-unite\/#primaryimage"},"image":{"@id":"https:\/\/yoestudiosalud.es\/fr\/produit\/larident-ecran-facial-r4-unite\/#primaryimage"},"thumbnailUrl":"https:\/\/yoestudiosalud.es\/wp-content\/uploads\/2020\/05\/003520.jpg","datePublished":"2020-05-19T20:31:11+00:00","description":"L'\u00e9cran facial Larident R4 offre une protection efficace du visage tout en permettant une vision claire. Les zones en contact avec la peau sont recouvertes d'une \u00e9ponge pour plus de protection et de confort.","breadcrumb":{"@id":"https:\/\/yoestudiosalud.es\/fr\/produit\/larident-ecran-facial-r4-unite\/#breadcrumb"},"inLanguage":"fr-FR","potentialAction":[{"@type":"ReadAction","target":["https:\/\/yoestudiosalud.es\/fr\/produit\/larident-ecran-facial-r4-unite\/"]}]},{"@type":"ImageObject","inLanguage":"fr-FR","@id":"https:\/\/yoestudiosalud.es\/fr\/produit\/larident-ecran-facial-r4-unite\/#primaryimage","url":"https:\/\/yoestudiosalud.es\/wp-content\/uploads\/2020\/05\/003520.jpg","contentUrl":"https:\/\/yoestudiosalud.es\/wp-content\/uploads\/2020\/05\/003520.jpg","width":650,"height":650,"caption":"LARIDENT \u00c9CRAN FACIAL R4 12 UNIT\u00c9S"},{"@type":"BreadcrumbList","@id":"https:\/\/yoestudiosalud.es\/fr\/produit\/larident-ecran-facial-r4-unite\/#breadcrumb","itemListElement":[{"@type":"ListItem","position":1,"name":"Portada","item":"https:\/\/yoestudiosalud.es\/fr\/"},{"@type":"ListItem","position":2,"name":"Boutique","item":"https:\/\/yoestudiosalud.es\/fr\/boutique\/"},{"@type":"ListItem","position":3,"name":"LARIDENT \u00c9CRAN FACIAL R4 UNIT\u00c9"}]},{"@type":"WebSite","@id":"https:\/\/yoestudiosalud.es\/en\/#website","url":"https:\/\/yoestudiosalud.es\/en\/","name":"yoestudiosalud.es","description":"Material para estudiantes del sector salud","publisher":{"@id":"https:\/\/yoestudiosalud.es\/en\/#organization"},"potentialAction":[{"@type":"SearchAction","target":{"@type":"EntryPoint","urlTemplate":"https:\/\/yoestudiosalud.es\/en\/?s={search_term_string}"},"query-input":{"@type":"PropertyValueSpecification","valueRequired":true,"valueName":"search_term_string"}}],"inLanguage":"fr-FR"},{"@type":"Organization","@id":"https:\/\/yoestudiosalud.es\/en\/#organization","name":"yoestudiosalud.es","url":"https:\/\/yoestudiosalud.es\/en\/","logo":{"@type":"ImageObject","inLanguage":"fr-FR","@id":"https:\/\/yoestudiosalud.es\/en\/#\/schema\/logo\/image\/","url":"https:\/\/yoestudiosalud.es\/wp-content\/uploads\/2020\/04\/logonew-e1698080827687.png","contentUrl":"https:\/\/yoestudiosalud.es\/wp-content\/uploads\/2020\/04\/logonew-e1698080827687.png","width":421,"height":393,"caption":"yoestudiosalud.es"},"image":{"@id":"https:\/\/yoestudiosalud.es\/en\/#\/schema\/logo\/image\/"}}]}},"_links":{"self":[{"href":"https:\/\/yoestudiosalud.es\/fr\/wp-json\/wp\/v2\/product\/29019","targetHints":{"allow":["GET"]}}],"collection":[{"href":"https:\/\/yoestudiosalud.es\/fr\/wp-json\/wp\/v2\/product"}],"about":[{"href":"https:\/\/yoestudiosalud.es\/fr\/wp-json\/wp\/v2\/types\/product"}],"wp:featuredmedia":[{"embeddable":true,"href":"https:\/\/yoestudiosalud.es\/fr\/wp-json\/wp\/v2\/media\/29018"}],"wp:attachment":[{"href":"https:\/\/yoestudiosalud.es\/fr\/wp-json\/wp\/v2\/media?parent=29019"}],"wp:term":[{"taxonomy":"product_brand","embeddable":true,"href":"https:\/\/yoestudiosalud.es\/fr\/wp-json\/wp\/v2\/product_brand?post=29019"},{"taxonomy":"product_cat","embeddable":true,"href":"https:\/\/yoestudiosalud.es\/fr\/wp-json\/wp\/v2\/product_cat?post=29019"},{"taxonomy":"product_tag","embeddable":true,"href":"https:\/\/yoestudiosalud.es\/fr\/wp-json\/wp\/v2\/product_tag?post=29019"}],"curies":[{"name":"wp","href":"https:\/\/api.w.org\/{rel}","templated":true}]}}