{"id":28905,"date":"2020-04-16T15:40:43","date_gmt":"2020-04-16T15:40:43","guid":{"rendered":"https:\/\/yoestudiosalud.es\/producto\/crampons-diguehu-friedy\/"},"modified":"2025-09-29T21:27:31","modified_gmt":"2025-09-29T19:27:31","slug":"crampons-diguehu-friedy","status":"publish","type":"product","link":"https:\/\/yoestudiosalud.es\/fr\/produit\/crampons-diguehu-friedy\/","title":{"rendered":"CRAMPONS DIGUE<BR>HU-FRIEDY"},"content":{"rendered":"","protected":false},"excerpt":{"rendered":"<p>Les crampons de digue en caoutchouc HU-FRIEDY ont pour fonction de fixer la digue en caoutchouc aux dents. La vari\u00e9t\u00e9 des formes et des tailles permet de s&#8217;adapter facilement \u00e0 toutes les g\u00e9om\u00e9tries de dents.<\/p>\n","protected":false},"featured_media":28906,"template":"","meta":[],"product_brand":[],"product_cat":[680,681],"product_tag":[763],"class_list":{"0":"post-28905","1":"product","2":"type-product","3":"status-publish","4":"has-post-thumbnail","6":"product_cat-endodontie-fr","7":"product_cat-chirurgie-fr","8":"product_tag-uev3","9":"pa_formacion-odontologia-fr","11":"first","12":"outofstock","13":"sale","14":"taxable","15":"shipping-taxable","16":"purchasable","17":"product-type-variable","18":"has-default-attributes"},"yoast_head":"<!-- This site is optimized with the Yoast SEO Premium plugin v27.0 (Yoast SEO v27.4) - https:\/\/yoast.com\/product\/yoast-seo-premium-wordpress\/ -->\n<title>CRAMPONS DIGUEHU-FRIEDY - yoestudiosalud.es dep\u00f3sito dental<\/title>\n<meta name=\"description\" content=\"Les crampons de digue en caoutchouc HU-FRIEDY ont pour fonction de fixer la digue en caoutchouc aux dents. La vari\u00e9t\u00e9 des formes et des tailles permet de s&#039;adapter facilement \u00e0 toutes les g\u00e9om\u00e9tries de dents.\" \/>\n<meta name=\"robots\" content=\"index, follow, max-snippet:-1, max-image-preview:large, max-video-preview:-1\" \/>\n<link rel=\"canonical\" href=\"https:\/\/yoestudiosalud.es\/fr\/produit\/crampons-diguehu-friedy\/\" \/>\n<meta property=\"og:locale\" content=\"fr_FR\" \/>\n<meta property=\"og:type\" content=\"article\" \/>\n<meta property=\"og:title\" content=\"CRAMPONS DIGUEHU-FRIEDY\" \/>\n<meta property=\"og:description\" content=\"Les crampons de digue en caoutchouc HU-FRIEDY ont pour fonction de fixer la digue en caoutchouc aux dents. La vari\u00e9t\u00e9 des formes et des tailles permet de s&#039;adapter facilement \u00e0 toutes les g\u00e9om\u00e9tries de dents.\" \/>\n<meta property=\"og:url\" content=\"https:\/\/yoestudiosalud.es\/fr\/produit\/crampons-diguehu-friedy\/\" \/>\n<meta property=\"og:site_name\" content=\"yoestudiosalud.es\" \/>\n<meta property=\"article:modified_time\" content=\"2025-09-29T19:27:31+00:00\" \/>\n<meta property=\"og:image\" content=\"https:\/\/yoestudiosalud.es\/wp-content\/uploads\/2020\/04\/001493B.jpg\" \/>\n\t<meta property=\"og:image:width\" content=\"650\" \/>\n\t<meta property=\"og:image:height\" content=\"650\" \/>\n\t<meta property=\"og:image:type\" content=\"image\/jpeg\" \/>\n<meta name=\"twitter:card\" content=\"summary_large_image\" \/>\n<script type=\"application\/ld+json\" class=\"yoast-schema-graph\">{\"@context\":\"https:\\\/\\\/schema.org\",\"@graph\":[{\"@type\":\"WebPage\",\"@id\":\"https:\\\/\\\/yoestudiosalud.es\\\/fr\\\/produit\\\/crampons-diguehu-friedy\\\/\",\"url\":\"https:\\\/\\\/yoestudiosalud.es\\\/fr\\\/produit\\\/crampons-diguehu-friedy\\\/\",\"name\":\"CRAMPONS DIGUE HU-FRIEDY - yoestudiosalud.es dep\u00f3sito dental\",\"isPartOf\":{\"@id\":\"https:\\\/\\\/yoestudiosalud.es\\\/en\\\/#website\"},\"primaryImageOfPage\":{\"@id\":\"https:\\\/\\\/yoestudiosalud.es\\\/fr\\\/produit\\\/crampons-diguehu-friedy\\\/#primaryimage\"},\"image\":{\"@id\":\"https:\\\/\\\/yoestudiosalud.es\\\/fr\\\/produit\\\/crampons-diguehu-friedy\\\/#primaryimage\"},\"thumbnailUrl\":\"https:\\\/\\\/yoestudiosalud.es\\\/wp-content\\\/uploads\\\/2020\\\/04\\\/001493B.jpg\",\"datePublished\":\"2020-04-16T15:40:43+00:00\",\"dateModified\":\"2025-09-29T19:27:31+00:00\",\"description\":\"Les crampons de digue en caoutchouc HU-FRIEDY ont pour fonction de fixer la digue en caoutchouc aux dents. La vari\u00e9t\u00e9 des formes et des tailles permet de s'adapter facilement \u00e0 toutes les g\u00e9om\u00e9tries de dents.\",\"breadcrumb\":{\"@id\":\"https:\\\/\\\/yoestudiosalud.es\\\/fr\\\/produit\\\/crampons-diguehu-friedy\\\/#breadcrumb\"},\"inLanguage\":\"fr-FR\",\"potentialAction\":[{\"@type\":\"ReadAction\",\"target\":[\"https:\\\/\\\/yoestudiosalud.es\\\/fr\\\/produit\\\/crampons-diguehu-friedy\\\/\"]}]},{\"@type\":\"ImageObject\",\"inLanguage\":\"fr-FR\",\"@id\":\"https:\\\/\\\/yoestudiosalud.es\\\/fr\\\/produit\\\/crampons-diguehu-friedy\\\/#primaryimage\",\"url\":\"https:\\\/\\\/yoestudiosalud.es\\\/wp-content\\\/uploads\\\/2020\\\/04\\\/001493B.jpg\",\"contentUrl\":\"https:\\\/\\\/yoestudiosalud.es\\\/wp-content\\\/uploads\\\/2020\\\/04\\\/001493B.jpg\",\"width\":650,\"height\":650,\"caption\":\"CLAMPS DIQUE GOMA HU-FRIEDY\"},{\"@type\":\"BreadcrumbList\",\"@id\":\"https:\\\/\\\/yoestudiosalud.es\\\/fr\\\/produit\\\/crampons-diguehu-friedy\\\/#breadcrumb\",\"itemListElement\":[{\"@type\":\"ListItem\",\"position\":1,\"name\":\"Portada\",\"item\":\"https:\\\/\\\/yoestudiosalud.es\\\/fr\\\/\"},{\"@type\":\"ListItem\",\"position\":2,\"name\":\"Boutique\",\"item\":\"https:\\\/\\\/yoestudiosalud.es\\\/fr\\\/boutique\\\/\"},{\"@type\":\"ListItem\",\"position\":3,\"name\":\"CRAMPONS DIGUEHU-FRIEDY\"}]},{\"@type\":\"WebSite\",\"@id\":\"https:\\\/\\\/yoestudiosalud.es\\\/en\\\/#website\",\"url\":\"https:\\\/\\\/yoestudiosalud.es\\\/en\\\/\",\"name\":\"yoestudiosalud.es\",\"description\":\"Material para estudiantes del sector salud\",\"publisher\":{\"@id\":\"https:\\\/\\\/yoestudiosalud.es\\\/en\\\/#organization\"},\"potentialAction\":[{\"@type\":\"SearchAction\",\"target\":{\"@type\":\"EntryPoint\",\"urlTemplate\":\"https:\\\/\\\/yoestudiosalud.es\\\/en\\\/?s={search_term_string}\"},\"query-input\":{\"@type\":\"PropertyValueSpecification\",\"valueRequired\":true,\"valueName\":\"search_term_string\"}}],\"inLanguage\":\"fr-FR\"},{\"@type\":\"Organization\",\"@id\":\"https:\\\/\\\/yoestudiosalud.es\\\/en\\\/#organization\",\"name\":\"yoestudiosalud.es\",\"url\":\"https:\\\/\\\/yoestudiosalud.es\\\/en\\\/\",\"logo\":{\"@type\":\"ImageObject\",\"inLanguage\":\"fr-FR\",\"@id\":\"https:\\\/\\\/yoestudiosalud.es\\\/en\\\/#\\\/schema\\\/logo\\\/image\\\/\",\"url\":\"https:\\\/\\\/yoestudiosalud.es\\\/wp-content\\\/uploads\\\/2020\\\/04\\\/logonew-e1698080827687.png\",\"contentUrl\":\"https:\\\/\\\/yoestudiosalud.es\\\/wp-content\\\/uploads\\\/2020\\\/04\\\/logonew-e1698080827687.png\",\"width\":421,\"height\":393,\"caption\":\"yoestudiosalud.es\"},\"image\":{\"@id\":\"https:\\\/\\\/yoestudiosalud.es\\\/en\\\/#\\\/schema\\\/logo\\\/image\\\/\"}}]}<\/script>\n<!-- \/ Yoast SEO Premium plugin. -->","yoast_head_json":{"title":"CRAMPONS DIGUEHU-FRIEDY - yoestudiosalud.es dep\u00f3sito dental","description":"Les crampons de digue en caoutchouc HU-FRIEDY ont pour fonction de fixer la digue en caoutchouc aux dents. La vari\u00e9t\u00e9 des formes et des tailles permet de s'adapter facilement \u00e0 toutes les g\u00e9om\u00e9tries de dents.","robots":{"index":"index","follow":"follow","max-snippet":"max-snippet:-1","max-image-preview":"max-image-preview:large","max-video-preview":"max-video-preview:-1"},"canonical":"https:\/\/yoestudiosalud.es\/fr\/produit\/crampons-diguehu-friedy\/","og_locale":"fr_FR","og_type":"article","og_title":"CRAMPONS DIGUEHU-FRIEDY","og_description":"Les crampons de digue en caoutchouc HU-FRIEDY ont pour fonction de fixer la digue en caoutchouc aux dents. La vari\u00e9t\u00e9 des formes et des tailles permet de s'adapter facilement \u00e0 toutes les g\u00e9om\u00e9tries de dents.","og_url":"https:\/\/yoestudiosalud.es\/fr\/produit\/crampons-diguehu-friedy\/","og_site_name":"yoestudiosalud.es","article_modified_time":"2025-09-29T19:27:31+00:00","og_image":[{"width":650,"height":650,"url":"https:\/\/yoestudiosalud.es\/wp-content\/uploads\/2020\/04\/001493B.jpg","type":"image\/jpeg"}],"twitter_card":"summary_large_image","schema":{"@context":"https:\/\/schema.org","@graph":[{"@type":"WebPage","@id":"https:\/\/yoestudiosalud.es\/fr\/produit\/crampons-diguehu-friedy\/","url":"https:\/\/yoestudiosalud.es\/fr\/produit\/crampons-diguehu-friedy\/","name":"CRAMPONS DIGUE HU-FRIEDY - yoestudiosalud.es dep\u00f3sito dental","isPartOf":{"@id":"https:\/\/yoestudiosalud.es\/en\/#website"},"primaryImageOfPage":{"@id":"https:\/\/yoestudiosalud.es\/fr\/produit\/crampons-diguehu-friedy\/#primaryimage"},"image":{"@id":"https:\/\/yoestudiosalud.es\/fr\/produit\/crampons-diguehu-friedy\/#primaryimage"},"thumbnailUrl":"https:\/\/yoestudiosalud.es\/wp-content\/uploads\/2020\/04\/001493B.jpg","datePublished":"2020-04-16T15:40:43+00:00","dateModified":"2025-09-29T19:27:31+00:00","description":"Les crampons de digue en caoutchouc HU-FRIEDY ont pour fonction de fixer la digue en caoutchouc aux dents. La vari\u00e9t\u00e9 des formes et des tailles permet de s'adapter facilement \u00e0 toutes les g\u00e9om\u00e9tries de dents.","breadcrumb":{"@id":"https:\/\/yoestudiosalud.es\/fr\/produit\/crampons-diguehu-friedy\/#breadcrumb"},"inLanguage":"fr-FR","potentialAction":[{"@type":"ReadAction","target":["https:\/\/yoestudiosalud.es\/fr\/produit\/crampons-diguehu-friedy\/"]}]},{"@type":"ImageObject","inLanguage":"fr-FR","@id":"https:\/\/yoestudiosalud.es\/fr\/produit\/crampons-diguehu-friedy\/#primaryimage","url":"https:\/\/yoestudiosalud.es\/wp-content\/uploads\/2020\/04\/001493B.jpg","contentUrl":"https:\/\/yoestudiosalud.es\/wp-content\/uploads\/2020\/04\/001493B.jpg","width":650,"height":650,"caption":"CLAMPS DIQUE GOMA HU-FRIEDY"},{"@type":"BreadcrumbList","@id":"https:\/\/yoestudiosalud.es\/fr\/produit\/crampons-diguehu-friedy\/#breadcrumb","itemListElement":[{"@type":"ListItem","position":1,"name":"Portada","item":"https:\/\/yoestudiosalud.es\/fr\/"},{"@type":"ListItem","position":2,"name":"Boutique","item":"https:\/\/yoestudiosalud.es\/fr\/boutique\/"},{"@type":"ListItem","position":3,"name":"CRAMPONS DIGUEHU-FRIEDY"}]},{"@type":"WebSite","@id":"https:\/\/yoestudiosalud.es\/en\/#website","url":"https:\/\/yoestudiosalud.es\/en\/","name":"yoestudiosalud.es","description":"Material para estudiantes del sector salud","publisher":{"@id":"https:\/\/yoestudiosalud.es\/en\/#organization"},"potentialAction":[{"@type":"SearchAction","target":{"@type":"EntryPoint","urlTemplate":"https:\/\/yoestudiosalud.es\/en\/?s={search_term_string}"},"query-input":{"@type":"PropertyValueSpecification","valueRequired":true,"valueName":"search_term_string"}}],"inLanguage":"fr-FR"},{"@type":"Organization","@id":"https:\/\/yoestudiosalud.es\/en\/#organization","name":"yoestudiosalud.es","url":"https:\/\/yoestudiosalud.es\/en\/","logo":{"@type":"ImageObject","inLanguage":"fr-FR","@id":"https:\/\/yoestudiosalud.es\/en\/#\/schema\/logo\/image\/","url":"https:\/\/yoestudiosalud.es\/wp-content\/uploads\/2020\/04\/logonew-e1698080827687.png","contentUrl":"https:\/\/yoestudiosalud.es\/wp-content\/uploads\/2020\/04\/logonew-e1698080827687.png","width":421,"height":393,"caption":"yoestudiosalud.es"},"image":{"@id":"https:\/\/yoestudiosalud.es\/en\/#\/schema\/logo\/image\/"}}]}},"_links":{"self":[{"href":"https:\/\/yoestudiosalud.es\/fr\/wp-json\/wp\/v2\/product\/28905","targetHints":{"allow":["GET"]}}],"collection":[{"href":"https:\/\/yoestudiosalud.es\/fr\/wp-json\/wp\/v2\/product"}],"about":[{"href":"https:\/\/yoestudiosalud.es\/fr\/wp-json\/wp\/v2\/types\/product"}],"wp:featuredmedia":[{"embeddable":true,"href":"https:\/\/yoestudiosalud.es\/fr\/wp-json\/wp\/v2\/media\/28906"}],"wp:attachment":[{"href":"https:\/\/yoestudiosalud.es\/fr\/wp-json\/wp\/v2\/media?parent=28905"}],"wp:term":[{"taxonomy":"product_brand","embeddable":true,"href":"https:\/\/yoestudiosalud.es\/fr\/wp-json\/wp\/v2\/product_brand?post=28905"},{"taxonomy":"product_cat","embeddable":true,"href":"https:\/\/yoestudiosalud.es\/fr\/wp-json\/wp\/v2\/product_cat?post=28905"},{"taxonomy":"product_tag","embeddable":true,"href":"https:\/\/yoestudiosalud.es\/fr\/wp-json\/wp\/v2\/product_tag?post=28905"}],"curies":[{"name":"wp","href":"https:\/\/api.w.org\/{rel}","templated":true}]}}