{"id":28898,"date":"2020-02-18T10:08:43","date_gmt":"2020-02-18T10:08:43","guid":{"rendered":"https:\/\/yoestudiosalud.es\/producto\/ecran-a-memoirevistascan-2\/"},"modified":"2020-02-18T10:08:43","modified_gmt":"2020-02-18T10:08:43","slug":"ecran-a-memoirevistascan-2","status":"publish","type":"product","link":"https:\/\/yoestudiosalud.es\/fr\/produit\/ecran-a-memoirevistascan-2\/","title":{"rendered":"\u00c9CRAN \u00c0 MEMOIRE<br>VISTASCAN #2"},"content":{"rendered":"","protected":false},"excerpt":{"rendered":"<p>\u00c9cran \u00e0 memoire Vitascan #2 pour l&#8217;acquisition Rx num\u00e9rique pour la lecture sur les appareils VITASCAN DE D\u00dcRR<\/p>\n","protected":false},"featured_media":28900,"template":"","meta":[],"product_brand":[],"product_cat":[691],"product_tag":[673,705,707,762,907],"class_list":{"0":"post-28898","1":"product","2":"type-product","3":"status-publish","4":"has-post-thumbnail","6":"product_cat-radiologie-fr","7":"product_tag-uv3","8":"product_tag-uev4","9":"product_tag-uem4-fr","10":"product_tag-ucam4-fr","11":"product_tag-ceusp4-fr","12":"pa_formacion-odontologia-fr","14":"first","15":"instock","16":"sale","17":"taxable","18":"shipping-taxable","19":"purchasable","20":"product-type-simple"},"yoast_head":"<!-- This site is optimized with the Yoast SEO Premium plugin v27.0 (Yoast SEO v27.2) - https:\/\/yoast.com\/product\/yoast-seo-premium-wordpress\/ -->\n<title>\u00c9CRAN \u00c0 MEMOIREVISTASCAN #2 - yoestudiosalud.es<\/title>\n<meta name=\"description\" content=\"Plaque phosphorescente vistascan #2 pour la prise d&#039;empreintes radiographiques intra-orales et lecteur Vitascan de D\u00fcrr. Achetez-le en ligne sur YoEstudioSalud.es .\" \/>\n<meta name=\"robots\" content=\"index, follow, max-snippet:-1, max-image-preview:large, max-video-preview:-1\" \/>\n<link rel=\"canonical\" href=\"https:\/\/yoestudiosalud.es\/produit\/placa-de-fosforo-vistascan-2\/\" \/>\n<meta property=\"og:locale\" content=\"fr_FR\" \/>\n<meta property=\"og:type\" content=\"article\" \/>\n<meta property=\"og:title\" content=\"\u00c9CRAN \u00c0 MEMOIREVISTASCAN #2\" \/>\n<meta property=\"og:description\" content=\"Plaque phosphorescente vistascan #2 pour la prise d&#039;empreintes radiographiques intra-orales et lecteur Vitascan de D\u00fcrr. Achetez-le en ligne sur YoEstudioSalud.es .\" \/>\n<meta property=\"og:url\" content=\"https:\/\/yoestudiosalud.es\/produit\/placa-de-fosforo-vistascan-2\/\" \/>\n<meta property=\"og:site_name\" content=\"yoestudiosalud.es\" \/>\n<meta property=\"og:image\" content=\"https:\/\/yoestudiosalud.es\/wp-content\/uploads\/2020\/02\/003418B.jpg\" \/>\n\t<meta property=\"og:image:width\" content=\"650\" \/>\n\t<meta property=\"og:image:height\" content=\"650\" \/>\n\t<meta property=\"og:image:type\" content=\"image\/jpeg\" \/>\n<meta name=\"twitter:card\" content=\"summary_large_image\" \/>\n<script type=\"application\/ld+json\" class=\"yoast-schema-graph\">{\"@context\":\"https:\/\/schema.org\",\"@graph\":[{\"@type\":\"WebPage\",\"@id\":\"https:\/\/yoestudiosalud.es\/produit\/placa-de-fosforo-vistascan-2\/\",\"url\":\"https:\/\/yoestudiosalud.es\/produit\/placa-de-fosforo-vistascan-2\/\",\"name\":\"\u00c9CRAN \u00c0 MEMOIRE VISTASCAN #2 - yoestudiosalud.es\",\"isPartOf\":{\"@id\":\"https:\/\/yoestudiosalud.es\/en\/#website\"},\"primaryImageOfPage\":{\"@id\":\"https:\/\/yoestudiosalud.es\/produit\/placa-de-fosforo-vistascan-2\/#primaryimage\"},\"image\":{\"@id\":\"https:\/\/yoestudiosalud.es\/produit\/placa-de-fosforo-vistascan-2\/#primaryimage\"},\"thumbnailUrl\":\"https:\/\/yoestudiosalud.es\/wp-content\/uploads\/2020\/02\/003418B.jpg\",\"datePublished\":\"2020-02-18T10:08:43+00:00\",\"description\":\"Plaque phosphorescente vistascan #2 pour la prise d'empreintes radiographiques intra-orales et lecteur Vitascan de D\u00fcrr. Achetez-le en ligne sur YoEstudioSalud.es .\",\"breadcrumb\":{\"@id\":\"https:\/\/yoestudiosalud.es\/produit\/placa-de-fosforo-vistascan-2\/#breadcrumb\"},\"inLanguage\":\"fr-FR\",\"potentialAction\":[{\"@type\":\"ReadAction\",\"target\":[\"https:\/\/yoestudiosalud.es\/produit\/placa-de-fosforo-vistascan-2\/\"]}]},{\"@type\":\"ImageObject\",\"inLanguage\":\"fr-FR\",\"@id\":\"https:\/\/yoestudiosalud.es\/produit\/placa-de-fosforo-vistascan-2\/#primaryimage\",\"url\":\"https:\/\/yoestudiosalud.es\/wp-content\/uploads\/2020\/02\/003418B.jpg\",\"contentUrl\":\"https:\/\/yoestudiosalud.es\/wp-content\/uploads\/2020\/02\/003418B.jpg\",\"width\":650,\"height\":650,\"caption\":\"\u00c9CRAN \u00c0 MEMOIRE VISTASCAN #2\"},{\"@type\":\"BreadcrumbList\",\"@id\":\"https:\/\/yoestudiosalud.es\/produit\/placa-de-fosforo-vistascan-2\/#breadcrumb\",\"itemListElement\":[{\"@type\":\"ListItem\",\"position\":1,\"name\":\"Portada\",\"item\":\"https:\/\/yoestudiosalud.es\/fr\/\"},{\"@type\":\"ListItem\",\"position\":2,\"name\":\"Boutique\",\"item\":\"https:\/\/yoestudiosalud.es\/fr\/boutique\/\"},{\"@type\":\"ListItem\",\"position\":3,\"name\":\"\u00c9CRAN \u00c0 MEMOIREVISTASCAN #2\"}]},{\"@type\":\"WebSite\",\"@id\":\"https:\/\/yoestudiosalud.es\/en\/#website\",\"url\":\"https:\/\/yoestudiosalud.es\/en\/\",\"name\":\"yoestudiosalud.es\",\"description\":\"Material para estudiantes del sector salud\",\"publisher\":{\"@id\":\"https:\/\/yoestudiosalud.es\/en\/#organization\"},\"potentialAction\":[{\"@type\":\"SearchAction\",\"target\":{\"@type\":\"EntryPoint\",\"urlTemplate\":\"https:\/\/yoestudiosalud.es\/en\/?s={search_term_string}\"},\"query-input\":{\"@type\":\"PropertyValueSpecification\",\"valueRequired\":true,\"valueName\":\"search_term_string\"}}],\"inLanguage\":\"fr-FR\"},{\"@type\":\"Organization\",\"@id\":\"https:\/\/yoestudiosalud.es\/en\/#organization\",\"name\":\"yoestudiosalud.es\",\"url\":\"https:\/\/yoestudiosalud.es\/en\/\",\"logo\":{\"@type\":\"ImageObject\",\"inLanguage\":\"fr-FR\",\"@id\":\"https:\/\/yoestudiosalud.es\/en\/#\/schema\/logo\/image\/\",\"url\":\"https:\/\/yoestudiosalud.es\/wp-content\/uploads\/2020\/04\/logonew-e1698080827687.png\",\"contentUrl\":\"https:\/\/yoestudiosalud.es\/wp-content\/uploads\/2020\/04\/logonew-e1698080827687.png\",\"width\":421,\"height\":393,\"caption\":\"yoestudiosalud.es\"},\"image\":{\"@id\":\"https:\/\/yoestudiosalud.es\/en\/#\/schema\/logo\/image\/\"}}]}<\/script>\n<!-- \/ Yoast SEO Premium plugin. -->","yoast_head_json":{"title":"\u00c9CRAN \u00c0 MEMOIREVISTASCAN #2 - yoestudiosalud.es","description":"Plaque phosphorescente vistascan #2 pour la prise d'empreintes radiographiques intra-orales et lecteur Vitascan de D\u00fcrr. Achetez-le en ligne sur YoEstudioSalud.es .","robots":{"index":"index","follow":"follow","max-snippet":"max-snippet:-1","max-image-preview":"max-image-preview:large","max-video-preview":"max-video-preview:-1"},"canonical":"https:\/\/yoestudiosalud.es\/produit\/placa-de-fosforo-vistascan-2\/","og_locale":"fr_FR","og_type":"article","og_title":"\u00c9CRAN \u00c0 MEMOIREVISTASCAN #2","og_description":"Plaque phosphorescente vistascan #2 pour la prise d'empreintes radiographiques intra-orales et lecteur Vitascan de D\u00fcrr. Achetez-le en ligne sur YoEstudioSalud.es .","og_url":"https:\/\/yoestudiosalud.es\/produit\/placa-de-fosforo-vistascan-2\/","og_site_name":"yoestudiosalud.es","og_image":[{"width":650,"height":650,"url":"https:\/\/yoestudiosalud.es\/wp-content\/uploads\/2020\/02\/003418B.jpg","type":"image\/jpeg"}],"twitter_card":"summary_large_image","schema":{"@context":"https:\/\/schema.org","@graph":[{"@type":"WebPage","@id":"https:\/\/yoestudiosalud.es\/produit\/placa-de-fosforo-vistascan-2\/","url":"https:\/\/yoestudiosalud.es\/produit\/placa-de-fosforo-vistascan-2\/","name":"\u00c9CRAN \u00c0 MEMOIRE VISTASCAN #2 - yoestudiosalud.es","isPartOf":{"@id":"https:\/\/yoestudiosalud.es\/en\/#website"},"primaryImageOfPage":{"@id":"https:\/\/yoestudiosalud.es\/produit\/placa-de-fosforo-vistascan-2\/#primaryimage"},"image":{"@id":"https:\/\/yoestudiosalud.es\/produit\/placa-de-fosforo-vistascan-2\/#primaryimage"},"thumbnailUrl":"https:\/\/yoestudiosalud.es\/wp-content\/uploads\/2020\/02\/003418B.jpg","datePublished":"2020-02-18T10:08:43+00:00","description":"Plaque phosphorescente vistascan #2 pour la prise d'empreintes radiographiques intra-orales et lecteur Vitascan de D\u00fcrr. Achetez-le en ligne sur YoEstudioSalud.es .","breadcrumb":{"@id":"https:\/\/yoestudiosalud.es\/produit\/placa-de-fosforo-vistascan-2\/#breadcrumb"},"inLanguage":"fr-FR","potentialAction":[{"@type":"ReadAction","target":["https:\/\/yoestudiosalud.es\/produit\/placa-de-fosforo-vistascan-2\/"]}]},{"@type":"ImageObject","inLanguage":"fr-FR","@id":"https:\/\/yoestudiosalud.es\/produit\/placa-de-fosforo-vistascan-2\/#primaryimage","url":"https:\/\/yoestudiosalud.es\/wp-content\/uploads\/2020\/02\/003418B.jpg","contentUrl":"https:\/\/yoestudiosalud.es\/wp-content\/uploads\/2020\/02\/003418B.jpg","width":650,"height":650,"caption":"\u00c9CRAN \u00c0 MEMOIRE VISTASCAN #2"},{"@type":"BreadcrumbList","@id":"https:\/\/yoestudiosalud.es\/produit\/placa-de-fosforo-vistascan-2\/#breadcrumb","itemListElement":[{"@type":"ListItem","position":1,"name":"Portada","item":"https:\/\/yoestudiosalud.es\/fr\/"},{"@type":"ListItem","position":2,"name":"Boutique","item":"https:\/\/yoestudiosalud.es\/fr\/boutique\/"},{"@type":"ListItem","position":3,"name":"\u00c9CRAN \u00c0 MEMOIREVISTASCAN #2"}]},{"@type":"WebSite","@id":"https:\/\/yoestudiosalud.es\/en\/#website","url":"https:\/\/yoestudiosalud.es\/en\/","name":"yoestudiosalud.es","description":"Material para estudiantes del sector salud","publisher":{"@id":"https:\/\/yoestudiosalud.es\/en\/#organization"},"potentialAction":[{"@type":"SearchAction","target":{"@type":"EntryPoint","urlTemplate":"https:\/\/yoestudiosalud.es\/en\/?s={search_term_string}"},"query-input":{"@type":"PropertyValueSpecification","valueRequired":true,"valueName":"search_term_string"}}],"inLanguage":"fr-FR"},{"@type":"Organization","@id":"https:\/\/yoestudiosalud.es\/en\/#organization","name":"yoestudiosalud.es","url":"https:\/\/yoestudiosalud.es\/en\/","logo":{"@type":"ImageObject","inLanguage":"fr-FR","@id":"https:\/\/yoestudiosalud.es\/en\/#\/schema\/logo\/image\/","url":"https:\/\/yoestudiosalud.es\/wp-content\/uploads\/2020\/04\/logonew-e1698080827687.png","contentUrl":"https:\/\/yoestudiosalud.es\/wp-content\/uploads\/2020\/04\/logonew-e1698080827687.png","width":421,"height":393,"caption":"yoestudiosalud.es"},"image":{"@id":"https:\/\/yoestudiosalud.es\/en\/#\/schema\/logo\/image\/"}}]}},"_links":{"self":[{"href":"https:\/\/yoestudiosalud.es\/fr\/wp-json\/wp\/v2\/product\/28898","targetHints":{"allow":["GET"]}}],"collection":[{"href":"https:\/\/yoestudiosalud.es\/fr\/wp-json\/wp\/v2\/product"}],"about":[{"href":"https:\/\/yoestudiosalud.es\/fr\/wp-json\/wp\/v2\/types\/product"}],"wp:featuredmedia":[{"embeddable":true,"href":"https:\/\/yoestudiosalud.es\/fr\/wp-json\/wp\/v2\/media\/28900"}],"wp:attachment":[{"href":"https:\/\/yoestudiosalud.es\/fr\/wp-json\/wp\/v2\/media?parent=28898"}],"wp:term":[{"taxonomy":"product_brand","embeddable":true,"href":"https:\/\/yoestudiosalud.es\/fr\/wp-json\/wp\/v2\/product_brand?post=28898"},{"taxonomy":"product_cat","embeddable":true,"href":"https:\/\/yoestudiosalud.es\/fr\/wp-json\/wp\/v2\/product_cat?post=28898"},{"taxonomy":"product_tag","embeddable":true,"href":"https:\/\/yoestudiosalud.es\/fr\/wp-json\/wp\/v2\/product_tag?post=28898"}],"curies":[{"name":"wp","href":"https:\/\/api.w.org\/{rel}","templated":true}]}}