{"id":28883,"date":"2019-06-25T16:16:22","date_gmt":"2019-06-25T16:16:22","guid":{"rendered":"https:\/\/yoestudiosalud.es\/producto\/sirona-rotatifs-basic-student\/"},"modified":"2025-06-25T23:05:26","modified_gmt":"2025-06-25T21:05:26","slug":"sirona-rotatifs-basic-student","status":"publish","type":"product","link":"https:\/\/yoestudiosalud.es\/fr\/produit\/sirona-rotatifs-basic-student\/","title":{"rendered":"SIRONA ROTATIFS BASIC STUDENT"},"content":{"rendered":"<p>Le kit de base Sirona rotary students comprend :<\/p>\n<ul>\n<li>Sirona T3 Turbine (sans lumi\u00e8re) connexion RACER MIDWEST (M4)<\/li>\n<li>Sirona T3 E40 contre-angle<\/li>\n<li>Sirona T3 EH40 pi\u00e8ce \u00e0 main droite<\/li>\n<li>Sirona IMW micro-moteur pneumatique<\/li>\n<\/ul>\n","protected":false},"excerpt":{"rendered":"<p>Le kit de base Sirona rotary students comprend :<\/p>\n<ul>\n<li>Sirona T3 Turbine (sans lumi\u00e8re) connexion RACER MIDWEST (M4)<\/li>\n<li>Sirona T3 E40 contre-angle<\/li>\n<li>Sirona T3 EH40 pi\u00e8ce \u00e0 main droite<\/li>\n<li>Sirona IMW micro-moteur pneumatique<\/li>\n<\/ul>\n","protected":false},"featured_media":28886,"template":"","meta":[],"product_brand":[],"product_cat":[713],"product_tag":[769],"class_list":{"0":"post-28883","1":"product","2":"type-product","3":"status-publish","4":"has-post-thumbnail","6":"product_cat-rotatif-fr","7":"product_tag-ceur","8":"pa_formacion-odontologia-fr","9":"pa_universidades-universidad-de-granada-fr","11":"first","12":"onbackorder","13":"taxable","14":"shipping-taxable","15":"purchasable","16":"product-type-simple"},"yoast_head":"<!-- This site is optimized with the Yoast SEO Premium plugin v27.0 (Yoast SEO v27.2) - https:\/\/yoast.com\/product\/yoast-seo-premium-wordpress\/ -->\n<title>SIRONA ROTATIFS BASIC STUDENT - En yoestudiosalud.es<\/title>\n<meta name=\"description\" content=\"Le Sirona T3 Racer est un kit rotatif de base pour les \u00e9tudiants en m\u00e9decine dentaire. Il comprend toutes les pi\u00e8ces dont l&#039;\u00e9tudiant aura besoin.\" \/>\n<meta name=\"robots\" content=\"index, follow, max-snippet:-1, max-image-preview:large, max-video-preview:-1\" \/>\n<link rel=\"canonical\" href=\"https:\/\/yoestudiosalud.es\/produit\/sirona-kit-rotatorio-estudiantes\/\" \/>\n<meta property=\"og:locale\" content=\"fr_FR\" \/>\n<meta property=\"og:type\" content=\"article\" \/>\n<meta property=\"og:title\" content=\"SIRONA ROTATIFS BASIC STUDENT\" \/>\n<meta property=\"og:description\" content=\"Le Sirona T3 Racer est un kit rotatif de base pour les \u00e9tudiants en m\u00e9decine dentaire. Il comprend toutes les pi\u00e8ces dont l&#039;\u00e9tudiant aura besoin.\" \/>\n<meta property=\"og:url\" content=\"https:\/\/yoestudiosalud.es\/produit\/sirona-kit-rotatorio-estudiantes\/\" \/>\n<meta property=\"og:site_name\" content=\"yoestudiosalud.es\" \/>\n<meta property=\"article:modified_time\" content=\"2025-06-25T21:05:26+00:00\" \/>\n<meta property=\"og:image\" content=\"https:\/\/yoestudiosalud.es\/wp-content\/uploads\/2019\/06\/003254C.jpg\" \/>\n\t<meta property=\"og:image:width\" content=\"650\" \/>\n\t<meta property=\"og:image:height\" content=\"650\" \/>\n\t<meta property=\"og:image:type\" content=\"image\/jpeg\" \/>\n<meta name=\"twitter:card\" content=\"summary_large_image\" \/>\n<script type=\"application\/ld+json\" class=\"yoast-schema-graph\">{\"@context\":\"https:\/\/schema.org\",\"@graph\":[{\"@type\":\"WebPage\",\"@id\":\"https:\/\/yoestudiosalud.es\/produit\/sirona-kit-rotatorio-estudiantes\/\",\"url\":\"https:\/\/yoestudiosalud.es\/produit\/sirona-kit-rotatorio-estudiantes\/\",\"name\":\"SIRONA ROTATIFS BASIC STUDENT - En yoestudiosalud.es\",\"isPartOf\":{\"@id\":\"https:\/\/yoestudiosalud.es\/en\/#website\"},\"primaryImageOfPage\":{\"@id\":\"https:\/\/yoestudiosalud.es\/produit\/sirona-kit-rotatorio-estudiantes\/#primaryimage\"},\"image\":{\"@id\":\"https:\/\/yoestudiosalud.es\/produit\/sirona-kit-rotatorio-estudiantes\/#primaryimage\"},\"thumbnailUrl\":\"https:\/\/yoestudiosalud.es\/wp-content\/uploads\/2019\/06\/003254C.jpg\",\"datePublished\":\"2019-06-25T16:16:22+00:00\",\"dateModified\":\"2025-06-25T21:05:26+00:00\",\"description\":\"Le Sirona T3 Racer est un kit rotatif de base pour les \u00e9tudiants en m\u00e9decine dentaire. Il comprend toutes les pi\u00e8ces dont l'\u00e9tudiant aura besoin.\",\"breadcrumb\":{\"@id\":\"https:\/\/yoestudiosalud.es\/produit\/sirona-kit-rotatorio-estudiantes\/#breadcrumb\"},\"inLanguage\":\"fr-FR\",\"potentialAction\":[{\"@type\":\"ReadAction\",\"target\":[\"https:\/\/yoestudiosalud.es\/produit\/sirona-kit-rotatorio-estudiantes\/\"]}]},{\"@type\":\"ImageObject\",\"inLanguage\":\"fr-FR\",\"@id\":\"https:\/\/yoestudiosalud.es\/produit\/sirona-kit-rotatorio-estudiantes\/#primaryimage\",\"url\":\"https:\/\/yoestudiosalud.es\/wp-content\/uploads\/2019\/06\/003254C.jpg\",\"contentUrl\":\"https:\/\/yoestudiosalud.es\/wp-content\/uploads\/2019\/06\/003254C.jpg\",\"width\":650,\"height\":650,\"caption\":\"SIRONA ROTATIFS BASIC STUDENT\"},{\"@type\":\"BreadcrumbList\",\"@id\":\"https:\/\/yoestudiosalud.es\/produit\/sirona-kit-rotatorio-estudiantes\/#breadcrumb\",\"itemListElement\":[{\"@type\":\"ListItem\",\"position\":1,\"name\":\"Portada\",\"item\":\"https:\/\/yoestudiosalud.es\/fr\/\"},{\"@type\":\"ListItem\",\"position\":2,\"name\":\"Boutique\",\"item\":\"https:\/\/yoestudiosalud.es\/fr\/boutique\/\"},{\"@type\":\"ListItem\",\"position\":3,\"name\":\"SIRONA ROTATIFS BASIC STUDENT\"}]},{\"@type\":\"WebSite\",\"@id\":\"https:\/\/yoestudiosalud.es\/en\/#website\",\"url\":\"https:\/\/yoestudiosalud.es\/en\/\",\"name\":\"yoestudiosalud.es\",\"description\":\"Material para estudiantes del sector salud\",\"publisher\":{\"@id\":\"https:\/\/yoestudiosalud.es\/en\/#organization\"},\"potentialAction\":[{\"@type\":\"SearchAction\",\"target\":{\"@type\":\"EntryPoint\",\"urlTemplate\":\"https:\/\/yoestudiosalud.es\/en\/?s={search_term_string}\"},\"query-input\":{\"@type\":\"PropertyValueSpecification\",\"valueRequired\":true,\"valueName\":\"search_term_string\"}}],\"inLanguage\":\"fr-FR\"},{\"@type\":\"Organization\",\"@id\":\"https:\/\/yoestudiosalud.es\/en\/#organization\",\"name\":\"yoestudiosalud.es\",\"url\":\"https:\/\/yoestudiosalud.es\/en\/\",\"logo\":{\"@type\":\"ImageObject\",\"inLanguage\":\"fr-FR\",\"@id\":\"https:\/\/yoestudiosalud.es\/en\/#\/schema\/logo\/image\/\",\"url\":\"https:\/\/yoestudiosalud.es\/wp-content\/uploads\/2020\/04\/logonew-e1698080827687.png\",\"contentUrl\":\"https:\/\/yoestudiosalud.es\/wp-content\/uploads\/2020\/04\/logonew-e1698080827687.png\",\"width\":421,\"height\":393,\"caption\":\"yoestudiosalud.es\"},\"image\":{\"@id\":\"https:\/\/yoestudiosalud.es\/en\/#\/schema\/logo\/image\/\"}}]}<\/script>\n<!-- \/ Yoast SEO Premium plugin. -->","yoast_head_json":{"title":"SIRONA ROTATIFS BASIC STUDENT - En yoestudiosalud.es","description":"Le Sirona T3 Racer est un kit rotatif de base pour les \u00e9tudiants en m\u00e9decine dentaire. Il comprend toutes les pi\u00e8ces dont l'\u00e9tudiant aura besoin.","robots":{"index":"index","follow":"follow","max-snippet":"max-snippet:-1","max-image-preview":"max-image-preview:large","max-video-preview":"max-video-preview:-1"},"canonical":"https:\/\/yoestudiosalud.es\/produit\/sirona-kit-rotatorio-estudiantes\/","og_locale":"fr_FR","og_type":"article","og_title":"SIRONA ROTATIFS BASIC STUDENT","og_description":"Le Sirona T3 Racer est un kit rotatif de base pour les \u00e9tudiants en m\u00e9decine dentaire. Il comprend toutes les pi\u00e8ces dont l'\u00e9tudiant aura besoin.","og_url":"https:\/\/yoestudiosalud.es\/produit\/sirona-kit-rotatorio-estudiantes\/","og_site_name":"yoestudiosalud.es","article_modified_time":"2025-06-25T21:05:26+00:00","og_image":[{"width":650,"height":650,"url":"https:\/\/yoestudiosalud.es\/wp-content\/uploads\/2019\/06\/003254C.jpg","type":"image\/jpeg"}],"twitter_card":"summary_large_image","schema":{"@context":"https:\/\/schema.org","@graph":[{"@type":"WebPage","@id":"https:\/\/yoestudiosalud.es\/produit\/sirona-kit-rotatorio-estudiantes\/","url":"https:\/\/yoestudiosalud.es\/produit\/sirona-kit-rotatorio-estudiantes\/","name":"SIRONA ROTATIFS BASIC STUDENT - En yoestudiosalud.es","isPartOf":{"@id":"https:\/\/yoestudiosalud.es\/en\/#website"},"primaryImageOfPage":{"@id":"https:\/\/yoestudiosalud.es\/produit\/sirona-kit-rotatorio-estudiantes\/#primaryimage"},"image":{"@id":"https:\/\/yoestudiosalud.es\/produit\/sirona-kit-rotatorio-estudiantes\/#primaryimage"},"thumbnailUrl":"https:\/\/yoestudiosalud.es\/wp-content\/uploads\/2019\/06\/003254C.jpg","datePublished":"2019-06-25T16:16:22+00:00","dateModified":"2025-06-25T21:05:26+00:00","description":"Le Sirona T3 Racer est un kit rotatif de base pour les \u00e9tudiants en m\u00e9decine dentaire. Il comprend toutes les pi\u00e8ces dont l'\u00e9tudiant aura besoin.","breadcrumb":{"@id":"https:\/\/yoestudiosalud.es\/produit\/sirona-kit-rotatorio-estudiantes\/#breadcrumb"},"inLanguage":"fr-FR","potentialAction":[{"@type":"ReadAction","target":["https:\/\/yoestudiosalud.es\/produit\/sirona-kit-rotatorio-estudiantes\/"]}]},{"@type":"ImageObject","inLanguage":"fr-FR","@id":"https:\/\/yoestudiosalud.es\/produit\/sirona-kit-rotatorio-estudiantes\/#primaryimage","url":"https:\/\/yoestudiosalud.es\/wp-content\/uploads\/2019\/06\/003254C.jpg","contentUrl":"https:\/\/yoestudiosalud.es\/wp-content\/uploads\/2019\/06\/003254C.jpg","width":650,"height":650,"caption":"SIRONA ROTATIFS BASIC STUDENT"},{"@type":"BreadcrumbList","@id":"https:\/\/yoestudiosalud.es\/produit\/sirona-kit-rotatorio-estudiantes\/#breadcrumb","itemListElement":[{"@type":"ListItem","position":1,"name":"Portada","item":"https:\/\/yoestudiosalud.es\/fr\/"},{"@type":"ListItem","position":2,"name":"Boutique","item":"https:\/\/yoestudiosalud.es\/fr\/boutique\/"},{"@type":"ListItem","position":3,"name":"SIRONA ROTATIFS BASIC STUDENT"}]},{"@type":"WebSite","@id":"https:\/\/yoestudiosalud.es\/en\/#website","url":"https:\/\/yoestudiosalud.es\/en\/","name":"yoestudiosalud.es","description":"Material para estudiantes del sector salud","publisher":{"@id":"https:\/\/yoestudiosalud.es\/en\/#organization"},"potentialAction":[{"@type":"SearchAction","target":{"@type":"EntryPoint","urlTemplate":"https:\/\/yoestudiosalud.es\/en\/?s={search_term_string}"},"query-input":{"@type":"PropertyValueSpecification","valueRequired":true,"valueName":"search_term_string"}}],"inLanguage":"fr-FR"},{"@type":"Organization","@id":"https:\/\/yoestudiosalud.es\/en\/#organization","name":"yoestudiosalud.es","url":"https:\/\/yoestudiosalud.es\/en\/","logo":{"@type":"ImageObject","inLanguage":"fr-FR","@id":"https:\/\/yoestudiosalud.es\/en\/#\/schema\/logo\/image\/","url":"https:\/\/yoestudiosalud.es\/wp-content\/uploads\/2020\/04\/logonew-e1698080827687.png","contentUrl":"https:\/\/yoestudiosalud.es\/wp-content\/uploads\/2020\/04\/logonew-e1698080827687.png","width":421,"height":393,"caption":"yoestudiosalud.es"},"image":{"@id":"https:\/\/yoestudiosalud.es\/en\/#\/schema\/logo\/image\/"}}]}},"_links":{"self":[{"href":"https:\/\/yoestudiosalud.es\/fr\/wp-json\/wp\/v2\/product\/28883","targetHints":{"allow":["GET"]}}],"collection":[{"href":"https:\/\/yoestudiosalud.es\/fr\/wp-json\/wp\/v2\/product"}],"about":[{"href":"https:\/\/yoestudiosalud.es\/fr\/wp-json\/wp\/v2\/types\/product"}],"wp:featuredmedia":[{"embeddable":true,"href":"https:\/\/yoestudiosalud.es\/fr\/wp-json\/wp\/v2\/media\/28886"}],"wp:attachment":[{"href":"https:\/\/yoestudiosalud.es\/fr\/wp-json\/wp\/v2\/media?parent=28883"}],"wp:term":[{"taxonomy":"product_brand","embeddable":true,"href":"https:\/\/yoestudiosalud.es\/fr\/wp-json\/wp\/v2\/product_brand?post=28883"},{"taxonomy":"product_cat","embeddable":true,"href":"https:\/\/yoestudiosalud.es\/fr\/wp-json\/wp\/v2\/product_cat?post=28883"},{"taxonomy":"product_tag","embeddable":true,"href":"https:\/\/yoestudiosalud.es\/fr\/wp-json\/wp\/v2\/product_tag?post=28883"}],"curies":[{"name":"wp","href":"https:\/\/api.w.org\/{rel}","templated":true}]}}