{"id":28870,"date":"2019-06-25T13:53:57","date_gmt":"2019-06-25T13:53:57","guid":{"rendered":"https:\/\/yoestudiosalud.es\/producto\/pinceaux-4\/"},"modified":"2025-02-01T15:46:09","modified_gmt":"2025-02-01T15:46:09","slug":"pinceaux-4","status":"publish","type":"product","link":"https:\/\/yoestudiosalud.es\/fr\/produit\/pinceaux-4\/","title":{"rendered":"PINCEAUX #4"},"content":{"rendered":"<p>Brosse \u00e0 bout moyen m\u00e9trique #4 avec des poils r\u00e9sistants.<\/p>\n<p>produit fabriqu\u00e9 par Liderpapel.<\/p>\n","protected":false},"excerpt":{"rendered":"<p>Brosse \u00e0 bout moyen m\u00e9trique #4 avec des poils r\u00e9sistants.<\/p>\n","protected":false},"featured_media":28871,"template":"","meta":[],"product_brand":[],"product_cat":[669],"product_tag":[687,699,706,928],"class_list":{"0":"post-28870","1":"product","2":"type-product","3":"status-publish","4":"has-post-thumbnail","6":"product_cat-general-fr","7":"product_tag-uem2-fr","8":"product_tag-ceu4","9":"product_tag-ucm2-fr","10":"product_tag-ceuelche4","11":"pa_formacion-odontologia-fr","13":"first","14":"instock","15":"taxable","16":"shipping-taxable","17":"purchasable","18":"product-type-simple"},"yoast_head":"<!-- This site is optimized with the Yoast SEO Premium plugin v27.0 (Yoast SEO v27.2) - https:\/\/yoast.com\/product\/yoast-seo-premium-wordpress\/ -->\n<title>PINCEAUX #4 - yoestudiosalud.es El dep\u00f3sito dental del estudiante<\/title>\n<meta name=\"description\" content=\"Brosse \u00e0 bout moyen m\u00e9trique #4 avec des poils r\u00e9sistants.\" \/>\n<meta name=\"robots\" content=\"index, follow, max-snippet:-1, max-image-preview:large, max-video-preview:-1\" \/>\n<link rel=\"canonical\" href=\"https:\/\/yoestudiosalud.es\/produit\/pincel-4\/\" \/>\n<meta property=\"og:locale\" content=\"fr_FR\" \/>\n<meta property=\"og:type\" content=\"article\" \/>\n<meta property=\"og:title\" content=\"PINCEAUX #4\" \/>\n<meta property=\"og:description\" content=\"Brosse \u00e0 bout moyen m\u00e9trique #4 avec des poils r\u00e9sistants.\" \/>\n<meta property=\"og:url\" content=\"https:\/\/yoestudiosalud.es\/produit\/pincel-4\/\" \/>\n<meta property=\"og:site_name\" content=\"yoestudiosalud.es\" \/>\n<meta property=\"article:modified_time\" content=\"2025-02-01T15:46:09+00:00\" \/>\n<meta property=\"og:image\" content=\"https:\/\/yoestudiosalud.es\/wp-content\/uploads\/2019\/06\/003250.jpg\" \/>\n\t<meta property=\"og:image:width\" content=\"650\" \/>\n\t<meta property=\"og:image:height\" content=\"650\" \/>\n\t<meta property=\"og:image:type\" content=\"image\/jpeg\" \/>\n<meta name=\"twitter:card\" content=\"summary_large_image\" \/>\n<script type=\"application\/ld+json\" class=\"yoast-schema-graph\">{\"@context\":\"https:\/\/schema.org\",\"@graph\":[{\"@type\":\"WebPage\",\"@id\":\"https:\/\/yoestudiosalud.es\/produit\/pincel-4\/\",\"url\":\"https:\/\/yoestudiosalud.es\/produit\/pincel-4\/\",\"name\":\"PINCEAUX #4 - yoestudiosalud.es El dep\u00f3sito dental del estudiante\",\"isPartOf\":{\"@id\":\"https:\/\/yoestudiosalud.es\/en\/#website\"},\"primaryImageOfPage\":{\"@id\":\"https:\/\/yoestudiosalud.es\/produit\/pincel-4\/#primaryimage\"},\"image\":{\"@id\":\"https:\/\/yoestudiosalud.es\/produit\/pincel-4\/#primaryimage\"},\"thumbnailUrl\":\"https:\/\/yoestudiosalud.es\/wp-content\/uploads\/2019\/06\/003250.jpg\",\"datePublished\":\"2019-06-25T13:53:57+00:00\",\"dateModified\":\"2025-02-01T15:46:09+00:00\",\"description\":\"Brosse \u00e0 bout moyen m\u00e9trique #4 avec des poils r\u00e9sistants.\",\"breadcrumb\":{\"@id\":\"https:\/\/yoestudiosalud.es\/produit\/pincel-4\/#breadcrumb\"},\"inLanguage\":\"fr-FR\",\"potentialAction\":[{\"@type\":\"ReadAction\",\"target\":[\"https:\/\/yoestudiosalud.es\/produit\/pincel-4\/\"]}]},{\"@type\":\"ImageObject\",\"inLanguage\":\"fr-FR\",\"@id\":\"https:\/\/yoestudiosalud.es\/produit\/pincel-4\/#primaryimage\",\"url\":\"https:\/\/yoestudiosalud.es\/wp-content\/uploads\/2019\/06\/003250.jpg\",\"contentUrl\":\"https:\/\/yoestudiosalud.es\/wp-content\/uploads\/2019\/06\/003250.jpg\",\"width\":650,\"height\":650,\"caption\":\"PINCEAUX #4\"},{\"@type\":\"BreadcrumbList\",\"@id\":\"https:\/\/yoestudiosalud.es\/produit\/pincel-4\/#breadcrumb\",\"itemListElement\":[{\"@type\":\"ListItem\",\"position\":1,\"name\":\"Portada\",\"item\":\"https:\/\/yoestudiosalud.es\/fr\/\"},{\"@type\":\"ListItem\",\"position\":2,\"name\":\"Boutique\",\"item\":\"https:\/\/yoestudiosalud.es\/fr\/boutique\/\"},{\"@type\":\"ListItem\",\"position\":3,\"name\":\"PINCEAUX #4\"}]},{\"@type\":\"WebSite\",\"@id\":\"https:\/\/yoestudiosalud.es\/en\/#website\",\"url\":\"https:\/\/yoestudiosalud.es\/en\/\",\"name\":\"yoestudiosalud.es\",\"description\":\"Material para estudiantes del sector salud\",\"publisher\":{\"@id\":\"https:\/\/yoestudiosalud.es\/en\/#organization\"},\"potentialAction\":[{\"@type\":\"SearchAction\",\"target\":{\"@type\":\"EntryPoint\",\"urlTemplate\":\"https:\/\/yoestudiosalud.es\/en\/?s={search_term_string}\"},\"query-input\":{\"@type\":\"PropertyValueSpecification\",\"valueRequired\":true,\"valueName\":\"search_term_string\"}}],\"inLanguage\":\"fr-FR\"},{\"@type\":\"Organization\",\"@id\":\"https:\/\/yoestudiosalud.es\/en\/#organization\",\"name\":\"yoestudiosalud.es\",\"url\":\"https:\/\/yoestudiosalud.es\/en\/\",\"logo\":{\"@type\":\"ImageObject\",\"inLanguage\":\"fr-FR\",\"@id\":\"https:\/\/yoestudiosalud.es\/en\/#\/schema\/logo\/image\/\",\"url\":\"https:\/\/yoestudiosalud.es\/wp-content\/uploads\/2020\/04\/logonew-e1698080827687.png\",\"contentUrl\":\"https:\/\/yoestudiosalud.es\/wp-content\/uploads\/2020\/04\/logonew-e1698080827687.png\",\"width\":421,\"height\":393,\"caption\":\"yoestudiosalud.es\"},\"image\":{\"@id\":\"https:\/\/yoestudiosalud.es\/en\/#\/schema\/logo\/image\/\"}}]}<\/script>\n<!-- \/ Yoast SEO Premium plugin. -->","yoast_head_json":{"title":"PINCEAUX #4 - yoestudiosalud.es El dep\u00f3sito dental del estudiante","description":"Brosse \u00e0 bout moyen m\u00e9trique #4 avec des poils r\u00e9sistants.","robots":{"index":"index","follow":"follow","max-snippet":"max-snippet:-1","max-image-preview":"max-image-preview:large","max-video-preview":"max-video-preview:-1"},"canonical":"https:\/\/yoestudiosalud.es\/produit\/pincel-4\/","og_locale":"fr_FR","og_type":"article","og_title":"PINCEAUX #4","og_description":"Brosse \u00e0 bout moyen m\u00e9trique #4 avec des poils r\u00e9sistants.","og_url":"https:\/\/yoestudiosalud.es\/produit\/pincel-4\/","og_site_name":"yoestudiosalud.es","article_modified_time":"2025-02-01T15:46:09+00:00","og_image":[{"width":650,"height":650,"url":"https:\/\/yoestudiosalud.es\/wp-content\/uploads\/2019\/06\/003250.jpg","type":"image\/jpeg"}],"twitter_card":"summary_large_image","schema":{"@context":"https:\/\/schema.org","@graph":[{"@type":"WebPage","@id":"https:\/\/yoestudiosalud.es\/produit\/pincel-4\/","url":"https:\/\/yoestudiosalud.es\/produit\/pincel-4\/","name":"PINCEAUX #4 - yoestudiosalud.es El dep\u00f3sito dental del estudiante","isPartOf":{"@id":"https:\/\/yoestudiosalud.es\/en\/#website"},"primaryImageOfPage":{"@id":"https:\/\/yoestudiosalud.es\/produit\/pincel-4\/#primaryimage"},"image":{"@id":"https:\/\/yoestudiosalud.es\/produit\/pincel-4\/#primaryimage"},"thumbnailUrl":"https:\/\/yoestudiosalud.es\/wp-content\/uploads\/2019\/06\/003250.jpg","datePublished":"2019-06-25T13:53:57+00:00","dateModified":"2025-02-01T15:46:09+00:00","description":"Brosse \u00e0 bout moyen m\u00e9trique #4 avec des poils r\u00e9sistants.","breadcrumb":{"@id":"https:\/\/yoestudiosalud.es\/produit\/pincel-4\/#breadcrumb"},"inLanguage":"fr-FR","potentialAction":[{"@type":"ReadAction","target":["https:\/\/yoestudiosalud.es\/produit\/pincel-4\/"]}]},{"@type":"ImageObject","inLanguage":"fr-FR","@id":"https:\/\/yoestudiosalud.es\/produit\/pincel-4\/#primaryimage","url":"https:\/\/yoestudiosalud.es\/wp-content\/uploads\/2019\/06\/003250.jpg","contentUrl":"https:\/\/yoestudiosalud.es\/wp-content\/uploads\/2019\/06\/003250.jpg","width":650,"height":650,"caption":"PINCEAUX #4"},{"@type":"BreadcrumbList","@id":"https:\/\/yoestudiosalud.es\/produit\/pincel-4\/#breadcrumb","itemListElement":[{"@type":"ListItem","position":1,"name":"Portada","item":"https:\/\/yoestudiosalud.es\/fr\/"},{"@type":"ListItem","position":2,"name":"Boutique","item":"https:\/\/yoestudiosalud.es\/fr\/boutique\/"},{"@type":"ListItem","position":3,"name":"PINCEAUX #4"}]},{"@type":"WebSite","@id":"https:\/\/yoestudiosalud.es\/en\/#website","url":"https:\/\/yoestudiosalud.es\/en\/","name":"yoestudiosalud.es","description":"Material para estudiantes del sector salud","publisher":{"@id":"https:\/\/yoestudiosalud.es\/en\/#organization"},"potentialAction":[{"@type":"SearchAction","target":{"@type":"EntryPoint","urlTemplate":"https:\/\/yoestudiosalud.es\/en\/?s={search_term_string}"},"query-input":{"@type":"PropertyValueSpecification","valueRequired":true,"valueName":"search_term_string"}}],"inLanguage":"fr-FR"},{"@type":"Organization","@id":"https:\/\/yoestudiosalud.es\/en\/#organization","name":"yoestudiosalud.es","url":"https:\/\/yoestudiosalud.es\/en\/","logo":{"@type":"ImageObject","inLanguage":"fr-FR","@id":"https:\/\/yoestudiosalud.es\/en\/#\/schema\/logo\/image\/","url":"https:\/\/yoestudiosalud.es\/wp-content\/uploads\/2020\/04\/logonew-e1698080827687.png","contentUrl":"https:\/\/yoestudiosalud.es\/wp-content\/uploads\/2020\/04\/logonew-e1698080827687.png","width":421,"height":393,"caption":"yoestudiosalud.es"},"image":{"@id":"https:\/\/yoestudiosalud.es\/en\/#\/schema\/logo\/image\/"}}]}},"_links":{"self":[{"href":"https:\/\/yoestudiosalud.es\/fr\/wp-json\/wp\/v2\/product\/28870","targetHints":{"allow":["GET"]}}],"collection":[{"href":"https:\/\/yoestudiosalud.es\/fr\/wp-json\/wp\/v2\/product"}],"about":[{"href":"https:\/\/yoestudiosalud.es\/fr\/wp-json\/wp\/v2\/types\/product"}],"wp:featuredmedia":[{"embeddable":true,"href":"https:\/\/yoestudiosalud.es\/fr\/wp-json\/wp\/v2\/media\/28871"}],"wp:attachment":[{"href":"https:\/\/yoestudiosalud.es\/fr\/wp-json\/wp\/v2\/media?parent=28870"}],"wp:term":[{"taxonomy":"product_brand","embeddable":true,"href":"https:\/\/yoestudiosalud.es\/fr\/wp-json\/wp\/v2\/product_brand?post=28870"},{"taxonomy":"product_cat","embeddable":true,"href":"https:\/\/yoestudiosalud.es\/fr\/wp-json\/wp\/v2\/product_cat?post=28870"},{"taxonomy":"product_tag","embeddable":true,"href":"https:\/\/yoestudiosalud.es\/fr\/wp-json\/wp\/v2\/product_tag?post=28870"}],"curies":[{"name":"wp","href":"https:\/\/api.w.org\/{rel}","templated":true}]}}