{"id":28864,"date":"2019-06-21T12:34:59","date_gmt":"2019-06-21T12:34:59","guid":{"rendered":"https:\/\/yoestudiosalud.es\/producto\/tensiometre-omronm3\/"},"modified":"2019-06-21T12:34:59","modified_gmt":"2019-06-21T12:34:59","slug":"tensiometre-omronm3","status":"publish","type":"product","link":"https:\/\/yoestudiosalud.es\/fr\/produit\/tensiometre-omronm3\/","title":{"rendered":"TENSIOM\u00c8TRE OMRON<br>M3"},"content":{"rendered":"<p>Le tensiom\u00e8tre num\u00e9rique OMRON M3 pour la partie sup\u00e9rieure du bras est con\u00e7u pour mesurer la tension art\u00e9rielle et le pouls, principalement dans un environnement domestique, et son fonctionnement est bas\u00e9 sur le principe de l&#8217;oscillom\u00e9trie. Il s&#8217;agit d&#8217;un tensiom\u00e8tre automatique, bas\u00e9 sur la technologie intellisense pour un gonflage rapide, pratique et indolore. Il s&#8217;agit d&#8217;un mod\u00e8le \u00e9conomique et compact qui peut \u00eatre aliment\u00e9 par des piles ou directement par l&#8217;\u00e9lectricit\u00e9 gr\u00e2ce \u00e0 des accessoires optionnels. Il s&#8217;agit d&#8217;un instrument valid\u00e9 cliniquement selon les protocoles internationaux. Il comprend un brassard adulte pour une taille de bras de 22 \u00e0 42 cm. Il dispose d&#8217;un grand \u00e9cran affichant simultan\u00e9ment les valeurs de diastole et de systole. Ce tensiom\u00e8tre \u00e9lectronique pour bras, mod\u00e8le OMRON M3 (HEM-7154-E) est l&#8217;un des plus vendus en Europe.<\/p>\n<p><strong>Caract\u00e9ristiques techniques du <a href=\"https:\/\/yoestudiosalud.es\/sin-categorizar\/historia-funcionamiento-y-uso-del-tensiometro\/\">tensiom\u00e8tre<\/a> OMRON M3<\/strong><\/p>\n<ul>\n<li>Indicateur LED pour l&#8217;hypertension et le r\u00e9glage correct du brassard.<\/li>\n<li>D\u00e9tecteur d&#8217;arythmie et de mouvements du corps.<\/li>\n<li>2 utilisateurs avec 60 m\u00e9moires par utilisateur et moyenne des trois derni\u00e8res mesures.<\/li>\n<li>Alimentation par 4 piles AA de 1,5 V avec possibilit\u00e9 d&#8217;utiliser un adaptateur de courant (en option).<\/li>\n<li>Plage de mesure : pression : 0 \u00e0 299 mmHg ; pouls : 40 \u00e0 180 battements\/min.<\/li>\n<li>Pr\u00e9cision : pression : \u00b13 mmHg ; pouls : \u00b15% de la valeur affich\u00e9e.<\/li>\n<li>D\u00e9gonflage : valve de d\u00e9compression automatique.<\/li>\n<li>Dur\u00e9e de vie des piles : environ 1 000 mesures (avec des piles alcalines neuves).<\/li>\n<li>Temp\u00e9rature de fonctionnement\/humidit\u00e9 : +10 \u00e0 +40\u00b0 C \/ 30 \u00e0 85% d&#8217;humidit\u00e9 relative.<\/li>\n<li>Temp\u00e9rature de stockage\/humidit\u00e9\/pression atmosph\u00e9rique : -20 \u00e0 +60\u00b0 C \/ 10 \u00e0 95% d&#8217;humidit\u00e9 relative \/ 700 \u00e0 1060 hPa.<\/li>\n<li>Indice de protection : IP 20<\/li>\n<li>Poids Moniteur : environ 280 g sans les piles<\/li>\n<li>Poids Brassard : environ 170 g<\/li>\n<li>Dimensions ext\u00e9rieures Moniteur : environ 107 (L) mm x 79 (H) mm x 141 (P) mm<\/li>\n<li>Dimensions ext\u00e9rieures du brassard : environ 145 mm x 594 mm<\/li>\n<li>Tour de bras pr\u00e9form\u00e9 : de 22 \u00e0 42 cm<\/li>\n<li>Mat\u00e9riau du brassard\/du tube : nylon, polyester, chlorure de polyvinyle<\/li>\n<li>Contenu de l&#8217;emballage : moniteur, brassard universel, mode d&#8217;emploi, \u00e9tui de protection, batterie, diagramme de tension art\u00e9rielle.<\/li>\n<li>Cet appareil est conforme aux dispositions de la directive europ\u00e9enne 93\/42\/CEE (directive sur les dispositifs m\u00e9dicaux).<\/li>\n<\/ul>\n<p><strong>Recommandations pour l&#8217;utilisation du tensiom\u00e8tre OMRON M3<\/strong><\/p>\n<ul>\n<li>Lisez attentivement le mode d&#8217;emploi du tensiom\u00e8tre Omron.<\/li>\n<li>Prenez la mesure dans un endroit calme et restez assis dans une position d\u00e9tendue, droite et avec le dos bien droit.<\/li>\n<li>La chaise et la surface de la table doivent \u00eatre distantes de 25 \u00e0 30 cm.<\/li>\n<li>Retirez tout v\u00eatement qui appuie sur la partie sup\u00e9rieure de votre bras et tout v\u00eatement \u00e9pais tel qu&#8217;un pull-over. Ne pas mettre le brassard par-dessus un v\u00eatement \u00e9pais et ne pas enrouler la manche de mani\u00e8re \u00e0 ce qu&#8217;elle soit serr\u00e9e autour du bras.<\/li>\n<li>Placez votre bras sur une table de mani\u00e8re \u00e0 ce que le brassard soit \u00e0 la m\u00eame hauteur que votre c\u0153ur.<\/li>\n<li>Veillez \u00e0 ce que la pi\u00e8ce ne soit ni trop chaude ni trop froide.<\/li>\n<li>Ne mangez pas, ne buvez pas d&#8217;alcool, ne fumez pas et ne faites pas d&#8217;exercice pendant au moins 30 minutes avant la mesure.<\/li>\n<li>Ne bougez pas et ne parlez pas pendant la prise de mesure.<\/li>\n<\/ul>\n<p><span class=\"wpex-responsive-media\"><iframe title=\"Gu\u00eda de uso del tensi\u00f3metro de brazo Omron M2\" src=\"https:\/\/www.youtube.com\/embed\/PAzx5UVNe1M?feature=oembed\" width=\"564\" height=\"317\" allowfullscreen=\"allowfullscreen\"><\/iframe><\/span><\/p>\n","protected":false},"excerpt":{"rendered":"<p><strong>Caract\u00e9ristiques techniques du <a href=\"https:\/\/yoestudiosalud.es\/sin-categorizar\/historia-funcionamiento-y-uso-del-tensiometro\/\">tensiom\u00e8tre<\/a> OMRON M3<\/strong><\/p>\n<ul>\n<li>Indicateur LED pour l&#8217;hypertension et le r\u00e9glage correct du brassard.<\/li>\n<li>D\u00e9tecteur d&#8217;arythmie et de mouvements du corps.<\/li>\n<li>2 utilisateurs avec 60 m\u00e9moires par utilisateur et moyenne des trois derni\u00e8res mesures.<\/li>\n<li>Alimentation par 4 piles AA de 1,5 V avec possibilit\u00e9 d&#8217;utiliser un adaptateur de courant (en option).<\/li>\n<li>Plage de mesure : pression : 0 \u00e0 299 mmHg ; pouls : 40 \u00e0 180 battements\/min.<\/li>\n<li>Pr\u00e9cision : pression : \u00b13 mmHg ; pouls : \u00b15% de la valeur affich\u00e9e.<\/li>\n<li>D\u00e9gonflage : valve de d\u00e9compression automatique.<\/li>\n<li>Dur\u00e9e de vie des piles : environ 1 000 mesures (avec des piles alcalines neuves).<\/li>\n<li>Temp\u00e9rature de fonctionnement\/humidit\u00e9 : +10 \u00e0 +40\u00b0 C \/ 30 \u00e0 85% d&#8217;humidit\u00e9 relative.<\/li>\n<li>Temp\u00e9rature de stockage\/humidit\u00e9\/pression atmosph\u00e9rique : -20 \u00e0 +60\u00b0 C \/ 10 \u00e0 95% d&#8217;humidit\u00e9 relative \/ 700 \u00e0 1060 hPa.<\/li>\n<li>Indice de protection : IP 20<\/li>\n<li>Poids Moniteur : environ 280 g sans les piles<\/li>\n<li>Poids Brassard : environ 170 g<\/li>\n<li>Dimensions ext\u00e9rieures Moniteur : environ 107 (L) mm x 79 (H) mm x 141 (P) mm<\/li>\n<li>Dimensions ext\u00e9rieures du brassard : environ 145 mm x 594 mm<\/li>\n<li>Tour de bras pr\u00e9form\u00e9 : de 22 \u00e0 42 cm<\/li>\n<li>Mat\u00e9riau du brassard\/du tube : nylon, polyester, chlorure de polyvinyle<\/li>\n<li>Contenu de l&#8217;emballage : moniteur, brassard universel, mode d&#8217;emploi, \u00e9tui de protection, batterie, diagramme de tension art\u00e9rielle.<\/li>\n<li>Cet appareil est conforme aux dispositions de la directive europ\u00e9enne 93\/42\/CEE (directive sur les dispositifs m\u00e9dicaux).<\/li>\n<\/ul>\n","protected":false},"featured_media":28865,"template":"","meta":[],"product_brand":[],"product_cat":[723],"product_tag":[],"class_list":{"0":"post-28864","1":"product","2":"type-product","3":"status-publish","4":"has-post-thumbnail","6":"product_cat-equipmentm-fr","7":"pa_formacion-medicina-fr","9":"first","10":"onbackorder","11":"sale","12":"taxable","13":"shipping-taxable","14":"purchasable","15":"product-type-simple"},"yoast_head":"<!-- This site is optimized with the Yoast SEO Premium plugin v27.0 (Yoast SEO v27.2) - https:\/\/yoast.com\/product\/yoast-seo-premium-wordpress\/ -->\n<title>TENSIOM\u00c8TRE OMRONM3 - yoestudiosalud.es tu dep\u00f3sito de la salud<\/title>\n<meta name=\"description\" content=\"Le tensiom\u00e8tre num\u00e9rique OMRON M3 pour la partie sup\u00e9rieure du bras est con\u00e7u pour mesurer la tension art\u00e9rielle et le pouls, principalement dans un environnement domestique, et son fonctionnement est bas\u00e9 sur le principe de l&#039;oscillom\u00e9trie.\" \/>\n<meta name=\"robots\" content=\"index, follow, max-snippet:-1, max-image-preview:large, max-video-preview:-1\" \/>\n<link rel=\"canonical\" href=\"https:\/\/yoestudiosalud.es\/produit\/tensiometro-omron-m3\/\" \/>\n<meta property=\"og:locale\" content=\"fr_FR\" \/>\n<meta property=\"og:type\" content=\"article\" \/>\n<meta property=\"og:title\" content=\"TENSIOM\u00c8TRE OMRONM3\" \/>\n<meta property=\"og:description\" content=\"Le tensiom\u00e8tre num\u00e9rique OMRON M3 pour la partie sup\u00e9rieure du bras est con\u00e7u pour mesurer la tension art\u00e9rielle et le pouls, principalement dans un environnement domestique, et son fonctionnement est bas\u00e9 sur le principe de l&#039;oscillom\u00e9trie.\" \/>\n<meta property=\"og:url\" content=\"https:\/\/yoestudiosalud.es\/produit\/tensiometro-omron-m3\/\" \/>\n<meta property=\"og:site_name\" content=\"yoestudiosalud.es\" \/>\n<meta property=\"og:image\" content=\"https:\/\/yoestudiosalud.es\/wp-content\/uploads\/2019\/06\/002737B.jpg\" \/>\n\t<meta property=\"og:image:width\" content=\"650\" \/>\n\t<meta property=\"og:image:height\" content=\"650\" \/>\n\t<meta property=\"og:image:type\" content=\"image\/jpeg\" \/>\n<meta name=\"twitter:card\" content=\"summary_large_image\" \/>\n<meta name=\"twitter:label1\" content=\"Dur\u00e9e de lecture estim\u00e9e\" \/>\n\t<meta name=\"twitter:data1\" content=\"3 minutes\" \/>\n<script type=\"application\/ld+json\" class=\"yoast-schema-graph\">{\"@context\":\"https:\/\/schema.org\",\"@graph\":[{\"@type\":\"WebPage\",\"@id\":\"https:\/\/yoestudiosalud.es\/produit\/tensiometro-omron-m3\/\",\"url\":\"https:\/\/yoestudiosalud.es\/produit\/tensiometro-omron-m3\/\",\"name\":\"TENSIOM\u00c8TRE OMRON M3 - yoestudiosalud.es tu dep\u00f3sito de la salud\",\"isPartOf\":{\"@id\":\"https:\/\/yoestudiosalud.es\/en\/#website\"},\"primaryImageOfPage\":{\"@id\":\"https:\/\/yoestudiosalud.es\/produit\/tensiometro-omron-m3\/#primaryimage\"},\"image\":{\"@id\":\"https:\/\/yoestudiosalud.es\/produit\/tensiometro-omron-m3\/#primaryimage\"},\"thumbnailUrl\":\"https:\/\/yoestudiosalud.es\/wp-content\/uploads\/2019\/06\/002737B.jpg\",\"datePublished\":\"2019-06-21T12:34:59+00:00\",\"description\":\"Le tensiom\u00e8tre num\u00e9rique OMRON M3 pour la partie sup\u00e9rieure du bras est con\u00e7u pour mesurer la tension art\u00e9rielle et le pouls, principalement dans un environnement domestique, et son fonctionnement est bas\u00e9 sur le principe de l'oscillom\u00e9trie.\",\"breadcrumb\":{\"@id\":\"https:\/\/yoestudiosalud.es\/produit\/tensiometro-omron-m3\/#breadcrumb\"},\"inLanguage\":\"fr-FR\",\"potentialAction\":[{\"@type\":\"ReadAction\",\"target\":[\"https:\/\/yoestudiosalud.es\/produit\/tensiometro-omron-m3\/\"]}]},{\"@type\":\"ImageObject\",\"inLanguage\":\"fr-FR\",\"@id\":\"https:\/\/yoestudiosalud.es\/produit\/tensiometro-omron-m3\/#primaryimage\",\"url\":\"https:\/\/yoestudiosalud.es\/wp-content\/uploads\/2019\/06\/002737B.jpg\",\"contentUrl\":\"https:\/\/yoestudiosalud.es\/wp-content\/uploads\/2019\/06\/002737B.jpg\",\"width\":650,\"height\":650,\"caption\":\"TENSIOM\u00c8TRE OMRON M3\"},{\"@type\":\"BreadcrumbList\",\"@id\":\"https:\/\/yoestudiosalud.es\/produit\/tensiometro-omron-m3\/#breadcrumb\",\"itemListElement\":[{\"@type\":\"ListItem\",\"position\":1,\"name\":\"Portada\",\"item\":\"https:\/\/yoestudiosalud.es\/fr\/\"},{\"@type\":\"ListItem\",\"position\":2,\"name\":\"Boutique\",\"item\":\"https:\/\/yoestudiosalud.es\/fr\/boutique\/\"},{\"@type\":\"ListItem\",\"position\":3,\"name\":\"TENSIOM\u00c8TRE OMRONM3\"}]},{\"@type\":\"WebSite\",\"@id\":\"https:\/\/yoestudiosalud.es\/en\/#website\",\"url\":\"https:\/\/yoestudiosalud.es\/en\/\",\"name\":\"yoestudiosalud.es\",\"description\":\"Material para estudiantes del sector salud\",\"publisher\":{\"@id\":\"https:\/\/yoestudiosalud.es\/en\/#organization\"},\"potentialAction\":[{\"@type\":\"SearchAction\",\"target\":{\"@type\":\"EntryPoint\",\"urlTemplate\":\"https:\/\/yoestudiosalud.es\/en\/?s={search_term_string}\"},\"query-input\":{\"@type\":\"PropertyValueSpecification\",\"valueRequired\":true,\"valueName\":\"search_term_string\"}}],\"inLanguage\":\"fr-FR\"},{\"@type\":\"Organization\",\"@id\":\"https:\/\/yoestudiosalud.es\/en\/#organization\",\"name\":\"yoestudiosalud.es\",\"url\":\"https:\/\/yoestudiosalud.es\/en\/\",\"logo\":{\"@type\":\"ImageObject\",\"inLanguage\":\"fr-FR\",\"@id\":\"https:\/\/yoestudiosalud.es\/en\/#\/schema\/logo\/image\/\",\"url\":\"https:\/\/yoestudiosalud.es\/wp-content\/uploads\/2020\/04\/logonew-e1698080827687.png\",\"contentUrl\":\"https:\/\/yoestudiosalud.es\/wp-content\/uploads\/2020\/04\/logonew-e1698080827687.png\",\"width\":421,\"height\":393,\"caption\":\"yoestudiosalud.es\"},\"image\":{\"@id\":\"https:\/\/yoestudiosalud.es\/en\/#\/schema\/logo\/image\/\"}}]}<\/script>\n<!-- \/ Yoast SEO Premium plugin. -->","yoast_head_json":{"title":"TENSIOM\u00c8TRE OMRONM3 - yoestudiosalud.es tu dep\u00f3sito de la salud","description":"Le tensiom\u00e8tre num\u00e9rique OMRON M3 pour la partie sup\u00e9rieure du bras est con\u00e7u pour mesurer la tension art\u00e9rielle et le pouls, principalement dans un environnement domestique, et son fonctionnement est bas\u00e9 sur le principe de l'oscillom\u00e9trie.","robots":{"index":"index","follow":"follow","max-snippet":"max-snippet:-1","max-image-preview":"max-image-preview:large","max-video-preview":"max-video-preview:-1"},"canonical":"https:\/\/yoestudiosalud.es\/produit\/tensiometro-omron-m3\/","og_locale":"fr_FR","og_type":"article","og_title":"TENSIOM\u00c8TRE OMRONM3","og_description":"Le tensiom\u00e8tre num\u00e9rique OMRON M3 pour la partie sup\u00e9rieure du bras est con\u00e7u pour mesurer la tension art\u00e9rielle et le pouls, principalement dans un environnement domestique, et son fonctionnement est bas\u00e9 sur le principe de l'oscillom\u00e9trie.","og_url":"https:\/\/yoestudiosalud.es\/produit\/tensiometro-omron-m3\/","og_site_name":"yoestudiosalud.es","og_image":[{"width":650,"height":650,"url":"https:\/\/yoestudiosalud.es\/wp-content\/uploads\/2019\/06\/002737B.jpg","type":"image\/jpeg"}],"twitter_card":"summary_large_image","twitter_misc":{"Dur\u00e9e de lecture estim\u00e9e":"3 minutes"},"schema":{"@context":"https:\/\/schema.org","@graph":[{"@type":"WebPage","@id":"https:\/\/yoestudiosalud.es\/produit\/tensiometro-omron-m3\/","url":"https:\/\/yoestudiosalud.es\/produit\/tensiometro-omron-m3\/","name":"TENSIOM\u00c8TRE OMRON M3 - yoestudiosalud.es tu dep\u00f3sito de la salud","isPartOf":{"@id":"https:\/\/yoestudiosalud.es\/en\/#website"},"primaryImageOfPage":{"@id":"https:\/\/yoestudiosalud.es\/produit\/tensiometro-omron-m3\/#primaryimage"},"image":{"@id":"https:\/\/yoestudiosalud.es\/produit\/tensiometro-omron-m3\/#primaryimage"},"thumbnailUrl":"https:\/\/yoestudiosalud.es\/wp-content\/uploads\/2019\/06\/002737B.jpg","datePublished":"2019-06-21T12:34:59+00:00","description":"Le tensiom\u00e8tre num\u00e9rique OMRON M3 pour la partie sup\u00e9rieure du bras est con\u00e7u pour mesurer la tension art\u00e9rielle et le pouls, principalement dans un environnement domestique, et son fonctionnement est bas\u00e9 sur le principe de l'oscillom\u00e9trie.","breadcrumb":{"@id":"https:\/\/yoestudiosalud.es\/produit\/tensiometro-omron-m3\/#breadcrumb"},"inLanguage":"fr-FR","potentialAction":[{"@type":"ReadAction","target":["https:\/\/yoestudiosalud.es\/produit\/tensiometro-omron-m3\/"]}]},{"@type":"ImageObject","inLanguage":"fr-FR","@id":"https:\/\/yoestudiosalud.es\/produit\/tensiometro-omron-m3\/#primaryimage","url":"https:\/\/yoestudiosalud.es\/wp-content\/uploads\/2019\/06\/002737B.jpg","contentUrl":"https:\/\/yoestudiosalud.es\/wp-content\/uploads\/2019\/06\/002737B.jpg","width":650,"height":650,"caption":"TENSIOM\u00c8TRE OMRON M3"},{"@type":"BreadcrumbList","@id":"https:\/\/yoestudiosalud.es\/produit\/tensiometro-omron-m3\/#breadcrumb","itemListElement":[{"@type":"ListItem","position":1,"name":"Portada","item":"https:\/\/yoestudiosalud.es\/fr\/"},{"@type":"ListItem","position":2,"name":"Boutique","item":"https:\/\/yoestudiosalud.es\/fr\/boutique\/"},{"@type":"ListItem","position":3,"name":"TENSIOM\u00c8TRE OMRONM3"}]},{"@type":"WebSite","@id":"https:\/\/yoestudiosalud.es\/en\/#website","url":"https:\/\/yoestudiosalud.es\/en\/","name":"yoestudiosalud.es","description":"Material para estudiantes del sector salud","publisher":{"@id":"https:\/\/yoestudiosalud.es\/en\/#organization"},"potentialAction":[{"@type":"SearchAction","target":{"@type":"EntryPoint","urlTemplate":"https:\/\/yoestudiosalud.es\/en\/?s={search_term_string}"},"query-input":{"@type":"PropertyValueSpecification","valueRequired":true,"valueName":"search_term_string"}}],"inLanguage":"fr-FR"},{"@type":"Organization","@id":"https:\/\/yoestudiosalud.es\/en\/#organization","name":"yoestudiosalud.es","url":"https:\/\/yoestudiosalud.es\/en\/","logo":{"@type":"ImageObject","inLanguage":"fr-FR","@id":"https:\/\/yoestudiosalud.es\/en\/#\/schema\/logo\/image\/","url":"https:\/\/yoestudiosalud.es\/wp-content\/uploads\/2020\/04\/logonew-e1698080827687.png","contentUrl":"https:\/\/yoestudiosalud.es\/wp-content\/uploads\/2020\/04\/logonew-e1698080827687.png","width":421,"height":393,"caption":"yoestudiosalud.es"},"image":{"@id":"https:\/\/yoestudiosalud.es\/en\/#\/schema\/logo\/image\/"}}]}},"_links":{"self":[{"href":"https:\/\/yoestudiosalud.es\/fr\/wp-json\/wp\/v2\/product\/28864","targetHints":{"allow":["GET"]}}],"collection":[{"href":"https:\/\/yoestudiosalud.es\/fr\/wp-json\/wp\/v2\/product"}],"about":[{"href":"https:\/\/yoestudiosalud.es\/fr\/wp-json\/wp\/v2\/types\/product"}],"wp:featuredmedia":[{"embeddable":true,"href":"https:\/\/yoestudiosalud.es\/fr\/wp-json\/wp\/v2\/media\/28865"}],"wp:attachment":[{"href":"https:\/\/yoestudiosalud.es\/fr\/wp-json\/wp\/v2\/media?parent=28864"}],"wp:term":[{"taxonomy":"product_brand","embeddable":true,"href":"https:\/\/yoestudiosalud.es\/fr\/wp-json\/wp\/v2\/product_brand?post=28864"},{"taxonomy":"product_cat","embeddable":true,"href":"https:\/\/yoestudiosalud.es\/fr\/wp-json\/wp\/v2\/product_cat?post=28864"},{"taxonomy":"product_tag","embeddable":true,"href":"https:\/\/yoestudiosalud.es\/fr\/wp-json\/wp\/v2\/product_tag?post=28864"}],"curies":[{"name":"wp","href":"https:\/\/api.w.org\/{rel}","templated":true}]}}