{"id":28862,"date":"2019-06-21T12:13:51","date_gmt":"2019-06-21T12:13:51","guid":{"rendered":"https:\/\/yoestudiosalud.es\/producto\/tensiometre-omronm2-basic\/"},"modified":"2019-06-21T12:13:51","modified_gmt":"2019-06-21T12:13:51","slug":"tensiometre-omronm2-basic","status":"publish","type":"product","link":"https:\/\/yoestudiosalud.es\/fr\/produit\/tensiometre-omronm2-basic\/","title":{"rendered":"TENSIOM\u00c8TRE OMRON<br>M2 BASIC"},"content":{"rendered":"<p>Tensiom\u00e8tre num\u00e9rique automatique OMRON BASIC M2 pour la partie sup\u00e9rieure du bras. D\u00e9tecte les mouvements, les irr\u00e9gularit\u00e9s du pouls et les arythmies. Avec l&#8217;OMRON M2 Basic, vous pouvez d\u00e9sormais mesurer votre tension art\u00e9rielle confortablement, rapidement et avec pr\u00e9cision. Cet appareil est \u00e9quip\u00e9 de la technologie Intellisense, qui r\u00e9duit l&#8217;inconfort d\u00fb au gonflement excessif du brassard. Le M2 Basic peut \u00e9galement d\u00e9tecter les arythmies cardiaques lors de la mesure r\u00e9guli\u00e8re de la tension art\u00e9rielle.<\/p>\n<p><strong>Caract\u00e9ristiques techniques<\/strong><\/p>\n<ul>\n<li>Type d&#8217;appareil : Tensiom\u00e8tre pour le bras<\/li>\n<li>Type de brassard : Brassard moyen 22-32 cm<\/li>\n<li>M\u00e9moire : Derni\u00e8re mesure<\/li>\n<li>Guide de r\u00e9glage du brassard : Oui<\/li>\n<li>D\u00e9tection des battements arythmiques : Oui<\/li>\n<li>Validation : Validation clinique<\/li>\n<li>Technologie Intellisense : Oui<\/li>\n<li>Consommateur ou professionnel : Consommateur<\/li>\n<li>Poids (kg) : 0,25<\/li>\n<li>Dimensions de l&#8217;article (mm) : 112 x 140 x 82<\/li>\n<li>Contenu de la bo\u00eete<\/li>\n<li>Moniteur de tension art\u00e9rielle M2 Basic<\/li>\n<li>brassard<\/li>\n<li>4x piles \u00ab AA<\/li>\n<li>Manuel d&#8217;instruction 1 et 2<\/li>\n<\/ul>\n<div class=\"video-shortcode\"><iframe title=\"Gu\u00eda de uso del tensi\u00f3metro de brazo Omron M2\" width=\"1468\" height=\"826\" src=\"https:\/\/www.youtube.com\/embed\/PAzx5UVNe1M?feature=oembed\" frameborder=\"0\" allow=\"accelerometer; autoplay; clipboard-write; encrypted-media; gyroscope; picture-in-picture; web-share\" referrerpolicy=\"strict-origin-when-cross-origin\" allowfullscreen><\/iframe><\/div>\n","protected":false},"excerpt":{"rendered":"<p>Tensiom\u00e8tre num\u00e9rique automatique OMRON BASIC M2 pour la partie sup\u00e9rieure du bras, mod\u00e8le HEM-7121J-E.<\/p>\n<ul>\n<li>D\u00e9tecte les mouvements, les irr\u00e9gularit\u00e9s du pouls et les arythmies.<\/li>\n<li>Guide d&#8217;ajustement du brassard,<\/li>\n<li>La technologie Intellisense assure une lecture facile et pr\u00e9cise.<\/li>\n<li>Valid\u00e9 cliniquement<\/li>\n<\/ul>\n","protected":false},"featured_media":28863,"template":"","meta":[],"product_brand":[],"product_cat":[723],"product_tag":[],"class_list":{"0":"post-28862","1":"product","2":"type-product","3":"status-publish","4":"has-post-thumbnail","6":"product_cat-equipmentm-fr","7":"pa_formacion-medicina-fr","9":"first","10":"instock","11":"sale","12":"taxable","13":"shipping-taxable","14":"purchasable","15":"product-type-simple"},"yoast_head":"<!-- This site is optimized with the Yoast SEO Premium plugin v27.0 (Yoast SEO v27.2) - https:\/\/yoast.com\/product\/yoast-seo-premium-wordpress\/ -->\n<title>TENSIOM\u00c8TRE OMRONM2 BASIC - yoestudiosalud.es dep\u00f3sito m\u00e9dico<\/title>\n<meta name=\"description\" content=\"Tensiom\u00e8tre num\u00e9rique automatique OMRON BASIC M2 pour la partie sup\u00e9rieure du bras, mod\u00e8le HEM-7121J-E.\" \/>\n<meta name=\"robots\" content=\"index, follow, max-snippet:-1, max-image-preview:large, max-video-preview:-1\" \/>\n<link rel=\"canonical\" href=\"https:\/\/yoestudiosalud.es\/fr\/produit\/tensiometre-omronm2-basic\/\" \/>\n<meta property=\"og:locale\" content=\"fr_FR\" \/>\n<meta property=\"og:type\" content=\"article\" \/>\n<meta property=\"og:title\" content=\"TENSIOM\u00c8TRE OMRONM2 BASIC\" \/>\n<meta property=\"og:description\" content=\"Tensiom\u00e8tre num\u00e9rique automatique OMRON BASIC M2 pour la partie sup\u00e9rieure du bras, mod\u00e8le HEM-7121J-E.\" \/>\n<meta property=\"og:url\" content=\"https:\/\/yoestudiosalud.es\/fr\/produit\/tensiometre-omronm2-basic\/\" \/>\n<meta property=\"og:site_name\" content=\"yoestudiosalud.es\" \/>\n<meta property=\"og:image\" content=\"https:\/\/yoestudiosalud.es\/wp-content\/uploads\/2019\/06\/001629C.jpg\" \/>\n\t<meta property=\"og:image:width\" content=\"650\" \/>\n\t<meta property=\"og:image:height\" content=\"650\" \/>\n\t<meta property=\"og:image:type\" content=\"image\/jpeg\" \/>\n<meta name=\"twitter:card\" content=\"summary_large_image\" \/>\n<meta name=\"twitter:label1\" content=\"Dur\u00e9e de lecture estim\u00e9e\" \/>\n\t<meta name=\"twitter:data1\" content=\"1 minute\" \/>\n<script type=\"application\/ld+json\" class=\"yoast-schema-graph\">{\"@context\":\"https:\/\/schema.org\",\"@graph\":[{\"@type\":\"WebPage\",\"@id\":\"https:\/\/yoestudiosalud.es\/fr\/produit\/tensiometre-omronm2-basic\/\",\"url\":\"https:\/\/yoestudiosalud.es\/fr\/produit\/tensiometre-omronm2-basic\/\",\"name\":\"TENSIOM\u00c8TRE OMRON M2 BASIC - yoestudiosalud.es dep\u00f3sito m\u00e9dico\",\"isPartOf\":{\"@id\":\"https:\/\/yoestudiosalud.es\/en\/#website\"},\"primaryImageOfPage\":{\"@id\":\"https:\/\/yoestudiosalud.es\/fr\/produit\/tensiometre-omronm2-basic\/#primaryimage\"},\"image\":{\"@id\":\"https:\/\/yoestudiosalud.es\/fr\/produit\/tensiometre-omronm2-basic\/#primaryimage\"},\"thumbnailUrl\":\"https:\/\/yoestudiosalud.es\/wp-content\/uploads\/2019\/06\/001629C.jpg\",\"datePublished\":\"2019-06-21T12:13:51+00:00\",\"description\":\"Tensiom\u00e8tre num\u00e9rique automatique OMRON BASIC M2 pour la partie sup\u00e9rieure du bras, mod\u00e8le HEM-7121J-E.\",\"breadcrumb\":{\"@id\":\"https:\/\/yoestudiosalud.es\/fr\/produit\/tensiometre-omronm2-basic\/#breadcrumb\"},\"inLanguage\":\"fr-FR\",\"potentialAction\":[{\"@type\":\"ReadAction\",\"target\":[\"https:\/\/yoestudiosalud.es\/fr\/produit\/tensiometre-omronm2-basic\/\"]}]},{\"@type\":\"ImageObject\",\"inLanguage\":\"fr-FR\",\"@id\":\"https:\/\/yoestudiosalud.es\/fr\/produit\/tensiometre-omronm2-basic\/#primaryimage\",\"url\":\"https:\/\/yoestudiosalud.es\/wp-content\/uploads\/2019\/06\/001629C.jpg\",\"contentUrl\":\"https:\/\/yoestudiosalud.es\/wp-content\/uploads\/2019\/06\/001629C.jpg\",\"width\":650,\"height\":650,\"caption\":\"TENSIOM\u00c8TRE OMRON M2 BASIC\"},{\"@type\":\"BreadcrumbList\",\"@id\":\"https:\/\/yoestudiosalud.es\/fr\/produit\/tensiometre-omronm2-basic\/#breadcrumb\",\"itemListElement\":[{\"@type\":\"ListItem\",\"position\":1,\"name\":\"Portada\",\"item\":\"https:\/\/yoestudiosalud.es\/fr\/\"},{\"@type\":\"ListItem\",\"position\":2,\"name\":\"Boutique\",\"item\":\"https:\/\/yoestudiosalud.es\/fr\/boutique\/\"},{\"@type\":\"ListItem\",\"position\":3,\"name\":\"TENSIOM\u00c8TRE OMRONM2 BASIC\"}]},{\"@type\":\"WebSite\",\"@id\":\"https:\/\/yoestudiosalud.es\/en\/#website\",\"url\":\"https:\/\/yoestudiosalud.es\/en\/\",\"name\":\"yoestudiosalud.es\",\"description\":\"Material para estudiantes del sector salud\",\"publisher\":{\"@id\":\"https:\/\/yoestudiosalud.es\/en\/#organization\"},\"potentialAction\":[{\"@type\":\"SearchAction\",\"target\":{\"@type\":\"EntryPoint\",\"urlTemplate\":\"https:\/\/yoestudiosalud.es\/en\/?s={search_term_string}\"},\"query-input\":{\"@type\":\"PropertyValueSpecification\",\"valueRequired\":true,\"valueName\":\"search_term_string\"}}],\"inLanguage\":\"fr-FR\"},{\"@type\":\"Organization\",\"@id\":\"https:\/\/yoestudiosalud.es\/en\/#organization\",\"name\":\"yoestudiosalud.es\",\"url\":\"https:\/\/yoestudiosalud.es\/en\/\",\"logo\":{\"@type\":\"ImageObject\",\"inLanguage\":\"fr-FR\",\"@id\":\"https:\/\/yoestudiosalud.es\/en\/#\/schema\/logo\/image\/\",\"url\":\"https:\/\/yoestudiosalud.es\/wp-content\/uploads\/2020\/04\/logonew-e1698080827687.png\",\"contentUrl\":\"https:\/\/yoestudiosalud.es\/wp-content\/uploads\/2020\/04\/logonew-e1698080827687.png\",\"width\":421,\"height\":393,\"caption\":\"yoestudiosalud.es\"},\"image\":{\"@id\":\"https:\/\/yoestudiosalud.es\/en\/#\/schema\/logo\/image\/\"}}]}<\/script>\n<!-- \/ Yoast SEO Premium plugin. -->","yoast_head_json":{"title":"TENSIOM\u00c8TRE OMRONM2 BASIC - yoestudiosalud.es dep\u00f3sito m\u00e9dico","description":"Tensiom\u00e8tre num\u00e9rique automatique OMRON BASIC M2 pour la partie sup\u00e9rieure du bras, mod\u00e8le HEM-7121J-E.","robots":{"index":"index","follow":"follow","max-snippet":"max-snippet:-1","max-image-preview":"max-image-preview:large","max-video-preview":"max-video-preview:-1"},"canonical":"https:\/\/yoestudiosalud.es\/fr\/produit\/tensiometre-omronm2-basic\/","og_locale":"fr_FR","og_type":"article","og_title":"TENSIOM\u00c8TRE OMRONM2 BASIC","og_description":"Tensiom\u00e8tre num\u00e9rique automatique OMRON BASIC M2 pour la partie sup\u00e9rieure du bras, mod\u00e8le HEM-7121J-E.","og_url":"https:\/\/yoestudiosalud.es\/fr\/produit\/tensiometre-omronm2-basic\/","og_site_name":"yoestudiosalud.es","og_image":[{"width":650,"height":650,"url":"https:\/\/yoestudiosalud.es\/wp-content\/uploads\/2019\/06\/001629C.jpg","type":"image\/jpeg"}],"twitter_card":"summary_large_image","twitter_misc":{"Dur\u00e9e de lecture estim\u00e9e":"1 minute"},"schema":{"@context":"https:\/\/schema.org","@graph":[{"@type":"WebPage","@id":"https:\/\/yoestudiosalud.es\/fr\/produit\/tensiometre-omronm2-basic\/","url":"https:\/\/yoestudiosalud.es\/fr\/produit\/tensiometre-omronm2-basic\/","name":"TENSIOM\u00c8TRE OMRON M2 BASIC - yoestudiosalud.es dep\u00f3sito m\u00e9dico","isPartOf":{"@id":"https:\/\/yoestudiosalud.es\/en\/#website"},"primaryImageOfPage":{"@id":"https:\/\/yoestudiosalud.es\/fr\/produit\/tensiometre-omronm2-basic\/#primaryimage"},"image":{"@id":"https:\/\/yoestudiosalud.es\/fr\/produit\/tensiometre-omronm2-basic\/#primaryimage"},"thumbnailUrl":"https:\/\/yoestudiosalud.es\/wp-content\/uploads\/2019\/06\/001629C.jpg","datePublished":"2019-06-21T12:13:51+00:00","description":"Tensiom\u00e8tre num\u00e9rique automatique OMRON BASIC M2 pour la partie sup\u00e9rieure du bras, mod\u00e8le HEM-7121J-E.","breadcrumb":{"@id":"https:\/\/yoestudiosalud.es\/fr\/produit\/tensiometre-omronm2-basic\/#breadcrumb"},"inLanguage":"fr-FR","potentialAction":[{"@type":"ReadAction","target":["https:\/\/yoestudiosalud.es\/fr\/produit\/tensiometre-omronm2-basic\/"]}]},{"@type":"ImageObject","inLanguage":"fr-FR","@id":"https:\/\/yoestudiosalud.es\/fr\/produit\/tensiometre-omronm2-basic\/#primaryimage","url":"https:\/\/yoestudiosalud.es\/wp-content\/uploads\/2019\/06\/001629C.jpg","contentUrl":"https:\/\/yoestudiosalud.es\/wp-content\/uploads\/2019\/06\/001629C.jpg","width":650,"height":650,"caption":"TENSIOM\u00c8TRE OMRON M2 BASIC"},{"@type":"BreadcrumbList","@id":"https:\/\/yoestudiosalud.es\/fr\/produit\/tensiometre-omronm2-basic\/#breadcrumb","itemListElement":[{"@type":"ListItem","position":1,"name":"Portada","item":"https:\/\/yoestudiosalud.es\/fr\/"},{"@type":"ListItem","position":2,"name":"Boutique","item":"https:\/\/yoestudiosalud.es\/fr\/boutique\/"},{"@type":"ListItem","position":3,"name":"TENSIOM\u00c8TRE OMRONM2 BASIC"}]},{"@type":"WebSite","@id":"https:\/\/yoestudiosalud.es\/en\/#website","url":"https:\/\/yoestudiosalud.es\/en\/","name":"yoestudiosalud.es","description":"Material para estudiantes del sector salud","publisher":{"@id":"https:\/\/yoestudiosalud.es\/en\/#organization"},"potentialAction":[{"@type":"SearchAction","target":{"@type":"EntryPoint","urlTemplate":"https:\/\/yoestudiosalud.es\/en\/?s={search_term_string}"},"query-input":{"@type":"PropertyValueSpecification","valueRequired":true,"valueName":"search_term_string"}}],"inLanguage":"fr-FR"},{"@type":"Organization","@id":"https:\/\/yoestudiosalud.es\/en\/#organization","name":"yoestudiosalud.es","url":"https:\/\/yoestudiosalud.es\/en\/","logo":{"@type":"ImageObject","inLanguage":"fr-FR","@id":"https:\/\/yoestudiosalud.es\/en\/#\/schema\/logo\/image\/","url":"https:\/\/yoestudiosalud.es\/wp-content\/uploads\/2020\/04\/logonew-e1698080827687.png","contentUrl":"https:\/\/yoestudiosalud.es\/wp-content\/uploads\/2020\/04\/logonew-e1698080827687.png","width":421,"height":393,"caption":"yoestudiosalud.es"},"image":{"@id":"https:\/\/yoestudiosalud.es\/en\/#\/schema\/logo\/image\/"}}]}},"_links":{"self":[{"href":"https:\/\/yoestudiosalud.es\/fr\/wp-json\/wp\/v2\/product\/28862","targetHints":{"allow":["GET"]}}],"collection":[{"href":"https:\/\/yoestudiosalud.es\/fr\/wp-json\/wp\/v2\/product"}],"about":[{"href":"https:\/\/yoestudiosalud.es\/fr\/wp-json\/wp\/v2\/types\/product"}],"wp:featuredmedia":[{"embeddable":true,"href":"https:\/\/yoestudiosalud.es\/fr\/wp-json\/wp\/v2\/media\/28863"}],"wp:attachment":[{"href":"https:\/\/yoestudiosalud.es\/fr\/wp-json\/wp\/v2\/media?parent=28862"}],"wp:term":[{"taxonomy":"product_brand","embeddable":true,"href":"https:\/\/yoestudiosalud.es\/fr\/wp-json\/wp\/v2\/product_brand?post=28862"},{"taxonomy":"product_cat","embeddable":true,"href":"https:\/\/yoestudiosalud.es\/fr\/wp-json\/wp\/v2\/product_cat?post=28862"},{"taxonomy":"product_tag","embeddable":true,"href":"https:\/\/yoestudiosalud.es\/fr\/wp-json\/wp\/v2\/product_tag?post=28862"}],"curies":[{"name":"wp","href":"https:\/\/api.w.org\/{rel}","templated":true}]}}