{"id":28859,"date":"2019-06-20T19:35:56","date_gmt":"2019-06-20T19:35:56","guid":{"rendered":"https:\/\/yoestudiosalud.es\/producto\/piece-a-main-t3-eh40-sirona\/"},"modified":"2019-06-20T19:35:56","modified_gmt":"2019-06-20T19:35:56","slug":"piece-a-main-t3-eh40-sirona","status":"publish","type":"product","link":"https:\/\/yoestudiosalud.es\/fr\/produit\/piece-a-main-t3-eh40-sirona\/","title":{"rendered":"PI\u00c8CE \u00c0 MAIN T3-EH40 SIRONA"},"content":{"rendered":"<p>La pi\u00e8ce \u00e0 main Sirona T3-EH40 est l&#8217;instrument id\u00e9al pour la pr\u00e9paration et le travail des proth\u00e9sistes dentaires. Gr\u00e2ce \u00e0 son bo\u00eetier en titane, elle s&#8217;adapte \u00e0 la main de mani\u00e8re \u00e9quilibr\u00e9e et l\u00e9g\u00e8re, ce qui permet de travailler sans effort et d&#8217;am\u00e9liorer les r\u00e9sultats de la pr\u00e9paration. Multiplication\/r\u00e9duction : 1:1, Vitesse : ~40.000, Type de foret : \u00d82,35 HB\/WB<\/p>\n","protected":false},"excerpt":{"rendered":"<ul>\n<li>Excellente prise en main.<\/li>\n<li>Bo\u00eetier en titane.<\/li>\n<li>Multiplication\/r\u00e9duction : 1:1<\/li>\n<li>Vitesse : ~40.000 rpm<\/li>\n<li>Type de coupe : \u00d82.35 HB\/WB<\/li>\n<\/ul>\n","protected":false},"featured_media":28860,"template":"","meta":[],"product_brand":[],"product_cat":[713],"product_tag":[],"class_list":{"0":"post-28859","1":"product","2":"type-product","3":"status-publish","4":"has-post-thumbnail","6":"product_cat-rotatif-fr","7":"pa_formacion-odontologia-fr","9":"first","10":"onbackorder","11":"taxable","12":"shipping-taxable","13":"purchasable","14":"product-type-simple"},"yoast_head":"<!-- This site is optimized with the Yoast SEO Premium plugin v27.0 (Yoast SEO v27.2) - https:\/\/yoast.com\/product\/yoast-seo-premium-wordpress\/ -->\n<title>PI\u00c8CE \u00c0 MAIN T3-EH40 SIRONA SIRONA - yoestudiosalud.es<\/title>\n<meta name=\"description\" content=\"La pi\u00e8ce \u00e0 main Sirona T3-EH40 est l&#039;instrument id\u00e9al pour la pr\u00e9paration et le travail des proth\u00e9sistes dentaires.\" \/>\n<meta name=\"robots\" content=\"index, follow, max-snippet:-1, max-image-preview:large, max-video-preview:-1\" \/>\n<link rel=\"canonical\" href=\"https:\/\/yoestudiosalud.es\/produit\/pieza-mano-recta-t3-eh40-sirona\/\" \/>\n<meta property=\"og:locale\" content=\"fr_FR\" \/>\n<meta property=\"og:type\" content=\"article\" \/>\n<meta property=\"og:title\" content=\"PI\u00c8CE \u00c0 MAIN T3-EH40 SIRONA\" \/>\n<meta property=\"og:description\" content=\"La pi\u00e8ce \u00e0 main Sirona T3-EH40 est l&#039;instrument id\u00e9al pour la pr\u00e9paration et le travail des proth\u00e9sistes dentaires.\" \/>\n<meta property=\"og:url\" content=\"https:\/\/yoestudiosalud.es\/produit\/pieza-mano-recta-t3-eh40-sirona\/\" \/>\n<meta property=\"og:site_name\" content=\"yoestudiosalud.es\" \/>\n<meta property=\"og:image\" content=\"https:\/\/yoestudiosalud.es\/wp-content\/uploads\/2019\/06\/002979B.jpg\" \/>\n\t<meta property=\"og:image:width\" content=\"650\" \/>\n\t<meta property=\"og:image:height\" content=\"650\" \/>\n\t<meta property=\"og:image:type\" content=\"image\/jpeg\" \/>\n<meta name=\"twitter:card\" content=\"summary_large_image\" \/>\n<script type=\"application\/ld+json\" class=\"yoast-schema-graph\">{\"@context\":\"https:\/\/schema.org\",\"@graph\":[{\"@type\":\"WebPage\",\"@id\":\"https:\/\/yoestudiosalud.es\/produit\/pieza-mano-recta-t3-eh40-sirona\/\",\"url\":\"https:\/\/yoestudiosalud.es\/produit\/pieza-mano-recta-t3-eh40-sirona\/\",\"name\":\"PI\u00c8CE \u00c0 MAIN T3-EH40 SIRONA SIRONA - yoestudiosalud.es\",\"isPartOf\":{\"@id\":\"https:\/\/yoestudiosalud.es\/en\/#website\"},\"primaryImageOfPage\":{\"@id\":\"https:\/\/yoestudiosalud.es\/produit\/pieza-mano-recta-t3-eh40-sirona\/#primaryimage\"},\"image\":{\"@id\":\"https:\/\/yoestudiosalud.es\/produit\/pieza-mano-recta-t3-eh40-sirona\/#primaryimage\"},\"thumbnailUrl\":\"https:\/\/yoestudiosalud.es\/wp-content\/uploads\/2019\/06\/002979B.jpg\",\"datePublished\":\"2019-06-20T19:35:56+00:00\",\"description\":\"La pi\u00e8ce \u00e0 main Sirona T3-EH40 est l'instrument id\u00e9al pour la pr\u00e9paration et le travail des proth\u00e9sistes dentaires.\",\"breadcrumb\":{\"@id\":\"https:\/\/yoestudiosalud.es\/produit\/pieza-mano-recta-t3-eh40-sirona\/#breadcrumb\"},\"inLanguage\":\"fr-FR\",\"potentialAction\":[{\"@type\":\"ReadAction\",\"target\":[\"https:\/\/yoestudiosalud.es\/produit\/pieza-mano-recta-t3-eh40-sirona\/\"]}]},{\"@type\":\"ImageObject\",\"inLanguage\":\"fr-FR\",\"@id\":\"https:\/\/yoestudiosalud.es\/produit\/pieza-mano-recta-t3-eh40-sirona\/#primaryimage\",\"url\":\"https:\/\/yoestudiosalud.es\/wp-content\/uploads\/2019\/06\/002979B.jpg\",\"contentUrl\":\"https:\/\/yoestudiosalud.es\/wp-content\/uploads\/2019\/06\/002979B.jpg\",\"width\":650,\"height\":650,\"caption\":\"PI\u00c8CE \u00c0 MAIN T3-EH40 SIRONA\"},{\"@type\":\"BreadcrumbList\",\"@id\":\"https:\/\/yoestudiosalud.es\/produit\/pieza-mano-recta-t3-eh40-sirona\/#breadcrumb\",\"itemListElement\":[{\"@type\":\"ListItem\",\"position\":1,\"name\":\"Portada\",\"item\":\"https:\/\/yoestudiosalud.es\/fr\/\"},{\"@type\":\"ListItem\",\"position\":2,\"name\":\"Boutique\",\"item\":\"https:\/\/yoestudiosalud.es\/fr\/boutique\/\"},{\"@type\":\"ListItem\",\"position\":3,\"name\":\"PI\u00c8CE \u00c0 MAIN T3-EH40 SIRONA\"}]},{\"@type\":\"WebSite\",\"@id\":\"https:\/\/yoestudiosalud.es\/en\/#website\",\"url\":\"https:\/\/yoestudiosalud.es\/en\/\",\"name\":\"yoestudiosalud.es\",\"description\":\"Material para estudiantes del sector salud\",\"publisher\":{\"@id\":\"https:\/\/yoestudiosalud.es\/en\/#organization\"},\"potentialAction\":[{\"@type\":\"SearchAction\",\"target\":{\"@type\":\"EntryPoint\",\"urlTemplate\":\"https:\/\/yoestudiosalud.es\/en\/?s={search_term_string}\"},\"query-input\":{\"@type\":\"PropertyValueSpecification\",\"valueRequired\":true,\"valueName\":\"search_term_string\"}}],\"inLanguage\":\"fr-FR\"},{\"@type\":\"Organization\",\"@id\":\"https:\/\/yoestudiosalud.es\/en\/#organization\",\"name\":\"yoestudiosalud.es\",\"url\":\"https:\/\/yoestudiosalud.es\/en\/\",\"logo\":{\"@type\":\"ImageObject\",\"inLanguage\":\"fr-FR\",\"@id\":\"https:\/\/yoestudiosalud.es\/en\/#\/schema\/logo\/image\/\",\"url\":\"https:\/\/yoestudiosalud.es\/wp-content\/uploads\/2020\/04\/logonew-e1698080827687.png\",\"contentUrl\":\"https:\/\/yoestudiosalud.es\/wp-content\/uploads\/2020\/04\/logonew-e1698080827687.png\",\"width\":421,\"height\":393,\"caption\":\"yoestudiosalud.es\"},\"image\":{\"@id\":\"https:\/\/yoestudiosalud.es\/en\/#\/schema\/logo\/image\/\"}}]}<\/script>\n<!-- \/ Yoast SEO Premium plugin. -->","yoast_head_json":{"title":"PI\u00c8CE \u00c0 MAIN T3-EH40 SIRONA SIRONA - yoestudiosalud.es","description":"La pi\u00e8ce \u00e0 main Sirona T3-EH40 est l'instrument id\u00e9al pour la pr\u00e9paration et le travail des proth\u00e9sistes dentaires.","robots":{"index":"index","follow":"follow","max-snippet":"max-snippet:-1","max-image-preview":"max-image-preview:large","max-video-preview":"max-video-preview:-1"},"canonical":"https:\/\/yoestudiosalud.es\/produit\/pieza-mano-recta-t3-eh40-sirona\/","og_locale":"fr_FR","og_type":"article","og_title":"PI\u00c8CE \u00c0 MAIN T3-EH40 SIRONA","og_description":"La pi\u00e8ce \u00e0 main Sirona T3-EH40 est l'instrument id\u00e9al pour la pr\u00e9paration et le travail des proth\u00e9sistes dentaires.","og_url":"https:\/\/yoestudiosalud.es\/produit\/pieza-mano-recta-t3-eh40-sirona\/","og_site_name":"yoestudiosalud.es","og_image":[{"width":650,"height":650,"url":"https:\/\/yoestudiosalud.es\/wp-content\/uploads\/2019\/06\/002979B.jpg","type":"image\/jpeg"}],"twitter_card":"summary_large_image","schema":{"@context":"https:\/\/schema.org","@graph":[{"@type":"WebPage","@id":"https:\/\/yoestudiosalud.es\/produit\/pieza-mano-recta-t3-eh40-sirona\/","url":"https:\/\/yoestudiosalud.es\/produit\/pieza-mano-recta-t3-eh40-sirona\/","name":"PI\u00c8CE \u00c0 MAIN T3-EH40 SIRONA SIRONA - yoestudiosalud.es","isPartOf":{"@id":"https:\/\/yoestudiosalud.es\/en\/#website"},"primaryImageOfPage":{"@id":"https:\/\/yoestudiosalud.es\/produit\/pieza-mano-recta-t3-eh40-sirona\/#primaryimage"},"image":{"@id":"https:\/\/yoestudiosalud.es\/produit\/pieza-mano-recta-t3-eh40-sirona\/#primaryimage"},"thumbnailUrl":"https:\/\/yoestudiosalud.es\/wp-content\/uploads\/2019\/06\/002979B.jpg","datePublished":"2019-06-20T19:35:56+00:00","description":"La pi\u00e8ce \u00e0 main Sirona T3-EH40 est l'instrument id\u00e9al pour la pr\u00e9paration et le travail des proth\u00e9sistes dentaires.","breadcrumb":{"@id":"https:\/\/yoestudiosalud.es\/produit\/pieza-mano-recta-t3-eh40-sirona\/#breadcrumb"},"inLanguage":"fr-FR","potentialAction":[{"@type":"ReadAction","target":["https:\/\/yoestudiosalud.es\/produit\/pieza-mano-recta-t3-eh40-sirona\/"]}]},{"@type":"ImageObject","inLanguage":"fr-FR","@id":"https:\/\/yoestudiosalud.es\/produit\/pieza-mano-recta-t3-eh40-sirona\/#primaryimage","url":"https:\/\/yoestudiosalud.es\/wp-content\/uploads\/2019\/06\/002979B.jpg","contentUrl":"https:\/\/yoestudiosalud.es\/wp-content\/uploads\/2019\/06\/002979B.jpg","width":650,"height":650,"caption":"PI\u00c8CE \u00c0 MAIN T3-EH40 SIRONA"},{"@type":"BreadcrumbList","@id":"https:\/\/yoestudiosalud.es\/produit\/pieza-mano-recta-t3-eh40-sirona\/#breadcrumb","itemListElement":[{"@type":"ListItem","position":1,"name":"Portada","item":"https:\/\/yoestudiosalud.es\/fr\/"},{"@type":"ListItem","position":2,"name":"Boutique","item":"https:\/\/yoestudiosalud.es\/fr\/boutique\/"},{"@type":"ListItem","position":3,"name":"PI\u00c8CE \u00c0 MAIN T3-EH40 SIRONA"}]},{"@type":"WebSite","@id":"https:\/\/yoestudiosalud.es\/en\/#website","url":"https:\/\/yoestudiosalud.es\/en\/","name":"yoestudiosalud.es","description":"Material para estudiantes del sector salud","publisher":{"@id":"https:\/\/yoestudiosalud.es\/en\/#organization"},"potentialAction":[{"@type":"SearchAction","target":{"@type":"EntryPoint","urlTemplate":"https:\/\/yoestudiosalud.es\/en\/?s={search_term_string}"},"query-input":{"@type":"PropertyValueSpecification","valueRequired":true,"valueName":"search_term_string"}}],"inLanguage":"fr-FR"},{"@type":"Organization","@id":"https:\/\/yoestudiosalud.es\/en\/#organization","name":"yoestudiosalud.es","url":"https:\/\/yoestudiosalud.es\/en\/","logo":{"@type":"ImageObject","inLanguage":"fr-FR","@id":"https:\/\/yoestudiosalud.es\/en\/#\/schema\/logo\/image\/","url":"https:\/\/yoestudiosalud.es\/wp-content\/uploads\/2020\/04\/logonew-e1698080827687.png","contentUrl":"https:\/\/yoestudiosalud.es\/wp-content\/uploads\/2020\/04\/logonew-e1698080827687.png","width":421,"height":393,"caption":"yoestudiosalud.es"},"image":{"@id":"https:\/\/yoestudiosalud.es\/en\/#\/schema\/logo\/image\/"}}]}},"_links":{"self":[{"href":"https:\/\/yoestudiosalud.es\/fr\/wp-json\/wp\/v2\/product\/28859","targetHints":{"allow":["GET"]}}],"collection":[{"href":"https:\/\/yoestudiosalud.es\/fr\/wp-json\/wp\/v2\/product"}],"about":[{"href":"https:\/\/yoestudiosalud.es\/fr\/wp-json\/wp\/v2\/types\/product"}],"wp:featuredmedia":[{"embeddable":true,"href":"https:\/\/yoestudiosalud.es\/fr\/wp-json\/wp\/v2\/media\/28860"}],"wp:attachment":[{"href":"https:\/\/yoestudiosalud.es\/fr\/wp-json\/wp\/v2\/media?parent=28859"}],"wp:term":[{"taxonomy":"product_brand","embeddable":true,"href":"https:\/\/yoestudiosalud.es\/fr\/wp-json\/wp\/v2\/product_brand?post=28859"},{"taxonomy":"product_cat","embeddable":true,"href":"https:\/\/yoestudiosalud.es\/fr\/wp-json\/wp\/v2\/product_cat?post=28859"},{"taxonomy":"product_tag","embeddable":true,"href":"https:\/\/yoestudiosalud.es\/fr\/wp-json\/wp\/v2\/product_tag?post=28859"}],"curies":[{"name":"wp","href":"https:\/\/api.w.org\/{rel}","templated":true}]}}