{"id":28856,"date":"2019-06-20T19:24:20","date_gmt":"2019-06-20T19:24:20","guid":{"rendered":"https:\/\/yoestudiosalud.es\/producto\/contra-angle-t3-e40-sirona\/"},"modified":"2019-06-20T19:24:20","modified_gmt":"2019-06-20T19:24:20","slug":"contra-angle-t3-e40-sirona","status":"publish","type":"product","link":"https:\/\/yoestudiosalud.es\/fr\/produit\/contra-angle-t3-e40-sirona\/","title":{"rendered":"CONTRA ANGLE T3 E40 SIRONA"},"content":{"rendered":"<ul>\n<li>Interface ISO universelle.<\/li>\n<li>Bo\u00eetier en titane tr\u00e8s robuste.<\/li>\n<li>Incroyablement silencieux gr\u00e2ce \u00e0 la pulv\u00e9risation \u00e0 4 buses.<\/li>\n<li>Meilleure visibilit\u00e9 gr\u00e2ce aux dimensions r\u00e9duites de la t\u00eate.<\/li>\n<li>Syst\u00e8me de pulv\u00e9risation optimal.<\/li>\n<li>Parfaitement hygi\u00e9nique : st\u00e9rilisable et thermod\u00e9sinfectable.<\/li>\n<\/ul>\n","protected":false},"excerpt":{"rendered":"<p>Le contre-angle T3 E40 de Sirona est l&#8217;instrument id\u00e9al pour la pr\u00e9paration et la finition des couronnes. Gr\u00e2ce \u00e0 son bo\u00eetier en titane, il s&#8217;adapte \u00e0 la main de mani\u00e8re \u00e9quilibr\u00e9e, ce qui permet de travailler sans effort et d&#8217;am\u00e9liorer les r\u00e9sultats de la pr\u00e9paration. Interface ISO, compatible avec tous les micromoteurs courants et utilisable universellement.<\/p>\n","protected":false},"featured_media":28857,"template":"","meta":[],"product_brand":[],"product_cat":[713],"product_tag":[],"class_list":{"0":"post-28856","1":"product","2":"type-product","3":"status-publish","4":"has-post-thumbnail","6":"product_cat-rotatif-fr","7":"pa_formacion-odontologia-fr","9":"first","10":"onbackorder","11":"taxable","12":"shipping-taxable","13":"purchasable","14":"product-type-simple"},"yoast_head":"<!-- This site is optimized with the Yoast SEO Premium plugin v27.0 (Yoast SEO v27.2) - https:\/\/yoast.com\/product\/yoast-seo-premium-wordpress\/ -->\n<title>CONTRA ANGLE T3 E40 SIRONA - yoestudiosalud.es dep\u00f3sito dental<\/title>\n<meta name=\"description\" content=\"Le contre-angle T3 E40 de Sirona est l&#039;instrument id\u00e9al pour la pr\u00e9paration et la finition des couronnes. Gr\u00e2ce \u00e0 son bo\u00eetier en titane, il s&#039;adapte \u00e0 la main de mani\u00e8re \u00e9quilibr\u00e9e\" \/>\n<meta name=\"robots\" content=\"index, follow, max-snippet:-1, max-image-preview:large, max-video-preview:-1\" \/>\n<link rel=\"canonical\" href=\"https:\/\/yoestudiosalud.es\/produit\/contra-angulo-t3-e4o-sirona\/\" \/>\n<meta property=\"og:locale\" content=\"fr_FR\" \/>\n<meta property=\"og:type\" content=\"article\" \/>\n<meta property=\"og:title\" content=\"CONTRA ANGLE T3 E40 SIRONA\" \/>\n<meta property=\"og:description\" content=\"Le contre-angle T3 E40 de Sirona est l&#039;instrument id\u00e9al pour la pr\u00e9paration et la finition des couronnes. Gr\u00e2ce \u00e0 son bo\u00eetier en titane, il s&#039;adapte \u00e0 la main de mani\u00e8re \u00e9quilibr\u00e9e\" \/>\n<meta property=\"og:url\" content=\"https:\/\/yoestudiosalud.es\/produit\/contra-angulo-t3-e4o-sirona\/\" \/>\n<meta property=\"og:site_name\" content=\"yoestudiosalud.es\" \/>\n<meta property=\"og:image\" content=\"https:\/\/yoestudiosalud.es\/wp-content\/uploads\/2019\/06\/002977C.jpg\" \/>\n\t<meta property=\"og:image:width\" content=\"650\" \/>\n\t<meta property=\"og:image:height\" content=\"650\" \/>\n\t<meta property=\"og:image:type\" content=\"image\/jpeg\" \/>\n<meta name=\"twitter:card\" content=\"summary_large_image\" \/>\n<script type=\"application\/ld+json\" class=\"yoast-schema-graph\">{\"@context\":\"https:\/\/schema.org\",\"@graph\":[{\"@type\":\"WebPage\",\"@id\":\"https:\/\/yoestudiosalud.es\/produit\/contra-angulo-t3-e4o-sirona\/\",\"url\":\"https:\/\/yoestudiosalud.es\/produit\/contra-angulo-t3-e4o-sirona\/\",\"name\":\"CONTRA ANGLE T3 E40 SIRONA - yoestudiosalud.es dep\u00f3sito dental\",\"isPartOf\":{\"@id\":\"https:\/\/yoestudiosalud.es\/en\/#website\"},\"primaryImageOfPage\":{\"@id\":\"https:\/\/yoestudiosalud.es\/produit\/contra-angulo-t3-e4o-sirona\/#primaryimage\"},\"image\":{\"@id\":\"https:\/\/yoestudiosalud.es\/produit\/contra-angulo-t3-e4o-sirona\/#primaryimage\"},\"thumbnailUrl\":\"https:\/\/yoestudiosalud.es\/wp-content\/uploads\/2019\/06\/002977C.jpg\",\"datePublished\":\"2019-06-20T19:24:20+00:00\",\"description\":\"Le contre-angle T3 E40 de Sirona est l'instrument id\u00e9al pour la pr\u00e9paration et la finition des couronnes. Gr\u00e2ce \u00e0 son bo\u00eetier en titane, il s'adapte \u00e0 la main de mani\u00e8re \u00e9quilibr\u00e9e\",\"breadcrumb\":{\"@id\":\"https:\/\/yoestudiosalud.es\/produit\/contra-angulo-t3-e4o-sirona\/#breadcrumb\"},\"inLanguage\":\"fr-FR\",\"potentialAction\":[{\"@type\":\"ReadAction\",\"target\":[\"https:\/\/yoestudiosalud.es\/produit\/contra-angulo-t3-e4o-sirona\/\"]}]},{\"@type\":\"ImageObject\",\"inLanguage\":\"fr-FR\",\"@id\":\"https:\/\/yoestudiosalud.es\/produit\/contra-angulo-t3-e4o-sirona\/#primaryimage\",\"url\":\"https:\/\/yoestudiosalud.es\/wp-content\/uploads\/2019\/06\/002977C.jpg\",\"contentUrl\":\"https:\/\/yoestudiosalud.es\/wp-content\/uploads\/2019\/06\/002977C.jpg\",\"width\":650,\"height\":650},{\"@type\":\"BreadcrumbList\",\"@id\":\"https:\/\/yoestudiosalud.es\/produit\/contra-angulo-t3-e4o-sirona\/#breadcrumb\",\"itemListElement\":[{\"@type\":\"ListItem\",\"position\":1,\"name\":\"Portada\",\"item\":\"https:\/\/yoestudiosalud.es\/fr\/\"},{\"@type\":\"ListItem\",\"position\":2,\"name\":\"Boutique\",\"item\":\"https:\/\/yoestudiosalud.es\/fr\/boutique\/\"},{\"@type\":\"ListItem\",\"position\":3,\"name\":\"CONTRA ANGLE T3 E40 SIRONA\"}]},{\"@type\":\"WebSite\",\"@id\":\"https:\/\/yoestudiosalud.es\/en\/#website\",\"url\":\"https:\/\/yoestudiosalud.es\/en\/\",\"name\":\"yoestudiosalud.es\",\"description\":\"Material para estudiantes del sector salud\",\"publisher\":{\"@id\":\"https:\/\/yoestudiosalud.es\/en\/#organization\"},\"potentialAction\":[{\"@type\":\"SearchAction\",\"target\":{\"@type\":\"EntryPoint\",\"urlTemplate\":\"https:\/\/yoestudiosalud.es\/en\/?s={search_term_string}\"},\"query-input\":{\"@type\":\"PropertyValueSpecification\",\"valueRequired\":true,\"valueName\":\"search_term_string\"}}],\"inLanguage\":\"fr-FR\"},{\"@type\":\"Organization\",\"@id\":\"https:\/\/yoestudiosalud.es\/en\/#organization\",\"name\":\"yoestudiosalud.es\",\"url\":\"https:\/\/yoestudiosalud.es\/en\/\",\"logo\":{\"@type\":\"ImageObject\",\"inLanguage\":\"fr-FR\",\"@id\":\"https:\/\/yoestudiosalud.es\/en\/#\/schema\/logo\/image\/\",\"url\":\"https:\/\/yoestudiosalud.es\/wp-content\/uploads\/2020\/04\/logonew-e1698080827687.png\",\"contentUrl\":\"https:\/\/yoestudiosalud.es\/wp-content\/uploads\/2020\/04\/logonew-e1698080827687.png\",\"width\":421,\"height\":393,\"caption\":\"yoestudiosalud.es\"},\"image\":{\"@id\":\"https:\/\/yoestudiosalud.es\/en\/#\/schema\/logo\/image\/\"}}]}<\/script>\n<!-- \/ Yoast SEO Premium plugin. -->","yoast_head_json":{"title":"CONTRA ANGLE T3 E40 SIRONA - yoestudiosalud.es dep\u00f3sito dental","description":"Le contre-angle T3 E40 de Sirona est l'instrument id\u00e9al pour la pr\u00e9paration et la finition des couronnes. Gr\u00e2ce \u00e0 son bo\u00eetier en titane, il s'adapte \u00e0 la main de mani\u00e8re \u00e9quilibr\u00e9e","robots":{"index":"index","follow":"follow","max-snippet":"max-snippet:-1","max-image-preview":"max-image-preview:large","max-video-preview":"max-video-preview:-1"},"canonical":"https:\/\/yoestudiosalud.es\/produit\/contra-angulo-t3-e4o-sirona\/","og_locale":"fr_FR","og_type":"article","og_title":"CONTRA ANGLE T3 E40 SIRONA","og_description":"Le contre-angle T3 E40 de Sirona est l'instrument id\u00e9al pour la pr\u00e9paration et la finition des couronnes. Gr\u00e2ce \u00e0 son bo\u00eetier en titane, il s'adapte \u00e0 la main de mani\u00e8re \u00e9quilibr\u00e9e","og_url":"https:\/\/yoestudiosalud.es\/produit\/contra-angulo-t3-e4o-sirona\/","og_site_name":"yoestudiosalud.es","og_image":[{"width":650,"height":650,"url":"https:\/\/yoestudiosalud.es\/wp-content\/uploads\/2019\/06\/002977C.jpg","type":"image\/jpeg"}],"twitter_card":"summary_large_image","schema":{"@context":"https:\/\/schema.org","@graph":[{"@type":"WebPage","@id":"https:\/\/yoestudiosalud.es\/produit\/contra-angulo-t3-e4o-sirona\/","url":"https:\/\/yoestudiosalud.es\/produit\/contra-angulo-t3-e4o-sirona\/","name":"CONTRA ANGLE T3 E40 SIRONA - yoestudiosalud.es dep\u00f3sito dental","isPartOf":{"@id":"https:\/\/yoestudiosalud.es\/en\/#website"},"primaryImageOfPage":{"@id":"https:\/\/yoestudiosalud.es\/produit\/contra-angulo-t3-e4o-sirona\/#primaryimage"},"image":{"@id":"https:\/\/yoestudiosalud.es\/produit\/contra-angulo-t3-e4o-sirona\/#primaryimage"},"thumbnailUrl":"https:\/\/yoestudiosalud.es\/wp-content\/uploads\/2019\/06\/002977C.jpg","datePublished":"2019-06-20T19:24:20+00:00","description":"Le contre-angle T3 E40 de Sirona est l'instrument id\u00e9al pour la pr\u00e9paration et la finition des couronnes. Gr\u00e2ce \u00e0 son bo\u00eetier en titane, il s'adapte \u00e0 la main de mani\u00e8re \u00e9quilibr\u00e9e","breadcrumb":{"@id":"https:\/\/yoestudiosalud.es\/produit\/contra-angulo-t3-e4o-sirona\/#breadcrumb"},"inLanguage":"fr-FR","potentialAction":[{"@type":"ReadAction","target":["https:\/\/yoestudiosalud.es\/produit\/contra-angulo-t3-e4o-sirona\/"]}]},{"@type":"ImageObject","inLanguage":"fr-FR","@id":"https:\/\/yoestudiosalud.es\/produit\/contra-angulo-t3-e4o-sirona\/#primaryimage","url":"https:\/\/yoestudiosalud.es\/wp-content\/uploads\/2019\/06\/002977C.jpg","contentUrl":"https:\/\/yoestudiosalud.es\/wp-content\/uploads\/2019\/06\/002977C.jpg","width":650,"height":650},{"@type":"BreadcrumbList","@id":"https:\/\/yoestudiosalud.es\/produit\/contra-angulo-t3-e4o-sirona\/#breadcrumb","itemListElement":[{"@type":"ListItem","position":1,"name":"Portada","item":"https:\/\/yoestudiosalud.es\/fr\/"},{"@type":"ListItem","position":2,"name":"Boutique","item":"https:\/\/yoestudiosalud.es\/fr\/boutique\/"},{"@type":"ListItem","position":3,"name":"CONTRA ANGLE T3 E40 SIRONA"}]},{"@type":"WebSite","@id":"https:\/\/yoestudiosalud.es\/en\/#website","url":"https:\/\/yoestudiosalud.es\/en\/","name":"yoestudiosalud.es","description":"Material para estudiantes del sector salud","publisher":{"@id":"https:\/\/yoestudiosalud.es\/en\/#organization"},"potentialAction":[{"@type":"SearchAction","target":{"@type":"EntryPoint","urlTemplate":"https:\/\/yoestudiosalud.es\/en\/?s={search_term_string}"},"query-input":{"@type":"PropertyValueSpecification","valueRequired":true,"valueName":"search_term_string"}}],"inLanguage":"fr-FR"},{"@type":"Organization","@id":"https:\/\/yoestudiosalud.es\/en\/#organization","name":"yoestudiosalud.es","url":"https:\/\/yoestudiosalud.es\/en\/","logo":{"@type":"ImageObject","inLanguage":"fr-FR","@id":"https:\/\/yoestudiosalud.es\/en\/#\/schema\/logo\/image\/","url":"https:\/\/yoestudiosalud.es\/wp-content\/uploads\/2020\/04\/logonew-e1698080827687.png","contentUrl":"https:\/\/yoestudiosalud.es\/wp-content\/uploads\/2020\/04\/logonew-e1698080827687.png","width":421,"height":393,"caption":"yoestudiosalud.es"},"image":{"@id":"https:\/\/yoestudiosalud.es\/en\/#\/schema\/logo\/image\/"}}]}},"_links":{"self":[{"href":"https:\/\/yoestudiosalud.es\/fr\/wp-json\/wp\/v2\/product\/28856","targetHints":{"allow":["GET"]}}],"collection":[{"href":"https:\/\/yoestudiosalud.es\/fr\/wp-json\/wp\/v2\/product"}],"about":[{"href":"https:\/\/yoestudiosalud.es\/fr\/wp-json\/wp\/v2\/types\/product"}],"wp:featuredmedia":[{"embeddable":true,"href":"https:\/\/yoestudiosalud.es\/fr\/wp-json\/wp\/v2\/media\/28857"}],"wp:attachment":[{"href":"https:\/\/yoestudiosalud.es\/fr\/wp-json\/wp\/v2\/media?parent=28856"}],"wp:term":[{"taxonomy":"product_brand","embeddable":true,"href":"https:\/\/yoestudiosalud.es\/fr\/wp-json\/wp\/v2\/product_brand?post=28856"},{"taxonomy":"product_cat","embeddable":true,"href":"https:\/\/yoestudiosalud.es\/fr\/wp-json\/wp\/v2\/product_cat?post=28856"},{"taxonomy":"product_tag","embeddable":true,"href":"https:\/\/yoestudiosalud.es\/fr\/wp-json\/wp\/v2\/product_tag?post=28856"}],"curies":[{"name":"wp","href":"https:\/\/api.w.org\/{rel}","templated":true}]}}