{"id":28828,"date":"2019-06-19T15:26:47","date_gmt":"2019-06-19T15:26:47","guid":{"rendered":"https:\/\/yoestudiosalud.es\/producto\/kit-porte-empreintes-pour-edentes\/"},"modified":"2019-06-19T15:26:47","modified_gmt":"2019-06-19T15:26:47","slug":"kit-porte-empreintes-pour-edentes","status":"publish","type":"product","link":"https:\/\/yoestudiosalud.es\/fr\/produit\/kit-porte-empreintes-pour-edentes\/","title":{"rendered":"KIT PORTE-EMPREINTES POUR \u00c9DENT\u00c9S"},"content":{"rendered":"<p>Oui Jeu de porte-empreintes pour la prise d&#8217;empreintes chez les patients \u00e9dent\u00e9s. Livr\u00e9 avec 6 porte-empreintes sup\u00e9rieurs et inf\u00e9rieurs en trois tailles S, M et L.<\/p>\n","protected":false},"excerpt":{"rendered":"<p>Oui Jeu de porte-empreintes pour la prise d&#8217;empreintes chez les patients \u00e9dent\u00e9s. Livr\u00e9 avec 6 porte-empreintes sup\u00e9rieurs et inf\u00e9rieurs en trois tailles S, M et L.<\/p>\n","protected":false},"featured_media":28829,"template":"","meta":[],"product_brand":[],"product_cat":[669],"product_tag":[674,689],"class_list":{"0":"post-28828","1":"product","2":"type-product","3":"status-publish","4":"has-post-thumbnail","6":"product_cat-general-fr","7":"product_tag-uv2","8":"product_tag-ucv3","9":"pa_formacion-odontologia-fr","11":"first","12":"onbackorder","13":"sale","14":"taxable","15":"shipping-taxable","16":"purchasable","17":"product-type-simple"},"yoast_head":"<!-- This site is optimized with the Yoast SEO Premium plugin v27.0 (Yoast SEO v27.4) - https:\/\/yoast.com\/product\/yoast-seo-premium-wordpress\/ -->\n<title>KIT PORTE-EMPREINTES POUR \u00c9DENT\u00c9S | Yoestudiosalud.es<\/title>\n<meta name=\"description\" content=\"Oui Jeu de porte-empreintes pour la prise d&#039;empreintes chez les patients \u00e9dent\u00e9s. Livr\u00e9 avec 6 porte-empreintes sup\u00e9rieurs et inf\u00e9rieurs en trois tailles S, M et L.\" \/>\n<meta name=\"robots\" content=\"index, follow, max-snippet:-1, max-image-preview:large, max-video-preview:-1\" \/>\n<link rel=\"canonical\" href=\"https:\/\/yoestudiosalud.es\/fr\/produit\/kit-porte-empreintes-pour-edentes\/\" \/>\n<meta property=\"og:locale\" content=\"fr_FR\" \/>\n<meta property=\"og:type\" content=\"article\" \/>\n<meta property=\"og:title\" content=\"KIT PORTE-EMPREINTES POUR \u00c9DENT\u00c9S\" \/>\n<meta property=\"og:description\" content=\"Oui Jeu de porte-empreintes pour la prise d&#039;empreintes chez les patients \u00e9dent\u00e9s. Livr\u00e9 avec 6 porte-empreintes sup\u00e9rieurs et inf\u00e9rieurs en trois tailles S, M et L.\" \/>\n<meta property=\"og:url\" content=\"https:\/\/yoestudiosalud.es\/fr\/produit\/kit-porte-empreintes-pour-edentes\/\" \/>\n<meta property=\"og:site_name\" content=\"yoestudiosalud.es\" \/>\n<meta property=\"og:image\" content=\"https:\/\/yoestudiosalud.es\/wp-content\/uploads\/2019\/06\/002956B.jpg\" \/>\n\t<meta property=\"og:image:width\" content=\"650\" \/>\n\t<meta property=\"og:image:height\" content=\"650\" \/>\n\t<meta property=\"og:image:type\" content=\"image\/jpeg\" \/>\n<meta name=\"twitter:card\" content=\"summary_large_image\" \/>\n<script type=\"application\/ld+json\" class=\"yoast-schema-graph\">{\"@context\":\"https:\\\/\\\/schema.org\",\"@graph\":[{\"@type\":\"WebPage\",\"@id\":\"https:\\\/\\\/yoestudiosalud.es\\\/fr\\\/produit\\\/kit-porte-empreintes-pour-edentes\\\/\",\"url\":\"https:\\\/\\\/yoestudiosalud.es\\\/fr\\\/produit\\\/kit-porte-empreintes-pour-edentes\\\/\",\"name\":\"KIT PORTE-EMPREINTES POUR \u00c9DENT\u00c9S | Yoestudiosalud.es\",\"isPartOf\":{\"@id\":\"https:\\\/\\\/yoestudiosalud.es\\\/en\\\/#website\"},\"primaryImageOfPage\":{\"@id\":\"https:\\\/\\\/yoestudiosalud.es\\\/fr\\\/produit\\\/kit-porte-empreintes-pour-edentes\\\/#primaryimage\"},\"image\":{\"@id\":\"https:\\\/\\\/yoestudiosalud.es\\\/fr\\\/produit\\\/kit-porte-empreintes-pour-edentes\\\/#primaryimage\"},\"thumbnailUrl\":\"https:\\\/\\\/yoestudiosalud.es\\\/wp-content\\\/uploads\\\/2019\\\/06\\\/002956B.jpg\",\"datePublished\":\"2019-06-19T15:26:47+00:00\",\"description\":\"Oui Jeu de porte-empreintes pour la prise d'empreintes chez les patients \u00e9dent\u00e9s. Livr\u00e9 avec 6 porte-empreintes sup\u00e9rieurs et inf\u00e9rieurs en trois tailles S, M et L.\",\"breadcrumb\":{\"@id\":\"https:\\\/\\\/yoestudiosalud.es\\\/fr\\\/produit\\\/kit-porte-empreintes-pour-edentes\\\/#breadcrumb\"},\"inLanguage\":\"fr-FR\",\"potentialAction\":[{\"@type\":\"ReadAction\",\"target\":[\"https:\\\/\\\/yoestudiosalud.es\\\/fr\\\/produit\\\/kit-porte-empreintes-pour-edentes\\\/\"]}]},{\"@type\":\"ImageObject\",\"inLanguage\":\"fr-FR\",\"@id\":\"https:\\\/\\\/yoestudiosalud.es\\\/fr\\\/produit\\\/kit-porte-empreintes-pour-edentes\\\/#primaryimage\",\"url\":\"https:\\\/\\\/yoestudiosalud.es\\\/wp-content\\\/uploads\\\/2019\\\/06\\\/002956B.jpg\",\"contentUrl\":\"https:\\\/\\\/yoestudiosalud.es\\\/wp-content\\\/uploads\\\/2019\\\/06\\\/002956B.jpg\",\"width\":650,\"height\":650,\"caption\":\"KIT PORTE-EMPREINTES POUR \u00c9DENT\u00c9S\"},{\"@type\":\"BreadcrumbList\",\"@id\":\"https:\\\/\\\/yoestudiosalud.es\\\/fr\\\/produit\\\/kit-porte-empreintes-pour-edentes\\\/#breadcrumb\",\"itemListElement\":[{\"@type\":\"ListItem\",\"position\":1,\"name\":\"Portada\",\"item\":\"https:\\\/\\\/yoestudiosalud.es\\\/fr\\\/\"},{\"@type\":\"ListItem\",\"position\":2,\"name\":\"Boutique\",\"item\":\"https:\\\/\\\/yoestudiosalud.es\\\/fr\\\/boutique\\\/\"},{\"@type\":\"ListItem\",\"position\":3,\"name\":\"KIT PORTE-EMPREINTES POUR \u00c9DENT\u00c9S\"}]},{\"@type\":\"WebSite\",\"@id\":\"https:\\\/\\\/yoestudiosalud.es\\\/en\\\/#website\",\"url\":\"https:\\\/\\\/yoestudiosalud.es\\\/en\\\/\",\"name\":\"yoestudiosalud.es\",\"description\":\"Material para estudiantes del sector salud\",\"publisher\":{\"@id\":\"https:\\\/\\\/yoestudiosalud.es\\\/en\\\/#organization\"},\"potentialAction\":[{\"@type\":\"SearchAction\",\"target\":{\"@type\":\"EntryPoint\",\"urlTemplate\":\"https:\\\/\\\/yoestudiosalud.es\\\/en\\\/?s={search_term_string}\"},\"query-input\":{\"@type\":\"PropertyValueSpecification\",\"valueRequired\":true,\"valueName\":\"search_term_string\"}}],\"inLanguage\":\"fr-FR\"},{\"@type\":\"Organization\",\"@id\":\"https:\\\/\\\/yoestudiosalud.es\\\/en\\\/#organization\",\"name\":\"yoestudiosalud.es\",\"url\":\"https:\\\/\\\/yoestudiosalud.es\\\/en\\\/\",\"logo\":{\"@type\":\"ImageObject\",\"inLanguage\":\"fr-FR\",\"@id\":\"https:\\\/\\\/yoestudiosalud.es\\\/en\\\/#\\\/schema\\\/logo\\\/image\\\/\",\"url\":\"https:\\\/\\\/yoestudiosalud.es\\\/wp-content\\\/uploads\\\/2020\\\/04\\\/logonew-e1698080827687.png\",\"contentUrl\":\"https:\\\/\\\/yoestudiosalud.es\\\/wp-content\\\/uploads\\\/2020\\\/04\\\/logonew-e1698080827687.png\",\"width\":421,\"height\":393,\"caption\":\"yoestudiosalud.es\"},\"image\":{\"@id\":\"https:\\\/\\\/yoestudiosalud.es\\\/en\\\/#\\\/schema\\\/logo\\\/image\\\/\"}}]}<\/script>\n<!-- \/ Yoast SEO Premium plugin. -->","yoast_head_json":{"title":"KIT PORTE-EMPREINTES POUR \u00c9DENT\u00c9S | Yoestudiosalud.es","description":"Oui Jeu de porte-empreintes pour la prise d'empreintes chez les patients \u00e9dent\u00e9s. Livr\u00e9 avec 6 porte-empreintes sup\u00e9rieurs et inf\u00e9rieurs en trois tailles S, M et L.","robots":{"index":"index","follow":"follow","max-snippet":"max-snippet:-1","max-image-preview":"max-image-preview:large","max-video-preview":"max-video-preview:-1"},"canonical":"https:\/\/yoestudiosalud.es\/fr\/produit\/kit-porte-empreintes-pour-edentes\/","og_locale":"fr_FR","og_type":"article","og_title":"KIT PORTE-EMPREINTES POUR \u00c9DENT\u00c9S","og_description":"Oui Jeu de porte-empreintes pour la prise d'empreintes chez les patients \u00e9dent\u00e9s. Livr\u00e9 avec 6 porte-empreintes sup\u00e9rieurs et inf\u00e9rieurs en trois tailles S, M et L.","og_url":"https:\/\/yoestudiosalud.es\/fr\/produit\/kit-porte-empreintes-pour-edentes\/","og_site_name":"yoestudiosalud.es","og_image":[{"width":650,"height":650,"url":"https:\/\/yoestudiosalud.es\/wp-content\/uploads\/2019\/06\/002956B.jpg","type":"image\/jpeg"}],"twitter_card":"summary_large_image","schema":{"@context":"https:\/\/schema.org","@graph":[{"@type":"WebPage","@id":"https:\/\/yoestudiosalud.es\/fr\/produit\/kit-porte-empreintes-pour-edentes\/","url":"https:\/\/yoestudiosalud.es\/fr\/produit\/kit-porte-empreintes-pour-edentes\/","name":"KIT PORTE-EMPREINTES POUR \u00c9DENT\u00c9S | Yoestudiosalud.es","isPartOf":{"@id":"https:\/\/yoestudiosalud.es\/en\/#website"},"primaryImageOfPage":{"@id":"https:\/\/yoestudiosalud.es\/fr\/produit\/kit-porte-empreintes-pour-edentes\/#primaryimage"},"image":{"@id":"https:\/\/yoestudiosalud.es\/fr\/produit\/kit-porte-empreintes-pour-edentes\/#primaryimage"},"thumbnailUrl":"https:\/\/yoestudiosalud.es\/wp-content\/uploads\/2019\/06\/002956B.jpg","datePublished":"2019-06-19T15:26:47+00:00","description":"Oui Jeu de porte-empreintes pour la prise d'empreintes chez les patients \u00e9dent\u00e9s. Livr\u00e9 avec 6 porte-empreintes sup\u00e9rieurs et inf\u00e9rieurs en trois tailles S, M et L.","breadcrumb":{"@id":"https:\/\/yoestudiosalud.es\/fr\/produit\/kit-porte-empreintes-pour-edentes\/#breadcrumb"},"inLanguage":"fr-FR","potentialAction":[{"@type":"ReadAction","target":["https:\/\/yoestudiosalud.es\/fr\/produit\/kit-porte-empreintes-pour-edentes\/"]}]},{"@type":"ImageObject","inLanguage":"fr-FR","@id":"https:\/\/yoestudiosalud.es\/fr\/produit\/kit-porte-empreintes-pour-edentes\/#primaryimage","url":"https:\/\/yoestudiosalud.es\/wp-content\/uploads\/2019\/06\/002956B.jpg","contentUrl":"https:\/\/yoestudiosalud.es\/wp-content\/uploads\/2019\/06\/002956B.jpg","width":650,"height":650,"caption":"KIT PORTE-EMPREINTES POUR \u00c9DENT\u00c9S"},{"@type":"BreadcrumbList","@id":"https:\/\/yoestudiosalud.es\/fr\/produit\/kit-porte-empreintes-pour-edentes\/#breadcrumb","itemListElement":[{"@type":"ListItem","position":1,"name":"Portada","item":"https:\/\/yoestudiosalud.es\/fr\/"},{"@type":"ListItem","position":2,"name":"Boutique","item":"https:\/\/yoestudiosalud.es\/fr\/boutique\/"},{"@type":"ListItem","position":3,"name":"KIT PORTE-EMPREINTES POUR \u00c9DENT\u00c9S"}]},{"@type":"WebSite","@id":"https:\/\/yoestudiosalud.es\/en\/#website","url":"https:\/\/yoestudiosalud.es\/en\/","name":"yoestudiosalud.es","description":"Material para estudiantes del sector salud","publisher":{"@id":"https:\/\/yoestudiosalud.es\/en\/#organization"},"potentialAction":[{"@type":"SearchAction","target":{"@type":"EntryPoint","urlTemplate":"https:\/\/yoestudiosalud.es\/en\/?s={search_term_string}"},"query-input":{"@type":"PropertyValueSpecification","valueRequired":true,"valueName":"search_term_string"}}],"inLanguage":"fr-FR"},{"@type":"Organization","@id":"https:\/\/yoestudiosalud.es\/en\/#organization","name":"yoestudiosalud.es","url":"https:\/\/yoestudiosalud.es\/en\/","logo":{"@type":"ImageObject","inLanguage":"fr-FR","@id":"https:\/\/yoestudiosalud.es\/en\/#\/schema\/logo\/image\/","url":"https:\/\/yoestudiosalud.es\/wp-content\/uploads\/2020\/04\/logonew-e1698080827687.png","contentUrl":"https:\/\/yoestudiosalud.es\/wp-content\/uploads\/2020\/04\/logonew-e1698080827687.png","width":421,"height":393,"caption":"yoestudiosalud.es"},"image":{"@id":"https:\/\/yoestudiosalud.es\/en\/#\/schema\/logo\/image\/"}}]}},"_links":{"self":[{"href":"https:\/\/yoestudiosalud.es\/fr\/wp-json\/wp\/v2\/product\/28828","targetHints":{"allow":["GET"]}}],"collection":[{"href":"https:\/\/yoestudiosalud.es\/fr\/wp-json\/wp\/v2\/product"}],"about":[{"href":"https:\/\/yoestudiosalud.es\/fr\/wp-json\/wp\/v2\/types\/product"}],"wp:featuredmedia":[{"embeddable":true,"href":"https:\/\/yoestudiosalud.es\/fr\/wp-json\/wp\/v2\/media\/28829"}],"wp:attachment":[{"href":"https:\/\/yoestudiosalud.es\/fr\/wp-json\/wp\/v2\/media?parent=28828"}],"wp:term":[{"taxonomy":"product_brand","embeddable":true,"href":"https:\/\/yoestudiosalud.es\/fr\/wp-json\/wp\/v2\/product_brand?post=28828"},{"taxonomy":"product_cat","embeddable":true,"href":"https:\/\/yoestudiosalud.es\/fr\/wp-json\/wp\/v2\/product_cat?post=28828"},{"taxonomy":"product_tag","embeddable":true,"href":"https:\/\/yoestudiosalud.es\/fr\/wp-json\/wp\/v2\/product_tag?post=28828"}],"curies":[{"name":"wp","href":"https:\/\/api.w.org\/{rel}","templated":true}]}}