{"id":28824,"date":"2019-06-19T14:46:57","date_gmt":"2019-06-19T14:46:57","guid":{"rendered":"https:\/\/yoestudiosalud.es\/producto\/fil-dentaire-cire\/"},"modified":"2025-02-01T15:46:09","modified_gmt":"2025-02-01T15:46:09","slug":"fil-dentaire-cire","status":"publish","type":"product","link":"https:\/\/yoestudiosalud.es\/fr\/produit\/fil-dentaire-cire\/","title":{"rendered":"FIL DENTAIRE CIR\u00c9"},"content":{"rendered":"<p>Le fil dentaire cir\u00e9 Oral B Essential Floss est facile \u00e0 ins\u00e9rer et r\u00e9sistant \u00e0 l&#8217;usure, de sorte qu&#8217;il ne s&#8217;effiloche pas lorsque vous le glissez entre vos dents. Il combine \u00e9galement un filament sp\u00e9cialement con\u00e7u avec un rev\u00eatement en polym\u00e8re pour faciliter l&#8217;\u00e9limination de la plaque dentaire. Dimensions : 6,4 x 10,4 x 14,2 centim\u00e8tres.<\/p>\n<p>Fabriqu\u00e9 par la marque P &amp; G, nous vous assurons une haute qualit\u00e9 au meilleur prix.<\/p>\n","protected":false},"excerpt":{"rendered":"<p>Il combine \u00e9galement un filament sp\u00e9cialement con\u00e7u avec un rev\u00eatement en polym\u00e8re pour faciliter l&#8217;\u00e9limination de la plaque dentaire. Dimensions : 6,4 x 10,4 x 14,2 centim\u00e8tres.<\/p>\n","protected":false},"featured_media":28825,"template":"","meta":[],"product_brand":[],"product_cat":[716],"product_tag":[673,683,684,688,703,762],"class_list":{"0":"post-28824","1":"product","2":"type-product","3":"status-publish","4":"has-post-thumbnail","6":"product_cat-consommables-fr","7":"product_tag-uv3","8":"product_tag-uev1","9":"product_tag-uemc_cns","10":"product_tag-ceu3","11":"product_tag-uemc_prd-fr","12":"product_tag-ucam4-fr","13":"pa_formacion-odontologia-fr","15":"first","16":"instock","17":"sale","18":"taxable","19":"shipping-taxable","20":"purchasable","21":"product-type-simple"},"yoast_head":"<!-- This site is optimized with the Yoast SEO Premium plugin v27.0 (Yoast SEO v27.4) - https:\/\/yoast.com\/product\/yoast-seo-premium-wordpress\/ -->\n<title>FIL DENTAIRE CIR\u00c9 | yoestudiosalud.es<\/title>\n<meta name=\"description\" content=\"Le fil dentaire cir\u00e9 Oral B Essential Floss est facile \u00e0 ins\u00e9rer et r\u00e9sistant \u00e0 l&#039;usure, de sorte qu&#039;il ne s&#039;effiloche pas lorsque vous le glissez entre vos dents.\" \/>\n<meta name=\"robots\" content=\"index, follow, max-snippet:-1, max-image-preview:large, max-video-preview:-1\" \/>\n<link rel=\"canonical\" href=\"https:\/\/yoestudiosalud.es\/produit\/hilo-dental-encerado\/\" \/>\n<meta property=\"og:locale\" content=\"fr_FR\" \/>\n<meta property=\"og:type\" content=\"article\" \/>\n<meta property=\"og:title\" content=\"FIL DENTAIRE CIR\u00c9\" \/>\n<meta property=\"og:description\" content=\"Le fil dentaire cir\u00e9 Oral B Essential Floss est facile \u00e0 ins\u00e9rer et r\u00e9sistant \u00e0 l&#039;usure, de sorte qu&#039;il ne s&#039;effiloche pas lorsque vous le glissez entre vos dents.\" \/>\n<meta property=\"og:url\" content=\"https:\/\/yoestudiosalud.es\/produit\/hilo-dental-encerado\/\" \/>\n<meta property=\"og:site_name\" content=\"yoestudiosalud.es\" \/>\n<meta property=\"article:modified_time\" content=\"2025-02-01T15:46:09+00:00\" \/>\n<meta property=\"og:image\" content=\"https:\/\/yoestudiosalud.es\/wp-content\/uploads\/2019\/06\/002863.jpg\" \/>\n\t<meta property=\"og:image:width\" content=\"650\" \/>\n\t<meta property=\"og:image:height\" content=\"650\" \/>\n\t<meta property=\"og:image:type\" content=\"image\/jpeg\" \/>\n<meta name=\"twitter:card\" content=\"summary_large_image\" \/>\n<script type=\"application\/ld+json\" class=\"yoast-schema-graph\">{\"@context\":\"https:\\\/\\\/schema.org\",\"@graph\":[{\"@type\":\"WebPage\",\"@id\":\"https:\\\/\\\/yoestudiosalud.es\\\/produit\\\/hilo-dental-encerado\\\/\",\"url\":\"https:\\\/\\\/yoestudiosalud.es\\\/produit\\\/hilo-dental-encerado\\\/\",\"name\":\"FIL DENTAIRE CIR\u00c9 | yoestudiosalud.es\",\"isPartOf\":{\"@id\":\"https:\\\/\\\/yoestudiosalud.es\\\/en\\\/#website\"},\"primaryImageOfPage\":{\"@id\":\"https:\\\/\\\/yoestudiosalud.es\\\/produit\\\/hilo-dental-encerado\\\/#primaryimage\"},\"image\":{\"@id\":\"https:\\\/\\\/yoestudiosalud.es\\\/produit\\\/hilo-dental-encerado\\\/#primaryimage\"},\"thumbnailUrl\":\"https:\\\/\\\/yoestudiosalud.es\\\/wp-content\\\/uploads\\\/2019\\\/06\\\/002863.jpg\",\"datePublished\":\"2019-06-19T14:46:57+00:00\",\"dateModified\":\"2025-02-01T15:46:09+00:00\",\"description\":\"Le fil dentaire cir\u00e9 Oral B Essential Floss est facile \u00e0 ins\u00e9rer et r\u00e9sistant \u00e0 l'usure, de sorte qu'il ne s'effiloche pas lorsque vous le glissez entre vos dents.\",\"breadcrumb\":{\"@id\":\"https:\\\/\\\/yoestudiosalud.es\\\/produit\\\/hilo-dental-encerado\\\/#breadcrumb\"},\"inLanguage\":\"fr-FR\",\"potentialAction\":[{\"@type\":\"ReadAction\",\"target\":[\"https:\\\/\\\/yoestudiosalud.es\\\/produit\\\/hilo-dental-encerado\\\/\"]}]},{\"@type\":\"ImageObject\",\"inLanguage\":\"fr-FR\",\"@id\":\"https:\\\/\\\/yoestudiosalud.es\\\/produit\\\/hilo-dental-encerado\\\/#primaryimage\",\"url\":\"https:\\\/\\\/yoestudiosalud.es\\\/wp-content\\\/uploads\\\/2019\\\/06\\\/002863.jpg\",\"contentUrl\":\"https:\\\/\\\/yoestudiosalud.es\\\/wp-content\\\/uploads\\\/2019\\\/06\\\/002863.jpg\",\"width\":650,\"height\":650,\"caption\":\"FIL DENTAIRE CIR\u00c9\"},{\"@type\":\"BreadcrumbList\",\"@id\":\"https:\\\/\\\/yoestudiosalud.es\\\/produit\\\/hilo-dental-encerado\\\/#breadcrumb\",\"itemListElement\":[{\"@type\":\"ListItem\",\"position\":1,\"name\":\"Portada\",\"item\":\"https:\\\/\\\/yoestudiosalud.es\\\/fr\\\/\"},{\"@type\":\"ListItem\",\"position\":2,\"name\":\"Boutique\",\"item\":\"https:\\\/\\\/yoestudiosalud.es\\\/fr\\\/boutique\\\/\"},{\"@type\":\"ListItem\",\"position\":3,\"name\":\"FIL DENTAIRE CIR\u00c9\"}]},{\"@type\":\"WebSite\",\"@id\":\"https:\\\/\\\/yoestudiosalud.es\\\/en\\\/#website\",\"url\":\"https:\\\/\\\/yoestudiosalud.es\\\/en\\\/\",\"name\":\"yoestudiosalud.es\",\"description\":\"Material para estudiantes del sector salud\",\"publisher\":{\"@id\":\"https:\\\/\\\/yoestudiosalud.es\\\/en\\\/#organization\"},\"potentialAction\":[{\"@type\":\"SearchAction\",\"target\":{\"@type\":\"EntryPoint\",\"urlTemplate\":\"https:\\\/\\\/yoestudiosalud.es\\\/en\\\/?s={search_term_string}\"},\"query-input\":{\"@type\":\"PropertyValueSpecification\",\"valueRequired\":true,\"valueName\":\"search_term_string\"}}],\"inLanguage\":\"fr-FR\"},{\"@type\":\"Organization\",\"@id\":\"https:\\\/\\\/yoestudiosalud.es\\\/en\\\/#organization\",\"name\":\"yoestudiosalud.es\",\"url\":\"https:\\\/\\\/yoestudiosalud.es\\\/en\\\/\",\"logo\":{\"@type\":\"ImageObject\",\"inLanguage\":\"fr-FR\",\"@id\":\"https:\\\/\\\/yoestudiosalud.es\\\/en\\\/#\\\/schema\\\/logo\\\/image\\\/\",\"url\":\"https:\\\/\\\/yoestudiosalud.es\\\/wp-content\\\/uploads\\\/2020\\\/04\\\/logonew-e1698080827687.png\",\"contentUrl\":\"https:\\\/\\\/yoestudiosalud.es\\\/wp-content\\\/uploads\\\/2020\\\/04\\\/logonew-e1698080827687.png\",\"width\":421,\"height\":393,\"caption\":\"yoestudiosalud.es\"},\"image\":{\"@id\":\"https:\\\/\\\/yoestudiosalud.es\\\/en\\\/#\\\/schema\\\/logo\\\/image\\\/\"}}]}<\/script>\n<!-- \/ Yoast SEO Premium plugin. -->","yoast_head_json":{"title":"FIL DENTAIRE CIR\u00c9 | yoestudiosalud.es","description":"Le fil dentaire cir\u00e9 Oral B Essential Floss est facile \u00e0 ins\u00e9rer et r\u00e9sistant \u00e0 l'usure, de sorte qu'il ne s'effiloche pas lorsque vous le glissez entre vos dents.","robots":{"index":"index","follow":"follow","max-snippet":"max-snippet:-1","max-image-preview":"max-image-preview:large","max-video-preview":"max-video-preview:-1"},"canonical":"https:\/\/yoestudiosalud.es\/produit\/hilo-dental-encerado\/","og_locale":"fr_FR","og_type":"article","og_title":"FIL DENTAIRE CIR\u00c9","og_description":"Le fil dentaire cir\u00e9 Oral B Essential Floss est facile \u00e0 ins\u00e9rer et r\u00e9sistant \u00e0 l'usure, de sorte qu'il ne s'effiloche pas lorsque vous le glissez entre vos dents.","og_url":"https:\/\/yoestudiosalud.es\/produit\/hilo-dental-encerado\/","og_site_name":"yoestudiosalud.es","article_modified_time":"2025-02-01T15:46:09+00:00","og_image":[{"width":650,"height":650,"url":"https:\/\/yoestudiosalud.es\/wp-content\/uploads\/2019\/06\/002863.jpg","type":"image\/jpeg"}],"twitter_card":"summary_large_image","schema":{"@context":"https:\/\/schema.org","@graph":[{"@type":"WebPage","@id":"https:\/\/yoestudiosalud.es\/produit\/hilo-dental-encerado\/","url":"https:\/\/yoestudiosalud.es\/produit\/hilo-dental-encerado\/","name":"FIL DENTAIRE CIR\u00c9 | yoestudiosalud.es","isPartOf":{"@id":"https:\/\/yoestudiosalud.es\/en\/#website"},"primaryImageOfPage":{"@id":"https:\/\/yoestudiosalud.es\/produit\/hilo-dental-encerado\/#primaryimage"},"image":{"@id":"https:\/\/yoestudiosalud.es\/produit\/hilo-dental-encerado\/#primaryimage"},"thumbnailUrl":"https:\/\/yoestudiosalud.es\/wp-content\/uploads\/2019\/06\/002863.jpg","datePublished":"2019-06-19T14:46:57+00:00","dateModified":"2025-02-01T15:46:09+00:00","description":"Le fil dentaire cir\u00e9 Oral B Essential Floss est facile \u00e0 ins\u00e9rer et r\u00e9sistant \u00e0 l'usure, de sorte qu'il ne s'effiloche pas lorsque vous le glissez entre vos dents.","breadcrumb":{"@id":"https:\/\/yoestudiosalud.es\/produit\/hilo-dental-encerado\/#breadcrumb"},"inLanguage":"fr-FR","potentialAction":[{"@type":"ReadAction","target":["https:\/\/yoestudiosalud.es\/produit\/hilo-dental-encerado\/"]}]},{"@type":"ImageObject","inLanguage":"fr-FR","@id":"https:\/\/yoestudiosalud.es\/produit\/hilo-dental-encerado\/#primaryimage","url":"https:\/\/yoestudiosalud.es\/wp-content\/uploads\/2019\/06\/002863.jpg","contentUrl":"https:\/\/yoestudiosalud.es\/wp-content\/uploads\/2019\/06\/002863.jpg","width":650,"height":650,"caption":"FIL DENTAIRE CIR\u00c9"},{"@type":"BreadcrumbList","@id":"https:\/\/yoestudiosalud.es\/produit\/hilo-dental-encerado\/#breadcrumb","itemListElement":[{"@type":"ListItem","position":1,"name":"Portada","item":"https:\/\/yoestudiosalud.es\/fr\/"},{"@type":"ListItem","position":2,"name":"Boutique","item":"https:\/\/yoestudiosalud.es\/fr\/boutique\/"},{"@type":"ListItem","position":3,"name":"FIL DENTAIRE CIR\u00c9"}]},{"@type":"WebSite","@id":"https:\/\/yoestudiosalud.es\/en\/#website","url":"https:\/\/yoestudiosalud.es\/en\/","name":"yoestudiosalud.es","description":"Material para estudiantes del sector salud","publisher":{"@id":"https:\/\/yoestudiosalud.es\/en\/#organization"},"potentialAction":[{"@type":"SearchAction","target":{"@type":"EntryPoint","urlTemplate":"https:\/\/yoestudiosalud.es\/en\/?s={search_term_string}"},"query-input":{"@type":"PropertyValueSpecification","valueRequired":true,"valueName":"search_term_string"}}],"inLanguage":"fr-FR"},{"@type":"Organization","@id":"https:\/\/yoestudiosalud.es\/en\/#organization","name":"yoestudiosalud.es","url":"https:\/\/yoestudiosalud.es\/en\/","logo":{"@type":"ImageObject","inLanguage":"fr-FR","@id":"https:\/\/yoestudiosalud.es\/en\/#\/schema\/logo\/image\/","url":"https:\/\/yoestudiosalud.es\/wp-content\/uploads\/2020\/04\/logonew-e1698080827687.png","contentUrl":"https:\/\/yoestudiosalud.es\/wp-content\/uploads\/2020\/04\/logonew-e1698080827687.png","width":421,"height":393,"caption":"yoestudiosalud.es"},"image":{"@id":"https:\/\/yoestudiosalud.es\/en\/#\/schema\/logo\/image\/"}}]}},"_links":{"self":[{"href":"https:\/\/yoestudiosalud.es\/fr\/wp-json\/wp\/v2\/product\/28824","targetHints":{"allow":["GET"]}}],"collection":[{"href":"https:\/\/yoestudiosalud.es\/fr\/wp-json\/wp\/v2\/product"}],"about":[{"href":"https:\/\/yoestudiosalud.es\/fr\/wp-json\/wp\/v2\/types\/product"}],"wp:featuredmedia":[{"embeddable":true,"href":"https:\/\/yoestudiosalud.es\/fr\/wp-json\/wp\/v2\/media\/28825"}],"wp:attachment":[{"href":"https:\/\/yoestudiosalud.es\/fr\/wp-json\/wp\/v2\/media?parent=28824"}],"wp:term":[{"taxonomy":"product_brand","embeddable":true,"href":"https:\/\/yoestudiosalud.es\/fr\/wp-json\/wp\/v2\/product_brand?post=28824"},{"taxonomy":"product_cat","embeddable":true,"href":"https:\/\/yoestudiosalud.es\/fr\/wp-json\/wp\/v2\/product_cat?post=28824"},{"taxonomy":"product_tag","embeddable":true,"href":"https:\/\/yoestudiosalud.es\/fr\/wp-json\/wp\/v2\/product_tag?post=28824"}],"curies":[{"name":"wp","href":"https:\/\/api.w.org\/{rel}","templated":true}]}}