{"id":28811,"date":"2019-06-10T13:15:58","date_gmt":"2019-06-10T13:15:58","guid":{"rendered":"https:\/\/yoestudiosalud.es\/producto\/ceu-ch-ptd-fraises-kit\/"},"modified":"2019-06-10T13:15:58","modified_gmt":"2019-06-10T13:15:58","slug":"ceu-ch-ptd-fraises-kit","status":"publish","type":"product","link":"https:\/\/yoestudiosalud.es\/fr\/produit\/ceu-ch-ptd-fraises-kit\/","title":{"rendered":"CEU-CH PTD FRAISES KIT"},"content":{"rendered":"<p>Jeu d&#8217;exercices sp\u00e9cifiques pour le cours de pathologie dentaire et de th\u00e9rapeutique (PTD) de l&#8217;universit\u00e9 CEU CARDENAL HERRERA de Valence.<\/p>\n","protected":false},"excerpt":{"rendered":"<p>Jeu d&#8217;exercices sp\u00e9cifiques pour le cours de pathologie dentaire et de th\u00e9rapeutique (PTD) de l&#8217;universit\u00e9 CEU CARDENAL HERRERA de Valence.<\/p>\n","protected":false},"featured_media":28812,"template":"","meta":[],"product_brand":[],"product_cat":[715],"product_tag":[688,768,930],"class_list":{"0":"post-28811","1":"product","2":"type-product","3":"status-publish","4":"has-post-thumbnail","6":"product_cat-fraises-fr","7":"product_tag-ceu3","8":"product_tag-ceuf","9":"product_tag-ceuelche3","10":"pa_formacion-odontologia-fr","12":"first","13":"instock","14":"taxable","15":"shipping-taxable","16":"purchasable","17":"product-type-simple"},"yoast_head":"<!-- This site is optimized with the Yoast SEO Premium plugin v27.0 (Yoast SEO v27.2) - https:\/\/yoast.com\/product\/yoast-seo-premium-wordpress\/ -->\n<title>CEU-CH PTD FRAISES KIT KOMET - yoestudiosalud.es<\/title>\n<meta name=\"description\" content=\"Jeu d&#039;exercices sp\u00e9cifiques pour le cours de pathologie dentaire et de th\u00e9rapeutique (PTD) de l&#039;universit\u00e9 CEU CARDENAL HERRERA de Valence.\" \/>\n<meta name=\"robots\" content=\"index, follow, max-snippet:-1, max-image-preview:large, max-video-preview:-1\" \/>\n<link rel=\"canonical\" href=\"https:\/\/yoestudiosalud.es\/fr\/produit\/ceu-ch-ptd-fraises-kit\/\" \/>\n<meta property=\"og:locale\" content=\"fr_FR\" \/>\n<meta property=\"og:type\" content=\"article\" \/>\n<meta property=\"og:title\" content=\"CEU-CH PTD FRAISES KIT\" \/>\n<meta property=\"og:description\" content=\"Jeu d&#039;exercices sp\u00e9cifiques pour le cours de pathologie dentaire et de th\u00e9rapeutique (PTD) de l&#039;universit\u00e9 CEU CARDENAL HERRERA de Valence.\" \/>\n<meta property=\"og:url\" content=\"https:\/\/yoestudiosalud.es\/fr\/produit\/ceu-ch-ptd-fraises-kit\/\" \/>\n<meta property=\"og:site_name\" content=\"yoestudiosalud.es\" \/>\n<meta property=\"og:image\" content=\"https:\/\/yoestudiosalud.es\/wp-content\/uploads\/2019\/06\/002494.jpg\" \/>\n\t<meta property=\"og:image:width\" content=\"650\" \/>\n\t<meta property=\"og:image:height\" content=\"650\" \/>\n\t<meta property=\"og:image:type\" content=\"image\/jpeg\" \/>\n<meta name=\"twitter:card\" content=\"summary_large_image\" \/>\n<script type=\"application\/ld+json\" class=\"yoast-schema-graph\">{\"@context\":\"https:\/\/schema.org\",\"@graph\":[{\"@type\":\"WebPage\",\"@id\":\"https:\/\/yoestudiosalud.es\/fr\/produit\/ceu-ch-ptd-fraises-kit\/\",\"url\":\"https:\/\/yoestudiosalud.es\/fr\/produit\/ceu-ch-ptd-fraises-kit\/\",\"name\":\"CEU-CH PTD FRAISES KIT KOMET - yoestudiosalud.es\",\"isPartOf\":{\"@id\":\"https:\/\/yoestudiosalud.es\/en\/#website\"},\"primaryImageOfPage\":{\"@id\":\"https:\/\/yoestudiosalud.es\/fr\/produit\/ceu-ch-ptd-fraises-kit\/#primaryimage\"},\"image\":{\"@id\":\"https:\/\/yoestudiosalud.es\/fr\/produit\/ceu-ch-ptd-fraises-kit\/#primaryimage\"},\"thumbnailUrl\":\"https:\/\/yoestudiosalud.es\/wp-content\/uploads\/2019\/06\/002494.jpg\",\"datePublished\":\"2019-06-10T13:15:58+00:00\",\"description\":\"Jeu d'exercices sp\u00e9cifiques pour le cours de pathologie dentaire et de th\u00e9rapeutique (PTD) de l'universit\u00e9 CEU CARDENAL HERRERA de Valence.\",\"breadcrumb\":{\"@id\":\"https:\/\/yoestudiosalud.es\/fr\/produit\/ceu-ch-ptd-fraises-kit\/#breadcrumb\"},\"inLanguage\":\"fr-FR\",\"potentialAction\":[{\"@type\":\"ReadAction\",\"target\":[\"https:\/\/yoestudiosalud.es\/fr\/produit\/ceu-ch-ptd-fraises-kit\/\"]}]},{\"@type\":\"ImageObject\",\"inLanguage\":\"fr-FR\",\"@id\":\"https:\/\/yoestudiosalud.es\/fr\/produit\/ceu-ch-ptd-fraises-kit\/#primaryimage\",\"url\":\"https:\/\/yoestudiosalud.es\/wp-content\/uploads\/2019\/06\/002494.jpg\",\"contentUrl\":\"https:\/\/yoestudiosalud.es\/wp-content\/uploads\/2019\/06\/002494.jpg\",\"width\":650,\"height\":650,\"caption\":\"FRESERO PTD CEUCH\"},{\"@type\":\"BreadcrumbList\",\"@id\":\"https:\/\/yoestudiosalud.es\/fr\/produit\/ceu-ch-ptd-fraises-kit\/#breadcrumb\",\"itemListElement\":[{\"@type\":\"ListItem\",\"position\":1,\"name\":\"Portada\",\"item\":\"https:\/\/yoestudiosalud.es\/fr\/\"},{\"@type\":\"ListItem\",\"position\":2,\"name\":\"Boutique\",\"item\":\"https:\/\/yoestudiosalud.es\/fr\/boutique\/\"},{\"@type\":\"ListItem\",\"position\":3,\"name\":\"CEU-CH PTD FRAISES KIT\"}]},{\"@type\":\"WebSite\",\"@id\":\"https:\/\/yoestudiosalud.es\/en\/#website\",\"url\":\"https:\/\/yoestudiosalud.es\/en\/\",\"name\":\"yoestudiosalud.es\",\"description\":\"Material para estudiantes del sector salud\",\"publisher\":{\"@id\":\"https:\/\/yoestudiosalud.es\/en\/#organization\"},\"potentialAction\":[{\"@type\":\"SearchAction\",\"target\":{\"@type\":\"EntryPoint\",\"urlTemplate\":\"https:\/\/yoestudiosalud.es\/en\/?s={search_term_string}\"},\"query-input\":{\"@type\":\"PropertyValueSpecification\",\"valueRequired\":true,\"valueName\":\"search_term_string\"}}],\"inLanguage\":\"fr-FR\"},{\"@type\":\"Organization\",\"@id\":\"https:\/\/yoestudiosalud.es\/en\/#organization\",\"name\":\"yoestudiosalud.es\",\"url\":\"https:\/\/yoestudiosalud.es\/en\/\",\"logo\":{\"@type\":\"ImageObject\",\"inLanguage\":\"fr-FR\",\"@id\":\"https:\/\/yoestudiosalud.es\/en\/#\/schema\/logo\/image\/\",\"url\":\"https:\/\/yoestudiosalud.es\/wp-content\/uploads\/2020\/04\/logonew-e1698080827687.png\",\"contentUrl\":\"https:\/\/yoestudiosalud.es\/wp-content\/uploads\/2020\/04\/logonew-e1698080827687.png\",\"width\":421,\"height\":393,\"caption\":\"yoestudiosalud.es\"},\"image\":{\"@id\":\"https:\/\/yoestudiosalud.es\/en\/#\/schema\/logo\/image\/\"}}]}<\/script>\n<!-- \/ Yoast SEO Premium plugin. -->","yoast_head_json":{"title":"CEU-CH PTD FRAISES KIT KOMET - yoestudiosalud.es","description":"Jeu d'exercices sp\u00e9cifiques pour le cours de pathologie dentaire et de th\u00e9rapeutique (PTD) de l'universit\u00e9 CEU CARDENAL HERRERA de Valence.","robots":{"index":"index","follow":"follow","max-snippet":"max-snippet:-1","max-image-preview":"max-image-preview:large","max-video-preview":"max-video-preview:-1"},"canonical":"https:\/\/yoestudiosalud.es\/fr\/produit\/ceu-ch-ptd-fraises-kit\/","og_locale":"fr_FR","og_type":"article","og_title":"CEU-CH PTD FRAISES KIT","og_description":"Jeu d'exercices sp\u00e9cifiques pour le cours de pathologie dentaire et de th\u00e9rapeutique (PTD) de l'universit\u00e9 CEU CARDENAL HERRERA de Valence.","og_url":"https:\/\/yoestudiosalud.es\/fr\/produit\/ceu-ch-ptd-fraises-kit\/","og_site_name":"yoestudiosalud.es","og_image":[{"width":650,"height":650,"url":"https:\/\/yoestudiosalud.es\/wp-content\/uploads\/2019\/06\/002494.jpg","type":"image\/jpeg"}],"twitter_card":"summary_large_image","schema":{"@context":"https:\/\/schema.org","@graph":[{"@type":"WebPage","@id":"https:\/\/yoestudiosalud.es\/fr\/produit\/ceu-ch-ptd-fraises-kit\/","url":"https:\/\/yoestudiosalud.es\/fr\/produit\/ceu-ch-ptd-fraises-kit\/","name":"CEU-CH PTD FRAISES KIT KOMET - yoestudiosalud.es","isPartOf":{"@id":"https:\/\/yoestudiosalud.es\/en\/#website"},"primaryImageOfPage":{"@id":"https:\/\/yoestudiosalud.es\/fr\/produit\/ceu-ch-ptd-fraises-kit\/#primaryimage"},"image":{"@id":"https:\/\/yoestudiosalud.es\/fr\/produit\/ceu-ch-ptd-fraises-kit\/#primaryimage"},"thumbnailUrl":"https:\/\/yoestudiosalud.es\/wp-content\/uploads\/2019\/06\/002494.jpg","datePublished":"2019-06-10T13:15:58+00:00","description":"Jeu d'exercices sp\u00e9cifiques pour le cours de pathologie dentaire et de th\u00e9rapeutique (PTD) de l'universit\u00e9 CEU CARDENAL HERRERA de Valence.","breadcrumb":{"@id":"https:\/\/yoestudiosalud.es\/fr\/produit\/ceu-ch-ptd-fraises-kit\/#breadcrumb"},"inLanguage":"fr-FR","potentialAction":[{"@type":"ReadAction","target":["https:\/\/yoestudiosalud.es\/fr\/produit\/ceu-ch-ptd-fraises-kit\/"]}]},{"@type":"ImageObject","inLanguage":"fr-FR","@id":"https:\/\/yoestudiosalud.es\/fr\/produit\/ceu-ch-ptd-fraises-kit\/#primaryimage","url":"https:\/\/yoestudiosalud.es\/wp-content\/uploads\/2019\/06\/002494.jpg","contentUrl":"https:\/\/yoestudiosalud.es\/wp-content\/uploads\/2019\/06\/002494.jpg","width":650,"height":650,"caption":"FRESERO PTD CEUCH"},{"@type":"BreadcrumbList","@id":"https:\/\/yoestudiosalud.es\/fr\/produit\/ceu-ch-ptd-fraises-kit\/#breadcrumb","itemListElement":[{"@type":"ListItem","position":1,"name":"Portada","item":"https:\/\/yoestudiosalud.es\/fr\/"},{"@type":"ListItem","position":2,"name":"Boutique","item":"https:\/\/yoestudiosalud.es\/fr\/boutique\/"},{"@type":"ListItem","position":3,"name":"CEU-CH PTD FRAISES KIT"}]},{"@type":"WebSite","@id":"https:\/\/yoestudiosalud.es\/en\/#website","url":"https:\/\/yoestudiosalud.es\/en\/","name":"yoestudiosalud.es","description":"Material para estudiantes del sector salud","publisher":{"@id":"https:\/\/yoestudiosalud.es\/en\/#organization"},"potentialAction":[{"@type":"SearchAction","target":{"@type":"EntryPoint","urlTemplate":"https:\/\/yoestudiosalud.es\/en\/?s={search_term_string}"},"query-input":{"@type":"PropertyValueSpecification","valueRequired":true,"valueName":"search_term_string"}}],"inLanguage":"fr-FR"},{"@type":"Organization","@id":"https:\/\/yoestudiosalud.es\/en\/#organization","name":"yoestudiosalud.es","url":"https:\/\/yoestudiosalud.es\/en\/","logo":{"@type":"ImageObject","inLanguage":"fr-FR","@id":"https:\/\/yoestudiosalud.es\/en\/#\/schema\/logo\/image\/","url":"https:\/\/yoestudiosalud.es\/wp-content\/uploads\/2020\/04\/logonew-e1698080827687.png","contentUrl":"https:\/\/yoestudiosalud.es\/wp-content\/uploads\/2020\/04\/logonew-e1698080827687.png","width":421,"height":393,"caption":"yoestudiosalud.es"},"image":{"@id":"https:\/\/yoestudiosalud.es\/en\/#\/schema\/logo\/image\/"}}]}},"_links":{"self":[{"href":"https:\/\/yoestudiosalud.es\/fr\/wp-json\/wp\/v2\/product\/28811","targetHints":{"allow":["GET"]}}],"collection":[{"href":"https:\/\/yoestudiosalud.es\/fr\/wp-json\/wp\/v2\/product"}],"about":[{"href":"https:\/\/yoestudiosalud.es\/fr\/wp-json\/wp\/v2\/types\/product"}],"wp:featuredmedia":[{"embeddable":true,"href":"https:\/\/yoestudiosalud.es\/fr\/wp-json\/wp\/v2\/media\/28812"}],"wp:attachment":[{"href":"https:\/\/yoestudiosalud.es\/fr\/wp-json\/wp\/v2\/media?parent=28811"}],"wp:term":[{"taxonomy":"product_brand","embeddable":true,"href":"https:\/\/yoestudiosalud.es\/fr\/wp-json\/wp\/v2\/product_brand?post=28811"},{"taxonomy":"product_cat","embeddable":true,"href":"https:\/\/yoestudiosalud.es\/fr\/wp-json\/wp\/v2\/product_cat?post=28811"},{"taxonomy":"product_tag","embeddable":true,"href":"https:\/\/yoestudiosalud.es\/fr\/wp-json\/wp\/v2\/product_tag?post=28811"}],"curies":[{"name":"wp","href":"https:\/\/api.w.org\/{rel}","templated":true}]}}