{"id":28785,"date":"2019-02-11T19:47:04","date_gmt":"2019-02-11T19:47:04","guid":{"rendered":"https:\/\/yoestudiosalud.es\/producto\/pince-a-debaguer\/"},"modified":"2019-02-11T19:47:04","modified_gmt":"2019-02-11T19:47:04","slug":"pince-a-debaguer","status":"publish","type":"product","link":"https:\/\/yoestudiosalud.es\/fr\/produit\/pince-a-debaguer\/","title":{"rendered":"PINCE \u00c0 D\u00c9BAGUER"},"content":{"rendered":"<p>Cet instrument a une conception unique qui fait de la pince un outil parfait pour retirer les bagues et les couronnes.<\/p>\n<p>Il s&#8217;agit d&#8217;un outil indispensable dans la pratique de l&#8217;odontologie, en particulier dans la sp\u00e9cialit\u00e9 de l&#8217;orthodontie. Les \u00e9tudiants en m\u00e9decine dentaire doivent apprendre \u00e0 utiliser correctement cet instrument pour garantir le succ\u00e8s du traitement orthodontique et prot\u00e9ger la structure dentaire du patient.<\/p>\n<p>Il s&#8217;agit d&#8217;un instrument utilis\u00e9 pour retirer les couronnes dentaires sans endommager les dents adjacentes ou le tissu gingival. Il est important que les \u00e9tudiants en m\u00e9decine dentaire apprennent \u00e0 l&#8217;utiliser correctement pour \u00e9viter d&#8217;endommager les dents et la structure dentaire du patient.<\/p>\n<p>Dans la sp\u00e9cialit\u00e9 de l&#8217;orthodontie, la pince est utilis\u00e9e pour retirer les couronnes des dents qui sont d\u00e9plac\u00e9es au cours d&#8217;un traitement orthodontique. Il est essentiel d&#8217;utiliser correctement la pince pour \u00e9viter d&#8217;endommager les dents adjacentes ou la structure dentaire du patient au cours du processus.<\/p>\n<p>L&#8217;extracteur de couronnes est \u00e9galement utilis\u00e9 dans d&#8217;autres sp\u00e9cialit\u00e9s de la dentisterie, telles que la parodontie, o\u00f9 il est utilis\u00e9 pour retirer les couronnes sur les dents affect\u00e9es par une maladie parodontale.<\/p>\n<p>L&#8217;utilisation correcte de l&#8217;extracteur de couronnes exige de l&#8217;habilet\u00e9 et de la dext\u00e9rit\u00e9 de la part du praticien. Les \u00e9tudiants en m\u00e9decine dentaire doivent s&#8217;entra\u00eener et acqu\u00e9rir les comp\u00e9tences n\u00e9cessaires pour utiliser la pince avec pr\u00e9cision et en toute s\u00e9curit\u00e9.<\/p>\n<p>&nbsp;<\/p>\n<p>En conclusion, l&#8217;extracteur de couronnes est un instrument indispensable dans la pratique de l&#8217;odontologie, en particulier dans la sp\u00e9cialit\u00e9 de l&#8217;orthodontie. Les \u00e9tudiants en odontologie doivent apprendre \u00e0 l&#8217;utiliser correctement pour assurer le succ\u00e8s du traitement orthodontique et prot\u00e9ger la structure dentaire du patient. Il est important que les \u00e9tudiants s&#8217;exercent et acqui\u00e8rent les comp\u00e9tences n\u00e9cessaires pour utiliser la pince avec pr\u00e9cision et en toute s\u00e9curit\u00e9. L&#8217;utilisation correcte de la pince \u00e0 couronnes est essentielle pour \u00e9viter d&#8217;endommager les dents adjacentes ou la structure dentaire du patient au cours du processus.<\/p>\n","protected":false},"excerpt":{"rendered":"<p>Cet instrument a une conception unique qui fait de la pince un outil parfait pour retirer les bagues et les couronnes.<\/p>\n","protected":false},"featured_media":28786,"template":"","meta":[],"product_brand":[],"product_cat":[711],"product_tag":[685,690,699,762,763,907,928],"class_list":{"0":"post-28785","1":"product","2":"type-product","3":"status-publish","4":"has-post-thumbnail","6":"product_cat-orthodontie-fr","7":"product_tag-uemc_ort","8":"product_tag-uem3-fr","9":"product_tag-ceu4","10":"product_tag-ucam4-fr","11":"product_tag-uev3","12":"product_tag-ceusp4-fr","13":"product_tag-ceuelche4","14":"pa_formacion-odontologia-fr","16":"first","17":"instock","18":"taxable","19":"shipping-taxable","20":"purchasable","21":"product-type-simple"},"yoast_head":"<!-- This site is optimized with the Yoast SEO Premium plugin v27.0 (Yoast SEO v27.2) - https:\/\/yoast.com\/product\/yoast-seo-premium-wordpress\/ -->\n<title>PINCE \u00c0 D\u00c9BAGUER - yoestudiosalud.es<\/title>\n<meta name=\"description\" content=\"Cet instrument a une conception unique qui fait de la pince un outil parfait pour retirer les bagues et les couronnes.\" \/>\n<meta name=\"robots\" content=\"index, follow, max-snippet:-1, max-image-preview:large, max-video-preview:-1\" \/>\n<link rel=\"canonical\" href=\"https:\/\/yoestudiosalud.es\/fr\/produit\/pince-a-debaguer\/\" \/>\n<meta property=\"og:locale\" content=\"fr_FR\" \/>\n<meta property=\"og:type\" content=\"article\" \/>\n<meta property=\"og:title\" content=\"PINCE \u00c0 D\u00c9BAGUER\" \/>\n<meta property=\"og:description\" content=\"Cet instrument a une conception unique qui fait de la pince un outil parfait pour retirer les bagues et les couronnes.\" \/>\n<meta property=\"og:url\" content=\"https:\/\/yoestudiosalud.es\/fr\/produit\/pince-a-debaguer\/\" \/>\n<meta property=\"og:site_name\" content=\"yoestudiosalud.es\" \/>\n<meta property=\"og:image\" content=\"https:\/\/yoestudiosalud.es\/wp-content\/uploads\/2019\/02\/002952B.jpg\" \/>\n\t<meta property=\"og:image:width\" content=\"650\" \/>\n\t<meta property=\"og:image:height\" content=\"650\" \/>\n\t<meta property=\"og:image:type\" content=\"image\/jpeg\" \/>\n<meta name=\"twitter:card\" content=\"summary_large_image\" \/>\n<meta name=\"twitter:label1\" content=\"Dur\u00e9e de lecture estim\u00e9e\" \/>\n\t<meta name=\"twitter:data1\" content=\"2 minutes\" \/>\n<script type=\"application\/ld+json\" class=\"yoast-schema-graph\">{\"@context\":\"https:\/\/schema.org\",\"@graph\":[{\"@type\":\"WebPage\",\"@id\":\"https:\/\/yoestudiosalud.es\/fr\/produit\/pince-a-debaguer\/\",\"url\":\"https:\/\/yoestudiosalud.es\/fr\/produit\/pince-a-debaguer\/\",\"name\":\"PINCE \u00c0 D\u00c9BAGUER - yoestudiosalud.es\",\"isPartOf\":{\"@id\":\"https:\/\/yoestudiosalud.es\/en\/#website\"},\"primaryImageOfPage\":{\"@id\":\"https:\/\/yoestudiosalud.es\/fr\/produit\/pince-a-debaguer\/#primaryimage\"},\"image\":{\"@id\":\"https:\/\/yoestudiosalud.es\/fr\/produit\/pince-a-debaguer\/#primaryimage\"},\"thumbnailUrl\":\"https:\/\/yoestudiosalud.es\/wp-content\/uploads\/2019\/02\/002952B.jpg\",\"datePublished\":\"2019-02-11T19:47:04+00:00\",\"description\":\"Cet instrument a une conception unique qui fait de la pince un outil parfait pour retirer les bagues et les couronnes.\",\"breadcrumb\":{\"@id\":\"https:\/\/yoestudiosalud.es\/fr\/produit\/pince-a-debaguer\/#breadcrumb\"},\"inLanguage\":\"fr-FR\",\"potentialAction\":[{\"@type\":\"ReadAction\",\"target\":[\"https:\/\/yoestudiosalud.es\/fr\/produit\/pince-a-debaguer\/\"]}]},{\"@type\":\"ImageObject\",\"inLanguage\":\"fr-FR\",\"@id\":\"https:\/\/yoestudiosalud.es\/fr\/produit\/pince-a-debaguer\/#primaryimage\",\"url\":\"https:\/\/yoestudiosalud.es\/wp-content\/uploads\/2019\/02\/002952B.jpg\",\"contentUrl\":\"https:\/\/yoestudiosalud.es\/wp-content\/uploads\/2019\/02\/002952B.jpg\",\"width\":650,\"height\":650,\"caption\":\"PINCE \u00c0 D\u00c9BAGUER\"},{\"@type\":\"BreadcrumbList\",\"@id\":\"https:\/\/yoestudiosalud.es\/fr\/produit\/pince-a-debaguer\/#breadcrumb\",\"itemListElement\":[{\"@type\":\"ListItem\",\"position\":1,\"name\":\"Portada\",\"item\":\"https:\/\/yoestudiosalud.es\/fr\/\"},{\"@type\":\"ListItem\",\"position\":2,\"name\":\"Boutique\",\"item\":\"https:\/\/yoestudiosalud.es\/fr\/boutique\/\"},{\"@type\":\"ListItem\",\"position\":3,\"name\":\"PINCE \u00c0 D\u00c9BAGUER\"}]},{\"@type\":\"WebSite\",\"@id\":\"https:\/\/yoestudiosalud.es\/en\/#website\",\"url\":\"https:\/\/yoestudiosalud.es\/en\/\",\"name\":\"yoestudiosalud.es\",\"description\":\"Material para estudiantes del sector salud\",\"publisher\":{\"@id\":\"https:\/\/yoestudiosalud.es\/en\/#organization\"},\"potentialAction\":[{\"@type\":\"SearchAction\",\"target\":{\"@type\":\"EntryPoint\",\"urlTemplate\":\"https:\/\/yoestudiosalud.es\/en\/?s={search_term_string}\"},\"query-input\":{\"@type\":\"PropertyValueSpecification\",\"valueRequired\":true,\"valueName\":\"search_term_string\"}}],\"inLanguage\":\"fr-FR\"},{\"@type\":\"Organization\",\"@id\":\"https:\/\/yoestudiosalud.es\/en\/#organization\",\"name\":\"yoestudiosalud.es\",\"url\":\"https:\/\/yoestudiosalud.es\/en\/\",\"logo\":{\"@type\":\"ImageObject\",\"inLanguage\":\"fr-FR\",\"@id\":\"https:\/\/yoestudiosalud.es\/en\/#\/schema\/logo\/image\/\",\"url\":\"https:\/\/yoestudiosalud.es\/wp-content\/uploads\/2020\/04\/logonew-e1698080827687.png\",\"contentUrl\":\"https:\/\/yoestudiosalud.es\/wp-content\/uploads\/2020\/04\/logonew-e1698080827687.png\",\"width\":421,\"height\":393,\"caption\":\"yoestudiosalud.es\"},\"image\":{\"@id\":\"https:\/\/yoestudiosalud.es\/en\/#\/schema\/logo\/image\/\"}}]}<\/script>\n<!-- \/ Yoast SEO Premium plugin. -->","yoast_head_json":{"title":"PINCE \u00c0 D\u00c9BAGUER - yoestudiosalud.es","description":"Cet instrument a une conception unique qui fait de la pince un outil parfait pour retirer les bagues et les couronnes.","robots":{"index":"index","follow":"follow","max-snippet":"max-snippet:-1","max-image-preview":"max-image-preview:large","max-video-preview":"max-video-preview:-1"},"canonical":"https:\/\/yoestudiosalud.es\/fr\/produit\/pince-a-debaguer\/","og_locale":"fr_FR","og_type":"article","og_title":"PINCE \u00c0 D\u00c9BAGUER","og_description":"Cet instrument a une conception unique qui fait de la pince un outil parfait pour retirer les bagues et les couronnes.","og_url":"https:\/\/yoestudiosalud.es\/fr\/produit\/pince-a-debaguer\/","og_site_name":"yoestudiosalud.es","og_image":[{"width":650,"height":650,"url":"https:\/\/yoestudiosalud.es\/wp-content\/uploads\/2019\/02\/002952B.jpg","type":"image\/jpeg"}],"twitter_card":"summary_large_image","twitter_misc":{"Dur\u00e9e de lecture estim\u00e9e":"2 minutes"},"schema":{"@context":"https:\/\/schema.org","@graph":[{"@type":"WebPage","@id":"https:\/\/yoestudiosalud.es\/fr\/produit\/pince-a-debaguer\/","url":"https:\/\/yoestudiosalud.es\/fr\/produit\/pince-a-debaguer\/","name":"PINCE \u00c0 D\u00c9BAGUER - yoestudiosalud.es","isPartOf":{"@id":"https:\/\/yoestudiosalud.es\/en\/#website"},"primaryImageOfPage":{"@id":"https:\/\/yoestudiosalud.es\/fr\/produit\/pince-a-debaguer\/#primaryimage"},"image":{"@id":"https:\/\/yoestudiosalud.es\/fr\/produit\/pince-a-debaguer\/#primaryimage"},"thumbnailUrl":"https:\/\/yoestudiosalud.es\/wp-content\/uploads\/2019\/02\/002952B.jpg","datePublished":"2019-02-11T19:47:04+00:00","description":"Cet instrument a une conception unique qui fait de la pince un outil parfait pour retirer les bagues et les couronnes.","breadcrumb":{"@id":"https:\/\/yoestudiosalud.es\/fr\/produit\/pince-a-debaguer\/#breadcrumb"},"inLanguage":"fr-FR","potentialAction":[{"@type":"ReadAction","target":["https:\/\/yoestudiosalud.es\/fr\/produit\/pince-a-debaguer\/"]}]},{"@type":"ImageObject","inLanguage":"fr-FR","@id":"https:\/\/yoestudiosalud.es\/fr\/produit\/pince-a-debaguer\/#primaryimage","url":"https:\/\/yoestudiosalud.es\/wp-content\/uploads\/2019\/02\/002952B.jpg","contentUrl":"https:\/\/yoestudiosalud.es\/wp-content\/uploads\/2019\/02\/002952B.jpg","width":650,"height":650,"caption":"PINCE \u00c0 D\u00c9BAGUER"},{"@type":"BreadcrumbList","@id":"https:\/\/yoestudiosalud.es\/fr\/produit\/pince-a-debaguer\/#breadcrumb","itemListElement":[{"@type":"ListItem","position":1,"name":"Portada","item":"https:\/\/yoestudiosalud.es\/fr\/"},{"@type":"ListItem","position":2,"name":"Boutique","item":"https:\/\/yoestudiosalud.es\/fr\/boutique\/"},{"@type":"ListItem","position":3,"name":"PINCE \u00c0 D\u00c9BAGUER"}]},{"@type":"WebSite","@id":"https:\/\/yoestudiosalud.es\/en\/#website","url":"https:\/\/yoestudiosalud.es\/en\/","name":"yoestudiosalud.es","description":"Material para estudiantes del sector salud","publisher":{"@id":"https:\/\/yoestudiosalud.es\/en\/#organization"},"potentialAction":[{"@type":"SearchAction","target":{"@type":"EntryPoint","urlTemplate":"https:\/\/yoestudiosalud.es\/en\/?s={search_term_string}"},"query-input":{"@type":"PropertyValueSpecification","valueRequired":true,"valueName":"search_term_string"}}],"inLanguage":"fr-FR"},{"@type":"Organization","@id":"https:\/\/yoestudiosalud.es\/en\/#organization","name":"yoestudiosalud.es","url":"https:\/\/yoestudiosalud.es\/en\/","logo":{"@type":"ImageObject","inLanguage":"fr-FR","@id":"https:\/\/yoestudiosalud.es\/en\/#\/schema\/logo\/image\/","url":"https:\/\/yoestudiosalud.es\/wp-content\/uploads\/2020\/04\/logonew-e1698080827687.png","contentUrl":"https:\/\/yoestudiosalud.es\/wp-content\/uploads\/2020\/04\/logonew-e1698080827687.png","width":421,"height":393,"caption":"yoestudiosalud.es"},"image":{"@id":"https:\/\/yoestudiosalud.es\/en\/#\/schema\/logo\/image\/"}}]}},"_links":{"self":[{"href":"https:\/\/yoestudiosalud.es\/fr\/wp-json\/wp\/v2\/product\/28785","targetHints":{"allow":["GET"]}}],"collection":[{"href":"https:\/\/yoestudiosalud.es\/fr\/wp-json\/wp\/v2\/product"}],"about":[{"href":"https:\/\/yoestudiosalud.es\/fr\/wp-json\/wp\/v2\/types\/product"}],"wp:featuredmedia":[{"embeddable":true,"href":"https:\/\/yoestudiosalud.es\/fr\/wp-json\/wp\/v2\/media\/28786"}],"wp:attachment":[{"href":"https:\/\/yoestudiosalud.es\/fr\/wp-json\/wp\/v2\/media?parent=28785"}],"wp:term":[{"taxonomy":"product_brand","embeddable":true,"href":"https:\/\/yoestudiosalud.es\/fr\/wp-json\/wp\/v2\/product_brand?post=28785"},{"taxonomy":"product_cat","embeddable":true,"href":"https:\/\/yoestudiosalud.es\/fr\/wp-json\/wp\/v2\/product_cat?post=28785"},{"taxonomy":"product_tag","embeddable":true,"href":"https:\/\/yoestudiosalud.es\/fr\/wp-json\/wp\/v2\/product_tag?post=28785"}],"curies":[{"name":"wp","href":"https:\/\/api.w.org\/{rel}","templated":true}]}}