{"id":28783,"date":"2019-02-11T19:35:29","date_gmt":"2019-02-11T19:35:29","guid":{"rendered":"https:\/\/yoestudiosalud.es\/producto\/pince-coupante-la-pince\/"},"modified":"2019-02-11T19:35:29","modified_gmt":"2019-02-11T19:35:29","slug":"pince-coupante-la-pince","status":"publish","type":"product","link":"https:\/\/yoestudiosalud.es\/fr\/produit\/pince-coupante-la-pince\/","title":{"rendered":"LA PINCE COUPANTE"},"content":{"rendered":"<p>La pince coupante utilis\u00e9e en orthodontie est indiqu\u00e9e pour couper les fils durs et \u00e9pais.<\/p>\n<p>Gr\u00e2ce \u00e0 sa conception et \u00e0 ses caract\u00e9ristiques sp\u00e9cifiques, la pince coupante pour fils \u00e9pais permet \u00e0 l&#8217;orthodontiste de r\u00e9aliser des coupes pr\u00e9cises et nettes.<\/p>\n<p>Dans les fils utilis\u00e9s dans les brackets et autres dispositifs orthodontiques, nous obtenons une coupe facile, sans d\u00e9fauts ni imperfections.<\/p>\n<p>Cette pince se compose de deux poign\u00e9es, d&#8217;une articulation et de deux lames de coupe.<\/p>\n<p>Les poign\u00e9es offrent une prise ferme et confortable, permettant \u00e0 l&#8217;orthodontiste d&#8217;appliquer la force n\u00e9cessaire pendant la coupe.<\/p>\n<p>L&#8217;articulation permet le mouvement des lames de coupe, qui sont tranchantes et con\u00e7ues pour couper des fils de gros calibre.<\/p>\n<p>L&#8217;utilisation de la pince coupante pour fils \u00e9pais requiert de l&#8217;habilet\u00e9 et de la pr\u00e9cision.<\/p>\n<p>L&#8217;orthodontiste doit d&#8217;abord identifier l&#8217;endroit exact o\u00f9 la coupe doit \u00eatre effectu\u00e9e, placer le fil dans les lames de coupe et enfin appliquer la pression appropri\u00e9e pour obtenir une coupe nette.<\/p>\n<p>En r\u00e9sum\u00e9, la pince coupante pour fils \u00e9pais est un outil essentiel en orthodontie. Sa conception et ses caract\u00e9ristiques permettent de r\u00e9aliser des coupes pr\u00e9cises et nettes sur les fils utilis\u00e9s dans les appareils dentaires. L&#8217;habilet\u00e9 et la pr\u00e9cision requises pour son utilisation en font un outil pr\u00e9cieux dans le cabinet d&#8217;un orthodontiste.<\/p>\n<p>Par cons\u00e9quent, avec leur aide, le praticien peut ajuster et manipuler les fils efficacement et contribuer ainsi \u00e0 la r\u00e9ussite du traitement orthodontique et \u00e0 l&#8217;obtention d&#8217;un sourire beau et sain.<\/p>\n<p>&nbsp;<\/p>\n<p><strong>Caract\u00e9ristiques de la pince coupante pour fils grossiers :<\/strong><\/p>\n<p>Produite par Master Surgical.<br \/>\nCoupe facilement les fils \u00e9pais et durs.<br \/>\nCapacit\u00e9 de coupe du fil carr\u00e9 0,016 \u00ab x0,022 \u00bb (0,41 x 56 mm)<br \/>\nCapacit\u00e9 maximale de coupe des fils ronds de 0,7 mm (0,020&#8243;).<br \/>\nFabriqu\u00e9 en acier inoxydable<br \/>\nRev\u00eatement en tungst\u00e8ne.<br \/>\nLongueur : 13 cm.<\/p>\n","protected":false},"excerpt":{"rendered":"<p>La pince coupante utilis\u00e9e en orthodontie est indiqu\u00e9e pour couper  [&#8230;]<\/p>\n","protected":false},"featured_media":28784,"template":"","meta":[],"product_brand":[],"product_cat":[711],"product_tag":[685,690],"class_list":{"0":"post-28783","1":"product","2":"type-product","3":"status-publish","4":"has-post-thumbnail","6":"product_cat-orthodontie-fr","7":"product_tag-uemc_ort","8":"product_tag-uem3-fr","9":"pa_formacion-odontologia-fr","11":"first","12":"instock","13":"sale","14":"taxable","15":"shipping-taxable","16":"purchasable","17":"product-type-simple"},"yoast_head":"<!-- This site is optimized with the Yoast SEO Premium plugin v27.0 (Yoast SEO v27.2) - https:\/\/yoast.com\/product\/yoast-seo-premium-wordpress\/ -->\n<title>LA PINCE COUPANTE - yoestudiosalud.es<\/title>\n<meta name=\"description\" content=\"La pince coupante utilis\u00e9e en orthodontie est indiqu\u00e9e pour couper les fils durs et \u00e9pais.\" \/>\n<meta name=\"robots\" content=\"index, follow, max-snippet:-1, max-image-preview:large, max-video-preview:-1\" \/>\n<link rel=\"canonical\" href=\"https:\/\/yoestudiosalud.es\/produit\/alicate-de-corte-de-alambre-tungsteno-ms\/\" \/>\n<meta property=\"og:locale\" content=\"fr_FR\" \/>\n<meta property=\"og:type\" content=\"article\" \/>\n<meta property=\"og:title\" content=\"LA PINCE COUPANTE\" \/>\n<meta property=\"og:description\" content=\"La pince coupante utilis\u00e9e en orthodontie est indiqu\u00e9e pour couper les fils durs et \u00e9pais.\" \/>\n<meta property=\"og:url\" content=\"https:\/\/yoestudiosalud.es\/produit\/alicate-de-corte-de-alambre-tungsteno-ms\/\" \/>\n<meta property=\"og:site_name\" content=\"yoestudiosalud.es\" \/>\n<meta property=\"og:image\" content=\"https:\/\/yoestudiosalud.es\/wp-content\/uploads\/2019\/02\/002897.jpg\" \/>\n\t<meta property=\"og:image:width\" content=\"650\" \/>\n\t<meta property=\"og:image:height\" content=\"650\" \/>\n\t<meta property=\"og:image:type\" content=\"image\/jpeg\" \/>\n<meta name=\"twitter:card\" content=\"summary_large_image\" \/>\n<meta name=\"twitter:label1\" content=\"Dur\u00e9e de lecture estim\u00e9e\" \/>\n\t<meta name=\"twitter:data1\" content=\"2 minutes\" \/>\n<script type=\"application\/ld+json\" class=\"yoast-schema-graph\">{\"@context\":\"https:\/\/schema.org\",\"@graph\":[{\"@type\":\"WebPage\",\"@id\":\"https:\/\/yoestudiosalud.es\/produit\/alicate-de-corte-de-alambre-tungsteno-ms\/\",\"url\":\"https:\/\/yoestudiosalud.es\/produit\/alicate-de-corte-de-alambre-tungsteno-ms\/\",\"name\":\"LA PINCE COUPANTE - yoestudiosalud.es\",\"isPartOf\":{\"@id\":\"https:\/\/yoestudiosalud.es\/en\/#website\"},\"primaryImageOfPage\":{\"@id\":\"https:\/\/yoestudiosalud.es\/produit\/alicate-de-corte-de-alambre-tungsteno-ms\/#primaryimage\"},\"image\":{\"@id\":\"https:\/\/yoestudiosalud.es\/produit\/alicate-de-corte-de-alambre-tungsteno-ms\/#primaryimage\"},\"thumbnailUrl\":\"https:\/\/yoestudiosalud.es\/wp-content\/uploads\/2019\/02\/002897.jpg\",\"datePublished\":\"2019-02-11T19:35:29+00:00\",\"description\":\"La pince coupante utilis\u00e9e en orthodontie est indiqu\u00e9e pour couper les fils durs et \u00e9pais.\",\"breadcrumb\":{\"@id\":\"https:\/\/yoestudiosalud.es\/produit\/alicate-de-corte-de-alambre-tungsteno-ms\/#breadcrumb\"},\"inLanguage\":\"fr-FR\",\"potentialAction\":[{\"@type\":\"ReadAction\",\"target\":[\"https:\/\/yoestudiosalud.es\/produit\/alicate-de-corte-de-alambre-tungsteno-ms\/\"]}]},{\"@type\":\"ImageObject\",\"inLanguage\":\"fr-FR\",\"@id\":\"https:\/\/yoestudiosalud.es\/produit\/alicate-de-corte-de-alambre-tungsteno-ms\/#primaryimage\",\"url\":\"https:\/\/yoestudiosalud.es\/wp-content\/uploads\/2019\/02\/002897.jpg\",\"contentUrl\":\"https:\/\/yoestudiosalud.es\/wp-content\/uploads\/2019\/02\/002897.jpg\",\"width\":650,\"height\":650,\"caption\":\"LA PINCE COUPANTE\"},{\"@type\":\"BreadcrumbList\",\"@id\":\"https:\/\/yoestudiosalud.es\/produit\/alicate-de-corte-de-alambre-tungsteno-ms\/#breadcrumb\",\"itemListElement\":[{\"@type\":\"ListItem\",\"position\":1,\"name\":\"Portada\",\"item\":\"https:\/\/yoestudiosalud.es\/fr\/\"},{\"@type\":\"ListItem\",\"position\":2,\"name\":\"Boutique\",\"item\":\"https:\/\/yoestudiosalud.es\/fr\/boutique\/\"},{\"@type\":\"ListItem\",\"position\":3,\"name\":\"LA PINCE COUPANTE\"}]},{\"@type\":\"WebSite\",\"@id\":\"https:\/\/yoestudiosalud.es\/en\/#website\",\"url\":\"https:\/\/yoestudiosalud.es\/en\/\",\"name\":\"yoestudiosalud.es\",\"description\":\"Material para estudiantes del sector salud\",\"publisher\":{\"@id\":\"https:\/\/yoestudiosalud.es\/en\/#organization\"},\"potentialAction\":[{\"@type\":\"SearchAction\",\"target\":{\"@type\":\"EntryPoint\",\"urlTemplate\":\"https:\/\/yoestudiosalud.es\/en\/?s={search_term_string}\"},\"query-input\":{\"@type\":\"PropertyValueSpecification\",\"valueRequired\":true,\"valueName\":\"search_term_string\"}}],\"inLanguage\":\"fr-FR\"},{\"@type\":\"Organization\",\"@id\":\"https:\/\/yoestudiosalud.es\/en\/#organization\",\"name\":\"yoestudiosalud.es\",\"url\":\"https:\/\/yoestudiosalud.es\/en\/\",\"logo\":{\"@type\":\"ImageObject\",\"inLanguage\":\"fr-FR\",\"@id\":\"https:\/\/yoestudiosalud.es\/en\/#\/schema\/logo\/image\/\",\"url\":\"https:\/\/yoestudiosalud.es\/wp-content\/uploads\/2020\/04\/logonew-e1698080827687.png\",\"contentUrl\":\"https:\/\/yoestudiosalud.es\/wp-content\/uploads\/2020\/04\/logonew-e1698080827687.png\",\"width\":421,\"height\":393,\"caption\":\"yoestudiosalud.es\"},\"image\":{\"@id\":\"https:\/\/yoestudiosalud.es\/en\/#\/schema\/logo\/image\/\"}}]}<\/script>\n<!-- \/ Yoast SEO Premium plugin. -->","yoast_head_json":{"title":"LA PINCE COUPANTE - yoestudiosalud.es","description":"La pince coupante utilis\u00e9e en orthodontie est indiqu\u00e9e pour couper les fils durs et \u00e9pais.","robots":{"index":"index","follow":"follow","max-snippet":"max-snippet:-1","max-image-preview":"max-image-preview:large","max-video-preview":"max-video-preview:-1"},"canonical":"https:\/\/yoestudiosalud.es\/produit\/alicate-de-corte-de-alambre-tungsteno-ms\/","og_locale":"fr_FR","og_type":"article","og_title":"LA PINCE COUPANTE","og_description":"La pince coupante utilis\u00e9e en orthodontie est indiqu\u00e9e pour couper les fils durs et \u00e9pais.","og_url":"https:\/\/yoestudiosalud.es\/produit\/alicate-de-corte-de-alambre-tungsteno-ms\/","og_site_name":"yoestudiosalud.es","og_image":[{"width":650,"height":650,"url":"https:\/\/yoestudiosalud.es\/wp-content\/uploads\/2019\/02\/002897.jpg","type":"image\/jpeg"}],"twitter_card":"summary_large_image","twitter_misc":{"Dur\u00e9e de lecture estim\u00e9e":"2 minutes"},"schema":{"@context":"https:\/\/schema.org","@graph":[{"@type":"WebPage","@id":"https:\/\/yoestudiosalud.es\/produit\/alicate-de-corte-de-alambre-tungsteno-ms\/","url":"https:\/\/yoestudiosalud.es\/produit\/alicate-de-corte-de-alambre-tungsteno-ms\/","name":"LA PINCE COUPANTE - yoestudiosalud.es","isPartOf":{"@id":"https:\/\/yoestudiosalud.es\/en\/#website"},"primaryImageOfPage":{"@id":"https:\/\/yoestudiosalud.es\/produit\/alicate-de-corte-de-alambre-tungsteno-ms\/#primaryimage"},"image":{"@id":"https:\/\/yoestudiosalud.es\/produit\/alicate-de-corte-de-alambre-tungsteno-ms\/#primaryimage"},"thumbnailUrl":"https:\/\/yoestudiosalud.es\/wp-content\/uploads\/2019\/02\/002897.jpg","datePublished":"2019-02-11T19:35:29+00:00","description":"La pince coupante utilis\u00e9e en orthodontie est indiqu\u00e9e pour couper les fils durs et \u00e9pais.","breadcrumb":{"@id":"https:\/\/yoestudiosalud.es\/produit\/alicate-de-corte-de-alambre-tungsteno-ms\/#breadcrumb"},"inLanguage":"fr-FR","potentialAction":[{"@type":"ReadAction","target":["https:\/\/yoestudiosalud.es\/produit\/alicate-de-corte-de-alambre-tungsteno-ms\/"]}]},{"@type":"ImageObject","inLanguage":"fr-FR","@id":"https:\/\/yoestudiosalud.es\/produit\/alicate-de-corte-de-alambre-tungsteno-ms\/#primaryimage","url":"https:\/\/yoestudiosalud.es\/wp-content\/uploads\/2019\/02\/002897.jpg","contentUrl":"https:\/\/yoestudiosalud.es\/wp-content\/uploads\/2019\/02\/002897.jpg","width":650,"height":650,"caption":"LA PINCE COUPANTE"},{"@type":"BreadcrumbList","@id":"https:\/\/yoestudiosalud.es\/produit\/alicate-de-corte-de-alambre-tungsteno-ms\/#breadcrumb","itemListElement":[{"@type":"ListItem","position":1,"name":"Portada","item":"https:\/\/yoestudiosalud.es\/fr\/"},{"@type":"ListItem","position":2,"name":"Boutique","item":"https:\/\/yoestudiosalud.es\/fr\/boutique\/"},{"@type":"ListItem","position":3,"name":"LA PINCE COUPANTE"}]},{"@type":"WebSite","@id":"https:\/\/yoestudiosalud.es\/en\/#website","url":"https:\/\/yoestudiosalud.es\/en\/","name":"yoestudiosalud.es","description":"Material para estudiantes del sector salud","publisher":{"@id":"https:\/\/yoestudiosalud.es\/en\/#organization"},"potentialAction":[{"@type":"SearchAction","target":{"@type":"EntryPoint","urlTemplate":"https:\/\/yoestudiosalud.es\/en\/?s={search_term_string}"},"query-input":{"@type":"PropertyValueSpecification","valueRequired":true,"valueName":"search_term_string"}}],"inLanguage":"fr-FR"},{"@type":"Organization","@id":"https:\/\/yoestudiosalud.es\/en\/#organization","name":"yoestudiosalud.es","url":"https:\/\/yoestudiosalud.es\/en\/","logo":{"@type":"ImageObject","inLanguage":"fr-FR","@id":"https:\/\/yoestudiosalud.es\/en\/#\/schema\/logo\/image\/","url":"https:\/\/yoestudiosalud.es\/wp-content\/uploads\/2020\/04\/logonew-e1698080827687.png","contentUrl":"https:\/\/yoestudiosalud.es\/wp-content\/uploads\/2020\/04\/logonew-e1698080827687.png","width":421,"height":393,"caption":"yoestudiosalud.es"},"image":{"@id":"https:\/\/yoestudiosalud.es\/en\/#\/schema\/logo\/image\/"}}]}},"_links":{"self":[{"href":"https:\/\/yoestudiosalud.es\/fr\/wp-json\/wp\/v2\/product\/28783","targetHints":{"allow":["GET"]}}],"collection":[{"href":"https:\/\/yoestudiosalud.es\/fr\/wp-json\/wp\/v2\/product"}],"about":[{"href":"https:\/\/yoestudiosalud.es\/fr\/wp-json\/wp\/v2\/types\/product"}],"wp:featuredmedia":[{"embeddable":true,"href":"https:\/\/yoestudiosalud.es\/fr\/wp-json\/wp\/v2\/media\/28784"}],"wp:attachment":[{"href":"https:\/\/yoestudiosalud.es\/fr\/wp-json\/wp\/v2\/media?parent=28783"}],"wp:term":[{"taxonomy":"product_brand","embeddable":true,"href":"https:\/\/yoestudiosalud.es\/fr\/wp-json\/wp\/v2\/product_brand?post=28783"},{"taxonomy":"product_cat","embeddable":true,"href":"https:\/\/yoestudiosalud.es\/fr\/wp-json\/wp\/v2\/product_cat?post=28783"},{"taxonomy":"product_tag","embeddable":true,"href":"https:\/\/yoestudiosalud.es\/fr\/wp-json\/wp\/v2\/product_tag?post=28783"}],"curies":[{"name":"wp","href":"https:\/\/api.w.org\/{rel}","templated":true}]}}