{"id":28781,"date":"2019-02-11T18:24:27","date_gmt":"2019-02-11T18:24:27","guid":{"rendered":"https:\/\/yoestudiosalud.es\/producto\/pots-a-coton-sale\/"},"modified":"2019-02-11T18:24:27","modified_gmt":"2019-02-11T18:24:27","slug":"pots-a-coton-sale","status":"publish","type":"product","link":"https:\/\/yoestudiosalud.es\/fr\/produit\/pots-a-coton-sale\/","title":{"rendered":"POTS \u00c0 COTON SALE"},"content":{"rendered":"<p>Le distributeur de cotons souill\u00e9s de la marque Master. Constitu\u00e9 d&#8217;un r\u00e9servoir pour jeter les cotons-tiges usag\u00e9s. Fabriqu\u00e9 en acier inoxydable.<\/p>\n","protected":false},"excerpt":{"rendered":"<p>Le distributeur de cotons souill\u00e9s de la marque Master. Constitu\u00e9 d&#8217;un r\u00e9servoir pour jeter les cotons-tiges usag\u00e9s. Fabriqu\u00e9 en acier inoxydable.<\/p>\n","protected":false},"featured_media":28782,"template":"","meta":[],"product_brand":[],"product_cat":[669],"product_tag":[],"class_list":{"0":"post-28781","1":"product","2":"type-product","3":"status-publish","4":"has-post-thumbnail","6":"product_cat-general-fr","7":"pa_formacion-odontologia-fr","9":"first","10":"instock","11":"sale","12":"taxable","13":"shipping-taxable","14":"purchasable","15":"product-type-simple"},"yoast_head":"<!-- This site is optimized with the Yoast SEO Premium plugin v27.0 (Yoast SEO v27.2) - https:\/\/yoast.com\/product\/yoast-seo-premium-wordpress\/ -->\n<title>POTS \u00c0 COTON SALE - yoestudiosalud.es dep\u00f3sito dental estudiantes<\/title>\n<meta name=\"description\" content=\"Le distributeur de cotons souill\u00e9s de la marque Master. Constitu\u00e9 d&#039;un r\u00e9servoir pour jeter les cotons-tiges usag\u00e9s. Fabriqu\u00e9 en acier inoxydable.\" \/>\n<meta name=\"robots\" content=\"index, follow, max-snippet:-1, max-image-preview:large, max-video-preview:-1\" \/>\n<link rel=\"canonical\" href=\"https:\/\/yoestudiosalud.es\/produit\/algodonera-sucios\/\" \/>\n<meta property=\"og:locale\" content=\"fr_FR\" \/>\n<meta property=\"og:type\" content=\"article\" \/>\n<meta property=\"og:title\" content=\"POTS \u00c0 COTON SALE\" \/>\n<meta property=\"og:description\" content=\"Le distributeur de cotons souill\u00e9s de la marque Master. Constitu\u00e9 d&#039;un r\u00e9servoir pour jeter les cotons-tiges usag\u00e9s. Fabriqu\u00e9 en acier inoxydable.\" \/>\n<meta property=\"og:url\" content=\"https:\/\/yoestudiosalud.es\/produit\/algodonera-sucios\/\" \/>\n<meta property=\"og:site_name\" content=\"yoestudiosalud.es\" \/>\n<meta property=\"og:image\" content=\"https:\/\/yoestudiosalud.es\/wp-content\/uploads\/2019\/02\/002991.jpg\" \/>\n\t<meta property=\"og:image:width\" content=\"650\" \/>\n\t<meta property=\"og:image:height\" content=\"650\" \/>\n\t<meta property=\"og:image:type\" content=\"image\/jpeg\" \/>\n<meta name=\"twitter:card\" content=\"summary_large_image\" \/>\n<script type=\"application\/ld+json\" class=\"yoast-schema-graph\">{\"@context\":\"https:\/\/schema.org\",\"@graph\":[{\"@type\":\"WebPage\",\"@id\":\"https:\/\/yoestudiosalud.es\/produit\/algodonera-sucios\/\",\"url\":\"https:\/\/yoestudiosalud.es\/produit\/algodonera-sucios\/\",\"name\":\"POTS \u00c0 COTON SALE - yoestudiosalud.es dep\u00f3sito dental estudiantes\",\"isPartOf\":{\"@id\":\"https:\/\/yoestudiosalud.es\/en\/#website\"},\"primaryImageOfPage\":{\"@id\":\"https:\/\/yoestudiosalud.es\/produit\/algodonera-sucios\/#primaryimage\"},\"image\":{\"@id\":\"https:\/\/yoestudiosalud.es\/produit\/algodonera-sucios\/#primaryimage\"},\"thumbnailUrl\":\"https:\/\/yoestudiosalud.es\/wp-content\/uploads\/2019\/02\/002991.jpg\",\"datePublished\":\"2019-02-11T18:24:27+00:00\",\"description\":\"Le distributeur de cotons souill\u00e9s de la marque Master. Constitu\u00e9 d'un r\u00e9servoir pour jeter les cotons-tiges usag\u00e9s. Fabriqu\u00e9 en acier inoxydable.\",\"breadcrumb\":{\"@id\":\"https:\/\/yoestudiosalud.es\/produit\/algodonera-sucios\/#breadcrumb\"},\"inLanguage\":\"fr-FR\",\"potentialAction\":[{\"@type\":\"ReadAction\",\"target\":[\"https:\/\/yoestudiosalud.es\/produit\/algodonera-sucios\/\"]}]},{\"@type\":\"ImageObject\",\"inLanguage\":\"fr-FR\",\"@id\":\"https:\/\/yoestudiosalud.es\/produit\/algodonera-sucios\/#primaryimage\",\"url\":\"https:\/\/yoestudiosalud.es\/wp-content\/uploads\/2019\/02\/002991.jpg\",\"contentUrl\":\"https:\/\/yoestudiosalud.es\/wp-content\/uploads\/2019\/02\/002991.jpg\",\"width\":650,\"height\":650,\"caption\":\"POTS \u00c0 COTON SALE\"},{\"@type\":\"BreadcrumbList\",\"@id\":\"https:\/\/yoestudiosalud.es\/produit\/algodonera-sucios\/#breadcrumb\",\"itemListElement\":[{\"@type\":\"ListItem\",\"position\":1,\"name\":\"Portada\",\"item\":\"https:\/\/yoestudiosalud.es\/fr\/\"},{\"@type\":\"ListItem\",\"position\":2,\"name\":\"Boutique\",\"item\":\"https:\/\/yoestudiosalud.es\/fr\/boutique\/\"},{\"@type\":\"ListItem\",\"position\":3,\"name\":\"POTS \u00c0 COTON SALE\"}]},{\"@type\":\"WebSite\",\"@id\":\"https:\/\/yoestudiosalud.es\/en\/#website\",\"url\":\"https:\/\/yoestudiosalud.es\/en\/\",\"name\":\"yoestudiosalud.es\",\"description\":\"Material para estudiantes del sector salud\",\"publisher\":{\"@id\":\"https:\/\/yoestudiosalud.es\/en\/#organization\"},\"potentialAction\":[{\"@type\":\"SearchAction\",\"target\":{\"@type\":\"EntryPoint\",\"urlTemplate\":\"https:\/\/yoestudiosalud.es\/en\/?s={search_term_string}\"},\"query-input\":{\"@type\":\"PropertyValueSpecification\",\"valueRequired\":true,\"valueName\":\"search_term_string\"}}],\"inLanguage\":\"fr-FR\"},{\"@type\":\"Organization\",\"@id\":\"https:\/\/yoestudiosalud.es\/en\/#organization\",\"name\":\"yoestudiosalud.es\",\"url\":\"https:\/\/yoestudiosalud.es\/en\/\",\"logo\":{\"@type\":\"ImageObject\",\"inLanguage\":\"fr-FR\",\"@id\":\"https:\/\/yoestudiosalud.es\/en\/#\/schema\/logo\/image\/\",\"url\":\"https:\/\/yoestudiosalud.es\/wp-content\/uploads\/2020\/04\/logonew-e1698080827687.png\",\"contentUrl\":\"https:\/\/yoestudiosalud.es\/wp-content\/uploads\/2020\/04\/logonew-e1698080827687.png\",\"width\":421,\"height\":393,\"caption\":\"yoestudiosalud.es\"},\"image\":{\"@id\":\"https:\/\/yoestudiosalud.es\/en\/#\/schema\/logo\/image\/\"}}]}<\/script>\n<!-- \/ Yoast SEO Premium plugin. -->","yoast_head_json":{"title":"POTS \u00c0 COTON SALE - yoestudiosalud.es dep\u00f3sito dental estudiantes","description":"Le distributeur de cotons souill\u00e9s de la marque Master. Constitu\u00e9 d'un r\u00e9servoir pour jeter les cotons-tiges usag\u00e9s. Fabriqu\u00e9 en acier inoxydable.","robots":{"index":"index","follow":"follow","max-snippet":"max-snippet:-1","max-image-preview":"max-image-preview:large","max-video-preview":"max-video-preview:-1"},"canonical":"https:\/\/yoestudiosalud.es\/produit\/algodonera-sucios\/","og_locale":"fr_FR","og_type":"article","og_title":"POTS \u00c0 COTON SALE","og_description":"Le distributeur de cotons souill\u00e9s de la marque Master. Constitu\u00e9 d'un r\u00e9servoir pour jeter les cotons-tiges usag\u00e9s. Fabriqu\u00e9 en acier inoxydable.","og_url":"https:\/\/yoestudiosalud.es\/produit\/algodonera-sucios\/","og_site_name":"yoestudiosalud.es","og_image":[{"width":650,"height":650,"url":"https:\/\/yoestudiosalud.es\/wp-content\/uploads\/2019\/02\/002991.jpg","type":"image\/jpeg"}],"twitter_card":"summary_large_image","schema":{"@context":"https:\/\/schema.org","@graph":[{"@type":"WebPage","@id":"https:\/\/yoestudiosalud.es\/produit\/algodonera-sucios\/","url":"https:\/\/yoestudiosalud.es\/produit\/algodonera-sucios\/","name":"POTS \u00c0 COTON SALE - yoestudiosalud.es dep\u00f3sito dental estudiantes","isPartOf":{"@id":"https:\/\/yoestudiosalud.es\/en\/#website"},"primaryImageOfPage":{"@id":"https:\/\/yoestudiosalud.es\/produit\/algodonera-sucios\/#primaryimage"},"image":{"@id":"https:\/\/yoestudiosalud.es\/produit\/algodonera-sucios\/#primaryimage"},"thumbnailUrl":"https:\/\/yoestudiosalud.es\/wp-content\/uploads\/2019\/02\/002991.jpg","datePublished":"2019-02-11T18:24:27+00:00","description":"Le distributeur de cotons souill\u00e9s de la marque Master. Constitu\u00e9 d'un r\u00e9servoir pour jeter les cotons-tiges usag\u00e9s. Fabriqu\u00e9 en acier inoxydable.","breadcrumb":{"@id":"https:\/\/yoestudiosalud.es\/produit\/algodonera-sucios\/#breadcrumb"},"inLanguage":"fr-FR","potentialAction":[{"@type":"ReadAction","target":["https:\/\/yoestudiosalud.es\/produit\/algodonera-sucios\/"]}]},{"@type":"ImageObject","inLanguage":"fr-FR","@id":"https:\/\/yoestudiosalud.es\/produit\/algodonera-sucios\/#primaryimage","url":"https:\/\/yoestudiosalud.es\/wp-content\/uploads\/2019\/02\/002991.jpg","contentUrl":"https:\/\/yoestudiosalud.es\/wp-content\/uploads\/2019\/02\/002991.jpg","width":650,"height":650,"caption":"POTS \u00c0 COTON SALE"},{"@type":"BreadcrumbList","@id":"https:\/\/yoestudiosalud.es\/produit\/algodonera-sucios\/#breadcrumb","itemListElement":[{"@type":"ListItem","position":1,"name":"Portada","item":"https:\/\/yoestudiosalud.es\/fr\/"},{"@type":"ListItem","position":2,"name":"Boutique","item":"https:\/\/yoestudiosalud.es\/fr\/boutique\/"},{"@type":"ListItem","position":3,"name":"POTS \u00c0 COTON SALE"}]},{"@type":"WebSite","@id":"https:\/\/yoestudiosalud.es\/en\/#website","url":"https:\/\/yoestudiosalud.es\/en\/","name":"yoestudiosalud.es","description":"Material para estudiantes del sector salud","publisher":{"@id":"https:\/\/yoestudiosalud.es\/en\/#organization"},"potentialAction":[{"@type":"SearchAction","target":{"@type":"EntryPoint","urlTemplate":"https:\/\/yoestudiosalud.es\/en\/?s={search_term_string}"},"query-input":{"@type":"PropertyValueSpecification","valueRequired":true,"valueName":"search_term_string"}}],"inLanguage":"fr-FR"},{"@type":"Organization","@id":"https:\/\/yoestudiosalud.es\/en\/#organization","name":"yoestudiosalud.es","url":"https:\/\/yoestudiosalud.es\/en\/","logo":{"@type":"ImageObject","inLanguage":"fr-FR","@id":"https:\/\/yoestudiosalud.es\/en\/#\/schema\/logo\/image\/","url":"https:\/\/yoestudiosalud.es\/wp-content\/uploads\/2020\/04\/logonew-e1698080827687.png","contentUrl":"https:\/\/yoestudiosalud.es\/wp-content\/uploads\/2020\/04\/logonew-e1698080827687.png","width":421,"height":393,"caption":"yoestudiosalud.es"},"image":{"@id":"https:\/\/yoestudiosalud.es\/en\/#\/schema\/logo\/image\/"}}]}},"_links":{"self":[{"href":"https:\/\/yoestudiosalud.es\/fr\/wp-json\/wp\/v2\/product\/28781","targetHints":{"allow":["GET"]}}],"collection":[{"href":"https:\/\/yoestudiosalud.es\/fr\/wp-json\/wp\/v2\/product"}],"about":[{"href":"https:\/\/yoestudiosalud.es\/fr\/wp-json\/wp\/v2\/types\/product"}],"wp:featuredmedia":[{"embeddable":true,"href":"https:\/\/yoestudiosalud.es\/fr\/wp-json\/wp\/v2\/media\/28782"}],"wp:attachment":[{"href":"https:\/\/yoestudiosalud.es\/fr\/wp-json\/wp\/v2\/media?parent=28781"}],"wp:term":[{"taxonomy":"product_brand","embeddable":true,"href":"https:\/\/yoestudiosalud.es\/fr\/wp-json\/wp\/v2\/product_brand?post=28781"},{"taxonomy":"product_cat","embeddable":true,"href":"https:\/\/yoestudiosalud.es\/fr\/wp-json\/wp\/v2\/product_cat?post=28781"},{"taxonomy":"product_tag","embeddable":true,"href":"https:\/\/yoestudiosalud.es\/fr\/wp-json\/wp\/v2\/product_tag?post=28781"}],"curies":[{"name":"wp","href":"https:\/\/api.w.org\/{rel}","templated":true}]}}