{"id":28751,"date":"2018-09-05T10:53:39","date_gmt":"2018-09-05T10:53:39","guid":{"rendered":"https:\/\/yoestudiosalud.es\/producto\/socle-caoutchouc-split-cast\/"},"modified":"2018-09-05T10:53:39","modified_gmt":"2018-09-05T10:53:39","slug":"socle-caoutchouc-split-cast","status":"publish","type":"product","link":"https:\/\/yoestudiosalud.es\/fr\/produit\/socle-caoutchouc-split-cast\/","title":{"rendered":"SOCLE CAOUTCHOUC SPLIT-CAST"},"content":{"rendered":"<p>Le jeu de socle en caoutchouc en deux parties split cast se compose d&#8217;une partie sup\u00e9rieure et d&#8217;une partie inf\u00e9rieure. Id\u00e9al pour la r\u00e9alisation de mod\u00e8les en pl\u00e2tre.<\/p>\n<p>Fabriqu\u00e9 par Master Surgical. Produits au meilleur prix<\/p>\n","protected":false},"excerpt":{"rendered":"<p>Le jeu de socle en caoutchouc en deux parties split cast se compose d&#8217;une partie sup\u00e9rieure et d&#8217;une partie inf\u00e9rieure. Id\u00e9al pour la r\u00e9alisation de mod\u00e8les en pl\u00e2tre.<\/p>\n","protected":false},"featured_media":28753,"template":"","meta":[],"product_brand":[],"product_cat":[669],"product_tag":[757,930,674,676,679,683,687,688,706],"class_list":{"0":"post-28751","1":"product","2":"type-product","3":"status-publish","4":"has-post-thumbnail","6":"product_cat-general-fr","7":"product_tag-prot-fp-folguera-fr","8":"product_tag-ceuelche3","9":"product_tag-uv2","10":"product_tag-ucam2-fr","11":"product_tag-ceusp2-fr","12":"product_tag-uev1","13":"product_tag-uem2-fr","14":"product_tag-ceu3","15":"product_tag-ucm2-fr","17":"first","18":"instock","19":"taxable","20":"shipping-taxable","21":"purchasable","22":"product-type-simple"},"yoast_head":"<!-- This site is optimized with the Yoast SEO Premium plugin v27.0 (Yoast SEO v27.4) - https:\/\/yoast.com\/product\/yoast-seo-premium-wordpress\/ -->\n<title>SOCLE CAOUTCHOUC SPLIT-CAST - yoestudiosalud.es<\/title>\n<meta name=\"description\" content=\"Le jeu de socle en caoutchouc en deux parties split cast se compose d&#039;une partie sup\u00e9rieure et d&#039;une partie inf\u00e9rieure. Id\u00e9al pour la r\u00e9alisation de mod\u00e8les en pl\u00e2tre.\" \/>\n<meta name=\"robots\" content=\"index, follow, max-snippet:-1, max-image-preview:large, max-video-preview:-1\" \/>\n<link rel=\"canonical\" href=\"https:\/\/yoestudiosalud.es\/fr\/produit\/socle-caoutchouc-split-cast\/\" \/>\n<meta property=\"og:locale\" content=\"fr_FR\" \/>\n<meta property=\"og:type\" content=\"article\" \/>\n<meta property=\"og:title\" content=\"SOCLE CAOUTCHOUC SPLIT-CAST\" \/>\n<meta property=\"og:description\" content=\"Le jeu de socle en caoutchouc en deux parties split cast se compose d&#039;une partie sup\u00e9rieure et d&#039;une partie inf\u00e9rieure. Id\u00e9al pour la r\u00e9alisation de mod\u00e8les en pl\u00e2tre.\" \/>\n<meta property=\"og:url\" content=\"https:\/\/yoestudiosalud.es\/fr\/produit\/socle-caoutchouc-split-cast\/\" \/>\n<meta property=\"og:site_name\" content=\"yoestudiosalud.es\" \/>\n<meta property=\"og:image\" content=\"https:\/\/yoestudiosalud.es\/wp-content\/uploads\/2018\/09\/002782.jpg\" \/>\n\t<meta property=\"og:image:width\" content=\"650\" \/>\n\t<meta property=\"og:image:height\" content=\"650\" \/>\n\t<meta property=\"og:image:type\" content=\"image\/jpeg\" \/>\n<meta name=\"twitter:card\" content=\"summary_large_image\" \/>\n<script type=\"application\/ld+json\" class=\"yoast-schema-graph\">{\"@context\":\"https:\\\/\\\/schema.org\",\"@graph\":[{\"@type\":\"WebPage\",\"@id\":\"https:\\\/\\\/yoestudiosalud.es\\\/fr\\\/produit\\\/socle-caoutchouc-split-cast\\\/\",\"url\":\"https:\\\/\\\/yoestudiosalud.es\\\/fr\\\/produit\\\/socle-caoutchouc-split-cast\\\/\",\"name\":\"SOCLE CAOUTCHOUC SPLIT-CAST - yoestudiosalud.es\",\"isPartOf\":{\"@id\":\"https:\\\/\\\/yoestudiosalud.es\\\/en\\\/#website\"},\"primaryImageOfPage\":{\"@id\":\"https:\\\/\\\/yoestudiosalud.es\\\/fr\\\/produit\\\/socle-caoutchouc-split-cast\\\/#primaryimage\"},\"image\":{\"@id\":\"https:\\\/\\\/yoestudiosalud.es\\\/fr\\\/produit\\\/socle-caoutchouc-split-cast\\\/#primaryimage\"},\"thumbnailUrl\":\"https:\\\/\\\/yoestudiosalud.es\\\/wp-content\\\/uploads\\\/2018\\\/09\\\/002782.jpg\",\"datePublished\":\"2018-09-05T10:53:39+00:00\",\"description\":\"Le jeu de socle en caoutchouc en deux parties split cast se compose d'une partie sup\u00e9rieure et d'une partie inf\u00e9rieure. Id\u00e9al pour la r\u00e9alisation de mod\u00e8les en pl\u00e2tre.\",\"breadcrumb\":{\"@id\":\"https:\\\/\\\/yoestudiosalud.es\\\/fr\\\/produit\\\/socle-caoutchouc-split-cast\\\/#breadcrumb\"},\"inLanguage\":\"fr-FR\",\"potentialAction\":[{\"@type\":\"ReadAction\",\"target\":[\"https:\\\/\\\/yoestudiosalud.es\\\/fr\\\/produit\\\/socle-caoutchouc-split-cast\\\/\"]}]},{\"@type\":\"ImageObject\",\"inLanguage\":\"fr-FR\",\"@id\":\"https:\\\/\\\/yoestudiosalud.es\\\/fr\\\/produit\\\/socle-caoutchouc-split-cast\\\/#primaryimage\",\"url\":\"https:\\\/\\\/yoestudiosalud.es\\\/wp-content\\\/uploads\\\/2018\\\/09\\\/002782.jpg\",\"contentUrl\":\"https:\\\/\\\/yoestudiosalud.es\\\/wp-content\\\/uploads\\\/2018\\\/09\\\/002782.jpg\",\"width\":650,\"height\":650,\"caption\":\"SOCLE CAOUTCHOUC SPLIT-CAST\"},{\"@type\":\"BreadcrumbList\",\"@id\":\"https:\\\/\\\/yoestudiosalud.es\\\/fr\\\/produit\\\/socle-caoutchouc-split-cast\\\/#breadcrumb\",\"itemListElement\":[{\"@type\":\"ListItem\",\"position\":1,\"name\":\"Portada\",\"item\":\"https:\\\/\\\/yoestudiosalud.es\\\/fr\\\/\"},{\"@type\":\"ListItem\",\"position\":2,\"name\":\"Boutique\",\"item\":\"https:\\\/\\\/yoestudiosalud.es\\\/fr\\\/boutique\\\/\"},{\"@type\":\"ListItem\",\"position\":3,\"name\":\"SOCLE CAOUTCHOUC SPLIT-CAST\"}]},{\"@type\":\"WebSite\",\"@id\":\"https:\\\/\\\/yoestudiosalud.es\\\/en\\\/#website\",\"url\":\"https:\\\/\\\/yoestudiosalud.es\\\/en\\\/\",\"name\":\"yoestudiosalud.es\",\"description\":\"Material para estudiantes del sector salud\",\"publisher\":{\"@id\":\"https:\\\/\\\/yoestudiosalud.es\\\/en\\\/#organization\"},\"potentialAction\":[{\"@type\":\"SearchAction\",\"target\":{\"@type\":\"EntryPoint\",\"urlTemplate\":\"https:\\\/\\\/yoestudiosalud.es\\\/en\\\/?s={search_term_string}\"},\"query-input\":{\"@type\":\"PropertyValueSpecification\",\"valueRequired\":true,\"valueName\":\"search_term_string\"}}],\"inLanguage\":\"fr-FR\"},{\"@type\":\"Organization\",\"@id\":\"https:\\\/\\\/yoestudiosalud.es\\\/en\\\/#organization\",\"name\":\"yoestudiosalud.es\",\"url\":\"https:\\\/\\\/yoestudiosalud.es\\\/en\\\/\",\"logo\":{\"@type\":\"ImageObject\",\"inLanguage\":\"fr-FR\",\"@id\":\"https:\\\/\\\/yoestudiosalud.es\\\/en\\\/#\\\/schema\\\/logo\\\/image\\\/\",\"url\":\"https:\\\/\\\/yoestudiosalud.es\\\/wp-content\\\/uploads\\\/2020\\\/04\\\/logonew-e1698080827687.png\",\"contentUrl\":\"https:\\\/\\\/yoestudiosalud.es\\\/wp-content\\\/uploads\\\/2020\\\/04\\\/logonew-e1698080827687.png\",\"width\":421,\"height\":393,\"caption\":\"yoestudiosalud.es\"},\"image\":{\"@id\":\"https:\\\/\\\/yoestudiosalud.es\\\/en\\\/#\\\/schema\\\/logo\\\/image\\\/\"}}]}<\/script>\n<!-- \/ Yoast SEO Premium plugin. -->","yoast_head_json":{"title":"SOCLE CAOUTCHOUC SPLIT-CAST - yoestudiosalud.es","description":"Le jeu de socle en caoutchouc en deux parties split cast se compose d'une partie sup\u00e9rieure et d'une partie inf\u00e9rieure. Id\u00e9al pour la r\u00e9alisation de mod\u00e8les en pl\u00e2tre.","robots":{"index":"index","follow":"follow","max-snippet":"max-snippet:-1","max-image-preview":"max-image-preview:large","max-video-preview":"max-video-preview:-1"},"canonical":"https:\/\/yoestudiosalud.es\/fr\/produit\/socle-caoutchouc-split-cast\/","og_locale":"fr_FR","og_type":"article","og_title":"SOCLE CAOUTCHOUC SPLIT-CAST","og_description":"Le jeu de socle en caoutchouc en deux parties split cast se compose d'une partie sup\u00e9rieure et d'une partie inf\u00e9rieure. Id\u00e9al pour la r\u00e9alisation de mod\u00e8les en pl\u00e2tre.","og_url":"https:\/\/yoestudiosalud.es\/fr\/produit\/socle-caoutchouc-split-cast\/","og_site_name":"yoestudiosalud.es","og_image":[{"width":650,"height":650,"url":"https:\/\/yoestudiosalud.es\/wp-content\/uploads\/2018\/09\/002782.jpg","type":"image\/jpeg"}],"twitter_card":"summary_large_image","schema":{"@context":"https:\/\/schema.org","@graph":[{"@type":"WebPage","@id":"https:\/\/yoestudiosalud.es\/fr\/produit\/socle-caoutchouc-split-cast\/","url":"https:\/\/yoestudiosalud.es\/fr\/produit\/socle-caoutchouc-split-cast\/","name":"SOCLE CAOUTCHOUC SPLIT-CAST - yoestudiosalud.es","isPartOf":{"@id":"https:\/\/yoestudiosalud.es\/en\/#website"},"primaryImageOfPage":{"@id":"https:\/\/yoestudiosalud.es\/fr\/produit\/socle-caoutchouc-split-cast\/#primaryimage"},"image":{"@id":"https:\/\/yoestudiosalud.es\/fr\/produit\/socle-caoutchouc-split-cast\/#primaryimage"},"thumbnailUrl":"https:\/\/yoestudiosalud.es\/wp-content\/uploads\/2018\/09\/002782.jpg","datePublished":"2018-09-05T10:53:39+00:00","description":"Le jeu de socle en caoutchouc en deux parties split cast se compose d'une partie sup\u00e9rieure et d'une partie inf\u00e9rieure. Id\u00e9al pour la r\u00e9alisation de mod\u00e8les en pl\u00e2tre.","breadcrumb":{"@id":"https:\/\/yoestudiosalud.es\/fr\/produit\/socle-caoutchouc-split-cast\/#breadcrumb"},"inLanguage":"fr-FR","potentialAction":[{"@type":"ReadAction","target":["https:\/\/yoestudiosalud.es\/fr\/produit\/socle-caoutchouc-split-cast\/"]}]},{"@type":"ImageObject","inLanguage":"fr-FR","@id":"https:\/\/yoestudiosalud.es\/fr\/produit\/socle-caoutchouc-split-cast\/#primaryimage","url":"https:\/\/yoestudiosalud.es\/wp-content\/uploads\/2018\/09\/002782.jpg","contentUrl":"https:\/\/yoestudiosalud.es\/wp-content\/uploads\/2018\/09\/002782.jpg","width":650,"height":650,"caption":"SOCLE CAOUTCHOUC SPLIT-CAST"},{"@type":"BreadcrumbList","@id":"https:\/\/yoestudiosalud.es\/fr\/produit\/socle-caoutchouc-split-cast\/#breadcrumb","itemListElement":[{"@type":"ListItem","position":1,"name":"Portada","item":"https:\/\/yoestudiosalud.es\/fr\/"},{"@type":"ListItem","position":2,"name":"Boutique","item":"https:\/\/yoestudiosalud.es\/fr\/boutique\/"},{"@type":"ListItem","position":3,"name":"SOCLE CAOUTCHOUC SPLIT-CAST"}]},{"@type":"WebSite","@id":"https:\/\/yoestudiosalud.es\/en\/#website","url":"https:\/\/yoestudiosalud.es\/en\/","name":"yoestudiosalud.es","description":"Material para estudiantes del sector salud","publisher":{"@id":"https:\/\/yoestudiosalud.es\/en\/#organization"},"potentialAction":[{"@type":"SearchAction","target":{"@type":"EntryPoint","urlTemplate":"https:\/\/yoestudiosalud.es\/en\/?s={search_term_string}"},"query-input":{"@type":"PropertyValueSpecification","valueRequired":true,"valueName":"search_term_string"}}],"inLanguage":"fr-FR"},{"@type":"Organization","@id":"https:\/\/yoestudiosalud.es\/en\/#organization","name":"yoestudiosalud.es","url":"https:\/\/yoestudiosalud.es\/en\/","logo":{"@type":"ImageObject","inLanguage":"fr-FR","@id":"https:\/\/yoestudiosalud.es\/en\/#\/schema\/logo\/image\/","url":"https:\/\/yoestudiosalud.es\/wp-content\/uploads\/2020\/04\/logonew-e1698080827687.png","contentUrl":"https:\/\/yoestudiosalud.es\/wp-content\/uploads\/2020\/04\/logonew-e1698080827687.png","width":421,"height":393,"caption":"yoestudiosalud.es"},"image":{"@id":"https:\/\/yoestudiosalud.es\/en\/#\/schema\/logo\/image\/"}}]}},"_links":{"self":[{"href":"https:\/\/yoestudiosalud.es\/fr\/wp-json\/wp\/v2\/product\/28751","targetHints":{"allow":["GET"]}}],"collection":[{"href":"https:\/\/yoestudiosalud.es\/fr\/wp-json\/wp\/v2\/product"}],"about":[{"href":"https:\/\/yoestudiosalud.es\/fr\/wp-json\/wp\/v2\/types\/product"}],"wp:featuredmedia":[{"embeddable":true,"href":"https:\/\/yoestudiosalud.es\/fr\/wp-json\/wp\/v2\/media\/28753"}],"wp:attachment":[{"href":"https:\/\/yoestudiosalud.es\/fr\/wp-json\/wp\/v2\/media?parent=28751"}],"wp:term":[{"taxonomy":"product_brand","embeddable":true,"href":"https:\/\/yoestudiosalud.es\/fr\/wp-json\/wp\/v2\/product_brand?post=28751"},{"taxonomy":"product_cat","embeddable":true,"href":"https:\/\/yoestudiosalud.es\/fr\/wp-json\/wp\/v2\/product_cat?post=28751"},{"taxonomy":"product_tag","embeddable":true,"href":"https:\/\/yoestudiosalud.es\/fr\/wp-json\/wp\/v2\/product_tag?post=28751"}],"curies":[{"name":"wp","href":"https:\/\/api.w.org\/{rel}","templated":true}]}}