{"id":28749,"date":"2018-09-05T10:36:08","date_gmt":"2018-09-05T10:36:08","guid":{"rendered":"https:\/\/yoestudiosalud.es\/producto\/mandrins-pour-disques-ca\/"},"modified":"2018-09-05T10:36:08","modified_gmt":"2018-09-05T10:36:08","slug":"mandrins-pour-disques-ca","status":"publish","type":"product","link":"https:\/\/yoestudiosalud.es\/fr\/produit\/mandrins-pour-disques-ca\/","title":{"rendered":"MANDRINS POUR DISQUES CA"},"content":{"rendered":"<p>Le mandrin pour disques de polissage CA permet d&#8217;adapter fermement et en toute s\u00e9curit\u00e9 les disques de polissage au contre-angle. En outre, il est dot\u00e9 d&#8217;un syst\u00e8me d&#8217;embo\u00eetement qui permet de changer rapidement de disque.<\/p>\n<p>Il est utile pour le polissage des composites ainsi que des compom\u00e8res, de la c\u00e9ramique ou du m\u00e9tal.<\/p>\n<p>Le mandrin est en acier inoxydable, r\u00e9sistant \u00e0 la rupture et autoclavable.<\/p>\n","protected":false},"excerpt":{"rendered":"<p>Le mandrin pour disques de polissage CA permet d&#8217;adapter fermement et en toute s\u00e9curit\u00e9 les disques de polissage au contre-angle. En outre, il est dot\u00e9 d&#8217;un syst\u00e8me d&#8217;embo\u00eetement qui permet de changer rapidement de disque.<\/p>\n<p>&nbsp;<\/p>\n","protected":false},"featured_media":28750,"template":"","meta":[],"product_brand":[],"product_cat":[715],"product_tag":[732,673,688,705],"class_list":{"0":"post-28749","1":"product","2":"type-product","3":"status-publish","4":"has-post-thumbnail","6":"product_cat-fraises-fr","7":"product_tag-ucv4","8":"product_tag-uv3","9":"product_tag-ceu3","10":"product_tag-uev4","11":"pa_formacion-odontologia-fr","13":"first","14":"instock","15":"taxable","16":"shipping-taxable","17":"purchasable","18":"product-type-simple"},"yoast_head":"<!-- This site is optimized with the Yoast SEO Premium plugin v27.0 (Yoast SEO v27.2) - https:\/\/yoast.com\/product\/yoast-seo-premium-wordpress\/ -->\n<title>MANDRINS POUR DISQUES CA | yoestudiosalud.es dep\u00f3sito dental<\/title>\n<meta name=\"description\" content=\"Le mandrin pour disques de polissage CA permet d&#039;adapter fermement et en toute s\u00e9curit\u00e9 les disques de polissage au contre-angle. En outre, il est dot\u00e9 d&#039;un syst\u00e8me d&#039;embo\u00eetement qui permet de changer rapidement de disque.\" \/>\n<meta name=\"robots\" content=\"index, follow, max-snippet:-1, max-image-preview:large, max-video-preview:-1\" \/>\n<link rel=\"canonical\" href=\"https:\/\/yoestudiosalud.es\/produit\/mandril-ca-disco-pulido\/\" \/>\n<meta property=\"og:locale\" content=\"fr_FR\" \/>\n<meta property=\"og:type\" content=\"article\" \/>\n<meta property=\"og:title\" content=\"MANDRINS POUR DISQUES CA\" \/>\n<meta property=\"og:description\" content=\"Le mandrin pour disques de polissage CA permet d&#039;adapter fermement et en toute s\u00e9curit\u00e9 les disques de polissage au contre-angle. En outre, il est dot\u00e9 d&#039;un syst\u00e8me d&#039;embo\u00eetement qui permet de changer rapidement de disque.\" \/>\n<meta property=\"og:url\" content=\"https:\/\/yoestudiosalud.es\/produit\/mandril-ca-disco-pulido\/\" \/>\n<meta property=\"og:site_name\" content=\"yoestudiosalud.es\" \/>\n<meta property=\"og:image\" content=\"https:\/\/yoestudiosalud.es\/wp-content\/uploads\/2018\/09\/002297B.jpg\" \/>\n\t<meta property=\"og:image:width\" content=\"650\" \/>\n\t<meta property=\"og:image:height\" content=\"650\" \/>\n\t<meta property=\"og:image:type\" content=\"image\/jpeg\" \/>\n<meta name=\"twitter:card\" content=\"summary_large_image\" \/>\n<script type=\"application\/ld+json\" class=\"yoast-schema-graph\">{\"@context\":\"https:\/\/schema.org\",\"@graph\":[{\"@type\":\"WebPage\",\"@id\":\"https:\/\/yoestudiosalud.es\/produit\/mandril-ca-disco-pulido\/\",\"url\":\"https:\/\/yoestudiosalud.es\/produit\/mandril-ca-disco-pulido\/\",\"name\":\"MANDRINS POUR DISQUES CA | yoestudiosalud.es dep\u00f3sito dental\",\"isPartOf\":{\"@id\":\"https:\/\/yoestudiosalud.es\/en\/#website\"},\"primaryImageOfPage\":{\"@id\":\"https:\/\/yoestudiosalud.es\/produit\/mandril-ca-disco-pulido\/#primaryimage\"},\"image\":{\"@id\":\"https:\/\/yoestudiosalud.es\/produit\/mandril-ca-disco-pulido\/#primaryimage\"},\"thumbnailUrl\":\"https:\/\/yoestudiosalud.es\/wp-content\/uploads\/2018\/09\/002297B.jpg\",\"datePublished\":\"2018-09-05T10:36:08+00:00\",\"description\":\"Le mandrin pour disques de polissage CA permet d'adapter fermement et en toute s\u00e9curit\u00e9 les disques de polissage au contre-angle. En outre, il est dot\u00e9 d'un syst\u00e8me d'embo\u00eetement qui permet de changer rapidement de disque.\",\"breadcrumb\":{\"@id\":\"https:\/\/yoestudiosalud.es\/produit\/mandril-ca-disco-pulido\/#breadcrumb\"},\"inLanguage\":\"fr-FR\",\"potentialAction\":[{\"@type\":\"ReadAction\",\"target\":[\"https:\/\/yoestudiosalud.es\/produit\/mandril-ca-disco-pulido\/\"]}]},{\"@type\":\"ImageObject\",\"inLanguage\":\"fr-FR\",\"@id\":\"https:\/\/yoestudiosalud.es\/produit\/mandril-ca-disco-pulido\/#primaryimage\",\"url\":\"https:\/\/yoestudiosalud.es\/wp-content\/uploads\/2018\/09\/002297B.jpg\",\"contentUrl\":\"https:\/\/yoestudiosalud.es\/wp-content\/uploads\/2018\/09\/002297B.jpg\",\"width\":650,\"height\":650},{\"@type\":\"BreadcrumbList\",\"@id\":\"https:\/\/yoestudiosalud.es\/produit\/mandril-ca-disco-pulido\/#breadcrumb\",\"itemListElement\":[{\"@type\":\"ListItem\",\"position\":1,\"name\":\"Portada\",\"item\":\"https:\/\/yoestudiosalud.es\/fr\/\"},{\"@type\":\"ListItem\",\"position\":2,\"name\":\"Boutique\",\"item\":\"https:\/\/yoestudiosalud.es\/fr\/boutique\/\"},{\"@type\":\"ListItem\",\"position\":3,\"name\":\"MANDRINS POUR DISQUES CA\"}]},{\"@type\":\"WebSite\",\"@id\":\"https:\/\/yoestudiosalud.es\/en\/#website\",\"url\":\"https:\/\/yoestudiosalud.es\/en\/\",\"name\":\"yoestudiosalud.es\",\"description\":\"Material para estudiantes del sector salud\",\"publisher\":{\"@id\":\"https:\/\/yoestudiosalud.es\/en\/#organization\"},\"potentialAction\":[{\"@type\":\"SearchAction\",\"target\":{\"@type\":\"EntryPoint\",\"urlTemplate\":\"https:\/\/yoestudiosalud.es\/en\/?s={search_term_string}\"},\"query-input\":{\"@type\":\"PropertyValueSpecification\",\"valueRequired\":true,\"valueName\":\"search_term_string\"}}],\"inLanguage\":\"fr-FR\"},{\"@type\":\"Organization\",\"@id\":\"https:\/\/yoestudiosalud.es\/en\/#organization\",\"name\":\"yoestudiosalud.es\",\"url\":\"https:\/\/yoestudiosalud.es\/en\/\",\"logo\":{\"@type\":\"ImageObject\",\"inLanguage\":\"fr-FR\",\"@id\":\"https:\/\/yoestudiosalud.es\/en\/#\/schema\/logo\/image\/\",\"url\":\"https:\/\/yoestudiosalud.es\/wp-content\/uploads\/2020\/04\/logonew-e1698080827687.png\",\"contentUrl\":\"https:\/\/yoestudiosalud.es\/wp-content\/uploads\/2020\/04\/logonew-e1698080827687.png\",\"width\":421,\"height\":393,\"caption\":\"yoestudiosalud.es\"},\"image\":{\"@id\":\"https:\/\/yoestudiosalud.es\/en\/#\/schema\/logo\/image\/\"}}]}<\/script>\n<!-- \/ Yoast SEO Premium plugin. -->","yoast_head_json":{"title":"MANDRINS POUR DISQUES CA | yoestudiosalud.es dep\u00f3sito dental","description":"Le mandrin pour disques de polissage CA permet d'adapter fermement et en toute s\u00e9curit\u00e9 les disques de polissage au contre-angle. En outre, il est dot\u00e9 d'un syst\u00e8me d'embo\u00eetement qui permet de changer rapidement de disque.","robots":{"index":"index","follow":"follow","max-snippet":"max-snippet:-1","max-image-preview":"max-image-preview:large","max-video-preview":"max-video-preview:-1"},"canonical":"https:\/\/yoestudiosalud.es\/produit\/mandril-ca-disco-pulido\/","og_locale":"fr_FR","og_type":"article","og_title":"MANDRINS POUR DISQUES CA","og_description":"Le mandrin pour disques de polissage CA permet d'adapter fermement et en toute s\u00e9curit\u00e9 les disques de polissage au contre-angle. En outre, il est dot\u00e9 d'un syst\u00e8me d'embo\u00eetement qui permet de changer rapidement de disque.","og_url":"https:\/\/yoestudiosalud.es\/produit\/mandril-ca-disco-pulido\/","og_site_name":"yoestudiosalud.es","og_image":[{"width":650,"height":650,"url":"https:\/\/yoestudiosalud.es\/wp-content\/uploads\/2018\/09\/002297B.jpg","type":"image\/jpeg"}],"twitter_card":"summary_large_image","schema":{"@context":"https:\/\/schema.org","@graph":[{"@type":"WebPage","@id":"https:\/\/yoestudiosalud.es\/produit\/mandril-ca-disco-pulido\/","url":"https:\/\/yoestudiosalud.es\/produit\/mandril-ca-disco-pulido\/","name":"MANDRINS POUR DISQUES CA | yoestudiosalud.es dep\u00f3sito dental","isPartOf":{"@id":"https:\/\/yoestudiosalud.es\/en\/#website"},"primaryImageOfPage":{"@id":"https:\/\/yoestudiosalud.es\/produit\/mandril-ca-disco-pulido\/#primaryimage"},"image":{"@id":"https:\/\/yoestudiosalud.es\/produit\/mandril-ca-disco-pulido\/#primaryimage"},"thumbnailUrl":"https:\/\/yoestudiosalud.es\/wp-content\/uploads\/2018\/09\/002297B.jpg","datePublished":"2018-09-05T10:36:08+00:00","description":"Le mandrin pour disques de polissage CA permet d'adapter fermement et en toute s\u00e9curit\u00e9 les disques de polissage au contre-angle. En outre, il est dot\u00e9 d'un syst\u00e8me d'embo\u00eetement qui permet de changer rapidement de disque.","breadcrumb":{"@id":"https:\/\/yoestudiosalud.es\/produit\/mandril-ca-disco-pulido\/#breadcrumb"},"inLanguage":"fr-FR","potentialAction":[{"@type":"ReadAction","target":["https:\/\/yoestudiosalud.es\/produit\/mandril-ca-disco-pulido\/"]}]},{"@type":"ImageObject","inLanguage":"fr-FR","@id":"https:\/\/yoestudiosalud.es\/produit\/mandril-ca-disco-pulido\/#primaryimage","url":"https:\/\/yoestudiosalud.es\/wp-content\/uploads\/2018\/09\/002297B.jpg","contentUrl":"https:\/\/yoestudiosalud.es\/wp-content\/uploads\/2018\/09\/002297B.jpg","width":650,"height":650},{"@type":"BreadcrumbList","@id":"https:\/\/yoestudiosalud.es\/produit\/mandril-ca-disco-pulido\/#breadcrumb","itemListElement":[{"@type":"ListItem","position":1,"name":"Portada","item":"https:\/\/yoestudiosalud.es\/fr\/"},{"@type":"ListItem","position":2,"name":"Boutique","item":"https:\/\/yoestudiosalud.es\/fr\/boutique\/"},{"@type":"ListItem","position":3,"name":"MANDRINS POUR DISQUES CA"}]},{"@type":"WebSite","@id":"https:\/\/yoestudiosalud.es\/en\/#website","url":"https:\/\/yoestudiosalud.es\/en\/","name":"yoestudiosalud.es","description":"Material para estudiantes del sector salud","publisher":{"@id":"https:\/\/yoestudiosalud.es\/en\/#organization"},"potentialAction":[{"@type":"SearchAction","target":{"@type":"EntryPoint","urlTemplate":"https:\/\/yoestudiosalud.es\/en\/?s={search_term_string}"},"query-input":{"@type":"PropertyValueSpecification","valueRequired":true,"valueName":"search_term_string"}}],"inLanguage":"fr-FR"},{"@type":"Organization","@id":"https:\/\/yoestudiosalud.es\/en\/#organization","name":"yoestudiosalud.es","url":"https:\/\/yoestudiosalud.es\/en\/","logo":{"@type":"ImageObject","inLanguage":"fr-FR","@id":"https:\/\/yoestudiosalud.es\/en\/#\/schema\/logo\/image\/","url":"https:\/\/yoestudiosalud.es\/wp-content\/uploads\/2020\/04\/logonew-e1698080827687.png","contentUrl":"https:\/\/yoestudiosalud.es\/wp-content\/uploads\/2020\/04\/logonew-e1698080827687.png","width":421,"height":393,"caption":"yoestudiosalud.es"},"image":{"@id":"https:\/\/yoestudiosalud.es\/en\/#\/schema\/logo\/image\/"}}]}},"_links":{"self":[{"href":"https:\/\/yoestudiosalud.es\/fr\/wp-json\/wp\/v2\/product\/28749","targetHints":{"allow":["GET"]}}],"collection":[{"href":"https:\/\/yoestudiosalud.es\/fr\/wp-json\/wp\/v2\/product"}],"about":[{"href":"https:\/\/yoestudiosalud.es\/fr\/wp-json\/wp\/v2\/types\/product"}],"wp:featuredmedia":[{"embeddable":true,"href":"https:\/\/yoestudiosalud.es\/fr\/wp-json\/wp\/v2\/media\/28750"}],"wp:attachment":[{"href":"https:\/\/yoestudiosalud.es\/fr\/wp-json\/wp\/v2\/media?parent=28749"}],"wp:term":[{"taxonomy":"product_brand","embeddable":true,"href":"https:\/\/yoestudiosalud.es\/fr\/wp-json\/wp\/v2\/product_brand?post=28749"},{"taxonomy":"product_cat","embeddable":true,"href":"https:\/\/yoestudiosalud.es\/fr\/wp-json\/wp\/v2\/product_cat?post=28749"},{"taxonomy":"product_tag","embeddable":true,"href":"https:\/\/yoestudiosalud.es\/fr\/wp-json\/wp\/v2\/product_tag?post=28749"}],"curies":[{"name":"wp","href":"https:\/\/api.w.org\/{rel}","templated":true}]}}