{"id":28715,"date":"2018-09-04T09:22:30","date_gmt":"2018-09-04T09:22:30","guid":{"rendered":"https:\/\/yoestudiosalud.es\/producto\/lelevateur-de-bein-no2\/"},"modified":"2018-09-04T09:22:30","modified_gmt":"2018-09-04T09:22:30","slug":"lelevateur-de-bein-no2","status":"publish","type":"product","link":"https:\/\/yoestudiosalud.es\/fr\/produit\/lelevateur-de-bein-no2\/","title":{"rendered":"L&#8217;EL\u00c9VATEUR DE BEIN N\u00ba2"},"content":{"rendered":"<p>L&#8217;el\u00e9vateur de Bein de 2 mm est largement utilis\u00e9 en dentisterie pour le retrait et l&#8217;extraction de dents, de fragments et de racines. Ces instruments se caract\u00e9risent par leur conception ergonomique et leur pointe ac\u00e9r\u00e9e, ce qui leur permet d&#8217;effectuer des proc\u00e9dures avec pr\u00e9cision et efficacit\u00e9.<\/p>\n<p>Tout d&#8217;abord, il est important de noter que les poin\u00e7ons bein de 2 mm sont particuli\u00e8rement utiles lors des proc\u00e9dures d&#8217;extraction dentaire. Leur taille compacte et leur forme fine facilitent l&#8217;acc\u00e8s aux zones difficiles \u00e0 atteindre dans la cavit\u00e9 buccale. En outre, la pointe ac\u00e9r\u00e9e de ces extracteurs permet de s\u00e9parer d\u00e9licatement la dent des tissus environnants, minimisant ainsi le risque d&#8217;endommager les structures adjacentes.<\/p>\n<p>L&#8217;extracteur Bein 2 mm est particuli\u00e8rement efficace pour l&#8217;extraction des dents fractur\u00e9es ou des dents dont les racines sont complexes. La pointe ac\u00e9r\u00e9e est ins\u00e9r\u00e9e dans l&#8217;espace entre la racine et l&#8217;os et, gr\u00e2ce \u00e0 des mouvements doux et pr\u00e9cis, la racine est d\u00e9log\u00e9e en toute s\u00e9curit\u00e9, ce qui permet d&#8217;\u00e9viter d&#8217;autres complications et de faciliter la cicatrisation de la zone trait\u00e9e.<\/p>\n<p>Outre leur utilisation pour les extractions de dents, les extracteurs Bein 2 mm sont \u00e9galement utilis\u00e9s pour l&#8217;\u00e9limination de fragments de dents. Dans les cas de fractures dentaires, il est fr\u00e9quent que les fragments s&#8217;incrustent dans les tissus mous. Gr\u00e2ce \u00e0 ces extracteurs, les fragments peuvent \u00eatre soigneusement localis\u00e9s et retir\u00e9s sans causer de dommages suppl\u00e9mentaires.<\/p>\n","protected":false},"excerpt":{"rendered":"<p>L&#8217;el\u00e9vateur de Bein de 2 mm est largement utilis\u00e9 en dentisterie pour le retrait et l&#8217;extraction de dents, de fragments et de racines. Ces instruments se caract\u00e9risent par leur conception ergonomique et leur pointe ac\u00e9r\u00e9e, ce qui leur permet d&#8217;effectuer des proc\u00e9dures avec pr\u00e9cision et efficacit\u00e9.<\/p>\n","protected":false},"featured_media":28717,"template":"","meta":[],"product_brand":[],"product_cat":[681],"product_tag":[763],"class_list":{"0":"post-28715","1":"product","2":"type-product","3":"status-publish","4":"has-post-thumbnail","6":"product_cat-chirurgie-fr","7":"product_tag-uev3","8":"pa_formacion-odontologia-fr","10":"first","11":"instock","12":"taxable","13":"shipping-taxable","14":"purchasable","15":"product-type-simple"},"yoast_head":"<!-- This site is optimized with the Yoast SEO Premium plugin v27.0 (Yoast SEO v27.2) - https:\/\/yoast.com\/product\/yoast-seo-premium-wordpress\/ -->\n<title>L&#039;EL\u00c9VATEUR DE BEIN N\u00ba2 - C\u00f3mpralo en yoestudiosalud.es<\/title>\n<meta name=\"description\" content=\"L&#039;el\u00e9vateur de Bein de 2 mm est largement utilis\u00e9 en dentisterie pour le retrait et l&#039;extraction de dents, de fragments et de racines.\" \/>\n<meta name=\"robots\" content=\"index, follow, max-snippet:-1, max-image-preview:large, max-video-preview:-1\" \/>\n<link rel=\"canonical\" href=\"https:\/\/yoestudiosalud.es\/fr\/produit\/lelevateur-de-bein-no2\/\" \/>\n<meta property=\"og:locale\" content=\"fr_FR\" \/>\n<meta property=\"og:type\" content=\"article\" \/>\n<meta property=\"og:title\" content=\"L&#039;EL\u00c9VATEUR DE BEIN N\u00ba2\" \/>\n<meta property=\"og:description\" content=\"L&#039;el\u00e9vateur de Bein de 2 mm est largement utilis\u00e9 en dentisterie pour le retrait et l&#039;extraction de dents, de fragments et de racines.\" \/>\n<meta property=\"og:url\" content=\"https:\/\/yoestudiosalud.es\/fr\/produit\/lelevateur-de-bein-no2\/\" \/>\n<meta property=\"og:site_name\" content=\"yoestudiosalud.es\" \/>\n<meta property=\"og:image\" content=\"https:\/\/yoestudiosalud.es\/wp-content\/uploads\/2018\/09\/002886B.jpg\" \/>\n\t<meta property=\"og:image:width\" content=\"650\" \/>\n\t<meta property=\"og:image:height\" content=\"650\" \/>\n\t<meta property=\"og:image:type\" content=\"image\/jpeg\" \/>\n<meta name=\"twitter:card\" content=\"summary_large_image\" \/>\n<meta name=\"twitter:label1\" content=\"Dur\u00e9e de lecture estim\u00e9e\" \/>\n\t<meta name=\"twitter:data1\" content=\"1 minute\" \/>\n<script type=\"application\/ld+json\" class=\"yoast-schema-graph\">{\"@context\":\"https:\/\/schema.org\",\"@graph\":[{\"@type\":\"WebPage\",\"@id\":\"https:\/\/yoestudiosalud.es\/fr\/produit\/lelevateur-de-bein-no2\/\",\"url\":\"https:\/\/yoestudiosalud.es\/fr\/produit\/lelevateur-de-bein-no2\/\",\"name\":\"L'EL\u00c9VATEUR DE BEIN N\u00ba2 - C\u00f3mpralo en yoestudiosalud.es\",\"isPartOf\":{\"@id\":\"https:\/\/yoestudiosalud.es\/en\/#website\"},\"primaryImageOfPage\":{\"@id\":\"https:\/\/yoestudiosalud.es\/fr\/produit\/lelevateur-de-bein-no2\/#primaryimage\"},\"image\":{\"@id\":\"https:\/\/yoestudiosalud.es\/fr\/produit\/lelevateur-de-bein-no2\/#primaryimage\"},\"thumbnailUrl\":\"https:\/\/yoestudiosalud.es\/wp-content\/uploads\/2018\/09\/002886B.jpg\",\"datePublished\":\"2018-09-04T09:22:30+00:00\",\"description\":\"L'el\u00e9vateur de Bein de 2 mm est largement utilis\u00e9 en dentisterie pour le retrait et l'extraction de dents, de fragments et de racines.\",\"breadcrumb\":{\"@id\":\"https:\/\/yoestudiosalud.es\/fr\/produit\/lelevateur-de-bein-no2\/#breadcrumb\"},\"inLanguage\":\"fr-FR\",\"potentialAction\":[{\"@type\":\"ReadAction\",\"target\":[\"https:\/\/yoestudiosalud.es\/fr\/produit\/lelevateur-de-bein-no2\/\"]}]},{\"@type\":\"ImageObject\",\"inLanguage\":\"fr-FR\",\"@id\":\"https:\/\/yoestudiosalud.es\/fr\/produit\/lelevateur-de-bein-no2\/#primaryimage\",\"url\":\"https:\/\/yoestudiosalud.es\/wp-content\/uploads\/2018\/09\/002886B.jpg\",\"contentUrl\":\"https:\/\/yoestudiosalud.es\/wp-content\/uploads\/2018\/09\/002886B.jpg\",\"width\":650,\"height\":650,\"caption\":\"L'EL\u00c9VATEUR DE BEIN N\u00ba2\"},{\"@type\":\"BreadcrumbList\",\"@id\":\"https:\/\/yoestudiosalud.es\/fr\/produit\/lelevateur-de-bein-no2\/#breadcrumb\",\"itemListElement\":[{\"@type\":\"ListItem\",\"position\":1,\"name\":\"Portada\",\"item\":\"https:\/\/yoestudiosalud.es\/fr\/\"},{\"@type\":\"ListItem\",\"position\":2,\"name\":\"Boutique\",\"item\":\"https:\/\/yoestudiosalud.es\/fr\/boutique\/\"},{\"@type\":\"ListItem\",\"position\":3,\"name\":\"L&rsquo;EL\u00c9VATEUR DE BEIN N\u00ba2\"}]},{\"@type\":\"WebSite\",\"@id\":\"https:\/\/yoestudiosalud.es\/en\/#website\",\"url\":\"https:\/\/yoestudiosalud.es\/en\/\",\"name\":\"yoestudiosalud.es\",\"description\":\"Material para estudiantes del sector salud\",\"publisher\":{\"@id\":\"https:\/\/yoestudiosalud.es\/en\/#organization\"},\"potentialAction\":[{\"@type\":\"SearchAction\",\"target\":{\"@type\":\"EntryPoint\",\"urlTemplate\":\"https:\/\/yoestudiosalud.es\/en\/?s={search_term_string}\"},\"query-input\":{\"@type\":\"PropertyValueSpecification\",\"valueRequired\":true,\"valueName\":\"search_term_string\"}}],\"inLanguage\":\"fr-FR\"},{\"@type\":\"Organization\",\"@id\":\"https:\/\/yoestudiosalud.es\/en\/#organization\",\"name\":\"yoestudiosalud.es\",\"url\":\"https:\/\/yoestudiosalud.es\/en\/\",\"logo\":{\"@type\":\"ImageObject\",\"inLanguage\":\"fr-FR\",\"@id\":\"https:\/\/yoestudiosalud.es\/en\/#\/schema\/logo\/image\/\",\"url\":\"https:\/\/yoestudiosalud.es\/wp-content\/uploads\/2020\/04\/logonew-e1698080827687.png\",\"contentUrl\":\"https:\/\/yoestudiosalud.es\/wp-content\/uploads\/2020\/04\/logonew-e1698080827687.png\",\"width\":421,\"height\":393,\"caption\":\"yoestudiosalud.es\"},\"image\":{\"@id\":\"https:\/\/yoestudiosalud.es\/en\/#\/schema\/logo\/image\/\"}}]}<\/script>\n<!-- \/ Yoast SEO Premium plugin. -->","yoast_head_json":{"title":"L'EL\u00c9VATEUR DE BEIN N\u00ba2 - C\u00f3mpralo en yoestudiosalud.es","description":"L'el\u00e9vateur de Bein de 2 mm est largement utilis\u00e9 en dentisterie pour le retrait et l'extraction de dents, de fragments et de racines.","robots":{"index":"index","follow":"follow","max-snippet":"max-snippet:-1","max-image-preview":"max-image-preview:large","max-video-preview":"max-video-preview:-1"},"canonical":"https:\/\/yoestudiosalud.es\/fr\/produit\/lelevateur-de-bein-no2\/","og_locale":"fr_FR","og_type":"article","og_title":"L'EL\u00c9VATEUR DE BEIN N\u00ba2","og_description":"L'el\u00e9vateur de Bein de 2 mm est largement utilis\u00e9 en dentisterie pour le retrait et l'extraction de dents, de fragments et de racines.","og_url":"https:\/\/yoestudiosalud.es\/fr\/produit\/lelevateur-de-bein-no2\/","og_site_name":"yoestudiosalud.es","og_image":[{"width":650,"height":650,"url":"https:\/\/yoestudiosalud.es\/wp-content\/uploads\/2018\/09\/002886B.jpg","type":"image\/jpeg"}],"twitter_card":"summary_large_image","twitter_misc":{"Dur\u00e9e de lecture estim\u00e9e":"1 minute"},"schema":{"@context":"https:\/\/schema.org","@graph":[{"@type":"WebPage","@id":"https:\/\/yoestudiosalud.es\/fr\/produit\/lelevateur-de-bein-no2\/","url":"https:\/\/yoestudiosalud.es\/fr\/produit\/lelevateur-de-bein-no2\/","name":"L'EL\u00c9VATEUR DE BEIN N\u00ba2 - C\u00f3mpralo en yoestudiosalud.es","isPartOf":{"@id":"https:\/\/yoestudiosalud.es\/en\/#website"},"primaryImageOfPage":{"@id":"https:\/\/yoestudiosalud.es\/fr\/produit\/lelevateur-de-bein-no2\/#primaryimage"},"image":{"@id":"https:\/\/yoestudiosalud.es\/fr\/produit\/lelevateur-de-bein-no2\/#primaryimage"},"thumbnailUrl":"https:\/\/yoestudiosalud.es\/wp-content\/uploads\/2018\/09\/002886B.jpg","datePublished":"2018-09-04T09:22:30+00:00","description":"L'el\u00e9vateur de Bein de 2 mm est largement utilis\u00e9 en dentisterie pour le retrait et l'extraction de dents, de fragments et de racines.","breadcrumb":{"@id":"https:\/\/yoestudiosalud.es\/fr\/produit\/lelevateur-de-bein-no2\/#breadcrumb"},"inLanguage":"fr-FR","potentialAction":[{"@type":"ReadAction","target":["https:\/\/yoestudiosalud.es\/fr\/produit\/lelevateur-de-bein-no2\/"]}]},{"@type":"ImageObject","inLanguage":"fr-FR","@id":"https:\/\/yoestudiosalud.es\/fr\/produit\/lelevateur-de-bein-no2\/#primaryimage","url":"https:\/\/yoestudiosalud.es\/wp-content\/uploads\/2018\/09\/002886B.jpg","contentUrl":"https:\/\/yoestudiosalud.es\/wp-content\/uploads\/2018\/09\/002886B.jpg","width":650,"height":650,"caption":"L'EL\u00c9VATEUR DE BEIN N\u00ba2"},{"@type":"BreadcrumbList","@id":"https:\/\/yoestudiosalud.es\/fr\/produit\/lelevateur-de-bein-no2\/#breadcrumb","itemListElement":[{"@type":"ListItem","position":1,"name":"Portada","item":"https:\/\/yoestudiosalud.es\/fr\/"},{"@type":"ListItem","position":2,"name":"Boutique","item":"https:\/\/yoestudiosalud.es\/fr\/boutique\/"},{"@type":"ListItem","position":3,"name":"L&rsquo;EL\u00c9VATEUR DE BEIN N\u00ba2"}]},{"@type":"WebSite","@id":"https:\/\/yoestudiosalud.es\/en\/#website","url":"https:\/\/yoestudiosalud.es\/en\/","name":"yoestudiosalud.es","description":"Material para estudiantes del sector salud","publisher":{"@id":"https:\/\/yoestudiosalud.es\/en\/#organization"},"potentialAction":[{"@type":"SearchAction","target":{"@type":"EntryPoint","urlTemplate":"https:\/\/yoestudiosalud.es\/en\/?s={search_term_string}"},"query-input":{"@type":"PropertyValueSpecification","valueRequired":true,"valueName":"search_term_string"}}],"inLanguage":"fr-FR"},{"@type":"Organization","@id":"https:\/\/yoestudiosalud.es\/en\/#organization","name":"yoestudiosalud.es","url":"https:\/\/yoestudiosalud.es\/en\/","logo":{"@type":"ImageObject","inLanguage":"fr-FR","@id":"https:\/\/yoestudiosalud.es\/en\/#\/schema\/logo\/image\/","url":"https:\/\/yoestudiosalud.es\/wp-content\/uploads\/2020\/04\/logonew-e1698080827687.png","contentUrl":"https:\/\/yoestudiosalud.es\/wp-content\/uploads\/2020\/04\/logonew-e1698080827687.png","width":421,"height":393,"caption":"yoestudiosalud.es"},"image":{"@id":"https:\/\/yoestudiosalud.es\/en\/#\/schema\/logo\/image\/"}}]}},"_links":{"self":[{"href":"https:\/\/yoestudiosalud.es\/fr\/wp-json\/wp\/v2\/product\/28715","targetHints":{"allow":["GET"]}}],"collection":[{"href":"https:\/\/yoestudiosalud.es\/fr\/wp-json\/wp\/v2\/product"}],"about":[{"href":"https:\/\/yoestudiosalud.es\/fr\/wp-json\/wp\/v2\/types\/product"}],"wp:featuredmedia":[{"embeddable":true,"href":"https:\/\/yoestudiosalud.es\/fr\/wp-json\/wp\/v2\/media\/28717"}],"wp:attachment":[{"href":"https:\/\/yoestudiosalud.es\/fr\/wp-json\/wp\/v2\/media?parent=28715"}],"wp:term":[{"taxonomy":"product_brand","embeddable":true,"href":"https:\/\/yoestudiosalud.es\/fr\/wp-json\/wp\/v2\/product_brand?post=28715"},{"taxonomy":"product_cat","embeddable":true,"href":"https:\/\/yoestudiosalud.es\/fr\/wp-json\/wp\/v2\/product_cat?post=28715"},{"taxonomy":"product_tag","embeddable":true,"href":"https:\/\/yoestudiosalud.es\/fr\/wp-json\/wp\/v2\/product_tag?post=28715"}],"curies":[{"name":"wp","href":"https:\/\/api.w.org\/{rel}","templated":true}]}}