{"id":28709,"date":"2018-09-04T08:15:54","date_gmt":"2018-09-04T08:15:54","guid":{"rendered":"https:\/\/yoestudiosalud.es\/producto\/spray-lubrifiant-universel\/"},"modified":"2025-04-15T10:32:30","modified_gmt":"2025-04-15T10:32:30","slug":"spray-lubrifiant-universel","status":"publish","type":"product","link":"https:\/\/yoestudiosalud.es\/fr\/produit\/spray-lubrifiant-universel\/","title":{"rendered":"SPRAY LUBRIFIANT UNIVERSEL"},"content":{"rendered":"<p>Spray lubrifiant universel pour tous les types d&#8217;instruments dentaires rotatifs. Pouvoir lubrifiant et protecteur \u00e9lev\u00e9. Non toxique. 500 ml<\/p>\n<p>La lubrification des instruments rotatifs en dentisterie est d&#8217;une importance vitale. Sans une lubrification ad\u00e9quate, ces instruments peuvent subir une usure et une d\u00e9t\u00e9rioration pr\u00e9matur\u00e9es, ce qui affecte leurs performances et leur dur\u00e9e de vie.<\/p>\n<p>Tout d&#8217;abord, la lubrification r\u00e9duit la friction entre les pi\u00e8ces mobiles des instruments rotatifs. Cela garantit un fonctionnement souple et efficace et \u00e9vite la production d&#8217;une chaleur excessive. Cela \u00e9vite le risque d&#8217;endommager les tissus du patient en raison des temp\u00e9ratures \u00e9lev\u00e9es et prolonge la dur\u00e9e de vie des instruments.<\/p>\n<p>En outre, la lubrification permet d&#8217;\u00e9viter l&#8217;accumulation de d\u00e9bris et de particules sur les instruments. Au cours des proc\u00e9dures dentaires, il est fr\u00e9quent que la salive, le sang et d&#8217;autres fluides s&#8217;accumulent sur les instruments rotatifs. Sans une lubrification ad\u00e9quate, ces d\u00e9bris peuvent adh\u00e9rer aux pi\u00e8ces mobiles, entravant leur mouvement et compromettant la pr\u00e9cision du travail du dentiste.<\/p>\n<p>Un autre avantage de la lubrification est la r\u00e9duction du bruit lors de l&#8217;utilisation d&#8217;instruments rotatifs. L&#8217;application d&#8217;un lubrifiant cr\u00e9e une couche protectrice qui amortit les vibrations et r\u00e9duit le niveau de bruit g\u00e9n\u00e9r\u00e9 par le frottement des pi\u00e8ces. Cela permet non seulement d&#8217;am\u00e9liorer le confort du patient, mais aussi d&#8217;aider le praticien \u00e0 se concentrer sur la proc\u00e9dure en cours.<\/p>\n<p>Il convient de noter que la lubrification doit \u00eatre effectu\u00e9e r\u00e9guli\u00e8rement et selon les recommandations du fabricant. Il est important d&#8217;utiliser des lubrifiants sp\u00e9cifiques pour les instruments rotatifs en dentisterie, car leur formulation sp\u00e9cifique leur permet de r\u00e9sister aux conditions de travail auxquelles ils sont soumis.<\/p>\n<p>En r\u00e9sum\u00e9, une bonne lubrification des instruments rotatifs en dentisterie garantit un fonctionnement efficace, prolonge leur dur\u00e9e de vie, emp\u00eache l&#8217;accumulation de d\u00e9bris et de particules, r\u00e9duit le bruit et assure la pr\u00e9cision des proc\u00e9dures. Le maintien d&#8217;une routine de lubrification appropri\u00e9e est essentiel pour l&#8217;entretien et la maintenance de ces instruments importants dans le cabinet dentaire.<\/p>\n","protected":false},"excerpt":{"rendered":"<p>Spray lubrifiant universel pour tous les types d&#8217;instruments dentaires rotatifs. Pouvoir lubrifiant et protecteur \u00e9lev\u00e9. Non toxique. 500 ml<\/p>\n","protected":false},"featured_media":28711,"template":"","meta":[],"product_brand":[],"product_cat":[713],"product_tag":[763,930,679,688],"class_list":{"0":"post-28709","1":"product","2":"type-product","3":"status-publish","4":"has-post-thumbnail","6":"product_cat-rotatif-fr","7":"product_tag-uev3","8":"product_tag-ceuelche3","9":"product_tag-ceusp2-fr","10":"product_tag-ceu3","11":"pa_formacion-odontologia-fr","13":"first","14":"onbackorder","15":"taxable","16":"shipping-taxable","17":"purchasable","18":"product-type-simple"},"yoast_head":"<!-- This site is optimized with the Yoast SEO Premium plugin v27.0 (Yoast SEO v27.2) - https:\/\/yoast.com\/product\/yoast-seo-premium-wordpress\/ -->\n<title>SPRAY LUBRIFIANT UNIVERSEL - yoestudiosalud.es<\/title>\n<meta name=\"description\" content=\"Spray lubrifiant universel pour tous types d&#039;instruments rotatifs dentaires. Grand pouvoir lubrifiant et protecteur. Non Toxique. 500 ml.\" \/>\n<meta name=\"robots\" content=\"index, follow, max-snippet:-1, max-image-preview:large, max-video-preview:-1\" \/>\n<link rel=\"canonical\" href=\"https:\/\/yoestudiosalud.es\/fr\/produit\/spray-lubrifiant-universel\/\" \/>\n<meta property=\"og:locale\" content=\"fr_FR\" \/>\n<meta property=\"og:type\" content=\"article\" \/>\n<meta property=\"og:title\" content=\"SPRAY LUBRIFIANT UNIVERSEL\" \/>\n<meta property=\"og:description\" content=\"Spray lubrifiant universel pour tous types d&#039;instruments rotatifs dentaires. Grand pouvoir lubrifiant et protecteur. Non Toxique. 500 ml.\" \/>\n<meta property=\"og:url\" content=\"https:\/\/yoestudiosalud.es\/fr\/produit\/spray-lubrifiant-universel\/\" \/>\n<meta property=\"og:site_name\" content=\"yoestudiosalud.es\" \/>\n<meta property=\"article:modified_time\" content=\"2025-04-15T10:32:30+00:00\" \/>\n<meta property=\"og:image\" content=\"https:\/\/yoestudiosalud.es\/wp-content\/uploads\/2018\/09\/002544B.jpg\" \/>\n\t<meta property=\"og:image:width\" content=\"650\" \/>\n\t<meta property=\"og:image:height\" content=\"650\" \/>\n\t<meta property=\"og:image:type\" content=\"image\/jpeg\" \/>\n<meta name=\"twitter:card\" content=\"summary_large_image\" \/>\n<meta name=\"twitter:label1\" content=\"Dur\u00e9e de lecture estim\u00e9e\" \/>\n\t<meta name=\"twitter:data1\" content=\"2 minutes\" \/>\n<script type=\"application\/ld+json\" class=\"yoast-schema-graph\">{\"@context\":\"https:\/\/schema.org\",\"@graph\":[{\"@type\":\"WebPage\",\"@id\":\"https:\/\/yoestudiosalud.es\/fr\/produit\/spray-lubrifiant-universel\/\",\"url\":\"https:\/\/yoestudiosalud.es\/fr\/produit\/spray-lubrifiant-universel\/\",\"name\":\"SPRAY LUBRIFIANT UNIVERSEL - yoestudiosalud.es\",\"isPartOf\":{\"@id\":\"https:\/\/yoestudiosalud.es\/en\/#website\"},\"primaryImageOfPage\":{\"@id\":\"https:\/\/yoestudiosalud.es\/fr\/produit\/spray-lubrifiant-universel\/#primaryimage\"},\"image\":{\"@id\":\"https:\/\/yoestudiosalud.es\/fr\/produit\/spray-lubrifiant-universel\/#primaryimage\"},\"thumbnailUrl\":\"https:\/\/yoestudiosalud.es\/wp-content\/uploads\/2018\/09\/002544B.jpg\",\"datePublished\":\"2018-09-04T08:15:54+00:00\",\"dateModified\":\"2025-04-15T10:32:30+00:00\",\"description\":\"Spray lubrifiant universel pour tous types d'instruments rotatifs dentaires. Grand pouvoir lubrifiant et protecteur. Non Toxique. 500 ml.\",\"breadcrumb\":{\"@id\":\"https:\/\/yoestudiosalud.es\/fr\/produit\/spray-lubrifiant-universel\/#breadcrumb\"},\"inLanguage\":\"fr-FR\",\"potentialAction\":[{\"@type\":\"ReadAction\",\"target\":[\"https:\/\/yoestudiosalud.es\/fr\/produit\/spray-lubrifiant-universel\/\"]}]},{\"@type\":\"ImageObject\",\"inLanguage\":\"fr-FR\",\"@id\":\"https:\/\/yoestudiosalud.es\/fr\/produit\/spray-lubrifiant-universel\/#primaryimage\",\"url\":\"https:\/\/yoestudiosalud.es\/wp-content\/uploads\/2018\/09\/002544B.jpg\",\"contentUrl\":\"https:\/\/yoestudiosalud.es\/wp-content\/uploads\/2018\/09\/002544B.jpg\",\"width\":650,\"height\":650,\"caption\":\"SPRAY LUBRIFIANT UNIVERSEL\"},{\"@type\":\"BreadcrumbList\",\"@id\":\"https:\/\/yoestudiosalud.es\/fr\/produit\/spray-lubrifiant-universel\/#breadcrumb\",\"itemListElement\":[{\"@type\":\"ListItem\",\"position\":1,\"name\":\"Portada\",\"item\":\"https:\/\/yoestudiosalud.es\/fr\/\"},{\"@type\":\"ListItem\",\"position\":2,\"name\":\"Boutique\",\"item\":\"https:\/\/yoestudiosalud.es\/fr\/boutique\/\"},{\"@type\":\"ListItem\",\"position\":3,\"name\":\"SPRAY LUBRIFIANT UNIVERSEL\"}]},{\"@type\":\"WebSite\",\"@id\":\"https:\/\/yoestudiosalud.es\/en\/#website\",\"url\":\"https:\/\/yoestudiosalud.es\/en\/\",\"name\":\"yoestudiosalud.es\",\"description\":\"Material para estudiantes del sector salud\",\"publisher\":{\"@id\":\"https:\/\/yoestudiosalud.es\/en\/#organization\"},\"potentialAction\":[{\"@type\":\"SearchAction\",\"target\":{\"@type\":\"EntryPoint\",\"urlTemplate\":\"https:\/\/yoestudiosalud.es\/en\/?s={search_term_string}\"},\"query-input\":{\"@type\":\"PropertyValueSpecification\",\"valueRequired\":true,\"valueName\":\"search_term_string\"}}],\"inLanguage\":\"fr-FR\"},{\"@type\":\"Organization\",\"@id\":\"https:\/\/yoestudiosalud.es\/en\/#organization\",\"name\":\"yoestudiosalud.es\",\"url\":\"https:\/\/yoestudiosalud.es\/en\/\",\"logo\":{\"@type\":\"ImageObject\",\"inLanguage\":\"fr-FR\",\"@id\":\"https:\/\/yoestudiosalud.es\/en\/#\/schema\/logo\/image\/\",\"url\":\"https:\/\/yoestudiosalud.es\/wp-content\/uploads\/2020\/04\/logonew-e1698080827687.png\",\"contentUrl\":\"https:\/\/yoestudiosalud.es\/wp-content\/uploads\/2020\/04\/logonew-e1698080827687.png\",\"width\":421,\"height\":393,\"caption\":\"yoestudiosalud.es\"},\"image\":{\"@id\":\"https:\/\/yoestudiosalud.es\/en\/#\/schema\/logo\/image\/\"}}]}<\/script>\n<!-- \/ Yoast SEO Premium plugin. -->","yoast_head_json":{"title":"SPRAY LUBRIFIANT UNIVERSEL - yoestudiosalud.es","description":"Spray lubrifiant universel pour tous types d'instruments rotatifs dentaires. Grand pouvoir lubrifiant et protecteur. Non Toxique. 500 ml.","robots":{"index":"index","follow":"follow","max-snippet":"max-snippet:-1","max-image-preview":"max-image-preview:large","max-video-preview":"max-video-preview:-1"},"canonical":"https:\/\/yoestudiosalud.es\/fr\/produit\/spray-lubrifiant-universel\/","og_locale":"fr_FR","og_type":"article","og_title":"SPRAY LUBRIFIANT UNIVERSEL","og_description":"Spray lubrifiant universel pour tous types d'instruments rotatifs dentaires. Grand pouvoir lubrifiant et protecteur. Non Toxique. 500 ml.","og_url":"https:\/\/yoestudiosalud.es\/fr\/produit\/spray-lubrifiant-universel\/","og_site_name":"yoestudiosalud.es","article_modified_time":"2025-04-15T10:32:30+00:00","og_image":[{"width":650,"height":650,"url":"https:\/\/yoestudiosalud.es\/wp-content\/uploads\/2018\/09\/002544B.jpg","type":"image\/jpeg"}],"twitter_card":"summary_large_image","twitter_misc":{"Dur\u00e9e de lecture estim\u00e9e":"2 minutes"},"schema":{"@context":"https:\/\/schema.org","@graph":[{"@type":"WebPage","@id":"https:\/\/yoestudiosalud.es\/fr\/produit\/spray-lubrifiant-universel\/","url":"https:\/\/yoestudiosalud.es\/fr\/produit\/spray-lubrifiant-universel\/","name":"SPRAY LUBRIFIANT UNIVERSEL - yoestudiosalud.es","isPartOf":{"@id":"https:\/\/yoestudiosalud.es\/en\/#website"},"primaryImageOfPage":{"@id":"https:\/\/yoestudiosalud.es\/fr\/produit\/spray-lubrifiant-universel\/#primaryimage"},"image":{"@id":"https:\/\/yoestudiosalud.es\/fr\/produit\/spray-lubrifiant-universel\/#primaryimage"},"thumbnailUrl":"https:\/\/yoestudiosalud.es\/wp-content\/uploads\/2018\/09\/002544B.jpg","datePublished":"2018-09-04T08:15:54+00:00","dateModified":"2025-04-15T10:32:30+00:00","description":"Spray lubrifiant universel pour tous types d'instruments rotatifs dentaires. Grand pouvoir lubrifiant et protecteur. Non Toxique. 500 ml.","breadcrumb":{"@id":"https:\/\/yoestudiosalud.es\/fr\/produit\/spray-lubrifiant-universel\/#breadcrumb"},"inLanguage":"fr-FR","potentialAction":[{"@type":"ReadAction","target":["https:\/\/yoestudiosalud.es\/fr\/produit\/spray-lubrifiant-universel\/"]}]},{"@type":"ImageObject","inLanguage":"fr-FR","@id":"https:\/\/yoestudiosalud.es\/fr\/produit\/spray-lubrifiant-universel\/#primaryimage","url":"https:\/\/yoestudiosalud.es\/wp-content\/uploads\/2018\/09\/002544B.jpg","contentUrl":"https:\/\/yoestudiosalud.es\/wp-content\/uploads\/2018\/09\/002544B.jpg","width":650,"height":650,"caption":"SPRAY LUBRIFIANT UNIVERSEL"},{"@type":"BreadcrumbList","@id":"https:\/\/yoestudiosalud.es\/fr\/produit\/spray-lubrifiant-universel\/#breadcrumb","itemListElement":[{"@type":"ListItem","position":1,"name":"Portada","item":"https:\/\/yoestudiosalud.es\/fr\/"},{"@type":"ListItem","position":2,"name":"Boutique","item":"https:\/\/yoestudiosalud.es\/fr\/boutique\/"},{"@type":"ListItem","position":3,"name":"SPRAY LUBRIFIANT UNIVERSEL"}]},{"@type":"WebSite","@id":"https:\/\/yoestudiosalud.es\/en\/#website","url":"https:\/\/yoestudiosalud.es\/en\/","name":"yoestudiosalud.es","description":"Material para estudiantes del sector salud","publisher":{"@id":"https:\/\/yoestudiosalud.es\/en\/#organization"},"potentialAction":[{"@type":"SearchAction","target":{"@type":"EntryPoint","urlTemplate":"https:\/\/yoestudiosalud.es\/en\/?s={search_term_string}"},"query-input":{"@type":"PropertyValueSpecification","valueRequired":true,"valueName":"search_term_string"}}],"inLanguage":"fr-FR"},{"@type":"Organization","@id":"https:\/\/yoestudiosalud.es\/en\/#organization","name":"yoestudiosalud.es","url":"https:\/\/yoestudiosalud.es\/en\/","logo":{"@type":"ImageObject","inLanguage":"fr-FR","@id":"https:\/\/yoestudiosalud.es\/en\/#\/schema\/logo\/image\/","url":"https:\/\/yoestudiosalud.es\/wp-content\/uploads\/2020\/04\/logonew-e1698080827687.png","contentUrl":"https:\/\/yoestudiosalud.es\/wp-content\/uploads\/2020\/04\/logonew-e1698080827687.png","width":421,"height":393,"caption":"yoestudiosalud.es"},"image":{"@id":"https:\/\/yoestudiosalud.es\/en\/#\/schema\/logo\/image\/"}}]}},"_links":{"self":[{"href":"https:\/\/yoestudiosalud.es\/fr\/wp-json\/wp\/v2\/product\/28709","targetHints":{"allow":["GET"]}}],"collection":[{"href":"https:\/\/yoestudiosalud.es\/fr\/wp-json\/wp\/v2\/product"}],"about":[{"href":"https:\/\/yoestudiosalud.es\/fr\/wp-json\/wp\/v2\/types\/product"}],"wp:featuredmedia":[{"embeddable":true,"href":"https:\/\/yoestudiosalud.es\/fr\/wp-json\/wp\/v2\/media\/28711"}],"wp:attachment":[{"href":"https:\/\/yoestudiosalud.es\/fr\/wp-json\/wp\/v2\/media?parent=28709"}],"wp:term":[{"taxonomy":"product_brand","embeddable":true,"href":"https:\/\/yoestudiosalud.es\/fr\/wp-json\/wp\/v2\/product_brand?post=28709"},{"taxonomy":"product_cat","embeddable":true,"href":"https:\/\/yoestudiosalud.es\/fr\/wp-json\/wp\/v2\/product_cat?post=28709"},{"taxonomy":"product_tag","embeddable":true,"href":"https:\/\/yoestudiosalud.es\/fr\/wp-json\/wp\/v2\/product_tag?post=28709"}],"curies":[{"name":"wp","href":"https:\/\/api.w.org\/{rel}","templated":true}]}}