{"id":28697,"date":"2018-08-02T17:25:14","date_gmt":"2018-08-02T17:25:14","guid":{"rendered":"https:\/\/yoestudiosalud.es\/producto\/artmed-cochon-dacupuncture-modele-it110\/"},"modified":"2026-03-03T19:07:22","modified_gmt":"2026-03-03T18:07:22","slug":"artmed-cochon-dacupuncture-modele-it110","status":"publish","type":"product","link":"https:\/\/yoestudiosalud.es\/fr\/produit\/artmed-cochon-dacupuncture-modele-it110\/","title":{"rendered":"COCHON D&#8217;ACUPUNCTURE MOD\u00c8LE"},"content":{"rendered":"<p>La moiti\u00e9 gauche du mod\u00e8le montre la constitution d&#8217;un porc et 55 points d&#8217;acupuncture fr\u00e9quemment utilis\u00e9s sur la t\u00eate, le cou, les fessiers, la queue et les membres. La moiti\u00e9 droite montre les muscles de la couche superficielle, la section longitudinale de la colonne vert\u00e9brale dorsale et les organes internes. Fabriqu\u00e9 en plastique PVC.<\/p>\n","protected":false},"excerpt":{"rendered":"<p>La moiti\u00e9 gauche du mod\u00e8le montre la constitution d&#8217;un porc  [&#8230;]<\/p>\n","protected":false},"featured_media":36931,"template":"","meta":[],"product_brand":[],"product_cat":[725],"product_tag":[],"class_list":{"0":"post-28697","1":"product","2":"type-product","3":"status-publish","4":"has-post-thumbnail","6":"product_cat-modelesv-fr","7":"pa_formacion-veterinaria-fr","9":"first","10":"instock","11":"taxable","12":"shipping-taxable","13":"purchasable","14":"product-type-simple"},"yoast_head":"<!-- This site is optimized with the Yoast SEO Premium plugin v27.0 (Yoast SEO v27.2) - https:\/\/yoast.com\/product\/yoast-seo-premium-wordpress\/ -->\n<title>COCHON D&#039;ACUPUNCTURE MOD\u00c8LE - yoestudiosalud.es<\/title>\n<meta name=\"description\" content=\"Le mod\u00e8le montre la constitution d&#039;un porc, les points d&#039;acupuncture fr\u00e9quemment utilis\u00e9s ainsi que les muscles, la colonne vert\u00e9brale dorsale et les organes internes.\" \/>\n<meta name=\"robots\" content=\"index, follow, max-snippet:-1, max-image-preview:large, max-video-preview:-1\" \/>\n<link rel=\"canonical\" href=\"https:\/\/yoestudiosalud.es\/producto\/modelo-cerdo-acupuntura\/\" \/>\n<meta property=\"og:locale\" content=\"fr_FR\" \/>\n<meta property=\"og:type\" content=\"article\" \/>\n<meta property=\"og:title\" content=\"COCHON D&#039;ACUPUNCTURE MOD\u00c8LE\" \/>\n<meta property=\"og:description\" content=\"Le mod\u00e8le montre la constitution d&#039;un porc, les points d&#039;acupuncture fr\u00e9quemment utilis\u00e9s ainsi que les muscles, la colonne vert\u00e9brale dorsale et les organes internes.\" \/>\n<meta property=\"og:url\" content=\"https:\/\/yoestudiosalud.es\/producto\/modelo-cerdo-acupuntura\/\" \/>\n<meta property=\"og:site_name\" content=\"yoestudiosalud.es\" \/>\n<meta property=\"article:modified_time\" content=\"2026-03-03T18:07:22+00:00\" \/>\n<meta property=\"og:image\" content=\"https:\/\/yoestudiosalud.es\/wp-content\/uploads\/2018\/08\/001234.webp\" \/>\n\t<meta property=\"og:image:width\" content=\"650\" \/>\n\t<meta property=\"og:image:height\" content=\"650\" \/>\n\t<meta property=\"og:image:type\" content=\"image\/webp\" \/>\n<meta name=\"twitter:card\" content=\"summary_large_image\" \/>\n<script type=\"application\/ld+json\" class=\"yoast-schema-graph\">{\"@context\":\"https:\/\/schema.org\",\"@graph\":[{\"@type\":\"WebPage\",\"@id\":\"https:\/\/yoestudiosalud.es\/producto\/modelo-cerdo-acupuntura\/\",\"url\":\"https:\/\/yoestudiosalud.es\/producto\/modelo-cerdo-acupuntura\/\",\"name\":\"COCHON D'ACUPUNCTURE MOD\u00c8LE - yoestudiosalud.es\",\"isPartOf\":{\"@id\":\"https:\/\/yoestudiosalud.es\/en\/#website\"},\"primaryImageOfPage\":{\"@id\":\"https:\/\/yoestudiosalud.es\/producto\/modelo-cerdo-acupuntura\/#primaryimage\"},\"image\":{\"@id\":\"https:\/\/yoestudiosalud.es\/producto\/modelo-cerdo-acupuntura\/#primaryimage\"},\"thumbnailUrl\":\"https:\/\/yoestudiosalud.es\/wp-content\/uploads\/2018\/08\/001234.webp\",\"datePublished\":\"2018-08-02T17:25:14+00:00\",\"dateModified\":\"2026-03-03T18:07:22+00:00\",\"description\":\"Le mod\u00e8le montre la constitution d'un porc, les points d'acupuncture fr\u00e9quemment utilis\u00e9s ainsi que les muscles, la colonne vert\u00e9brale dorsale et les organes internes.\",\"breadcrumb\":{\"@id\":\"https:\/\/yoestudiosalud.es\/producto\/modelo-cerdo-acupuntura\/#breadcrumb\"},\"inLanguage\":\"fr-FR\",\"potentialAction\":[{\"@type\":\"ReadAction\",\"target\":[\"https:\/\/yoestudiosalud.es\/producto\/modelo-cerdo-acupuntura\/\"]}]},{\"@type\":\"ImageObject\",\"inLanguage\":\"fr-FR\",\"@id\":\"https:\/\/yoestudiosalud.es\/producto\/modelo-cerdo-acupuntura\/#primaryimage\",\"url\":\"https:\/\/yoestudiosalud.es\/wp-content\/uploads\/2018\/08\/001234.webp\",\"contentUrl\":\"https:\/\/yoestudiosalud.es\/wp-content\/uploads\/2018\/08\/001234.webp\",\"width\":650,\"height\":650,\"caption\":\"COCHON D'ACUPUNCTURE MOD\u00c8LE\"},{\"@type\":\"BreadcrumbList\",\"@id\":\"https:\/\/yoestudiosalud.es\/producto\/modelo-cerdo-acupuntura\/#breadcrumb\",\"itemListElement\":[{\"@type\":\"ListItem\",\"position\":1,\"name\":\"Portada\",\"item\":\"https:\/\/yoestudiosalud.es\/fr\/\"},{\"@type\":\"ListItem\",\"position\":2,\"name\":\"Boutique\",\"item\":\"https:\/\/yoestudiosalud.es\/fr\/boutique\/\"},{\"@type\":\"ListItem\",\"position\":3,\"name\":\"COCHON D&#8217;ACUPUNCTURE MOD\u00c8LE\"}]},{\"@type\":\"WebSite\",\"@id\":\"https:\/\/yoestudiosalud.es\/en\/#website\",\"url\":\"https:\/\/yoestudiosalud.es\/en\/\",\"name\":\"yoestudiosalud.es\",\"description\":\"Material para estudiantes del sector salud\",\"publisher\":{\"@id\":\"https:\/\/yoestudiosalud.es\/en\/#organization\"},\"potentialAction\":[{\"@type\":\"SearchAction\",\"target\":{\"@type\":\"EntryPoint\",\"urlTemplate\":\"https:\/\/yoestudiosalud.es\/en\/?s={search_term_string}\"},\"query-input\":{\"@type\":\"PropertyValueSpecification\",\"valueRequired\":true,\"valueName\":\"search_term_string\"}}],\"inLanguage\":\"fr-FR\"},{\"@type\":\"Organization\",\"@id\":\"https:\/\/yoestudiosalud.es\/en\/#organization\",\"name\":\"yoestudiosalud.es\",\"url\":\"https:\/\/yoestudiosalud.es\/en\/\",\"logo\":{\"@type\":\"ImageObject\",\"inLanguage\":\"fr-FR\",\"@id\":\"https:\/\/yoestudiosalud.es\/en\/#\/schema\/logo\/image\/\",\"url\":\"https:\/\/yoestudiosalud.es\/wp-content\/uploads\/2020\/04\/logonew-e1698080827687.png\",\"contentUrl\":\"https:\/\/yoestudiosalud.es\/wp-content\/uploads\/2020\/04\/logonew-e1698080827687.png\",\"width\":421,\"height\":393,\"caption\":\"yoestudiosalud.es\"},\"image\":{\"@id\":\"https:\/\/yoestudiosalud.es\/en\/#\/schema\/logo\/image\/\"}}]}<\/script>\n<!-- \/ Yoast SEO Premium plugin. -->","yoast_head_json":{"title":"COCHON D'ACUPUNCTURE MOD\u00c8LE - yoestudiosalud.es","description":"Le mod\u00e8le montre la constitution d'un porc, les points d'acupuncture fr\u00e9quemment utilis\u00e9s ainsi que les muscles, la colonne vert\u00e9brale dorsale et les organes internes.","robots":{"index":"index","follow":"follow","max-snippet":"max-snippet:-1","max-image-preview":"max-image-preview:large","max-video-preview":"max-video-preview:-1"},"canonical":"https:\/\/yoestudiosalud.es\/producto\/modelo-cerdo-acupuntura\/","og_locale":"fr_FR","og_type":"article","og_title":"COCHON D'ACUPUNCTURE MOD\u00c8LE","og_description":"Le mod\u00e8le montre la constitution d'un porc, les points d'acupuncture fr\u00e9quemment utilis\u00e9s ainsi que les muscles, la colonne vert\u00e9brale dorsale et les organes internes.","og_url":"https:\/\/yoestudiosalud.es\/producto\/modelo-cerdo-acupuntura\/","og_site_name":"yoestudiosalud.es","article_modified_time":"2026-03-03T18:07:22+00:00","og_image":[{"width":650,"height":650,"url":"https:\/\/yoestudiosalud.es\/wp-content\/uploads\/2018\/08\/001234.webp","type":"image\/webp"}],"twitter_card":"summary_large_image","schema":{"@context":"https:\/\/schema.org","@graph":[{"@type":"WebPage","@id":"https:\/\/yoestudiosalud.es\/producto\/modelo-cerdo-acupuntura\/","url":"https:\/\/yoestudiosalud.es\/producto\/modelo-cerdo-acupuntura\/","name":"COCHON D'ACUPUNCTURE MOD\u00c8LE - yoestudiosalud.es","isPartOf":{"@id":"https:\/\/yoestudiosalud.es\/en\/#website"},"primaryImageOfPage":{"@id":"https:\/\/yoestudiosalud.es\/producto\/modelo-cerdo-acupuntura\/#primaryimage"},"image":{"@id":"https:\/\/yoestudiosalud.es\/producto\/modelo-cerdo-acupuntura\/#primaryimage"},"thumbnailUrl":"https:\/\/yoestudiosalud.es\/wp-content\/uploads\/2018\/08\/001234.webp","datePublished":"2018-08-02T17:25:14+00:00","dateModified":"2026-03-03T18:07:22+00:00","description":"Le mod\u00e8le montre la constitution d'un porc, les points d'acupuncture fr\u00e9quemment utilis\u00e9s ainsi que les muscles, la colonne vert\u00e9brale dorsale et les organes internes.","breadcrumb":{"@id":"https:\/\/yoestudiosalud.es\/producto\/modelo-cerdo-acupuntura\/#breadcrumb"},"inLanguage":"fr-FR","potentialAction":[{"@type":"ReadAction","target":["https:\/\/yoestudiosalud.es\/producto\/modelo-cerdo-acupuntura\/"]}]},{"@type":"ImageObject","inLanguage":"fr-FR","@id":"https:\/\/yoestudiosalud.es\/producto\/modelo-cerdo-acupuntura\/#primaryimage","url":"https:\/\/yoestudiosalud.es\/wp-content\/uploads\/2018\/08\/001234.webp","contentUrl":"https:\/\/yoestudiosalud.es\/wp-content\/uploads\/2018\/08\/001234.webp","width":650,"height":650,"caption":"COCHON D'ACUPUNCTURE MOD\u00c8LE"},{"@type":"BreadcrumbList","@id":"https:\/\/yoestudiosalud.es\/producto\/modelo-cerdo-acupuntura\/#breadcrumb","itemListElement":[{"@type":"ListItem","position":1,"name":"Portada","item":"https:\/\/yoestudiosalud.es\/fr\/"},{"@type":"ListItem","position":2,"name":"Boutique","item":"https:\/\/yoestudiosalud.es\/fr\/boutique\/"},{"@type":"ListItem","position":3,"name":"COCHON D&#8217;ACUPUNCTURE MOD\u00c8LE"}]},{"@type":"WebSite","@id":"https:\/\/yoestudiosalud.es\/en\/#website","url":"https:\/\/yoestudiosalud.es\/en\/","name":"yoestudiosalud.es","description":"Material para estudiantes del sector salud","publisher":{"@id":"https:\/\/yoestudiosalud.es\/en\/#organization"},"potentialAction":[{"@type":"SearchAction","target":{"@type":"EntryPoint","urlTemplate":"https:\/\/yoestudiosalud.es\/en\/?s={search_term_string}"},"query-input":{"@type":"PropertyValueSpecification","valueRequired":true,"valueName":"search_term_string"}}],"inLanguage":"fr-FR"},{"@type":"Organization","@id":"https:\/\/yoestudiosalud.es\/en\/#organization","name":"yoestudiosalud.es","url":"https:\/\/yoestudiosalud.es\/en\/","logo":{"@type":"ImageObject","inLanguage":"fr-FR","@id":"https:\/\/yoestudiosalud.es\/en\/#\/schema\/logo\/image\/","url":"https:\/\/yoestudiosalud.es\/wp-content\/uploads\/2020\/04\/logonew-e1698080827687.png","contentUrl":"https:\/\/yoestudiosalud.es\/wp-content\/uploads\/2020\/04\/logonew-e1698080827687.png","width":421,"height":393,"caption":"yoestudiosalud.es"},"image":{"@id":"https:\/\/yoestudiosalud.es\/en\/#\/schema\/logo\/image\/"}}]}},"_links":{"self":[{"href":"https:\/\/yoestudiosalud.es\/fr\/wp-json\/wp\/v2\/product\/28697","targetHints":{"allow":["GET"]}}],"collection":[{"href":"https:\/\/yoestudiosalud.es\/fr\/wp-json\/wp\/v2\/product"}],"about":[{"href":"https:\/\/yoestudiosalud.es\/fr\/wp-json\/wp\/v2\/types\/product"}],"wp:featuredmedia":[{"embeddable":true,"href":"https:\/\/yoestudiosalud.es\/fr\/wp-json\/wp\/v2\/media\/36931"}],"wp:attachment":[{"href":"https:\/\/yoestudiosalud.es\/fr\/wp-json\/wp\/v2\/media?parent=28697"}],"wp:term":[{"taxonomy":"product_brand","embeddable":true,"href":"https:\/\/yoestudiosalud.es\/fr\/wp-json\/wp\/v2\/product_brand?post=28697"},{"taxonomy":"product_cat","embeddable":true,"href":"https:\/\/yoestudiosalud.es\/fr\/wp-json\/wp\/v2\/product_cat?post=28697"},{"taxonomy":"product_tag","embeddable":true,"href":"https:\/\/yoestudiosalud.es\/fr\/wp-json\/wp\/v2\/product_tag?post=28697"}],"curies":[{"name":"wp","href":"https:\/\/api.w.org\/{rel}","templated":true}]}}