{"id":28693,"date":"2018-08-02T17:25:13","date_gmt":"2018-08-02T17:25:13","guid":{"rendered":"https:\/\/yoestudiosalud.es\/producto\/artmed-acupuncture-chien-modele-it107\/"},"modified":"2026-03-02T18:05:04","modified_gmt":"2026-03-02T17:05:04","slug":"acupuncture-chien-modele","status":"publish","type":"product","link":"https:\/\/yoestudiosalud.es\/fr\/produit\/acupuncture-chien-modele\/","title":{"rendered":"ACUPUNCTURE CHIEN MOD\u00c8LE"},"content":{"rendered":"<div class=\"Y3BBE\" data-sfc-cp=\"\" data-hveid=\"CAEIAhAA\" data-complete=\"true\" data-processed=\"true\">Les\u00a0<strong class=\"Yjhzub\" data-complete=\"true\" data-processed=\"true\">mod\u00e8les anatomiques d&#8217;acupuncture pour chiens<\/strong>\u00a0sont devenus l&#8217;outil fondamental pour les v\u00e9t\u00e9rinaires et les \u00e9tudiants souhaitant se sp\u00e9cialiser en m\u00e9decine traditionnelle chinoise appliqu\u00e9e aux petites esp\u00e8ces. En 2026, la pr\u00e9cision dans la localisation des points d&#8217;acupuncture canins est vitale pour garantir des traitements efficaces et s\u00fbrs, tout en minimisant le stress de l&#8217;animal.<button class=\"rBl3me\" tabindex=\"0\" data-amic=\"true\" data-icl-uuid=\"aef06895-3e0a-45ef-a0a3-a2405d65e2fe\" aria-label=\"Ver enlaces relacionados\" data-wiz-attrbind=\"disabled=Sv5Ujf_g\/C5gNJc;aria-label=Sv5Ujf_g\/bOjMyf;class=Sv5Ujf_g\/UpSNec\" data-ved=\"2ahUKEwjXtfH60IGTAxWkbKQEHdtzLtwQye0OegYIAQgCEAE\" data-hveid=\"CAEIAhAB\"><\/button><\/div>\n<div class=\"Fsg96\" data-sfc-cp=\"\" data-complete=\"true\" data-processed=\"true\"><\/div>\n<div class=\"otQkpb\" role=\"heading\" aria-level=\"3\" data-animation-nesting=\"\" data-sfc-cp=\"\" data-complete=\"true\" data-processed=\"true\" data-sae=\"\"><strong class=\"Yjhzub\" data-complete=\"true\">Qu&#8217;est-ce qu&#8217;un mod\u00e8le anatomique d&#8217;acupuncture canine ?<\/strong><button class=\"rBl3me\" tabindex=\"0\" data-amic=\"true\" data-icl-uuid=\"2a542dce-53e9-4819-8713-9fce991dbe58\" aria-label=\"Ver enlaces relacionados\" data-wiz-attrbind=\"disabled=Sv5Ujf_m\/C5gNJc;aria-label=Sv5Ujf_m\/bOjMyf;class=Sv5Ujf_m\/UpSNec\" data-ved=\"2ahUKEwjXtfH60IGTAxWkbKQEHdtzLtwQye0OegYIAQgDEAA\" data-hveid=\"CAEIAxAA\"><\/button><\/div>\n<div class=\"Y3BBE\" data-sfc-cp=\"\" data-hveid=\"CAEIBBAA\" data-complete=\"true\" data-processed=\"true\">Il s&#8217;agit d&#8217;une repr\u00e9sentation tridimensionnelle, g\u00e9n\u00e9ralement fabriqu\u00e9e en PVC de haute qualit\u00e9 ou en r\u00e9sine, qui pr\u00e9sente d&#8217;un c\u00f4t\u00e9 la musculature et la structure osseuse du chien, et de l&#8217;autre, l&#8217;emplacement exact des m\u00e9ridiens et des points d&#8217;acupuncture. Selon des plateformes \u00e9ducatives comme\u00a0<span class=\"T286Pc\" data-sfc-cp=\"\" data-complete=\"true\" data-processed=\"true\">VETgirl<\/span>, ces mod\u00e8les permettent aux professionnels de visualiser la profondeur des aiguilles et leur relation avec les organes internes.<button class=\"rBl3me\" tabindex=\"0\" data-amic=\"true\" data-icl-uuid=\"4913cbc1-a9d8-40b0-8fec-9323e56d1c80\" aria-label=\"Ver enlaces relacionados\" data-wiz-attrbind=\"disabled=Sv5Ujf_r\/C5gNJc;aria-label=Sv5Ujf_r\/bOjMyf;class=Sv5Ujf_r\/UpSNec\" data-ved=\"2ahUKEwjXtfH60IGTAxWkbKQEHdtzLtwQye0OegYIAQgEEAE\" data-hveid=\"CAEIBBAB\"><\/button><\/div>\n<div class=\"Fsg96\" data-sfc-cp=\"\" data-complete=\"true\" data-processed=\"true\"><\/div>\n<div class=\"otQkpb\" role=\"heading\" aria-level=\"3\" data-animation-nesting=\"\" data-sfc-cp=\"\" data-processed=\"true\" data-sae=\"\" data-complete=\"true\"><strong class=\"Yjhzub\" data-complete=\"true\">Applications et B\u00e9n\u00e9fices Cliniques<\/strong><button class=\"rBl3me\" tabindex=\"0\" data-amic=\"true\" data-icl-uuid=\"a6f68d30-3be9-4e27-9ba3-911e388190a0\" aria-label=\"Ver enlaces relacionados\" data-wiz-attrbind=\"disabled=Sv5Ujf_x\/C5gNJc;aria-label=Sv5Ujf_x\/bOjMyf;class=Sv5Ujf_x\/UpSNec\" data-ved=\"2ahUKEwjXtfH60IGTAxWkbKQEHdtzLtwQye0OegYIAQgFEAA\" data-hveid=\"CAEIBRAA\"><\/button><\/div>\n<div class=\"Y3BBE\" data-sfc-cp=\"\" data-hveid=\"CAEIBhAA\" data-complete=\"true\" data-processed=\"true\">L&#8217;utilisation d&#8217;un mod\u00e8le p\u00e9dagogique d&#8217;acupuncture canine offre des avantages critiques tant pour la pratique clinique que pour la communication avec le client :<button class=\"rBl3me\" tabindex=\"0\" data-amic=\"true\" data-icl-uuid=\"2193aae6-b3f0-41e5-965b-c9a72e3be7b2\" aria-label=\"Ver enlaces relacionados\" data-wiz-attrbind=\"disabled=Sv5Ujf_11\/C5gNJc;aria-label=Sv5Ujf_11\/bOjMyf;class=Sv5Ujf_11\/UpSNec\" data-ved=\"2ahUKEwjXtfH60IGTAxWkbKQEHdtzLtwQye0OegYIAQgGEAE\" data-hveid=\"CAEIBhAB\"><\/button><\/div>\n<ul class=\"KsbFXc U6u95\" data-complete=\"true\" data-processed=\"true\">\n<li class=\"dF3vjf\" data-hveid=\"CAEIBxAA\" data-complete=\"true\" data-sae=\"\"><span class=\"T286Pc\" data-sfc-cp=\"\" data-complete=\"true\"><strong class=\"Yjhzub\" data-complete=\"true\">Cartographie pr\u00e9cise des m\u00e9ridiens :<\/strong>\u00a0Les chiens poss\u00e8dent une sensibilit\u00e9 unique. Un mod\u00e8le permet d&#8217;identifier des points cl\u00e9s comme le\u00a0<em class=\"eujQNb\" data-complete=\"true\">Bai Hui<\/em>\u00a0ou les points\u00a0<em class=\"eujQNb\" data-complete=\"true\">Shu dorsaux<\/em>\u00a0sans manipulation excessive du patient, r\u00e9duisant ainsi l&#8217;anxi\u00e9t\u00e9 de l&#8217;animal.<\/span><\/li>\n<li class=\"dF3vjf\" data-hveid=\"CAEIBxAB\" data-complete=\"true\" data-sae=\"\"><span class=\"T286Pc\" data-sfc-cp=\"\" data-complete=\"true\"><strong class=\"Yjhzub\" data-complete=\"true\">\u00c9ducation du propri\u00e9taire :<\/strong>\u00a0Montrer au propri\u00e9taire l&#8217;endroit exact de la ponction renforce la confiance envers le traitement. Des organisations comme l&#8217;IVAS (International Veterinary Acupuncture Society)\u00a0soulignent que la compr\u00e9hension visuelle du processus augmente le taux de r\u00e9ussite des th\u00e9rapies \u00e0 long terme.<\/span><\/li>\n<li class=\"dF3vjf\" data-hveid=\"CAEIBxAC\" data-complete=\"true\" data-sae=\"\"><span class=\"T286Pc\" data-sfc-cp=\"\" data-complete=\"true\"><strong class=\"Yjhzub\" data-complete=\"true\">Entra\u00eenement aux techniques d&#8217;aiguilletage :<\/strong>\u00a0Il permet de pratiquer l&#8217;angulation et la profondeur avant de traiter des pathologies courantes comme l&#8217;insuffisance r\u00e9nale chronique ou les douleurs li\u00e9es \u00e0 l&#8217;arthrose chez les animaux seniors.<\/span><button class=\"rBl3me\" tabindex=\"0\" data-amic=\"true\" data-icl-uuid=\"4ff3b71a-6492-4d75-b686-699bd0916a2d\" aria-label=\"Ver enlaces relacionados\" data-wiz-attrbind=\"disabled=Sv5Ujf_1h\/C5gNJc;aria-label=Sv5Ujf_1h\/bOjMyf;class=Sv5Ujf_1h\/UpSNec\" data-ved=\"2ahUKEwjXtfH60IGTAxWkbKQEHdtzLtwQye0OegYIAQgHEAM\" data-hveid=\"CAEIBxAD\"><\/button><\/li>\n<\/ul>\n<div class=\"Fsg96\" data-sfc-cp=\"\" data-complete=\"true\" data-processed=\"true\"><\/div>\n<div class=\"otQkpb\" role=\"heading\" aria-level=\"3\" data-animation-nesting=\"\" data-sfc-cp=\"\" data-complete=\"true\" data-processed=\"true\" data-sae=\"\"><strong class=\"Yjhzub\" data-complete=\"true\">Innovation et Technologie 3D<\/strong><button class=\"rBl3me\" tabindex=\"0\" data-amic=\"true\" data-icl-uuid=\"dab5f386-52eb-4dc3-8621-1421ae8d04d7\" aria-label=\"Ver enlaces relacionados\" data-wiz-attrbind=\"disabled=Sv5Ujf_1n\/C5gNJc;aria-label=Sv5Ujf_1n\/bOjMyf;class=Sv5Ujf_1n\/UpSNec\" data-ved=\"2ahUKEwjXtfH60IGTAxWkbKQEHdtzLtwQye0OegYIAQgIEAA\" data-hveid=\"CAEICBAA\"><\/button><\/div>\n<div class=\"Y3BBE\" data-sfc-cp=\"\" data-hveid=\"CAEICRAA\" data-complete=\"true\" data-processed=\"true\">La tendance actuelle en soins physiques et dentaires animaliers inclut l&#8217;int\u00e9gration de mod\u00e8les imprim\u00e9s en 3D bas\u00e9s sur des scanners r\u00e9els. Des plateformes comme\u00a0<span class=\"T286Pc\" data-sfc-cp=\"\" data-complete=\"true\" data-processed=\"true\">Sketchfab<\/span>\u00a0proposent des visualiseurs 3D d&#8217;anatomie v\u00e9t\u00e9rinaire qui compl\u00e8tent les mod\u00e8les physiques, permettant une rotation \u00e0 360 degr\u00e9s de la structure squelettique canine pour une pr\u00e9cision millim\u00e9tr\u00e9e.<button class=\"rBl3me\" tabindex=\"0\" data-amic=\"true\" data-icl-uuid=\"6f8ef222-8d94-4405-a083-e994f9314b49\" aria-label=\"Ver enlaces relacionados\" data-wiz-attrbind=\"disabled=Sv5Ujf_1s\/C5gNJc;aria-label=Sv5Ujf_1s\/bOjMyf;class=Sv5Ujf_1s\/UpSNec\" data-ved=\"2ahUKEwjXtfH60IGTAxWkbKQEHdtzLtwQye0OegYIAQgJEAE\" data-hveid=\"CAEICRAB\"><\/button><\/div>\n<div class=\"Fsg96\" data-sfc-cp=\"\" data-complete=\"true\" data-processed=\"true\"><\/div>\n<div class=\"otQkpb\" role=\"heading\" aria-level=\"3\" data-animation-nesting=\"\" data-sfc-cp=\"\" data-complete=\"true\" data-processed=\"true\" data-sae=\"\"><strong class=\"Yjhzub\" data-complete=\"true\">Conclusion<\/strong><button class=\"rBl3me\" tabindex=\"0\" data-amic=\"true\" data-icl-uuid=\"e2d1280c-42c6-4906-9748-c0b4d4c6a991\" aria-label=\"Ver enlaces relacionados\" data-wiz-attrbind=\"disabled=Sv5Ujf_1y\/C5gNJc;aria-label=Sv5Ujf_1y\/bOjMyf;class=Sv5Ujf_1y\/UpSNec\" data-ved=\"2ahUKEwjXtfH60IGTAxWkbKQEHdtzLtwQye0OegYIAQgKEAA\" data-hveid=\"CAEIChAA\"><\/button><\/div>\n<div class=\"Y3BBE\" data-sfc-cp=\"\" data-hveid=\"CAEICxAA\" data-complete=\"true\" data-processed=\"true\" aria-owns=\"action-menu-parent-container\">Investir dans un\u00a0<strong class=\"Yjhzub\" data-complete=\"true\" data-processed=\"true\">mod\u00e8le anatomique d&#8217;acupuncture pour chiens<\/strong>\u00a0n&#8217;est pas seulement une d\u00e9cision acad\u00e9mique, c&#8217;est une am\u00e9lioration directe de la qualit\u00e9 des soins v\u00e9t\u00e9rinaires. Il facilite un apprentissage s\u00e9curis\u00e9 et promeut une m\u00e9decine plus humaine et technique.<\/div>\n","protected":false},"excerpt":{"rendered":"<p>Les\u00a0mod\u00e8les anatomiques d&#8217;acupuncture pour chiens\u00a0sont devenus l&#8217;outil fondamental pour les  [&#8230;]<\/p>\n","protected":false},"featured_media":36858,"template":"","meta":[],"product_brand":[],"product_cat":[725],"product_tag":[],"class_list":{"0":"post-28693","1":"product","2":"type-product","3":"status-publish","4":"has-post-thumbnail","6":"product_cat-modelesv-fr","7":"pa_formacion-veterinaria-fr","9":"first","10":"instock","11":"taxable","12":"shipping-taxable","13":"purchasable","14":"product-type-simple"},"yoast_head":"<!-- This site is optimized with the Yoast SEO Premium plugin v27.0 (Yoast SEO v27.2) - https:\/\/yoast.com\/product\/yoast-seo-premium-wordpress\/ -->\n<title>ACUPUNCTURE CHIEN MOD\u00c8LE - yoestudiosalud.es<\/title>\n<meta name=\"description\" content=\"Le mod\u00e8le d&#039;acupuncture canine est l&#039;outil indispensable pour les v\u00e9t\u00e9rinaires et les \u00e9tudiants qui souhaitent se sp\u00e9cialiser en m\u00e9decine traditionnelle chinoise.\" \/>\n<meta name=\"robots\" content=\"index, follow, max-snippet:-1, max-image-preview:large, max-video-preview:-1\" \/>\n<link rel=\"canonical\" href=\"https:\/\/yoestudiosalud.es\/fr\/produit\/acupuncture-chien-modele\/\" \/>\n<meta property=\"og:locale\" content=\"fr_FR\" \/>\n<meta property=\"og:type\" content=\"article\" \/>\n<meta property=\"og:title\" content=\"ACUPUNCTURE CHIEN MOD\u00c8LE\" \/>\n<meta property=\"og:description\" content=\"Le mod\u00e8le d&#039;acupuncture canine est l&#039;outil indispensable pour les v\u00e9t\u00e9rinaires et les \u00e9tudiants qui souhaitent se sp\u00e9cialiser en m\u00e9decine traditionnelle chinoise.\" \/>\n<meta property=\"og:url\" content=\"https:\/\/yoestudiosalud.es\/fr\/produit\/acupuncture-chien-modele\/\" \/>\n<meta property=\"og:site_name\" content=\"yoestudiosalud.es\" \/>\n<meta property=\"article:modified_time\" content=\"2026-03-02T17:05:04+00:00\" \/>\n<meta property=\"og:image\" content=\"https:\/\/yoestudiosalud.es\/wp-content\/uploads\/2018\/08\/001231.webp\" \/>\n\t<meta property=\"og:image:width\" content=\"650\" \/>\n\t<meta property=\"og:image:height\" content=\"650\" \/>\n\t<meta property=\"og:image:type\" content=\"image\/webp\" \/>\n<meta name=\"twitter:card\" content=\"summary_large_image\" \/>\n<meta name=\"twitter:label1\" content=\"Dur\u00e9e de lecture estim\u00e9e\" \/>\n\t<meta name=\"twitter:data1\" content=\"2 minutes\" \/>\n<script type=\"application\/ld+json\" class=\"yoast-schema-graph\">{\"@context\":\"https:\/\/schema.org\",\"@graph\":[{\"@type\":\"WebPage\",\"@id\":\"https:\/\/yoestudiosalud.es\/fr\/produit\/acupuncture-chien-modele\/\",\"url\":\"https:\/\/yoestudiosalud.es\/fr\/produit\/acupuncture-chien-modele\/\",\"name\":\"ACUPUNCTURE CHIEN MOD\u00c8LE - yoestudiosalud.es\",\"isPartOf\":{\"@id\":\"https:\/\/yoestudiosalud.es\/en\/#website\"},\"primaryImageOfPage\":{\"@id\":\"https:\/\/yoestudiosalud.es\/fr\/produit\/acupuncture-chien-modele\/#primaryimage\"},\"image\":{\"@id\":\"https:\/\/yoestudiosalud.es\/fr\/produit\/acupuncture-chien-modele\/#primaryimage\"},\"thumbnailUrl\":\"https:\/\/yoestudiosalud.es\/wp-content\/uploads\/2018\/08\/001231.webp\",\"datePublished\":\"2018-08-02T17:25:13+00:00\",\"dateModified\":\"2026-03-02T17:05:04+00:00\",\"description\":\"Le mod\u00e8le d'acupuncture canine est l'outil indispensable pour les v\u00e9t\u00e9rinaires et les \u00e9tudiants qui souhaitent se sp\u00e9cialiser en m\u00e9decine traditionnelle chinoise.\",\"breadcrumb\":{\"@id\":\"https:\/\/yoestudiosalud.es\/fr\/produit\/acupuncture-chien-modele\/#breadcrumb\"},\"inLanguage\":\"fr-FR\",\"potentialAction\":[{\"@type\":\"ReadAction\",\"target\":[\"https:\/\/yoestudiosalud.es\/fr\/produit\/acupuncture-chien-modele\/\"]}]},{\"@type\":\"ImageObject\",\"inLanguage\":\"fr-FR\",\"@id\":\"https:\/\/yoestudiosalud.es\/fr\/produit\/acupuncture-chien-modele\/#primaryimage\",\"url\":\"https:\/\/yoestudiosalud.es\/wp-content\/uploads\/2018\/08\/001231.webp\",\"contentUrl\":\"https:\/\/yoestudiosalud.es\/wp-content\/uploads\/2018\/08\/001231.webp\",\"width\":650,\"height\":650,\"caption\":\"ACUPUNCTURE CHIEN MOD\u00c8LE\"},{\"@type\":\"BreadcrumbList\",\"@id\":\"https:\/\/yoestudiosalud.es\/fr\/produit\/acupuncture-chien-modele\/#breadcrumb\",\"itemListElement\":[{\"@type\":\"ListItem\",\"position\":1,\"name\":\"Portada\",\"item\":\"https:\/\/yoestudiosalud.es\/fr\/\"},{\"@type\":\"ListItem\",\"position\":2,\"name\":\"Boutique\",\"item\":\"https:\/\/yoestudiosalud.es\/fr\/boutique\/\"},{\"@type\":\"ListItem\",\"position\":3,\"name\":\"ACUPUNCTURE CHIEN MOD\u00c8LE\"}]},{\"@type\":\"WebSite\",\"@id\":\"https:\/\/yoestudiosalud.es\/en\/#website\",\"url\":\"https:\/\/yoestudiosalud.es\/en\/\",\"name\":\"yoestudiosalud.es\",\"description\":\"Material para estudiantes del sector salud\",\"publisher\":{\"@id\":\"https:\/\/yoestudiosalud.es\/en\/#organization\"},\"potentialAction\":[{\"@type\":\"SearchAction\",\"target\":{\"@type\":\"EntryPoint\",\"urlTemplate\":\"https:\/\/yoestudiosalud.es\/en\/?s={search_term_string}\"},\"query-input\":{\"@type\":\"PropertyValueSpecification\",\"valueRequired\":true,\"valueName\":\"search_term_string\"}}],\"inLanguage\":\"fr-FR\"},{\"@type\":\"Organization\",\"@id\":\"https:\/\/yoestudiosalud.es\/en\/#organization\",\"name\":\"yoestudiosalud.es\",\"url\":\"https:\/\/yoestudiosalud.es\/en\/\",\"logo\":{\"@type\":\"ImageObject\",\"inLanguage\":\"fr-FR\",\"@id\":\"https:\/\/yoestudiosalud.es\/en\/#\/schema\/logo\/image\/\",\"url\":\"https:\/\/yoestudiosalud.es\/wp-content\/uploads\/2020\/04\/logonew-e1698080827687.png\",\"contentUrl\":\"https:\/\/yoestudiosalud.es\/wp-content\/uploads\/2020\/04\/logonew-e1698080827687.png\",\"width\":421,\"height\":393,\"caption\":\"yoestudiosalud.es\"},\"image\":{\"@id\":\"https:\/\/yoestudiosalud.es\/en\/#\/schema\/logo\/image\/\"}}]}<\/script>\n<!-- \/ Yoast SEO Premium plugin. -->","yoast_head_json":{"title":"ACUPUNCTURE CHIEN MOD\u00c8LE - yoestudiosalud.es","description":"Le mod\u00e8le d'acupuncture canine est l'outil indispensable pour les v\u00e9t\u00e9rinaires et les \u00e9tudiants qui souhaitent se sp\u00e9cialiser en m\u00e9decine traditionnelle chinoise.","robots":{"index":"index","follow":"follow","max-snippet":"max-snippet:-1","max-image-preview":"max-image-preview:large","max-video-preview":"max-video-preview:-1"},"canonical":"https:\/\/yoestudiosalud.es\/fr\/produit\/acupuncture-chien-modele\/","og_locale":"fr_FR","og_type":"article","og_title":"ACUPUNCTURE CHIEN MOD\u00c8LE","og_description":"Le mod\u00e8le d'acupuncture canine est l'outil indispensable pour les v\u00e9t\u00e9rinaires et les \u00e9tudiants qui souhaitent se sp\u00e9cialiser en m\u00e9decine traditionnelle chinoise.","og_url":"https:\/\/yoestudiosalud.es\/fr\/produit\/acupuncture-chien-modele\/","og_site_name":"yoestudiosalud.es","article_modified_time":"2026-03-02T17:05:04+00:00","og_image":[{"width":650,"height":650,"url":"https:\/\/yoestudiosalud.es\/wp-content\/uploads\/2018\/08\/001231.webp","type":"image\/webp"}],"twitter_card":"summary_large_image","twitter_misc":{"Dur\u00e9e de lecture estim\u00e9e":"2 minutes"},"schema":{"@context":"https:\/\/schema.org","@graph":[{"@type":"WebPage","@id":"https:\/\/yoestudiosalud.es\/fr\/produit\/acupuncture-chien-modele\/","url":"https:\/\/yoestudiosalud.es\/fr\/produit\/acupuncture-chien-modele\/","name":"ACUPUNCTURE CHIEN MOD\u00c8LE - yoestudiosalud.es","isPartOf":{"@id":"https:\/\/yoestudiosalud.es\/en\/#website"},"primaryImageOfPage":{"@id":"https:\/\/yoestudiosalud.es\/fr\/produit\/acupuncture-chien-modele\/#primaryimage"},"image":{"@id":"https:\/\/yoestudiosalud.es\/fr\/produit\/acupuncture-chien-modele\/#primaryimage"},"thumbnailUrl":"https:\/\/yoestudiosalud.es\/wp-content\/uploads\/2018\/08\/001231.webp","datePublished":"2018-08-02T17:25:13+00:00","dateModified":"2026-03-02T17:05:04+00:00","description":"Le mod\u00e8le d'acupuncture canine est l'outil indispensable pour les v\u00e9t\u00e9rinaires et les \u00e9tudiants qui souhaitent se sp\u00e9cialiser en m\u00e9decine traditionnelle chinoise.","breadcrumb":{"@id":"https:\/\/yoestudiosalud.es\/fr\/produit\/acupuncture-chien-modele\/#breadcrumb"},"inLanguage":"fr-FR","potentialAction":[{"@type":"ReadAction","target":["https:\/\/yoestudiosalud.es\/fr\/produit\/acupuncture-chien-modele\/"]}]},{"@type":"ImageObject","inLanguage":"fr-FR","@id":"https:\/\/yoestudiosalud.es\/fr\/produit\/acupuncture-chien-modele\/#primaryimage","url":"https:\/\/yoestudiosalud.es\/wp-content\/uploads\/2018\/08\/001231.webp","contentUrl":"https:\/\/yoestudiosalud.es\/wp-content\/uploads\/2018\/08\/001231.webp","width":650,"height":650,"caption":"ACUPUNCTURE CHIEN MOD\u00c8LE"},{"@type":"BreadcrumbList","@id":"https:\/\/yoestudiosalud.es\/fr\/produit\/acupuncture-chien-modele\/#breadcrumb","itemListElement":[{"@type":"ListItem","position":1,"name":"Portada","item":"https:\/\/yoestudiosalud.es\/fr\/"},{"@type":"ListItem","position":2,"name":"Boutique","item":"https:\/\/yoestudiosalud.es\/fr\/boutique\/"},{"@type":"ListItem","position":3,"name":"ACUPUNCTURE CHIEN MOD\u00c8LE"}]},{"@type":"WebSite","@id":"https:\/\/yoestudiosalud.es\/en\/#website","url":"https:\/\/yoestudiosalud.es\/en\/","name":"yoestudiosalud.es","description":"Material para estudiantes del sector salud","publisher":{"@id":"https:\/\/yoestudiosalud.es\/en\/#organization"},"potentialAction":[{"@type":"SearchAction","target":{"@type":"EntryPoint","urlTemplate":"https:\/\/yoestudiosalud.es\/en\/?s={search_term_string}"},"query-input":{"@type":"PropertyValueSpecification","valueRequired":true,"valueName":"search_term_string"}}],"inLanguage":"fr-FR"},{"@type":"Organization","@id":"https:\/\/yoestudiosalud.es\/en\/#organization","name":"yoestudiosalud.es","url":"https:\/\/yoestudiosalud.es\/en\/","logo":{"@type":"ImageObject","inLanguage":"fr-FR","@id":"https:\/\/yoestudiosalud.es\/en\/#\/schema\/logo\/image\/","url":"https:\/\/yoestudiosalud.es\/wp-content\/uploads\/2020\/04\/logonew-e1698080827687.png","contentUrl":"https:\/\/yoestudiosalud.es\/wp-content\/uploads\/2020\/04\/logonew-e1698080827687.png","width":421,"height":393,"caption":"yoestudiosalud.es"},"image":{"@id":"https:\/\/yoestudiosalud.es\/en\/#\/schema\/logo\/image\/"}}]}},"_links":{"self":[{"href":"https:\/\/yoestudiosalud.es\/fr\/wp-json\/wp\/v2\/product\/28693","targetHints":{"allow":["GET"]}}],"collection":[{"href":"https:\/\/yoestudiosalud.es\/fr\/wp-json\/wp\/v2\/product"}],"about":[{"href":"https:\/\/yoestudiosalud.es\/fr\/wp-json\/wp\/v2\/types\/product"}],"wp:featuredmedia":[{"embeddable":true,"href":"https:\/\/yoestudiosalud.es\/fr\/wp-json\/wp\/v2\/media\/36858"}],"wp:attachment":[{"href":"https:\/\/yoestudiosalud.es\/fr\/wp-json\/wp\/v2\/media?parent=28693"}],"wp:term":[{"taxonomy":"product_brand","embeddable":true,"href":"https:\/\/yoestudiosalud.es\/fr\/wp-json\/wp\/v2\/product_brand?post=28693"},{"taxonomy":"product_cat","embeddable":true,"href":"https:\/\/yoestudiosalud.es\/fr\/wp-json\/wp\/v2\/product_cat?post=28693"},{"taxonomy":"product_tag","embeddable":true,"href":"https:\/\/yoestudiosalud.es\/fr\/wp-json\/wp\/v2\/product_tag?post=28693"}],"curies":[{"name":"wp","href":"https:\/\/api.w.org\/{rel}","templated":true}]}}