{"id":28691,"date":"2018-08-02T17:25:13","date_gmt":"2018-08-02T17:25:13","guid":{"rendered":"https:\/\/yoestudiosalud.es\/producto\/modele-cheval-acupuncture-it108\/"},"modified":"2026-03-02T18:08:34","modified_gmt":"2026-03-02T17:08:34","slug":"modele-cheval-acupuncture","status":"publish","type":"product","link":"https:\/\/yoestudiosalud.es\/fr\/produit\/modele-cheval-acupuncture\/","title":{"rendered":"MOD\u00c8LE CHEVAL ACUPUNCTURE"},"content":{"rendered":"<div class=\"Y3BBE\" data-sfc-cp=\"\" data-hveid=\"CAEIAhAA\" data-complete=\"true\" data-processed=\"true\">Les\u00a0<strong class=\"Yjhzub\" data-complete=\"true\" data-processed=\"true\">mod\u00e8les anatomiques d&#8217;acupuncture pour chevaux<\/strong>\u00a0sont devenus l&#8217;outil fondamental pour les v\u00e9t\u00e9rinaires et les \u00e9tudiants souhaitant se sp\u00e9cialiser en m\u00e9decine traditionnelle chinoise appliqu\u00e9e aux \u00e9quid\u00e9s. En 2026, la pr\u00e9cision dans la localisation des points d&#8217;acupuncture \u00e9quins est vitale pour garantir des traitements efficaces et s\u00fbrs, tout en minimisant le stress de l&#8217;animal.<button class=\"rBl3me\" tabindex=\"0\" data-amic=\"true\" data-icl-uuid=\"1422aa14-32f0-472d-9754-0aef3b39c87f\" aria-label=\"Ver enlaces relacionados\" data-wiz-attrbind=\"disabled=aeF9ke_h\/C5gNJc;aria-label=aeF9ke_h\/bOjMyf;class=aeF9ke_h\/UpSNec\" data-ved=\"2ahUKEwi-sOX414GTAxV0UqQEHTeyLAIQye0OegYIAQgCEAE\" data-hveid=\"CAEIAhAB\"><\/button><\/div>\n<div class=\"Fsg96\" data-sfc-cp=\"\" data-complete=\"true\" data-processed=\"true\"><\/div>\n<div class=\"otQkpb\" role=\"heading\" aria-level=\"3\" data-animation-nesting=\"\" data-sfc-cp=\"\" data-processed=\"true\" data-sae=\"\" data-complete=\"true\"><strong class=\"Yjhzub\" data-complete=\"true\">Qu&#8217;est-ce qu&#8217;un mod\u00e8le anatomique d&#8217;acupuncture \u00e9quine ?<\/strong><button class=\"rBl3me\" tabindex=\"0\" data-amic=\"true\" data-icl-uuid=\"7c102acd-6366-4cd7-bd6b-919161b67e0f\" aria-label=\"Ver enlaces relacionados\" data-wiz-attrbind=\"disabled=aeF9ke_n\/C5gNJc;aria-label=aeF9ke_n\/bOjMyf;class=aeF9ke_n\/UpSNec\" data-ved=\"2ahUKEwi-sOX414GTAxV0UqQEHTeyLAIQye0OegYIAQgDEAA\" data-hveid=\"CAEIAxAA\"><\/button><\/div>\n<div class=\"Y3BBE\" data-sfc-cp=\"\" data-hveid=\"CAEIBBAA\" data-complete=\"true\" data-processed=\"true\">Il s&#8217;agit d&#8217;une repr\u00e9sentation tridimensionnelle, g\u00e9n\u00e9ralement fabriqu\u00e9e en PVC de haute qualit\u00e9 ou en r\u00e9sine, qui pr\u00e9sente d&#8217;un c\u00f4t\u00e9 la musculature et la structure osseuse du cheval, et de l&#8217;autre, l&#8217;emplacement exact des m\u00e9ridiens et des points d&#8217;acupuncture. Selon des plateformes \u00e9ducatives comme\u00a0<span class=\"T286Pc\" data-sfc-cp=\"\" data-complete=\"true\" data-processed=\"true\">VETgirl<\/span>, ces mod\u00e8les permettent aux professionnels de visualiser la profondeur des aiguilles et leur relation avec les organes internes.<button class=\"rBl3me\" tabindex=\"0\" data-amic=\"true\" data-icl-uuid=\"0763edce-eb6f-4515-ad83-068156f4a627\" aria-label=\"Ver enlaces relacionados\" data-wiz-attrbind=\"disabled=aeF9ke_s\/C5gNJc;aria-label=aeF9ke_s\/bOjMyf;class=aeF9ke_s\/UpSNec\" data-ved=\"2ahUKEwi-sOX414GTAxV0UqQEHTeyLAIQye0OegYIAQgEEAE\" data-hveid=\"CAEIBBAB\"><\/button><\/div>\n<div class=\"Fsg96\" data-sfc-cp=\"\" data-complete=\"true\" data-processed=\"true\"><\/div>\n<div class=\"otQkpb\" role=\"heading\" aria-level=\"3\" data-animation-nesting=\"\" data-sfc-cp=\"\" data-complete=\"true\" data-processed=\"true\" data-sae=\"\"><strong class=\"Yjhzub\" data-complete=\"true\">Applications et B\u00e9n\u00e9fices Cliniques<\/strong><button class=\"rBl3me\" tabindex=\"0\" data-amic=\"true\" data-icl-uuid=\"de064e34-db92-4779-8ffc-9f6a6f083872\" aria-label=\"Ver enlaces relacionados\" data-wiz-attrbind=\"disabled=aeF9ke_y\/C5gNJc;aria-label=aeF9ke_y\/bOjMyf;class=aeF9ke_y\/UpSNec\" data-ved=\"2ahUKEwi-sOX414GTAxV0UqQEHTeyLAIQye0OegYIAQgFEAA\" data-hveid=\"CAEIBRAA\"><\/button><\/div>\n<div class=\"Y3BBE\" data-sfc-cp=\"\" data-hveid=\"CAEIBhAA\" data-complete=\"true\" data-processed=\"true\">L&#8217;utilisation d&#8217;un mod\u00e8le p\u00e9dagogique d&#8217;acupuncture \u00e9quine offre des avantages critiques tant pour la pratique clinique que pour la communication avec le client :<button class=\"rBl3me\" tabindex=\"0\" data-amic=\"true\" data-icl-uuid=\"d18625e0-3777-459d-9bcf-3ec1cbc0c6c5\" aria-label=\"Ver enlaces relacionados\" data-wiz-attrbind=\"disabled=aeF9ke_12\/C5gNJc;aria-label=aeF9ke_12\/bOjMyf;class=aeF9ke_12\/UpSNec\" data-ved=\"2ahUKEwi-sOX414GTAxV0UqQEHTeyLAIQye0OegYIAQgGEAE\" data-hveid=\"CAEIBhAB\"><\/button><\/div>\n<ul class=\"KsbFXc U6u95\" data-complete=\"true\" data-processed=\"true\">\n<li class=\"dF3vjf\" data-hveid=\"CAEIBxAA\" data-complete=\"true\" data-sae=\"\"><span class=\"T286Pc\" data-sfc-cp=\"\" data-complete=\"true\"><strong class=\"Yjhzub\" data-complete=\"true\">Cartographie pr\u00e9cise des m\u00e9ridiens :<\/strong>\u00a0Les chevaux poss\u00e8dent une sensibilit\u00e9 unique. Un mod\u00e8le permet d&#8217;identifier des points cl\u00e9s comme le\u00a0<em class=\"eujQNb\" data-complete=\"true\">Bai Hui<\/em>\u00a0ou les points\u00a0<em class=\"eujQNb\" data-complete=\"true\">Shu dorsaux<\/em>\u00a0sans manipulation excessive du patient, r\u00e9duisant ainsi l&#8217;anxi\u00e9t\u00e9 de l&#8217;animal.<\/span><\/li>\n<li class=\"dF3vjf\" data-hveid=\"CAEIBxAB\" data-complete=\"true\" data-sae=\"\"><span class=\"T286Pc\" data-sfc-cp=\"\" data-complete=\"true\"><strong class=\"Yjhzub\" data-complete=\"true\">\u00c9ducation du propri\u00e9taire :<\/strong>\u00a0Montrer au propri\u00e9taire l&#8217;endroit exact de la ponction renforce la confiance envers le traitement. Des organisations comme l&#8217;IVAS (International Veterinary Acupuncture Society)\u00a0soulignent que la compr\u00e9hension visuelle du processus augmente le taux de r\u00e9ussite des th\u00e9rapies \u00e0 long terme.<\/span><\/li>\n<li class=\"dF3vjf\" data-hveid=\"CAEIBxAC\" data-complete=\"true\" data-sae=\"\"><span class=\"T286Pc\" data-sfc-cp=\"\" data-complete=\"true\"><strong class=\"Yjhzub\" data-complete=\"true\">Entra\u00eenement aux techniques d&#8217;aiguilletage :<\/strong>\u00a0Il permet de pratiquer l&#8217;angulation et la profondeur avant de traiter des pathologies courantes comme les boiteries chroniques ou les douleurs li\u00e9es \u00e0 l&#8217;arthrose chez les chevaux seniors.<\/span><button class=\"rBl3me\" tabindex=\"0\" data-amic=\"true\" data-icl-uuid=\"fe208b08-d0cd-478c-b80d-6894d74f8141\" aria-label=\"Ver enlaces relacionados\" data-wiz-attrbind=\"disabled=aeF9ke_1i\/C5gNJc;aria-label=aeF9ke_1i\/bOjMyf;class=aeF9ke_1i\/UpSNec\" data-ved=\"2ahUKEwi-sOX414GTAxV0UqQEHTeyLAIQye0OegYIAQgHEAM\" data-hveid=\"CAEIBxAD\"><\/button><\/li>\n<\/ul>\n<div class=\"Fsg96\" data-sfc-cp=\"\" data-complete=\"true\" data-processed=\"true\"><\/div>\n<div class=\"otQkpb\" role=\"heading\" aria-level=\"3\" data-animation-nesting=\"\" data-sfc-cp=\"\" data-complete=\"true\" data-processed=\"true\" data-sae=\"\"><strong class=\"Yjhzub\" data-complete=\"true\">Innovation et Technologie 3D<\/strong><button class=\"rBl3me\" tabindex=\"0\" data-amic=\"true\" data-icl-uuid=\"c5034170-3beb-4361-b70e-ec0643f3a6f3\" aria-label=\"Ver enlaces relacionados\" data-wiz-attrbind=\"disabled=aeF9ke_1o\/C5gNJc;aria-label=aeF9ke_1o\/bOjMyf;class=aeF9ke_1o\/UpSNec\" data-ved=\"2ahUKEwi-sOX414GTAxV0UqQEHTeyLAIQye0OegYIAQgIEAA\" data-hveid=\"CAEICBAA\"><\/button><\/div>\n<div class=\"Y3BBE\" data-sfc-cp=\"\" data-hveid=\"CAEICRAA\" data-complete=\"true\" data-processed=\"true\">La tendance actuelle en soins physiques et dentaires animaliers inclut l&#8217;int\u00e9gration de mod\u00e8les imprim\u00e9s en 3D bas\u00e9s sur des scanners r\u00e9els. Des plateformes comme\u00a0<span class=\"T286Pc\" data-sfc-cp=\"\" data-complete=\"true\" data-processed=\"true\">Sketchfab<\/span>\u00a0proposent des visualiseurs 3D d&#8217;anatomie v\u00e9t\u00e9rinaire qui compl\u00e8tent les mod\u00e8les physiques, permettant une rotation \u00e0 360 degr\u00e9s de la structure squelettique \u00e9quine pour une pr\u00e9cision millim\u00e9tr\u00e9e.<button class=\"rBl3me\" tabindex=\"0\" data-amic=\"true\" data-icl-uuid=\"60315ae8-bbf4-4d33-b763-a9bc9bd39adc\" aria-label=\"Ver enlaces relacionados\" data-wiz-attrbind=\"disabled=aeF9ke_1t\/C5gNJc;aria-label=aeF9ke_1t\/bOjMyf;class=aeF9ke_1t\/UpSNec\" data-ved=\"2ahUKEwi-sOX414GTAxV0UqQEHTeyLAIQye0OegYIAQgJEAE\" data-hveid=\"CAEICRAB\"><\/button><\/div>\n<div class=\"Fsg96\" data-sfc-cp=\"\" data-complete=\"true\" data-processed=\"true\"><\/div>\n<div class=\"otQkpb\" role=\"heading\" aria-level=\"3\" data-animation-nesting=\"\" data-sfc-cp=\"\" data-complete=\"true\" data-processed=\"true\" data-sae=\"\"><strong class=\"Yjhzub\" data-complete=\"true\">Conclusion<\/strong><button class=\"rBl3me\" tabindex=\"0\" data-amic=\"true\" data-icl-uuid=\"606ecbad-28aa-4fe4-b4f0-73a8ce137aa7\" aria-label=\"Ver enlaces relacionados\" data-wiz-attrbind=\"disabled=aeF9ke_1z\/C5gNJc;aria-label=aeF9ke_1z\/bOjMyf;class=aeF9ke_1z\/UpSNec\" data-ved=\"2ahUKEwi-sOX414GTAxV0UqQEHTeyLAIQye0OegYIAQgKEAA\" data-hveid=\"CAEIChAA\"><\/button><\/div>\n<div class=\"Y3BBE\" data-sfc-cp=\"\" data-hveid=\"CAEICxAA\" data-complete=\"true\" data-processed=\"true\" aria-owns=\"action-menu-parent-container\">Investir dans un\u00a0<strong class=\"Yjhzub\" data-complete=\"true\" data-processed=\"true\">mod\u00e8le anatomique d&#8217;acupuncture \u00e9quine<\/strong>\u00a0n&#8217;est pas seulement une d\u00e9cision acad\u00e9mique, c&#8217;est une am\u00e9lioration directe de la qualit\u00e9 des soins v\u00e9t\u00e9rinaires. Il facilite un apprentissage s\u00e9curis\u00e9 et promeut une m\u00e9decine plus humaine et technique.<\/div>\n","protected":false},"excerpt":{"rendered":"<p>Les\u00a0mod\u00e8les anatomiques d&#8217;acupuncture pour chevaux\u00a0sont devenus l&#8217;outil fondamental pour les  [&#8230;]<\/p>\n","protected":false},"featured_media":36862,"template":"","meta":[],"product_brand":[],"product_cat":[725],"product_tag":[],"class_list":{"0":"post-28691","1":"product","2":"type-product","3":"status-publish","4":"has-post-thumbnail","6":"product_cat-modelesv-fr","8":"first","9":"instock","10":"taxable","11":"shipping-taxable","12":"purchasable","13":"product-type-simple"},"yoast_head":"<!-- This site is optimized with the Yoast SEO Premium plugin v27.0 (Yoast SEO v27.4) - https:\/\/yoast.com\/product\/yoast-seo-premium-wordpress\/ -->\n<title>MOD\u00c8LE CHEVAL ACUPUNCTURE - yoestudiosalud.es<\/title>\n<meta name=\"description\" content=\"Repr\u00e9sentation tridimensionnelle. Elle montre d&#039;un c\u00f4t\u00e9 la musculature et la structure osseuse et de l&#039;autre l&#039;emplacement des m\u00e9ridiens et des points d&#039;acupuncture.\" \/>\n<meta name=\"robots\" content=\"index, follow, max-snippet:-1, max-image-preview:large, max-video-preview:-1\" \/>\n<link rel=\"canonical\" href=\"https:\/\/yoestudiosalud.es\/fr\/produit\/modele-cheval-acupuncture\/\" \/>\n<meta property=\"og:locale\" content=\"fr_FR\" \/>\n<meta property=\"og:type\" content=\"article\" \/>\n<meta property=\"og:title\" content=\"MOD\u00c8LE CHEVAL ACUPUNCTURE\" \/>\n<meta property=\"og:description\" content=\"Repr\u00e9sentation tridimensionnelle. Elle montre d&#039;un c\u00f4t\u00e9 la musculature et la structure osseuse et de l&#039;autre l&#039;emplacement des m\u00e9ridiens et des points d&#039;acupuncture.\" \/>\n<meta property=\"og:url\" content=\"https:\/\/yoestudiosalud.es\/fr\/produit\/modele-cheval-acupuncture\/\" \/>\n<meta property=\"og:site_name\" content=\"yoestudiosalud.es\" \/>\n<meta property=\"article:modified_time\" content=\"2026-03-02T17:08:34+00:00\" \/>\n<meta property=\"og:image\" content=\"https:\/\/yoestudiosalud.es\/wp-content\/uploads\/2018\/08\/001232.webp\" \/>\n\t<meta property=\"og:image:width\" content=\"650\" \/>\n\t<meta property=\"og:image:height\" content=\"650\" \/>\n\t<meta property=\"og:image:type\" content=\"image\/webp\" \/>\n<meta name=\"twitter:card\" content=\"summary_large_image\" \/>\n<meta name=\"twitter:label1\" content=\"Dur\u00e9e de lecture estim\u00e9e\" \/>\n\t<meta name=\"twitter:data1\" content=\"2 minutes\" \/>\n<script type=\"application\/ld+json\" class=\"yoast-schema-graph\">{\"@context\":\"https:\\\/\\\/schema.org\",\"@graph\":[{\"@type\":\"WebPage\",\"@id\":\"https:\\\/\\\/yoestudiosalud.es\\\/fr\\\/produit\\\/modele-cheval-acupuncture\\\/\",\"url\":\"https:\\\/\\\/yoestudiosalud.es\\\/fr\\\/produit\\\/modele-cheval-acupuncture\\\/\",\"name\":\"MOD\u00c8LE CHEVAL ACUPUNCTURE - yoestudiosalud.es\",\"isPartOf\":{\"@id\":\"https:\\\/\\\/yoestudiosalud.es\\\/en\\\/#website\"},\"primaryImageOfPage\":{\"@id\":\"https:\\\/\\\/yoestudiosalud.es\\\/fr\\\/produit\\\/modele-cheval-acupuncture\\\/#primaryimage\"},\"image\":{\"@id\":\"https:\\\/\\\/yoestudiosalud.es\\\/fr\\\/produit\\\/modele-cheval-acupuncture\\\/#primaryimage\"},\"thumbnailUrl\":\"https:\\\/\\\/yoestudiosalud.es\\\/wp-content\\\/uploads\\\/2018\\\/08\\\/001232.webp\",\"datePublished\":\"2018-08-02T17:25:13+00:00\",\"dateModified\":\"2026-03-02T17:08:34+00:00\",\"description\":\"Repr\u00e9sentation tridimensionnelle. Elle montre d'un c\u00f4t\u00e9 la musculature et la structure osseuse et de l'autre l'emplacement des m\u00e9ridiens et des points d'acupuncture.\",\"breadcrumb\":{\"@id\":\"https:\\\/\\\/yoestudiosalud.es\\\/fr\\\/produit\\\/modele-cheval-acupuncture\\\/#breadcrumb\"},\"inLanguage\":\"fr-FR\",\"potentialAction\":[{\"@type\":\"ReadAction\",\"target\":[\"https:\\\/\\\/yoestudiosalud.es\\\/fr\\\/produit\\\/modele-cheval-acupuncture\\\/\"]}]},{\"@type\":\"ImageObject\",\"inLanguage\":\"fr-FR\",\"@id\":\"https:\\\/\\\/yoestudiosalud.es\\\/fr\\\/produit\\\/modele-cheval-acupuncture\\\/#primaryimage\",\"url\":\"https:\\\/\\\/yoestudiosalud.es\\\/wp-content\\\/uploads\\\/2018\\\/08\\\/001232.webp\",\"contentUrl\":\"https:\\\/\\\/yoestudiosalud.es\\\/wp-content\\\/uploads\\\/2018\\\/08\\\/001232.webp\",\"width\":650,\"height\":650,\"caption\":\"MOD\u00c8LE CHEVAL ACUPUNCTURE\"},{\"@type\":\"BreadcrumbList\",\"@id\":\"https:\\\/\\\/yoestudiosalud.es\\\/fr\\\/produit\\\/modele-cheval-acupuncture\\\/#breadcrumb\",\"itemListElement\":[{\"@type\":\"ListItem\",\"position\":1,\"name\":\"Portada\",\"item\":\"https:\\\/\\\/yoestudiosalud.es\\\/fr\\\/\"},{\"@type\":\"ListItem\",\"position\":2,\"name\":\"Boutique\",\"item\":\"https:\\\/\\\/yoestudiosalud.es\\\/fr\\\/boutique\\\/\"},{\"@type\":\"ListItem\",\"position\":3,\"name\":\"MOD\u00c8LE CHEVAL ACUPUNCTURE\"}]},{\"@type\":\"WebSite\",\"@id\":\"https:\\\/\\\/yoestudiosalud.es\\\/en\\\/#website\",\"url\":\"https:\\\/\\\/yoestudiosalud.es\\\/en\\\/\",\"name\":\"yoestudiosalud.es\",\"description\":\"Material para estudiantes del sector salud\",\"publisher\":{\"@id\":\"https:\\\/\\\/yoestudiosalud.es\\\/en\\\/#organization\"},\"potentialAction\":[{\"@type\":\"SearchAction\",\"target\":{\"@type\":\"EntryPoint\",\"urlTemplate\":\"https:\\\/\\\/yoestudiosalud.es\\\/en\\\/?s={search_term_string}\"},\"query-input\":{\"@type\":\"PropertyValueSpecification\",\"valueRequired\":true,\"valueName\":\"search_term_string\"}}],\"inLanguage\":\"fr-FR\"},{\"@type\":\"Organization\",\"@id\":\"https:\\\/\\\/yoestudiosalud.es\\\/en\\\/#organization\",\"name\":\"yoestudiosalud.es\",\"url\":\"https:\\\/\\\/yoestudiosalud.es\\\/en\\\/\",\"logo\":{\"@type\":\"ImageObject\",\"inLanguage\":\"fr-FR\",\"@id\":\"https:\\\/\\\/yoestudiosalud.es\\\/en\\\/#\\\/schema\\\/logo\\\/image\\\/\",\"url\":\"https:\\\/\\\/yoestudiosalud.es\\\/wp-content\\\/uploads\\\/2020\\\/04\\\/logonew-e1698080827687.png\",\"contentUrl\":\"https:\\\/\\\/yoestudiosalud.es\\\/wp-content\\\/uploads\\\/2020\\\/04\\\/logonew-e1698080827687.png\",\"width\":421,\"height\":393,\"caption\":\"yoestudiosalud.es\"},\"image\":{\"@id\":\"https:\\\/\\\/yoestudiosalud.es\\\/en\\\/#\\\/schema\\\/logo\\\/image\\\/\"}}]}<\/script>\n<!-- \/ Yoast SEO Premium plugin. -->","yoast_head_json":{"title":"MOD\u00c8LE CHEVAL ACUPUNCTURE - yoestudiosalud.es","description":"Repr\u00e9sentation tridimensionnelle. Elle montre d'un c\u00f4t\u00e9 la musculature et la structure osseuse et de l'autre l'emplacement des m\u00e9ridiens et des points d'acupuncture.","robots":{"index":"index","follow":"follow","max-snippet":"max-snippet:-1","max-image-preview":"max-image-preview:large","max-video-preview":"max-video-preview:-1"},"canonical":"https:\/\/yoestudiosalud.es\/fr\/produit\/modele-cheval-acupuncture\/","og_locale":"fr_FR","og_type":"article","og_title":"MOD\u00c8LE CHEVAL ACUPUNCTURE","og_description":"Repr\u00e9sentation tridimensionnelle. Elle montre d'un c\u00f4t\u00e9 la musculature et la structure osseuse et de l'autre l'emplacement des m\u00e9ridiens et des points d'acupuncture.","og_url":"https:\/\/yoestudiosalud.es\/fr\/produit\/modele-cheval-acupuncture\/","og_site_name":"yoestudiosalud.es","article_modified_time":"2026-03-02T17:08:34+00:00","og_image":[{"width":650,"height":650,"url":"https:\/\/yoestudiosalud.es\/wp-content\/uploads\/2018\/08\/001232.webp","type":"image\/webp"}],"twitter_card":"summary_large_image","twitter_misc":{"Dur\u00e9e de lecture estim\u00e9e":"2 minutes"},"schema":{"@context":"https:\/\/schema.org","@graph":[{"@type":"WebPage","@id":"https:\/\/yoestudiosalud.es\/fr\/produit\/modele-cheval-acupuncture\/","url":"https:\/\/yoestudiosalud.es\/fr\/produit\/modele-cheval-acupuncture\/","name":"MOD\u00c8LE CHEVAL ACUPUNCTURE - yoestudiosalud.es","isPartOf":{"@id":"https:\/\/yoestudiosalud.es\/en\/#website"},"primaryImageOfPage":{"@id":"https:\/\/yoestudiosalud.es\/fr\/produit\/modele-cheval-acupuncture\/#primaryimage"},"image":{"@id":"https:\/\/yoestudiosalud.es\/fr\/produit\/modele-cheval-acupuncture\/#primaryimage"},"thumbnailUrl":"https:\/\/yoestudiosalud.es\/wp-content\/uploads\/2018\/08\/001232.webp","datePublished":"2018-08-02T17:25:13+00:00","dateModified":"2026-03-02T17:08:34+00:00","description":"Repr\u00e9sentation tridimensionnelle. Elle montre d'un c\u00f4t\u00e9 la musculature et la structure osseuse et de l'autre l'emplacement des m\u00e9ridiens et des points d'acupuncture.","breadcrumb":{"@id":"https:\/\/yoestudiosalud.es\/fr\/produit\/modele-cheval-acupuncture\/#breadcrumb"},"inLanguage":"fr-FR","potentialAction":[{"@type":"ReadAction","target":["https:\/\/yoestudiosalud.es\/fr\/produit\/modele-cheval-acupuncture\/"]}]},{"@type":"ImageObject","inLanguage":"fr-FR","@id":"https:\/\/yoestudiosalud.es\/fr\/produit\/modele-cheval-acupuncture\/#primaryimage","url":"https:\/\/yoestudiosalud.es\/wp-content\/uploads\/2018\/08\/001232.webp","contentUrl":"https:\/\/yoestudiosalud.es\/wp-content\/uploads\/2018\/08\/001232.webp","width":650,"height":650,"caption":"MOD\u00c8LE CHEVAL ACUPUNCTURE"},{"@type":"BreadcrumbList","@id":"https:\/\/yoestudiosalud.es\/fr\/produit\/modele-cheval-acupuncture\/#breadcrumb","itemListElement":[{"@type":"ListItem","position":1,"name":"Portada","item":"https:\/\/yoestudiosalud.es\/fr\/"},{"@type":"ListItem","position":2,"name":"Boutique","item":"https:\/\/yoestudiosalud.es\/fr\/boutique\/"},{"@type":"ListItem","position":3,"name":"MOD\u00c8LE CHEVAL ACUPUNCTURE"}]},{"@type":"WebSite","@id":"https:\/\/yoestudiosalud.es\/en\/#website","url":"https:\/\/yoestudiosalud.es\/en\/","name":"yoestudiosalud.es","description":"Material para estudiantes del sector salud","publisher":{"@id":"https:\/\/yoestudiosalud.es\/en\/#organization"},"potentialAction":[{"@type":"SearchAction","target":{"@type":"EntryPoint","urlTemplate":"https:\/\/yoestudiosalud.es\/en\/?s={search_term_string}"},"query-input":{"@type":"PropertyValueSpecification","valueRequired":true,"valueName":"search_term_string"}}],"inLanguage":"fr-FR"},{"@type":"Organization","@id":"https:\/\/yoestudiosalud.es\/en\/#organization","name":"yoestudiosalud.es","url":"https:\/\/yoestudiosalud.es\/en\/","logo":{"@type":"ImageObject","inLanguage":"fr-FR","@id":"https:\/\/yoestudiosalud.es\/en\/#\/schema\/logo\/image\/","url":"https:\/\/yoestudiosalud.es\/wp-content\/uploads\/2020\/04\/logonew-e1698080827687.png","contentUrl":"https:\/\/yoestudiosalud.es\/wp-content\/uploads\/2020\/04\/logonew-e1698080827687.png","width":421,"height":393,"caption":"yoestudiosalud.es"},"image":{"@id":"https:\/\/yoestudiosalud.es\/en\/#\/schema\/logo\/image\/"}}]}},"_links":{"self":[{"href":"https:\/\/yoestudiosalud.es\/fr\/wp-json\/wp\/v2\/product\/28691","targetHints":{"allow":["GET"]}}],"collection":[{"href":"https:\/\/yoestudiosalud.es\/fr\/wp-json\/wp\/v2\/product"}],"about":[{"href":"https:\/\/yoestudiosalud.es\/fr\/wp-json\/wp\/v2\/types\/product"}],"wp:featuredmedia":[{"embeddable":true,"href":"https:\/\/yoestudiosalud.es\/fr\/wp-json\/wp\/v2\/media\/36862"}],"wp:attachment":[{"href":"https:\/\/yoestudiosalud.es\/fr\/wp-json\/wp\/v2\/media?parent=28691"}],"wp:term":[{"taxonomy":"product_brand","embeddable":true,"href":"https:\/\/yoestudiosalud.es\/fr\/wp-json\/wp\/v2\/product_brand?post=28691"},{"taxonomy":"product_cat","embeddable":true,"href":"https:\/\/yoestudiosalud.es\/fr\/wp-json\/wp\/v2\/product_cat?post=28691"},{"taxonomy":"product_tag","embeddable":true,"href":"https:\/\/yoestudiosalud.es\/fr\/wp-json\/wp\/v2\/product_tag?post=28691"}],"curies":[{"name":"wp","href":"https:\/\/api.w.org\/{rel}","templated":true}]}}