{"id":28689,"date":"2018-08-02T16:48:05","date_gmt":"2018-08-02T16:48:05","guid":{"rendered":"https:\/\/yoestudiosalud.es\/producto\/artmed-dents-de-luxe-modele-xc403a-large\/"},"modified":"2026-02-25T16:13:36","modified_gmt":"2026-02-25T15:13:36","slug":"modele-de-soins-dentaires","status":"publish","type":"product","link":"https:\/\/yoestudiosalud.es\/fr\/produit\/modele-de-soins-dentaires\/","title":{"rendered":"MOD\u00c8LE DE SOINS DENTAIRES"},"content":{"rendered":"<div class=\"otQkpb\" role=\"heading\" aria-level=\"3\" data-animation-nesting=\"\" data-sfc-cp=\"\" data-complete=\"true\" data-processed=\"true\" data-sae=\"\">Qu&#8217;est-ce qu&#8217;un mod\u00e8le d&#8217;instruction dentaire ?<button class=\"rBl3me\" tabindex=\"0\" data-amic=\"true\" data-icl-uuid=\"37e27d9f-18b4-4b19-92fc-6272c2ee65b1\" aria-label=\"Ver enlaces relacionados\" data-wiz-attrbind=\"disabled=UrPsne_l\/C5gNJc;aria-label=UrPsne_l\/bOjMyf;class=UrPsne_l\/UpSNec\" data-ved=\"2ahUKEwj-iqK_9fSSAxWcUaQEHULcD-8Qye0OegYIAQgDEAA\"><\/button><\/div>\n<div class=\"Y3BBE\" data-sfc-cp=\"\" data-hveid=\"CAEIBBAA\" data-complete=\"true\" data-processed=\"true\">Il s&#8217;agit d&#8217;une r\u00e9plique \u00e0 \u00e9chelle (souvent agrandie) de la dentition humaine qui permet de d\u00e9montrer m\u00e9caniquement les processus de nettoyage et le d\u00e9veloppement des pathologies. Selon des portails sp\u00e9cialis\u00e9s comme Dentalix, ces mod\u00e8les sont des outils cl\u00e9s tant dans les universit\u00e9s que dans les cliniques priv\u00e9es pour standardiser l&#8217;enseignement de la sant\u00e9 bucco-dentaire.<button class=\"rBl3me\" tabindex=\"0\" data-amic=\"true\" data-icl-uuid=\"69f1dfae-a214-4876-84fa-ed621f09a6ea\" aria-label=\"Ver enlaces relacionados\" data-wiz-attrbind=\"disabled=UrPsne_p\/C5gNJc;aria-label=UrPsne_p\/bOjMyf;class=UrPsne_p\/UpSNec\" data-ved=\"2ahUKEwj-iqK_9fSSAxWcUaQEHULcD-8Qye0OegYIAQgEEAE\"><\/button><\/div>\n<div class=\"Fsg96\" data-sfc-cp=\"\" data-complete=\"true\" data-processed=\"true\"><\/div>\n<div class=\"otQkpb\" role=\"heading\" aria-level=\"3\" data-animation-nesting=\"\" data-sfc-cp=\"\" data-complete=\"true\" data-processed=\"true\" data-sae=\"\">Composants et applications cl\u00e9s<button class=\"rBl3me\" tabindex=\"0\" data-amic=\"true\" data-icl-uuid=\"42af828e-b4fd-4eef-8d18-6619ec9dd8c5\" aria-label=\"Ver enlaces relacionados\" data-wiz-attrbind=\"disabled=UrPsne_u\/C5gNJc;aria-label=UrPsne_u\/bOjMyf;class=UrPsne_u\/UpSNec\" data-ved=\"2ahUKEwj-iqK_9fSSAxWcUaQEHULcD-8Qye0OegYIAQgFEAA\"><\/button><\/div>\n<ul class=\"KsbFXc U6u95\" data-complete=\"true\" data-processed=\"true\">\n<li class=\"dF3vjf\" data-hveid=\"CAEIBhAA\" data-complete=\"true\" data-sae=\"\"><span class=\"T286Pc\" data-sfc-cp=\"\" data-complete=\"true\"><strong class=\"Yjhzub\" data-complete=\"true\">Techniques d&#8217;hygi\u00e8ne :<\/strong>\u00a0Il permet la pratique r\u00e9elle de la\u00a0Technique de Bass\u00a0(brossage \u00e0 45 degr\u00e9s) et le maniement du fil dentaire sans les limites de visibilit\u00e9 de la bouche humaine.<\/span><\/li>\n<li class=\"dF3vjf\" data-hveid=\"CAEIBhAB\" data-complete=\"true\" data-sae=\"\"><span class=\"T286Pc\" data-sfc-cp=\"\" data-complete=\"true\"><strong class=\"Yjhzub\" data-complete=\"true\">Visualisation des pathologies :<\/strong>\u00a0Les mod\u00e8les \u00e9ducatifs incluent g\u00e9n\u00e9ralement des coupes transversales montrant la formation de la plaque bact\u00e9rienne, la progression des caries et l&#8217;inflammation des gencives.<\/span><\/li>\n<li class=\"dF3vjf\" data-hveid=\"CAEIBhAC\" data-complete=\"true\" data-sae=\"\"><span class=\"T286Pc\" data-sfc-cp=\"\" data-complete=\"true\"><strong class=\"Yjhzub\" data-complete=\"true\">Simulation de traitements :<\/strong>\u00a0Ils aident \u00e0 expliquer les proc\u00e9dures d&#8217;orthodontie, la pose de bagues ou le fonctionnement des implants, r\u00e9duisant ainsi l&#8217;anxi\u00e9t\u00e9 du patient gr\u00e2ce \u00e0 la compr\u00e9hension.<\/span><button class=\"rBl3me\" tabindex=\"0\" data-amic=\"true\" data-icl-uuid=\"5d32b535-9701-4e1b-9393-3d9934578a29\" aria-label=\"Ver enlaces relacionados\" data-wiz-attrbind=\"disabled=UrPsne_18\/C5gNJc;aria-label=UrPsne_18\/bOjMyf;class=UrPsne_18\/UpSNec\" data-ved=\"2ahUKEwj-iqK_9fSSAxWcUaQEHULcD-8Qye0OegYIAQgGEAM\"><\/button><\/li>\n<\/ul>\n<div class=\"Fsg96\" data-sfc-cp=\"\" data-complete=\"true\" data-processed=\"true\"><\/div>\n<div class=\"otQkpb\" role=\"heading\" aria-level=\"3\" data-animation-nesting=\"\" data-sfc-cp=\"\" data-complete=\"true\" data-processed=\"true\" data-sae=\"\">Innovation num\u00e9rique dans l&#8217;instruction<button class=\"rBl3me\" tabindex=\"0\" data-amic=\"true\" data-icl-uuid=\"71f23010-4c87-46e6-b00c-34538f0c740d\" aria-label=\"Ver enlaces relacionados\" data-wiz-attrbind=\"disabled=UrPsne_1d\/C5gNJc;aria-label=UrPsne_1d\/bOjMyf;class=UrPsne_1d\/UpSNec\" data-ved=\"2ahUKEwj-iqK_9fSSAxWcUaQEHULcD-8Qye0OegYIAQgHEAA\"><\/button><\/div>\n<div class=\"Y3BBE\" data-sfc-cp=\"\" data-hveid=\"CAEICBAA\" data-complete=\"true\" data-processed=\"true\">En 2026, le mod\u00e8le physique est compl\u00e9t\u00e9 par la R\u00e9alit\u00e9 Augment\u00e9e (RA). Des plateformes comme\u00a0<span class=\"T286Pc\" data-sfc-cp=\"\" data-complete=\"true\" data-processed=\"true\">Bone3D<\/span>\u00a0r\u00e9volutionnent le secteur en cr\u00e9ant des mod\u00e8les anatomiques imprim\u00e9s en 3D qui reproduisent des textures osseuses r\u00e9elles, permettant une instruction beaucoup plus pr\u00e9cise et personnalis\u00e9e.<button class=\"rBl3me\" tabindex=\"0\" data-amic=\"true\" data-icl-uuid=\"088fb4a8-c562-4b3c-ad75-66a37986aa68\" aria-label=\"Ver enlaces relacionados\" data-wiz-attrbind=\"disabled=UrPsne_1i\/C5gNJc;aria-label=UrPsne_1i\/bOjMyf;class=UrPsne_1i\/UpSNec\" data-ved=\"2ahUKEwj-iqK_9fSSAxWcUaQEHULcD-8Qye0OegYIAQgIEAE\"><\/button><\/div>\n<div class=\"Fsg96\" data-sfc-cp=\"\" data-complete=\"true\" data-processed=\"true\"><\/div>\n<div class=\"otQkpb\" role=\"heading\" aria-level=\"3\" data-animation-nesting=\"\" data-sfc-cp=\"\" data-complete=\"true\" data-processed=\"true\" data-sae=\"\">B\u00e9n\u00e9fices de sa mise en \u0153uvre<button class=\"rBl3me\" tabindex=\"0\" data-amic=\"true\" data-icl-uuid=\"0cd5f80d-9aba-4620-a01a-9e4062f9b457\" aria-label=\"Ver enlaces relacionados\" data-wiz-attrbind=\"disabled=UrPsne_1n\/C5gNJc;aria-label=UrPsne_1n\/bOjMyf;class=UrPsne_1n\/UpSNec\" data-ved=\"2ahUKEwj-iqK_9fSSAxWcUaQEHULcD-8Qye0OegYIAQgJEAA\"><\/button><\/div>\n<div class=\"Y3BBE\" data-sfc-cp=\"\" data-hveid=\"CAEIChAA\" data-complete=\"true\" data-processed=\"true\" aria-owns=\"action-menu-parent-container\">L&#8217;adoption d&#8217;un mod\u00e8le d&#8217;instruction professionnel am\u00e9liore l&#8217;observance du traitement (<strong class=\"Yjhzub\" data-complete=\"true\" data-processed=\"true\">patient compliance<\/strong>). Un patient qui comprend visuellement le \u00ab pourquoi \u00bb de son traitement est 60 % plus susceptible de maintenir une routine de soins \u00e0 domicile constante.<\/div>\n","protected":false},"excerpt":{"rendered":"<p>Qu&#8217;est-ce qu&#8217;un mod\u00e8le d&#8217;instruction dentaire ? Il s&#8217;agit d&#8217;une r\u00e9plique  [&#8230;]<\/p>\n","protected":false},"featured_media":36816,"template":"","meta":[],"product_brand":[],"product_cat":[724],"product_tag":[],"class_list":{"0":"post-28689","1":"product","2":"type-product","3":"status-publish","4":"has-post-thumbnail","6":"product_cat-modelesm-fr","8":"first","9":"instock","10":"taxable","11":"shipping-taxable","12":"purchasable","13":"product-type-simple"},"yoast_head":"<!-- This site is optimized with the Yoast SEO Premium plugin v27.0 (Yoast SEO v27.4) - https:\/\/yoast.com\/product\/yoast-seo-premium-wordpress\/ -->\n<title>MOD\u00c8LE DE SOINS DENTAIRES - yoestudiosalud.es<\/title>\n<meta name=\"description\" content=\"Le mod\u00e8le de soins dentaires est une r\u00e9plique \u00e0 \u00e9chelle agrandie de la denture humaine, permettant de d\u00e9montrer les processus d&#039;entretien et de nettoyage\" \/>\n<meta name=\"robots\" content=\"index, follow, max-snippet:-1, max-image-preview:large, max-video-preview:-1\" \/>\n<link rel=\"canonical\" href=\"https:\/\/yoestudiosalud.es\/fr\/produit\/modele-de-soins-dentaires\/\" \/>\n<meta property=\"og:locale\" content=\"fr_FR\" \/>\n<meta property=\"og:type\" content=\"article\" \/>\n<meta property=\"og:title\" content=\"MOD\u00c8LE DE SOINS DENTAIRES\" \/>\n<meta property=\"og:description\" content=\"Le mod\u00e8le de soins dentaires est une r\u00e9plique \u00e0 \u00e9chelle agrandie de la denture humaine, permettant de d\u00e9montrer les processus d&#039;entretien et de nettoyage\" \/>\n<meta property=\"og:url\" content=\"https:\/\/yoestudiosalud.es\/fr\/produit\/modele-de-soins-dentaires\/\" \/>\n<meta property=\"og:site_name\" content=\"yoestudiosalud.es\" \/>\n<meta property=\"article:modified_time\" content=\"2026-02-25T15:13:36+00:00\" \/>\n<meta property=\"og:image\" content=\"https:\/\/yoestudiosalud.es\/wp-content\/uploads\/2018\/08\/001276A.webp\" \/>\n\t<meta property=\"og:image:width\" content=\"650\" \/>\n\t<meta property=\"og:image:height\" content=\"650\" \/>\n\t<meta property=\"og:image:type\" content=\"image\/webp\" \/>\n<meta name=\"twitter:card\" content=\"summary_large_image\" \/>\n<meta name=\"twitter:label1\" content=\"Dur\u00e9e de lecture estim\u00e9e\" \/>\n\t<meta name=\"twitter:data1\" content=\"2 minutes\" \/>\n<script type=\"application\/ld+json\" class=\"yoast-schema-graph\">{\"@context\":\"https:\\\/\\\/schema.org\",\"@graph\":[{\"@type\":\"WebPage\",\"@id\":\"https:\\\/\\\/yoestudiosalud.es\\\/fr\\\/produit\\\/modele-de-soins-dentaires\\\/\",\"url\":\"https:\\\/\\\/yoestudiosalud.es\\\/fr\\\/produit\\\/modele-de-soins-dentaires\\\/\",\"name\":\"MOD\u00c8LE DE SOINS DENTAIRES - yoestudiosalud.es\",\"isPartOf\":{\"@id\":\"https:\\\/\\\/yoestudiosalud.es\\\/en\\\/#website\"},\"primaryImageOfPage\":{\"@id\":\"https:\\\/\\\/yoestudiosalud.es\\\/fr\\\/produit\\\/modele-de-soins-dentaires\\\/#primaryimage\"},\"image\":{\"@id\":\"https:\\\/\\\/yoestudiosalud.es\\\/fr\\\/produit\\\/modele-de-soins-dentaires\\\/#primaryimage\"},\"thumbnailUrl\":\"https:\\\/\\\/yoestudiosalud.es\\\/wp-content\\\/uploads\\\/2018\\\/08\\\/001276A.webp\",\"datePublished\":\"2018-08-02T16:48:05+00:00\",\"dateModified\":\"2026-02-25T15:13:36+00:00\",\"description\":\"Le mod\u00e8le de soins dentaires est une r\u00e9plique \u00e0 \u00e9chelle agrandie de la denture humaine, permettant de d\u00e9montrer les processus d'entretien et de nettoyage\",\"breadcrumb\":{\"@id\":\"https:\\\/\\\/yoestudiosalud.es\\\/fr\\\/produit\\\/modele-de-soins-dentaires\\\/#breadcrumb\"},\"inLanguage\":\"fr-FR\",\"potentialAction\":[{\"@type\":\"ReadAction\",\"target\":[\"https:\\\/\\\/yoestudiosalud.es\\\/fr\\\/produit\\\/modele-de-soins-dentaires\\\/\"]}]},{\"@type\":\"ImageObject\",\"inLanguage\":\"fr-FR\",\"@id\":\"https:\\\/\\\/yoestudiosalud.es\\\/fr\\\/produit\\\/modele-de-soins-dentaires\\\/#primaryimage\",\"url\":\"https:\\\/\\\/yoestudiosalud.es\\\/wp-content\\\/uploads\\\/2018\\\/08\\\/001276A.webp\",\"contentUrl\":\"https:\\\/\\\/yoestudiosalud.es\\\/wp-content\\\/uploads\\\/2018\\\/08\\\/001276A.webp\",\"width\":650,\"height\":650,\"caption\":\"MOD\u00c8LE DE SOINS DENTAIRES\"},{\"@type\":\"BreadcrumbList\",\"@id\":\"https:\\\/\\\/yoestudiosalud.es\\\/fr\\\/produit\\\/modele-de-soins-dentaires\\\/#breadcrumb\",\"itemListElement\":[{\"@type\":\"ListItem\",\"position\":1,\"name\":\"Portada\",\"item\":\"https:\\\/\\\/yoestudiosalud.es\\\/fr\\\/\"},{\"@type\":\"ListItem\",\"position\":2,\"name\":\"Boutique\",\"item\":\"https:\\\/\\\/yoestudiosalud.es\\\/fr\\\/boutique\\\/\"},{\"@type\":\"ListItem\",\"position\":3,\"name\":\"MOD\u00c8LE DE SOINS DENTAIRES\"}]},{\"@type\":\"WebSite\",\"@id\":\"https:\\\/\\\/yoestudiosalud.es\\\/en\\\/#website\",\"url\":\"https:\\\/\\\/yoestudiosalud.es\\\/en\\\/\",\"name\":\"yoestudiosalud.es\",\"description\":\"Material para estudiantes del sector salud\",\"publisher\":{\"@id\":\"https:\\\/\\\/yoestudiosalud.es\\\/en\\\/#organization\"},\"potentialAction\":[{\"@type\":\"SearchAction\",\"target\":{\"@type\":\"EntryPoint\",\"urlTemplate\":\"https:\\\/\\\/yoestudiosalud.es\\\/en\\\/?s={search_term_string}\"},\"query-input\":{\"@type\":\"PropertyValueSpecification\",\"valueRequired\":true,\"valueName\":\"search_term_string\"}}],\"inLanguage\":\"fr-FR\"},{\"@type\":\"Organization\",\"@id\":\"https:\\\/\\\/yoestudiosalud.es\\\/en\\\/#organization\",\"name\":\"yoestudiosalud.es\",\"url\":\"https:\\\/\\\/yoestudiosalud.es\\\/en\\\/\",\"logo\":{\"@type\":\"ImageObject\",\"inLanguage\":\"fr-FR\",\"@id\":\"https:\\\/\\\/yoestudiosalud.es\\\/en\\\/#\\\/schema\\\/logo\\\/image\\\/\",\"url\":\"https:\\\/\\\/yoestudiosalud.es\\\/wp-content\\\/uploads\\\/2020\\\/04\\\/logonew-e1698080827687.png\",\"contentUrl\":\"https:\\\/\\\/yoestudiosalud.es\\\/wp-content\\\/uploads\\\/2020\\\/04\\\/logonew-e1698080827687.png\",\"width\":421,\"height\":393,\"caption\":\"yoestudiosalud.es\"},\"image\":{\"@id\":\"https:\\\/\\\/yoestudiosalud.es\\\/en\\\/#\\\/schema\\\/logo\\\/image\\\/\"}}]}<\/script>\n<!-- \/ Yoast SEO Premium plugin. -->","yoast_head_json":{"title":"MOD\u00c8LE DE SOINS DENTAIRES - yoestudiosalud.es","description":"Le mod\u00e8le de soins dentaires est une r\u00e9plique \u00e0 \u00e9chelle agrandie de la denture humaine, permettant de d\u00e9montrer les processus d'entretien et de nettoyage","robots":{"index":"index","follow":"follow","max-snippet":"max-snippet:-1","max-image-preview":"max-image-preview:large","max-video-preview":"max-video-preview:-1"},"canonical":"https:\/\/yoestudiosalud.es\/fr\/produit\/modele-de-soins-dentaires\/","og_locale":"fr_FR","og_type":"article","og_title":"MOD\u00c8LE DE SOINS DENTAIRES","og_description":"Le mod\u00e8le de soins dentaires est une r\u00e9plique \u00e0 \u00e9chelle agrandie de la denture humaine, permettant de d\u00e9montrer les processus d'entretien et de nettoyage","og_url":"https:\/\/yoestudiosalud.es\/fr\/produit\/modele-de-soins-dentaires\/","og_site_name":"yoestudiosalud.es","article_modified_time":"2026-02-25T15:13:36+00:00","og_image":[{"width":650,"height":650,"url":"https:\/\/yoestudiosalud.es\/wp-content\/uploads\/2018\/08\/001276A.webp","type":"image\/webp"}],"twitter_card":"summary_large_image","twitter_misc":{"Dur\u00e9e de lecture estim\u00e9e":"2 minutes"},"schema":{"@context":"https:\/\/schema.org","@graph":[{"@type":"WebPage","@id":"https:\/\/yoestudiosalud.es\/fr\/produit\/modele-de-soins-dentaires\/","url":"https:\/\/yoestudiosalud.es\/fr\/produit\/modele-de-soins-dentaires\/","name":"MOD\u00c8LE DE SOINS DENTAIRES - yoestudiosalud.es","isPartOf":{"@id":"https:\/\/yoestudiosalud.es\/en\/#website"},"primaryImageOfPage":{"@id":"https:\/\/yoestudiosalud.es\/fr\/produit\/modele-de-soins-dentaires\/#primaryimage"},"image":{"@id":"https:\/\/yoestudiosalud.es\/fr\/produit\/modele-de-soins-dentaires\/#primaryimage"},"thumbnailUrl":"https:\/\/yoestudiosalud.es\/wp-content\/uploads\/2018\/08\/001276A.webp","datePublished":"2018-08-02T16:48:05+00:00","dateModified":"2026-02-25T15:13:36+00:00","description":"Le mod\u00e8le de soins dentaires est une r\u00e9plique \u00e0 \u00e9chelle agrandie de la denture humaine, permettant de d\u00e9montrer les processus d'entretien et de nettoyage","breadcrumb":{"@id":"https:\/\/yoestudiosalud.es\/fr\/produit\/modele-de-soins-dentaires\/#breadcrumb"},"inLanguage":"fr-FR","potentialAction":[{"@type":"ReadAction","target":["https:\/\/yoestudiosalud.es\/fr\/produit\/modele-de-soins-dentaires\/"]}]},{"@type":"ImageObject","inLanguage":"fr-FR","@id":"https:\/\/yoestudiosalud.es\/fr\/produit\/modele-de-soins-dentaires\/#primaryimage","url":"https:\/\/yoestudiosalud.es\/wp-content\/uploads\/2018\/08\/001276A.webp","contentUrl":"https:\/\/yoestudiosalud.es\/wp-content\/uploads\/2018\/08\/001276A.webp","width":650,"height":650,"caption":"MOD\u00c8LE DE SOINS DENTAIRES"},{"@type":"BreadcrumbList","@id":"https:\/\/yoestudiosalud.es\/fr\/produit\/modele-de-soins-dentaires\/#breadcrumb","itemListElement":[{"@type":"ListItem","position":1,"name":"Portada","item":"https:\/\/yoestudiosalud.es\/fr\/"},{"@type":"ListItem","position":2,"name":"Boutique","item":"https:\/\/yoestudiosalud.es\/fr\/boutique\/"},{"@type":"ListItem","position":3,"name":"MOD\u00c8LE DE SOINS DENTAIRES"}]},{"@type":"WebSite","@id":"https:\/\/yoestudiosalud.es\/en\/#website","url":"https:\/\/yoestudiosalud.es\/en\/","name":"yoestudiosalud.es","description":"Material para estudiantes del sector salud","publisher":{"@id":"https:\/\/yoestudiosalud.es\/en\/#organization"},"potentialAction":[{"@type":"SearchAction","target":{"@type":"EntryPoint","urlTemplate":"https:\/\/yoestudiosalud.es\/en\/?s={search_term_string}"},"query-input":{"@type":"PropertyValueSpecification","valueRequired":true,"valueName":"search_term_string"}}],"inLanguage":"fr-FR"},{"@type":"Organization","@id":"https:\/\/yoestudiosalud.es\/en\/#organization","name":"yoestudiosalud.es","url":"https:\/\/yoestudiosalud.es\/en\/","logo":{"@type":"ImageObject","inLanguage":"fr-FR","@id":"https:\/\/yoestudiosalud.es\/en\/#\/schema\/logo\/image\/","url":"https:\/\/yoestudiosalud.es\/wp-content\/uploads\/2020\/04\/logonew-e1698080827687.png","contentUrl":"https:\/\/yoestudiosalud.es\/wp-content\/uploads\/2020\/04\/logonew-e1698080827687.png","width":421,"height":393,"caption":"yoestudiosalud.es"},"image":{"@id":"https:\/\/yoestudiosalud.es\/en\/#\/schema\/logo\/image\/"}}]}},"_links":{"self":[{"href":"https:\/\/yoestudiosalud.es\/fr\/wp-json\/wp\/v2\/product\/28689","targetHints":{"allow":["GET"]}}],"collection":[{"href":"https:\/\/yoestudiosalud.es\/fr\/wp-json\/wp\/v2\/product"}],"about":[{"href":"https:\/\/yoestudiosalud.es\/fr\/wp-json\/wp\/v2\/types\/product"}],"wp:featuredmedia":[{"embeddable":true,"href":"https:\/\/yoestudiosalud.es\/fr\/wp-json\/wp\/v2\/media\/36816"}],"wp:attachment":[{"href":"https:\/\/yoestudiosalud.es\/fr\/wp-json\/wp\/v2\/media?parent=28689"}],"wp:term":[{"taxonomy":"product_brand","embeddable":true,"href":"https:\/\/yoestudiosalud.es\/fr\/wp-json\/wp\/v2\/product_brand?post=28689"},{"taxonomy":"product_cat","embeddable":true,"href":"https:\/\/yoestudiosalud.es\/fr\/wp-json\/wp\/v2\/product_cat?post=28689"},{"taxonomy":"product_tag","embeddable":true,"href":"https:\/\/yoestudiosalud.es\/fr\/wp-json\/wp\/v2\/product_tag?post=28689"}],"curies":[{"name":"wp","href":"https:\/\/api.w.org\/{rel}","templated":true}]}}