{"id":28661,"date":"2018-08-02T16:48:00","date_gmt":"2018-08-02T16:48:00","guid":{"rendered":"https:\/\/yoestudiosalud.es\/producto\/modele-de-colonne-vertebrale-avec-bassin-xc105c\/"},"modified":"2026-02-19T12:08:15","modified_gmt":"2026-02-19T11:08:15","slug":"modele-de-colonne-vertebrale-avec-bassin-xc105c","status":"publish","type":"product","link":"https:\/\/yoestudiosalud.es\/fr\/produit\/modele-de-colonne-vertebrale-avec-bassin-xc105c\/","title":{"rendered":"MOD\u00c8LE DE COLONNE VERT\u00c9BRALE AVEC BASSIN"},"content":{"rendered":"<div class=\"Y3BBE\" data-sfc-cp=\"\" data-hveid=\"CAEIAhAA\" data-complete=\"true\" data-processed=\"true\"><strong class=\"Yjhzub\" data-complete=\"true\">Mod\u00e8le anatomique de la colonne vert\u00e9brale avec bassin<\/strong><\/div>\n<div class=\"Y3BBE\" data-sfc-cp=\"\" data-hveid=\"CAEIAxAA\" data-complete=\"true\" data-processed=\"true\">Le\u00a0<strong class=\"Yjhzub\" data-complete=\"true\">mod\u00e8le anatomique de la colonne vert\u00e9brale avec bassin<\/strong>\u00a0constitue l&#8217;un des outils les plus pr\u00e9cieux pour l&#8217;enseignement de l&#8217;anatomie humaine et de la biom\u00e9canique. Ce support, g\u00e9n\u00e9ralement con\u00e7u \u00e0 taille r\u00e9elle, permet une compr\u00e9hension tridimensionnelle de la structure qui soutient le corps, prot\u00e8ge le syst\u00e8me nerveux central et facilite la locomotion.<button class=\"rBl3me\" tabindex=\"0\" data-amic=\"true\" data-icl-uuid=\"0230e00e-e25e-439d-b679-cc5342fab67e\" aria-label=\"Ver enlaces relacionados\" data-wiz-attrbind=\"disabled=hqRDOd_l\/C5gNJc;aria-label=hqRDOd_l\/bOjMyf;class=hqRDOd_l\/UpSNec\" data-ved=\"2ahUKEwjs3pLntOWSAxXdVKQEHXRNEK0Qye0OegYIAQgDEAE\"><\/button><\/div>\n<div class=\"Fsg96\" data-sfc-cp=\"\" data-complete=\"true\" data-processed=\"true\"><\/div>\n<div class=\"otQkpb\" role=\"heading\" aria-level=\"3\" data-animation-nesting=\"\" data-sfc-cp=\"\" data-complete=\"true\" data-processed=\"true\" data-sae=\"\">Composition et anatomie d\u00e9taill\u00e9e<button class=\"rBl3me\" tabindex=\"0\" data-amic=\"true\" data-icl-uuid=\"2d2021c8-e922-4b2c-a1b0-801f7f8c489e\" aria-label=\"Ver enlaces relacionados\" data-wiz-attrbind=\"disabled=hqRDOd_q\/C5gNJc;aria-label=hqRDOd_q\/bOjMyf;class=hqRDOd_q\/UpSNec\" data-ved=\"2ahUKEwjs3pLntOWSAxXdVKQEHXRNEK0Qye0OegYIAQgEEAA\"><\/button><\/div>\n<div class=\"Y3BBE\" data-sfc-cp=\"\" data-hveid=\"CAEIBRAA\" data-complete=\"true\" data-processed=\"true\">Un mod\u00e8le int\u00e9gral ne se limite pas seulement \u00e0 la repr\u00e9sentation des os, mais cherche \u00e0 reproduire fid\u00e8lement la complexit\u00e9 du squelette axial et sa connexion avec les membres inf\u00e9rieurs. Ses composants principaux incluent :<button class=\"rBl3me\" tabindex=\"0\" data-amic=\"true\" data-icl-uuid=\"3b12cd1e-d56f-49f3-93e0-80b75de30410\" aria-label=\"Ver enlaces relacionados\" data-wiz-attrbind=\"disabled=hqRDOd_u\/C5gNJc;aria-label=hqRDOd_u\/bOjMyf;class=hqRDOd_u\/UpSNec\" data-ved=\"2ahUKEwjs3pLntOWSAxXdVKQEHXRNEK0Qye0OegYIAQgFEAE\"><\/button><\/div>\n<ul class=\"KsbFXc U6u95\" data-complete=\"true\" data-processed=\"true\">\n<li data-hveid=\"CAEIBhAA\" data-complete=\"true\" data-sae=\"\"><span class=\"T286Pc\" data-sfc-cp=\"\" data-complete=\"true\"><strong class=\"Yjhzub\" data-complete=\"true\">Vert\u00e8bres et disques :<\/strong>\u00a0Repr\u00e9sentation des 24 vert\u00e8bres (7 cervicales, 12 thoraciques et 5 lombaires), s\u00e9par\u00e9es par des disques intervert\u00e9braux fabriqu\u00e9s dans des mat\u00e9riaux flexibles simulant le cartilage fibreux.<\/span><\/li>\n<li data-hveid=\"CAEIBhAB\" data-complete=\"true\" data-sae=\"\"><span class=\"T286Pc\" data-sfc-cp=\"\" data-complete=\"true\"><strong class=\"Yjhzub\" data-complete=\"true\">La ceinture pelvienne :<\/strong>\u00a0Comprend les os iliaques, l&#8217;ischion et le pubis, ainsi que le sacrum et le coccyx. Cette section est cruciale pour comprendre comment le poids du torse est transf\u00e9r\u00e9 vers les membres inf\u00e9rieurs.<\/span><\/li>\n<li data-hveid=\"CAEIBhAC\" data-complete=\"true\" data-sae=\"\"><span class=\"T286Pc\" data-sfc-cp=\"\" data-complete=\"true\"><strong class=\"Yjhzub\" data-complete=\"true\">\u00c9l\u00e9ments nerveux et vasculaires :<\/strong>\u00a0La plupart des mod\u00e8les techniques int\u00e8grent la moelle \u00e9pini\u00e8re, les racines nerveuses \u00e9mergentes et l&#8217;art\u00e8re vert\u00e9brale, permettant de visualiser les points potentiels de pincement ou de compression.<\/span><button class=\"rBl3me\" tabindex=\"0\" data-amic=\"true\" data-icl-uuid=\"82b4da54-405b-43c5-aa15-3630c7454306\" aria-label=\"Ver enlaces relacionados\" data-wiz-attrbind=\"disabled=hqRDOd_17\/C5gNJc;aria-label=hqRDOd_17\/bOjMyf;class=hqRDOd_17\/UpSNec\" data-ved=\"2ahUKEwjs3pLntOWSAxXdVKQEHXRNEK0Qye0OegYIAQgGEAM\"><\/button><\/li>\n<\/ul>\n<div class=\"Fsg96\" data-sfc-cp=\"\" data-complete=\"true\" data-processed=\"true\"><\/div>\n<div class=\"otQkpb\" role=\"heading\" aria-level=\"3\" data-animation-nesting=\"\" data-sfc-cp=\"\" data-complete=\"true\" data-processed=\"true\" data-sae=\"\">Valeur \u00e9ducative et applications cliniques<button class=\"rBl3me\" tabindex=\"0\" data-amic=\"true\" data-icl-uuid=\"14cecce8-7401-4fde-91a7-819192c437d8\" aria-label=\"Ver enlaces relacionados\" data-wiz-attrbind=\"disabled=hqRDOd_1c\/C5gNJc;aria-label=hqRDOd_1c\/bOjMyf;class=hqRDOd_1c\/UpSNec\" data-ved=\"2ahUKEwjs3pLntOWSAxXdVKQEHXRNEK0Qye0OegYIAQgHEAA\"><\/button><\/div>\n<div class=\"Y3BBE\" data-sfc-cp=\"\" data-hveid=\"CAEICBAA\" data-complete=\"true\" data-processed=\"true\">La pertinence de ce mod\u00e8le r\u00e9side dans sa\u00a0<strong class=\"Yjhzub\" data-complete=\"true\">capacit\u00e9 fonctionnelle<\/strong>. Contrairement aux diagrammes bidimensionnels, un mod\u00e8le physique permet d&#8217;observer les courbures physiologiques : la\u00a0<strong class=\"Yjhzub\" data-complete=\"true\">lordose<\/strong>\u00a0(cervicale et lombaire) et la\u00a0<strong class=\"Yjhzub\" data-complete=\"true\">cyphose<\/strong>\u00a0(thoracique et sacr\u00e9e).<button class=\"rBl3me\" tabindex=\"0\" data-amic=\"true\" data-icl-uuid=\"a1b3e555-bb33-4d12-9af0-87ea9ff93f90\" aria-label=\"Ver enlaces relacionados\" data-wiz-attrbind=\"disabled=hqRDOd_1j\/C5gNJc;aria-label=hqRDOd_1j\/bOjMyf;class=hqRDOd_1j\/UpSNec\" data-ved=\"2ahUKEwjs3pLntOWSAxXdVKQEHXRNEK0Qye0OegYIAQgIEAE\"><\/button><\/div>\n<ol class=\"IaGLZe VimKh\" data-complete=\"true\" data-processed=\"true\">\n<li data-hveid=\"CAEICRAA\" data-complete=\"true\" data-sae=\"\"><span class=\"T286Pc\" data-sfc-cp=\"\" data-complete=\"true\"><strong class=\"Yjhzub\" data-complete=\"true\">En kin\u00e9sith\u00e9rapie :<\/strong>\u00a0Il est fondamental pour d\u00e9montrer aux patients l&#8217;origine de pathologies telles que la hernie discale, la sciatique ou la scoliose. Gr\u00e2ce \u00e0 sa flexibilit\u00e9, le sp\u00e9cialiste peut manipuler la colonne pour montrer les mouvements de flexion, d&#8217;extension ou de rotation.<\/span><\/li>\n<li data-hveid=\"CAEICRAB\" data-complete=\"true\" data-sae=\"\"><span class=\"T286Pc\" data-sfc-cp=\"\" data-complete=\"true\"><strong class=\"Yjhzub\" data-complete=\"true\">Dans l&#8217;enseignement m\u00e9dical :<\/strong>\u00a0Il facilite l&#8217;identification des structures osseuses, comme les apophyses \u00e9pineuses et transverses, et la compr\u00e9hension des articulations sacro-iliaques.<\/span><\/li>\n<li data-hveid=\"CAEICRAC\" data-complete=\"true\" data-sae=\"\"><span class=\"T286Pc\" data-sfc-cp=\"\" data-complete=\"true\"><strong class=\"Yjhzub\" data-complete=\"true\">Pr\u00e9vention des risques professionnels :<\/strong>\u00a0Utilis\u00e9 pour enseigner les techniques de levage de charges et l&#8217;importance de l&#8217;hygi\u00e8ne posturale afin d&#8217;\u00e9viter les blessures chroniques.<\/span><button class=\"rBl3me\" tabindex=\"0\" data-amic=\"true\" data-icl-uuid=\"afb161a0-9ba3-4b30-bc49-51ee15205012\" aria-label=\"Ver enlaces relacionados\" data-wiz-attrbind=\"disabled=hqRDOd_1w\/C5gNJc;aria-label=hqRDOd_1w\/bOjMyf;class=hqRDOd_1w\/UpSNec\" data-ved=\"2ahUKEwjs3pLntOWSAxXdVKQEHXRNEK0Qye0OegYIAQgJEAM\"><\/button><\/li>\n<\/ol>\n<div class=\"Fsg96\" data-sfc-cp=\"\" data-complete=\"true\" data-processed=\"true\"><\/div>\n<hr class=\"j3tEEe\" data-serialized-params=\"[]\" data-complete=\"true\" data-processed=\"true\" data-sae=\"\" \/>\n","protected":false},"excerpt":{"rendered":"<p>Mod\u00e8le anatomique de la colonne vert\u00e9brale avec bassin Le\u00a0mod\u00e8le anatomique  [&#8230;]<\/p>\n","protected":false},"featured_media":36773,"template":"","meta":[],"product_brand":[],"product_cat":[724],"product_tag":[],"class_list":{"0":"post-28661","1":"product","2":"type-product","3":"status-publish","4":"has-post-thumbnail","6":"product_cat-modelesm-fr","8":"first","9":"instock","10":"taxable","11":"shipping-taxable","12":"purchasable","13":"product-type-simple"},"yoast_head":"<!-- This site is optimized with the Yoast SEO Premium plugin v27.0 (Yoast SEO v27.2) - https:\/\/yoast.com\/product\/yoast-seo-premium-wordpress\/ -->\n<title>MOD\u00c8LE DE COLONNE VERT\u00c9BRALE AVEC BASSIN - yoestudiosalud.es<\/title>\n<meta name=\"description\" content=\"Mod\u00e8le anatomique de colonne et bassin \u00e0 taille r\u00e9elle pour usage acad\u00e9mique. Inclut des vert\u00e8bres flexibles, des nerfs et des disques, id\u00e9al pour l&#039;\u00e9tude d\u00e9taill\u00e9e de l&#039;anatomie et de la posture humaine.\" \/>\n<meta name=\"robots\" content=\"index, follow, max-snippet:-1, max-image-preview:large, max-video-preview:-1\" \/>\n<link rel=\"canonical\" href=\"https:\/\/yoestudiosalud.es\/produit\/modelo-columna-vertebral-con-pelvis\/\" \/>\n<meta property=\"og:locale\" content=\"fr_FR\" \/>\n<meta property=\"og:type\" content=\"article\" \/>\n<meta property=\"og:title\" content=\"MOD\u00c8LE DE COLONNE VERT\u00c9BRALE AVEC BASSIN\" \/>\n<meta property=\"og:description\" content=\"Mod\u00e8le anatomique de colonne et bassin \u00e0 taille r\u00e9elle pour usage acad\u00e9mique. Inclut des vert\u00e8bres flexibles, des nerfs et des disques, id\u00e9al pour l&#039;\u00e9tude d\u00e9taill\u00e9e de l&#039;anatomie et de la posture humaine.\" \/>\n<meta property=\"og:url\" content=\"https:\/\/yoestudiosalud.es\/produit\/modelo-columna-vertebral-con-pelvis\/\" \/>\n<meta property=\"og:site_name\" content=\"yoestudiosalud.es\" \/>\n<meta property=\"article:modified_time\" content=\"2026-02-19T11:08:15+00:00\" \/>\n<meta property=\"og:image\" content=\"https:\/\/yoestudiosalud.es\/wp-content\/uploads\/2018\/08\/001250.webp\" \/>\n\t<meta property=\"og:image:width\" content=\"650\" \/>\n\t<meta property=\"og:image:height\" content=\"650\" \/>\n\t<meta property=\"og:image:type\" content=\"image\/webp\" \/>\n<meta name=\"twitter:card\" content=\"summary_large_image\" \/>\n<meta name=\"twitter:label1\" content=\"Dur\u00e9e de lecture estim\u00e9e\" \/>\n\t<meta name=\"twitter:data1\" content=\"2 minutes\" \/>\n<script type=\"application\/ld+json\" class=\"yoast-schema-graph\">{\"@context\":\"https:\/\/schema.org\",\"@graph\":[{\"@type\":\"WebPage\",\"@id\":\"https:\/\/yoestudiosalud.es\/produit\/modelo-columna-vertebral-con-pelvis\/\",\"url\":\"https:\/\/yoestudiosalud.es\/produit\/modelo-columna-vertebral-con-pelvis\/\",\"name\":\"MOD\u00c8LE DE COLONNE VERT\u00c9BRALE AVEC BASSIN - yoestudiosalud.es\",\"isPartOf\":{\"@id\":\"https:\/\/yoestudiosalud.es\/en\/#website\"},\"primaryImageOfPage\":{\"@id\":\"https:\/\/yoestudiosalud.es\/produit\/modelo-columna-vertebral-con-pelvis\/#primaryimage\"},\"image\":{\"@id\":\"https:\/\/yoestudiosalud.es\/produit\/modelo-columna-vertebral-con-pelvis\/#primaryimage\"},\"thumbnailUrl\":\"https:\/\/yoestudiosalud.es\/wp-content\/uploads\/2018\/08\/001250.webp\",\"datePublished\":\"2018-08-02T16:48:00+00:00\",\"dateModified\":\"2026-02-19T11:08:15+00:00\",\"description\":\"Mod\u00e8le anatomique de colonne et bassin \u00e0 taille r\u00e9elle pour usage acad\u00e9mique. Inclut des vert\u00e8bres flexibles, des nerfs et des disques, id\u00e9al pour l'\u00e9tude d\u00e9taill\u00e9e de l'anatomie et de la posture humaine.\",\"breadcrumb\":{\"@id\":\"https:\/\/yoestudiosalud.es\/produit\/modelo-columna-vertebral-con-pelvis\/#breadcrumb\"},\"inLanguage\":\"fr-FR\",\"potentialAction\":[{\"@type\":\"ReadAction\",\"target\":[\"https:\/\/yoestudiosalud.es\/produit\/modelo-columna-vertebral-con-pelvis\/\"]}]},{\"@type\":\"ImageObject\",\"inLanguage\":\"fr-FR\",\"@id\":\"https:\/\/yoestudiosalud.es\/produit\/modelo-columna-vertebral-con-pelvis\/#primaryimage\",\"url\":\"https:\/\/yoestudiosalud.es\/wp-content\/uploads\/2018\/08\/001250.webp\",\"contentUrl\":\"https:\/\/yoestudiosalud.es\/wp-content\/uploads\/2018\/08\/001250.webp\",\"width\":650,\"height\":650,\"caption\":\"MOD\u00c8LE DE COLONNE VERT\u00c9BRALE AVEC BASSIN\"},{\"@type\":\"BreadcrumbList\",\"@id\":\"https:\/\/yoestudiosalud.es\/produit\/modelo-columna-vertebral-con-pelvis\/#breadcrumb\",\"itemListElement\":[{\"@type\":\"ListItem\",\"position\":1,\"name\":\"Portada\",\"item\":\"https:\/\/yoestudiosalud.es\/fr\/\"},{\"@type\":\"ListItem\",\"position\":2,\"name\":\"Boutique\",\"item\":\"https:\/\/yoestudiosalud.es\/fr\/boutique\/\"},{\"@type\":\"ListItem\",\"position\":3,\"name\":\"MOD\u00c8LE DE COLONNE VERT\u00c9BRALE AVEC BASSIN\"}]},{\"@type\":\"WebSite\",\"@id\":\"https:\/\/yoestudiosalud.es\/en\/#website\",\"url\":\"https:\/\/yoestudiosalud.es\/en\/\",\"name\":\"yoestudiosalud.es\",\"description\":\"Material para estudiantes del sector salud\",\"publisher\":{\"@id\":\"https:\/\/yoestudiosalud.es\/en\/#organization\"},\"potentialAction\":[{\"@type\":\"SearchAction\",\"target\":{\"@type\":\"EntryPoint\",\"urlTemplate\":\"https:\/\/yoestudiosalud.es\/en\/?s={search_term_string}\"},\"query-input\":{\"@type\":\"PropertyValueSpecification\",\"valueRequired\":true,\"valueName\":\"search_term_string\"}}],\"inLanguage\":\"fr-FR\"},{\"@type\":\"Organization\",\"@id\":\"https:\/\/yoestudiosalud.es\/en\/#organization\",\"name\":\"yoestudiosalud.es\",\"url\":\"https:\/\/yoestudiosalud.es\/en\/\",\"logo\":{\"@type\":\"ImageObject\",\"inLanguage\":\"fr-FR\",\"@id\":\"https:\/\/yoestudiosalud.es\/en\/#\/schema\/logo\/image\/\",\"url\":\"https:\/\/yoestudiosalud.es\/wp-content\/uploads\/2020\/04\/logonew-e1698080827687.png\",\"contentUrl\":\"https:\/\/yoestudiosalud.es\/wp-content\/uploads\/2020\/04\/logonew-e1698080827687.png\",\"width\":421,\"height\":393,\"caption\":\"yoestudiosalud.es\"},\"image\":{\"@id\":\"https:\/\/yoestudiosalud.es\/en\/#\/schema\/logo\/image\/\"}}]}<\/script>\n<!-- \/ Yoast SEO Premium plugin. -->","yoast_head_json":{"title":"MOD\u00c8LE DE COLONNE VERT\u00c9BRALE AVEC BASSIN - yoestudiosalud.es","description":"Mod\u00e8le anatomique de colonne et bassin \u00e0 taille r\u00e9elle pour usage acad\u00e9mique. Inclut des vert\u00e8bres flexibles, des nerfs et des disques, id\u00e9al pour l'\u00e9tude d\u00e9taill\u00e9e de l'anatomie et de la posture humaine.","robots":{"index":"index","follow":"follow","max-snippet":"max-snippet:-1","max-image-preview":"max-image-preview:large","max-video-preview":"max-video-preview:-1"},"canonical":"https:\/\/yoestudiosalud.es\/produit\/modelo-columna-vertebral-con-pelvis\/","og_locale":"fr_FR","og_type":"article","og_title":"MOD\u00c8LE DE COLONNE VERT\u00c9BRALE AVEC BASSIN","og_description":"Mod\u00e8le anatomique de colonne et bassin \u00e0 taille r\u00e9elle pour usage acad\u00e9mique. Inclut des vert\u00e8bres flexibles, des nerfs et des disques, id\u00e9al pour l'\u00e9tude d\u00e9taill\u00e9e de l'anatomie et de la posture humaine.","og_url":"https:\/\/yoestudiosalud.es\/produit\/modelo-columna-vertebral-con-pelvis\/","og_site_name":"yoestudiosalud.es","article_modified_time":"2026-02-19T11:08:15+00:00","og_image":[{"width":650,"height":650,"url":"https:\/\/yoestudiosalud.es\/wp-content\/uploads\/2018\/08\/001250.webp","type":"image\/webp"}],"twitter_card":"summary_large_image","twitter_misc":{"Dur\u00e9e de lecture estim\u00e9e":"2 minutes"},"schema":{"@context":"https:\/\/schema.org","@graph":[{"@type":"WebPage","@id":"https:\/\/yoestudiosalud.es\/produit\/modelo-columna-vertebral-con-pelvis\/","url":"https:\/\/yoestudiosalud.es\/produit\/modelo-columna-vertebral-con-pelvis\/","name":"MOD\u00c8LE DE COLONNE VERT\u00c9BRALE AVEC BASSIN - yoestudiosalud.es","isPartOf":{"@id":"https:\/\/yoestudiosalud.es\/en\/#website"},"primaryImageOfPage":{"@id":"https:\/\/yoestudiosalud.es\/produit\/modelo-columna-vertebral-con-pelvis\/#primaryimage"},"image":{"@id":"https:\/\/yoestudiosalud.es\/produit\/modelo-columna-vertebral-con-pelvis\/#primaryimage"},"thumbnailUrl":"https:\/\/yoestudiosalud.es\/wp-content\/uploads\/2018\/08\/001250.webp","datePublished":"2018-08-02T16:48:00+00:00","dateModified":"2026-02-19T11:08:15+00:00","description":"Mod\u00e8le anatomique de colonne et bassin \u00e0 taille r\u00e9elle pour usage acad\u00e9mique. Inclut des vert\u00e8bres flexibles, des nerfs et des disques, id\u00e9al pour l'\u00e9tude d\u00e9taill\u00e9e de l'anatomie et de la posture humaine.","breadcrumb":{"@id":"https:\/\/yoestudiosalud.es\/produit\/modelo-columna-vertebral-con-pelvis\/#breadcrumb"},"inLanguage":"fr-FR","potentialAction":[{"@type":"ReadAction","target":["https:\/\/yoestudiosalud.es\/produit\/modelo-columna-vertebral-con-pelvis\/"]}]},{"@type":"ImageObject","inLanguage":"fr-FR","@id":"https:\/\/yoestudiosalud.es\/produit\/modelo-columna-vertebral-con-pelvis\/#primaryimage","url":"https:\/\/yoestudiosalud.es\/wp-content\/uploads\/2018\/08\/001250.webp","contentUrl":"https:\/\/yoestudiosalud.es\/wp-content\/uploads\/2018\/08\/001250.webp","width":650,"height":650,"caption":"MOD\u00c8LE DE COLONNE VERT\u00c9BRALE AVEC BASSIN"},{"@type":"BreadcrumbList","@id":"https:\/\/yoestudiosalud.es\/produit\/modelo-columna-vertebral-con-pelvis\/#breadcrumb","itemListElement":[{"@type":"ListItem","position":1,"name":"Portada","item":"https:\/\/yoestudiosalud.es\/fr\/"},{"@type":"ListItem","position":2,"name":"Boutique","item":"https:\/\/yoestudiosalud.es\/fr\/boutique\/"},{"@type":"ListItem","position":3,"name":"MOD\u00c8LE DE COLONNE VERT\u00c9BRALE AVEC BASSIN"}]},{"@type":"WebSite","@id":"https:\/\/yoestudiosalud.es\/en\/#website","url":"https:\/\/yoestudiosalud.es\/en\/","name":"yoestudiosalud.es","description":"Material para estudiantes del sector salud","publisher":{"@id":"https:\/\/yoestudiosalud.es\/en\/#organization"},"potentialAction":[{"@type":"SearchAction","target":{"@type":"EntryPoint","urlTemplate":"https:\/\/yoestudiosalud.es\/en\/?s={search_term_string}"},"query-input":{"@type":"PropertyValueSpecification","valueRequired":true,"valueName":"search_term_string"}}],"inLanguage":"fr-FR"},{"@type":"Organization","@id":"https:\/\/yoestudiosalud.es\/en\/#organization","name":"yoestudiosalud.es","url":"https:\/\/yoestudiosalud.es\/en\/","logo":{"@type":"ImageObject","inLanguage":"fr-FR","@id":"https:\/\/yoestudiosalud.es\/en\/#\/schema\/logo\/image\/","url":"https:\/\/yoestudiosalud.es\/wp-content\/uploads\/2020\/04\/logonew-e1698080827687.png","contentUrl":"https:\/\/yoestudiosalud.es\/wp-content\/uploads\/2020\/04\/logonew-e1698080827687.png","width":421,"height":393,"caption":"yoestudiosalud.es"},"image":{"@id":"https:\/\/yoestudiosalud.es\/en\/#\/schema\/logo\/image\/"}}]}},"_links":{"self":[{"href":"https:\/\/yoestudiosalud.es\/fr\/wp-json\/wp\/v2\/product\/28661","targetHints":{"allow":["GET"]}}],"collection":[{"href":"https:\/\/yoestudiosalud.es\/fr\/wp-json\/wp\/v2\/product"}],"about":[{"href":"https:\/\/yoestudiosalud.es\/fr\/wp-json\/wp\/v2\/types\/product"}],"wp:featuredmedia":[{"embeddable":true,"href":"https:\/\/yoestudiosalud.es\/fr\/wp-json\/wp\/v2\/media\/36773"}],"wp:attachment":[{"href":"https:\/\/yoestudiosalud.es\/fr\/wp-json\/wp\/v2\/media?parent=28661"}],"wp:term":[{"taxonomy":"product_brand","embeddable":true,"href":"https:\/\/yoestudiosalud.es\/fr\/wp-json\/wp\/v2\/product_brand?post=28661"},{"taxonomy":"product_cat","embeddable":true,"href":"https:\/\/yoestudiosalud.es\/fr\/wp-json\/wp\/v2\/product_cat?post=28661"},{"taxonomy":"product_tag","embeddable":true,"href":"https:\/\/yoestudiosalud.es\/fr\/wp-json\/wp\/v2\/product_tag?post=28661"}],"curies":[{"name":"wp","href":"https:\/\/api.w.org\/{rel}","templated":true}]}}