{"id":28657,"date":"2018-08-02T16:47:59","date_gmt":"2018-08-02T16:47:59","guid":{"rendered":"https:\/\/yoestudiosalud.es\/producto\/artmed-modele-crane-cerveau-8-pieces-xc104e\/"},"modified":"2026-02-18T16:57:24","modified_gmt":"2026-02-18T15:57:24","slug":"modele-de-torse-unisexe-55-cm","status":"publish","type":"product","link":"https:\/\/yoestudiosalud.es\/fr\/produit\/modele-de-torse-unisexe-55-cm\/","title":{"rendered":"MOD\u00c8LE DE TORSE UNISEXE 55 CM"},"content":{"rendered":"<div class=\"otQkpb\" role=\"heading\" aria-level=\"3\" data-animation-nesting=\"\" data-sfc-cp=\"\" data-complete=\"true\" data-processed=\"true\" data-sae=\"\">Mod\u00e8le de torse humain de 55 cm (20 parties) : Anatomie d\u00e9taill\u00e9e \u00e0 mi-\u00e9chelle<button class=\"rBl3me\" tabindex=\"0\" data-amic=\"true\" data-icl-uuid=\"5313f86f-4170-4b9b-924f-0cbae67a74cc\" aria-label=\"Ver enlaces relacionados\" data-wiz-attrbind=\"disabled=HDPbZ_j\/C5gNJc;aria-label=HDPbZ_j\/bOjMyf;class=HDPbZ_j\/UpSNec\" data-ved=\"2ahUKEwjoxqL2suOSAxWtMvsDHSRzDYEQye0OegYIAQgDEAA\"><\/button><\/div>\n<div class=\"Y3BBE\" data-sfc-cp=\"\" data-hveid=\"CAEIBBAA\" data-complete=\"true\" data-processed=\"true\">Le\u00a0<strong class=\"Yjhzub\" data-complete=\"true\">mod\u00e8le de torse humain de 55 cm<\/strong>\u00a0est l&#8217;un des outils les plus \u00e9quilibr\u00e9s pour l&#8217;\u00e9tude de l&#8217;anatomie interne. Avec sa conception en\u00a0<strong class=\"Yjhzub\" data-complete=\"true\">20 parties amovibles<\/strong>, ce mod\u00e8le \u00e0 mi-\u00e9chelle permet une exploration approfondie des syst\u00e8mes organiques sans occuper l&#8217;espace d&#8217;un torse en taille r\u00e9elle. C&#8217;est la ressource pr\u00e9f\u00e9r\u00e9e des laboratoires scolaires, des instituts de soins infirmiers et des cabinets de m\u00e9decine g\u00e9n\u00e9rale.<button class=\"rBl3me\" tabindex=\"0\" data-amic=\"true\" data-icl-uuid=\"6e2f4d3f-f981-4a06-b860-ec256f104f3e\" aria-label=\"Ver enlaces relacionados\" data-wiz-attrbind=\"disabled=HDPbZ_p\/C5gNJc;aria-label=HDPbZ_p\/bOjMyf;class=HDPbZ_p\/UpSNec\" data-ved=\"2ahUKEwjoxqL2suOSAxWtMvsDHSRzDYEQye0OegYIAQgEEAE\"><\/button><\/div>\n<div class=\"Fsg96\" data-sfc-cp=\"\" data-complete=\"true\" data-processed=\"true\"><\/div>\n<div class=\"otQkpb\" role=\"heading\" aria-level=\"3\" data-animation-nesting=\"\" data-sfc-cp=\"\" data-complete=\"true\" data-processed=\"true\" data-sae=\"\">Caract\u00e9ristiques principales et vue \u00e9clat\u00e9e anatomique<button class=\"rBl3me\" tabindex=\"0\" data-amic=\"true\" data-icl-uuid=\"404fed90-71fe-4259-bb17-b580a3886179\" aria-label=\"Ver enlaces relacionados\" data-wiz-attrbind=\"disabled=HDPbZ_u\/C5gNJc;aria-label=HDPbZ_u\/bOjMyf;class=HDPbZ_u\/UpSNec\" data-ved=\"2ahUKEwjoxqL2suOSAxWtMvsDHSRzDYEQye0OegYIAQgFEAA\"><\/button><\/div>\n<div class=\"Y3BBE\" data-sfc-cp=\"\" data-hveid=\"CAEIBhAA\" data-complete=\"true\" data-processed=\"true\">Ce qui distingue ce mod\u00e8le de 55 cm est sa capacit\u00e9 \u00e0 d\u00e9composer la complexit\u00e9 du corps humain en pi\u00e8ces maniables et d\u00e9taill\u00e9es. Les\u00a0<strong class=\"Yjhzub\" data-complete=\"true\">20 parties<\/strong>\u00a0comprennent g\u00e9n\u00e9ralement :<button class=\"rBl3me\" tabindex=\"0\" data-amic=\"true\" data-icl-uuid=\"08265544-b7f1-463f-80b2-3a7b01a67126\" aria-label=\"Ver enlaces relacionados\" data-wiz-attrbind=\"disabled=HDPbZ_z\/C5gNJc;aria-label=HDPbZ_z\/bOjMyf;class=HDPbZ_z\/UpSNec\" data-ved=\"2ahUKEwjoxqL2suOSAxWtMvsDHSRzDYEQye0OegYIAQgGEAE\"><\/button><\/div>\n<ul class=\"KsbFXc U6u95\" data-complete=\"true\" data-processed=\"true\">\n<li data-hveid=\"CAEIBxAA\" data-complete=\"true\" data-sae=\"\"><span class=\"T286Pc\" data-sfc-cp=\"\" data-complete=\"true\"><strong class=\"Yjhzub\" data-complete=\"true\">T\u00eate d\u00e9taill\u00e9e :<\/strong>\u00a0Divis\u00e9e en sections montrant le cerveau et la structure cr\u00e2nienne.<\/span><\/li>\n<li data-hveid=\"CAEIBxAB\" data-complete=\"true\" data-sae=\"\"><span class=\"T286Pc\" data-sfc-cp=\"\" data-complete=\"true\"><strong class=\"Yjhzub\" data-complete=\"true\">Syst\u00e8mes vitaux :<\/strong>\u00a0Poumons (2 parties), c\u0153ur (2 parties), estomac, foie avec v\u00e9sicule biliaire et syst\u00e8me intestinal complet.<\/span><\/li>\n<li data-hveid=\"CAEIBxAC\" data-complete=\"true\" data-sae=\"\"><span class=\"T286Pc\" data-sfc-cp=\"\" data-complete=\"true\"><strong class=\"Yjhzub\" data-complete=\"true\">Organes reproducteurs interchangeables :<\/strong>\u00a0La plupart des versions incluent des inserts masculins et f\u00e9minins, ce qui en fait un mod\u00e8le\u00a0<strong class=\"Yjhzub\" data-complete=\"true\">bisexu\u00e9<\/strong>\u00a0extr\u00eamement polyvalent.<\/span><\/li>\n<li data-hveid=\"CAEIBxAD\" data-complete=\"true\" data-sae=\"\"><span class=\"T286Pc\" data-sfc-cp=\"\" data-complete=\"true\"><strong class=\"Yjhzub\" data-complete=\"true\">Dos ouvert :<\/strong>\u00a0De nombreux mod\u00e8les pr\u00e9sentent une section post\u00e9rieure montrant la\u00a0<strong class=\"Yjhzub\" data-complete=\"true\">colonne vert\u00e9brale<\/strong>, les segments nerveux et les reins.<\/span><button class=\"rBl3me\" tabindex=\"0\" data-amic=\"true\" data-icl-uuid=\"2956fe1f-2eff-4314-ad67-2653b314833f\" aria-label=\"Ver enlaces relacionados\" data-wiz-attrbind=\"disabled=HDPbZ_1h\/C5gNJc;aria-label=HDPbZ_1h\/bOjMyf;class=HDPbZ_1h\/UpSNec\" data-ved=\"2ahUKEwjoxqL2suOSAxWtMvsDHSRzDYEQye0OegYIAQgHEAQ\"><\/button><\/li>\n<\/ul>\n<div class=\"Fsg96\" data-sfc-cp=\"\" data-complete=\"true\" data-processed=\"true\"><\/div>\n<div class=\"otQkpb\" role=\"heading\" aria-level=\"3\" data-animation-nesting=\"\" data-sfc-cp=\"\" data-complete=\"true\" data-processed=\"true\" data-sae=\"\">Avantages de l&#8217;\u00e9chelle de 55 cm<button class=\"rBl3me\" tabindex=\"0\" data-amic=\"true\" data-icl-uuid=\"4a106fa3-d897-4054-817c-9d4c98fb0d90\" aria-label=\"Ver enlaces relacionados\" data-wiz-attrbind=\"disabled=HDPbZ_1m\/C5gNJc;aria-label=HDPbZ_1m\/bOjMyf;class=HDPbZ_1m\/UpSNec\" data-ved=\"2ahUKEwjoxqL2suOSAxWtMvsDHSRzDYEQye0OegYIAQgIEAA\"><\/button><\/div>\n<ul class=\"KsbFXc U6u95\" data-complete=\"true\" data-processed=\"true\">\n<li data-hveid=\"CAEICRAA\" data-complete=\"true\" data-sae=\"\"><span class=\"T286Pc\" data-sfc-cp=\"\" data-complete=\"true\"><strong class=\"Yjhzub\" data-complete=\"true\">Visibilit\u00e9 optimale :<\/strong>\u00a0Bien que plus compact qu&#8217;un mod\u00e8le de 85 cm, ses 55 cm sont suffisants pour qu&#8217;un petit groupe d&#8217;\u00e9tudiants identifie clairement chaque organe.<\/span><\/li>\n<li data-hveid=\"CAEICRAB\" data-complete=\"true\" data-sae=\"\"><span class=\"T286Pc\" data-sfc-cp=\"\" data-complete=\"true\"><strong class=\"Yjhzub\" data-complete=\"true\">Mat\u00e9riau de qualit\u00e9 m\u00e9dicale :<\/strong>\u00a0Fabriqu\u00e9 en\u00a0<strong class=\"Yjhzub\" data-complete=\"true\">PVC de haute qualit\u00e9<\/strong>, peint \u00e0 la main avec des couleurs vives qui diff\u00e9rencient clairement les art\u00e8res, les veines et les structures tissulaires.<\/span><\/li>\n<li data-hveid=\"CAEICRAC\" data-complete=\"true\" data-sae=\"\"><span class=\"T286Pc\" data-sfc-cp=\"\" data-complete=\"true\"><strong class=\"Yjhzub\" data-complete=\"true\">Facilit\u00e9 d&#8217;assemblage :<\/strong>\u00a0Les pi\u00e8ces s&#8217;embo\u00eetent via un syst\u00e8me d&#8217;aimants ou de pivots s\u00e9curis\u00e9s, facilitant le &#8220;montage et d\u00e9montage&#8221; lors des cours pratiques.<\/span><button class=\"rBl3me\" tabindex=\"0\" data-amic=\"true\" data-icl-uuid=\"92a6287f-538d-4d22-aebf-0ecd329adf9f\" aria-label=\"Ver enlaces relacionados\" data-wiz-attrbind=\"disabled=HDPbZ_20\/C5gNJc;aria-label=HDPbZ_20\/bOjMyf;class=HDPbZ_20\/UpSNec\" data-ved=\"2ahUKEwjoxqL2suOSAxWtMvsDHSRzDYEQye0OegYIAQgJEAM\"><\/button><\/li>\n<\/ul>\n<div class=\"Fsg96\" data-sfc-cp=\"\" data-complete=\"true\" data-processed=\"true\"><\/div>\n<div class=\"otQkpb\" role=\"heading\" aria-level=\"3\" data-animation-nesting=\"\" data-sfc-cp=\"\" data-complete=\"true\" data-processed=\"true\" data-sae=\"\">Applications professionnelles<button class=\"rBl3me\" tabindex=\"0\" data-amic=\"true\" data-icl-uuid=\"2a6c92d7-43d8-47f0-93fc-2110e4282588\" aria-label=\"Ver enlaces relacionados\" data-wiz-attrbind=\"disabled=HDPbZ_25\/C5gNJc;aria-label=HDPbZ_25\/bOjMyf;class=HDPbZ_25\/UpSNec\" data-ved=\"2ahUKEwjoxqL2suOSAxWtMvsDHSRzDYEQye0OegYIAQgKEAA\"><\/button><\/div>\n<ol class=\"IaGLZe VimKh\" data-complete=\"true\" data-processed=\"true\">\n<li data-hveid=\"CAEICxAA\" data-complete=\"true\" data-sae=\"\"><span class=\"T286Pc\" data-sfc-cp=\"\" data-complete=\"true\"><strong class=\"Yjhzub\" data-complete=\"true\">Enseignement secondaire et universitaire :<\/strong>\u00a0Id\u00e9al pour expliquer la physiologie humaine et l&#8217;emplacement exact des organes en trois dimensions.<\/span><\/li>\n<li data-hveid=\"CAEICxAB\" data-complete=\"true\" data-sae=\"\"><span class=\"T286Pc\" data-sfc-cp=\"\" data-complete=\"true\"><strong class=\"Yjhzub\" data-complete=\"true\">Explication au patient :<\/strong>\u00a0En clinique, il aide les m\u00e9decins \u00e0 illustrer les proc\u00e9dures chirurgicales ou les pathologies digestives et respiratoires.<\/span><\/li>\n<li data-hveid=\"CAEICxAC\" data-complete=\"true\" data-sae=\"\"><span class=\"T286Pc\" data-sfc-cp=\"\" data-complete=\"true\"><strong class=\"Yjhzub\" data-complete=\"true\">R\u00e9f\u00e9rence artistique :<\/strong>\u00a0Fournit aux artistes une base solide sur le volume et l&#8217;emplacement des masses musculaires et organiques.<\/span><button class=\"rBl3me\" tabindex=\"0\" data-amic=\"true\" data-icl-uuid=\"bd1e885a-8bf4-4f9f-bee4-f36200950e32\" aria-label=\"Ver enlaces relacionados\" data-wiz-attrbind=\"disabled=HDPbZ_2i\/C5gNJc;aria-label=HDPbZ_2i\/bOjMyf;class=HDPbZ_2i\/UpSNec\" data-ved=\"2ahUKEwjoxqL2suOSAxWtMvsDHSRzDYEQye0OegYIAQgLEAM\"><\/button><\/li>\n<\/ol>\n<div class=\"Y3BBE\" data-sfc-cp=\"\" data-hveid=\"CAEIDBAA\" data-complete=\"true\" data-processed=\"true\" aria-owns=\"action-menu-parent-container\">En conclusion, le\u00a0<strong class=\"Yjhzub\" data-complete=\"true\">torse anatomique de 55 cm et 20 parties<\/strong>\u00a0est un investissement intelligent pour l&#8217;\u00e9ducation, offrant une exp\u00e9rience d&#8217;apprentissage tactile, durable et hautement visuelle.<\/div>\n","protected":false},"excerpt":{"rendered":"<p>Mod\u00e8le de torse humain de 55 cm (20 parties) :  [&#8230;]<\/p>\n","protected":false},"featured_media":36735,"template":"","meta":[],"product_brand":[],"product_cat":[724],"product_tag":[],"class_list":{"0":"post-28657","1":"product","2":"type-product","3":"status-publish","4":"has-post-thumbnail","6":"product_cat-modelesm-fr","8":"first","9":"instock","10":"taxable","11":"shipping-taxable","12":"purchasable","13":"product-type-simple"},"yoast_head":"<!-- This site is optimized with the Yoast SEO Premium plugin v27.0 (Yoast SEO v27.2) - https:\/\/yoast.com\/product\/yoast-seo-premium-wordpress\/ -->\n<title>yoestudiosalud.es - MOD\u00c8LE DE TORSE UNISEXE 55 CM<\/title>\n<meta name=\"description\" content=\"Explorez l&#039;anatomie interne avec ce torse de 55 cm en 20 pi\u00e8ces. D\u00e9tails r\u00e9alistes des organes, poumons et c\u0153ur. Id\u00e9al pour \u00e9tudiants et laboratoires.\" \/>\n<meta name=\"robots\" content=\"index, follow, max-snippet:-1, max-image-preview:large, max-video-preview:-1\" \/>\n<link rel=\"canonical\" href=\"https:\/\/yoestudiosalud.es\/fr\/produit\/modele-de-torse-unisexe-55-cm\/\" \/>\n<meta property=\"og:locale\" content=\"fr_FR\" \/>\n<meta property=\"og:type\" content=\"article\" \/>\n<meta property=\"og:title\" content=\"MOD\u00c8LE DE TORSE UNISEXE 55 CM\" \/>\n<meta property=\"og:description\" content=\"Explorez l&#039;anatomie interne avec ce torse de 55 cm en 20 pi\u00e8ces. D\u00e9tails r\u00e9alistes des organes, poumons et c\u0153ur. Id\u00e9al pour \u00e9tudiants et laboratoires.\" \/>\n<meta property=\"og:url\" content=\"https:\/\/yoestudiosalud.es\/fr\/produit\/modele-de-torse-unisexe-55-cm\/\" \/>\n<meta property=\"og:site_name\" content=\"yoestudiosalud.es\" \/>\n<meta property=\"article:modified_time\" content=\"2026-02-18T15:57:24+00:00\" \/>\n<meta property=\"og:image\" content=\"https:\/\/yoestudiosalud.es\/wp-content\/uploads\/2018\/08\/001249A.webp\" \/>\n\t<meta property=\"og:image:width\" content=\"650\" \/>\n\t<meta property=\"og:image:height\" content=\"650\" \/>\n\t<meta property=\"og:image:type\" content=\"image\/webp\" \/>\n<meta name=\"twitter:card\" content=\"summary_large_image\" \/>\n<meta name=\"twitter:label1\" content=\"Dur\u00e9e de lecture estim\u00e9e\" \/>\n\t<meta name=\"twitter:data1\" content=\"2 minutes\" \/>\n<script type=\"application\/ld+json\" class=\"yoast-schema-graph\">{\"@context\":\"https:\/\/schema.org\",\"@graph\":[{\"@type\":\"WebPage\",\"@id\":\"https:\/\/yoestudiosalud.es\/fr\/produit\/modele-de-torse-unisexe-55-cm\/\",\"url\":\"https:\/\/yoestudiosalud.es\/fr\/produit\/modele-de-torse-unisexe-55-cm\/\",\"name\":\"yoestudiosalud.es - MOD\u00c8LE DE TORSE UNISEXE 55 CM\",\"isPartOf\":{\"@id\":\"https:\/\/yoestudiosalud.es\/en\/#website\"},\"primaryImageOfPage\":{\"@id\":\"https:\/\/yoestudiosalud.es\/fr\/produit\/modele-de-torse-unisexe-55-cm\/#primaryimage\"},\"image\":{\"@id\":\"https:\/\/yoestudiosalud.es\/fr\/produit\/modele-de-torse-unisexe-55-cm\/#primaryimage\"},\"thumbnailUrl\":\"https:\/\/yoestudiosalud.es\/wp-content\/uploads\/2018\/08\/001249A.webp\",\"datePublished\":\"2018-08-02T16:47:59+00:00\",\"dateModified\":\"2026-02-18T15:57:24+00:00\",\"description\":\"Explorez l'anatomie interne avec ce torse de 55 cm en 20 pi\u00e8ces. D\u00e9tails r\u00e9alistes des organes, poumons et c\u0153ur. Id\u00e9al pour \u00e9tudiants et laboratoires.\",\"breadcrumb\":{\"@id\":\"https:\/\/yoestudiosalud.es\/fr\/produit\/modele-de-torse-unisexe-55-cm\/#breadcrumb\"},\"inLanguage\":\"fr-FR\",\"potentialAction\":[{\"@type\":\"ReadAction\",\"target\":[\"https:\/\/yoestudiosalud.es\/fr\/produit\/modele-de-torse-unisexe-55-cm\/\"]}]},{\"@type\":\"ImageObject\",\"inLanguage\":\"fr-FR\",\"@id\":\"https:\/\/yoestudiosalud.es\/fr\/produit\/modele-de-torse-unisexe-55-cm\/#primaryimage\",\"url\":\"https:\/\/yoestudiosalud.es\/wp-content\/uploads\/2018\/08\/001249A.webp\",\"contentUrl\":\"https:\/\/yoestudiosalud.es\/wp-content\/uploads\/2018\/08\/001249A.webp\",\"width\":650,\"height\":650,\"caption\":\"MOD\u00c8LE DE TORSE UNISEXE 55 CM\"},{\"@type\":\"BreadcrumbList\",\"@id\":\"https:\/\/yoestudiosalud.es\/fr\/produit\/modele-de-torse-unisexe-55-cm\/#breadcrumb\",\"itemListElement\":[{\"@type\":\"ListItem\",\"position\":1,\"name\":\"Portada\",\"item\":\"https:\/\/yoestudiosalud.es\/fr\/\"},{\"@type\":\"ListItem\",\"position\":2,\"name\":\"Boutique\",\"item\":\"https:\/\/yoestudiosalud.es\/fr\/boutique\/\"},{\"@type\":\"ListItem\",\"position\":3,\"name\":\"MOD\u00c8LE DE TORSE UNISEXE 55 CM\"}]},{\"@type\":\"WebSite\",\"@id\":\"https:\/\/yoestudiosalud.es\/en\/#website\",\"url\":\"https:\/\/yoestudiosalud.es\/en\/\",\"name\":\"yoestudiosalud.es\",\"description\":\"Material para estudiantes del sector salud\",\"publisher\":{\"@id\":\"https:\/\/yoestudiosalud.es\/en\/#organization\"},\"potentialAction\":[{\"@type\":\"SearchAction\",\"target\":{\"@type\":\"EntryPoint\",\"urlTemplate\":\"https:\/\/yoestudiosalud.es\/en\/?s={search_term_string}\"},\"query-input\":{\"@type\":\"PropertyValueSpecification\",\"valueRequired\":true,\"valueName\":\"search_term_string\"}}],\"inLanguage\":\"fr-FR\"},{\"@type\":\"Organization\",\"@id\":\"https:\/\/yoestudiosalud.es\/en\/#organization\",\"name\":\"yoestudiosalud.es\",\"url\":\"https:\/\/yoestudiosalud.es\/en\/\",\"logo\":{\"@type\":\"ImageObject\",\"inLanguage\":\"fr-FR\",\"@id\":\"https:\/\/yoestudiosalud.es\/en\/#\/schema\/logo\/image\/\",\"url\":\"https:\/\/yoestudiosalud.es\/wp-content\/uploads\/2020\/04\/logonew-e1698080827687.png\",\"contentUrl\":\"https:\/\/yoestudiosalud.es\/wp-content\/uploads\/2020\/04\/logonew-e1698080827687.png\",\"width\":421,\"height\":393,\"caption\":\"yoestudiosalud.es\"},\"image\":{\"@id\":\"https:\/\/yoestudiosalud.es\/en\/#\/schema\/logo\/image\/\"}}]}<\/script>\n<!-- \/ Yoast SEO Premium plugin. -->","yoast_head_json":{"title":"yoestudiosalud.es - MOD\u00c8LE DE TORSE UNISEXE 55 CM","description":"Explorez l'anatomie interne avec ce torse de 55 cm en 20 pi\u00e8ces. D\u00e9tails r\u00e9alistes des organes, poumons et c\u0153ur. Id\u00e9al pour \u00e9tudiants et laboratoires.","robots":{"index":"index","follow":"follow","max-snippet":"max-snippet:-1","max-image-preview":"max-image-preview:large","max-video-preview":"max-video-preview:-1"},"canonical":"https:\/\/yoestudiosalud.es\/fr\/produit\/modele-de-torse-unisexe-55-cm\/","og_locale":"fr_FR","og_type":"article","og_title":"MOD\u00c8LE DE TORSE UNISEXE 55 CM","og_description":"Explorez l'anatomie interne avec ce torse de 55 cm en 20 pi\u00e8ces. D\u00e9tails r\u00e9alistes des organes, poumons et c\u0153ur. Id\u00e9al pour \u00e9tudiants et laboratoires.","og_url":"https:\/\/yoestudiosalud.es\/fr\/produit\/modele-de-torse-unisexe-55-cm\/","og_site_name":"yoestudiosalud.es","article_modified_time":"2026-02-18T15:57:24+00:00","og_image":[{"width":650,"height":650,"url":"https:\/\/yoestudiosalud.es\/wp-content\/uploads\/2018\/08\/001249A.webp","type":"image\/webp"}],"twitter_card":"summary_large_image","twitter_misc":{"Dur\u00e9e de lecture estim\u00e9e":"2 minutes"},"schema":{"@context":"https:\/\/schema.org","@graph":[{"@type":"WebPage","@id":"https:\/\/yoestudiosalud.es\/fr\/produit\/modele-de-torse-unisexe-55-cm\/","url":"https:\/\/yoestudiosalud.es\/fr\/produit\/modele-de-torse-unisexe-55-cm\/","name":"yoestudiosalud.es - MOD\u00c8LE DE TORSE UNISEXE 55 CM","isPartOf":{"@id":"https:\/\/yoestudiosalud.es\/en\/#website"},"primaryImageOfPage":{"@id":"https:\/\/yoestudiosalud.es\/fr\/produit\/modele-de-torse-unisexe-55-cm\/#primaryimage"},"image":{"@id":"https:\/\/yoestudiosalud.es\/fr\/produit\/modele-de-torse-unisexe-55-cm\/#primaryimage"},"thumbnailUrl":"https:\/\/yoestudiosalud.es\/wp-content\/uploads\/2018\/08\/001249A.webp","datePublished":"2018-08-02T16:47:59+00:00","dateModified":"2026-02-18T15:57:24+00:00","description":"Explorez l'anatomie interne avec ce torse de 55 cm en 20 pi\u00e8ces. D\u00e9tails r\u00e9alistes des organes, poumons et c\u0153ur. Id\u00e9al pour \u00e9tudiants et laboratoires.","breadcrumb":{"@id":"https:\/\/yoestudiosalud.es\/fr\/produit\/modele-de-torse-unisexe-55-cm\/#breadcrumb"},"inLanguage":"fr-FR","potentialAction":[{"@type":"ReadAction","target":["https:\/\/yoestudiosalud.es\/fr\/produit\/modele-de-torse-unisexe-55-cm\/"]}]},{"@type":"ImageObject","inLanguage":"fr-FR","@id":"https:\/\/yoestudiosalud.es\/fr\/produit\/modele-de-torse-unisexe-55-cm\/#primaryimage","url":"https:\/\/yoestudiosalud.es\/wp-content\/uploads\/2018\/08\/001249A.webp","contentUrl":"https:\/\/yoestudiosalud.es\/wp-content\/uploads\/2018\/08\/001249A.webp","width":650,"height":650,"caption":"MOD\u00c8LE DE TORSE UNISEXE 55 CM"},{"@type":"BreadcrumbList","@id":"https:\/\/yoestudiosalud.es\/fr\/produit\/modele-de-torse-unisexe-55-cm\/#breadcrumb","itemListElement":[{"@type":"ListItem","position":1,"name":"Portada","item":"https:\/\/yoestudiosalud.es\/fr\/"},{"@type":"ListItem","position":2,"name":"Boutique","item":"https:\/\/yoestudiosalud.es\/fr\/boutique\/"},{"@type":"ListItem","position":3,"name":"MOD\u00c8LE DE TORSE UNISEXE 55 CM"}]},{"@type":"WebSite","@id":"https:\/\/yoestudiosalud.es\/en\/#website","url":"https:\/\/yoestudiosalud.es\/en\/","name":"yoestudiosalud.es","description":"Material para estudiantes del sector salud","publisher":{"@id":"https:\/\/yoestudiosalud.es\/en\/#organization"},"potentialAction":[{"@type":"SearchAction","target":{"@type":"EntryPoint","urlTemplate":"https:\/\/yoestudiosalud.es\/en\/?s={search_term_string}"},"query-input":{"@type":"PropertyValueSpecification","valueRequired":true,"valueName":"search_term_string"}}],"inLanguage":"fr-FR"},{"@type":"Organization","@id":"https:\/\/yoestudiosalud.es\/en\/#organization","name":"yoestudiosalud.es","url":"https:\/\/yoestudiosalud.es\/en\/","logo":{"@type":"ImageObject","inLanguage":"fr-FR","@id":"https:\/\/yoestudiosalud.es\/en\/#\/schema\/logo\/image\/","url":"https:\/\/yoestudiosalud.es\/wp-content\/uploads\/2020\/04\/logonew-e1698080827687.png","contentUrl":"https:\/\/yoestudiosalud.es\/wp-content\/uploads\/2020\/04\/logonew-e1698080827687.png","width":421,"height":393,"caption":"yoestudiosalud.es"},"image":{"@id":"https:\/\/yoestudiosalud.es\/en\/#\/schema\/logo\/image\/"}}]}},"_links":{"self":[{"href":"https:\/\/yoestudiosalud.es\/fr\/wp-json\/wp\/v2\/product\/28657","targetHints":{"allow":["GET"]}}],"collection":[{"href":"https:\/\/yoestudiosalud.es\/fr\/wp-json\/wp\/v2\/product"}],"about":[{"href":"https:\/\/yoestudiosalud.es\/fr\/wp-json\/wp\/v2\/types\/product"}],"wp:featuredmedia":[{"embeddable":true,"href":"https:\/\/yoestudiosalud.es\/fr\/wp-json\/wp\/v2\/media\/36735"}],"wp:attachment":[{"href":"https:\/\/yoestudiosalud.es\/fr\/wp-json\/wp\/v2\/media?parent=28657"}],"wp:term":[{"taxonomy":"product_brand","embeddable":true,"href":"https:\/\/yoestudiosalud.es\/fr\/wp-json\/wp\/v2\/product_brand?post=28657"},{"taxonomy":"product_cat","embeddable":true,"href":"https:\/\/yoestudiosalud.es\/fr\/wp-json\/wp\/v2\/product_cat?post=28657"},{"taxonomy":"product_tag","embeddable":true,"href":"https:\/\/yoestudiosalud.es\/fr\/wp-json\/wp\/v2\/product_tag?post=28657"}],"curies":[{"name":"wp","href":"https:\/\/api.w.org\/{rel}","templated":true}]}}