{"id":28647,"date":"2018-08-02T16:47:58","date_gmt":"2018-08-02T16:47:58","guid":{"rendered":"https:\/\/yoestudiosalud.es\/producto\/modele-de-squelette-anatomique-avec-muscles\/"},"modified":"2026-02-18T13:37:55","modified_gmt":"2026-02-18T12:37:55","slug":"modele-de-squelette-desarticule","status":"publish","type":"product","link":"https:\/\/yoestudiosalud.es\/fr\/produit\/modele-de-squelette-desarticule\/","title":{"rendered":"MOD\u00c8LE DE SQUELETTE D\u00c9SARTICUL\u00c9"},"content":{"rendered":"<div class=\"otQkpb\" role=\"heading\" aria-level=\"3\" data-animation-nesting=\"\" data-sfc-cp=\"\" data-complete=\"true\" data-processed=\"true\" data-sae=\"\">Le mod\u00e8le de squelette d\u00e9sarticul\u00e9 : pr\u00e9cision et flexibilit\u00e9 dans l&#8217;\u00e9tude anatomique<button class=\"rBl3me\" tabindex=\"0\" data-amic=\"true\" data-icl-uuid=\"9ac61c1e-0292-4d08-80ab-a4c1ce2bfb38\" aria-label=\"Ver enlaces relacionados\" data-wiz-attrbind=\"disabled=LDTwzf_g\/C5gNJc;aria-label=LDTwzf_g\/bOjMyf;class=LDTwzf_g\/UpSNec\" data-ved=\"2ahUKEwiao7GoguOSAxW-VqQEHYRcMLsQye0OegYIAQgCEAA\"><\/button><\/div>\n<div class=\"Y3BBE\" data-sfc-cp=\"\" data-hveid=\"CAEIAxAA\" data-complete=\"true\" data-processed=\"true\">L&#8217;\u00e9tude de l&#8217;anatomie humaine a \u00e9volu\u00e9 de l&#8217;observation d&#8217;illustrations bidimensionnelles vers l&#8217;interaction directe avec des r\u00e9pliques tridimensionnelles de haute fid\u00e9lit\u00e9. Parmi ces outils, le\u00a0<strong class=\"Yjhzub\" data-complete=\"true\">squelette humain d\u00e9sarticul\u00e9 en taille r\u00e9elle<\/strong>\u00a0se positionne comme la ressource p\u00e9dagogique la plus polyvalente et la plus compl\u00e8te pour ceux qui recherchent une connaissance approfondie de l&#8217;ost\u00e9ologie. Contrairement aux mod\u00e8les articul\u00e9s fixes, cet ensemble offre une perspective fragment\u00e9e qui permet une analyse individualis\u00e9e de chaque structure osseuse.<button class=\"rBl3me\" tabindex=\"0\" data-amic=\"true\" data-icl-uuid=\"54893707-5010-41c4-85f4-f81b56861961\" aria-label=\"Ver enlaces relacionados\" data-wiz-attrbind=\"disabled=LDTwzf_l\/C5gNJc;aria-label=LDTwzf_l\/bOjMyf;class=LDTwzf_l\/UpSNec\" data-ved=\"2ahUKEwiao7GoguOSAxW-VqQEHYRcMLsQye0OegYIAQgDEAE\"><\/button><\/div>\n<div class=\"Fsg96\" data-sfc-cp=\"\" data-complete=\"true\" data-processed=\"true\"><\/div>\n<div class=\"otQkpb\" role=\"heading\" aria-level=\"3\" data-animation-nesting=\"\" data-sfc-cp=\"\" data-complete=\"true\" data-processed=\"true\" data-sae=\"\">Qu&#8217;est-ce qu&#8217;un squelette d\u00e9sarticul\u00e9 et pourquoi est-il sup\u00e9rieur pour l&#8217;\u00e9tude ?<button class=\"rBl3me\" tabindex=\"0\" data-amic=\"true\" data-icl-uuid=\"26428bdf-49d7-43bc-9dbb-e8655aaf9e5c\" aria-label=\"Ver enlaces relacionados\" data-wiz-attrbind=\"disabled=LDTwzf_q\/C5gNJc;aria-label=LDTwzf_q\/bOjMyf;class=LDTwzf_q\/UpSNec\" data-ved=\"2ahUKEwiao7GoguOSAxW-VqQEHYRcMLsQye0OegYIAQgEEAA\"><\/button><\/div>\n<div class=\"Y3BBE\" data-sfc-cp=\"\" data-hveid=\"CAEIBRAA\" data-complete=\"true\" data-processed=\"true\">Un mod\u00e8le d\u00e9sarticul\u00e9 consiste en une collection compl\u00e8te des\u00a0<strong class=\"Yjhzub\" data-complete=\"true\">206 os du corps humain<\/strong>, pr\u00e9sent\u00e9s de mani\u00e8re ind\u00e9pendante (\u00e0 l&#8217;exception, dans certains cas, des mains et des pieds, qui sont g\u00e9n\u00e9ralement articul\u00e9s avec du fil de fer pour maintenir la coh\u00e9rence p\u00e9dagogique). Cette configuration est fondamentale pour plusieurs raisons :<button class=\"rBl3me\" tabindex=\"0\" data-amic=\"true\" data-icl-uuid=\"1d356dd9-3480-4d4d-851f-fde928471616\" aria-label=\"Ver enlaces relacionados\" data-wiz-attrbind=\"disabled=LDTwzf_v\/C5gNJc;aria-label=LDTwzf_v\/bOjMyf;class=LDTwzf_v\/UpSNec\" data-ved=\"2ahUKEwiao7GoguOSAxW-VqQEHYRcMLsQye0OegYIAQgFEAE\"><\/button><\/div>\n<ul class=\"KsbFXc U6u95\" data-complete=\"true\" data-processed=\"true\">\n<li data-hveid=\"CAEIBhAA\" data-complete=\"true\" data-sae=\"\"><span class=\"T286Pc\" data-sfc-cp=\"\" data-complete=\"true\"><strong class=\"Yjhzub\" data-complete=\"true\">\u00c9tude approfondie :<\/strong>\u00a0Elle permet \u00e0 l&#8217;\u00e9tudiant de tenir chaque os, d&#8217;examiner ses faces, ses bords, ses processus et ses\u00a0<strong class=\"Yjhzub\" data-complete=\"true\">foramens<\/strong>\u00a0(orifices par lesquels passent les nerfs et les vaisseaux sanguins) qui restent souvent cach\u00e9s dans un squelette mont\u00e9.<\/span><\/li>\n<li data-hveid=\"CAEIBhAB\" data-complete=\"true\" data-sae=\"\"><span class=\"T286Pc\" data-sfc-cp=\"\" data-complete=\"true\"><strong class=\"Yjhzub\" data-complete=\"true\">R\u00e9alisme tactile :<\/strong>\u00a0Fabriqu\u00e9s g\u00e9n\u00e9ralement en\u00a0<strong class=\"Yjhzub\" data-complete=\"true\">PVC de haute densit\u00e9<\/strong>, ces mod\u00e8les imitent le poids, la porosit\u00e9 et la texture de l&#8217;os r\u00e9el, facilitant ainsi la m\u00e9moire kinesth\u00e9sique.<\/span><\/li>\n<li data-hveid=\"CAEIBhAC\" data-complete=\"true\" data-sae=\"\"><span class=\"T286Pc\" data-sfc-cp=\"\" data-complete=\"true\"><strong class=\"Yjhzub\" data-complete=\"true\">Identification des sutures et des reliefs osseux :<\/strong>\u00a0Le cr\u00e2ne, qui est habituellement d\u00e9montable en trois parties, permet d&#8217;explorer la fosse cr\u00e2nienne interne et les sutures complexes qui unissent les os plats.<\/span><button class=\"rBl3me\" tabindex=\"0\" data-amic=\"true\" data-icl-uuid=\"7d81a59a-27dc-4f5e-be88-6a40c5e82b95\" aria-label=\"Ver enlaces relacionados\" data-wiz-attrbind=\"disabled=LDTwzf_1a\/C5gNJc;aria-label=LDTwzf_1a\/bOjMyf;class=LDTwzf_1a\/UpSNec\" data-ved=\"2ahUKEwiao7GoguOSAxW-VqQEHYRcMLsQye0OegYIAQgGEAM\"><\/button><\/li>\n<\/ul>\n<div class=\"Fsg96\" data-sfc-cp=\"\" data-complete=\"true\" data-processed=\"true\"><\/div>\n<hr class=\"j3tEEe\" data-serialized-params=\"[]\" data-complete=\"true\" data-processed=\"true\" data-sae=\"\" \/>\n<div class=\"Fsg96\" data-sfc-cp=\"\" data-complete=\"true\" data-processed=\"true\"><\/div>\n<div class=\"otQkpb\" role=\"heading\" aria-level=\"3\" data-animation-nesting=\"\" data-sfc-cp=\"\" data-complete=\"true\" data-processed=\"true\" data-sae=\"\">Applications professionnelles et acad\u00e9miques<button class=\"rBl3me\" tabindex=\"0\" data-amic=\"true\" data-icl-uuid=\"4c6b6998-b126-486e-b0f2-33b4d82ae137\" aria-label=\"Ver enlaces relacionados\" data-wiz-attrbind=\"disabled=LDTwzf_1h\/C5gNJc;aria-label=LDTwzf_1h\/bOjMyf;class=LDTwzf_1h\/UpSNec\" data-ved=\"2ahUKEwiao7GoguOSAxW-VqQEHYRcMLsQye0OegYIAQgIEAA\"><\/button><\/div>\n<div class=\"Y3BBE\" data-sfc-cp=\"\" data-hveid=\"CAEICRAA\" data-complete=\"true\" data-processed=\"true\">L&#8217;utilisation de ces mod\u00e8les ne se limite pas \u00e0 la m\u00e9morisation des noms. En\u00a0<strong class=\"Yjhzub\" data-complete=\"true\">kin\u00e9sith\u00e9rapie et en m\u00e9decine<\/strong>, ils sont essentiels pour comprendre l&#8217;origine et l&#8217;insertion des muscles. En manipulant l&#8217;os librement, le sp\u00e9cialiste peut visualiser comment les tendons s&#8217;ancrent et comment la forme de l&#8217;os d\u00e9termine la fonction m\u00e9canique.<button class=\"rBl3me\" tabindex=\"0\" data-amic=\"true\" data-icl-uuid=\"3ed72c4b-223d-416f-8b3d-33ac902e1d61\" aria-label=\"Ver enlaces relacionados\" data-wiz-attrbind=\"disabled=LDTwzf_1m\/C5gNJc;aria-label=LDTwzf_1m\/bOjMyf;class=LDTwzf_1m\/UpSNec\" data-ved=\"2ahUKEwiao7GoguOSAxW-VqQEHYRcMLsQye0OegYIAQgJEAE\"><\/button><\/div>\n<div class=\"Y3BBE\" data-sfc-cp=\"\" data-hveid=\"CAEIChAA\" data-complete=\"true\" data-processed=\"true\">En\u00a0<strong class=\"Yjhzub\" data-complete=\"true\">anthropologie m\u00e9dico-l\u00e9gale<\/strong>, les mod\u00e8les d\u00e9sarticul\u00e9s servent de r\u00e9f\u00e9rence comparative pour identifier les restes osseux, tandis que dans le domaine des\u00a0<strong class=\"Yjhzub\" data-complete=\"true\">arts visuels<\/strong>, ils permettent aux sculpteurs et aux dessinateurs de comprendre la structure interne qui d\u00e9finit les proportions externes de la figure humaine.<button class=\"rBl3me\" tabindex=\"0\" data-amic=\"true\" data-icl-uuid=\"96320274-25af-44c6-94ca-03fa4264ffba\" aria-label=\"Ver enlaces relacionados\" data-wiz-attrbind=\"disabled=LDTwzf_1s\/C5gNJc;aria-label=LDTwzf_1s\/bOjMyf;class=LDTwzf_1s\/UpSNec\" data-ved=\"2ahUKEwiao7GoguOSAxW-VqQEHYRcMLsQye0OegYIAQgKEAE\"><\/button><\/div>\n<div class=\"Fsg96\" data-sfc-cp=\"\" data-complete=\"true\" data-processed=\"true\"><\/div>\n<hr class=\"j3tEEe\" data-serialized-params=\"[]\" data-complete=\"true\" data-processed=\"true\" data-sae=\"\" \/>\n<div class=\"Fsg96\" data-sfc-cp=\"\" data-complete=\"true\" data-processed=\"true\"><\/div>\n<div class=\"otQkpb\" role=\"heading\" aria-level=\"3\" data-animation-nesting=\"\" data-sfc-cp=\"\" data-complete=\"true\" data-processed=\"true\" data-sae=\"\">Durabilit\u00e9 et entretien<button class=\"rBl3me\" tabindex=\"0\" data-amic=\"true\" data-icl-uuid=\"4aff6528-7017-47f9-a5ac-d41f61632e66\" aria-label=\"Ver enlaces relacionados\" data-wiz-attrbind=\"disabled=LDTwzf_1z\/C5gNJc;aria-label=LDTwzf_1z\/bOjMyf;class=LDTwzf_1z\/UpSNec\" data-ved=\"2ahUKEwiao7GoguOSAxW-VqQEHYRcMLsQye0OegYIAQgMEAA\"><\/button><\/div>\n<div class=\"Y3BBE\" data-sfc-cp=\"\" data-hveid=\"CAEIDRAA\" data-complete=\"true\" data-processed=\"true\">L&#8217;investissement dans un squelette d\u00e9sarticul\u00e9 de qualit\u00e9 garantit une ressource \u00e0 vie. Le mat\u00e9riau PVC est r\u00e9sistant aux manipulations constantes, ne se d\u00e9grade pas avec l&#8217;humidit\u00e9 et est facilement lavable. La plupart de ces mod\u00e8les sont livr\u00e9s dans des\u00a0<strong class=\"Yjhzub\" data-complete=\"true\">bo\u00eetes compartiment\u00e9es<\/strong>\u00a0qui facilitent un rangement ordonn\u00e9, \u00e9vitant ainsi la perte de petites pi\u00e8ces comme les vert\u00e8bres ou les phalanges.<button class=\"rBl3me\" tabindex=\"0\" data-amic=\"true\" data-icl-uuid=\"6c795545-1c59-4cff-9770-a9d073101bc7\" aria-label=\"Ver enlaces relacionados\" data-wiz-attrbind=\"disabled=LDTwzf_24\/C5gNJc;aria-label=LDTwzf_24\/bOjMyf;class=LDTwzf_24\/UpSNec\" data-ved=\"2ahUKEwiao7GoguOSAxW-VqQEHYRcMLsQye0OegYIAQgNEAE\"><\/button><\/div>\n<div class=\"Y3BBE\" data-sfc-cp=\"\" data-hveid=\"CAEIDhAA\" data-processed=\"true\" data-complete=\"true\">En conclusion, le mod\u00e8le d\u00e9sarticul\u00e9 est l&#8217;<strong class=\"Yjhzub\" data-complete=\"true\">outil ultime pour l&#8217;apprentissage actif<\/strong>, transformant la th\u00e9orie abstraite des manuels scolaires en une exp\u00e9rience tactile et r\u00e9aliste qui acc\u00e9l\u00e8re la compr\u00e9hension de l&#8217;architecture humaine.<button class=\"rBl3me\" tabindex=\"0\" data-amic=\"true\" data-icl-uuid=\"be10f89d-9e42-4925-8181-53e71efd1bda\" aria-label=\"Ver enlaces relacionados\" data-wiz-attrbind=\"disabled=LDTwzf_29\/C5gNJc;aria-label=LDTwzf_29\/bOjMyf;class=LDTwzf_29\/UpSNec\" data-ved=\"2ahUKEwiao7GoguOSAxW-VqQEHYRcMLsQye0OegYIAQgOEAE\"><\/button><\/div>\n<div class=\"Fsg96\" data-sfc-cp=\"\" data-complete=\"true\" data-processed=\"true\"><\/div>\n<hr class=\"j3tEEe\" data-serialized-params=\"[]\" data-complete=\"true\" data-processed=\"true\" data-sae=\"\" \/>\n","protected":false},"excerpt":{"rendered":"<p>Le mod\u00e8le de squelette d\u00e9sarticul\u00e9 : pr\u00e9cision et flexibilit\u00e9 dans  [&#8230;]<\/p>\n","protected":false},"featured_media":36713,"template":"","meta":[],"product_brand":[],"product_cat":[724],"product_tag":[],"class_list":{"0":"post-28647","1":"product","2":"type-product","3":"status-publish","4":"has-post-thumbnail","6":"product_cat-modelesm-fr","8":"first","9":"instock","10":"taxable","11":"shipping-taxable","12":"purchasable","13":"product-type-simple"},"yoast_head":"<!-- This site is optimized with the Yoast SEO Premium plugin v27.0 (Yoast SEO v27.4) - https:\/\/yoast.com\/product\/yoast-seo-premium-wordpress\/ -->\n<title>MOD\u00c8LE DE SQUELETTE AVEC MUSCLES | yoestudiosalud.es<\/title>\n<meta name=\"description\" content=\"Le mod\u00e8le anatomique du squelette avec muscles repr\u00e9sente une r\u00e9plique tr\u00e8s d\u00e9taill\u00e9e du squelette humain avec une interaction structurelle ad\u00e9quate des os et des muscles.\" \/>\n<meta name=\"robots\" content=\"index, follow, max-snippet:-1, max-image-preview:large, max-video-preview:-1\" \/>\n<link rel=\"canonical\" href=\"https:\/\/yoestudiosalud.es\/fr\/produit\/modele-de-squelette-desarticule\/\" \/>\n<meta property=\"og:locale\" content=\"fr_FR\" \/>\n<meta property=\"og:type\" content=\"article\" \/>\n<meta property=\"og:title\" content=\"MOD\u00c8LE DE SQUELETTE D\u00c9SARTICUL\u00c9\" \/>\n<meta property=\"og:description\" content=\"Le mod\u00e8le anatomique du squelette avec muscles repr\u00e9sente une r\u00e9plique tr\u00e8s d\u00e9taill\u00e9e du squelette humain avec une interaction structurelle ad\u00e9quate des os et des muscles.\" \/>\n<meta property=\"og:url\" content=\"https:\/\/yoestudiosalud.es\/fr\/produit\/modele-de-squelette-desarticule\/\" \/>\n<meta property=\"og:site_name\" content=\"yoestudiosalud.es\" \/>\n<meta property=\"article:modified_time\" content=\"2026-02-18T12:37:55+00:00\" \/>\n<meta property=\"og:image\" content=\"https:\/\/yoestudiosalud.es\/wp-content\/uploads\/2018\/08\/001245.webp\" \/>\n\t<meta property=\"og:image:width\" content=\"650\" \/>\n\t<meta property=\"og:image:height\" content=\"650\" \/>\n\t<meta property=\"og:image:type\" content=\"image\/webp\" \/>\n<meta name=\"twitter:card\" content=\"summary_large_image\" \/>\n<meta name=\"twitter:label1\" content=\"Dur\u00e9e de lecture estim\u00e9e\" \/>\n\t<meta name=\"twitter:data1\" content=\"3 minutes\" \/>\n<script type=\"application\/ld+json\" class=\"yoast-schema-graph\">{\"@context\":\"https:\\\/\\\/schema.org\",\"@graph\":[{\"@type\":\"WebPage\",\"@id\":\"https:\\\/\\\/yoestudiosalud.es\\\/fr\\\/produit\\\/modele-de-squelette-desarticule\\\/\",\"url\":\"https:\\\/\\\/yoestudiosalud.es\\\/fr\\\/produit\\\/modele-de-squelette-desarticule\\\/\",\"name\":\"MOD\u00c8LE DE SQUELETTE AVEC MUSCLES | yoestudiosalud.es\",\"isPartOf\":{\"@id\":\"https:\\\/\\\/yoestudiosalud.es\\\/en\\\/#website\"},\"primaryImageOfPage\":{\"@id\":\"https:\\\/\\\/yoestudiosalud.es\\\/fr\\\/produit\\\/modele-de-squelette-desarticule\\\/#primaryimage\"},\"image\":{\"@id\":\"https:\\\/\\\/yoestudiosalud.es\\\/fr\\\/produit\\\/modele-de-squelette-desarticule\\\/#primaryimage\"},\"thumbnailUrl\":\"https:\\\/\\\/yoestudiosalud.es\\\/wp-content\\\/uploads\\\/2018\\\/08\\\/001245.webp\",\"datePublished\":\"2018-08-02T16:47:58+00:00\",\"dateModified\":\"2026-02-18T12:37:55+00:00\",\"description\":\"Le mod\u00e8le anatomique du squelette avec muscles repr\u00e9sente une r\u00e9plique tr\u00e8s d\u00e9taill\u00e9e du squelette humain avec une interaction structurelle ad\u00e9quate des os et des muscles.\",\"breadcrumb\":{\"@id\":\"https:\\\/\\\/yoestudiosalud.es\\\/fr\\\/produit\\\/modele-de-squelette-desarticule\\\/#breadcrumb\"},\"inLanguage\":\"fr-FR\",\"potentialAction\":[{\"@type\":\"ReadAction\",\"target\":[\"https:\\\/\\\/yoestudiosalud.es\\\/fr\\\/produit\\\/modele-de-squelette-desarticule\\\/\"]}]},{\"@type\":\"ImageObject\",\"inLanguage\":\"fr-FR\",\"@id\":\"https:\\\/\\\/yoestudiosalud.es\\\/fr\\\/produit\\\/modele-de-squelette-desarticule\\\/#primaryimage\",\"url\":\"https:\\\/\\\/yoestudiosalud.es\\\/wp-content\\\/uploads\\\/2018\\\/08\\\/001245.webp\",\"contentUrl\":\"https:\\\/\\\/yoestudiosalud.es\\\/wp-content\\\/uploads\\\/2018\\\/08\\\/001245.webp\",\"width\":650,\"height\":650,\"caption\":\"MOD\u00c8LE DE SQUELETTE D\u00c9SARTICUL\u00c9\"},{\"@type\":\"BreadcrumbList\",\"@id\":\"https:\\\/\\\/yoestudiosalud.es\\\/fr\\\/produit\\\/modele-de-squelette-desarticule\\\/#breadcrumb\",\"itemListElement\":[{\"@type\":\"ListItem\",\"position\":1,\"name\":\"Portada\",\"item\":\"https:\\\/\\\/yoestudiosalud.es\\\/fr\\\/\"},{\"@type\":\"ListItem\",\"position\":2,\"name\":\"Boutique\",\"item\":\"https:\\\/\\\/yoestudiosalud.es\\\/fr\\\/boutique\\\/\"},{\"@type\":\"ListItem\",\"position\":3,\"name\":\"MOD\u00c8LE DE SQUELETTE D\u00c9SARTICUL\u00c9\"}]},{\"@type\":\"WebSite\",\"@id\":\"https:\\\/\\\/yoestudiosalud.es\\\/en\\\/#website\",\"url\":\"https:\\\/\\\/yoestudiosalud.es\\\/en\\\/\",\"name\":\"yoestudiosalud.es\",\"description\":\"Material para estudiantes del sector salud\",\"publisher\":{\"@id\":\"https:\\\/\\\/yoestudiosalud.es\\\/en\\\/#organization\"},\"potentialAction\":[{\"@type\":\"SearchAction\",\"target\":{\"@type\":\"EntryPoint\",\"urlTemplate\":\"https:\\\/\\\/yoestudiosalud.es\\\/en\\\/?s={search_term_string}\"},\"query-input\":{\"@type\":\"PropertyValueSpecification\",\"valueRequired\":true,\"valueName\":\"search_term_string\"}}],\"inLanguage\":\"fr-FR\"},{\"@type\":\"Organization\",\"@id\":\"https:\\\/\\\/yoestudiosalud.es\\\/en\\\/#organization\",\"name\":\"yoestudiosalud.es\",\"url\":\"https:\\\/\\\/yoestudiosalud.es\\\/en\\\/\",\"logo\":{\"@type\":\"ImageObject\",\"inLanguage\":\"fr-FR\",\"@id\":\"https:\\\/\\\/yoestudiosalud.es\\\/en\\\/#\\\/schema\\\/logo\\\/image\\\/\",\"url\":\"https:\\\/\\\/yoestudiosalud.es\\\/wp-content\\\/uploads\\\/2020\\\/04\\\/logonew-e1698080827687.png\",\"contentUrl\":\"https:\\\/\\\/yoestudiosalud.es\\\/wp-content\\\/uploads\\\/2020\\\/04\\\/logonew-e1698080827687.png\",\"width\":421,\"height\":393,\"caption\":\"yoestudiosalud.es\"},\"image\":{\"@id\":\"https:\\\/\\\/yoestudiosalud.es\\\/en\\\/#\\\/schema\\\/logo\\\/image\\\/\"}}]}<\/script>\n<!-- \/ Yoast SEO Premium plugin. -->","yoast_head_json":{"title":"MOD\u00c8LE DE SQUELETTE AVEC MUSCLES | yoestudiosalud.es","description":"Le mod\u00e8le anatomique du squelette avec muscles repr\u00e9sente une r\u00e9plique tr\u00e8s d\u00e9taill\u00e9e du squelette humain avec une interaction structurelle ad\u00e9quate des os et des muscles.","robots":{"index":"index","follow":"follow","max-snippet":"max-snippet:-1","max-image-preview":"max-image-preview:large","max-video-preview":"max-video-preview:-1"},"canonical":"https:\/\/yoestudiosalud.es\/fr\/produit\/modele-de-squelette-desarticule\/","og_locale":"fr_FR","og_type":"article","og_title":"MOD\u00c8LE DE SQUELETTE D\u00c9SARTICUL\u00c9","og_description":"Le mod\u00e8le anatomique du squelette avec muscles repr\u00e9sente une r\u00e9plique tr\u00e8s d\u00e9taill\u00e9e du squelette humain avec une interaction structurelle ad\u00e9quate des os et des muscles.","og_url":"https:\/\/yoestudiosalud.es\/fr\/produit\/modele-de-squelette-desarticule\/","og_site_name":"yoestudiosalud.es","article_modified_time":"2026-02-18T12:37:55+00:00","og_image":[{"width":650,"height":650,"url":"https:\/\/yoestudiosalud.es\/wp-content\/uploads\/2018\/08\/001245.webp","type":"image\/webp"}],"twitter_card":"summary_large_image","twitter_misc":{"Dur\u00e9e de lecture estim\u00e9e":"3 minutes"},"schema":{"@context":"https:\/\/schema.org","@graph":[{"@type":"WebPage","@id":"https:\/\/yoestudiosalud.es\/fr\/produit\/modele-de-squelette-desarticule\/","url":"https:\/\/yoestudiosalud.es\/fr\/produit\/modele-de-squelette-desarticule\/","name":"MOD\u00c8LE DE SQUELETTE AVEC MUSCLES | yoestudiosalud.es","isPartOf":{"@id":"https:\/\/yoestudiosalud.es\/en\/#website"},"primaryImageOfPage":{"@id":"https:\/\/yoestudiosalud.es\/fr\/produit\/modele-de-squelette-desarticule\/#primaryimage"},"image":{"@id":"https:\/\/yoestudiosalud.es\/fr\/produit\/modele-de-squelette-desarticule\/#primaryimage"},"thumbnailUrl":"https:\/\/yoestudiosalud.es\/wp-content\/uploads\/2018\/08\/001245.webp","datePublished":"2018-08-02T16:47:58+00:00","dateModified":"2026-02-18T12:37:55+00:00","description":"Le mod\u00e8le anatomique du squelette avec muscles repr\u00e9sente une r\u00e9plique tr\u00e8s d\u00e9taill\u00e9e du squelette humain avec une interaction structurelle ad\u00e9quate des os et des muscles.","breadcrumb":{"@id":"https:\/\/yoestudiosalud.es\/fr\/produit\/modele-de-squelette-desarticule\/#breadcrumb"},"inLanguage":"fr-FR","potentialAction":[{"@type":"ReadAction","target":["https:\/\/yoestudiosalud.es\/fr\/produit\/modele-de-squelette-desarticule\/"]}]},{"@type":"ImageObject","inLanguage":"fr-FR","@id":"https:\/\/yoestudiosalud.es\/fr\/produit\/modele-de-squelette-desarticule\/#primaryimage","url":"https:\/\/yoestudiosalud.es\/wp-content\/uploads\/2018\/08\/001245.webp","contentUrl":"https:\/\/yoestudiosalud.es\/wp-content\/uploads\/2018\/08\/001245.webp","width":650,"height":650,"caption":"MOD\u00c8LE DE SQUELETTE D\u00c9SARTICUL\u00c9"},{"@type":"BreadcrumbList","@id":"https:\/\/yoestudiosalud.es\/fr\/produit\/modele-de-squelette-desarticule\/#breadcrumb","itemListElement":[{"@type":"ListItem","position":1,"name":"Portada","item":"https:\/\/yoestudiosalud.es\/fr\/"},{"@type":"ListItem","position":2,"name":"Boutique","item":"https:\/\/yoestudiosalud.es\/fr\/boutique\/"},{"@type":"ListItem","position":3,"name":"MOD\u00c8LE DE SQUELETTE D\u00c9SARTICUL\u00c9"}]},{"@type":"WebSite","@id":"https:\/\/yoestudiosalud.es\/en\/#website","url":"https:\/\/yoestudiosalud.es\/en\/","name":"yoestudiosalud.es","description":"Material para estudiantes del sector salud","publisher":{"@id":"https:\/\/yoestudiosalud.es\/en\/#organization"},"potentialAction":[{"@type":"SearchAction","target":{"@type":"EntryPoint","urlTemplate":"https:\/\/yoestudiosalud.es\/en\/?s={search_term_string}"},"query-input":{"@type":"PropertyValueSpecification","valueRequired":true,"valueName":"search_term_string"}}],"inLanguage":"fr-FR"},{"@type":"Organization","@id":"https:\/\/yoestudiosalud.es\/en\/#organization","name":"yoestudiosalud.es","url":"https:\/\/yoestudiosalud.es\/en\/","logo":{"@type":"ImageObject","inLanguage":"fr-FR","@id":"https:\/\/yoestudiosalud.es\/en\/#\/schema\/logo\/image\/","url":"https:\/\/yoestudiosalud.es\/wp-content\/uploads\/2020\/04\/logonew-e1698080827687.png","contentUrl":"https:\/\/yoestudiosalud.es\/wp-content\/uploads\/2020\/04\/logonew-e1698080827687.png","width":421,"height":393,"caption":"yoestudiosalud.es"},"image":{"@id":"https:\/\/yoestudiosalud.es\/en\/#\/schema\/logo\/image\/"}}]}},"_links":{"self":[{"href":"https:\/\/yoestudiosalud.es\/fr\/wp-json\/wp\/v2\/product\/28647","targetHints":{"allow":["GET"]}}],"collection":[{"href":"https:\/\/yoestudiosalud.es\/fr\/wp-json\/wp\/v2\/product"}],"about":[{"href":"https:\/\/yoestudiosalud.es\/fr\/wp-json\/wp\/v2\/types\/product"}],"wp:featuredmedia":[{"embeddable":true,"href":"https:\/\/yoestudiosalud.es\/fr\/wp-json\/wp\/v2\/media\/36713"}],"wp:attachment":[{"href":"https:\/\/yoestudiosalud.es\/fr\/wp-json\/wp\/v2\/media?parent=28647"}],"wp:term":[{"taxonomy":"product_brand","embeddable":true,"href":"https:\/\/yoestudiosalud.es\/fr\/wp-json\/wp\/v2\/product_brand?post=28647"},{"taxonomy":"product_cat","embeddable":true,"href":"https:\/\/yoestudiosalud.es\/fr\/wp-json\/wp\/v2\/product_cat?post=28647"},{"taxonomy":"product_tag","embeddable":true,"href":"https:\/\/yoestudiosalud.es\/fr\/wp-json\/wp\/v2\/product_tag?post=28647"}],"curies":[{"name":"wp","href":"https:\/\/api.w.org\/{rel}","templated":true}]}}