{"id":28643,"date":"2018-08-02T16:47:58","date_gmt":"2018-08-02T16:47:58","guid":{"rendered":"https:\/\/yoestudiosalud.es\/producto\/artmed-modele-crane-os-colores-xc104c\/"},"modified":"2026-02-18T18:11:01","modified_gmt":"2026-02-18T17:11:01","slug":"crane-aux-os-colores","status":"publish","type":"product","link":"https:\/\/yoestudiosalud.es\/fr\/produit\/crane-aux-os-colores\/","title":{"rendered":"CR\u00c2NE AUX OS COLOR\u00c9S"},"content":{"rendered":"<div class=\"otQkpb\" role=\"heading\" aria-level=\"3\" data-animation-nesting=\"\" data-sfc-cp=\"\" data-complete=\"true\" data-processed=\"true\" data-sae=\"\">Le cr\u00e2ne aux os color\u00e9s : Le guide visuel ultime de l&#8217;ost\u00e9ologie cr\u00e2nienne<button class=\"rBl3me\" tabindex=\"0\" data-amic=\"true\" data-icl-uuid=\"a830c876-c2f0-4d40-b442-15e23ad08499\" aria-label=\"Ver enlaces relacionados\" data-wiz-attrbind=\"disabled=t9dS6d_l\/C5gNJc;aria-label=t9dS6d_l\/bOjMyf;class=t9dS6d_l\/UpSNec\" data-ved=\"2ahUKEwj3g66Tw-OSAxWtMvsDHSRzDYEQye0OegYIAQgDEAA\"><\/button><\/div>\n<div class=\"Y3BBE\" data-sfc-cp=\"\" data-hveid=\"CAEIBBAA\" data-complete=\"true\" data-processed=\"true\">L&#8217;\u00e9tude du cr\u00e2ne humain est sans aucun doute l&#8217;un des d\u00e9fis les plus complexes pour tout \u00e9tudiant en m\u00e9decine, en odontologie ou en anthropologie. Le r\u00e9seau complexe de sutures, de foramens et de cavit\u00e9s peut s&#8217;av\u00e9rer accablant sur un mod\u00e8le monochromatique. C&#8217;est pourquoi le\u00a0<strong class=\"Yjhzub\" data-complete=\"true\">mod\u00e8le de cr\u00e2ne humain avec os cod\u00e9s par couleurs<\/strong>\u00a0est devenu une ressource p\u00e9dagogique r\u00e9volutionnaire, permettant une identification imm\u00e9diate et pr\u00e9cise de chaque structure osseuse.<button class=\"rBl3me\" tabindex=\"0\" data-amic=\"true\" data-icl-uuid=\"703b9d45-a2e8-4775-8f08-481d380df0ba\" aria-label=\"Ver enlaces relacionados\" data-wiz-attrbind=\"disabled=t9dS6d_q\/C5gNJc;aria-label=t9dS6d_q\/bOjMyf;class=t9dS6d_q\/UpSNec\" data-ved=\"2ahUKEwj3g66Tw-OSAxWtMvsDHSRzDYEQye0OegYIAQgEEAE\"><\/button><\/div>\n<div class=\"Fsg96\" data-sfc-cp=\"\" data-complete=\"true\" data-processed=\"true\"><\/div>\n<div class=\"otQkpb\" role=\"heading\" aria-level=\"3\" data-animation-nesting=\"\" data-sfc-cp=\"\" data-complete=\"true\" data-processed=\"true\" data-sae=\"\">Pourquoi le mod\u00e8le de cr\u00e2ne \u00e0 code couleur est-il unique ?<button class=\"rBl3me\" tabindex=\"0\" data-amic=\"true\" data-icl-uuid=\"7d4abef4-e6aa-4f1b-87d0-0e9785ffbb7d\" aria-label=\"Ver enlaces relacionados\" data-wiz-attrbind=\"disabled=t9dS6d_v\/C5gNJc;aria-label=t9dS6d_v\/bOjMyf;class=t9dS6d_v\/UpSNec\" data-ved=\"2ahUKEwj3g66Tw-OSAxWtMvsDHSRzDYEQye0OegYIAQgFEAA\"><\/button><\/div>\n<div class=\"Y3BBE\" data-sfc-cp=\"\" data-hveid=\"CAEIBhAA\" data-complete=\"true\" data-processed=\"true\">Contrairement aux r\u00e9pliques osseuses traditionnelles, ce mod\u00e8le utilise une\u00a0<strong class=\"Yjhzub\" data-complete=\"true\">palette de couleurs didactique<\/strong>\u00a0o\u00f9 chacun des 22 os cr\u00e2niens est peint d&#8217;une teinte distincte. Cette diff\u00e9renciation visuelle est cruciale pour plusieurs raisons :<button class=\"rBl3me\" tabindex=\"0\" data-amic=\"true\" data-icl-uuid=\"ba5d7662-536b-4666-a62e-ae81e38ee3ad\" aria-label=\"Ver enlaces relacionados\" data-wiz-attrbind=\"disabled=t9dS6d_10\/C5gNJc;aria-label=t9dS6d_10\/bOjMyf;class=t9dS6d_10\/UpSNec\" data-ved=\"2ahUKEwj3g66Tw-OSAxWtMvsDHSRzDYEQye0OegYIAQgGEAE\"><\/button><\/div>\n<ul class=\"KsbFXc U6u95\" data-complete=\"true\" data-processed=\"true\">\n<li data-hveid=\"CAEIBxAA\" data-complete=\"true\" data-sae=\"\"><span class=\"T286Pc\" data-sfc-cp=\"\" data-complete=\"true\"><strong class=\"Yjhzub\" data-complete=\"true\">Clart\u00e9 des sutures :<\/strong>\u00a0Elle permet d&#8217;observer avec une nettet\u00e9 totale o\u00f9 s&#8217;arr\u00eate un os et o\u00f9 commence un autre (comme la jonction entre le pari\u00e9tal et le temporal), ce qui est souvent source de confusion sur les mod\u00e8les blancs.<\/span><\/li>\n<li data-hveid=\"CAEIBxAB\" data-complete=\"true\" data-sae=\"\"><span class=\"T286Pc\" data-sfc-cp=\"\" data-complete=\"true\"><strong class=\"Yjhzub\" data-complete=\"true\">Identification des paires :<\/strong>\u00a0Elle facilite la compr\u00e9hension de la sym\u00e9trie bilat\u00e9rale en montrant les os pairs (tels que les maxillaires ou les zygomatiques) dans des couleurs identiques ou contrast\u00e9es.<\/span><\/li>\n<li data-hveid=\"CAEIBxAC\" data-complete=\"true\" data-sae=\"\"><span class=\"T286Pc\" data-sfc-cp=\"\" data-complete=\"true\"><strong class=\"Yjhzub\" data-complete=\"true\">Segmentation anatomique :<\/strong>\u00a0Elle aide \u00e0 diff\u00e9rencier le\u00a0<strong class=\"Yjhzub\" data-complete=\"true\">neurocr\u00e2ne<\/strong>\u00a0(qui prot\u00e8ge l&#8217;enc\u00e9phale) du\u00a0<strong class=\"Yjhzub\" data-complete=\"true\">visc\u00e9rocr\u00e2ne<\/strong>\u00a0(qui constitue le squelette de la face).<\/span><button class=\"rBl3me\" tabindex=\"0\" data-amic=\"true\" data-icl-uuid=\"8e6fd250-09d8-418c-9111-6319e96b3065\" aria-label=\"Ver enlaces relacionados\" data-wiz-attrbind=\"disabled=t9dS6d_1f\/C5gNJc;aria-label=t9dS6d_1f\/bOjMyf;class=t9dS6d_1f\/UpSNec\" data-ved=\"2ahUKEwj3g66Tw-OSAxWtMvsDHSRzDYEQye0OegYIAQgHEAM\"><\/button><\/li>\n<\/ul>\n<div class=\"Fsg96\" data-sfc-cp=\"\" data-complete=\"true\" data-processed=\"true\"><\/div>\n<div class=\"otQkpb\" role=\"heading\" aria-level=\"3\" data-animation-nesting=\"\" data-sfc-cp=\"\" data-complete=\"true\" data-processed=\"true\" data-sae=\"\">Caract\u00e9ristiques techniques et fonctionnalit\u00e9<button class=\"rBl3me\" tabindex=\"0\" data-amic=\"true\" data-icl-uuid=\"ded3aab6-ea7c-4aca-b85b-a15306cddf97\" aria-label=\"Ver enlaces relacionados\" data-wiz-attrbind=\"disabled=t9dS6d_1k\/C5gNJc;aria-label=t9dS6d_1k\/bOjMyf;class=t9dS6d_1k\/UpSNec\" data-ved=\"2ahUKEwj3g66Tw-OSAxWtMvsDHSRzDYEQye0OegYIAQgIEAA\"><\/button><\/div>\n<div class=\"Y3BBE\" data-sfc-cp=\"\" data-hveid=\"CAEICRAA\" data-complete=\"true\" data-processed=\"true\">Un mod\u00e8le de haute qualit\u00e9 ne se distingue pas seulement par ses couleurs, mais aussi par son r\u00e9alisme structurel. La plupart de ces versions sont fabriqu\u00e9es en\u00a0<strong class=\"Yjhzub\" data-complete=\"true\">PVC de qualit\u00e9 m\u00e9dicale<\/strong>\u00a0et pr\u00e9sentent une conception d\u00e9montable en\u00a0<strong class=\"Yjhzub\" data-complete=\"true\">3 parties<\/strong>\u00a0:<button class=\"rBl3me\" tabindex=\"0\" data-amic=\"true\" data-icl-uuid=\"da001a7b-129d-4151-91a5-60f37ec792de\" aria-label=\"Ver enlaces relacionados\" data-wiz-attrbind=\"disabled=t9dS6d_1q\/C5gNJc;aria-label=t9dS6d_1q\/bOjMyf;class=t9dS6d_1q\/UpSNec\" data-ved=\"2ahUKEwj3g66Tw-OSAxWtMvsDHSRzDYEQye0OegYIAQgJEAE\"><\/button><\/div>\n<ol class=\"IaGLZe VimKh\" data-complete=\"true\" data-processed=\"true\">\n<li data-hveid=\"CAEIChAA\" data-complete=\"true\" data-sae=\"\"><span class=\"T286Pc\" data-sfc-cp=\"\" data-complete=\"true\"><strong class=\"Yjhzub\" data-complete=\"true\">Calotte cr\u00e2nienne (vo\u00fbte) :<\/strong>\u00a0Elle se retire pour permettre une vue d\u00e9taill\u00e9e de la fosse cr\u00e2nienne interne, o\u00f9 l&#8217;on peut identifier les empreintes des vaisseaux sanguins et les orifices des nerfs cr\u00e2niens.<\/span><\/li>\n<li data-hveid=\"CAEIChAB\" data-complete=\"true\" data-sae=\"\"><span class=\"T286Pc\" data-sfc-cp=\"\" data-complete=\"true\"><strong class=\"Yjhzub\" data-complete=\"true\">Base du cr\u00e2ne :<\/strong>\u00a0Elle montre avec pr\u00e9cision le\u00a0<em class=\"eujQNb\" data-complete=\"true\">foramen magnum<\/em>\u00a0et les structures osseuses qui s&#8217;articulent avec la colonne vert\u00e9brale.<\/span><\/li>\n<li data-hveid=\"CAEIChAC\" data-complete=\"true\" data-sae=\"\"><span class=\"T286Pc\" data-sfc-cp=\"\" data-complete=\"true\"><strong class=\"Yjhzub\" data-complete=\"true\">M\u00e2choire inf\u00e9rieure (mandibule) :<\/strong>\u00a0G\u00e9n\u00e9ralement mont\u00e9e sur ressorts pour d\u00e9montrer le mouvement de l&#8217;articulation temporo-mandibulaire (ATM) et permettre l&#8217;\u00e9tude de la dentition.<\/span><button class=\"rBl3me\" tabindex=\"0\" data-amic=\"true\" data-icl-uuid=\"829362fe-edde-4bd0-96ba-9cf179110de7\" aria-label=\"Ver enlaces relacionados\" data-wiz-attrbind=\"disabled=t9dS6d_24\/C5gNJc;aria-label=t9dS6d_24\/bOjMyf;class=t9dS6d_24\/UpSNec\" data-ved=\"2ahUKEwj3g66Tw-OSAxWtMvsDHSRzDYEQye0OegYIAQgKEAM\"><\/button><\/li>\n<\/ol>\n<div class=\"Fsg96\" data-sfc-cp=\"\" data-complete=\"true\" data-processed=\"true\"><\/div>\n<div class=\"otQkpb\" role=\"heading\" aria-level=\"3\" data-animation-nesting=\"\" data-sfc-cp=\"\" data-processed=\"true\" data-sae=\"\" data-complete=\"true\">Applications dans les domaines acad\u00e9mique et professionnel<button class=\"rBl3me\" tabindex=\"0\" data-amic=\"true\" data-icl-uuid=\"fa27fd06-a37b-44a2-9360-625913235b54\" aria-label=\"Ver enlaces relacionados\" data-wiz-attrbind=\"disabled=t9dS6d_29\/C5gNJc;aria-label=t9dS6d_29\/bOjMyf;class=t9dS6d_29\/UpSNec\" data-ved=\"2ahUKEwj3g66Tw-OSAxWtMvsDHSRzDYEQye0OegYIAQgLEAA\"><\/button><\/div>\n<div class=\"Y3BBE\" data-sfc-cp=\"\" data-hveid=\"CAEIDBAA\" data-complete=\"true\" data-processed=\"true\">Ce mod\u00e8le n&#8217;est pas seulement d\u00e9coratif ; c&#8217;est un outil d&#8217;<strong class=\"Yjhzub\" data-complete=\"true\">apprentissage actif<\/strong>\u00a0aux applications multiples :<button class=\"rBl3me\" tabindex=\"0\" data-amic=\"true\" data-icl-uuid=\"58147457-1692-46c8-af75-4c9c33fb42de\" aria-label=\"Ver enlaces relacionados\" data-wiz-attrbind=\"disabled=t9dS6d_2e\/C5gNJc;aria-label=t9dS6d_2e\/bOjMyf;class=t9dS6d_2e\/UpSNec\" data-ved=\"2ahUKEwj3g66Tw-OSAxWtMvsDHSRzDYEQye0OegYIAQgMEAE\"><\/button><\/div>\n<ul class=\"KsbFXc U6u95\" data-complete=\"true\" data-processed=\"true\">\n<li data-hveid=\"CAEIDRAA\" data-complete=\"true\" data-sae=\"\"><span class=\"T286Pc\" data-sfc-cp=\"\" data-complete=\"true\"><strong class=\"Yjhzub\" data-complete=\"true\">\u00c9tudiants en m\u00e9decine et dentaire :<\/strong>\u00a0C&#8217;est l&#8217;alli\u00e9 parfait pour m\u00e9moriser les reliefs osseux avant de manipuler de r\u00e9elles pi\u00e8ces cadav\u00e9riques.<\/span><\/li>\n<li data-hveid=\"CAEIDRAB\" data-complete=\"true\" data-sae=\"\"><span class=\"T286Pc\" data-sfc-cp=\"\" data-complete=\"true\"><strong class=\"Yjhzub\" data-complete=\"true\">Cabinets de sp\u00e9cialistes :<\/strong>\u00a0Les neurologues et chirurgiens maxillo-faciaux l&#8217;utilisent pour expliquer simplement des pathologies ou des proc\u00e9dures chirurgicales \u00e0 leurs patients.<\/span><\/li>\n<li data-hveid=\"CAEIDRAC\" data-complete=\"true\" data-sae=\"\"><span class=\"T286Pc\" data-sfc-cp=\"\" data-complete=\"true\"><strong class=\"Yjhzub\" data-complete=\"true\">\u00c9ducation artistique :<\/strong>\u00a0Les artistes l&#8217;emploient pour comprendre la volum\u00e9trie faciale et comment les os d\u00e9terminent l&#8217;apparence externe du visage.<\/span><button class=\"rBl3me\" tabindex=\"0\" data-amic=\"true\" data-icl-uuid=\"a42fe8da-4af0-455e-afe7-7f4249e364c5\" aria-label=\"Ver enlaces relacionados\" data-wiz-attrbind=\"disabled=t9dS6d_2r\/C5gNJc;aria-label=t9dS6d_2r\/bOjMyf;class=t9dS6d_2r\/UpSNec\" data-ved=\"2ahUKEwj3g66Tw-OSAxWtMvsDHSRzDYEQye0OegYIAQgNEAM\"><\/button><\/li>\n<\/ul>\n<div class=\"Fsg96\" data-sfc-cp=\"\" data-complete=\"true\" data-processed=\"true\"><\/div>\n<div class=\"otQkpb\" role=\"heading\" aria-level=\"3\" data-animation-nesting=\"\" data-sfc-cp=\"\" data-complete=\"true\" data-processed=\"true\" data-sae=\"\">Conclusion : Un investissement dans la clart\u00e9 didactique<button class=\"rBl3me\" tabindex=\"0\" data-amic=\"true\" data-icl-uuid=\"76f42fd2-0d90-487f-85f7-1a8eb53f1da5\" aria-label=\"Ver enlaces relacionados\" data-wiz-attrbind=\"disabled=t9dS6d_2w\/C5gNJc;aria-label=t9dS6d_2w\/bOjMyf;class=t9dS6d_2w\/UpSNec\" data-ved=\"2ahUKEwj3g66Tw-OSAxWtMvsDHSRzDYEQye0OegYIAQgOEAA\"><\/button><\/div>\n<div class=\"Y3BBE\" data-sfc-cp=\"\" data-hveid=\"CAEIDxAA\" data-complete=\"true\" data-processed=\"true\" aria-owns=\"action-menu-parent-container\">En r\u00e9sum\u00e9, le\u00a0<strong class=\"Yjhzub\" data-complete=\"true\">cr\u00e2ne anatomique aux os color\u00e9s<\/strong>\u00a0est bien plus qu&#8217;un simple objet d&#8217;\u00e9tude ; c&#8217;est une carte tridimensionnelle qui simplifie la complexit\u00e9 biologique. Sa durabilit\u00e9, sa pr\u00e9cision et sa valeur p\u00e9dagogique en font un investissement intelligent pour toute institution \u00e9ducative souhaitant am\u00e9liorer la r\u00e9tention des connaissances chez ses \u00e9l\u00e8ves.<\/div>\n","protected":false},"excerpt":{"rendered":"<p>Le cr\u00e2ne aux os color\u00e9s : Le guide visuel ultime  [&#8230;]<\/p>\n","protected":false},"featured_media":36758,"template":"","meta":[],"product_brand":[],"product_cat":[724],"product_tag":[],"class_list":{"0":"post-28643","1":"product","2":"type-product","3":"status-publish","4":"has-post-thumbnail","6":"product_cat-modelesm-fr","7":"pa_formacion-medicina-fr","8":"pa_formacion-odontologia-fr","10":"first","11":"instock","12":"taxable","13":"shipping-taxable","14":"purchasable","15":"product-type-simple"},"yoast_head":"<!-- This site is optimized with the Yoast SEO Premium plugin v27.0 (Yoast SEO v27.2) - https:\/\/yoast.com\/product\/yoast-seo-premium-wordpress\/ -->\n<title>CR\u00c2NE AUX OS COLOR\u00c9S - yoestudiosalud.es<\/title>\n<meta name=\"description\" content=\"Optimisez votre \u00e9tude avec le cr\u00e2ne humain aux os color\u00e9s. Mod\u00e8le anatomique d\u00e9montable en 3 parties, fabriqu\u00e9 en PVC de haute qualit\u00e9.\" \/>\n<meta name=\"robots\" content=\"index, follow, max-snippet:-1, max-image-preview:large, max-video-preview:-1\" \/>\n<link rel=\"canonical\" href=\"https:\/\/yoestudiosalud.es\/fr\/produit\/crane-aux-os-colores\/\" \/>\n<meta property=\"og:locale\" content=\"fr_FR\" \/>\n<meta property=\"og:type\" content=\"article\" \/>\n<meta property=\"og:title\" content=\"CR\u00c2NE AUX OS COLOR\u00c9S\" \/>\n<meta property=\"og:description\" content=\"Optimisez votre \u00e9tude avec le cr\u00e2ne humain aux os color\u00e9s. Mod\u00e8le anatomique d\u00e9montable en 3 parties, fabriqu\u00e9 en PVC de haute qualit\u00e9.\" \/>\n<meta property=\"og:url\" content=\"https:\/\/yoestudiosalud.es\/fr\/produit\/crane-aux-os-colores\/\" \/>\n<meta property=\"og:site_name\" content=\"yoestudiosalud.es\" \/>\n<meta property=\"article:modified_time\" content=\"2026-02-18T17:11:01+00:00\" \/>\n<meta property=\"og:image\" content=\"https:\/\/yoestudiosalud.es\/wp-content\/uploads\/2018\/08\/001247.webp\" \/>\n\t<meta property=\"og:image:width\" content=\"650\" \/>\n\t<meta property=\"og:image:height\" content=\"650\" \/>\n\t<meta property=\"og:image:type\" content=\"image\/webp\" \/>\n<meta name=\"twitter:card\" content=\"summary_large_image\" \/>\n<meta name=\"twitter:label1\" content=\"Dur\u00e9e de lecture estim\u00e9e\" \/>\n\t<meta name=\"twitter:data1\" content=\"3 minutes\" \/>\n<script type=\"application\/ld+json\" class=\"yoast-schema-graph\">{\"@context\":\"https:\/\/schema.org\",\"@graph\":[{\"@type\":\"WebPage\",\"@id\":\"https:\/\/yoestudiosalud.es\/fr\/produit\/crane-aux-os-colores\/\",\"url\":\"https:\/\/yoestudiosalud.es\/fr\/produit\/crane-aux-os-colores\/\",\"name\":\"CR\u00c2NE AUX OS COLOR\u00c9S - yoestudiosalud.es\",\"isPartOf\":{\"@id\":\"https:\/\/yoestudiosalud.es\/en\/#website\"},\"primaryImageOfPage\":{\"@id\":\"https:\/\/yoestudiosalud.es\/fr\/produit\/crane-aux-os-colores\/#primaryimage\"},\"image\":{\"@id\":\"https:\/\/yoestudiosalud.es\/fr\/produit\/crane-aux-os-colores\/#primaryimage\"},\"thumbnailUrl\":\"https:\/\/yoestudiosalud.es\/wp-content\/uploads\/2018\/08\/001247.webp\",\"datePublished\":\"2018-08-02T16:47:58+00:00\",\"dateModified\":\"2026-02-18T17:11:01+00:00\",\"description\":\"Optimisez votre \u00e9tude avec le cr\u00e2ne humain aux os color\u00e9s. Mod\u00e8le anatomique d\u00e9montable en 3 parties, fabriqu\u00e9 en PVC de haute qualit\u00e9.\",\"breadcrumb\":{\"@id\":\"https:\/\/yoestudiosalud.es\/fr\/produit\/crane-aux-os-colores\/#breadcrumb\"},\"inLanguage\":\"fr-FR\",\"potentialAction\":[{\"@type\":\"ReadAction\",\"target\":[\"https:\/\/yoestudiosalud.es\/fr\/produit\/crane-aux-os-colores\/\"]}]},{\"@type\":\"ImageObject\",\"inLanguage\":\"fr-FR\",\"@id\":\"https:\/\/yoestudiosalud.es\/fr\/produit\/crane-aux-os-colores\/#primaryimage\",\"url\":\"https:\/\/yoestudiosalud.es\/wp-content\/uploads\/2018\/08\/001247.webp\",\"contentUrl\":\"https:\/\/yoestudiosalud.es\/wp-content\/uploads\/2018\/08\/001247.webp\",\"width\":650,\"height\":650,\"caption\":\"CR\u00c2NE AUX OS COLOR\u00c9S\"},{\"@type\":\"BreadcrumbList\",\"@id\":\"https:\/\/yoestudiosalud.es\/fr\/produit\/crane-aux-os-colores\/#breadcrumb\",\"itemListElement\":[{\"@type\":\"ListItem\",\"position\":1,\"name\":\"Portada\",\"item\":\"https:\/\/yoestudiosalud.es\/fr\/\"},{\"@type\":\"ListItem\",\"position\":2,\"name\":\"Boutique\",\"item\":\"https:\/\/yoestudiosalud.es\/fr\/boutique\/\"},{\"@type\":\"ListItem\",\"position\":3,\"name\":\"CR\u00c2NE AUX OS COLOR\u00c9S\"}]},{\"@type\":\"WebSite\",\"@id\":\"https:\/\/yoestudiosalud.es\/en\/#website\",\"url\":\"https:\/\/yoestudiosalud.es\/en\/\",\"name\":\"yoestudiosalud.es\",\"description\":\"Material para estudiantes del sector salud\",\"publisher\":{\"@id\":\"https:\/\/yoestudiosalud.es\/en\/#organization\"},\"potentialAction\":[{\"@type\":\"SearchAction\",\"target\":{\"@type\":\"EntryPoint\",\"urlTemplate\":\"https:\/\/yoestudiosalud.es\/en\/?s={search_term_string}\"},\"query-input\":{\"@type\":\"PropertyValueSpecification\",\"valueRequired\":true,\"valueName\":\"search_term_string\"}}],\"inLanguage\":\"fr-FR\"},{\"@type\":\"Organization\",\"@id\":\"https:\/\/yoestudiosalud.es\/en\/#organization\",\"name\":\"yoestudiosalud.es\",\"url\":\"https:\/\/yoestudiosalud.es\/en\/\",\"logo\":{\"@type\":\"ImageObject\",\"inLanguage\":\"fr-FR\",\"@id\":\"https:\/\/yoestudiosalud.es\/en\/#\/schema\/logo\/image\/\",\"url\":\"https:\/\/yoestudiosalud.es\/wp-content\/uploads\/2020\/04\/logonew-e1698080827687.png\",\"contentUrl\":\"https:\/\/yoestudiosalud.es\/wp-content\/uploads\/2020\/04\/logonew-e1698080827687.png\",\"width\":421,\"height\":393,\"caption\":\"yoestudiosalud.es\"},\"image\":{\"@id\":\"https:\/\/yoestudiosalud.es\/en\/#\/schema\/logo\/image\/\"}}]}<\/script>\n<!-- \/ Yoast SEO Premium plugin. -->","yoast_head_json":{"title":"CR\u00c2NE AUX OS COLOR\u00c9S - yoestudiosalud.es","description":"Optimisez votre \u00e9tude avec le cr\u00e2ne humain aux os color\u00e9s. Mod\u00e8le anatomique d\u00e9montable en 3 parties, fabriqu\u00e9 en PVC de haute qualit\u00e9.","robots":{"index":"index","follow":"follow","max-snippet":"max-snippet:-1","max-image-preview":"max-image-preview:large","max-video-preview":"max-video-preview:-1"},"canonical":"https:\/\/yoestudiosalud.es\/fr\/produit\/crane-aux-os-colores\/","og_locale":"fr_FR","og_type":"article","og_title":"CR\u00c2NE AUX OS COLOR\u00c9S","og_description":"Optimisez votre \u00e9tude avec le cr\u00e2ne humain aux os color\u00e9s. Mod\u00e8le anatomique d\u00e9montable en 3 parties, fabriqu\u00e9 en PVC de haute qualit\u00e9.","og_url":"https:\/\/yoestudiosalud.es\/fr\/produit\/crane-aux-os-colores\/","og_site_name":"yoestudiosalud.es","article_modified_time":"2026-02-18T17:11:01+00:00","og_image":[{"width":650,"height":650,"url":"https:\/\/yoestudiosalud.es\/wp-content\/uploads\/2018\/08\/001247.webp","type":"image\/webp"}],"twitter_card":"summary_large_image","twitter_misc":{"Dur\u00e9e de lecture estim\u00e9e":"3 minutes"},"schema":{"@context":"https:\/\/schema.org","@graph":[{"@type":"WebPage","@id":"https:\/\/yoestudiosalud.es\/fr\/produit\/crane-aux-os-colores\/","url":"https:\/\/yoestudiosalud.es\/fr\/produit\/crane-aux-os-colores\/","name":"CR\u00c2NE AUX OS COLOR\u00c9S - yoestudiosalud.es","isPartOf":{"@id":"https:\/\/yoestudiosalud.es\/en\/#website"},"primaryImageOfPage":{"@id":"https:\/\/yoestudiosalud.es\/fr\/produit\/crane-aux-os-colores\/#primaryimage"},"image":{"@id":"https:\/\/yoestudiosalud.es\/fr\/produit\/crane-aux-os-colores\/#primaryimage"},"thumbnailUrl":"https:\/\/yoestudiosalud.es\/wp-content\/uploads\/2018\/08\/001247.webp","datePublished":"2018-08-02T16:47:58+00:00","dateModified":"2026-02-18T17:11:01+00:00","description":"Optimisez votre \u00e9tude avec le cr\u00e2ne humain aux os color\u00e9s. Mod\u00e8le anatomique d\u00e9montable en 3 parties, fabriqu\u00e9 en PVC de haute qualit\u00e9.","breadcrumb":{"@id":"https:\/\/yoestudiosalud.es\/fr\/produit\/crane-aux-os-colores\/#breadcrumb"},"inLanguage":"fr-FR","potentialAction":[{"@type":"ReadAction","target":["https:\/\/yoestudiosalud.es\/fr\/produit\/crane-aux-os-colores\/"]}]},{"@type":"ImageObject","inLanguage":"fr-FR","@id":"https:\/\/yoestudiosalud.es\/fr\/produit\/crane-aux-os-colores\/#primaryimage","url":"https:\/\/yoestudiosalud.es\/wp-content\/uploads\/2018\/08\/001247.webp","contentUrl":"https:\/\/yoestudiosalud.es\/wp-content\/uploads\/2018\/08\/001247.webp","width":650,"height":650,"caption":"CR\u00c2NE AUX OS COLOR\u00c9S"},{"@type":"BreadcrumbList","@id":"https:\/\/yoestudiosalud.es\/fr\/produit\/crane-aux-os-colores\/#breadcrumb","itemListElement":[{"@type":"ListItem","position":1,"name":"Portada","item":"https:\/\/yoestudiosalud.es\/fr\/"},{"@type":"ListItem","position":2,"name":"Boutique","item":"https:\/\/yoestudiosalud.es\/fr\/boutique\/"},{"@type":"ListItem","position":3,"name":"CR\u00c2NE AUX OS COLOR\u00c9S"}]},{"@type":"WebSite","@id":"https:\/\/yoestudiosalud.es\/en\/#website","url":"https:\/\/yoestudiosalud.es\/en\/","name":"yoestudiosalud.es","description":"Material para estudiantes del sector salud","publisher":{"@id":"https:\/\/yoestudiosalud.es\/en\/#organization"},"potentialAction":[{"@type":"SearchAction","target":{"@type":"EntryPoint","urlTemplate":"https:\/\/yoestudiosalud.es\/en\/?s={search_term_string}"},"query-input":{"@type":"PropertyValueSpecification","valueRequired":true,"valueName":"search_term_string"}}],"inLanguage":"fr-FR"},{"@type":"Organization","@id":"https:\/\/yoestudiosalud.es\/en\/#organization","name":"yoestudiosalud.es","url":"https:\/\/yoestudiosalud.es\/en\/","logo":{"@type":"ImageObject","inLanguage":"fr-FR","@id":"https:\/\/yoestudiosalud.es\/en\/#\/schema\/logo\/image\/","url":"https:\/\/yoestudiosalud.es\/wp-content\/uploads\/2020\/04\/logonew-e1698080827687.png","contentUrl":"https:\/\/yoestudiosalud.es\/wp-content\/uploads\/2020\/04\/logonew-e1698080827687.png","width":421,"height":393,"caption":"yoestudiosalud.es"},"image":{"@id":"https:\/\/yoestudiosalud.es\/en\/#\/schema\/logo\/image\/"}}]}},"_links":{"self":[{"href":"https:\/\/yoestudiosalud.es\/fr\/wp-json\/wp\/v2\/product\/28643","targetHints":{"allow":["GET"]}}],"collection":[{"href":"https:\/\/yoestudiosalud.es\/fr\/wp-json\/wp\/v2\/product"}],"about":[{"href":"https:\/\/yoestudiosalud.es\/fr\/wp-json\/wp\/v2\/types\/product"}],"wp:featuredmedia":[{"embeddable":true,"href":"https:\/\/yoestudiosalud.es\/fr\/wp-json\/wp\/v2\/media\/36758"}],"wp:attachment":[{"href":"https:\/\/yoestudiosalud.es\/fr\/wp-json\/wp\/v2\/media?parent=28643"}],"wp:term":[{"taxonomy":"product_brand","embeddable":true,"href":"https:\/\/yoestudiosalud.es\/fr\/wp-json\/wp\/v2\/product_brand?post=28643"},{"taxonomy":"product_cat","embeddable":true,"href":"https:\/\/yoestudiosalud.es\/fr\/wp-json\/wp\/v2\/product_cat?post=28643"},{"taxonomy":"product_tag","embeddable":true,"href":"https:\/\/yoestudiosalud.es\/fr\/wp-json\/wp\/v2\/product_tag?post=28643"}],"curies":[{"name":"wp","href":"https:\/\/api.w.org\/{rel}","templated":true}]}}