{"id":28641,"date":"2018-08-02T16:47:58","date_gmt":"2018-08-02T16:47:58","guid":{"rendered":"https:\/\/yoestudiosalud.es\/producto\/artmed-crane-humain-modele-deluxe-style-xc104d\/"},"modified":"2026-02-18T18:32:09","modified_gmt":"2026-02-18T17:32:09","slug":"modele-de-crane-humain-deluxe","status":"publish","type":"product","link":"https:\/\/yoestudiosalud.es\/fr\/produit\/modele-de-crane-humain-deluxe\/","title":{"rendered":"MOD\u00c8LE DE CR\u00c2NE HUMAIN DELUXE"},"content":{"rendered":"<div class=\"otQkpb\" role=\"heading\" aria-level=\"3\" data-animation-nesting=\"\" data-sfc-cp=\"\" data-complete=\"true\" data-processed=\"true\" data-sae=\"\">Mod\u00e8le de Cr\u00e2ne Humain Deluxe : L&#8217;Excellence du D\u00e9tail Neuroanatomique<button class=\"rBl3me\" tabindex=\"0\" data-amic=\"true\" data-icl-uuid=\"a1e5d79a-1b3e-4654-8869-852deedf8127\" aria-label=\"Ver enlaces relacionados\" data-wiz-attrbind=\"disabled=QPNbyc_j\/C5gNJc;aria-label=QPNbyc_j\/bOjMyf;class=QPNbyc_j\/UpSNec\" data-ved=\"2ahUKEwjxlKezx-OSAxUwOfsDHbQgIhYQye0OegYIAQgDEAA\"><\/button><\/div>\n<div class=\"Y3BBE\" data-sfc-cp=\"\" data-hveid=\"CAEIBBAA\" data-complete=\"true\" data-processed=\"true\">L&#8217;\u00e9tude de la t\u00eate humaine exige un niveau de pr\u00e9cision que seul un\u00a0<strong class=\"Yjhzub\" data-complete=\"true\">mod\u00e8le de cr\u00e2ne humain Deluxe<\/strong>\u00a0peut offrir. Contrairement aux reproductions de base, la version Deluxe est sp\u00e9cifiquement con\u00e7ue pour r\u00e9pondre aux exigences des\u00a0<strong class=\"Yjhzub\" data-complete=\"true\">\u00e9tudiants en m\u00e9decine, des dentistes et des chirurgiens maxillo-faciaux<\/strong>\u00a0qui n\u00e9cessitent un outil de r\u00e9f\u00e9rence de haute fid\u00e9lit\u00e9. Ce mod\u00e8le n&#8217;est pas seulement une repr\u00e9sentation visuelle, c&#8217;est une r\u00e9plique scientifique qui capture la complexit\u00e9 de la structure osseuse avec un r\u00e9alisme tactile in\u00e9gal\u00e9.<button class=\"rBl3me\" tabindex=\"0\" data-amic=\"true\" data-icl-uuid=\"eeeca548-06a2-446e-a757-fa55f792006f\" aria-label=\"Ver enlaces relacionados\" data-wiz-attrbind=\"disabled=QPNbyc_p\/C5gNJc;aria-label=QPNbyc_p\/bOjMyf;class=QPNbyc_p\/UpSNec\" data-ved=\"2ahUKEwjxlKezx-OSAxUwOfsDHbQgIhYQye0OegYIAQgEEAE\"><\/button><\/div>\n<div class=\"Fsg96\" data-sfc-cp=\"\" data-complete=\"true\" data-processed=\"true\"><\/div>\n<div class=\"otQkpb\" role=\"heading\" aria-level=\"3\" data-animation-nesting=\"\" data-sfc-cp=\"\" data-complete=\"true\" data-processed=\"true\" data-sae=\"\">Pr\u00e9cision Anatomique de Qualit\u00e9 M\u00e9dicale<button class=\"rBl3me\" tabindex=\"0\" data-amic=\"true\" data-icl-uuid=\"0870e432-fc1c-4d21-b71a-496784f1fe9e\" aria-label=\"Ver enlaces relacionados\" data-wiz-attrbind=\"disabled=QPNbyc_u\/C5gNJc;aria-label=QPNbyc_u\/bOjMyf;class=QPNbyc_u\/UpSNec\" data-ved=\"2ahUKEwjxlKezx-OSAxUwOfsDHbQgIhYQye0OegYIAQgFEAA\"><\/button><\/div>\n<div class=\"Y3BBE\" data-sfc-cp=\"\" data-hveid=\"CAEIBhAA\" data-complete=\"true\" data-processed=\"true\">Ce qui d\u00e9finit un mod\u00e8le &#8220;Deluxe&#8221; est sa\u00a0<strong class=\"Yjhzub\" data-complete=\"true\">fid\u00e9lit\u00e9 morphologique<\/strong>. Chaque unit\u00e9 est g\u00e9n\u00e9ralement moul\u00e9e \u00e0 partir d&#8217;un v\u00e9ritable sp\u00e9cimen humain, garantissant que tous los d\u00e9tails structurels sont pr\u00e9sents :<button class=\"rBl3me\" tabindex=\"0\" data-amic=\"true\" data-icl-uuid=\"25360156-c682-40a7-ad4e-a47c83b3b6a8\" aria-label=\"Ver enlaces relacionados\" data-wiz-attrbind=\"disabled=QPNbyc_z\/C5gNJc;aria-label=QPNbyc_z\/bOjMyf;class=QPNbyc_z\/UpSNec\" data-ved=\"2ahUKEwjxlKezx-OSAxUwOfsDHbQgIhYQye0OegYIAQgGEAE\"><\/button><\/div>\n<ul class=\"KsbFXc U6u95\" data-complete=\"true\" data-processed=\"true\">\n<li data-hveid=\"CAEIBxAA\" data-complete=\"true\" data-sae=\"\"><span class=\"T286Pc\" data-sfc-cp=\"\" data-complete=\"true\"><strong class=\"Yjhzub\" data-complete=\"true\">Foramens et Fissures :<\/strong>\u00a0Le mod\u00e8le affiche avec pr\u00e9cision les canaux par lesquels passent les nerfs cr\u00e2niens et les vaisseaux sanguins, \u00e9l\u00e9ments cruciaux pour l&#8217;\u00e9tude de la neurologie.<\/span><\/li>\n<li data-hveid=\"CAEIBxAB\" data-complete=\"true\" data-sae=\"\"><span class=\"T286Pc\" data-sfc-cp=\"\" data-complete=\"true\"><strong class=\"Yjhzub\" data-complete=\"true\">Sutures Dentel\u00e9es :<\/strong>\u00a0Les lignes de jonction entre les os cr\u00e2niens (telles que les sutures coronale et sagittale) sont palpables et visuellement pr\u00e9cises, facilitant la compr\u00e9hension de l&#8217;ontog\u00e9nie osseuse.<\/span><\/li>\n<li data-hveid=\"CAEIBxAC\" data-complete=\"true\" data-sae=\"\"><span class=\"T286Pc\" data-sfc-cp=\"\" data-complete=\"true\"><strong class=\"Yjhzub\" data-complete=\"true\">Dentition R\u00e9aliste :<\/strong>\u00a0\u00c0 la diff\u00e9rence des mod\u00e8les \u00e9conomiques, le cr\u00e2ne Deluxe pr\u00e9sente souvent des dents ins\u00e9r\u00e9es individuellement ou avec un niveau de d\u00e9tail sur les racines et l&#8217;\u00e9mail permettant l&#8217;\u00e9tude de l&#8217;occlusion dentaire.<\/span><button class=\"rBl3me\" tabindex=\"0\" data-amic=\"true\" data-icl-uuid=\"42af343d-96e3-4785-aecb-c6be7c8f1d2c\" aria-label=\"Ver enlaces relacionados\" data-wiz-attrbind=\"disabled=QPNbyc_1c\/C5gNJc;aria-label=QPNbyc_1c\/bOjMyf;class=QPNbyc_1c\/UpSNec\" data-ved=\"2ahUKEwjxlKezx-OSAxUwOfsDHbQgIhYQye0OegYIAQgHEAM\"><\/button><\/li>\n<\/ul>\n<div class=\"Fsg96\" data-sfc-cp=\"\" data-complete=\"true\" data-processed=\"true\"><\/div>\n<div class=\"otQkpb\" role=\"heading\" aria-level=\"3\" data-animation-nesting=\"\" data-sfc-cp=\"\" data-complete=\"true\" data-processed=\"true\" data-sae=\"\">Fonctionnalit\u00e9 et Conception D\u00e9montable<button class=\"rBl3me\" tabindex=\"0\" data-amic=\"true\" data-icl-uuid=\"21c251e1-6622-4ac0-b04c-4ff5403a7503\" aria-label=\"Ver enlaces relacionados\" data-wiz-attrbind=\"disabled=QPNbyc_1h\/C5gNJc;aria-label=QPNbyc_1h\/bOjMyf;class=QPNbyc_1h\/UpSNec\" data-ved=\"2ahUKEwjxlKezx-OSAxUwOfsDHbQgIhYQye0OegYIAQgIEAA\"><\/button><\/div>\n<div class=\"Y3BBE\" data-sfc-cp=\"\" data-hveid=\"CAEICRAA\" data-complete=\"true\" data-processed=\"true\">La polyvalence est essentielle dans l&#8217;enseignement. Un cr\u00e2ne Deluxe pr\u00e9sente g\u00e9n\u00e9ralement une structure d\u00e9montable en\u00a0<strong class=\"Yjhzub\" data-complete=\"true\">3 parties<\/strong>, permettant une analyse tant externe qu&#8217;interne :<button class=\"rBl3me\" tabindex=\"0\" data-amic=\"true\" data-icl-uuid=\"be5947e5-19c2-4afc-86b8-38f61952dcc8\" aria-label=\"Ver enlaces relacionados\" data-wiz-attrbind=\"disabled=QPNbyc_1m\/C5gNJc;aria-label=QPNbyc_1m\/bOjMyf;class=QPNbyc_1m\/UpSNec\" data-ved=\"2ahUKEwjxlKezx-OSAxUwOfsDHbQgIhYQye0OegYIAQgJEAE\"><\/button><\/div>\n<ol class=\"IaGLZe VimKh\" data-complete=\"true\" data-processed=\"true\">\n<li data-hveid=\"CAEIChAA\" data-complete=\"true\" data-sae=\"\"><span class=\"T286Pc\" data-sfc-cp=\"\" data-complete=\"true\"><strong class=\"Yjhzub\" data-complete=\"true\">Calotte Cr\u00e2nienne Amovible :<\/strong>\u00a0La vo\u00fbte cr\u00e2nienne est maintenue par des aimants cach\u00e9s ou des pivots haute r\u00e9sistance, permettant de voir les fosses cr\u00e2niennes ant\u00e9rieure, moyenne et post\u00e9rieure sans \u00e9l\u00e9ments de fixation intrusifs.<\/span><\/li>\n<li data-hveid=\"CAEIChAB\" data-complete=\"true\" data-sae=\"\"><span class=\"T286Pc\" data-sfc-cp=\"\" data-complete=\"true\"><strong class=\"Yjhzub\" data-complete=\"true\">Base du Cr\u00e2ne :<\/strong>\u00a0Elle montre le\u00a0<em class=\"eujQNb\" data-complete=\"true\">foramen magnum<\/em>\u00a0et les condyles occipitaux avec une pr\u00e9cision millim\u00e9trique pour l&#8217;\u00e9tude de l&#8217;articulation avec l&#8217;atlas.<\/span><\/li>\n<li data-hveid=\"CAEIChAC\" data-complete=\"true\" data-sae=\"\"><span class=\"T286Pc\" data-sfc-cp=\"\" data-complete=\"true\"><strong class=\"Yjhzub\" data-complete=\"true\">Mandibule Articul\u00e9e :<\/strong>\u00a0\u00c9quip\u00e9e d&#8217;un ressort de haute qualit\u00e9, elle permet de simuler le mouvement de l&#8217;<strong class=\"Yjhzub\" data-complete=\"true\">articulation temporo-mandibulaire (ATM)<\/strong>, id\u00e9ale pour les d\u00e9monstrations odontologiques.<\/span><button class=\"rBl3me\" tabindex=\"0\" data-amic=\"true\" data-icl-uuid=\"28b2a473-86b6-4b9d-b807-e77888bb33b2\" aria-label=\"Ver enlaces relacionados\" data-wiz-attrbind=\"disabled=QPNbyc_21\/C5gNJc;aria-label=QPNbyc_21\/bOjMyf;class=QPNbyc_21\/UpSNec\" data-ved=\"2ahUKEwjxlKezx-OSAxUwOfsDHbQgIhYQye0OegYIAQgKEAM\"><\/button><\/li>\n<\/ol>\n<div class=\"Fsg96\" data-sfc-cp=\"\" data-complete=\"true\" data-processed=\"true\"><\/div>\n<div class=\"otQkpb\" role=\"heading\" aria-level=\"3\" data-animation-nesting=\"\" data-sfc-cp=\"\" data-complete=\"true\" data-processed=\"true\" data-sae=\"\">Durabilit\u00e9 et Mat\u00e9riaux de Haute Qualit\u00e9<button class=\"rBl3me\" tabindex=\"0\" data-amic=\"true\" data-icl-uuid=\"f5e9e823-914e-4986-9751-b04cdff20444\" aria-label=\"Ver enlaces relacionados\" data-wiz-attrbind=\"disabled=QPNbyc_26\/C5gNJc;aria-label=QPNbyc_26\/bOjMyf;class=QPNbyc_26\/UpSNec\" data-ved=\"2ahUKEwjxlKezx-OSAxUwOfsDHbQgIhYQye0OegYIAQgLEAA\"><\/button><\/div>\n<div class=\"Y3BBE\" data-sfc-cp=\"\" data-hveid=\"CAEIDBAA\" data-complete=\"true\" data-processed=\"true\">Fabriqu\u00e9 en\u00a0<strong class=\"Yjhzub\" data-complete=\"true\">PVC haute densit\u00e9 et incassable<\/strong>, ce mod\u00e8le est con\u00e7u pour durer des ann\u00e9es de manipulation constante dans les laboratoires et les salles de classe. La finition est g\u00e9n\u00e9ralement d&#8217;une couleur os naturel qui \u00e9vite les reflets g\u00eanants sous les lumi\u00e8res d&#8217;\u00e9tude, permettant une photographie m\u00e9dicale nette.<button class=\"rBl3me\" tabindex=\"0\" data-amic=\"true\" data-icl-uuid=\"70caa972-1008-4312-9109-75eef71a868a\" aria-label=\"Ver enlaces relacionados\" data-wiz-attrbind=\"disabled=QPNbyc_2b\/C5gNJc;aria-label=QPNbyc_2b\/bOjMyf;class=QPNbyc_2b\/UpSNec\" data-ved=\"2ahUKEwjxlKezx-OSAxUwOfsDHbQgIhYQye0OegYIAQgMEAE\"><\/button><\/div>\n<div class=\"Fsg96\" data-sfc-cp=\"\" data-complete=\"true\" data-processed=\"true\"><\/div>\n<div class=\"otQkpb\" role=\"heading\" aria-level=\"3\" data-animation-nesting=\"\" data-sfc-cp=\"\" data-complete=\"true\" data-processed=\"true\" data-sae=\"\">Applications Professionnelles<button class=\"rBl3me\" tabindex=\"0\" data-amic=\"true\" data-icl-uuid=\"6069d796-45fe-456b-b9b6-bf1c4226acca\" aria-label=\"Ver enlaces relacionados\" data-wiz-attrbind=\"disabled=QPNbyc_2g\/C5gNJc;aria-label=QPNbyc_2g\/bOjMyf;class=QPNbyc_2g\/UpSNec\" data-ved=\"2ahUKEwjxlKezx-OSAxUwOfsDHbQgIhYQye0OegYIAQgNEAA\"><\/button><\/div>\n<div class=\"Y3BBE\" data-sfc-cp=\"\" data-hveid=\"CAEIDhAA\" data-complete=\"true\" data-processed=\"true\">Cette ressource est la r\u00e9f\u00e9rence absolue en :<button class=\"rBl3me\" tabindex=\"0\" data-amic=\"true\" data-icl-uuid=\"60830ea3-9015-4736-a71c-0c2150ac11bc\" aria-label=\"Ver enlaces relacionados\" data-wiz-attrbind=\"disabled=QPNbyc_2k\/C5gNJc;aria-label=QPNbyc_2k\/bOjMyf;class=QPNbyc_2k\/UpSNec\" data-ved=\"2ahUKEwjxlKezx-OSAxUwOfsDHbQgIhYQye0OegYIAQgOEAE\"><\/button><\/div>\n<ul class=\"KsbFXc U6u95\" data-complete=\"true\" data-processed=\"true\">\n<li data-hveid=\"CAEIDxAA\" data-complete=\"true\" data-sae=\"\"><span class=\"T286Pc\" data-sfc-cp=\"\" data-complete=\"true\"><strong class=\"Yjhzub\" data-complete=\"true\">Neurochirurgie et ORL :<\/strong>\u00a0Comme support visuel pour expliquer des approches chirurgicales complexes.<\/span><\/li>\n<li data-hveid=\"CAEIDxAB\" data-complete=\"true\" data-sae=\"\"><span class=\"T286Pc\" data-sfc-cp=\"\" data-complete=\"true\"><strong class=\"Yjhzub\" data-complete=\"true\">Odontologie :<\/strong>\u00a0Pour illustrer la structure des m\u00e2choires et la position des nerfs alv\u00e9olaires.<\/span><\/li>\n<li data-hveid=\"CAEIDxAC\" data-complete=\"true\" data-sae=\"\"><span class=\"T286Pc\" data-sfc-cp=\"\" data-complete=\"true\"><strong class=\"Yjhzub\" data-complete=\"true\">Anthropologie m\u00e9dico-l\u00e9gale :<\/strong>\u00a0Comme guide comparatif pour l&#8217;identification des traits squelettiques.<\/span><button class=\"rBl3me\" tabindex=\"0\" data-amic=\"true\" data-icl-uuid=\"5fb8952c-8c0d-4220-9860-5615f8ead18c\" aria-label=\"Ver enlaces relacionados\" data-wiz-attrbind=\"disabled=QPNbyc_2x\/C5gNJc;aria-label=QPNbyc_2x\/bOjMyf;class=QPNbyc_2x\/UpSNec\" data-ved=\"2ahUKEwjxlKezx-OSAxUwOfsDHbQgIhYQye0OegYIAQgPEAM\"><\/button><\/li>\n<\/ul>\n<div class=\"Y3BBE\" data-sfc-cp=\"\" data-hveid=\"CAEIEBAA\" data-complete=\"true\" data-processed=\"true\" aria-owns=\"action-menu-parent-container\">En conclusion, investir dans un\u00a0<strong class=\"Yjhzub\" data-complete=\"true\">cr\u00e2ne humain Deluxe<\/strong>\u00a0garantit une clart\u00e9 didactique sup\u00e9rieure, transformant l&#8217;\u00e9tude th\u00e9orique en une exp\u00e9rience d&#8217;apprentissage tangible et professionnelle.<\/div>\n","protected":false},"excerpt":{"rendered":"<p>Mod\u00e8le de Cr\u00e2ne Humain Deluxe : L&#8217;Excellence du D\u00e9tail Neuroanatomique  [&#8230;]<\/p>\n","protected":false},"featured_media":36762,"template":"","meta":[],"product_brand":[],"product_cat":[724],"product_tag":[],"class_list":{"0":"post-28641","1":"product","2":"type-product","3":"status-publish","4":"has-post-thumbnail","6":"product_cat-modelesm-fr","7":"pa_formacion-medicina-fr","8":"pa_formacion-odontologia-fr","10":"first","11":"instock","12":"taxable","13":"shipping-taxable","14":"purchasable","15":"product-type-simple"},"yoast_head":"<!-- This site is optimized with the Yoast SEO Premium plugin v27.0 (Yoast SEO v27.2) - https:\/\/yoast.com\/product\/yoast-seo-premium-wordpress\/ -->\n<title>MOD\u00c8LE DE CR\u00c2NE HUMAIN DELUXE - yoestudiosalud.es<\/title>\n<meta name=\"description\" content=\"\u00c9levez votre \u00e9tude avec le cr\u00e2ne humain Deluxe. Mod\u00e8le anatomique de haute fid\u00e9lit\u00e9, d\u00e9montable en 3 parties et fabriqu\u00e9 en PVC de qualit\u00e9 m\u00e9dicale.\" \/>\n<meta name=\"robots\" content=\"index, follow, max-snippet:-1, max-image-preview:large, max-video-preview:-1\" \/>\n<link rel=\"canonical\" href=\"https:\/\/yoestudiosalud.es\/fr\/produit\/modele-de-crane-humain-deluxe\/\" \/>\n<meta property=\"og:locale\" content=\"fr_FR\" \/>\n<meta property=\"og:type\" content=\"article\" \/>\n<meta property=\"og:title\" content=\"MOD\u00c8LE DE CR\u00c2NE HUMAIN DELUXE\" \/>\n<meta property=\"og:description\" content=\"\u00c9levez votre \u00e9tude avec le cr\u00e2ne humain Deluxe. Mod\u00e8le anatomique de haute fid\u00e9lit\u00e9, d\u00e9montable en 3 parties et fabriqu\u00e9 en PVC de qualit\u00e9 m\u00e9dicale.\" \/>\n<meta property=\"og:url\" content=\"https:\/\/yoestudiosalud.es\/fr\/produit\/modele-de-crane-humain-deluxe\/\" \/>\n<meta property=\"og:site_name\" content=\"yoestudiosalud.es\" \/>\n<meta property=\"article:modified_time\" content=\"2026-02-18T17:32:09+00:00\" \/>\n<meta property=\"og:image\" content=\"https:\/\/yoestudiosalud.es\/wp-content\/uploads\/2018\/08\/001248.webp\" \/>\n\t<meta property=\"og:image:width\" content=\"650\" \/>\n\t<meta property=\"og:image:height\" content=\"650\" \/>\n\t<meta property=\"og:image:type\" content=\"image\/webp\" \/>\n<meta name=\"twitter:card\" content=\"summary_large_image\" \/>\n<meta name=\"twitter:label1\" content=\"Dur\u00e9e de lecture estim\u00e9e\" \/>\n\t<meta name=\"twitter:data1\" content=\"3 minutes\" \/>\n<script type=\"application\/ld+json\" class=\"yoast-schema-graph\">{\"@context\":\"https:\/\/schema.org\",\"@graph\":[{\"@type\":\"WebPage\",\"@id\":\"https:\/\/yoestudiosalud.es\/fr\/produit\/modele-de-crane-humain-deluxe\/\",\"url\":\"https:\/\/yoestudiosalud.es\/fr\/produit\/modele-de-crane-humain-deluxe\/\",\"name\":\"MOD\u00c8LE DE CR\u00c2NE HUMAIN DELUXE - yoestudiosalud.es\",\"isPartOf\":{\"@id\":\"https:\/\/yoestudiosalud.es\/en\/#website\"},\"primaryImageOfPage\":{\"@id\":\"https:\/\/yoestudiosalud.es\/fr\/produit\/modele-de-crane-humain-deluxe\/#primaryimage\"},\"image\":{\"@id\":\"https:\/\/yoestudiosalud.es\/fr\/produit\/modele-de-crane-humain-deluxe\/#primaryimage\"},\"thumbnailUrl\":\"https:\/\/yoestudiosalud.es\/wp-content\/uploads\/2018\/08\/001248.webp\",\"datePublished\":\"2018-08-02T16:47:58+00:00\",\"dateModified\":\"2026-02-18T17:32:09+00:00\",\"description\":\"\u00c9levez votre \u00e9tude avec le cr\u00e2ne humain Deluxe. Mod\u00e8le anatomique de haute fid\u00e9lit\u00e9, d\u00e9montable en 3 parties et fabriqu\u00e9 en PVC de qualit\u00e9 m\u00e9dicale.\",\"breadcrumb\":{\"@id\":\"https:\/\/yoestudiosalud.es\/fr\/produit\/modele-de-crane-humain-deluxe\/#breadcrumb\"},\"inLanguage\":\"fr-FR\",\"potentialAction\":[{\"@type\":\"ReadAction\",\"target\":[\"https:\/\/yoestudiosalud.es\/fr\/produit\/modele-de-crane-humain-deluxe\/\"]}]},{\"@type\":\"ImageObject\",\"inLanguage\":\"fr-FR\",\"@id\":\"https:\/\/yoestudiosalud.es\/fr\/produit\/modele-de-crane-humain-deluxe\/#primaryimage\",\"url\":\"https:\/\/yoestudiosalud.es\/wp-content\/uploads\/2018\/08\/001248.webp\",\"contentUrl\":\"https:\/\/yoestudiosalud.es\/wp-content\/uploads\/2018\/08\/001248.webp\",\"width\":650,\"height\":650,\"caption\":\"MOD\u00c8LE DE CR\u00c2NE HUMAIN DELUXE\"},{\"@type\":\"BreadcrumbList\",\"@id\":\"https:\/\/yoestudiosalud.es\/fr\/produit\/modele-de-crane-humain-deluxe\/#breadcrumb\",\"itemListElement\":[{\"@type\":\"ListItem\",\"position\":1,\"name\":\"Portada\",\"item\":\"https:\/\/yoestudiosalud.es\/fr\/\"},{\"@type\":\"ListItem\",\"position\":2,\"name\":\"Boutique\",\"item\":\"https:\/\/yoestudiosalud.es\/fr\/boutique\/\"},{\"@type\":\"ListItem\",\"position\":3,\"name\":\"MOD\u00c8LE DE CR\u00c2NE HUMAIN DELUXE\"}]},{\"@type\":\"WebSite\",\"@id\":\"https:\/\/yoestudiosalud.es\/en\/#website\",\"url\":\"https:\/\/yoestudiosalud.es\/en\/\",\"name\":\"yoestudiosalud.es\",\"description\":\"Material para estudiantes del sector salud\",\"publisher\":{\"@id\":\"https:\/\/yoestudiosalud.es\/en\/#organization\"},\"potentialAction\":[{\"@type\":\"SearchAction\",\"target\":{\"@type\":\"EntryPoint\",\"urlTemplate\":\"https:\/\/yoestudiosalud.es\/en\/?s={search_term_string}\"},\"query-input\":{\"@type\":\"PropertyValueSpecification\",\"valueRequired\":true,\"valueName\":\"search_term_string\"}}],\"inLanguage\":\"fr-FR\"},{\"@type\":\"Organization\",\"@id\":\"https:\/\/yoestudiosalud.es\/en\/#organization\",\"name\":\"yoestudiosalud.es\",\"url\":\"https:\/\/yoestudiosalud.es\/en\/\",\"logo\":{\"@type\":\"ImageObject\",\"inLanguage\":\"fr-FR\",\"@id\":\"https:\/\/yoestudiosalud.es\/en\/#\/schema\/logo\/image\/\",\"url\":\"https:\/\/yoestudiosalud.es\/wp-content\/uploads\/2020\/04\/logonew-e1698080827687.png\",\"contentUrl\":\"https:\/\/yoestudiosalud.es\/wp-content\/uploads\/2020\/04\/logonew-e1698080827687.png\",\"width\":421,\"height\":393,\"caption\":\"yoestudiosalud.es\"},\"image\":{\"@id\":\"https:\/\/yoestudiosalud.es\/en\/#\/schema\/logo\/image\/\"}}]}<\/script>\n<!-- \/ Yoast SEO Premium plugin. -->","yoast_head_json":{"title":"MOD\u00c8LE DE CR\u00c2NE HUMAIN DELUXE - yoestudiosalud.es","description":"\u00c9levez votre \u00e9tude avec le cr\u00e2ne humain Deluxe. Mod\u00e8le anatomique de haute fid\u00e9lit\u00e9, d\u00e9montable en 3 parties et fabriqu\u00e9 en PVC de qualit\u00e9 m\u00e9dicale.","robots":{"index":"index","follow":"follow","max-snippet":"max-snippet:-1","max-image-preview":"max-image-preview:large","max-video-preview":"max-video-preview:-1"},"canonical":"https:\/\/yoestudiosalud.es\/fr\/produit\/modele-de-crane-humain-deluxe\/","og_locale":"fr_FR","og_type":"article","og_title":"MOD\u00c8LE DE CR\u00c2NE HUMAIN DELUXE","og_description":"\u00c9levez votre \u00e9tude avec le cr\u00e2ne humain Deluxe. Mod\u00e8le anatomique de haute fid\u00e9lit\u00e9, d\u00e9montable en 3 parties et fabriqu\u00e9 en PVC de qualit\u00e9 m\u00e9dicale.","og_url":"https:\/\/yoestudiosalud.es\/fr\/produit\/modele-de-crane-humain-deluxe\/","og_site_name":"yoestudiosalud.es","article_modified_time":"2026-02-18T17:32:09+00:00","og_image":[{"width":650,"height":650,"url":"https:\/\/yoestudiosalud.es\/wp-content\/uploads\/2018\/08\/001248.webp","type":"image\/webp"}],"twitter_card":"summary_large_image","twitter_misc":{"Dur\u00e9e de lecture estim\u00e9e":"3 minutes"},"schema":{"@context":"https:\/\/schema.org","@graph":[{"@type":"WebPage","@id":"https:\/\/yoestudiosalud.es\/fr\/produit\/modele-de-crane-humain-deluxe\/","url":"https:\/\/yoestudiosalud.es\/fr\/produit\/modele-de-crane-humain-deluxe\/","name":"MOD\u00c8LE DE CR\u00c2NE HUMAIN DELUXE - yoestudiosalud.es","isPartOf":{"@id":"https:\/\/yoestudiosalud.es\/en\/#website"},"primaryImageOfPage":{"@id":"https:\/\/yoestudiosalud.es\/fr\/produit\/modele-de-crane-humain-deluxe\/#primaryimage"},"image":{"@id":"https:\/\/yoestudiosalud.es\/fr\/produit\/modele-de-crane-humain-deluxe\/#primaryimage"},"thumbnailUrl":"https:\/\/yoestudiosalud.es\/wp-content\/uploads\/2018\/08\/001248.webp","datePublished":"2018-08-02T16:47:58+00:00","dateModified":"2026-02-18T17:32:09+00:00","description":"\u00c9levez votre \u00e9tude avec le cr\u00e2ne humain Deluxe. Mod\u00e8le anatomique de haute fid\u00e9lit\u00e9, d\u00e9montable en 3 parties et fabriqu\u00e9 en PVC de qualit\u00e9 m\u00e9dicale.","breadcrumb":{"@id":"https:\/\/yoestudiosalud.es\/fr\/produit\/modele-de-crane-humain-deluxe\/#breadcrumb"},"inLanguage":"fr-FR","potentialAction":[{"@type":"ReadAction","target":["https:\/\/yoestudiosalud.es\/fr\/produit\/modele-de-crane-humain-deluxe\/"]}]},{"@type":"ImageObject","inLanguage":"fr-FR","@id":"https:\/\/yoestudiosalud.es\/fr\/produit\/modele-de-crane-humain-deluxe\/#primaryimage","url":"https:\/\/yoestudiosalud.es\/wp-content\/uploads\/2018\/08\/001248.webp","contentUrl":"https:\/\/yoestudiosalud.es\/wp-content\/uploads\/2018\/08\/001248.webp","width":650,"height":650,"caption":"MOD\u00c8LE DE CR\u00c2NE HUMAIN DELUXE"},{"@type":"BreadcrumbList","@id":"https:\/\/yoestudiosalud.es\/fr\/produit\/modele-de-crane-humain-deluxe\/#breadcrumb","itemListElement":[{"@type":"ListItem","position":1,"name":"Portada","item":"https:\/\/yoestudiosalud.es\/fr\/"},{"@type":"ListItem","position":2,"name":"Boutique","item":"https:\/\/yoestudiosalud.es\/fr\/boutique\/"},{"@type":"ListItem","position":3,"name":"MOD\u00c8LE DE CR\u00c2NE HUMAIN DELUXE"}]},{"@type":"WebSite","@id":"https:\/\/yoestudiosalud.es\/en\/#website","url":"https:\/\/yoestudiosalud.es\/en\/","name":"yoestudiosalud.es","description":"Material para estudiantes del sector salud","publisher":{"@id":"https:\/\/yoestudiosalud.es\/en\/#organization"},"potentialAction":[{"@type":"SearchAction","target":{"@type":"EntryPoint","urlTemplate":"https:\/\/yoestudiosalud.es\/en\/?s={search_term_string}"},"query-input":{"@type":"PropertyValueSpecification","valueRequired":true,"valueName":"search_term_string"}}],"inLanguage":"fr-FR"},{"@type":"Organization","@id":"https:\/\/yoestudiosalud.es\/en\/#organization","name":"yoestudiosalud.es","url":"https:\/\/yoestudiosalud.es\/en\/","logo":{"@type":"ImageObject","inLanguage":"fr-FR","@id":"https:\/\/yoestudiosalud.es\/en\/#\/schema\/logo\/image\/","url":"https:\/\/yoestudiosalud.es\/wp-content\/uploads\/2020\/04\/logonew-e1698080827687.png","contentUrl":"https:\/\/yoestudiosalud.es\/wp-content\/uploads\/2020\/04\/logonew-e1698080827687.png","width":421,"height":393,"caption":"yoestudiosalud.es"},"image":{"@id":"https:\/\/yoestudiosalud.es\/en\/#\/schema\/logo\/image\/"}}]}},"_links":{"self":[{"href":"https:\/\/yoestudiosalud.es\/fr\/wp-json\/wp\/v2\/product\/28641","targetHints":{"allow":["GET"]}}],"collection":[{"href":"https:\/\/yoestudiosalud.es\/fr\/wp-json\/wp\/v2\/product"}],"about":[{"href":"https:\/\/yoestudiosalud.es\/fr\/wp-json\/wp\/v2\/types\/product"}],"wp:featuredmedia":[{"embeddable":true,"href":"https:\/\/yoestudiosalud.es\/fr\/wp-json\/wp\/v2\/media\/36762"}],"wp:attachment":[{"href":"https:\/\/yoestudiosalud.es\/fr\/wp-json\/wp\/v2\/media?parent=28641"}],"wp:term":[{"taxonomy":"product_brand","embeddable":true,"href":"https:\/\/yoestudiosalud.es\/fr\/wp-json\/wp\/v2\/product_brand?post=28641"},{"taxonomy":"product_cat","embeddable":true,"href":"https:\/\/yoestudiosalud.es\/fr\/wp-json\/wp\/v2\/product_cat?post=28641"},{"taxonomy":"product_tag","embeddable":true,"href":"https:\/\/yoestudiosalud.es\/fr\/wp-json\/wp\/v2\/product_tag?post=28641"}],"curies":[{"name":"wp","href":"https:\/\/api.w.org\/{rel}","templated":true}]}}