{"id":28638,"date":"2024-06-07T11:19:00","date_gmt":"2024-06-07T11:19:00","guid":{"rendered":"https:\/\/yoestudiosalud.es\/producto\/kit-forets-protheses-uev\/"},"modified":"2024-06-07T11:19:00","modified_gmt":"2024-06-07T11:19:00","slug":"kit-forets-protheses-uev","status":"publish","type":"product","link":"https:\/\/yoestudiosalud.es\/fr\/produit\/kit-forets-protheses-uev\/","title":{"rendered":"KIT FORETS PROTH\u00c8SES UEV"},"content":{"rendered":"<p>Le kit de forets de prosthodontie III-IV de l&#8217;UEV consiste en un ensemble de forets sp\u00e9cialement s\u00e9lectionn\u00e9s par le corps enseignant de l&#8217;Universidad Europea de Valencia pour les pratiques des diff\u00e9rents cours de la chaire de prosthodontie III-IV.<\/p>\n<p>Ce kit est compos\u00e9 de 8 forets dentaires diff\u00e9rents organis\u00e9s et identifi\u00e9s par leur num\u00e9ro de r\u00e9f\u00e9rence et un croquis de leur forme. Le tout est mont\u00e9 dans une bo\u00eete en plastique pratique avec couvercle de protection.<\/p>\n<p>Le kit comprend les forets dentaires suivants :<\/p>\n<ul>\n<li>FG141G.012<\/li>\n<li>FG141G.014<\/li>\n<li>FG140G.012<\/li>\n<li>FG166G.012<\/li>\n<li>FG198G.016<\/li>\n<li>FG111G.014<\/li>\n<li>FG257.023<\/li>\n<li>W9663<\/li>\n<li>FG257C.023<\/li>\n<li>FG111C.014<\/li>\n<li>FG141C.012<\/li>\n<li>FC198C.016<\/li>\n<li>FG834.021<\/li>\n<li>FG220.016<\/li>\n<li>FG544.016<\/li>\n<li>FG273C.012<\/li>\n<li>FG273G.012<\/li>\n<\/ul>\n<p>Le kit a \u00e9t\u00e9 soigneusement assembl\u00e9 par la marque Horico.<\/p>\n","protected":false},"excerpt":{"rendered":"<p>Le kit de forets de prosthodontie III-IV de l&#8217;UEV consiste  [&#8230;]<\/p>\n","protected":false},"featured_media":28629,"template":"","meta":[],"product_brand":[],"product_cat":[715],"product_tag":[705],"class_list":{"0":"post-28638","1":"product","2":"type-product","3":"status-publish","4":"has-post-thumbnail","6":"product_cat-fraises-fr","7":"product_tag-uev4","8":"pa_formacion-odontologia-fr","10":"first","11":"instock","12":"taxable","13":"shipping-taxable","14":"purchasable","15":"product-type-simple"},"yoast_head":"<!-- This site is optimized with the Yoast SEO Premium plugin v27.0 (Yoast SEO v27.2) - https:\/\/yoast.com\/product\/yoast-seo-premium-wordpress\/ -->\n<title>KIT FORETS PROTH\u00c8SES UEV - yoestudiosalud.es<\/title>\n<meta name=\"description\" content=\"Le kit de forets de prosthodontie III-IV de l&#039;UEV consiste en un ensemble de forets sp\u00e9cialement s\u00e9lectionn\u00e9s par le corps enseignant de l&#039;Universidad Europea de Valencia pour les pratiques des diff\u00e9rents cours de la chaire de prosthodontie III-IV.\" \/>\n<meta name=\"robots\" content=\"index, follow, max-snippet:-1, max-image-preview:large, max-video-preview:-1\" \/>\n<link rel=\"canonical\" href=\"https:\/\/yoestudiosalud.es\/fr\/produit\/kit-forets-protheses-uev\/\" \/>\n<meta property=\"og:locale\" content=\"fr_FR\" \/>\n<meta property=\"og:type\" content=\"article\" \/>\n<meta property=\"og:title\" content=\"KIT FORETS PROTH\u00c8SES UEV\" \/>\n<meta property=\"og:description\" content=\"Le kit de forets de prosthodontie III-IV de l&#039;UEV consiste en un ensemble de forets sp\u00e9cialement s\u00e9lectionn\u00e9s par le corps enseignant de l&#039;Universidad Europea de Valencia pour les pratiques des diff\u00e9rents cours de la chaire de prosthodontie III-IV.\" \/>\n<meta property=\"og:url\" content=\"https:\/\/yoestudiosalud.es\/fr\/produit\/kit-forets-protheses-uev\/\" \/>\n<meta property=\"og:site_name\" content=\"yoestudiosalud.es\" \/>\n<meta property=\"og:image\" content=\"https:\/\/yoestudiosalud.es\/wp-content\/uploads\/2024\/06\/KitVal3-PROTESIS.jpg\" \/>\n\t<meta property=\"og:image:width\" content=\"1080\" \/>\n\t<meta property=\"og:image:height\" content=\"1080\" \/>\n\t<meta property=\"og:image:type\" content=\"image\/jpeg\" \/>\n<meta name=\"twitter:card\" content=\"summary_large_image\" \/>\n<meta name=\"twitter:label1\" content=\"Dur\u00e9e de lecture estim\u00e9e\" \/>\n\t<meta name=\"twitter:data1\" content=\"1 minute\" \/>\n<script type=\"application\/ld+json\" class=\"yoast-schema-graph\">{\"@context\":\"https:\/\/schema.org\",\"@graph\":[{\"@type\":\"WebPage\",\"@id\":\"https:\/\/yoestudiosalud.es\/fr\/produit\/kit-forets-protheses-uev\/\",\"url\":\"https:\/\/yoestudiosalud.es\/fr\/produit\/kit-forets-protheses-uev\/\",\"name\":\"KIT FORETS PROTH\u00c8SES UEV - yoestudiosalud.es\",\"isPartOf\":{\"@id\":\"https:\/\/yoestudiosalud.es\/en\/#website\"},\"primaryImageOfPage\":{\"@id\":\"https:\/\/yoestudiosalud.es\/fr\/produit\/kit-forets-protheses-uev\/#primaryimage\"},\"image\":{\"@id\":\"https:\/\/yoestudiosalud.es\/fr\/produit\/kit-forets-protheses-uev\/#primaryimage\"},\"thumbnailUrl\":\"https:\/\/yoestudiosalud.es\/wp-content\/uploads\/2024\/06\/KitVal3-PROTESIS.jpg\",\"datePublished\":\"2024-06-07T11:19:00+00:00\",\"description\":\"Le kit de forets de prosthodontie III-IV de l'UEV consiste en un ensemble de forets sp\u00e9cialement s\u00e9lectionn\u00e9s par le corps enseignant de l'Universidad Europea de Valencia pour les pratiques des diff\u00e9rents cours de la chaire de prosthodontie III-IV.\",\"breadcrumb\":{\"@id\":\"https:\/\/yoestudiosalud.es\/fr\/produit\/kit-forets-protheses-uev\/#breadcrumb\"},\"inLanguage\":\"fr-FR\",\"potentialAction\":[{\"@type\":\"ReadAction\",\"target\":[\"https:\/\/yoestudiosalud.es\/fr\/produit\/kit-forets-protheses-uev\/\"]}]},{\"@type\":\"ImageObject\",\"inLanguage\":\"fr-FR\",\"@id\":\"https:\/\/yoestudiosalud.es\/fr\/produit\/kit-forets-protheses-uev\/#primaryimage\",\"url\":\"https:\/\/yoestudiosalud.es\/wp-content\/uploads\/2024\/06\/KitVal3-PROTESIS.jpg\",\"contentUrl\":\"https:\/\/yoestudiosalud.es\/wp-content\/uploads\/2024\/06\/KitVal3-PROTESIS.jpg\",\"width\":1080,\"height\":1080},{\"@type\":\"BreadcrumbList\",\"@id\":\"https:\/\/yoestudiosalud.es\/fr\/produit\/kit-forets-protheses-uev\/#breadcrumb\",\"itemListElement\":[{\"@type\":\"ListItem\",\"position\":1,\"name\":\"Portada\",\"item\":\"https:\/\/yoestudiosalud.es\/fr\/\"},{\"@type\":\"ListItem\",\"position\":2,\"name\":\"Boutique\",\"item\":\"https:\/\/yoestudiosalud.es\/fr\/boutique\/\"},{\"@type\":\"ListItem\",\"position\":3,\"name\":\"KIT FORETS PROTH\u00c8SES UEV\"}]},{\"@type\":\"WebSite\",\"@id\":\"https:\/\/yoestudiosalud.es\/en\/#website\",\"url\":\"https:\/\/yoestudiosalud.es\/en\/\",\"name\":\"yoestudiosalud.es\",\"description\":\"Material para estudiantes del sector salud\",\"publisher\":{\"@id\":\"https:\/\/yoestudiosalud.es\/en\/#organization\"},\"potentialAction\":[{\"@type\":\"SearchAction\",\"target\":{\"@type\":\"EntryPoint\",\"urlTemplate\":\"https:\/\/yoestudiosalud.es\/en\/?s={search_term_string}\"},\"query-input\":{\"@type\":\"PropertyValueSpecification\",\"valueRequired\":true,\"valueName\":\"search_term_string\"}}],\"inLanguage\":\"fr-FR\"},{\"@type\":\"Organization\",\"@id\":\"https:\/\/yoestudiosalud.es\/en\/#organization\",\"name\":\"yoestudiosalud.es\",\"url\":\"https:\/\/yoestudiosalud.es\/en\/\",\"logo\":{\"@type\":\"ImageObject\",\"inLanguage\":\"fr-FR\",\"@id\":\"https:\/\/yoestudiosalud.es\/en\/#\/schema\/logo\/image\/\",\"url\":\"https:\/\/yoestudiosalud.es\/wp-content\/uploads\/2020\/04\/logonew-e1698080827687.png\",\"contentUrl\":\"https:\/\/yoestudiosalud.es\/wp-content\/uploads\/2020\/04\/logonew-e1698080827687.png\",\"width\":421,\"height\":393,\"caption\":\"yoestudiosalud.es\"},\"image\":{\"@id\":\"https:\/\/yoestudiosalud.es\/en\/#\/schema\/logo\/image\/\"}}]}<\/script>\n<!-- \/ Yoast SEO Premium plugin. -->","yoast_head_json":{"title":"KIT FORETS PROTH\u00c8SES UEV - yoestudiosalud.es","description":"Le kit de forets de prosthodontie III-IV de l'UEV consiste en un ensemble de forets sp\u00e9cialement s\u00e9lectionn\u00e9s par le corps enseignant de l'Universidad Europea de Valencia pour les pratiques des diff\u00e9rents cours de la chaire de prosthodontie III-IV.","robots":{"index":"index","follow":"follow","max-snippet":"max-snippet:-1","max-image-preview":"max-image-preview:large","max-video-preview":"max-video-preview:-1"},"canonical":"https:\/\/yoestudiosalud.es\/fr\/produit\/kit-forets-protheses-uev\/","og_locale":"fr_FR","og_type":"article","og_title":"KIT FORETS PROTH\u00c8SES UEV","og_description":"Le kit de forets de prosthodontie III-IV de l'UEV consiste en un ensemble de forets sp\u00e9cialement s\u00e9lectionn\u00e9s par le corps enseignant de l'Universidad Europea de Valencia pour les pratiques des diff\u00e9rents cours de la chaire de prosthodontie III-IV.","og_url":"https:\/\/yoestudiosalud.es\/fr\/produit\/kit-forets-protheses-uev\/","og_site_name":"yoestudiosalud.es","og_image":[{"width":1080,"height":1080,"url":"https:\/\/yoestudiosalud.es\/wp-content\/uploads\/2024\/06\/KitVal3-PROTESIS.jpg","type":"image\/jpeg"}],"twitter_card":"summary_large_image","twitter_misc":{"Dur\u00e9e de lecture estim\u00e9e":"1 minute"},"schema":{"@context":"https:\/\/schema.org","@graph":[{"@type":"WebPage","@id":"https:\/\/yoestudiosalud.es\/fr\/produit\/kit-forets-protheses-uev\/","url":"https:\/\/yoestudiosalud.es\/fr\/produit\/kit-forets-protheses-uev\/","name":"KIT FORETS PROTH\u00c8SES UEV - yoestudiosalud.es","isPartOf":{"@id":"https:\/\/yoestudiosalud.es\/en\/#website"},"primaryImageOfPage":{"@id":"https:\/\/yoestudiosalud.es\/fr\/produit\/kit-forets-protheses-uev\/#primaryimage"},"image":{"@id":"https:\/\/yoestudiosalud.es\/fr\/produit\/kit-forets-protheses-uev\/#primaryimage"},"thumbnailUrl":"https:\/\/yoestudiosalud.es\/wp-content\/uploads\/2024\/06\/KitVal3-PROTESIS.jpg","datePublished":"2024-06-07T11:19:00+00:00","description":"Le kit de forets de prosthodontie III-IV de l'UEV consiste en un ensemble de forets sp\u00e9cialement s\u00e9lectionn\u00e9s par le corps enseignant de l'Universidad Europea de Valencia pour les pratiques des diff\u00e9rents cours de la chaire de prosthodontie III-IV.","breadcrumb":{"@id":"https:\/\/yoestudiosalud.es\/fr\/produit\/kit-forets-protheses-uev\/#breadcrumb"},"inLanguage":"fr-FR","potentialAction":[{"@type":"ReadAction","target":["https:\/\/yoestudiosalud.es\/fr\/produit\/kit-forets-protheses-uev\/"]}]},{"@type":"ImageObject","inLanguage":"fr-FR","@id":"https:\/\/yoestudiosalud.es\/fr\/produit\/kit-forets-protheses-uev\/#primaryimage","url":"https:\/\/yoestudiosalud.es\/wp-content\/uploads\/2024\/06\/KitVal3-PROTESIS.jpg","contentUrl":"https:\/\/yoestudiosalud.es\/wp-content\/uploads\/2024\/06\/KitVal3-PROTESIS.jpg","width":1080,"height":1080},{"@type":"BreadcrumbList","@id":"https:\/\/yoestudiosalud.es\/fr\/produit\/kit-forets-protheses-uev\/#breadcrumb","itemListElement":[{"@type":"ListItem","position":1,"name":"Portada","item":"https:\/\/yoestudiosalud.es\/fr\/"},{"@type":"ListItem","position":2,"name":"Boutique","item":"https:\/\/yoestudiosalud.es\/fr\/boutique\/"},{"@type":"ListItem","position":3,"name":"KIT FORETS PROTH\u00c8SES UEV"}]},{"@type":"WebSite","@id":"https:\/\/yoestudiosalud.es\/en\/#website","url":"https:\/\/yoestudiosalud.es\/en\/","name":"yoestudiosalud.es","description":"Material para estudiantes del sector salud","publisher":{"@id":"https:\/\/yoestudiosalud.es\/en\/#organization"},"potentialAction":[{"@type":"SearchAction","target":{"@type":"EntryPoint","urlTemplate":"https:\/\/yoestudiosalud.es\/en\/?s={search_term_string}"},"query-input":{"@type":"PropertyValueSpecification","valueRequired":true,"valueName":"search_term_string"}}],"inLanguage":"fr-FR"},{"@type":"Organization","@id":"https:\/\/yoestudiosalud.es\/en\/#organization","name":"yoestudiosalud.es","url":"https:\/\/yoestudiosalud.es\/en\/","logo":{"@type":"ImageObject","inLanguage":"fr-FR","@id":"https:\/\/yoestudiosalud.es\/en\/#\/schema\/logo\/image\/","url":"https:\/\/yoestudiosalud.es\/wp-content\/uploads\/2020\/04\/logonew-e1698080827687.png","contentUrl":"https:\/\/yoestudiosalud.es\/wp-content\/uploads\/2020\/04\/logonew-e1698080827687.png","width":421,"height":393,"caption":"yoestudiosalud.es"},"image":{"@id":"https:\/\/yoestudiosalud.es\/en\/#\/schema\/logo\/image\/"}}]}},"_links":{"self":[{"href":"https:\/\/yoestudiosalud.es\/fr\/wp-json\/wp\/v2\/product\/28638","targetHints":{"allow":["GET"]}}],"collection":[{"href":"https:\/\/yoestudiosalud.es\/fr\/wp-json\/wp\/v2\/product"}],"about":[{"href":"https:\/\/yoestudiosalud.es\/fr\/wp-json\/wp\/v2\/types\/product"}],"wp:featuredmedia":[{"embeddable":true,"href":"https:\/\/yoestudiosalud.es\/fr\/wp-json\/wp\/v2\/media\/28629"}],"wp:attachment":[{"href":"https:\/\/yoestudiosalud.es\/fr\/wp-json\/wp\/v2\/media?parent=28638"}],"wp:term":[{"taxonomy":"product_brand","embeddable":true,"href":"https:\/\/yoestudiosalud.es\/fr\/wp-json\/wp\/v2\/product_brand?post=28638"},{"taxonomy":"product_cat","embeddable":true,"href":"https:\/\/yoestudiosalud.es\/fr\/wp-json\/wp\/v2\/product_cat?post=28638"},{"taxonomy":"product_tag","embeddable":true,"href":"https:\/\/yoestudiosalud.es\/fr\/wp-json\/wp\/v2\/product_tag?post=28638"}],"curies":[{"name":"wp","href":"https:\/\/api.w.org\/{rel}","templated":true}]}}