{"id":28635,"date":"2024-06-07T09:32:16","date_gmt":"2024-06-07T09:32:16","guid":{"rendered":"https:\/\/yoestudiosalud.es\/producto\/kit-de-forets-restauration-i-ii-uev\/"},"modified":"2024-06-07T09:32:16","modified_gmt":"2024-06-07T09:32:16","slug":"kit-de-forets-restauration-i-ii-uev","status":"publish","type":"product","link":"https:\/\/yoestudiosalud.es\/fr\/produit\/kit-de-forets-restauration-i-ii-uev\/","title":{"rendered":"KIT DE FORETS RESTAURATION I-II UEV"},"content":{"rendered":"<p>Le kit de forets de restauration UEV I-II consiste en un ensemble de forets sp\u00e9cialement s\u00e9lectionn\u00e9s par le corps enseignant de l&#8217;Universidad Europea de Valencia pour les diff\u00e9rents cours de restauration I-II.<\/p>\n<p>Ce kit se compose de 8 forets dentaires diff\u00e9rents organis\u00e9s et identifi\u00e9s par leur num\u00e9ro de r\u00e9f\u00e9rence et un croquis de leur forme. Le tout est mont\u00e9 dans une bo\u00eete en plastique pratique avec couvercle de protection.<\/p>\n<p>Le kit comprend les forets dentaires suivants :<\/p>\n<ul>\n<li>FG166C.014<\/li>\n<li>FG257C.016<\/li>\n<li>FG272F.016<\/li>\n<li>FG001C.016<\/li>\n<li>FG465C.016<\/li>\n<li>FG233.009<\/li>\n<li>FG233.012<\/li>\n<li>HP4025<\/li>\n<li>W9547<\/li>\n<li>FG001G.016<\/li>\n<li>FG539LF.007<\/li>\n<li>FG544.016<\/li>\n<li>FG142.010<\/li>\n<li>C1204.012<\/li>\n<li>C1204.016<\/li>\n<li>W9419<\/li>\n<\/ul>\n<p>Le kit a \u00e9t\u00e9 soigneusement assembl\u00e9 par la marque Horico.<\/p>\n","protected":false},"excerpt":{"rendered":"<p>Le kit de forets de restauration UEV I-II consiste en un ensemble de forets sp\u00e9cialement s\u00e9lectionn\u00e9s par le corps enseignant de l&#8217;Universidad Europea de Valencia pour les diff\u00e9rents cours de restauration I-II.<\/p>\n","protected":false},"featured_media":28559,"template":"","meta":[],"product_brand":[],"product_cat":[715],"product_tag":[763],"class_list":{"0":"post-28635","1":"product","2":"type-product","3":"status-publish","4":"has-post-thumbnail","6":"product_cat-fraises-fr","7":"product_tag-uev3","8":"pa_formacion-odontologia-fr","10":"first","11":"instock","12":"taxable","13":"shipping-taxable","14":"purchasable","15":"product-type-simple"},"yoast_head":"<!-- This site is optimized with the Yoast SEO Premium plugin v27.0 (Yoast SEO v27.2) - https:\/\/yoast.com\/product\/yoast-seo-premium-wordpress\/ -->\n<title>KIT DE FORETS RESTAURATION I-II UEV - yoestudiosalud.es<\/title>\n<meta name=\"description\" content=\"Le kit de forets de restauration UEV I-II consiste en un ensemble de forets sp\u00e9cialement s\u00e9lectionn\u00e9s par le corps enseignant de l&#039;Universidad Europea de Valencia pour les diff\u00e9rents cours de restauration I-II.\" \/>\n<meta name=\"robots\" content=\"index, follow, max-snippet:-1, max-image-preview:large, max-video-preview:-1\" \/>\n<link rel=\"canonical\" href=\"https:\/\/yoestudiosalud.es\/produit\/fresero-restauradora-i-ii-uev\/\" \/>\n<meta property=\"og:locale\" content=\"fr_FR\" \/>\n<meta property=\"og:type\" content=\"article\" \/>\n<meta property=\"og:title\" content=\"KIT DE FORETS RESTAURATION I-II UEV\" \/>\n<meta property=\"og:description\" content=\"Le kit de forets de restauration UEV I-II consiste en un ensemble de forets sp\u00e9cialement s\u00e9lectionn\u00e9s par le corps enseignant de l&#039;Universidad Europea de Valencia pour les diff\u00e9rents cours de restauration I-II.\" \/>\n<meta property=\"og:url\" content=\"https:\/\/yoestudiosalud.es\/produit\/fresero-restauradora-i-ii-uev\/\" \/>\n<meta property=\"og:site_name\" content=\"yoestudiosalud.es\" \/>\n<meta property=\"og:image\" content=\"https:\/\/yoestudiosalud.es\/wp-content\/uploads\/2024\/06\/KitVal3-RESTAURACION.jpg\" \/>\n\t<meta property=\"og:image:width\" content=\"1080\" \/>\n\t<meta property=\"og:image:height\" content=\"1080\" \/>\n\t<meta property=\"og:image:type\" content=\"image\/jpeg\" \/>\n<meta name=\"twitter:card\" content=\"summary_large_image\" \/>\n<meta name=\"twitter:label1\" content=\"Dur\u00e9e de lecture estim\u00e9e\" \/>\n\t<meta name=\"twitter:data1\" content=\"1 minute\" \/>\n<script type=\"application\/ld+json\" class=\"yoast-schema-graph\">{\"@context\":\"https:\/\/schema.org\",\"@graph\":[{\"@type\":\"WebPage\",\"@id\":\"https:\/\/yoestudiosalud.es\/produit\/fresero-restauradora-i-ii-uev\/\",\"url\":\"https:\/\/yoestudiosalud.es\/produit\/fresero-restauradora-i-ii-uev\/\",\"name\":\"KIT DE FORETS RESTAURATION I-II UEV - yoestudiosalud.es\",\"isPartOf\":{\"@id\":\"https:\/\/yoestudiosalud.es\/en\/#website\"},\"primaryImageOfPage\":{\"@id\":\"https:\/\/yoestudiosalud.es\/produit\/fresero-restauradora-i-ii-uev\/#primaryimage\"},\"image\":{\"@id\":\"https:\/\/yoestudiosalud.es\/produit\/fresero-restauradora-i-ii-uev\/#primaryimage\"},\"thumbnailUrl\":\"https:\/\/yoestudiosalud.es\/wp-content\/uploads\/2024\/06\/KitVal3-RESTAURACION.jpg\",\"datePublished\":\"2024-06-07T09:32:16+00:00\",\"description\":\"Le kit de forets de restauration UEV I-II consiste en un ensemble de forets sp\u00e9cialement s\u00e9lectionn\u00e9s par le corps enseignant de l'Universidad Europea de Valencia pour les diff\u00e9rents cours de restauration I-II.\",\"breadcrumb\":{\"@id\":\"https:\/\/yoestudiosalud.es\/produit\/fresero-restauradora-i-ii-uev\/#breadcrumb\"},\"inLanguage\":\"fr-FR\",\"potentialAction\":[{\"@type\":\"ReadAction\",\"target\":[\"https:\/\/yoestudiosalud.es\/produit\/fresero-restauradora-i-ii-uev\/\"]}]},{\"@type\":\"ImageObject\",\"inLanguage\":\"fr-FR\",\"@id\":\"https:\/\/yoestudiosalud.es\/produit\/fresero-restauradora-i-ii-uev\/#primaryimage\",\"url\":\"https:\/\/yoestudiosalud.es\/wp-content\/uploads\/2024\/06\/KitVal3-RESTAURACION.jpg\",\"contentUrl\":\"https:\/\/yoestudiosalud.es\/wp-content\/uploads\/2024\/06\/KitVal3-RESTAURACION.jpg\",\"width\":1080,\"height\":1080},{\"@type\":\"BreadcrumbList\",\"@id\":\"https:\/\/yoestudiosalud.es\/produit\/fresero-restauradora-i-ii-uev\/#breadcrumb\",\"itemListElement\":[{\"@type\":\"ListItem\",\"position\":1,\"name\":\"Portada\",\"item\":\"https:\/\/yoestudiosalud.es\/fr\/\"},{\"@type\":\"ListItem\",\"position\":2,\"name\":\"Boutique\",\"item\":\"https:\/\/yoestudiosalud.es\/fr\/boutique\/\"},{\"@type\":\"ListItem\",\"position\":3,\"name\":\"KIT DE FORETS RESTAURATION I-II UEV\"}]},{\"@type\":\"WebSite\",\"@id\":\"https:\/\/yoestudiosalud.es\/en\/#website\",\"url\":\"https:\/\/yoestudiosalud.es\/en\/\",\"name\":\"yoestudiosalud.es\",\"description\":\"Material para estudiantes del sector salud\",\"publisher\":{\"@id\":\"https:\/\/yoestudiosalud.es\/en\/#organization\"},\"potentialAction\":[{\"@type\":\"SearchAction\",\"target\":{\"@type\":\"EntryPoint\",\"urlTemplate\":\"https:\/\/yoestudiosalud.es\/en\/?s={search_term_string}\"},\"query-input\":{\"@type\":\"PropertyValueSpecification\",\"valueRequired\":true,\"valueName\":\"search_term_string\"}}],\"inLanguage\":\"fr-FR\"},{\"@type\":\"Organization\",\"@id\":\"https:\/\/yoestudiosalud.es\/en\/#organization\",\"name\":\"yoestudiosalud.es\",\"url\":\"https:\/\/yoestudiosalud.es\/en\/\",\"logo\":{\"@type\":\"ImageObject\",\"inLanguage\":\"fr-FR\",\"@id\":\"https:\/\/yoestudiosalud.es\/en\/#\/schema\/logo\/image\/\",\"url\":\"https:\/\/yoestudiosalud.es\/wp-content\/uploads\/2020\/04\/logonew-e1698080827687.png\",\"contentUrl\":\"https:\/\/yoestudiosalud.es\/wp-content\/uploads\/2020\/04\/logonew-e1698080827687.png\",\"width\":421,\"height\":393,\"caption\":\"yoestudiosalud.es\"},\"image\":{\"@id\":\"https:\/\/yoestudiosalud.es\/en\/#\/schema\/logo\/image\/\"}}]}<\/script>\n<!-- \/ Yoast SEO Premium plugin. -->","yoast_head_json":{"title":"KIT DE FORETS RESTAURATION I-II UEV - yoestudiosalud.es","description":"Le kit de forets de restauration UEV I-II consiste en un ensemble de forets sp\u00e9cialement s\u00e9lectionn\u00e9s par le corps enseignant de l'Universidad Europea de Valencia pour les diff\u00e9rents cours de restauration I-II.","robots":{"index":"index","follow":"follow","max-snippet":"max-snippet:-1","max-image-preview":"max-image-preview:large","max-video-preview":"max-video-preview:-1"},"canonical":"https:\/\/yoestudiosalud.es\/produit\/fresero-restauradora-i-ii-uev\/","og_locale":"fr_FR","og_type":"article","og_title":"KIT DE FORETS RESTAURATION I-II UEV","og_description":"Le kit de forets de restauration UEV I-II consiste en un ensemble de forets sp\u00e9cialement s\u00e9lectionn\u00e9s par le corps enseignant de l'Universidad Europea de Valencia pour les diff\u00e9rents cours de restauration I-II.","og_url":"https:\/\/yoestudiosalud.es\/produit\/fresero-restauradora-i-ii-uev\/","og_site_name":"yoestudiosalud.es","og_image":[{"width":1080,"height":1080,"url":"https:\/\/yoestudiosalud.es\/wp-content\/uploads\/2024\/06\/KitVal3-RESTAURACION.jpg","type":"image\/jpeg"}],"twitter_card":"summary_large_image","twitter_misc":{"Dur\u00e9e de lecture estim\u00e9e":"1 minute"},"schema":{"@context":"https:\/\/schema.org","@graph":[{"@type":"WebPage","@id":"https:\/\/yoestudiosalud.es\/produit\/fresero-restauradora-i-ii-uev\/","url":"https:\/\/yoestudiosalud.es\/produit\/fresero-restauradora-i-ii-uev\/","name":"KIT DE FORETS RESTAURATION I-II UEV - yoestudiosalud.es","isPartOf":{"@id":"https:\/\/yoestudiosalud.es\/en\/#website"},"primaryImageOfPage":{"@id":"https:\/\/yoestudiosalud.es\/produit\/fresero-restauradora-i-ii-uev\/#primaryimage"},"image":{"@id":"https:\/\/yoestudiosalud.es\/produit\/fresero-restauradora-i-ii-uev\/#primaryimage"},"thumbnailUrl":"https:\/\/yoestudiosalud.es\/wp-content\/uploads\/2024\/06\/KitVal3-RESTAURACION.jpg","datePublished":"2024-06-07T09:32:16+00:00","description":"Le kit de forets de restauration UEV I-II consiste en un ensemble de forets sp\u00e9cialement s\u00e9lectionn\u00e9s par le corps enseignant de l'Universidad Europea de Valencia pour les diff\u00e9rents cours de restauration I-II.","breadcrumb":{"@id":"https:\/\/yoestudiosalud.es\/produit\/fresero-restauradora-i-ii-uev\/#breadcrumb"},"inLanguage":"fr-FR","potentialAction":[{"@type":"ReadAction","target":["https:\/\/yoestudiosalud.es\/produit\/fresero-restauradora-i-ii-uev\/"]}]},{"@type":"ImageObject","inLanguage":"fr-FR","@id":"https:\/\/yoestudiosalud.es\/produit\/fresero-restauradora-i-ii-uev\/#primaryimage","url":"https:\/\/yoestudiosalud.es\/wp-content\/uploads\/2024\/06\/KitVal3-RESTAURACION.jpg","contentUrl":"https:\/\/yoestudiosalud.es\/wp-content\/uploads\/2024\/06\/KitVal3-RESTAURACION.jpg","width":1080,"height":1080},{"@type":"BreadcrumbList","@id":"https:\/\/yoestudiosalud.es\/produit\/fresero-restauradora-i-ii-uev\/#breadcrumb","itemListElement":[{"@type":"ListItem","position":1,"name":"Portada","item":"https:\/\/yoestudiosalud.es\/fr\/"},{"@type":"ListItem","position":2,"name":"Boutique","item":"https:\/\/yoestudiosalud.es\/fr\/boutique\/"},{"@type":"ListItem","position":3,"name":"KIT DE FORETS RESTAURATION I-II UEV"}]},{"@type":"WebSite","@id":"https:\/\/yoestudiosalud.es\/en\/#website","url":"https:\/\/yoestudiosalud.es\/en\/","name":"yoestudiosalud.es","description":"Material para estudiantes del sector salud","publisher":{"@id":"https:\/\/yoestudiosalud.es\/en\/#organization"},"potentialAction":[{"@type":"SearchAction","target":{"@type":"EntryPoint","urlTemplate":"https:\/\/yoestudiosalud.es\/en\/?s={search_term_string}"},"query-input":{"@type":"PropertyValueSpecification","valueRequired":true,"valueName":"search_term_string"}}],"inLanguage":"fr-FR"},{"@type":"Organization","@id":"https:\/\/yoestudiosalud.es\/en\/#organization","name":"yoestudiosalud.es","url":"https:\/\/yoestudiosalud.es\/en\/","logo":{"@type":"ImageObject","inLanguage":"fr-FR","@id":"https:\/\/yoestudiosalud.es\/en\/#\/schema\/logo\/image\/","url":"https:\/\/yoestudiosalud.es\/wp-content\/uploads\/2020\/04\/logonew-e1698080827687.png","contentUrl":"https:\/\/yoestudiosalud.es\/wp-content\/uploads\/2020\/04\/logonew-e1698080827687.png","width":421,"height":393,"caption":"yoestudiosalud.es"},"image":{"@id":"https:\/\/yoestudiosalud.es\/en\/#\/schema\/logo\/image\/"}}]}},"_links":{"self":[{"href":"https:\/\/yoestudiosalud.es\/fr\/wp-json\/wp\/v2\/product\/28635","targetHints":{"allow":["GET"]}}],"collection":[{"href":"https:\/\/yoestudiosalud.es\/fr\/wp-json\/wp\/v2\/product"}],"about":[{"href":"https:\/\/yoestudiosalud.es\/fr\/wp-json\/wp\/v2\/types\/product"}],"wp:featuredmedia":[{"embeddable":true,"href":"https:\/\/yoestudiosalud.es\/fr\/wp-json\/wp\/v2\/media\/28559"}],"wp:attachment":[{"href":"https:\/\/yoestudiosalud.es\/fr\/wp-json\/wp\/v2\/media?parent=28635"}],"wp:term":[{"taxonomy":"product_brand","embeddable":true,"href":"https:\/\/yoestudiosalud.es\/fr\/wp-json\/wp\/v2\/product_brand?post=28635"},{"taxonomy":"product_cat","embeddable":true,"href":"https:\/\/yoestudiosalud.es\/fr\/wp-json\/wp\/v2\/product_cat?post=28635"},{"taxonomy":"product_tag","embeddable":true,"href":"https:\/\/yoestudiosalud.es\/fr\/wp-json\/wp\/v2\/product_tag?post=28635"}],"curies":[{"name":"wp","href":"https:\/\/api.w.org\/{rel}","templated":true}]}}