{"id":28619,"date":"2018-08-02T16:47:57","date_gmt":"2018-08-02T16:47:57","guid":{"rendered":"https:\/\/yoestudiosalud.es\/producto\/artmed-squelette-humain-modele-180-cm\/"},"modified":"2026-02-18T13:41:09","modified_gmt":"2026-02-18T12:41:09","slug":"squelette-humain-modele-180-cm","status":"publish","type":"product","link":"https:\/\/yoestudiosalud.es\/fr\/produit\/squelette-humain-modele-180-cm\/","title":{"rendered":"SQUELETTE HUMAIN MOD\u00c8LE 180 CM"},"content":{"rendered":"<div class=\"otQkpb\" role=\"heading\" aria-level=\"3\" data-animation-nesting=\"\" data-sfc-cp=\"\" data-complete=\"true\" data-processed=\"true\" data-sae=\"\">Un standard de pr\u00e9cision anatomique<button class=\"rBl3me\" tabindex=\"0\" data-amic=\"true\" data-icl-uuid=\"e4d704da-0fe7-49af-aefc-28c22907f3ad\" aria-label=\"Ver enlaces relacionados\" data-wiz-attrbind=\"disabled=OWt4cb_g\/C5gNJc;aria-label=OWt4cb_g\/bOjMyf;class=OWt4cb_g\/UpSNec\" data-ved=\"2ahUKEwi1g-bn5eKSAxUHVKQEHRH-ETYQye0OegYIAQgCEAA\"><\/button><\/div>\n<div class=\"Y3BBE\" data-sfc-cp=\"\" data-hveid=\"CAEIAxAA\" data-complete=\"true\" data-processed=\"true\">Le\u00a0<strong class=\"Yjhzub\" data-complete=\"true\">mod\u00e8le de squelette humain de 180 cm<\/strong>\u00a0constitue un outil essentiel dans les domaines \u00e9ducatif et m\u00e9dical. Gr\u00e2ce \u00e0 son\u00a0<strong class=\"Yjhzub\" data-complete=\"true\">\u00e9chelle 1:1<\/strong>, les \u00e9tudiants et les professionnels visualisent la structure osseuse telle qu&#8217;elle appara\u00eet chez un adulte r\u00e9el. Tout d&#8217;abord, le mod\u00e8le pr\u00e9sente les\u00a0<strong class=\"Yjhzub\" data-complete=\"true\">206 os<\/strong>\u00a0du corps humain avec un niveau de d\u00e9tail \u00e9tonnant. Pour cette raison, les utilisateurs identifient facilement les sutures cr\u00e2niennes, les foramens et les processus osseux les plus complexes.<button class=\"rBl3me\" tabindex=\"0\" data-amic=\"true\" data-icl-uuid=\"813dc964-7a42-486e-88bf-23838c09478a\" aria-label=\"Ver enlaces relacionados\" data-wiz-attrbind=\"disabled=OWt4cb_n\/C5gNJc;aria-label=OWt4cb_n\/bOjMyf;class=OWt4cb_n\/UpSNec\" data-ved=\"2ahUKEwi1g-bn5eKSAxUHVKQEHRH-ETYQye0OegYIAQgDEAE\"><\/button><\/div>\n<div class=\"Y3BBE\" data-sfc-cp=\"\" data-hveid=\"CAEIBBAA\" data-complete=\"true\" data-processed=\"true\">De plus, les fabricants utilisent g\u00e9n\u00e9ralement du\u00a0<strong class=\"Yjhzub\" data-complete=\"true\">PVC de haute qualit\u00e9<\/strong>\u00a0pour sa fabrication. Ce mat\u00e9riau garantit non seulement une durabilit\u00e9 exceptionnelle face \u00e0 un usage constant, mais il imite \u00e9galement la texture et le poids visuel de l&#8217;os naturel. Par cons\u00e9quent, le squelette r\u00e9siste \u00e0 des ann\u00e9es de manipulation dans des salles de classe dynamiques ou des cabinets cliniques sans perdre son int\u00e9grit\u00e9 structurelle.<button class=\"rBl3me\" tabindex=\"0\" data-amic=\"true\" data-icl-uuid=\"eda19326-7cfe-43fd-90e4-60e1213b0fe2\" aria-label=\"Ver enlaces relacionados\" data-wiz-attrbind=\"disabled=OWt4cb_s\/C5gNJc;aria-label=OWt4cb_s\/bOjMyf;class=OWt4cb_s\/UpSNec\" data-ved=\"2ahUKEwi1g-bn5eKSAxUHVKQEHRH-ETYQye0OegYIAQgEEAE\"><\/button><\/div>\n<div class=\"Fsg96\" data-sfc-cp=\"\" data-complete=\"true\" data-processed=\"true\"><\/div>\n<hr class=\"j3tEEe\" data-serialized-params=\"[]\" data-complete=\"true\" data-processed=\"true\" data-sae=\"\" \/>\n<div class=\"Fsg96\" data-sfc-cp=\"\" data-complete=\"true\" data-processed=\"true\"><\/div>\n<div class=\"otQkpb\" role=\"heading\" aria-level=\"3\" data-animation-nesting=\"\" data-sfc-cp=\"\" data-complete=\"true\" data-processed=\"true\" data-sae=\"\">Fonctionnalit\u00e9 et mobilit\u00e9 avanc\u00e9e<button class=\"rBl3me\" tabindex=\"0\" data-amic=\"true\" data-icl-uuid=\"d4e41f7b-3e6d-448a-9096-520a7596226a\" aria-label=\"Ver enlaces relacionados\" data-wiz-attrbind=\"disabled=OWt4cb_z\/C5gNJc;aria-label=OWt4cb_z\/bOjMyf;class=OWt4cb_z\/UpSNec\" data-ved=\"2ahUKEwi1g-bn5eKSAxUHVKQEHRH-ETYQye0OegYIAQgGEAA\"><\/button><\/div>\n<div class=\"Y3BBE\" data-sfc-cp=\"\" data-hveid=\"CAEIBxAA\" data-complete=\"true\" data-processed=\"true\">D&#8217;autre part, la\u00a0<strong class=\"Yjhzub\" data-complete=\"true\">fonctionnalit\u00e9<\/strong>\u00a0s&#8217;impose comme l&#8217;un des points forts de ce mod\u00e8le. La plupart de ces versions incluent des\u00a0<strong class=\"Yjhzub\" data-complete=\"true\">articulations mobiles<\/strong>\u00a0qui permettent de recr\u00e9er l&#8217;amplitude du mouvement humain. Par exemple, les \u00e9paules, les hanches et les genoux sont dot\u00e9s de m\u00e9canismes facilitant la d\u00e9monstration de la biom\u00e9canique corporelle.<button class=\"rBl3me\" tabindex=\"0\" data-amic=\"true\" data-icl-uuid=\"0f307179-3530-4ae0-b9fd-99ecf2511ea8\" aria-label=\"Ver enlaces relacionados\" data-wiz-attrbind=\"disabled=OWt4cb_15\/C5gNJc;aria-label=OWt4cb_15\/bOjMyf;class=OWt4cb_15\/UpSNec\" data-ved=\"2ahUKEwi1g-bn5eKSAxUHVKQEHRH-ETYQye0OegYIAQgHEAE\"><\/button><\/div>\n<div class=\"Y3BBE\" data-sfc-cp=\"\" data-hveid=\"CAEICBAA\" data-complete=\"true\" data-processed=\"true\">De m\u00eame, le cr\u00e2ne est g\u00e9n\u00e9ralement amovible et se divise en trois parties : la\u00a0<strong class=\"Yjhzub\" data-complete=\"true\">calotte cr\u00e2nienne<\/strong>, la base du cr\u00e2ne et la m\u00e2choire inf\u00e9rieure (cette derni\u00e8re \u00e9tant \u00e9quip\u00e9e de ressorts pour simuler la mastication). En cons\u00e9quence, l&#8217;\u00e9tude de la cavit\u00e9 cr\u00e2nienne s&#8217;av\u00e8re beaucoup plus simple et approfondie. De plus, le mod\u00e8le int\u00e8gre un\u00a0<strong class=\"Yjhzub\" data-complete=\"true\">support \u00e0 roulettes<\/strong>, ce qui permet de d\u00e9placer le squelette en toute libert\u00e9 dans diff\u00e9rentes salles d&#8217;\u00e9tude.<button class=\"rBl3me\" tabindex=\"0\" data-amic=\"true\" data-icl-uuid=\"e30c2257-c396-4deb-8658-4fd3d0048526\" aria-label=\"Ver enlaces relacionados\" data-wiz-attrbind=\"disabled=OWt4cb_1b\/C5gNJc;aria-label=OWt4cb_1b\/bOjMyf;class=OWt4cb_1b\/UpSNec\" data-ved=\"2ahUKEwi1g-bn5eKSAxUHVKQEHRH-ETYQye0OegYIAQgIEAE\"><\/button><\/div>\n<div class=\"Fsg96\" data-sfc-cp=\"\" data-complete=\"true\" data-processed=\"true\"><\/div>\n<hr class=\"j3tEEe\" data-serialized-params=\"[]\" data-complete=\"true\" data-processed=\"true\" data-sae=\"\" \/>\n<div class=\"Fsg96\" data-sfc-cp=\"\" data-complete=\"true\" data-processed=\"true\"><\/div>\n<div class=\"otQkpb\" role=\"heading\" aria-level=\"3\" data-animation-nesting=\"\" data-sfc-cp=\"\" data-complete=\"true\" data-processed=\"true\" data-sae=\"\">Applications dans divers secteurs<button class=\"rBl3me\" tabindex=\"0\" data-amic=\"true\" data-icl-uuid=\"91f3505f-36b5-414c-88ac-3f5eb9d98339\" aria-label=\"Ver enlaces relacionados\" data-wiz-attrbind=\"disabled=OWt4cb_1i\/C5gNJc;aria-label=OWt4cb_1i\/bOjMyf;class=OWt4cb_1i\/UpSNec\" data-ved=\"2ahUKEwi1g-bn5eKSAxUHVKQEHRH-ETYQye0OegYIAQgKEAA\"><\/button><\/div>\n<div class=\"Y3BBE\" data-sfc-cp=\"\" data-hveid=\"CAEICxAA\" data-complete=\"true\" data-processed=\"true\">Quant \u00e0 son utilit\u00e9, cette ressource se distingue dans de multiples disciplines :<button class=\"rBl3me\" tabindex=\"0\" data-amic=\"true\" data-icl-uuid=\"1e2196a1-8135-46e8-a572-8b018aca5ebd\" aria-label=\"Ver enlaces relacionados\" data-wiz-attrbind=\"disabled=OWt4cb_1m\/C5gNJc;aria-label=OWt4cb_1m\/bOjMyf;class=OWt4cb_1m\/UpSNec\" data-ved=\"2ahUKEwi1g-bn5eKSAxUHVKQEHRH-ETYQye0OegYIAQgLEAE\"><\/button><\/div>\n<ul class=\"KsbFXc U6u95\" data-complete=\"true\" data-processed=\"true\">\n<li data-hveid=\"CAEIDBAA\" data-complete=\"true\" data-sae=\"\"><span class=\"T286Pc\" data-sfc-cp=\"\" data-complete=\"true\"><strong class=\"Yjhzub\" data-complete=\"true\">M\u00e9decine et kin\u00e9sith\u00e9rapie :<\/strong>\u00a0Les sp\u00e9cialistes l&#8217;utilisent pour expliquer les l\u00e9sions ou les pathologies de la colonne vert\u00e9brale \u00e0 leurs patients.<\/span><\/li>\n<li data-hveid=\"CAEIDBAB\" data-complete=\"true\" data-sae=\"\"><span class=\"T286Pc\" data-sfc-cp=\"\" data-complete=\"true\"><strong class=\"Yjhzub\" data-complete=\"true\">Arts visuels :<\/strong>\u00a0Les artistes y ont recours pour comprendre les proportions et la structure interne avant de dessiner ou de sculpter la figure humaine.<\/span><\/li>\n<li data-hveid=\"CAEIDBAC\" data-complete=\"true\" data-sae=\"\"><span class=\"T286Pc\" data-sfc-cp=\"\" data-complete=\"true\"><strong class=\"Yjhzub\" data-complete=\"true\">Enseignement secondaire et universitaire :<\/strong>\u00a0Il sert d&#8217;axe central pour les cours de biologie et d&#8217;anatomie, permettant une\u00a0<strong class=\"Yjhzub\" data-complete=\"true\">interaction tactile<\/strong>\u00a0que les manuels scolaires ne peuvent pas reproduire.<\/span><button class=\"rBl3me\" tabindex=\"0\" data-amic=\"true\" data-icl-uuid=\"5832bee9-60df-4d41-9ad5-2b4457163f55\" aria-label=\"Ver enlaces relacionados\" data-wiz-attrbind=\"disabled=OWt4cb_20\/C5gNJc;aria-label=OWt4cb_20\/bOjMyf;class=OWt4cb_20\/UpSNec\" data-ved=\"2ahUKEwi1g-bn5eKSAxUHVKQEHRH-ETYQye0OegYIAQgMEAM\"><\/button><\/li>\n<\/ul>\n<div class=\"Y3BBE\" data-sfc-cp=\"\" data-hveid=\"CAEIDRAA\" data-processed=\"true\" data-complete=\"true\" aria-owns=\"action-menu-parent-container\">En conclusion, le mod\u00e8le de squelette de 180 cm repr\u00e9sente un\u00a0<strong class=\"Yjhzub\" data-complete=\"true\">investissement intelligent<\/strong>\u00a0pour toute institution qui valorise la clart\u00e9 didactique. Gr\u00e2ce \u00e0 son r\u00e9alisme et \u00e0 sa robustesse, cette ressource transforme la th\u00e9orie complexe en une exp\u00e9rience d&#8217;apprentissage tangible et efficace.<\/div>\n","protected":false},"excerpt":{"rendered":"<p>Un standard de pr\u00e9cision anatomique Le\u00a0mod\u00e8le de squelette humain de  [&#8230;]<\/p>\n","protected":false},"featured_media":36709,"template":"","meta":[],"product_brand":[],"product_cat":[724],"product_tag":[],"class_list":{"0":"post-28619","1":"product","2":"type-product","3":"status-publish","4":"has-post-thumbnail","6":"product_cat-modelesm-fr","7":"pa_formacion-medicina-fr","9":"first","10":"instock","11":"taxable","12":"shipping-taxable","13":"purchasable","14":"product-type-simple"},"yoast_head":"<!-- This site is optimized with the Yoast SEO Premium plugin v27.0 (Yoast SEO v27.2) - https:\/\/yoast.com\/product\/yoast-seo-premium-wordpress\/ -->\n<title>SQUELETTE HUMAIN MOD\u00c8LE 180 CM - yoestudiosalud.es<\/title>\n<meta name=\"description\" content=\"Ma\u00eetrisez l&#039;anatomie avec le mod\u00e8le de squelette humain de 180 cm. Des d\u00e9tails r\u00e9alistes, l&#039;outil parfait pour \u00e9tudier la m\u00e9decine.\" \/>\n<meta name=\"robots\" content=\"index, follow, max-snippet:-1, max-image-preview:large, max-video-preview:-1\" \/>\n<link rel=\"canonical\" href=\"https:\/\/yoestudiosalud.es\/fr\/produit\/squelette-humain-modele-180-cm\/\" \/>\n<meta property=\"og:locale\" content=\"fr_FR\" \/>\n<meta property=\"og:type\" content=\"article\" \/>\n<meta property=\"og:title\" content=\"SQUELETTE HUMAIN MOD\u00c8LE 180 CM\" \/>\n<meta property=\"og:description\" content=\"Ma\u00eetrisez l&#039;anatomie avec le mod\u00e8le de squelette humain de 180 cm. Des d\u00e9tails r\u00e9alistes, l&#039;outil parfait pour \u00e9tudier la m\u00e9decine.\" \/>\n<meta property=\"og:url\" content=\"https:\/\/yoestudiosalud.es\/fr\/produit\/squelette-humain-modele-180-cm\/\" \/>\n<meta property=\"og:site_name\" content=\"yoestudiosalud.es\" \/>\n<meta property=\"article:modified_time\" content=\"2026-02-18T12:41:09+00:00\" \/>\n<meta property=\"og:image\" content=\"https:\/\/yoestudiosalud.es\/wp-content\/uploads\/2018\/08\/001241.webp\" \/>\n\t<meta property=\"og:image:width\" content=\"650\" \/>\n\t<meta property=\"og:image:height\" content=\"650\" \/>\n\t<meta property=\"og:image:type\" content=\"image\/webp\" \/>\n<meta name=\"twitter:card\" content=\"summary_large_image\" \/>\n<meta name=\"twitter:label1\" content=\"Dur\u00e9e de lecture estim\u00e9e\" \/>\n\t<meta name=\"twitter:data1\" content=\"3 minutes\" \/>\n<script type=\"application\/ld+json\" class=\"yoast-schema-graph\">{\"@context\":\"https:\/\/schema.org\",\"@graph\":[{\"@type\":\"WebPage\",\"@id\":\"https:\/\/yoestudiosalud.es\/fr\/produit\/squelette-humain-modele-180-cm\/\",\"url\":\"https:\/\/yoestudiosalud.es\/fr\/produit\/squelette-humain-modele-180-cm\/\",\"name\":\"SQUELETTE HUMAIN MOD\u00c8LE 180 CM - yoestudiosalud.es\",\"isPartOf\":{\"@id\":\"https:\/\/yoestudiosalud.es\/en\/#website\"},\"primaryImageOfPage\":{\"@id\":\"https:\/\/yoestudiosalud.es\/fr\/produit\/squelette-humain-modele-180-cm\/#primaryimage\"},\"image\":{\"@id\":\"https:\/\/yoestudiosalud.es\/fr\/produit\/squelette-humain-modele-180-cm\/#primaryimage\"},\"thumbnailUrl\":\"https:\/\/yoestudiosalud.es\/wp-content\/uploads\/2018\/08\/001241.webp\",\"datePublished\":\"2018-08-02T16:47:57+00:00\",\"dateModified\":\"2026-02-18T12:41:09+00:00\",\"description\":\"Ma\u00eetrisez l'anatomie avec le mod\u00e8le de squelette humain de 180 cm. Des d\u00e9tails r\u00e9alistes, l'outil parfait pour \u00e9tudier la m\u00e9decine.\",\"breadcrumb\":{\"@id\":\"https:\/\/yoestudiosalud.es\/fr\/produit\/squelette-humain-modele-180-cm\/#breadcrumb\"},\"inLanguage\":\"fr-FR\",\"potentialAction\":[{\"@type\":\"ReadAction\",\"target\":[\"https:\/\/yoestudiosalud.es\/fr\/produit\/squelette-humain-modele-180-cm\/\"]}]},{\"@type\":\"ImageObject\",\"inLanguage\":\"fr-FR\",\"@id\":\"https:\/\/yoestudiosalud.es\/fr\/produit\/squelette-humain-modele-180-cm\/#primaryimage\",\"url\":\"https:\/\/yoestudiosalud.es\/wp-content\/uploads\/2018\/08\/001241.webp\",\"contentUrl\":\"https:\/\/yoestudiosalud.es\/wp-content\/uploads\/2018\/08\/001241.webp\",\"width\":650,\"height\":650,\"caption\":\"SQUELETTE HUMAIN MOD\u00c8LE 180 CM\"},{\"@type\":\"BreadcrumbList\",\"@id\":\"https:\/\/yoestudiosalud.es\/fr\/produit\/squelette-humain-modele-180-cm\/#breadcrumb\",\"itemListElement\":[{\"@type\":\"ListItem\",\"position\":1,\"name\":\"Portada\",\"item\":\"https:\/\/yoestudiosalud.es\/fr\/\"},{\"@type\":\"ListItem\",\"position\":2,\"name\":\"Boutique\",\"item\":\"https:\/\/yoestudiosalud.es\/fr\/boutique\/\"},{\"@type\":\"ListItem\",\"position\":3,\"name\":\"SQUELETTE HUMAIN MOD\u00c8LE 180 CM\"}]},{\"@type\":\"WebSite\",\"@id\":\"https:\/\/yoestudiosalud.es\/en\/#website\",\"url\":\"https:\/\/yoestudiosalud.es\/en\/\",\"name\":\"yoestudiosalud.es\",\"description\":\"Material para estudiantes del sector salud\",\"publisher\":{\"@id\":\"https:\/\/yoestudiosalud.es\/en\/#organization\"},\"potentialAction\":[{\"@type\":\"SearchAction\",\"target\":{\"@type\":\"EntryPoint\",\"urlTemplate\":\"https:\/\/yoestudiosalud.es\/en\/?s={search_term_string}\"},\"query-input\":{\"@type\":\"PropertyValueSpecification\",\"valueRequired\":true,\"valueName\":\"search_term_string\"}}],\"inLanguage\":\"fr-FR\"},{\"@type\":\"Organization\",\"@id\":\"https:\/\/yoestudiosalud.es\/en\/#organization\",\"name\":\"yoestudiosalud.es\",\"url\":\"https:\/\/yoestudiosalud.es\/en\/\",\"logo\":{\"@type\":\"ImageObject\",\"inLanguage\":\"fr-FR\",\"@id\":\"https:\/\/yoestudiosalud.es\/en\/#\/schema\/logo\/image\/\",\"url\":\"https:\/\/yoestudiosalud.es\/wp-content\/uploads\/2020\/04\/logonew-e1698080827687.png\",\"contentUrl\":\"https:\/\/yoestudiosalud.es\/wp-content\/uploads\/2020\/04\/logonew-e1698080827687.png\",\"width\":421,\"height\":393,\"caption\":\"yoestudiosalud.es\"},\"image\":{\"@id\":\"https:\/\/yoestudiosalud.es\/en\/#\/schema\/logo\/image\/\"}}]}<\/script>\n<!-- \/ Yoast SEO Premium plugin. -->","yoast_head_json":{"title":"SQUELETTE HUMAIN MOD\u00c8LE 180 CM - yoestudiosalud.es","description":"Ma\u00eetrisez l'anatomie avec le mod\u00e8le de squelette humain de 180 cm. Des d\u00e9tails r\u00e9alistes, l'outil parfait pour \u00e9tudier la m\u00e9decine.","robots":{"index":"index","follow":"follow","max-snippet":"max-snippet:-1","max-image-preview":"max-image-preview:large","max-video-preview":"max-video-preview:-1"},"canonical":"https:\/\/yoestudiosalud.es\/fr\/produit\/squelette-humain-modele-180-cm\/","og_locale":"fr_FR","og_type":"article","og_title":"SQUELETTE HUMAIN MOD\u00c8LE 180 CM","og_description":"Ma\u00eetrisez l'anatomie avec le mod\u00e8le de squelette humain de 180 cm. Des d\u00e9tails r\u00e9alistes, l'outil parfait pour \u00e9tudier la m\u00e9decine.","og_url":"https:\/\/yoestudiosalud.es\/fr\/produit\/squelette-humain-modele-180-cm\/","og_site_name":"yoestudiosalud.es","article_modified_time":"2026-02-18T12:41:09+00:00","og_image":[{"width":650,"height":650,"url":"https:\/\/yoestudiosalud.es\/wp-content\/uploads\/2018\/08\/001241.webp","type":"image\/webp"}],"twitter_card":"summary_large_image","twitter_misc":{"Dur\u00e9e de lecture estim\u00e9e":"3 minutes"},"schema":{"@context":"https:\/\/schema.org","@graph":[{"@type":"WebPage","@id":"https:\/\/yoestudiosalud.es\/fr\/produit\/squelette-humain-modele-180-cm\/","url":"https:\/\/yoestudiosalud.es\/fr\/produit\/squelette-humain-modele-180-cm\/","name":"SQUELETTE HUMAIN MOD\u00c8LE 180 CM - yoestudiosalud.es","isPartOf":{"@id":"https:\/\/yoestudiosalud.es\/en\/#website"},"primaryImageOfPage":{"@id":"https:\/\/yoestudiosalud.es\/fr\/produit\/squelette-humain-modele-180-cm\/#primaryimage"},"image":{"@id":"https:\/\/yoestudiosalud.es\/fr\/produit\/squelette-humain-modele-180-cm\/#primaryimage"},"thumbnailUrl":"https:\/\/yoestudiosalud.es\/wp-content\/uploads\/2018\/08\/001241.webp","datePublished":"2018-08-02T16:47:57+00:00","dateModified":"2026-02-18T12:41:09+00:00","description":"Ma\u00eetrisez l'anatomie avec le mod\u00e8le de squelette humain de 180 cm. Des d\u00e9tails r\u00e9alistes, l'outil parfait pour \u00e9tudier la m\u00e9decine.","breadcrumb":{"@id":"https:\/\/yoestudiosalud.es\/fr\/produit\/squelette-humain-modele-180-cm\/#breadcrumb"},"inLanguage":"fr-FR","potentialAction":[{"@type":"ReadAction","target":["https:\/\/yoestudiosalud.es\/fr\/produit\/squelette-humain-modele-180-cm\/"]}]},{"@type":"ImageObject","inLanguage":"fr-FR","@id":"https:\/\/yoestudiosalud.es\/fr\/produit\/squelette-humain-modele-180-cm\/#primaryimage","url":"https:\/\/yoestudiosalud.es\/wp-content\/uploads\/2018\/08\/001241.webp","contentUrl":"https:\/\/yoestudiosalud.es\/wp-content\/uploads\/2018\/08\/001241.webp","width":650,"height":650,"caption":"SQUELETTE HUMAIN MOD\u00c8LE 180 CM"},{"@type":"BreadcrumbList","@id":"https:\/\/yoestudiosalud.es\/fr\/produit\/squelette-humain-modele-180-cm\/#breadcrumb","itemListElement":[{"@type":"ListItem","position":1,"name":"Portada","item":"https:\/\/yoestudiosalud.es\/fr\/"},{"@type":"ListItem","position":2,"name":"Boutique","item":"https:\/\/yoestudiosalud.es\/fr\/boutique\/"},{"@type":"ListItem","position":3,"name":"SQUELETTE HUMAIN MOD\u00c8LE 180 CM"}]},{"@type":"WebSite","@id":"https:\/\/yoestudiosalud.es\/en\/#website","url":"https:\/\/yoestudiosalud.es\/en\/","name":"yoestudiosalud.es","description":"Material para estudiantes del sector salud","publisher":{"@id":"https:\/\/yoestudiosalud.es\/en\/#organization"},"potentialAction":[{"@type":"SearchAction","target":{"@type":"EntryPoint","urlTemplate":"https:\/\/yoestudiosalud.es\/en\/?s={search_term_string}"},"query-input":{"@type":"PropertyValueSpecification","valueRequired":true,"valueName":"search_term_string"}}],"inLanguage":"fr-FR"},{"@type":"Organization","@id":"https:\/\/yoestudiosalud.es\/en\/#organization","name":"yoestudiosalud.es","url":"https:\/\/yoestudiosalud.es\/en\/","logo":{"@type":"ImageObject","inLanguage":"fr-FR","@id":"https:\/\/yoestudiosalud.es\/en\/#\/schema\/logo\/image\/","url":"https:\/\/yoestudiosalud.es\/wp-content\/uploads\/2020\/04\/logonew-e1698080827687.png","contentUrl":"https:\/\/yoestudiosalud.es\/wp-content\/uploads\/2020\/04\/logonew-e1698080827687.png","width":421,"height":393,"caption":"yoestudiosalud.es"},"image":{"@id":"https:\/\/yoestudiosalud.es\/en\/#\/schema\/logo\/image\/"}}]}},"_links":{"self":[{"href":"https:\/\/yoestudiosalud.es\/fr\/wp-json\/wp\/v2\/product\/28619","targetHints":{"allow":["GET"]}}],"collection":[{"href":"https:\/\/yoestudiosalud.es\/fr\/wp-json\/wp\/v2\/product"}],"about":[{"href":"https:\/\/yoestudiosalud.es\/fr\/wp-json\/wp\/v2\/types\/product"}],"wp:featuredmedia":[{"embeddable":true,"href":"https:\/\/yoestudiosalud.es\/fr\/wp-json\/wp\/v2\/media\/36709"}],"wp:attachment":[{"href":"https:\/\/yoestudiosalud.es\/fr\/wp-json\/wp\/v2\/media?parent=28619"}],"wp:term":[{"taxonomy":"product_brand","embeddable":true,"href":"https:\/\/yoestudiosalud.es\/fr\/wp-json\/wp\/v2\/product_brand?post=28619"},{"taxonomy":"product_cat","embeddable":true,"href":"https:\/\/yoestudiosalud.es\/fr\/wp-json\/wp\/v2\/product_cat?post=28619"},{"taxonomy":"product_tag","embeddable":true,"href":"https:\/\/yoestudiosalud.es\/fr\/wp-json\/wp\/v2\/product_tag?post=28619"}],"curies":[{"name":"wp","href":"https:\/\/api.w.org\/{rel}","templated":true}]}}