{"id":28617,"date":"2018-08-02T16:47:57","date_gmt":"2018-08-02T16:47:57","guid":{"rendered":"https:\/\/yoestudiosalud.es\/producto\/artmed-modele-de-squelette-humain-85-cm-xc102\/"},"modified":"2026-02-18T14:40:05","modified_gmt":"2026-02-18T13:40:05","slug":"modele-de-squelette-humain-85-cm","status":"publish","type":"product","link":"https:\/\/yoestudiosalud.es\/fr\/produit\/modele-de-squelette-humain-85-cm\/","title":{"rendered":"MOD\u00c8LE DE SQUELETTE HUMAIN 85 CM"},"content":{"rendered":"<div class=\"otQkpb\" role=\"heading\" aria-level=\"3\" data-animation-nesting=\"\" data-sfc-cp=\"\" data-complete=\"true\" data-processed=\"true\" data-sae=\"\">Mod\u00e8le de squelette humain de 85 cm : Le guide ultime de l&#8217;\u00e9tude compacte<button class=\"rBl3me\" tabindex=\"0\" data-amic=\"true\" data-icl-uuid=\"d8b35aaf-0eaf-4547-9809-ed9ab5ef92f6\" aria-label=\"Ver enlaces relacionados\" data-wiz-attrbind=\"disabled=S5cyhc_g\/C5gNJc;aria-label=S5cyhc_g\/bOjMyf;class=S5cyhc_g\/UpSNec\" data-ved=\"2ahUKEwjSjbzVk-OSAxU_NPsDHfgcKtgQye0OegYIAQgCEAA\"><\/button><\/div>\n<div class=\"Y3BBE\" data-sfc-cp=\"\" data-hveid=\"CAEIAxAA\" data-complete=\"true\" data-processed=\"true\">Le\u00a0<strong class=\"Yjhzub\" data-complete=\"true\">mod\u00e8le de squelette humain de 85 cm (\u00e9chelle 1:2)<\/strong>\u00a0s&#8217;est impos\u00e9 comme le choix privil\u00e9gi\u00e9 des \u00e9tudiants et des professionnels \u00e0 la recherche d&#8217;un \u00e9quilibre entre d\u00e9tail anatomique et gain de place. Contrairement aux mod\u00e8les en taille r\u00e9elle, cette version \u00e0 demi-\u00e9chelle est id\u00e9ale pour les bureaux, les cabinets m\u00e9dicaux \u00e0 l&#8217;espace limit\u00e9 et les salles de classe du secondaire.<button class=\"rBl3me\" tabindex=\"0\" data-amic=\"true\" data-icl-uuid=\"8d070fc5-448f-4f5d-a877-156dccce7b54\" aria-label=\"Ver enlaces relacionados\" data-wiz-attrbind=\"disabled=S5cyhc_l\/C5gNJc;aria-label=S5cyhc_l\/bOjMyf;class=S5cyhc_l\/UpSNec\" data-ved=\"2ahUKEwjSjbzVk-OSAxU_NPsDHfgcKtgQye0OegYIAQgDEAE\"><\/button><\/div>\n<div class=\"Fsg96\" data-sfc-cp=\"\" data-complete=\"true\" data-processed=\"true\"><\/div>\n<div class=\"otQkpb\" role=\"heading\" aria-level=\"3\" data-animation-nesting=\"\" data-sfc-cp=\"\" data-complete=\"true\" data-processed=\"true\" data-sae=\"\">Caract\u00e9ristiques principales et avantages p\u00e9dagogiques<button class=\"rBl3me\" tabindex=\"0\" data-amic=\"true\" data-icl-uuid=\"6703dd7b-149a-46ae-b62c-ab552b47db9d\" aria-label=\"Ver enlaces relacionados\" data-wiz-attrbind=\"disabled=S5cyhc_q\/C5gNJc;aria-label=S5cyhc_q\/bOjMyf;class=S5cyhc_q\/UpSNec\" data-ved=\"2ahUKEwjSjbzVk-OSAxU_NPsDHfgcKtgQye0OegYIAQgEEAA\"><\/button><\/div>\n<div class=\"Y3BBE\" data-sfc-cp=\"\" data-hveid=\"CAEIBRAA\" data-complete=\"true\" data-processed=\"true\">Malgr\u00e9 sa taille r\u00e9duite, un mod\u00e8le de qualit\u00e9 conserve une fid\u00e9lit\u00e9 \u00e9tonnante. Voici les points cl\u00e9s qui le distinguent :<button class=\"rBl3me\" tabindex=\"0\" data-amic=\"true\" data-icl-uuid=\"007af5bd-e7bc-4a73-9378-e4452837b381\" aria-label=\"Ver enlaces relacionados\" data-wiz-attrbind=\"disabled=S5cyhc_u\/C5gNJc;aria-label=S5cyhc_u\/bOjMyf;class=S5cyhc_u\/UpSNec\" data-ved=\"2ahUKEwjSjbzVk-OSAxU_NPsDHfgcKtgQye0OegYIAQgFEAE\"><\/button><\/div>\n<ul class=\"KsbFXc U6u95\" data-complete=\"true\" data-processed=\"true\">\n<li data-hveid=\"CAEIBhAA\" data-complete=\"true\" data-sae=\"\"><span class=\"T286Pc\" data-sfc-cp=\"\" data-complete=\"true\"><strong class=\"Yjhzub\" data-complete=\"true\">Portabilit\u00e9 sup\u00e9rieure :<\/strong>\u00a0Sa hauteur de 85 cm permet de le transporter facilement entre les salles de classe ou les laboratoires. La plupart incluent une\u00a0<strong class=\"Yjhzub\" data-complete=\"true\">base stable \u00e0 5 branches<\/strong>\u00a0avec un support vertical.<\/span><\/li>\n<li data-hveid=\"CAEIBhAB\" data-complete=\"true\" data-sae=\"\"><span class=\"T286Pc\" data-sfc-cp=\"\" data-complete=\"true\"><strong class=\"Yjhzub\" data-complete=\"true\">D\u00e9tails osseux pr\u00e9cis :<\/strong>\u00a0Il comprend la repr\u00e9sentation des\u00a0<strong class=\"Yjhzub\" data-complete=\"true\">206 os<\/strong>, permettant l&#8217;\u00e9tude de la colonne vert\u00e9brale, de la cage thoracique et des extr\u00e9mit\u00e9s. De nombreux mod\u00e8les disposent d&#8217;un\u00a0<strong class=\"Yjhzub\" data-complete=\"true\">cr\u00e2ne amovible en 3 parties<\/strong>\u00a0et d&#8217;une m\u00e2choire mobile \u00e0 ressorts.<\/span><\/li>\n<li data-hveid=\"CAEIBhAC\" data-complete=\"true\" data-sae=\"\"><span class=\"T286Pc\" data-sfc-cp=\"\" data-complete=\"true\"><strong class=\"Yjhzub\" data-complete=\"true\">Mat\u00e9riau haute durabilit\u00e9 :<\/strong>\u00a0Fabriqu\u00e9 en\u00a0<strong class=\"Yjhzub\" data-complete=\"true\">PVC incassable<\/strong>, ce mat\u00e9riau imite la couleur et la densit\u00e9 de l&#8217;os naturel, tout en r\u00e9sistant \u00e0 l&#8217;usure li\u00e9e \u00e0 une manipulation constante.<\/span><\/li>\n<li data-hveid=\"CAEIBhAD\" data-complete=\"true\" data-sae=\"\"><span class=\"T286Pc\" data-sfc-cp=\"\" data-complete=\"true\"><strong class=\"Yjhzub\" data-complete=\"true\">Articulations fonctionnelles :<\/strong>\u00a0Les \u00e9paules, les coudes, les poignets, les hanches, les genoux et les chevilles sont g\u00e9n\u00e9ralement mobiles, ce qui permet de d\u00e9montrer facilement l&#8217;<strong class=\"Yjhzub\" data-complete=\"true\">amplitude de mouvement<\/strong>\u00a0et la biom\u00e9canique de base.<\/span><button class=\"rBl3me\" tabindex=\"0\" data-amic=\"true\" data-icl-uuid=\"15ca0e78-5602-4142-b252-3429b66fed24\" aria-label=\"Ver enlaces relacionados\" data-wiz-attrbind=\"disabled=S5cyhc_1f\/C5gNJc;aria-label=S5cyhc_1f\/bOjMyf;class=S5cyhc_1f\/UpSNec\" data-ved=\"2ahUKEwjSjbzVk-OSAxU_NPsDHfgcKtgQye0OegYIAQgGEAQ\"><\/button><\/li>\n<\/ul>\n<div class=\"Fsg96\" data-sfc-cp=\"\" data-complete=\"true\" data-processed=\"true\"><\/div>\n<hr class=\"j3tEEe\" data-serialized-params=\"[]\" data-complete=\"true\" data-processed=\"true\" data-sae=\"\" \/>\n<div class=\"Fsg96\" data-sfc-cp=\"\" data-complete=\"true\" data-processed=\"true\"><\/div>\n<div class=\"otQkpb\" role=\"heading\" aria-level=\"3\" data-animation-nesting=\"\" data-sfc-cp=\"\" data-complete=\"true\" data-processed=\"true\" data-sae=\"\">Applications du mod\u00e8le de 85 cm<button class=\"rBl3me\" tabindex=\"0\" data-amic=\"true\" data-icl-uuid=\"eb35f6ec-1611-45e1-8f44-ffcf81eb816b\" aria-label=\"Ver enlaces relacionados\" data-wiz-attrbind=\"disabled=S5cyhc_1m\/C5gNJc;aria-label=S5cyhc_1m\/bOjMyf;class=S5cyhc_1m\/UpSNec\" data-ved=\"2ahUKEwjSjbzVk-OSAxU_NPsDHfgcKtgQye0OegYIAQgIEAA\"><\/button><\/div>\n<div class=\"Y3BBE\" data-sfc-cp=\"\" data-hveid=\"CAEICRAA\" data-complete=\"true\" data-processed=\"true\">Cette ressource est extr\u00eamement polyvalente dans divers environnements :<button class=\"rBl3me\" tabindex=\"0\" data-amic=\"true\" data-icl-uuid=\"a00eaaf0-e70b-4921-83e9-a08bd0998e1c\" aria-label=\"Ver enlaces relacionados\" data-wiz-attrbind=\"disabled=S5cyhc_1q\/C5gNJc;aria-label=S5cyhc_1q\/bOjMyf;class=S5cyhc_1q\/UpSNec\" data-ved=\"2ahUKEwjSjbzVk-OSAxU_NPsDHfgcKtgQye0OegYIAQgJEAE\"><\/button><\/div>\n<ol class=\"IaGLZe VimKh\" data-complete=\"true\" data-processed=\"true\">\n<li data-hveid=\"CAEIChAA\" data-complete=\"true\" data-sae=\"\"><span class=\"T286Pc\" data-sfc-cp=\"\" data-complete=\"true\"><strong class=\"Yjhzub\" data-complete=\"true\">\u00c9tudiants en m\u00e9decine et soins infirmiers :<\/strong>\u00a0C&#8217;est l&#8217;outil parfait pour r\u00e9viser l&#8217;ost\u00e9ologie \u00e0 domicile avant les examens pratiques.<\/span><\/li>\n<li data-hveid=\"CAEIChAB\" data-complete=\"true\" data-sae=\"\"><span class=\"T286Pc\" data-sfc-cp=\"\" data-complete=\"true\"><strong class=\"Yjhzub\" data-complete=\"true\">Cabinets de kin\u00e9sith\u00e9rapie et de chiropraxie :<\/strong>\u00a0Les sp\u00e9cialistes l&#8217;utilisent comme support visuel pour expliquer les pathologies courantes de la colonne vert\u00e9brale ou les l\u00e9sions articulaires \u00e0 leurs patients.<\/span><\/li>\n<li data-hveid=\"CAEIChAC\" data-complete=\"true\" data-sae=\"\"><span class=\"T286Pc\" data-sfc-cp=\"\" data-complete=\"true\"><strong class=\"Yjhzub\" data-complete=\"true\">\u00c9ducation scolaire :<\/strong>\u00a0Sa taille non intimidante le rend id\u00e9al pour initier les enfants au monde fascinant de l&#8217;<strong class=\"Yjhzub\" data-complete=\"true\">anatomie humaine<\/strong>.<\/span><button class=\"rBl3me\" tabindex=\"0\" data-amic=\"true\" data-icl-uuid=\"2edfa828-0259-406b-b9a4-2a00060f9602\" aria-label=\"Ver enlaces relacionados\" data-wiz-attrbind=\"disabled=S5cyhc_24\/C5gNJc;aria-label=S5cyhc_24\/bOjMyf;class=S5cyhc_24\/UpSNec\" data-ved=\"2ahUKEwjSjbzVk-OSAxU_NPsDHfgcKtgQye0OegYIAQgKEAM\"><\/button><\/li>\n<\/ol>\n<div class=\"Y3BBE\" data-sfc-cp=\"\" data-hveid=\"CAEICxAA\" data-processed=\"true\" data-complete=\"true\">En conclusion, le squelette de 85 cm est un\u00a0<strong class=\"Yjhzub\" data-complete=\"true\">investissement intelligent<\/strong>\u00a0qui offre une vision claire et tactile de la structure humaine sans occuper l&#8217;espace d&#8217;un mod\u00e8le de 180 cm.<button class=\"rBl3me\" tabindex=\"0\" data-amic=\"true\" data-icl-uuid=\"83898ed2-9193-4094-b121-a69ab25e8dc9\" aria-label=\"Ver enlaces relacionados\" data-wiz-attrbind=\"disabled=S5cyhc_29\/C5gNJc;aria-label=S5cyhc_29\/bOjMyf;class=S5cyhc_29\/UpSNec\" data-ved=\"2ahUKEwjSjbzVk-OSAxU_NPsDHfgcKtgQye0OegYIAQgLEAE\"><\/button><\/div>\n<div class=\"Fsg96\" data-sfc-cp=\"\" data-complete=\"true\" data-processed=\"true\"><\/div>\n<hr class=\"j3tEEe\" data-serialized-params=\"[]\" data-complete=\"true\" data-processed=\"true\" data-sae=\"\" \/>\n","protected":false},"excerpt":{"rendered":"<p>Mod\u00e8le de squelette humain de 85 cm : Le guide  [&#8230;]<\/p>\n","protected":false},"featured_media":36718,"template":"","meta":[],"product_brand":[],"product_cat":[724],"product_tag":[],"class_list":{"0":"post-28617","1":"product","2":"type-product","3":"status-publish","4":"has-post-thumbnail","6":"product_cat-modelesm-fr","7":"pa_formacion-medicina-fr","9":"first","10":"instock","11":"taxable","12":"shipping-taxable","13":"purchasable","14":"product-type-simple"},"yoast_head":"<!-- This site is optimized with the Yoast SEO Premium plugin v27.0 (Yoast SEO v27.2) - https:\/\/yoast.com\/product\/yoast-seo-premium-wordpress\/ -->\n<title>MOD\u00c8LE DE SQUELETTE HUMAIN 85 CM - yoestudiosalud.es<\/title>\n<meta name=\"description\" content=\"Dominez l&#039;ost\u00e9ologie gr\u00e2ce \u00e0 ce mod\u00e8le de 85 cm. D\u00e9tails pr\u00e9cis et articulations fonctionnelles : la taille compacte id\u00e9ale pour vos \u00e9tudes de sant\u00e9.\" \/>\n<meta name=\"robots\" content=\"index, follow, max-snippet:-1, max-image-preview:large, max-video-preview:-1\" \/>\n<link rel=\"canonical\" href=\"https:\/\/yoestudiosalud.es\/produit\/modelo-esqueleto-humano-85-cm\/\" \/>\n<meta property=\"og:locale\" content=\"fr_FR\" \/>\n<meta property=\"og:type\" content=\"article\" \/>\n<meta property=\"og:title\" content=\"MOD\u00c8LE DE SQUELETTE HUMAIN 85 CM\" \/>\n<meta property=\"og:description\" content=\"Dominez l&#039;ost\u00e9ologie gr\u00e2ce \u00e0 ce mod\u00e8le de 85 cm. D\u00e9tails pr\u00e9cis et articulations fonctionnelles : la taille compacte id\u00e9ale pour vos \u00e9tudes de sant\u00e9.\" \/>\n<meta property=\"og:url\" content=\"https:\/\/yoestudiosalud.es\/produit\/modelo-esqueleto-humano-85-cm\/\" \/>\n<meta property=\"og:site_name\" content=\"yoestudiosalud.es\" \/>\n<meta property=\"article:modified_time\" content=\"2026-02-18T13:40:05+00:00\" \/>\n<meta property=\"og:image\" content=\"https:\/\/yoestudiosalud.es\/wp-content\/uploads\/2018\/08\/001243.webp\" \/>\n\t<meta property=\"og:image:width\" content=\"650\" \/>\n\t<meta property=\"og:image:height\" content=\"650\" \/>\n\t<meta property=\"og:image:type\" content=\"image\/webp\" \/>\n<meta name=\"twitter:card\" content=\"summary_large_image\" \/>\n<meta name=\"twitter:label1\" content=\"Dur\u00e9e de lecture estim\u00e9e\" \/>\n\t<meta name=\"twitter:data1\" content=\"2 minutes\" \/>\n<script type=\"application\/ld+json\" class=\"yoast-schema-graph\">{\"@context\":\"https:\/\/schema.org\",\"@graph\":[{\"@type\":\"WebPage\",\"@id\":\"https:\/\/yoestudiosalud.es\/produit\/modelo-esqueleto-humano-85-cm\/\",\"url\":\"https:\/\/yoestudiosalud.es\/produit\/modelo-esqueleto-humano-85-cm\/\",\"name\":\"MOD\u00c8LE DE SQUELETTE HUMAIN 85 CM - yoestudiosalud.es\",\"isPartOf\":{\"@id\":\"https:\/\/yoestudiosalud.es\/en\/#website\"},\"primaryImageOfPage\":{\"@id\":\"https:\/\/yoestudiosalud.es\/produit\/modelo-esqueleto-humano-85-cm\/#primaryimage\"},\"image\":{\"@id\":\"https:\/\/yoestudiosalud.es\/produit\/modelo-esqueleto-humano-85-cm\/#primaryimage\"},\"thumbnailUrl\":\"https:\/\/yoestudiosalud.es\/wp-content\/uploads\/2018\/08\/001243.webp\",\"datePublished\":\"2018-08-02T16:47:57+00:00\",\"dateModified\":\"2026-02-18T13:40:05+00:00\",\"description\":\"Dominez l'ost\u00e9ologie gr\u00e2ce \u00e0 ce mod\u00e8le de 85 cm. D\u00e9tails pr\u00e9cis et articulations fonctionnelles : la taille compacte id\u00e9ale pour vos \u00e9tudes de sant\u00e9.\",\"breadcrumb\":{\"@id\":\"https:\/\/yoestudiosalud.es\/produit\/modelo-esqueleto-humano-85-cm\/#breadcrumb\"},\"inLanguage\":\"fr-FR\",\"potentialAction\":[{\"@type\":\"ReadAction\",\"target\":[\"https:\/\/yoestudiosalud.es\/produit\/modelo-esqueleto-humano-85-cm\/\"]}]},{\"@type\":\"ImageObject\",\"inLanguage\":\"fr-FR\",\"@id\":\"https:\/\/yoestudiosalud.es\/produit\/modelo-esqueleto-humano-85-cm\/#primaryimage\",\"url\":\"https:\/\/yoestudiosalud.es\/wp-content\/uploads\/2018\/08\/001243.webp\",\"contentUrl\":\"https:\/\/yoestudiosalud.es\/wp-content\/uploads\/2018\/08\/001243.webp\",\"width\":650,\"height\":650,\"caption\":\"MOD\u00c8LE DE SQUELETTE HUMAIN 85 CM\"},{\"@type\":\"BreadcrumbList\",\"@id\":\"https:\/\/yoestudiosalud.es\/produit\/modelo-esqueleto-humano-85-cm\/#breadcrumb\",\"itemListElement\":[{\"@type\":\"ListItem\",\"position\":1,\"name\":\"Portada\",\"item\":\"https:\/\/yoestudiosalud.es\/fr\/\"},{\"@type\":\"ListItem\",\"position\":2,\"name\":\"Boutique\",\"item\":\"https:\/\/yoestudiosalud.es\/fr\/boutique\/\"},{\"@type\":\"ListItem\",\"position\":3,\"name\":\"MOD\u00c8LE DE SQUELETTE HUMAIN 85 CM\"}]},{\"@type\":\"WebSite\",\"@id\":\"https:\/\/yoestudiosalud.es\/en\/#website\",\"url\":\"https:\/\/yoestudiosalud.es\/en\/\",\"name\":\"yoestudiosalud.es\",\"description\":\"Material para estudiantes del sector salud\",\"publisher\":{\"@id\":\"https:\/\/yoestudiosalud.es\/en\/#organization\"},\"potentialAction\":[{\"@type\":\"SearchAction\",\"target\":{\"@type\":\"EntryPoint\",\"urlTemplate\":\"https:\/\/yoestudiosalud.es\/en\/?s={search_term_string}\"},\"query-input\":{\"@type\":\"PropertyValueSpecification\",\"valueRequired\":true,\"valueName\":\"search_term_string\"}}],\"inLanguage\":\"fr-FR\"},{\"@type\":\"Organization\",\"@id\":\"https:\/\/yoestudiosalud.es\/en\/#organization\",\"name\":\"yoestudiosalud.es\",\"url\":\"https:\/\/yoestudiosalud.es\/en\/\",\"logo\":{\"@type\":\"ImageObject\",\"inLanguage\":\"fr-FR\",\"@id\":\"https:\/\/yoestudiosalud.es\/en\/#\/schema\/logo\/image\/\",\"url\":\"https:\/\/yoestudiosalud.es\/wp-content\/uploads\/2020\/04\/logonew-e1698080827687.png\",\"contentUrl\":\"https:\/\/yoestudiosalud.es\/wp-content\/uploads\/2020\/04\/logonew-e1698080827687.png\",\"width\":421,\"height\":393,\"caption\":\"yoestudiosalud.es\"},\"image\":{\"@id\":\"https:\/\/yoestudiosalud.es\/en\/#\/schema\/logo\/image\/\"}}]}<\/script>\n<!-- \/ Yoast SEO Premium plugin. -->","yoast_head_json":{"title":"MOD\u00c8LE DE SQUELETTE HUMAIN 85 CM - yoestudiosalud.es","description":"Dominez l'ost\u00e9ologie gr\u00e2ce \u00e0 ce mod\u00e8le de 85 cm. D\u00e9tails pr\u00e9cis et articulations fonctionnelles : la taille compacte id\u00e9ale pour vos \u00e9tudes de sant\u00e9.","robots":{"index":"index","follow":"follow","max-snippet":"max-snippet:-1","max-image-preview":"max-image-preview:large","max-video-preview":"max-video-preview:-1"},"canonical":"https:\/\/yoestudiosalud.es\/produit\/modelo-esqueleto-humano-85-cm\/","og_locale":"fr_FR","og_type":"article","og_title":"MOD\u00c8LE DE SQUELETTE HUMAIN 85 CM","og_description":"Dominez l'ost\u00e9ologie gr\u00e2ce \u00e0 ce mod\u00e8le de 85 cm. D\u00e9tails pr\u00e9cis et articulations fonctionnelles : la taille compacte id\u00e9ale pour vos \u00e9tudes de sant\u00e9.","og_url":"https:\/\/yoestudiosalud.es\/produit\/modelo-esqueleto-humano-85-cm\/","og_site_name":"yoestudiosalud.es","article_modified_time":"2026-02-18T13:40:05+00:00","og_image":[{"width":650,"height":650,"url":"https:\/\/yoestudiosalud.es\/wp-content\/uploads\/2018\/08\/001243.webp","type":"image\/webp"}],"twitter_card":"summary_large_image","twitter_misc":{"Dur\u00e9e de lecture estim\u00e9e":"2 minutes"},"schema":{"@context":"https:\/\/schema.org","@graph":[{"@type":"WebPage","@id":"https:\/\/yoestudiosalud.es\/produit\/modelo-esqueleto-humano-85-cm\/","url":"https:\/\/yoestudiosalud.es\/produit\/modelo-esqueleto-humano-85-cm\/","name":"MOD\u00c8LE DE SQUELETTE HUMAIN 85 CM - yoestudiosalud.es","isPartOf":{"@id":"https:\/\/yoestudiosalud.es\/en\/#website"},"primaryImageOfPage":{"@id":"https:\/\/yoestudiosalud.es\/produit\/modelo-esqueleto-humano-85-cm\/#primaryimage"},"image":{"@id":"https:\/\/yoestudiosalud.es\/produit\/modelo-esqueleto-humano-85-cm\/#primaryimage"},"thumbnailUrl":"https:\/\/yoestudiosalud.es\/wp-content\/uploads\/2018\/08\/001243.webp","datePublished":"2018-08-02T16:47:57+00:00","dateModified":"2026-02-18T13:40:05+00:00","description":"Dominez l'ost\u00e9ologie gr\u00e2ce \u00e0 ce mod\u00e8le de 85 cm. D\u00e9tails pr\u00e9cis et articulations fonctionnelles : la taille compacte id\u00e9ale pour vos \u00e9tudes de sant\u00e9.","breadcrumb":{"@id":"https:\/\/yoestudiosalud.es\/produit\/modelo-esqueleto-humano-85-cm\/#breadcrumb"},"inLanguage":"fr-FR","potentialAction":[{"@type":"ReadAction","target":["https:\/\/yoestudiosalud.es\/produit\/modelo-esqueleto-humano-85-cm\/"]}]},{"@type":"ImageObject","inLanguage":"fr-FR","@id":"https:\/\/yoestudiosalud.es\/produit\/modelo-esqueleto-humano-85-cm\/#primaryimage","url":"https:\/\/yoestudiosalud.es\/wp-content\/uploads\/2018\/08\/001243.webp","contentUrl":"https:\/\/yoestudiosalud.es\/wp-content\/uploads\/2018\/08\/001243.webp","width":650,"height":650,"caption":"MOD\u00c8LE DE SQUELETTE HUMAIN 85 CM"},{"@type":"BreadcrumbList","@id":"https:\/\/yoestudiosalud.es\/produit\/modelo-esqueleto-humano-85-cm\/#breadcrumb","itemListElement":[{"@type":"ListItem","position":1,"name":"Portada","item":"https:\/\/yoestudiosalud.es\/fr\/"},{"@type":"ListItem","position":2,"name":"Boutique","item":"https:\/\/yoestudiosalud.es\/fr\/boutique\/"},{"@type":"ListItem","position":3,"name":"MOD\u00c8LE DE SQUELETTE HUMAIN 85 CM"}]},{"@type":"WebSite","@id":"https:\/\/yoestudiosalud.es\/en\/#website","url":"https:\/\/yoestudiosalud.es\/en\/","name":"yoestudiosalud.es","description":"Material para estudiantes del sector salud","publisher":{"@id":"https:\/\/yoestudiosalud.es\/en\/#organization"},"potentialAction":[{"@type":"SearchAction","target":{"@type":"EntryPoint","urlTemplate":"https:\/\/yoestudiosalud.es\/en\/?s={search_term_string}"},"query-input":{"@type":"PropertyValueSpecification","valueRequired":true,"valueName":"search_term_string"}}],"inLanguage":"fr-FR"},{"@type":"Organization","@id":"https:\/\/yoestudiosalud.es\/en\/#organization","name":"yoestudiosalud.es","url":"https:\/\/yoestudiosalud.es\/en\/","logo":{"@type":"ImageObject","inLanguage":"fr-FR","@id":"https:\/\/yoestudiosalud.es\/en\/#\/schema\/logo\/image\/","url":"https:\/\/yoestudiosalud.es\/wp-content\/uploads\/2020\/04\/logonew-e1698080827687.png","contentUrl":"https:\/\/yoestudiosalud.es\/wp-content\/uploads\/2020\/04\/logonew-e1698080827687.png","width":421,"height":393,"caption":"yoestudiosalud.es"},"image":{"@id":"https:\/\/yoestudiosalud.es\/en\/#\/schema\/logo\/image\/"}}]}},"_links":{"self":[{"href":"https:\/\/yoestudiosalud.es\/fr\/wp-json\/wp\/v2\/product\/28617","targetHints":{"allow":["GET"]}}],"collection":[{"href":"https:\/\/yoestudiosalud.es\/fr\/wp-json\/wp\/v2\/product"}],"about":[{"href":"https:\/\/yoestudiosalud.es\/fr\/wp-json\/wp\/v2\/types\/product"}],"wp:featuredmedia":[{"embeddable":true,"href":"https:\/\/yoestudiosalud.es\/fr\/wp-json\/wp\/v2\/media\/36718"}],"wp:attachment":[{"href":"https:\/\/yoestudiosalud.es\/fr\/wp-json\/wp\/v2\/media?parent=28617"}],"wp:term":[{"taxonomy":"product_brand","embeddable":true,"href":"https:\/\/yoestudiosalud.es\/fr\/wp-json\/wp\/v2\/product_brand?post=28617"},{"taxonomy":"product_cat","embeddable":true,"href":"https:\/\/yoestudiosalud.es\/fr\/wp-json\/wp\/v2\/product_cat?post=28617"},{"taxonomy":"product_tag","embeddable":true,"href":"https:\/\/yoestudiosalud.es\/fr\/wp-json\/wp\/v2\/product_tag?post=28617"}],"curies":[{"name":"wp","href":"https:\/\/api.w.org\/{rel}","templated":true}]}}