{"id":28600,"date":"2018-08-02T16:47:54","date_gmt":"2018-08-02T16:47:54","guid":{"rendered":"https:\/\/yoestudiosalud.es\/producto\/artmed-tronc-humain-modele-26-cm-15-pieces-it034\/"},"modified":"2026-02-18T17:26:53","modified_gmt":"2026-02-18T16:26:53","slug":"modele-de-torse-humain-de-26-cm","status":"publish","type":"product","link":"https:\/\/yoestudiosalud.es\/fr\/produit\/modele-de-torse-humain-de-26-cm\/","title":{"rendered":"MOD\u00c8LE DE TORSE HUMAIN DE 26 CM"},"content":{"rendered":"<div class=\"otQkpb\" role=\"heading\" aria-level=\"3\" data-animation-nesting=\"\" data-sfc-cp=\"\" data-complete=\"true\" data-processed=\"true\" data-sae=\"\">Mod\u00e8le de torse humain de 26 cm (15 parties) : L&#8217;anatomie de poche pour un apprentissage agile<span class=\"uJ19be notranslate\" data-wiz-uids=\"W0jXMb_h,W0jXMb_i\" data-complete=\"true\"><span class=\"vKEkVd\" data-animation-atomic=\"\" data-wiz-attrbind=\"class=W0jXMb_g\/TKHnVd\" data-sae=\"\"><span aria-hidden=\"true\">\u00a0<\/span><button class=\"rBl3me\" tabindex=\"0\" data-amic=\"true\" data-icl-uuid=\"c7b5edf8-46a9-46f3-8ae3-ff36a5af256d\" aria-label=\"Ver enlaces relacionados\" data-wiz-attrbind=\"disabled=W0jXMb_g\/C5gNJc;aria-label=W0jXMb_g\/bOjMyf;class=W0jXMb_g\/UpSNec\" data-ved=\"2ahUKEwi3qumAueOSAxWuU6QEHUeQBqkQye0OegYIAQgCEAA\"><\/button><\/span><\/span><\/div>\n<div class=\"Y3BBE\" data-sfc-cp=\"\" data-hveid=\"CAEIAxAA\" data-complete=\"true\" data-processed=\"true\">Le\u00a0<strong class=\"Yjhzub\" data-complete=\"true\">mod\u00e8le de torse humain de 26 cm<\/strong>\u00a0est la solution compacte ultime pour ceux qui ont besoin d&#8217;une r\u00e9f\u00e9rence anatomique tridimensionnelle dans des espaces restreints. Malgr\u00e9 son\u00a0<strong class=\"Yjhzub\" data-complete=\"true\">format mini (\u00e9chelle environ 1:6)<\/strong>, ce mod\u00e8le dispose de\u00a0<strong class=\"Yjhzub\" data-complete=\"true\">15 pi\u00e8ces amovibles<\/strong>, ce qui en fait un outil p\u00e9dagogique exceptionnellement d\u00e9taill\u00e9 pour sa taille. C&#8217;est la ressource id\u00e9ale pour les \u00e9l\u00e8ves du primaire, les cabinets de kin\u00e9sith\u00e9rapie et comme r\u00e9f\u00e9rence rapide pour les artistes.<span class=\"uJ19be notranslate\" data-wiz-uids=\"W0jXMb_o,W0jXMb_p\" data-complete=\"true\"><span class=\"vKEkVd\" data-animation-atomic=\"\" data-wiz-attrbind=\"class=W0jXMb_n\/TKHnVd\" data-sae=\"\"><span aria-hidden=\"true\">\u00a0<\/span><button class=\"rBl3me\" tabindex=\"0\" data-amic=\"true\" data-icl-uuid=\"01e1b531-4eeb-4581-9a71-bf18ea06265d\" aria-label=\"Ver enlaces relacionados\" data-wiz-attrbind=\"disabled=W0jXMb_n\/C5gNJc;aria-label=W0jXMb_n\/bOjMyf;class=W0jXMb_n\/UpSNec\" data-ved=\"2ahUKEwi3qumAueOSAxWuU6QEHUeQBqkQye0OegYIAQgDEAE\"><\/button><\/span><\/span><\/div>\n<div class=\"Fsg96\" data-sfc-cp=\"\" data-complete=\"true\" data-processed=\"true\"><\/div>\n<div class=\"otQkpb\" role=\"heading\" aria-level=\"3\" data-animation-nesting=\"\" data-sfc-cp=\"\" data-complete=\"true\" data-processed=\"true\" data-sae=\"\">Une anatomie d\u00e9taill\u00e9e en 15 pi\u00e8ces<button class=\"rBl3me\" tabindex=\"0\" data-amic=\"true\" data-icl-uuid=\"f6d44bf6-9b28-4710-8d07-668995035e31\" aria-label=\"Ver enlaces relacionados\" data-wiz-attrbind=\"disabled=W0jXMb_s\/C5gNJc;aria-label=W0jXMb_s\/bOjMyf;class=W0jXMb_s\/UpSNec\" data-ved=\"2ahUKEwi3qumAueOSAxWuU6QEHUeQBqkQye0OegYIAQgEEAA\"><\/button><\/div>\n<div class=\"Y3BBE\" data-sfc-cp=\"\" data-hveid=\"CAEIBRAA\" data-complete=\"true\" data-processed=\"true\">Ce qui est le plus frappant avec ce mod\u00e8le de 26 cm, c&#8217;est sa capacit\u00e9 \u00e0 d\u00e9composer l&#8217;architecture interne du corps humain de mani\u00e8re aussi efficace. Les\u00a0<strong class=\"Yjhzub\" data-complete=\"true\">15 parties amovibles<\/strong>\u00a0comprennent g\u00e9n\u00e9ralement :<button class=\"rBl3me\" tabindex=\"0\" data-amic=\"true\" data-icl-uuid=\"3030138a-e85a-44ec-9891-615170a16504\" aria-label=\"Ver enlaces relacionados\" data-wiz-attrbind=\"disabled=W0jXMb_x\/C5gNJc;aria-label=W0jXMb_x\/bOjMyf;class=W0jXMb_x\/UpSNec\" data-ved=\"2ahUKEwi3qumAueOSAxWuU6QEHUeQBqkQye0OegYIAQgFEAE\"><\/button><\/div>\n<ul class=\"KsbFXc U6u95\" data-processed=\"true\" data-complete=\"true\">\n<li data-hveid=\"CAEIBhAA\" data-complete=\"true\" data-sae=\"\"><span class=\"T286Pc\" data-sfc-cp=\"\" data-complete=\"true\"><strong class=\"Yjhzub\" data-complete=\"true\">Torse principal et t\u00eate :<\/strong>\u00a0Pr\u00e9sentant des d\u00e9tails faciaux et musculaires de base.<\/span><\/li>\n<li data-hveid=\"CAEIBhAB\" data-complete=\"true\" data-sae=\"\"><span class=\"T286Pc\" data-sfc-cp=\"\" data-complete=\"true\"><strong class=\"Yjhzub\" data-complete=\"true\">Cerveau et cr\u00e2ne :<\/strong>\u00a0Le cerveau peut \u00eatre retir\u00e9 pour \u00e9tudier son emplacement anatomique.<\/span><\/li>\n<li data-hveid=\"CAEIBhAC\" data-sae=\"\" data-complete=\"true\"><span class=\"T286Pc\" data-sfc-cp=\"\" data-complete=\"true\"><strong class=\"Yjhzub\" data-complete=\"true\">Organes thoraciques :<\/strong>\u00a0Poumons (2 parties) et c\u0153ur.<\/span><\/li>\n<li data-hveid=\"CAEIBhAD\" data-complete=\"true\" data-processed=\"true\" data-sae=\"\"><span class=\"T286Pc\" data-sfc-cp=\"\" data-complete=\"true\"><strong class=\"Yjhzub\" data-complete=\"true\">Syst\u00e8me digestif :<\/strong>\u00a0Foie, estomac, \u0153sophage et le bloc intestinal (intestin gr\u00eale et gros intestin).<\/span><\/li>\n<li data-hveid=\"CAEIBhAE\" data-complete=\"true\" data-processed=\"true\" data-sae=\"\"><span class=\"T286Pc\" data-sfc-cp=\"\" data-complete=\"true\"><strong class=\"Yjhzub\" data-complete=\"true\">Organes additionnels :<\/strong>\u00a0Trach\u00e9e, diaphragme, rate et pancr\u00e9as.<\/span><span class=\"uJ19be notranslate\" data-wiz-uids=\"W0jXMb_1h,W0jXMb_1i\" data-complete=\"true\"><span class=\"vKEkVd\" data-animation-atomic=\"\" data-wiz-attrbind=\"class=W0jXMb_1g\/TKHnVd\" data-sae=\"\"><span aria-hidden=\"true\">\u00a0<\/span><button class=\"rBl3me\" tabindex=\"0\" data-amic=\"true\" data-icl-uuid=\"3932d12f-581c-4d3c-b2bf-9ba93005cde4\" aria-label=\"Ver enlaces relacionados\" data-wiz-attrbind=\"disabled=W0jXMb_1g\/C5gNJc;aria-label=W0jXMb_1g\/bOjMyf;class=W0jXMb_1g\/UpSNec\" data-ved=\"2ahUKEwi3qumAueOSAxWuU6QEHUeQBqkQye0OegYIAQgGEAU\"><\/button><\/span><\/span><\/li>\n<\/ul>\n<div class=\"Fsg96\" data-sfc-cp=\"\" data-complete=\"true\" data-processed=\"true\"><\/div>\n<hr class=\"j3tEEe\" data-serialized-params=\"[]\" data-complete=\"true\" data-processed=\"true\" data-sae=\"\" \/>\n<div class=\"Fsg96\" data-sfc-cp=\"\" data-complete=\"true\" data-processed=\"true\"><\/div>\n<div class=\"otQkpb\" role=\"heading\" aria-level=\"3\" data-animation-nesting=\"\" data-sfc-cp=\"\" data-complete=\"true\" data-processed=\"true\" data-sae=\"\">Pourquoi choisir le mod\u00e8le de 26 cm ?<button class=\"rBl3me\" tabindex=\"0\" data-amic=\"true\" data-icl-uuid=\"357df33e-4d37-49d1-9653-c0e46e9cf56f\" aria-label=\"Ver enlaces relacionados\" data-wiz-attrbind=\"disabled=W0jXMb_1n\/C5gNJc;aria-label=W0jXMb_1n\/bOjMyf;class=W0jXMb_1n\/UpSNec\" data-ved=\"2ahUKEwi3qumAueOSAxWuU6QEHUeQBqkQye0OegYIAQgIEAA\"><\/button><\/div>\n<ul class=\"KsbFXc U6u95\" data-complete=\"true\" data-processed=\"true\">\n<li data-hveid=\"CAEICRAA\" data-complete=\"true\" data-sae=\"\"><span class=\"T286Pc\" data-sfc-cp=\"\" data-complete=\"true\"><strong class=\"Yjhzub\" data-complete=\"true\">Design ultra-portable :<\/strong>\u00a0Avec seulement 26 cm de hauteur, il s&#8217;int\u00e8gre parfaitement sur une \u00e9tag\u00e8re ou un petit bureau. Il est suffisamment l\u00e9ger pour que les enfants puissent le manipuler en toute s\u00e9curit\u00e9 lors des cours de sciences.<\/span><\/li>\n<li data-hveid=\"CAEICRAB\" data-complete=\"true\" data-sae=\"\"><span class=\"T286Pc\" data-sfc-cp=\"\" data-complete=\"true\"><strong class=\"Yjhzub\" data-complete=\"true\">Mat\u00e9riau PVC s\u00fbr :<\/strong>\u00a0Fabriqu\u00e9 en\u00a0<strong class=\"Yjhzub\" data-complete=\"true\">PVC de haute qualit\u00e9<\/strong>, non toxique et facile \u00e0 nettoyer. Les couleurs sont appliqu\u00e9es pour diff\u00e9rencier clairement les tissus et les syst\u00e8mes.<\/span><\/li>\n<li data-hveid=\"CAEICRAC\" data-complete=\"true\" data-sae=\"\"><span class=\"T286Pc\" data-sfc-cp=\"\" data-complete=\"true\"><strong class=\"Yjhzub\" data-complete=\"true\">P\u00e9dagogie visuelle :<\/strong>\u00a0En tant que mod\u00e8le pouvant \u00eatre &#8220;mont\u00e9 et d\u00e9mont\u00e9&#8221;, il favorise l&#8217;<strong class=\"Yjhzub\" data-complete=\"true\">apprentissage actif<\/strong>, aidant les utilisateurs \u00e0 comprendre comment les organes s&#8217;assemblent et leurs relations spatiales.<\/span><span class=\"uJ19be notranslate\" data-wiz-uids=\"W0jXMb_23,W0jXMb_24\" data-complete=\"true\"><span class=\"vKEkVd\" data-animation-atomic=\"\" data-wiz-attrbind=\"class=W0jXMb_22\/TKHnVd\" data-sae=\"\"><span aria-hidden=\"true\">\u00a0<\/span><button class=\"rBl3me\" tabindex=\"0\" data-amic=\"true\" data-icl-uuid=\"b866a6de-b9b3-470d-aafb-d06189663d65\" aria-label=\"Ver enlaces relacionados\" data-wiz-attrbind=\"disabled=W0jXMb_22\/C5gNJc;aria-label=W0jXMb_22\/bOjMyf;class=W0jXMb_22\/UpSNec\" data-ved=\"2ahUKEwi3qumAueOSAxWuU6QEHUeQBqkQye0OegYIAQgJEAM\"><\/button><\/span><\/span><\/li>\n<\/ul>\n<div class=\"Fsg96\" data-sfc-cp=\"\" data-complete=\"true\" data-processed=\"true\"><\/div>\n<hr class=\"j3tEEe\" data-serialized-params=\"[]\" data-complete=\"true\" data-processed=\"true\" data-sae=\"\" \/>\n<div class=\"Fsg96\" data-sfc-cp=\"\" data-complete=\"true\" data-processed=\"true\"><\/div>\n<div class=\"otQkpb\" role=\"heading\" aria-level=\"3\" data-animation-nesting=\"\" data-sfc-cp=\"\" data-complete=\"true\" data-processed=\"true\" data-sae=\"\">Applications recommand\u00e9es<button class=\"rBl3me\" tabindex=\"0\" data-amic=\"true\" data-icl-uuid=\"5c143b67-3f9b-4216-a2d1-f1b585dbd50d\" aria-label=\"Ver enlaces relacionados\" data-wiz-attrbind=\"disabled=W0jXMb_29\/C5gNJc;aria-label=W0jXMb_29\/bOjMyf;class=W0jXMb_29\/UpSNec\" data-ved=\"2ahUKEwi3qumAueOSAxWuU6QEHUeQBqkQye0OegYIAQgLEAA\"><\/button><\/div>\n<ol class=\"IaGLZe VimKh\" data-complete=\"true\" data-processed=\"true\">\n<li data-hveid=\"CAEIDBAA\" data-complete=\"true\" data-sae=\"\"><span class=\"T286Pc\" data-sfc-cp=\"\" data-complete=\"true\"><strong class=\"Yjhzub\" data-complete=\"true\">Enseignement pr\u00e9scolaire et primaire :<\/strong>\u00a0L&#8217;introduction parfaite au corps humain, \u00e9liminant le facteur intimidant des mod\u00e8les plus grands.<\/span><\/li>\n<li data-hveid=\"CAEIDBAB\" data-complete=\"true\" data-sae=\"\"><span class=\"T286Pc\" data-sfc-cp=\"\" data-complete=\"true\"><strong class=\"Yjhzub\" data-complete=\"true\">Bureaux des \u00e9tudiants en sant\u00e9 :<\/strong>\u00a0Utile comme rappel visuel rapide de l&#8217;emplacement des organes pendant les \u00e9tudes de physiologie.<\/span><\/li>\n<li data-hveid=\"CAEIDBAC\" data-complete=\"true\" data-sae=\"\"><span class=\"T286Pc\" data-sfc-cp=\"\" data-complete=\"true\"><strong class=\"Yjhzub\" data-complete=\"true\">Cadeau scientifique :<\/strong>\u00a0Son prix abordable et sa taille en font un excellent cadeau \u00e9ducatif.<\/span><span class=\"uJ19be notranslate\" data-wiz-uids=\"W0jXMb_2n,W0jXMb_2o\" data-complete=\"true\"><span class=\"vKEkVd\" data-animation-atomic=\"\" data-wiz-attrbind=\"class=W0jXMb_2m\/TKHnVd\" data-sae=\"\"><span aria-hidden=\"true\">\u00a0<\/span><button class=\"rBl3me\" tabindex=\"0\" data-amic=\"true\" data-icl-uuid=\"8f4c14b0-bd7e-408a-8e20-21ccc1bb159e\" aria-label=\"Ver enlaces relacionados\" data-wiz-attrbind=\"disabled=W0jXMb_2m\/C5gNJc;aria-label=W0jXMb_2m\/bOjMyf;class=W0jXMb_2m\/UpSNec\" data-ved=\"2ahUKEwi3qumAueOSAxWuU6QEHUeQBqkQye0OegYIAQgMEAM\"><\/button><\/span><\/span><\/li>\n<\/ol>\n<div class=\"Y3BBE\" data-sfc-cp=\"\" data-hveid=\"CAEIDRAA\" data-complete=\"true\" data-processed=\"true\" aria-owns=\"action-menu-parent-container\">En conclusion, le\u00a0<strong class=\"Yjhzub\" data-complete=\"true\">torse de 26 cm en 15 parties<\/strong>\u00a0prouve qu&#8217;une grande taille n&#8217;est pas n\u00e9cessaire pour offrir une grande clart\u00e9 didactique, s&#8217;imposant comme l&#8217;<strong class=\"Yjhzub\" data-complete=\"true\">outil de poche parfait<\/strong>\u00a0pour la vulgarisation scientifique.<\/div>\n","protected":false},"excerpt":{"rendered":"<p>Mod\u00e8le de torse humain de 26 cm (15 parties) :  [&#8230;]<\/p>\n","protected":false},"featured_media":36754,"template":"","meta":[],"product_brand":[],"product_cat":[724],"product_tag":[],"class_list":{"0":"post-28600","1":"product","2":"type-product","3":"status-publish","4":"has-post-thumbnail","6":"product_cat-modelesm-fr","7":"pa_formacion-medicina-fr","9":"first","10":"instock","11":"taxable","12":"shipping-taxable","13":"purchasable","14":"product-type-simple"},"yoast_head":"<!-- This site is optimized with the Yoast SEO Premium plugin v27.0 (Yoast SEO v27.4) - https:\/\/yoast.com\/product\/yoast-seo-premium-wordpress\/ -->\n<title>MOD\u00c8LE DE TORSE HUMAIN DE 26 CM - yoestudiosalud.es<\/title>\n<meta name=\"description\" content=\"Apprenez l\u2019anatomie partout ! Torse de 26 cm avec 15 pi\u00e8ces d\u00e9tachables. Pr\u00e9cis, compact et durable.\" \/>\n<meta name=\"robots\" content=\"index, follow, max-snippet:-1, max-image-preview:large, max-video-preview:-1\" \/>\n<link rel=\"canonical\" href=\"https:\/\/yoestudiosalud.es\/produit\/modelo-torso-unisex-26-cm\/\" \/>\n<meta property=\"og:locale\" content=\"fr_FR\" \/>\n<meta property=\"og:type\" content=\"article\" \/>\n<meta property=\"og:title\" content=\"MOD\u00c8LE DE TORSE HUMAIN DE 26 CM\" \/>\n<meta property=\"og:description\" content=\"Apprenez l\u2019anatomie partout ! Torse de 26 cm avec 15 pi\u00e8ces d\u00e9tachables. Pr\u00e9cis, compact et durable.\" \/>\n<meta property=\"og:url\" content=\"https:\/\/yoestudiosalud.es\/produit\/modelo-torso-unisex-26-cm\/\" \/>\n<meta property=\"og:site_name\" content=\"yoestudiosalud.es\" \/>\n<meta property=\"article:modified_time\" content=\"2026-02-18T16:26:53+00:00\" \/>\n<meta property=\"og:image\" content=\"https:\/\/yoestudiosalud.es\/wp-content\/uploads\/2018\/08\/001203A.webp\" \/>\n\t<meta property=\"og:image:width\" content=\"650\" \/>\n\t<meta property=\"og:image:height\" content=\"650\" \/>\n\t<meta property=\"og:image:type\" content=\"image\/webp\" \/>\n<meta name=\"twitter:card\" content=\"summary_large_image\" \/>\n<meta name=\"twitter:label1\" content=\"Dur\u00e9e de lecture estim\u00e9e\" \/>\n\t<meta name=\"twitter:data1\" content=\"2 minutes\" \/>\n<script type=\"application\/ld+json\" class=\"yoast-schema-graph\">{\"@context\":\"https:\\\/\\\/schema.org\",\"@graph\":[{\"@type\":\"WebPage\",\"@id\":\"https:\\\/\\\/yoestudiosalud.es\\\/produit\\\/modelo-torso-unisex-26-cm\\\/\",\"url\":\"https:\\\/\\\/yoestudiosalud.es\\\/produit\\\/modelo-torso-unisex-26-cm\\\/\",\"name\":\"MOD\u00c8LE DE TORSE HUMAIN DE 26 CM - yoestudiosalud.es\",\"isPartOf\":{\"@id\":\"https:\\\/\\\/yoestudiosalud.es\\\/en\\\/#website\"},\"primaryImageOfPage\":{\"@id\":\"https:\\\/\\\/yoestudiosalud.es\\\/produit\\\/modelo-torso-unisex-26-cm\\\/#primaryimage\"},\"image\":{\"@id\":\"https:\\\/\\\/yoestudiosalud.es\\\/produit\\\/modelo-torso-unisex-26-cm\\\/#primaryimage\"},\"thumbnailUrl\":\"https:\\\/\\\/yoestudiosalud.es\\\/wp-content\\\/uploads\\\/2018\\\/08\\\/001203A.webp\",\"datePublished\":\"2018-08-02T16:47:54+00:00\",\"dateModified\":\"2026-02-18T16:26:53+00:00\",\"description\":\"Apprenez l\u2019anatomie partout ! Torse de 26 cm avec 15 pi\u00e8ces d\u00e9tachables. Pr\u00e9cis, compact et durable.\",\"breadcrumb\":{\"@id\":\"https:\\\/\\\/yoestudiosalud.es\\\/produit\\\/modelo-torso-unisex-26-cm\\\/#breadcrumb\"},\"inLanguage\":\"fr-FR\",\"potentialAction\":[{\"@type\":\"ReadAction\",\"target\":[\"https:\\\/\\\/yoestudiosalud.es\\\/produit\\\/modelo-torso-unisex-26-cm\\\/\"]}]},{\"@type\":\"ImageObject\",\"inLanguage\":\"fr-FR\",\"@id\":\"https:\\\/\\\/yoestudiosalud.es\\\/produit\\\/modelo-torso-unisex-26-cm\\\/#primaryimage\",\"url\":\"https:\\\/\\\/yoestudiosalud.es\\\/wp-content\\\/uploads\\\/2018\\\/08\\\/001203A.webp\",\"contentUrl\":\"https:\\\/\\\/yoestudiosalud.es\\\/wp-content\\\/uploads\\\/2018\\\/08\\\/001203A.webp\",\"width\":650,\"height\":650,\"caption\":\"MOD\u00c8LE DE TORSE HUMAIN DE 26 CM\"},{\"@type\":\"BreadcrumbList\",\"@id\":\"https:\\\/\\\/yoestudiosalud.es\\\/produit\\\/modelo-torso-unisex-26-cm\\\/#breadcrumb\",\"itemListElement\":[{\"@type\":\"ListItem\",\"position\":1,\"name\":\"Portada\",\"item\":\"https:\\\/\\\/yoestudiosalud.es\\\/fr\\\/\"},{\"@type\":\"ListItem\",\"position\":2,\"name\":\"Boutique\",\"item\":\"https:\\\/\\\/yoestudiosalud.es\\\/fr\\\/boutique\\\/\"},{\"@type\":\"ListItem\",\"position\":3,\"name\":\"MOD\u00c8LE DE TORSE HUMAIN DE 26 CM\"}]},{\"@type\":\"WebSite\",\"@id\":\"https:\\\/\\\/yoestudiosalud.es\\\/en\\\/#website\",\"url\":\"https:\\\/\\\/yoestudiosalud.es\\\/en\\\/\",\"name\":\"yoestudiosalud.es\",\"description\":\"Material para estudiantes del sector salud\",\"publisher\":{\"@id\":\"https:\\\/\\\/yoestudiosalud.es\\\/en\\\/#organization\"},\"potentialAction\":[{\"@type\":\"SearchAction\",\"target\":{\"@type\":\"EntryPoint\",\"urlTemplate\":\"https:\\\/\\\/yoestudiosalud.es\\\/en\\\/?s={search_term_string}\"},\"query-input\":{\"@type\":\"PropertyValueSpecification\",\"valueRequired\":true,\"valueName\":\"search_term_string\"}}],\"inLanguage\":\"fr-FR\"},{\"@type\":\"Organization\",\"@id\":\"https:\\\/\\\/yoestudiosalud.es\\\/en\\\/#organization\",\"name\":\"yoestudiosalud.es\",\"url\":\"https:\\\/\\\/yoestudiosalud.es\\\/en\\\/\",\"logo\":{\"@type\":\"ImageObject\",\"inLanguage\":\"fr-FR\",\"@id\":\"https:\\\/\\\/yoestudiosalud.es\\\/en\\\/#\\\/schema\\\/logo\\\/image\\\/\",\"url\":\"https:\\\/\\\/yoestudiosalud.es\\\/wp-content\\\/uploads\\\/2020\\\/04\\\/logonew-e1698080827687.png\",\"contentUrl\":\"https:\\\/\\\/yoestudiosalud.es\\\/wp-content\\\/uploads\\\/2020\\\/04\\\/logonew-e1698080827687.png\",\"width\":421,\"height\":393,\"caption\":\"yoestudiosalud.es\"},\"image\":{\"@id\":\"https:\\\/\\\/yoestudiosalud.es\\\/en\\\/#\\\/schema\\\/logo\\\/image\\\/\"}}]}<\/script>\n<!-- \/ Yoast SEO Premium plugin. -->","yoast_head_json":{"title":"MOD\u00c8LE DE TORSE HUMAIN DE 26 CM - yoestudiosalud.es","description":"Apprenez l\u2019anatomie partout ! Torse de 26 cm avec 15 pi\u00e8ces d\u00e9tachables. Pr\u00e9cis, compact et durable.","robots":{"index":"index","follow":"follow","max-snippet":"max-snippet:-1","max-image-preview":"max-image-preview:large","max-video-preview":"max-video-preview:-1"},"canonical":"https:\/\/yoestudiosalud.es\/produit\/modelo-torso-unisex-26-cm\/","og_locale":"fr_FR","og_type":"article","og_title":"MOD\u00c8LE DE TORSE HUMAIN DE 26 CM","og_description":"Apprenez l\u2019anatomie partout ! Torse de 26 cm avec 15 pi\u00e8ces d\u00e9tachables. Pr\u00e9cis, compact et durable.","og_url":"https:\/\/yoestudiosalud.es\/produit\/modelo-torso-unisex-26-cm\/","og_site_name":"yoestudiosalud.es","article_modified_time":"2026-02-18T16:26:53+00:00","og_image":[{"width":650,"height":650,"url":"https:\/\/yoestudiosalud.es\/wp-content\/uploads\/2018\/08\/001203A.webp","type":"image\/webp"}],"twitter_card":"summary_large_image","twitter_misc":{"Dur\u00e9e de lecture estim\u00e9e":"2 minutes"},"schema":{"@context":"https:\/\/schema.org","@graph":[{"@type":"WebPage","@id":"https:\/\/yoestudiosalud.es\/produit\/modelo-torso-unisex-26-cm\/","url":"https:\/\/yoestudiosalud.es\/produit\/modelo-torso-unisex-26-cm\/","name":"MOD\u00c8LE DE TORSE HUMAIN DE 26 CM - yoestudiosalud.es","isPartOf":{"@id":"https:\/\/yoestudiosalud.es\/en\/#website"},"primaryImageOfPage":{"@id":"https:\/\/yoestudiosalud.es\/produit\/modelo-torso-unisex-26-cm\/#primaryimage"},"image":{"@id":"https:\/\/yoestudiosalud.es\/produit\/modelo-torso-unisex-26-cm\/#primaryimage"},"thumbnailUrl":"https:\/\/yoestudiosalud.es\/wp-content\/uploads\/2018\/08\/001203A.webp","datePublished":"2018-08-02T16:47:54+00:00","dateModified":"2026-02-18T16:26:53+00:00","description":"Apprenez l\u2019anatomie partout ! Torse de 26 cm avec 15 pi\u00e8ces d\u00e9tachables. Pr\u00e9cis, compact et durable.","breadcrumb":{"@id":"https:\/\/yoestudiosalud.es\/produit\/modelo-torso-unisex-26-cm\/#breadcrumb"},"inLanguage":"fr-FR","potentialAction":[{"@type":"ReadAction","target":["https:\/\/yoestudiosalud.es\/produit\/modelo-torso-unisex-26-cm\/"]}]},{"@type":"ImageObject","inLanguage":"fr-FR","@id":"https:\/\/yoestudiosalud.es\/produit\/modelo-torso-unisex-26-cm\/#primaryimage","url":"https:\/\/yoestudiosalud.es\/wp-content\/uploads\/2018\/08\/001203A.webp","contentUrl":"https:\/\/yoestudiosalud.es\/wp-content\/uploads\/2018\/08\/001203A.webp","width":650,"height":650,"caption":"MOD\u00c8LE DE TORSE HUMAIN DE 26 CM"},{"@type":"BreadcrumbList","@id":"https:\/\/yoestudiosalud.es\/produit\/modelo-torso-unisex-26-cm\/#breadcrumb","itemListElement":[{"@type":"ListItem","position":1,"name":"Portada","item":"https:\/\/yoestudiosalud.es\/fr\/"},{"@type":"ListItem","position":2,"name":"Boutique","item":"https:\/\/yoestudiosalud.es\/fr\/boutique\/"},{"@type":"ListItem","position":3,"name":"MOD\u00c8LE DE TORSE HUMAIN DE 26 CM"}]},{"@type":"WebSite","@id":"https:\/\/yoestudiosalud.es\/en\/#website","url":"https:\/\/yoestudiosalud.es\/en\/","name":"yoestudiosalud.es","description":"Material para estudiantes del sector salud","publisher":{"@id":"https:\/\/yoestudiosalud.es\/en\/#organization"},"potentialAction":[{"@type":"SearchAction","target":{"@type":"EntryPoint","urlTemplate":"https:\/\/yoestudiosalud.es\/en\/?s={search_term_string}"},"query-input":{"@type":"PropertyValueSpecification","valueRequired":true,"valueName":"search_term_string"}}],"inLanguage":"fr-FR"},{"@type":"Organization","@id":"https:\/\/yoestudiosalud.es\/en\/#organization","name":"yoestudiosalud.es","url":"https:\/\/yoestudiosalud.es\/en\/","logo":{"@type":"ImageObject","inLanguage":"fr-FR","@id":"https:\/\/yoestudiosalud.es\/en\/#\/schema\/logo\/image\/","url":"https:\/\/yoestudiosalud.es\/wp-content\/uploads\/2020\/04\/logonew-e1698080827687.png","contentUrl":"https:\/\/yoestudiosalud.es\/wp-content\/uploads\/2020\/04\/logonew-e1698080827687.png","width":421,"height":393,"caption":"yoestudiosalud.es"},"image":{"@id":"https:\/\/yoestudiosalud.es\/en\/#\/schema\/logo\/image\/"}}]}},"_links":{"self":[{"href":"https:\/\/yoestudiosalud.es\/fr\/wp-json\/wp\/v2\/product\/28600","targetHints":{"allow":["GET"]}}],"collection":[{"href":"https:\/\/yoestudiosalud.es\/fr\/wp-json\/wp\/v2\/product"}],"about":[{"href":"https:\/\/yoestudiosalud.es\/fr\/wp-json\/wp\/v2\/types\/product"}],"wp:featuredmedia":[{"embeddable":true,"href":"https:\/\/yoestudiosalud.es\/fr\/wp-json\/wp\/v2\/media\/36754"}],"wp:attachment":[{"href":"https:\/\/yoestudiosalud.es\/fr\/wp-json\/wp\/v2\/media?parent=28600"}],"wp:term":[{"taxonomy":"product_brand","embeddable":true,"href":"https:\/\/yoestudiosalud.es\/fr\/wp-json\/wp\/v2\/product_brand?post=28600"},{"taxonomy":"product_cat","embeddable":true,"href":"https:\/\/yoestudiosalud.es\/fr\/wp-json\/wp\/v2\/product_cat?post=28600"},{"taxonomy":"product_tag","embeddable":true,"href":"https:\/\/yoestudiosalud.es\/fr\/wp-json\/wp\/v2\/product_tag?post=28600"}],"curies":[{"name":"wp","href":"https:\/\/api.w.org\/{rel}","templated":true}]}}