{"id":28596,"date":"2018-08-02T16:47:54","date_gmt":"2018-08-02T16:47:54","guid":{"rendered":"https:\/\/yoestudiosalud.es\/producto\/modele-de-cerveau-humain\/"},"modified":"2018-08-02T16:47:54","modified_gmt":"2018-08-02T16:47:54","slug":"modele-de-cerveau-humain","status":"publish","type":"product","link":"https:\/\/yoestudiosalud.es\/fr\/produit\/modele-de-cerveau-humain\/","title":{"rendered":"MOD\u00c8LE DE CERVEAU HUMAIN"},"content":{"rendered":"<p>Le mod\u00e8le anatomique du cerveau humain aide \u00e0 comprendre correctement les caract\u00e9ristiques externes du cerveau et son approvisionnement art\u00e9riel dans son ensemble, ainsi que les relations entre ses composants. Il permet de d\u00e9crire les caract\u00e9ristiques externes du cerveau, telles que l&#8217;h\u00e9misph\u00e8re central, le tronc c\u00e9r\u00e9bral, les fontaines, les art\u00e8res, les art\u00e8res carotides internes. Dissectible en 3 parties. Fabriqu\u00e9 en PVC. Dimensions : 184 x 140 x 135 mm.<\/p>\n","protected":false},"excerpt":{"rendered":"<p>Le mod\u00e8le anatomique du cerveau humain aide \u00e0 comprendre correctement les caract\u00e9ristiques externes du cerveau et son approvisionnement art\u00e9riel dans son ensemble, ainsi que les relations entre ses composants. Il permet de d\u00e9crire les caract\u00e9ristiques externes du cerveau, telles que l&#8217;h\u00e9misph\u00e8re central, le tronc c\u00e9r\u00e9bral, les fontaines, les art\u00e8res, les art\u00e8res carotides internes. Dissectible en 3 parties. Fabriqu\u00e9 en PVC. Dimensions : 184 x 140 x 135 mm.<\/p>\n","protected":false},"featured_media":28597,"template":"","meta":[],"product_brand":[],"product_cat":[724],"product_tag":[],"class_list":{"0":"post-28596","1":"product","2":"type-product","3":"status-publish","4":"has-post-thumbnail","6":"product_cat-modelesm-fr","7":"pa_formacion-medicina-fr","9":"first","10":"instock","11":"sale","12":"taxable","13":"shipping-taxable","14":"purchasable","15":"product-type-simple"},"yoast_head":"<!-- This site is optimized with the Yoast SEO Premium plugin v27.0 (Yoast SEO v27.2) - https:\/\/yoast.com\/product\/yoast-seo-premium-wordpress\/ -->\n<title>MOD\u00c8LE DE CERVEAU HUMAIN - yoestudiosalud.es dep\u00f3sito m\u00e9dico<\/title>\n<meta name=\"description\" content=\"Le mod\u00e8le anatomique du cerveau humain aide \u00e0 comprendre correctement les caract\u00e9ristiques externes du cerveau et son approvisionnement art\u00e9riel dans son ensemble, ainsi que les relations entre ses composants.\" \/>\n<meta name=\"robots\" content=\"index, follow, max-snippet:-1, max-image-preview:large, max-video-preview:-1\" \/>\n<link rel=\"canonical\" href=\"https:\/\/yoestudiosalud.es\/produit\/modelo-cerebro-humano\/\" \/>\n<meta property=\"og:locale\" content=\"fr_FR\" \/>\n<meta property=\"og:type\" content=\"article\" \/>\n<meta property=\"og:title\" content=\"MOD\u00c8LE DE CERVEAU HUMAIN\" \/>\n<meta property=\"og:description\" content=\"Le mod\u00e8le anatomique du cerveau humain aide \u00e0 comprendre correctement les caract\u00e9ristiques externes du cerveau et son approvisionnement art\u00e9riel dans son ensemble, ainsi que les relations entre ses composants.\" \/>\n<meta property=\"og:url\" content=\"https:\/\/yoestudiosalud.es\/produit\/modelo-cerebro-humano\/\" \/>\n<meta property=\"og:site_name\" content=\"yoestudiosalud.es\" \/>\n<meta property=\"og:image\" content=\"https:\/\/yoestudiosalud.es\/wp-content\/uploads\/2018\/08\/001208B.jpg\" \/>\n\t<meta property=\"og:image:width\" content=\"650\" \/>\n\t<meta property=\"og:image:height\" content=\"650\" \/>\n\t<meta property=\"og:image:type\" content=\"image\/jpeg\" \/>\n<meta name=\"twitter:card\" content=\"summary_large_image\" \/>\n<script type=\"application\/ld+json\" class=\"yoast-schema-graph\">{\"@context\":\"https:\/\/schema.org\",\"@graph\":[{\"@type\":\"WebPage\",\"@id\":\"https:\/\/yoestudiosalud.es\/produit\/modelo-cerebro-humano\/\",\"url\":\"https:\/\/yoestudiosalud.es\/produit\/modelo-cerebro-humano\/\",\"name\":\"MOD\u00c8LE DE CERVEAU HUMAIN - yoestudiosalud.es dep\u00f3sito m\u00e9dico\",\"isPartOf\":{\"@id\":\"https:\/\/yoestudiosalud.es\/en\/#website\"},\"primaryImageOfPage\":{\"@id\":\"https:\/\/yoestudiosalud.es\/produit\/modelo-cerebro-humano\/#primaryimage\"},\"image\":{\"@id\":\"https:\/\/yoestudiosalud.es\/produit\/modelo-cerebro-humano\/#primaryimage\"},\"thumbnailUrl\":\"https:\/\/yoestudiosalud.es\/wp-content\/uploads\/2018\/08\/001208B.jpg\",\"datePublished\":\"2018-08-02T16:47:54+00:00\",\"description\":\"Le mod\u00e8le anatomique du cerveau humain aide \u00e0 comprendre correctement les caract\u00e9ristiques externes du cerveau et son approvisionnement art\u00e9riel dans son ensemble, ainsi que les relations entre ses composants.\",\"breadcrumb\":{\"@id\":\"https:\/\/yoestudiosalud.es\/produit\/modelo-cerebro-humano\/#breadcrumb\"},\"inLanguage\":\"fr-FR\",\"potentialAction\":[{\"@type\":\"ReadAction\",\"target\":[\"https:\/\/yoestudiosalud.es\/produit\/modelo-cerebro-humano\/\"]}]},{\"@type\":\"ImageObject\",\"inLanguage\":\"fr-FR\",\"@id\":\"https:\/\/yoestudiosalud.es\/produit\/modelo-cerebro-humano\/#primaryimage\",\"url\":\"https:\/\/yoestudiosalud.es\/wp-content\/uploads\/2018\/08\/001208B.jpg\",\"contentUrl\":\"https:\/\/yoestudiosalud.es\/wp-content\/uploads\/2018\/08\/001208B.jpg\",\"width\":650,\"height\":650,\"caption\":\"MOD\u00c8LE DE CERVEAU HUMAIN\"},{\"@type\":\"BreadcrumbList\",\"@id\":\"https:\/\/yoestudiosalud.es\/produit\/modelo-cerebro-humano\/#breadcrumb\",\"itemListElement\":[{\"@type\":\"ListItem\",\"position\":1,\"name\":\"Portada\",\"item\":\"https:\/\/yoestudiosalud.es\/fr\/\"},{\"@type\":\"ListItem\",\"position\":2,\"name\":\"Boutique\",\"item\":\"https:\/\/yoestudiosalud.es\/fr\/boutique\/\"},{\"@type\":\"ListItem\",\"position\":3,\"name\":\"MOD\u00c8LE DE CERVEAU HUMAIN\"}]},{\"@type\":\"WebSite\",\"@id\":\"https:\/\/yoestudiosalud.es\/en\/#website\",\"url\":\"https:\/\/yoestudiosalud.es\/en\/\",\"name\":\"yoestudiosalud.es\",\"description\":\"Material para estudiantes del sector salud\",\"publisher\":{\"@id\":\"https:\/\/yoestudiosalud.es\/en\/#organization\"},\"potentialAction\":[{\"@type\":\"SearchAction\",\"target\":{\"@type\":\"EntryPoint\",\"urlTemplate\":\"https:\/\/yoestudiosalud.es\/en\/?s={search_term_string}\"},\"query-input\":{\"@type\":\"PropertyValueSpecification\",\"valueRequired\":true,\"valueName\":\"search_term_string\"}}],\"inLanguage\":\"fr-FR\"},{\"@type\":\"Organization\",\"@id\":\"https:\/\/yoestudiosalud.es\/en\/#organization\",\"name\":\"yoestudiosalud.es\",\"url\":\"https:\/\/yoestudiosalud.es\/en\/\",\"logo\":{\"@type\":\"ImageObject\",\"inLanguage\":\"fr-FR\",\"@id\":\"https:\/\/yoestudiosalud.es\/en\/#\/schema\/logo\/image\/\",\"url\":\"https:\/\/yoestudiosalud.es\/wp-content\/uploads\/2020\/04\/logonew-e1698080827687.png\",\"contentUrl\":\"https:\/\/yoestudiosalud.es\/wp-content\/uploads\/2020\/04\/logonew-e1698080827687.png\",\"width\":421,\"height\":393,\"caption\":\"yoestudiosalud.es\"},\"image\":{\"@id\":\"https:\/\/yoestudiosalud.es\/en\/#\/schema\/logo\/image\/\"}}]}<\/script>\n<!-- \/ Yoast SEO Premium plugin. -->","yoast_head_json":{"title":"MOD\u00c8LE DE CERVEAU HUMAIN - yoestudiosalud.es dep\u00f3sito m\u00e9dico","description":"Le mod\u00e8le anatomique du cerveau humain aide \u00e0 comprendre correctement les caract\u00e9ristiques externes du cerveau et son approvisionnement art\u00e9riel dans son ensemble, ainsi que les relations entre ses composants.","robots":{"index":"index","follow":"follow","max-snippet":"max-snippet:-1","max-image-preview":"max-image-preview:large","max-video-preview":"max-video-preview:-1"},"canonical":"https:\/\/yoestudiosalud.es\/produit\/modelo-cerebro-humano\/","og_locale":"fr_FR","og_type":"article","og_title":"MOD\u00c8LE DE CERVEAU HUMAIN","og_description":"Le mod\u00e8le anatomique du cerveau humain aide \u00e0 comprendre correctement les caract\u00e9ristiques externes du cerveau et son approvisionnement art\u00e9riel dans son ensemble, ainsi que les relations entre ses composants.","og_url":"https:\/\/yoestudiosalud.es\/produit\/modelo-cerebro-humano\/","og_site_name":"yoestudiosalud.es","og_image":[{"width":650,"height":650,"url":"https:\/\/yoestudiosalud.es\/wp-content\/uploads\/2018\/08\/001208B.jpg","type":"image\/jpeg"}],"twitter_card":"summary_large_image","schema":{"@context":"https:\/\/schema.org","@graph":[{"@type":"WebPage","@id":"https:\/\/yoestudiosalud.es\/produit\/modelo-cerebro-humano\/","url":"https:\/\/yoestudiosalud.es\/produit\/modelo-cerebro-humano\/","name":"MOD\u00c8LE DE CERVEAU HUMAIN - yoestudiosalud.es dep\u00f3sito m\u00e9dico","isPartOf":{"@id":"https:\/\/yoestudiosalud.es\/en\/#website"},"primaryImageOfPage":{"@id":"https:\/\/yoestudiosalud.es\/produit\/modelo-cerebro-humano\/#primaryimage"},"image":{"@id":"https:\/\/yoestudiosalud.es\/produit\/modelo-cerebro-humano\/#primaryimage"},"thumbnailUrl":"https:\/\/yoestudiosalud.es\/wp-content\/uploads\/2018\/08\/001208B.jpg","datePublished":"2018-08-02T16:47:54+00:00","description":"Le mod\u00e8le anatomique du cerveau humain aide \u00e0 comprendre correctement les caract\u00e9ristiques externes du cerveau et son approvisionnement art\u00e9riel dans son ensemble, ainsi que les relations entre ses composants.","breadcrumb":{"@id":"https:\/\/yoestudiosalud.es\/produit\/modelo-cerebro-humano\/#breadcrumb"},"inLanguage":"fr-FR","potentialAction":[{"@type":"ReadAction","target":["https:\/\/yoestudiosalud.es\/produit\/modelo-cerebro-humano\/"]}]},{"@type":"ImageObject","inLanguage":"fr-FR","@id":"https:\/\/yoestudiosalud.es\/produit\/modelo-cerebro-humano\/#primaryimage","url":"https:\/\/yoestudiosalud.es\/wp-content\/uploads\/2018\/08\/001208B.jpg","contentUrl":"https:\/\/yoestudiosalud.es\/wp-content\/uploads\/2018\/08\/001208B.jpg","width":650,"height":650,"caption":"MOD\u00c8LE DE CERVEAU HUMAIN"},{"@type":"BreadcrumbList","@id":"https:\/\/yoestudiosalud.es\/produit\/modelo-cerebro-humano\/#breadcrumb","itemListElement":[{"@type":"ListItem","position":1,"name":"Portada","item":"https:\/\/yoestudiosalud.es\/fr\/"},{"@type":"ListItem","position":2,"name":"Boutique","item":"https:\/\/yoestudiosalud.es\/fr\/boutique\/"},{"@type":"ListItem","position":3,"name":"MOD\u00c8LE DE CERVEAU HUMAIN"}]},{"@type":"WebSite","@id":"https:\/\/yoestudiosalud.es\/en\/#website","url":"https:\/\/yoestudiosalud.es\/en\/","name":"yoestudiosalud.es","description":"Material para estudiantes del sector salud","publisher":{"@id":"https:\/\/yoestudiosalud.es\/en\/#organization"},"potentialAction":[{"@type":"SearchAction","target":{"@type":"EntryPoint","urlTemplate":"https:\/\/yoestudiosalud.es\/en\/?s={search_term_string}"},"query-input":{"@type":"PropertyValueSpecification","valueRequired":true,"valueName":"search_term_string"}}],"inLanguage":"fr-FR"},{"@type":"Organization","@id":"https:\/\/yoestudiosalud.es\/en\/#organization","name":"yoestudiosalud.es","url":"https:\/\/yoestudiosalud.es\/en\/","logo":{"@type":"ImageObject","inLanguage":"fr-FR","@id":"https:\/\/yoestudiosalud.es\/en\/#\/schema\/logo\/image\/","url":"https:\/\/yoestudiosalud.es\/wp-content\/uploads\/2020\/04\/logonew-e1698080827687.png","contentUrl":"https:\/\/yoestudiosalud.es\/wp-content\/uploads\/2020\/04\/logonew-e1698080827687.png","width":421,"height":393,"caption":"yoestudiosalud.es"},"image":{"@id":"https:\/\/yoestudiosalud.es\/en\/#\/schema\/logo\/image\/"}}]}},"_links":{"self":[{"href":"https:\/\/yoestudiosalud.es\/fr\/wp-json\/wp\/v2\/product\/28596","targetHints":{"allow":["GET"]}}],"collection":[{"href":"https:\/\/yoestudiosalud.es\/fr\/wp-json\/wp\/v2\/product"}],"about":[{"href":"https:\/\/yoestudiosalud.es\/fr\/wp-json\/wp\/v2\/types\/product"}],"wp:featuredmedia":[{"embeddable":true,"href":"https:\/\/yoestudiosalud.es\/fr\/wp-json\/wp\/v2\/media\/28597"}],"wp:attachment":[{"href":"https:\/\/yoestudiosalud.es\/fr\/wp-json\/wp\/v2\/media?parent=28596"}],"wp:term":[{"taxonomy":"product_brand","embeddable":true,"href":"https:\/\/yoestudiosalud.es\/fr\/wp-json\/wp\/v2\/product_brand?post=28596"},{"taxonomy":"product_cat","embeddable":true,"href":"https:\/\/yoestudiosalud.es\/fr\/wp-json\/wp\/v2\/product_cat?post=28596"},{"taxonomy":"product_tag","embeddable":true,"href":"https:\/\/yoestudiosalud.es\/fr\/wp-json\/wp\/v2\/product_tag?post=28596"}],"curies":[{"name":"wp","href":"https:\/\/api.w.org\/{rel}","templated":true}]}}